{"id":18982,"date":"2022-03-29T15:03:57","date_gmt":"2022-03-29T13:03:57","guid":{"rendered":"https:\/\/www.prokol.com\/baeckerei-und-metzgereiboeden\/"},"modified":"2023-04-19T12:42:05","modified_gmt":"2023-04-19T10:42:05","slug":"baeckerei-und-metzgereiboeden","status":"publish","type":"page","link":"https:\/\/www.prokol.com\/de\/anwendungen\/industrie\/baeckerei-und-metzgereiboeden\/","title":{"rendered":"B\u00e4ckerei- und Metzgereib\u00f6den"},"content":{"rendered":"<div id='full_slider_1'  class='avia-fullwidth-slider main_color avia-shadow   avia-builder-el-0  el_before_av_three_fifth  avia-builder-el-first  vervolgslide  container_wrap fullsize'  >\n<style type=\"text\/css\" data-created_by=\"avia_inline_auto\" id=\"style-css-av-k4179f0p-acede921c93825f4aeea30d99a7ef583\">\n#top #wrap_all .avia-slideshow .av-slideshow-caption.av-k4179f0p-acede921c93825f4aeea30d99a7ef583__0 .avia-caption-title{\nfont-size:50px;\n}\n#top .avia-slideshow .av-slideshow-caption.av-k4179f0p-acede921c93825f4aeea30d99a7ef583__0 .avia-caption-content{\nfont-size:18px;\n}\n#top .avia-slideshow .av-slideshow-caption.av-k4179f0p-acede921c93825f4aeea30d99a7ef583__0 .avia-caption-content p{\nfont-size:18px;\n}\n\n@media only screen and (min-width: 768px) and (max-width: 989px){ \n#top .avia-slideshow .av-slideshow-caption.av-k4179f0p-acede921c93825f4aeea30d99a7ef583__0 .avia-caption-content{\ndisplay:none;\n}\n#top .avia-slideshow .av-slideshow-caption.av-k4179f0p-acede921c93825f4aeea30d99a7ef583__0 .avia-caption-content p{\ndisplay:none;\n}\n}\n\n@media only screen and (min-width: 480px) and (max-width: 767px){ \n#top .avia-slideshow .av-slideshow-caption.av-k4179f0p-acede921c93825f4aeea30d99a7ef583__0 .avia-caption-content{\ndisplay:none;\n}\n#top .avia-slideshow .av-slideshow-caption.av-k4179f0p-acede921c93825f4aeea30d99a7ef583__0 .avia-caption-content p{\ndisplay:none;\n}\n}\n\n@media only screen and (max-width: 479px){ \n#top .avia-slideshow .av-slideshow-caption.av-k4179f0p-acede921c93825f4aeea30d99a7ef583__0 .avia-caption-content{\ndisplay:none;\n}\n#top .avia-slideshow .av-slideshow-caption.av-k4179f0p-acede921c93825f4aeea30d99a7ef583__0 .avia-caption-content p{\ndisplay:none;\n}\n}\n<\/style>\n<div  class='avia-slideshow av-k4179f0p-acede921c93825f4aeea30d99a7ef583 avia-slideshow-featured av_slideshow_full avia-fade-slider vervolgslide av-slideshow-ui av-control-minimal av-slideshow-autoplay av-loop-endless av-loop-manual-endless av-default-height-applied   avia-slideshow-1' data-slideshow-options=\"{&quot;animation&quot;:&quot;fade&quot;,&quot;autoplay&quot;:true,&quot;loop_autoplay&quot;:&quot;endless&quot;,&quot;interval&quot;:5,&quot;loop_manual&quot;:&quot;manual-endless&quot;,&quot;autoplay_stopper&quot;:false,&quot;noNavigation&quot;:false,&quot;bg_slider&quot;:false,&quot;keep_padding&quot;:false,&quot;hoverpause&quot;:false,&quot;show_slide_delay&quot;:0}\"  itemprop=\"image\" itemscope=\"itemscope\" itemtype=\"https:\/\/schema.org\/ImageObject\" ><ul class='avia-slideshow-inner ' style='padding-bottom: 28.666666666667%;'><li  class='avia-slideshow-slide av-k4179f0p-acede921c93825f4aeea30d99a7ef583__0  av-single-slide slide-1 slide-odd'><div data-rel='slideshow-1' class='avia-slide-wrap '   ><div class='av-slideshow-caption av-k4179f0p-acede921c93825f4aeea30d99a7ef583__0 caption_fullwidth caption_left'><div class=\"container caption_container\"><div class=\"slideshow_caption\"><div class=\"slideshow_inner_caption\"><div class=\"slideshow_align_caption\"><h2 class='avia-caption-title '  itemprop=\"name\" ><span style=\"color: #df4c23;\">-<\/span><br \/>\nB\u00e4ckerei- und Metzgereib\u00f6den<\/h2><div class='avia-caption-content '  itemprop=\"description\" ><p>Hochwertige Boden- und Wandbel\u00e4ge<\/p>\n<\/div><\/div><\/div><\/div><\/div><\/div><img decoding=\"async\" fetchpriority=\"high\" class=\"wp-image-7483 avia-img-lazy-loading-not-7483\"  src=\"https:\/\/www.prokol.com\/wp-content\/uploads\/Koekjesfabriek-1-1500x430.jpg\" width=\"1500\" height=\"430\" title='Koekjesfabriek' alt=''  itemprop=\"thumbnailUrl\" srcset=\"https:\/\/www.prokol.com\/wp-content\/uploads\/Koekjesfabriek-1.jpg 1500w, https:\/\/www.prokol.com\/wp-content\/uploads\/Koekjesfabriek-1-600x172.jpg 600w, https:\/\/www.prokol.com\/wp-content\/uploads\/Koekjesfabriek-1-300x86.jpg 300w, https:\/\/www.prokol.com\/wp-content\/uploads\/Koekjesfabriek-1-1030x295.jpg 1030w, https:\/\/www.prokol.com\/wp-content\/uploads\/Koekjesfabriek-1-768x220.jpg 768w, https:\/\/www.prokol.com\/wp-content\/uploads\/Koekjesfabriek-1-705x202.jpg 705w\" sizes=\"(max-width: 1500px) 100vw, 1500px\" \/><div class='av-section-color-overlay' style='opacity: 0.5; background-image: url(https:\/\/www.prokol.com\/wp-content\/uploads\/2019\/12\/Overlay.png); background-repeat: repeat;'><\/div><\/div><\/li><\/ul><\/div><\/div><div id='after_full_slider_1'  class='main_color av_default_container_wrap container_wrap fullsize'  ><div class='container av-section-cont-open' ><div class='template-page content  av-content-full alpha units'><div class='post-entry post-entry-type-page post-entry-18982'><div class='entry-content-wrapper clearfix'>\n\n<style type=\"text\/css\" data-created_by=\"avia_inline_auto\" id=\"style-css-av-mir7d-076b1aa2e9a00ad00d5728ea181b7e4d\">\n.flex_column.av-mir7d-076b1aa2e9a00ad00d5728ea181b7e4d{\nborder-radius:0px 0px 0px 0px;\npadding:0px 0px 0px 0px;\n}\n<\/style>\n<div  class='flex_column av-mir7d-076b1aa2e9a00ad00d5728ea181b7e4d av_three_fifth  avia-builder-el-1  el_after_av_slideshow_full  el_before_av_two_fifth  avia-builder-el-first  first flex_column_div av-zero-column-padding  '     ><section  class='av_textblock_section av-kde9cj1t-733622bddd2480cffdd6c27dc22482a0 '   itemscope=\"itemscope\" itemtype=\"https:\/\/schema.org\/CreativeWork\" ><div class='avia_textblock'  itemprop=\"text\" ><h5>Unsere B\u00f6den und W\u00e4nde erf\u00fcllen m\u00fchelos die h\u00f6chsten Anforderungen.<\/h5>\n<p>In einer B\u00e4ckerei oder Metzgerei werden hohe Anforderungen an B\u00f6den und W\u00e4nde gestellt. Sie m\u00fcssen Hitze, K\u00e4lte und den dort verarbeiteten Stoffen widerstehen k\u00f6nnen. Ein Boden darf nicht rutschig sein und muss den Hygienevorschriften entsprechen. Die W\u00e4nde m\u00fcssen leicht zu reinigen sein. Ein Boden- oder Wandbelag von Prokol ist daf\u00fcr oft die ideale L\u00f6sung und entspricht den Anforderungen und W\u00fcnschen der Kunden.<\/p>\n<p>Unsere nahtlosen Kunststoffe sind fl\u00fcssigkeitsdicht, robust und verschlei\u00dffest. Prokol bietet qualitativ hochwertige, geeignete Kunststoffbeschichtungen, die den HACCP-Richtlinien entsprechen. Dadurch k\u00f6nnen B\u00f6den und W\u00e4nde nahtlos ineinander \u00fcbergehen, ohne dass Fugen erforderlich sind.<\/p>\n<h5>Schnell installiert<\/h5>\n<p>Neben den praktischen, technischen und gesetzlichen Anforderungen haben Sie auch individuelle W\u00fcnsche f\u00fcr Ihren neuen Boden oder Ihre neue Wand. Die Berater von Prokol besprechen diese gerne mit Ihnen, damit die perfekte Ausf\u00fchrung gemeinsam zusammengestellt werden kann. Um eine Stagnation Ihres Gesch\u00e4ftsprozesses zu verhindern, k\u00f6nnen wir mit schnellen Systemen arbeiten. Diese Systeme k\u00f6nnen oft innerhalb eines Tages wieder in Gebrauch genommen werden.<\/p>\n<p>Die fugenlosen Boden- und Wandbel\u00e4ge von Prokol k\u00f6nnen unter anderem in Vorbereitungs- und Kochbereichen, Verarbeitungsbereichen, Verpackungsbereichen sowie K\u00fchl- und Gefrierzellen eingesetzt werden.<\/p>\n<p>Diese Verarbeitungen haben (unter anderem) die folgenden Eigenschaften<\/p>\n<ul>\n<li>Einhaltung der HACCP-Richtlinien<br \/>\nNahtlos und schnell belastbar<br \/>\nRutschfest und daher sicher<br \/>\nFl\u00fcssigkeitsdicht und staubfrei<br \/>\nAbriebfest<br \/>\nWartungsarm<br \/>\nErh\u00e4ltlich in vielen (RAL-)Farben<\/li>\n<\/ul>\n<\/div><\/section><\/div>\n\n<style type=\"text\/css\" data-created_by=\"avia_inline_auto\" id=\"style-css-av-hgjsh-4ad6bf0d2fc62696990cb6c5e6302c63\">\n.flex_column.av-hgjsh-4ad6bf0d2fc62696990cb6c5e6302c63{\nborder-radius:0px 0px 0px 0px;\npadding:0px 0px 0px 0px;\n}\n<\/style>\n<div  class='flex_column av-hgjsh-4ad6bf0d2fc62696990cb6c5e6302c63 av_two_fifth  avia-builder-el-3  el_after_av_three_fifth  avia-builder-el-last  flex_column_div av-zero-column-padding  '     ><p>\n<style type=\"text\/css\" data-created_by=\"avia_inline_auto\" id=\"style-css-av-kde9de9x-e073f1656dba117717ff454235751f02\">\n.avia-image-container.av-kde9de9x-e073f1656dba117717ff454235751f02 img.avia_image{\nbox-shadow:none;\n}\n.avia-image-container.av-kde9de9x-e073f1656dba117717ff454235751f02 .av-image-caption-overlay-center{\ncolor:#ffffff;\n}\n<\/style>\n<div  class='avia-image-container av-kde9de9x-e073f1656dba117717ff454235751f02 av-styling- avia-align-left  avia-builder-el-4  el_before_av_image  avia-builder-el-first '   itemprop=\"image\" itemscope=\"itemscope\" itemtype=\"https:\/\/schema.org\/ImageObject\" ><div class=\"avia-image-container-inner\"><div class=\"avia-image-overlay-wrap\"><a href=\"https:\/\/www.prokol.com\/wp-content\/uploads\/Slachthuis_stockfoto-bewerkt-en-uitgesneden-1030x773.jpg\" data-srcset=\"https:\/\/www.prokol.com\/wp-content\/uploads\/Slachthuis_stockfoto-bewerkt-en-uitgesneden-1030x773.jpg 1030w, https:\/\/www.prokol.com\/wp-content\/uploads\/Slachthuis_stockfoto-bewerkt-en-uitgesneden-600x450.jpg 600w, https:\/\/www.prokol.com\/wp-content\/uploads\/Slachthuis_stockfoto-bewerkt-en-uitgesneden-300x225.jpg 300w, https:\/\/www.prokol.com\/wp-content\/uploads\/Slachthuis_stockfoto-bewerkt-en-uitgesneden-768x576.jpg 768w, https:\/\/www.prokol.com\/wp-content\/uploads\/Slachthuis_stockfoto-bewerkt-en-uitgesneden-1536x1153.jpg 1536w, https:\/\/www.prokol.com\/wp-content\/uploads\/Slachthuis_stockfoto-bewerkt-en-uitgesneden-1500x1126.jpg 1500w, https:\/\/www.prokol.com\/wp-content\/uploads\/Slachthuis_stockfoto-bewerkt-en-uitgesneden-705x529.jpg 705w, https:\/\/www.prokol.com\/wp-content\/uploads\/Slachthuis_stockfoto-bewerkt-en-uitgesneden.jpg 1632w\" data-sizes=\"(max-width: 1030px) 100vw, 1030px\" class='avia_image'  aria-label='Slachthuis_stockfoto bewerkt en uitgesneden'><img decoding=\"async\" fetchpriority=\"high\" class='wp-image-7463 avia-img-lazy-loading-not-7463 avia_image ' src=\"https:\/\/www.prokol.com\/wp-content\/uploads\/Slachthuis_stockfoto-bewerkt-en-uitgesneden-180x180.jpg\" alt='' title='Slachthuis_stockfoto bewerkt en uitgesneden'  height=\"180\" width=\"180\"  itemprop=\"thumbnailUrl\" srcset=\"https:\/\/www.prokol.com\/wp-content\/uploads\/Slachthuis_stockfoto-bewerkt-en-uitgesneden-180x180.jpg 180w, https:\/\/www.prokol.com\/wp-content\/uploads\/Slachthuis_stockfoto-bewerkt-en-uitgesneden-300x300.jpg 300w, https:\/\/www.prokol.com\/wp-content\/uploads\/Slachthuis_stockfoto-bewerkt-en-uitgesneden-100x100.jpg 100w, https:\/\/www.prokol.com\/wp-content\/uploads\/Slachthuis_stockfoto-bewerkt-en-uitgesneden-80x80.jpg 80w, https:\/\/www.prokol.com\/wp-content\/uploads\/Slachthuis_stockfoto-bewerkt-en-uitgesneden-36x36.jpg 36w\" sizes=\"(max-width: 180px) 100vw, 180px\" \/><\/a><\/div><\/div><\/div><br \/>\n\n<style type=\"text\/css\" data-created_by=\"avia_inline_auto\" id=\"style-css-av-kde9de9x-2eb3c70d1dedcae84c0d1ea8f6bbdf03\">\n.avia-image-container.av-kde9de9x-2eb3c70d1dedcae84c0d1ea8f6bbdf03 img.avia_image{\nbox-shadow:none;\n}\n.avia-image-container.av-kde9de9x-2eb3c70d1dedcae84c0d1ea8f6bbdf03 .av-image-caption-overlay-center{\ncolor:#ffffff;\n}\n<\/style>\n<div  class='avia-image-container av-kde9de9x-2eb3c70d1dedcae84c0d1ea8f6bbdf03 av-styling- avia-align-left  avia-builder-el-5  el_after_av_image  el_before_av_image '   itemprop=\"image\" itemscope=\"itemscope\" itemtype=\"https:\/\/schema.org\/ImageObject\" ><div class=\"avia-image-container-inner\"><div class=\"avia-image-overlay-wrap\"><a href=\"https:\/\/www.prokol.com\/wp-content\/uploads\/Koekjesfabriek-1030x685.jpg\" data-srcset=\"https:\/\/www.prokol.com\/wp-content\/uploads\/Koekjesfabriek-1030x685.jpg 1030w, https:\/\/www.prokol.com\/wp-content\/uploads\/Koekjesfabriek-scaled-600x399.jpg 600w, https:\/\/www.prokol.com\/wp-content\/uploads\/Koekjesfabriek-300x199.jpg 300w, https:\/\/www.prokol.com\/wp-content\/uploads\/Koekjesfabriek-768x511.jpg 768w, https:\/\/www.prokol.com\/wp-content\/uploads\/Koekjesfabriek-1536x1021.jpg 1536w, https:\/\/www.prokol.com\/wp-content\/uploads\/Koekjesfabriek-2048x1362.jpg 2048w, https:\/\/www.prokol.com\/wp-content\/uploads\/Koekjesfabriek-1500x997.jpg 1500w, https:\/\/www.prokol.com\/wp-content\/uploads\/Koekjesfabriek-705x469.jpg 705w\" data-sizes=\"(max-width: 1030px) 100vw, 1030px\" class='avia_image'  aria-label='Koekjesfabriek'><img decoding=\"async\" fetchpriority=\"high\" class='wp-image-7459 avia-img-lazy-loading-not-7459 avia_image ' src=\"https:\/\/www.prokol.com\/wp-content\/uploads\/Koekjesfabriek-180x180.jpg\" alt='' title='Koekjesfabriek'  height=\"180\" width=\"180\"  itemprop=\"thumbnailUrl\" srcset=\"https:\/\/www.prokol.com\/wp-content\/uploads\/Koekjesfabriek-180x180.jpg 180w, https:\/\/www.prokol.com\/wp-content\/uploads\/Koekjesfabriek-scaled-300x300.jpg 300w, https:\/\/www.prokol.com\/wp-content\/uploads\/Koekjesfabriek-scaled-100x100.jpg 100w, https:\/\/www.prokol.com\/wp-content\/uploads\/Koekjesfabriek-80x80.jpg 80w, https:\/\/www.prokol.com\/wp-content\/uploads\/Koekjesfabriek-36x36.jpg 36w\" sizes=\"(max-width: 180px) 100vw, 180px\" \/><\/a><\/div><\/div><\/div><br \/>\n\n<style type=\"text\/css\" data-created_by=\"avia_inline_auto\" id=\"style-css-av-kde9dv3w-aef630391c43492d5c2bd4c7bd67401c\">\n.avia-image-container.av-kde9dv3w-aef630391c43492d5c2bd4c7bd67401c img.avia_image{\nbox-shadow:none;\n}\n.avia-image-container.av-kde9dv3w-aef630391c43492d5c2bd4c7bd67401c .av-image-caption-overlay-center{\ncolor:#ffffff;\n}\n<\/style>\n<div  class='avia-image-container av-kde9dv3w-aef630391c43492d5c2bd4c7bd67401c av-styling- avia-align-left  avia-builder-el-6  el_after_av_image  el_before_av_image '   itemprop=\"image\" itemscope=\"itemscope\" itemtype=\"https:\/\/schema.org\/ImageObject\" ><div class=\"avia-image-container-inner\"><div class=\"avia-image-overlay-wrap\"><a href=\"https:\/\/www.prokol.com\/wp-content\/uploads\/002-4-1030x773.jpg\" data-srcset=\"https:\/\/www.prokol.com\/wp-content\/uploads\/002-4-1030x773.jpg 1030w, https:\/\/www.prokol.com\/wp-content\/uploads\/002-4-scaled-600x450.jpg 600w, https:\/\/www.prokol.com\/wp-content\/uploads\/002-4-300x225.jpg 300w, https:\/\/www.prokol.com\/wp-content\/uploads\/002-4-768x576.jpg 768w, https:\/\/www.prokol.com\/wp-content\/uploads\/002-4-1536x1152.jpg 1536w, https:\/\/www.prokol.com\/wp-content\/uploads\/002-4-2048x1536.jpg 2048w, https:\/\/www.prokol.com\/wp-content\/uploads\/002-4-1500x1125.jpg 1500w, https:\/\/www.prokol.com\/wp-content\/uploads\/002-4-705x529.jpg 705w\" data-sizes=\"(max-width: 1030px) 100vw, 1030px\" class='avia_image'  aria-label='OLYMPUS DIGITAL CAMERA'><img decoding=\"async\" fetchpriority=\"high\" class='wp-image-7435 avia-img-lazy-loading-not-7435 avia_image ' src=\"https:\/\/www.prokol.com\/wp-content\/uploads\/002-4-180x180.jpg\" alt='' title='OLYMPUS DIGITAL CAMERA'  height=\"180\" width=\"180\"  itemprop=\"thumbnailUrl\" srcset=\"https:\/\/www.prokol.com\/wp-content\/uploads\/002-4-180x180.jpg 180w, https:\/\/www.prokol.com\/wp-content\/uploads\/002-4-scaled-300x300.jpg 300w, https:\/\/www.prokol.com\/wp-content\/uploads\/002-4-scaled-100x100.jpg 100w, https:\/\/www.prokol.com\/wp-content\/uploads\/002-4-80x80.jpg 80w, https:\/\/www.prokol.com\/wp-content\/uploads\/002-4-36x36.jpg 36w\" sizes=\"(max-width: 180px) 100vw, 180px\" \/><\/a><\/div><\/div><\/div><br \/>\n\n<style type=\"text\/css\" data-created_by=\"avia_inline_auto\" id=\"style-css-av-kde9de9x-c04483012a0716af69a4daf3a8156394\">\n.avia-image-container.av-kde9de9x-c04483012a0716af69a4daf3a8156394 img.avia_image{\nbox-shadow:none;\n}\n.avia-image-container.av-kde9de9x-c04483012a0716af69a4daf3a8156394 .av-image-caption-overlay-center{\ncolor:#ffffff;\n}\n<\/style>\n<div  class='avia-image-container av-kde9de9x-c04483012a0716af69a4daf3a8156394 av-styling- avia-align-left  avia-builder-el-7  el_after_av_image  avia-builder-el-last '   itemprop=\"image\" itemscope=\"itemscope\" itemtype=\"https:\/\/schema.org\/ImageObject\" ><div class=\"avia-image-container-inner\"><div class=\"avia-image-overlay-wrap\"><a href=\"https:\/\/www.prokol.com\/wp-content\/uploads\/005-5-1030x773.jpg\" data-srcset=\"https:\/\/www.prokol.com\/wp-content\/uploads\/005-5-1030x773.jpg 1030w, https:\/\/www.prokol.com\/wp-content\/uploads\/005-5-scaled-600x450.jpg 600w, https:\/\/www.prokol.com\/wp-content\/uploads\/005-5-300x225.jpg 300w, https:\/\/www.prokol.com\/wp-content\/uploads\/005-5-768x576.jpg 768w, https:\/\/www.prokol.com\/wp-content\/uploads\/005-5-1536x1152.jpg 1536w, https:\/\/www.prokol.com\/wp-content\/uploads\/005-5-2048x1536.jpg 2048w, https:\/\/www.prokol.com\/wp-content\/uploads\/005-5-1500x1125.jpg 1500w, https:\/\/www.prokol.com\/wp-content\/uploads\/005-5-705x529.jpg 705w\" data-sizes=\"(max-width: 1030px) 100vw, 1030px\" class='avia_image'  aria-label='OLYMPUS DIGITAL CAMERA'><img decoding=\"async\" fetchpriority=\"high\" class='wp-image-7443 avia-img-lazy-loading-not-7443 avia_image ' src=\"https:\/\/www.prokol.com\/wp-content\/uploads\/005-5-180x180.jpg\" alt='' title='OLYMPUS DIGITAL CAMERA'  height=\"180\" width=\"180\"  itemprop=\"thumbnailUrl\" srcset=\"https:\/\/www.prokol.com\/wp-content\/uploads\/005-5-180x180.jpg 180w, https:\/\/www.prokol.com\/wp-content\/uploads\/005-5-scaled-300x300.jpg 300w, https:\/\/www.prokol.com\/wp-content\/uploads\/005-5-scaled-100x100.jpg 100w, https:\/\/www.prokol.com\/wp-content\/uploads\/005-5-80x80.jpg 80w, https:\/\/www.prokol.com\/wp-content\/uploads\/005-5-36x36.jpg 36w\" sizes=\"(max-width: 180px) 100vw, 180px\" \/><\/a><\/div><\/div><\/div><\/p><\/div>\n","protected":false},"excerpt":{"rendered":"","protected":false},"author":1,"featured_media":0,"parent":19302,"menu_order":0,"comment_status":"closed","ping_status":"closed","template":"","meta":{"inline_featured_image":false,"footnotes":""},"tags":[],"class_list":["post-18982","page","type-page","status-publish","hentry"],"yoast_head":"<!-- This site is optimized with the Yoast SEO plugin v27.2 - https:\/\/yoast.com\/product\/yoast-seo-wordpress\/ -->\n<title>B\u00e4ckerei- und Metzgereib\u00f6den - Prokol Protective Coatings<\/title>\n<meta name=\"description\" content=\"Unsere B\u00f6den und W\u00e4nde erf\u00fcllen m\u00fchelos die h\u00f6chsten Anforderungen.\" \/>\n<meta name=\"robots\" content=\"index, follow, max-snippet:-1, max-image-preview:large, max-video-preview:-1\" \/>\n<link rel=\"canonical\" href=\"https:\/\/www.prokol.com\/de\/anwendungen\/industrie\/baeckerei-und-metzgereiboeden\/\" \/>\n<meta property=\"og:locale\" content=\"de_DE\" \/>\n<meta property=\"og:type\" content=\"article\" \/>\n<meta property=\"og:title\" content=\"B\u00e4ckerei- und Metzgereib\u00f6den - Prokol Protective Coatings\" \/>\n<meta property=\"og:description\" content=\"Unsere B\u00f6den und W\u00e4nde erf\u00fcllen m\u00fchelos die h\u00f6chsten Anforderungen.\" \/>\n<meta property=\"og:url\" content=\"https:\/\/www.prokol.com\/de\/anwendungen\/industrie\/baeckerei-und-metzgereiboeden\/\" \/>\n<meta property=\"og:site_name\" content=\"Prokol Protective Coatings\" \/>\n<meta property=\"article:modified_time\" content=\"2023-04-19T10:42:05+00:00\" \/>\n<meta name=\"twitter:card\" content=\"summary_large_image\" \/>\n<meta name=\"twitter:label1\" content=\"Gesch\u00e4tzte Lesezeit\" \/>\n\t<meta name=\"twitter:data1\" content=\"5\u00a0Minuten\" \/>\n<script type=\"application\/ld+json\" class=\"yoast-schema-graph\">{\"@context\":\"https:\/\/schema.org\",\"@graph\":[{\"@type\":\"WebPage\",\"@id\":\"https:\/\/www.prokol.com\/de\/anwendungen\/industrie\/baeckerei-und-metzgereiboeden\/\",\"url\":\"https:\/\/www.prokol.com\/de\/anwendungen\/industrie\/baeckerei-und-metzgereiboeden\/\",\"name\":\"B\u00e4ckerei- und Metzgereib\u00f6den - Prokol Protective Coatings\",\"isPartOf\":{\"@id\":\"https:\/\/www.prokol.com\/de\/#website\"},\"datePublished\":\"2022-03-29T13:03:57+00:00\",\"dateModified\":\"2023-04-19T10:42:05+00:00\",\"description\":\"Unsere B\u00f6den und W\u00e4nde erf\u00fcllen m\u00fchelos die h\u00f6chsten Anforderungen.\",\"breadcrumb\":{\"@id\":\"https:\/\/www.prokol.com\/de\/anwendungen\/industrie\/baeckerei-und-metzgereiboeden\/#breadcrumb\"},\"inLanguage\":\"de\",\"potentialAction\":[{\"@type\":\"ReadAction\",\"target\":[\"https:\/\/www.prokol.com\/de\/anwendungen\/industrie\/baeckerei-und-metzgereiboeden\/\"]}]},{\"@type\":\"BreadcrumbList\",\"@id\":\"https:\/\/www.prokol.com\/de\/anwendungen\/industrie\/baeckerei-und-metzgereiboeden\/#breadcrumb\",\"itemListElement\":[{\"@type\":\"ListItem\",\"position\":1,\"name\":\"Home\",\"item\":\"https:\/\/www.prokol.com\/de\/prokol-home-de\/\"},{\"@type\":\"ListItem\",\"position\":2,\"name\":\"Anwendungen\",\"item\":\"https:\/\/www.prokol.com\/de\/anwendungen\/\"},{\"@type\":\"ListItem\",\"position\":3,\"name\":\"Industrie\",\"item\":\"https:\/\/www.prokol.com\/de\/anwendungen\/industrie\/\"},{\"@type\":\"ListItem\",\"position\":4,\"name\":\"B\u00e4ckerei- und Metzgereib\u00f6den\"}]},{\"@type\":\"WebSite\",\"@id\":\"https:\/\/www.prokol.com\/de\/#website\",\"url\":\"https:\/\/www.prokol.com\/de\/\",\"name\":\"Prokol Protective Coatings\",\"description\":\"POLYUREA HOTSPRAY, GIETVLOEREN EN PARKEERGARAGE COATINGS, VLOEIBARE NAADLOZE KUNSTSTOFFEN\",\"potentialAction\":[{\"@type\":\"SearchAction\",\"target\":{\"@type\":\"EntryPoint\",\"urlTemplate\":\"https:\/\/www.prokol.com\/de\/?s={search_term_string}\"},\"query-input\":{\"@type\":\"PropertyValueSpecification\",\"valueRequired\":true,\"valueName\":\"search_term_string\"}}],\"inLanguage\":\"de\"}]}<\/script>\n<!-- \/ Yoast SEO plugin. -->","yoast_head_json":{"title":"B\u00e4ckerei- und Metzgereib\u00f6den - Prokol Protective Coatings","description":"Unsere B\u00f6den und W\u00e4nde erf\u00fcllen m\u00fchelos die h\u00f6chsten Anforderungen.","robots":{"index":"index","follow":"follow","max-snippet":"max-snippet:-1","max-image-preview":"max-image-preview:large","max-video-preview":"max-video-preview:-1"},"canonical":"https:\/\/www.prokol.com\/de\/anwendungen\/industrie\/baeckerei-und-metzgereiboeden\/","og_locale":"de_DE","og_type":"article","og_title":"B\u00e4ckerei- und Metzgereib\u00f6den - Prokol Protective Coatings","og_description":"Unsere B\u00f6den und W\u00e4nde erf\u00fcllen m\u00fchelos die h\u00f6chsten Anforderungen.","og_url":"https:\/\/www.prokol.com\/de\/anwendungen\/industrie\/baeckerei-und-metzgereiboeden\/","og_site_name":"Prokol Protective Coatings","article_modified_time":"2023-04-19T10:42:05+00:00","twitter_card":"summary_large_image","twitter_misc":{"Gesch\u00e4tzte Lesezeit":"5\u00a0Minuten"},"schema":{"@context":"https:\/\/schema.org","@graph":[{"@type":"WebPage","@id":"https:\/\/www.prokol.com\/de\/anwendungen\/industrie\/baeckerei-und-metzgereiboeden\/","url":"https:\/\/www.prokol.com\/de\/anwendungen\/industrie\/baeckerei-und-metzgereiboeden\/","name":"B\u00e4ckerei- und Metzgereib\u00f6den - Prokol Protective Coatings","isPartOf":{"@id":"https:\/\/www.prokol.com\/de\/#website"},"datePublished":"2022-03-29T13:03:57+00:00","dateModified":"2023-04-19T10:42:05+00:00","description":"Unsere B\u00f6den und W\u00e4nde erf\u00fcllen m\u00fchelos die h\u00f6chsten Anforderungen.","breadcrumb":{"@id":"https:\/\/www.prokol.com\/de\/anwendungen\/industrie\/baeckerei-und-metzgereiboeden\/#breadcrumb"},"inLanguage":"de","potentialAction":[{"@type":"ReadAction","target":["https:\/\/www.prokol.com\/de\/anwendungen\/industrie\/baeckerei-und-metzgereiboeden\/"]}]},{"@type":"BreadcrumbList","@id":"https:\/\/www.prokol.com\/de\/anwendungen\/industrie\/baeckerei-und-metzgereiboeden\/#breadcrumb","itemListElement":[{"@type":"ListItem","position":1,"name":"Home","item":"https:\/\/www.prokol.com\/de\/prokol-home-de\/"},{"@type":"ListItem","position":2,"name":"Anwendungen","item":"https:\/\/www.prokol.com\/de\/anwendungen\/"},{"@type":"ListItem","position":3,"name":"Industrie","item":"https:\/\/www.prokol.com\/de\/anwendungen\/industrie\/"},{"@type":"ListItem","position":4,"name":"B\u00e4ckerei- und Metzgereib\u00f6den"}]},{"@type":"WebSite","@id":"https:\/\/www.prokol.com\/de\/#website","url":"https:\/\/www.prokol.com\/de\/","name":"Prokol Protective Coatings","description":"POLYUREA HOTSPRAY, GIETVLOEREN EN PARKEERGARAGE COATINGS, VLOEIBARE NAADLOZE KUNSTSTOFFEN","potentialAction":[{"@type":"SearchAction","target":{"@type":"EntryPoint","urlTemplate":"https:\/\/www.prokol.com\/de\/?s={search_term_string}"},"query-input":{"@type":"PropertyValueSpecification","valueRequired":true,"valueName":"search_term_string"}}],"inLanguage":"de"}]}},"_links":{"self":[{"href":"https:\/\/www.prokol.com\/de\/wp-json\/wp\/v2\/pages\/18982","targetHints":{"allow":["GET"]}}],"collection":[{"href":"https:\/\/www.prokol.com\/de\/wp-json\/wp\/v2\/pages"}],"about":[{"href":"https:\/\/www.prokol.com\/de\/wp-json\/wp\/v2\/types\/page"}],"author":[{"embeddable":true,"href":"https:\/\/www.prokol.com\/de\/wp-json\/wp\/v2\/users\/1"}],"replies":[{"embeddable":true,"href":"https:\/\/www.prokol.com\/de\/wp-json\/wp\/v2\/comments?post=18982"}],"version-history":[{"count":5,"href":"https:\/\/www.prokol.com\/de\/wp-json\/wp\/v2\/pages\/18982\/revisions"}],"predecessor-version":[{"id":19131,"href":"https:\/\/www.prokol.com\/de\/wp-json\/wp\/v2\/pages\/18982\/revisions\/19131"}],"up":[{"embeddable":true,"href":"https:\/\/www.prokol.com\/de\/wp-json\/wp\/v2\/pages\/19302"}],"wp:attachment":[{"href":"https:\/\/www.prokol.com\/de\/wp-json\/wp\/v2\/media?parent=18982"}],"wp:term":[{"taxonomy":"post_tag","embeddable":true,"href":"https:\/\/www.prokol.com\/de\/wp-json\/wp\/v2\/tags?post=18982"}],"curies":[{"name":"wp","href":"https:\/\/api.w.org\/{rel}","templated":true}]}}