{"id":18994,"date":"2022-03-30T11:34:22","date_gmt":"2022-03-30T09:34:22","guid":{"rendered":"https:\/\/www.prokol.com\/chemische-industrie\/"},"modified":"2023-04-19T12:42:08","modified_gmt":"2023-04-19T10:42:08","slug":"chemische-industrie","status":"publish","type":"page","link":"https:\/\/www.prokol.com\/de\/anwendungen\/industrie\/chemische-industrie\/","title":{"rendered":"Chemische Industrie"},"content":{"rendered":"<div id='full_slider_1'  class='avia-fullwidth-slider main_color avia-shadow   avia-builder-el-0  el_before_av_three_fifth  avia-builder-el-first  vervolgslide  container_wrap fullsize'  >\n<style type=\"text\/css\" data-created_by=\"avia_inline_auto\" id=\"style-css-av-k4179f0p-acede921c93825f4aeea30d99a7ef583\">\n#top #wrap_all .avia-slideshow .av-slideshow-caption.av-k4179f0p-acede921c93825f4aeea30d99a7ef583__0 .avia-caption-title{\nfont-size:50px;\n}\n#top .avia-slideshow .av-slideshow-caption.av-k4179f0p-acede921c93825f4aeea30d99a7ef583__0 .avia-caption-content{\nfont-size:18px;\n}\n#top .avia-slideshow .av-slideshow-caption.av-k4179f0p-acede921c93825f4aeea30d99a7ef583__0 .avia-caption-content p{\nfont-size:18px;\n}\n\n@media only screen and (min-width: 768px) and (max-width: 989px){ \n#top .avia-slideshow .av-slideshow-caption.av-k4179f0p-acede921c93825f4aeea30d99a7ef583__0 .avia-caption-content{\ndisplay:none;\n}\n#top .avia-slideshow .av-slideshow-caption.av-k4179f0p-acede921c93825f4aeea30d99a7ef583__0 .avia-caption-content p{\ndisplay:none;\n}\n}\n\n@media only screen and (min-width: 480px) and (max-width: 767px){ \n#top .avia-slideshow .av-slideshow-caption.av-k4179f0p-acede921c93825f4aeea30d99a7ef583__0 .avia-caption-content{\ndisplay:none;\n}\n#top .avia-slideshow .av-slideshow-caption.av-k4179f0p-acede921c93825f4aeea30d99a7ef583__0 .avia-caption-content p{\ndisplay:none;\n}\n}\n\n@media only screen and (max-width: 479px){ \n#top .avia-slideshow .av-slideshow-caption.av-k4179f0p-acede921c93825f4aeea30d99a7ef583__0 .avia-caption-content{\ndisplay:none;\n}\n#top .avia-slideshow .av-slideshow-caption.av-k4179f0p-acede921c93825f4aeea30d99a7ef583__0 .avia-caption-content p{\ndisplay:none;\n}\n}\n<\/style>\n<div  class='avia-slideshow av-k4179f0p-acede921c93825f4aeea30d99a7ef583 avia-slideshow-featured av_slideshow_full avia-fade-slider vervolgslide av-slideshow-ui av-control-minimal av-slideshow-autoplay av-loop-endless av-loop-manual-endless av-default-height-applied   avia-slideshow-1' data-slideshow-options=\"{&quot;animation&quot;:&quot;fade&quot;,&quot;autoplay&quot;:true,&quot;loop_autoplay&quot;:&quot;endless&quot;,&quot;interval&quot;:5,&quot;loop_manual&quot;:&quot;manual-endless&quot;,&quot;autoplay_stopper&quot;:false,&quot;noNavigation&quot;:false,&quot;bg_slider&quot;:false,&quot;keep_padding&quot;:false,&quot;hoverpause&quot;:false,&quot;show_slide_delay&quot;:0}\"  itemprop=\"image\" itemscope=\"itemscope\" itemtype=\"https:\/\/schema.org\/ImageObject\" ><ul class='avia-slideshow-inner ' style='padding-bottom: 28.666666666667%;'><li  class='avia-slideshow-slide av-k4179f0p-acede921c93825f4aeea30d99a7ef583__0  av-single-slide slide-1 slide-odd'><div data-rel='slideshow-1' class='avia-slide-wrap '   ><div class='av-slideshow-caption av-k4179f0p-acede921c93825f4aeea30d99a7ef583__0 caption_fullwidth caption_left'><div class=\"container caption_container\"><div class=\"slideshow_caption\"><div class=\"slideshow_inner_caption\"><div class=\"slideshow_align_caption\"><h2 class='avia-caption-title '  itemprop=\"name\" ><span style=\"color: #df4c23;\">-<\/span>Chemische industrie<\/h2><div class='avia-caption-content '  itemprop=\"description\" ><p>Beschichtungen, die gegen verschiedene Chemikalien resistent sind<\/p>\n<\/div><\/div><\/div><\/div><\/div><\/div><img decoding=\"async\" fetchpriority=\"high\" class=\"wp-image-9603 avia-img-lazy-loading-not-9603\"  src=\"https:\/\/www.prokol.com\/wp-content\/uploads\/chemische_industrie_banner-1500x430.jpg\" width=\"1500\" height=\"430\" title='Chemische industrie' alt=''  itemprop=\"thumbnailUrl\" srcset=\"https:\/\/www.prokol.com\/wp-content\/uploads\/chemische_industrie_banner.jpg 1500w, https:\/\/www.prokol.com\/wp-content\/uploads\/chemische_industrie_banner-600x172.jpg 600w, https:\/\/www.prokol.com\/wp-content\/uploads\/chemische_industrie_banner-300x86.jpg 300w, https:\/\/www.prokol.com\/wp-content\/uploads\/chemische_industrie_banner-1030x295.jpg 1030w, https:\/\/www.prokol.com\/wp-content\/uploads\/chemische_industrie_banner-768x220.jpg 768w, https:\/\/www.prokol.com\/wp-content\/uploads\/chemische_industrie_banner-705x202.jpg 705w, https:\/\/www.prokol.com\/wp-content\/uploads\/chemische_industrie_banner-24x7.jpg 24w, https:\/\/www.prokol.com\/wp-content\/uploads\/chemische_industrie_banner-36x10.jpg 36w, https:\/\/www.prokol.com\/wp-content\/uploads\/chemische_industrie_banner-48x14.jpg 48w\" sizes=\"(max-width: 1500px) 100vw, 1500px\" \/><div class='av-section-color-overlay' style='opacity: 0.5; background-image: url(https:\/\/www.prokol.com\/wp-content\/uploads\/2019\/12\/Overlay.png); background-repeat: repeat;'><\/div><\/div><\/li><\/ul><\/div><\/div><div id='after_full_slider_1'  class='main_color av_default_container_wrap container_wrap fullsize'  ><div class='container av-section-cont-open' ><div class='template-page content  av-content-full alpha units'><div class='post-entry post-entry-type-page post-entry-18994'><div class='entry-content-wrapper clearfix'>\n\n<style type=\"text\/css\" data-created_by=\"avia_inline_auto\" id=\"style-css-av-hgjsh-cc805ba8944a82d15f2109749bf4a2f9\">\n.flex_column.av-hgjsh-cc805ba8944a82d15f2109749bf4a2f9{\nborder-radius:0px 0px 0px 0px;\npadding:0px 0px -50px 0px;\n}\n<\/style>\n<div  class='flex_column av-hgjsh-cc805ba8944a82d15f2109749bf4a2f9 av_three_fifth  avia-builder-el-1  el_after_av_slideshow_full  el_before_av_two_fifth  avia-builder-el-first  first flex_column_div  '     ><section  class='av_textblock_section av-kde9cj1t-733622bddd2480cffdd6c27dc22482a0 '   itemscope=\"itemscope\" itemtype=\"https:\/\/schema.org\/CreativeWork\" ><div class='avia_textblock'  itemprop=\"text\" ><h5>Chemie ist st\u00e4ndig in Bewegung<\/h5>\n<p>Es werden st\u00e4ndig neue Produkte entwickelt oder bestehende Produkte verbessert. Vorhandene (Roh-)Stoffe werden von der chemischen und verarbeitenden Industrie zur Herstellung neuer Grundstoffe f\u00fcr Produkte verwendet. Beispiele hierf\u00fcr sind Beschichtungen, Kosmetika, Pharmazeutika, Kunststoffe, Pigmente, Seifen, Wasch- und Reinigungsmittel.<\/p>\n<h5>Schutz vor der Besch\u00e4digung von Untergr\u00fcnden<\/h5>\n<p>Chemiewerke verwenden h\u00e4ufig Tanklager (Lagertanks), die zur Verl\u00e4ngerung ihrer Lebensdauer pr\u00e4ventiv und\/oder korrektiv gewartet werden m\u00fcssen. Oberfl\u00e4chenbesch\u00e4digungen werden in der Regel durch Rost\/Korrosion verursacht, was zu Defekten und\/oder Ausf\u00e4llen f\u00fchren kann. In den meisten F\u00e4llen kann dies durch die Anwendung einer speziell entwickelten Polyurea-Hotspray-Membran von Prokol verhindert werden. Diese Tankauskleidung ist ein ausgewogenes System auf der Grundlage einer sorgf\u00e4ltig ausgew\u00e4hlten reinen Polyurea-Chemie. Neben (Lager-)Tanks k\u00f6nnen auch sekund\u00e4re Auffangbeh\u00e4lter mit dieser nahtlosen Beschichtung ausgekleidet werden.<\/p>\n<p>Einige Vorteile:<\/p>\n<ul>\n<li>Chemikalienbest\u00e4ndig<\/li>\n<li>Fl\u00fcssigkeitsdicht und pflegeleicht<\/li>\n<li>Sehr schnell trocknend und schnell belastbar<\/li>\n<li>Dauerhaft elastisch<\/li>\n<li>Nahtlos<\/li>\n<li>Eine Fallstudie \u00fcber die chemische Industrie finden Sie hier!<\/li>\n<\/ul>\n<\/div><\/section><\/div>\n\n<style type=\"text\/css\" data-created_by=\"avia_inline_auto\" id=\"style-css-av-hgjsh-ed387f109d16ce3b4333fe4ed87abac4\">\n.flex_column.av-hgjsh-ed387f109d16ce3b4333fe4ed87abac4{\nborder-radius:0px 0px 0px 0px;\npadding:0px 0px 0px 0px;\n}\n<\/style>\n<div  class='flex_column av-hgjsh-ed387f109d16ce3b4333fe4ed87abac4 av_two_fifth  avia-builder-el-3  el_after_av_three_fifth  avia-builder-el-last  flex_column_div av-zero-column-padding  '     ><p>\n<style type=\"text\/css\" data-created_by=\"avia_inline_auto\" id=\"style-css-av-kde9de9x-4230fba5d4a9742c5a67b0d012bdfac8\">\n.avia-image-container.av-kde9de9x-4230fba5d4a9742c5a67b0d012bdfac8 img.avia_image{\nbox-shadow:none;\n}\n.avia-image-container.av-kde9de9x-4230fba5d4a9742c5a67b0d012bdfac8 .av-image-caption-overlay-center{\ncolor:#ffffff;\n}\n<\/style>\n<div  class='avia-image-container av-kde9de9x-4230fba5d4a9742c5a67b0d012bdfac8 av-styling- avia-align-left  avia-builder-el-4  el_before_av_image  avia-builder-el-first '   itemprop=\"image\" itemscope=\"itemscope\" itemtype=\"https:\/\/schema.org\/ImageObject\" ><div class=\"avia-image-container-inner\"><div class=\"avia-image-overlay-wrap\"><a href=\"https:\/\/www.prokol.com\/wp-content\/uploads\/Chemische_industrie_01-773x1030.jpg\" data-srcset=\"https:\/\/www.prokol.com\/wp-content\/uploads\/Chemische_industrie_01-773x1030.jpg 773w, https:\/\/www.prokol.com\/wp-content\/uploads\/Chemische_industrie_01-scaled-600x800.jpg 600w, https:\/\/www.prokol.com\/wp-content\/uploads\/Chemische_industrie_01-225x300.jpg 225w, https:\/\/www.prokol.com\/wp-content\/uploads\/Chemische_industrie_01-768x1024.jpg 768w, https:\/\/www.prokol.com\/wp-content\/uploads\/Chemische_industrie_01-1152x1536.jpg 1152w, https:\/\/www.prokol.com\/wp-content\/uploads\/Chemische_industrie_01-1536x2048.jpg 1536w, https:\/\/www.prokol.com\/wp-content\/uploads\/Chemische_industrie_01-1125x1500.jpg 1125w, https:\/\/www.prokol.com\/wp-content\/uploads\/Chemische_industrie_01-529x705.jpg 529w, https:\/\/www.prokol.com\/wp-content\/uploads\/Chemische_industrie_01-18x24.jpg 18w, https:\/\/www.prokol.com\/wp-content\/uploads\/Chemische_industrie_01-27x36.jpg 27w, https:\/\/www.prokol.com\/wp-content\/uploads\/Chemische_industrie_01-36x48.jpg 36w, https:\/\/www.prokol.com\/wp-content\/uploads\/Chemische_industrie_01-scaled.jpg 1920w\" data-sizes=\"(max-width: 773px) 100vw, 773px\" class='avia_image'  aria-label='Chemische industrie'><img decoding=\"async\" fetchpriority=\"high\" class='wp-image-10506 avia-img-lazy-loading-not-10506 avia_image ' src=\"https:\/\/www.prokol.com\/wp-content\/uploads\/Chemische_industrie_01-180x180.jpg\" alt='' title='Chemische industrie'  height=\"180\" width=\"180\"  itemprop=\"thumbnailUrl\" srcset=\"https:\/\/www.prokol.com\/wp-content\/uploads\/Chemische_industrie_01-180x180.jpg 180w, https:\/\/www.prokol.com\/wp-content\/uploads\/Chemische_industrie_01-scaled-300x300.jpg 300w, https:\/\/www.prokol.com\/wp-content\/uploads\/Chemische_industrie_01-scaled-100x100.jpg 100w, https:\/\/www.prokol.com\/wp-content\/uploads\/Chemische_industrie_01-80x80.jpg 80w, https:\/\/www.prokol.com\/wp-content\/uploads\/Chemische_industrie_01-36x36.jpg 36w\" sizes=\"(max-width: 180px) 100vw, 180px\" \/><\/a><\/div><\/div><\/div><br \/>\n\n<style type=\"text\/css\" data-created_by=\"avia_inline_auto\" id=\"style-css-av-kde9de9x-471fbb762f06c4a1f31f0b8079fea927\">\n.avia-image-container.av-kde9de9x-471fbb762f06c4a1f31f0b8079fea927 img.avia_image{\nbox-shadow:none;\n}\n.avia-image-container.av-kde9de9x-471fbb762f06c4a1f31f0b8079fea927 .av-image-caption-overlay-center{\ncolor:#ffffff;\n}\n<\/style>\n<div  class='avia-image-container av-kde9de9x-471fbb762f06c4a1f31f0b8079fea927 av-styling- avia-align-left  avia-builder-el-5  el_after_av_image  el_before_av_image '   itemprop=\"image\" itemscope=\"itemscope\" itemtype=\"https:\/\/schema.org\/ImageObject\" ><div class=\"avia-image-container-inner\"><div class=\"avia-image-overlay-wrap\"><a href=\"https:\/\/www.prokol.com\/wp-content\/uploads\/Chemische_industrie_02-773x1030.jpg\" data-srcset=\"https:\/\/www.prokol.com\/wp-content\/uploads\/Chemische_industrie_02-773x1030.jpg 773w, https:\/\/www.prokol.com\/wp-content\/uploads\/Chemische_industrie_02-scaled-600x800.jpg 600w, https:\/\/www.prokol.com\/wp-content\/uploads\/Chemische_industrie_02-225x300.jpg 225w, https:\/\/www.prokol.com\/wp-content\/uploads\/Chemische_industrie_02-768x1024.jpg 768w, https:\/\/www.prokol.com\/wp-content\/uploads\/Chemische_industrie_02-1152x1536.jpg 1152w, https:\/\/www.prokol.com\/wp-content\/uploads\/Chemische_industrie_02-1536x2048.jpg 1536w, https:\/\/www.prokol.com\/wp-content\/uploads\/Chemische_industrie_02-1125x1500.jpg 1125w, https:\/\/www.prokol.com\/wp-content\/uploads\/Chemische_industrie_02-529x705.jpg 529w, https:\/\/www.prokol.com\/wp-content\/uploads\/Chemische_industrie_02-18x24.jpg 18w, https:\/\/www.prokol.com\/wp-content\/uploads\/Chemische_industrie_02-27x36.jpg 27w, https:\/\/www.prokol.com\/wp-content\/uploads\/Chemische_industrie_02-36x48.jpg 36w, https:\/\/www.prokol.com\/wp-content\/uploads\/Chemische_industrie_02-scaled.jpg 1920w\" data-sizes=\"(max-width: 773px) 100vw, 773px\" class='avia_image'  aria-label='Chemische industrie'><img decoding=\"async\" fetchpriority=\"high\" class='wp-image-10510 avia-img-lazy-loading-not-10510 avia_image ' src=\"https:\/\/www.prokol.com\/wp-content\/uploads\/Chemische_industrie_02-180x180.jpg\" alt='' title='Chemische industrie'  height=\"180\" width=\"180\"  itemprop=\"thumbnailUrl\" srcset=\"https:\/\/www.prokol.com\/wp-content\/uploads\/Chemische_industrie_02-180x180.jpg 180w, https:\/\/www.prokol.com\/wp-content\/uploads\/Chemische_industrie_02-scaled-300x300.jpg 300w, https:\/\/www.prokol.com\/wp-content\/uploads\/Chemische_industrie_02-scaled-100x100.jpg 100w, https:\/\/www.prokol.com\/wp-content\/uploads\/Chemische_industrie_02-80x80.jpg 80w, https:\/\/www.prokol.com\/wp-content\/uploads\/Chemische_industrie_02-36x36.jpg 36w\" sizes=\"(max-width: 180px) 100vw, 180px\" \/><\/a><\/div><\/div><\/div><br \/>\n\n<style type=\"text\/css\" data-created_by=\"avia_inline_auto\" id=\"style-css-av-kde9dv3w-2eb76d231797d9eea85d8d920c49bc19\">\n.avia-image-container.av-kde9dv3w-2eb76d231797d9eea85d8d920c49bc19 img.avia_image{\nbox-shadow:none;\n}\n.avia-image-container.av-kde9dv3w-2eb76d231797d9eea85d8d920c49bc19 .av-image-caption-overlay-center{\ncolor:#ffffff;\n}\n<\/style>\n<div  class='avia-image-container av-kde9dv3w-2eb76d231797d9eea85d8d920c49bc19 av-styling- avia-align-left  avia-builder-el-6  el_after_av_image  el_before_av_image '   itemprop=\"image\" itemscope=\"itemscope\" itemtype=\"https:\/\/schema.org\/ImageObject\" ><div class=\"avia-image-container-inner\"><div class=\"avia-image-overlay-wrap\"><a href=\"https:\/\/www.prokol.com\/wp-content\/uploads\/Chemische_industrie_03-773x1030.jpg\" data-srcset=\"https:\/\/www.prokol.com\/wp-content\/uploads\/Chemische_industrie_03-773x1030.jpg 773w, https:\/\/www.prokol.com\/wp-content\/uploads\/Chemische_industrie_03-scaled-600x800.jpg 600w, https:\/\/www.prokol.com\/wp-content\/uploads\/Chemische_industrie_03-225x300.jpg 225w, https:\/\/www.prokol.com\/wp-content\/uploads\/Chemische_industrie_03-768x1024.jpg 768w, https:\/\/www.prokol.com\/wp-content\/uploads\/Chemische_industrie_03-1152x1536.jpg 1152w, https:\/\/www.prokol.com\/wp-content\/uploads\/Chemische_industrie_03-1536x2048.jpg 1536w, https:\/\/www.prokol.com\/wp-content\/uploads\/Chemische_industrie_03-1125x1500.jpg 1125w, https:\/\/www.prokol.com\/wp-content\/uploads\/Chemische_industrie_03-529x705.jpg 529w, https:\/\/www.prokol.com\/wp-content\/uploads\/Chemische_industrie_03-18x24.jpg 18w, https:\/\/www.prokol.com\/wp-content\/uploads\/Chemische_industrie_03-27x36.jpg 27w, https:\/\/www.prokol.com\/wp-content\/uploads\/Chemische_industrie_03-36x48.jpg 36w, https:\/\/www.prokol.com\/wp-content\/uploads\/Chemische_industrie_03-scaled.jpg 1920w\" data-sizes=\"(max-width: 773px) 100vw, 773px\" class='avia_image'  aria-label='Chemische industrie'><img decoding=\"async\" fetchpriority=\"high\" class='wp-image-10514 avia-img-lazy-loading-not-10514 avia_image ' src=\"https:\/\/www.prokol.com\/wp-content\/uploads\/Chemische_industrie_03-180x180.jpg\" alt='' title='Chemische industrie'  height=\"180\" width=\"180\"  itemprop=\"thumbnailUrl\" srcset=\"https:\/\/www.prokol.com\/wp-content\/uploads\/Chemische_industrie_03-180x180.jpg 180w, https:\/\/www.prokol.com\/wp-content\/uploads\/Chemische_industrie_03-scaled-300x300.jpg 300w, https:\/\/www.prokol.com\/wp-content\/uploads\/Chemische_industrie_03-scaled-100x100.jpg 100w, https:\/\/www.prokol.com\/wp-content\/uploads\/Chemische_industrie_03-80x80.jpg 80w, https:\/\/www.prokol.com\/wp-content\/uploads\/Chemische_industrie_03-36x36.jpg 36w\" sizes=\"(max-width: 180px) 100vw, 180px\" \/><\/a><\/div><\/div><\/div><br \/>\n\n<style type=\"text\/css\" data-created_by=\"avia_inline_auto\" id=\"style-css-av-kde9de9x-221a03db04f9e74fd083d3d08b87f688\">\n.avia-image-container.av-kde9de9x-221a03db04f9e74fd083d3d08b87f688 img.avia_image{\nbox-shadow:none;\n}\n.avia-image-container.av-kde9de9x-221a03db04f9e74fd083d3d08b87f688 .av-image-caption-overlay-center{\ncolor:#ffffff;\n}\n<\/style>\n<div  class='avia-image-container av-kde9de9x-221a03db04f9e74fd083d3d08b87f688 av-styling- avia-align-left  avia-builder-el-7  el_after_av_image  avia-builder-el-last '   itemprop=\"image\" itemscope=\"itemscope\" itemtype=\"https:\/\/schema.org\/ImageObject\" ><div class=\"avia-image-container-inner\"><div class=\"avia-image-overlay-wrap\"><a href=\"https:\/\/www.prokol.com\/wp-content\/uploads\/Chemische_industrie_04-773x1030.jpg\" data-srcset=\"https:\/\/www.prokol.com\/wp-content\/uploads\/Chemische_industrie_04-773x1030.jpg 773w, https:\/\/www.prokol.com\/wp-content\/uploads\/Chemische_industrie_04-scaled-600x800.jpg 600w, https:\/\/www.prokol.com\/wp-content\/uploads\/Chemische_industrie_04-225x300.jpg 225w, https:\/\/www.prokol.com\/wp-content\/uploads\/Chemische_industrie_04-768x1024.jpg 768w, https:\/\/www.prokol.com\/wp-content\/uploads\/Chemische_industrie_04-1152x1536.jpg 1152w, https:\/\/www.prokol.com\/wp-content\/uploads\/Chemische_industrie_04-1536x2048.jpg 1536w, https:\/\/www.prokol.com\/wp-content\/uploads\/Chemische_industrie_04-1125x1500.jpg 1125w, https:\/\/www.prokol.com\/wp-content\/uploads\/Chemische_industrie_04-529x705.jpg 529w, https:\/\/www.prokol.com\/wp-content\/uploads\/Chemische_industrie_04-18x24.jpg 18w, https:\/\/www.prokol.com\/wp-content\/uploads\/Chemische_industrie_04-27x36.jpg 27w, https:\/\/www.prokol.com\/wp-content\/uploads\/Chemische_industrie_04-36x48.jpg 36w, https:\/\/www.prokol.com\/wp-content\/uploads\/Chemische_industrie_04-scaled.jpg 1920w\" data-sizes=\"(max-width: 773px) 100vw, 773px\" class='avia_image'  aria-label='Chemische industrie'><img decoding=\"async\" fetchpriority=\"high\" class='wp-image-10518 avia-img-lazy-loading-not-10518 avia_image ' src=\"https:\/\/www.prokol.com\/wp-content\/uploads\/Chemische_industrie_04-180x180.jpg\" alt='' title='Chemische industrie'  height=\"180\" width=\"180\"  itemprop=\"thumbnailUrl\" srcset=\"https:\/\/www.prokol.com\/wp-content\/uploads\/Chemische_industrie_04-180x180.jpg 180w, https:\/\/www.prokol.com\/wp-content\/uploads\/Chemische_industrie_04-scaled-300x300.jpg 300w, https:\/\/www.prokol.com\/wp-content\/uploads\/Chemische_industrie_04-scaled-100x100.jpg 100w, https:\/\/www.prokol.com\/wp-content\/uploads\/Chemische_industrie_04-80x80.jpg 80w, https:\/\/www.prokol.com\/wp-content\/uploads\/Chemische_industrie_04-36x36.jpg 36w\" sizes=\"(max-width: 180px) 100vw, 180px\" \/><\/a><\/div><\/div><\/div><\/p><\/div>\n","protected":false},"excerpt":{"rendered":"","protected":false},"author":3,"featured_media":0,"parent":19302,"menu_order":0,"comment_status":"closed","ping_status":"closed","template":"","meta":{"inline_featured_image":false,"footnotes":""},"tags":[],"class_list":["post-18994","page","type-page","status-publish","hentry"],"yoast_head":"<!-- This site is optimized with the Yoast SEO plugin v27.2 - https:\/\/yoast.com\/product\/yoast-seo-wordpress\/ -->\n<title>Beschichtungen, die gegen verschiedene Chemikalien resistent sind<\/title>\n<meta name=\"description\" content=\"Beschichtungen, die gegen verschiedene Chemikalien resistent sind\" \/>\n<meta name=\"robots\" content=\"index, follow, max-snippet:-1, max-image-preview:large, max-video-preview:-1\" \/>\n<link rel=\"canonical\" href=\"https:\/\/www.prokol.com\/de\/anwendungen\/industrie\/chemische-industrie\/\" \/>\n<meta property=\"og:locale\" content=\"de_DE\" \/>\n<meta property=\"og:type\" content=\"article\" \/>\n<meta property=\"og:title\" content=\"Beschichtungen, die gegen verschiedene Chemikalien resistent sind\" \/>\n<meta property=\"og:description\" content=\"Beschichtungen, die gegen verschiedene Chemikalien resistent sind\" \/>\n<meta property=\"og:url\" content=\"https:\/\/www.prokol.com\/de\/anwendungen\/industrie\/chemische-industrie\/\" \/>\n<meta property=\"og:site_name\" content=\"Prokol Protective Coatings\" \/>\n<meta property=\"article:modified_time\" content=\"2023-04-19T10:42:08+00:00\" \/>\n<meta name=\"twitter:card\" content=\"summary_large_image\" \/>\n<meta name=\"twitter:label1\" content=\"Gesch\u00e4tzte Lesezeit\" \/>\n\t<meta name=\"twitter:data1\" content=\"5\u00a0Minuten\" \/>\n<script type=\"application\/ld+json\" class=\"yoast-schema-graph\">{\"@context\":\"https:\/\/schema.org\",\"@graph\":[{\"@type\":\"WebPage\",\"@id\":\"https:\/\/www.prokol.com\/de\/anwendungen\/industrie\/chemische-industrie\/\",\"url\":\"https:\/\/www.prokol.com\/de\/anwendungen\/industrie\/chemische-industrie\/\",\"name\":\"Beschichtungen, die gegen verschiedene Chemikalien resistent sind\",\"isPartOf\":{\"@id\":\"https:\/\/www.prokol.com\/de\/#website\"},\"datePublished\":\"2022-03-30T09:34:22+00:00\",\"dateModified\":\"2023-04-19T10:42:08+00:00\",\"description\":\"Beschichtungen, die gegen verschiedene Chemikalien resistent sind\",\"breadcrumb\":{\"@id\":\"https:\/\/www.prokol.com\/de\/anwendungen\/industrie\/chemische-industrie\/#breadcrumb\"},\"inLanguage\":\"de\",\"potentialAction\":[{\"@type\":\"ReadAction\",\"target\":[\"https:\/\/www.prokol.com\/de\/anwendungen\/industrie\/chemische-industrie\/\"]}]},{\"@type\":\"BreadcrumbList\",\"@id\":\"https:\/\/www.prokol.com\/de\/anwendungen\/industrie\/chemische-industrie\/#breadcrumb\",\"itemListElement\":[{\"@type\":\"ListItem\",\"position\":1,\"name\":\"Home\",\"item\":\"https:\/\/www.prokol.com\/de\/prokol-home-de\/\"},{\"@type\":\"ListItem\",\"position\":2,\"name\":\"Anwendungen\",\"item\":\"https:\/\/www.prokol.com\/de\/anwendungen\/\"},{\"@type\":\"ListItem\",\"position\":3,\"name\":\"Industrie\",\"item\":\"https:\/\/www.prokol.com\/de\/anwendungen\/industrie\/\"},{\"@type\":\"ListItem\",\"position\":4,\"name\":\"Chemische Industrie\"}]},{\"@type\":\"WebSite\",\"@id\":\"https:\/\/www.prokol.com\/de\/#website\",\"url\":\"https:\/\/www.prokol.com\/de\/\",\"name\":\"Prokol Protective Coatings\",\"description\":\"POLYUREA HOTSPRAY, GIETVLOEREN EN PARKEERGARAGE COATINGS, VLOEIBARE NAADLOZE KUNSTSTOFFEN\",\"potentialAction\":[{\"@type\":\"SearchAction\",\"target\":{\"@type\":\"EntryPoint\",\"urlTemplate\":\"https:\/\/www.prokol.com\/de\/?s={search_term_string}\"},\"query-input\":{\"@type\":\"PropertyValueSpecification\",\"valueRequired\":true,\"valueName\":\"search_term_string\"}}],\"inLanguage\":\"de\"}]}<\/script>\n<!-- \/ Yoast SEO plugin. -->","yoast_head_json":{"title":"Beschichtungen, die gegen verschiedene Chemikalien resistent sind","description":"Beschichtungen, die gegen verschiedene Chemikalien resistent sind","robots":{"index":"index","follow":"follow","max-snippet":"max-snippet:-1","max-image-preview":"max-image-preview:large","max-video-preview":"max-video-preview:-1"},"canonical":"https:\/\/www.prokol.com\/de\/anwendungen\/industrie\/chemische-industrie\/","og_locale":"de_DE","og_type":"article","og_title":"Beschichtungen, die gegen verschiedene Chemikalien resistent sind","og_description":"Beschichtungen, die gegen verschiedene Chemikalien resistent sind","og_url":"https:\/\/www.prokol.com\/de\/anwendungen\/industrie\/chemische-industrie\/","og_site_name":"Prokol Protective Coatings","article_modified_time":"2023-04-19T10:42:08+00:00","twitter_card":"summary_large_image","twitter_misc":{"Gesch\u00e4tzte Lesezeit":"5\u00a0Minuten"},"schema":{"@context":"https:\/\/schema.org","@graph":[{"@type":"WebPage","@id":"https:\/\/www.prokol.com\/de\/anwendungen\/industrie\/chemische-industrie\/","url":"https:\/\/www.prokol.com\/de\/anwendungen\/industrie\/chemische-industrie\/","name":"Beschichtungen, die gegen verschiedene Chemikalien resistent sind","isPartOf":{"@id":"https:\/\/www.prokol.com\/de\/#website"},"datePublished":"2022-03-30T09:34:22+00:00","dateModified":"2023-04-19T10:42:08+00:00","description":"Beschichtungen, die gegen verschiedene Chemikalien resistent sind","breadcrumb":{"@id":"https:\/\/www.prokol.com\/de\/anwendungen\/industrie\/chemische-industrie\/#breadcrumb"},"inLanguage":"de","potentialAction":[{"@type":"ReadAction","target":["https:\/\/www.prokol.com\/de\/anwendungen\/industrie\/chemische-industrie\/"]}]},{"@type":"BreadcrumbList","@id":"https:\/\/www.prokol.com\/de\/anwendungen\/industrie\/chemische-industrie\/#breadcrumb","itemListElement":[{"@type":"ListItem","position":1,"name":"Home","item":"https:\/\/www.prokol.com\/de\/prokol-home-de\/"},{"@type":"ListItem","position":2,"name":"Anwendungen","item":"https:\/\/www.prokol.com\/de\/anwendungen\/"},{"@type":"ListItem","position":3,"name":"Industrie","item":"https:\/\/www.prokol.com\/de\/anwendungen\/industrie\/"},{"@type":"ListItem","position":4,"name":"Chemische Industrie"}]},{"@type":"WebSite","@id":"https:\/\/www.prokol.com\/de\/#website","url":"https:\/\/www.prokol.com\/de\/","name":"Prokol Protective Coatings","description":"POLYUREA HOTSPRAY, GIETVLOEREN EN PARKEERGARAGE COATINGS, VLOEIBARE NAADLOZE KUNSTSTOFFEN","potentialAction":[{"@type":"SearchAction","target":{"@type":"EntryPoint","urlTemplate":"https:\/\/www.prokol.com\/de\/?s={search_term_string}"},"query-input":{"@type":"PropertyValueSpecification","valueRequired":true,"valueName":"search_term_string"}}],"inLanguage":"de"}]}},"_links":{"self":[{"href":"https:\/\/www.prokol.com\/de\/wp-json\/wp\/v2\/pages\/18994","targetHints":{"allow":["GET"]}}],"collection":[{"href":"https:\/\/www.prokol.com\/de\/wp-json\/wp\/v2\/pages"}],"about":[{"href":"https:\/\/www.prokol.com\/de\/wp-json\/wp\/v2\/types\/page"}],"author":[{"embeddable":true,"href":"https:\/\/www.prokol.com\/de\/wp-json\/wp\/v2\/users\/3"}],"replies":[{"embeddable":true,"href":"https:\/\/www.prokol.com\/de\/wp-json\/wp\/v2\/comments?post=18994"}],"version-history":[{"count":5,"href":"https:\/\/www.prokol.com\/de\/wp-json\/wp\/v2\/pages\/18994\/revisions"}],"predecessor-version":[{"id":19150,"href":"https:\/\/www.prokol.com\/de\/wp-json\/wp\/v2\/pages\/18994\/revisions\/19150"}],"up":[{"embeddable":true,"href":"https:\/\/www.prokol.com\/de\/wp-json\/wp\/v2\/pages\/19302"}],"wp:attachment":[{"href":"https:\/\/www.prokol.com\/de\/wp-json\/wp\/v2\/media?parent=18994"}],"wp:term":[{"taxonomy":"post_tag","embeddable":true,"href":"https:\/\/www.prokol.com\/de\/wp-json\/wp\/v2\/tags?post=18994"}],"curies":[{"name":"wp","href":"https:\/\/api.w.org\/{rel}","templated":true}]}}