{"id":19006,"date":"2022-03-30T13:09:17","date_gmt":"2022-03-30T11:09:17","guid":{"rendered":"https:\/\/www.prokol.com\/energie\/"},"modified":"2023-04-19T12:42:10","modified_gmt":"2023-04-19T10:42:10","slug":"energie","status":"publish","type":"page","link":"https:\/\/www.prokol.com\/de\/anwendungen\/industrie\/energie\/","title":{"rendered":"Energie"},"content":{"rendered":"<div id='full_slider_1'  class='avia-fullwidth-slider main_color avia-shadow   avia-builder-el-0  el_before_av_three_fifth  avia-builder-el-first  vervolgslide  container_wrap fullsize'  >\n<style type=\"text\/css\" data-created_by=\"avia_inline_auto\" id=\"style-css-av-k4179f0p-acede921c93825f4aeea30d99a7ef583\">\n#top #wrap_all .avia-slideshow .av-slideshow-caption.av-k4179f0p-acede921c93825f4aeea30d99a7ef583__0 .avia-caption-title{\nfont-size:50px;\n}\n#top .avia-slideshow .av-slideshow-caption.av-k4179f0p-acede921c93825f4aeea30d99a7ef583__0 .avia-caption-content{\nfont-size:18px;\n}\n#top .avia-slideshow .av-slideshow-caption.av-k4179f0p-acede921c93825f4aeea30d99a7ef583__0 .avia-caption-content p{\nfont-size:18px;\n}\n\n@media only screen and (min-width: 768px) and (max-width: 989px){ \n#top .avia-slideshow .av-slideshow-caption.av-k4179f0p-acede921c93825f4aeea30d99a7ef583__0 .avia-caption-content{\ndisplay:none;\n}\n#top .avia-slideshow .av-slideshow-caption.av-k4179f0p-acede921c93825f4aeea30d99a7ef583__0 .avia-caption-content p{\ndisplay:none;\n}\n}\n\n@media only screen and (min-width: 480px) and (max-width: 767px){ \n#top .avia-slideshow .av-slideshow-caption.av-k4179f0p-acede921c93825f4aeea30d99a7ef583__0 .avia-caption-content{\ndisplay:none;\n}\n#top .avia-slideshow .av-slideshow-caption.av-k4179f0p-acede921c93825f4aeea30d99a7ef583__0 .avia-caption-content p{\ndisplay:none;\n}\n}\n\n@media only screen and (max-width: 479px){ \n#top .avia-slideshow .av-slideshow-caption.av-k4179f0p-acede921c93825f4aeea30d99a7ef583__0 .avia-caption-content{\ndisplay:none;\n}\n#top .avia-slideshow .av-slideshow-caption.av-k4179f0p-acede921c93825f4aeea30d99a7ef583__0 .avia-caption-content p{\ndisplay:none;\n}\n}\n<\/style>\n<div  class='avia-slideshow av-k4179f0p-acede921c93825f4aeea30d99a7ef583 avia-slideshow-featured av_slideshow_full avia-fade-slider vervolgslide av-slideshow-ui av-control-minimal av-slideshow-autoplay av-loop-endless av-loop-manual-endless av-default-height-applied   avia-slideshow-1' data-slideshow-options=\"{&quot;animation&quot;:&quot;fade&quot;,&quot;autoplay&quot;:true,&quot;loop_autoplay&quot;:&quot;endless&quot;,&quot;interval&quot;:5,&quot;loop_manual&quot;:&quot;manual-endless&quot;,&quot;autoplay_stopper&quot;:false,&quot;noNavigation&quot;:false,&quot;bg_slider&quot;:false,&quot;keep_padding&quot;:false,&quot;hoverpause&quot;:false,&quot;show_slide_delay&quot;:0}\"  itemprop=\"image\" itemscope=\"itemscope\" itemtype=\"https:\/\/schema.org\/ImageObject\" ><ul class='avia-slideshow-inner ' style='padding-bottom: 28.666666666667%;'><li  class='avia-slideshow-slide av-k4179f0p-acede921c93825f4aeea30d99a7ef583__0  av-single-slide slide-1 slide-odd'><div data-rel='slideshow-1' class='avia-slide-wrap '   ><div class='av-slideshow-caption av-k4179f0p-acede921c93825f4aeea30d99a7ef583__0 caption_fullwidth caption_left'><div class=\"container caption_container\"><div class=\"slideshow_caption\"><div class=\"slideshow_inner_caption\"><div class=\"slideshow_align_caption\"><h2 class='avia-caption-title '  itemprop=\"name\" ><span style=\"color: #df4c23;\">-<\/span><br \/>\nEnergie<\/h2><div class='avia-caption-content '  itemprop=\"description\" ><p>Stecken Sie Ihre Energie in eine gute Verarbeitung!<\/p>\n<\/div><\/div><\/div><\/div><\/div><\/div><img decoding=\"async\" fetchpriority=\"high\" class=\"wp-image-10128 avia-img-lazy-loading-not-10128\"  src=\"https:\/\/www.prokol.com\/wp-content\/uploads\/Banner_energie-1-1500x430.jpg\" width=\"1500\" height=\"430\" title='Energie' alt=''  itemprop=\"thumbnailUrl\" srcset=\"https:\/\/www.prokol.com\/wp-content\/uploads\/Banner_energie-1.jpg 1500w, https:\/\/www.prokol.com\/wp-content\/uploads\/Banner_energie-1-600x172.jpg 600w, https:\/\/www.prokol.com\/wp-content\/uploads\/Banner_energie-1-300x86.jpg 300w, https:\/\/www.prokol.com\/wp-content\/uploads\/Banner_energie-1-1030x295.jpg 1030w, https:\/\/www.prokol.com\/wp-content\/uploads\/Banner_energie-1-768x220.jpg 768w, https:\/\/www.prokol.com\/wp-content\/uploads\/Banner_energie-1-705x202.jpg 705w, https:\/\/www.prokol.com\/wp-content\/uploads\/Banner_energie-1-24x7.jpg 24w, https:\/\/www.prokol.com\/wp-content\/uploads\/Banner_energie-1-36x10.jpg 36w, https:\/\/www.prokol.com\/wp-content\/uploads\/Banner_energie-1-48x14.jpg 48w\" sizes=\"(max-width: 1500px) 100vw, 1500px\" \/><div class='av-section-color-overlay' style='opacity: 0.5; background-image: url(https:\/\/www.prokol.com\/wp-content\/uploads\/2019\/12\/Overlay.png); background-repeat: repeat;'><\/div><\/div><\/li><\/ul><\/div><\/div><div id='after_full_slider_1'  class='main_color av_default_container_wrap container_wrap fullsize'  ><div class='container av-section-cont-open' ><div class='template-page content  av-content-full alpha units'><div class='post-entry post-entry-type-page post-entry-19006'><div class='entry-content-wrapper clearfix'>\n\n<style type=\"text\/css\" data-created_by=\"avia_inline_auto\" id=\"style-css-av-hgjsh-61ebd7c99414aef92e10b413a04964c7\">\n.flex_column.av-hgjsh-61ebd7c99414aef92e10b413a04964c7{\nborder-radius:0px 0px 0px 0px;\npadding:0px 0px 0px 0px;\n}\n<\/style>\n<div  class='flex_column av-hgjsh-61ebd7c99414aef92e10b413a04964c7 av_three_fifth  avia-builder-el-1  el_after_av_slideshow_full  el_before_av_two_fifth  avia-builder-el-first  first flex_column_div av-zero-column-padding  '     ><section  class='av_textblock_section av-kde9cj1t-733622bddd2480cffdd6c27dc22482a0 '   itemscope=\"itemscope\" itemtype=\"https:\/\/schema.org\/CreativeWork\" ><div class='avia_textblock'  itemprop=\"text\" ><h5>Verschiedene Arten von Energiequellen<\/h5>\n<p>Neben den traditionellen Energiequellen wie \u00d6l, Kohle und Gas (fossile Brennstoffe) besteht ein gro\u00dfes Interesse an erneuerbaren Energien wie Sonne, Wind, Wasser, Biomasse sowie Luft- und Erdw\u00e4rme. Unternehmen, die fossile Brennstoffe einsetzen, verf\u00fcgen in der Regel \u00fcber gro\u00dfe Fabriken\/Kraftwerke mit Kesseln\/Tanks und Turbinen, aus denen schlie\u00dflich Energie bezogen wird.<\/p>\n<h5>Energiespeicherung<\/h5>\n<p>Lagerbereiche wie Bunker\/Tanks, Produktionsbereiche und Arbeitsfl\u00e4chen haben oft metallische oder mineralische Untergr\u00fcnde. Diese Oberfl\u00e4chen k\u00f6nnen durch organische und\/oder anorganische Verbindungen besch\u00e4digt werden. Auch Unternehmen, die sich mit nachhaltiger Energie besch\u00e4ftigen, haben in der Regel Anlagen in Form von Kraftwerken. Beispiele hierf\u00fcr sind Biogasanlagen und Wasserkraftwerke.<\/p>\n<h5>Ein Untergrund mit langer Lebensdauer<\/h5>\n<p>Solarmodule werden h\u00e4ufig auf Solarparks oder D\u00e4chern angebracht und haben eine relativ lange Lebensdauer. Prokol erm\u00f6glicht es, auch dem Untergrund, auf dem sie angebracht oder befestigt sind, eine lange Lebensdauer zu verleihen. Der langfristige Schutz solcher Untergr\u00fcnde kann \u00e4u\u00dferst kosteng\u00fcnstig sein. Prokol kann Ihnen mit einem ma\u00dfgeschneiderten Beschichtungssystem auf der Grundlage der Rocathaan-Polyurea-Techniken helfen.<\/p>\n<h5>Vorteile:<\/h5>\n<ul>\n<li>Schnell trocknend<\/li>\n<li>Nahtlos und fl\u00fcssigkeitsdicht<\/li>\n<li>Dauerhaft elastisch und riss\u00fcberbr\u00fcckend<\/li>\n<li>Gute Best\u00e4ndigkeit gegen organische und anorganische Verbindungen<\/li>\n<li>Gute Best\u00e4ndigkeit gegen hohe und niedrige Temperaturen<\/li>\n<li>Langlebig<\/li>\n<li>Verschlei\u00dffest und strapazierf\u00e4hig<\/li>\n<\/ul>\n<\/div><\/section><\/div>\n\n<style type=\"text\/css\" data-created_by=\"avia_inline_auto\" id=\"style-css-av-hgjsh-4ad6bf0d2fc62696990cb6c5e6302c63\">\n.flex_column.av-hgjsh-4ad6bf0d2fc62696990cb6c5e6302c63{\nborder-radius:0px 0px 0px 0px;\npadding:0px 0px 0px 0px;\n}\n<\/style>\n<div  class='flex_column av-hgjsh-4ad6bf0d2fc62696990cb6c5e6302c63 av_two_fifth  avia-builder-el-3  el_after_av_three_fifth  avia-builder-el-last  flex_column_div av-zero-column-padding  '     ><p>\n<style type=\"text\/css\" data-created_by=\"avia_inline_auto\" id=\"style-css-av-kde9de9x-21a2098a6a31d09b0f703096725b5337\">\n.avia-image-container.av-kde9de9x-21a2098a6a31d09b0f703096725b5337 img.avia_image{\nbox-shadow:none;\n}\n.avia-image-container.av-kde9de9x-21a2098a6a31d09b0f703096725b5337 .av-image-caption-overlay-center{\ncolor:#ffffff;\n}\n<\/style>\n<div  class='avia-image-container av-kde9de9x-21a2098a6a31d09b0f703096725b5337 av-styling- avia-align-left  avia-builder-el-4  el_before_av_image  avia-builder-el-first '   itemprop=\"image\" itemscope=\"itemscope\" itemtype=\"https:\/\/schema.org\/ImageObject\" ><div class=\"avia-image-container-inner\"><div class=\"avia-image-overlay-wrap\"><a href=\"https:\/\/www.prokol.com\/wp-content\/uploads\/Energie_02-1030x773.jpg\" data-srcset=\"https:\/\/www.prokol.com\/wp-content\/uploads\/Energie_02-1030x773.jpg 1030w, https:\/\/www.prokol.com\/wp-content\/uploads\/Energie_02-scaled-600x450.jpg 600w, https:\/\/www.prokol.com\/wp-content\/uploads\/Energie_02-300x225.jpg 300w, https:\/\/www.prokol.com\/wp-content\/uploads\/Energie_02-768x576.jpg 768w, https:\/\/www.prokol.com\/wp-content\/uploads\/Energie_02-1536x1152.jpg 1536w, https:\/\/www.prokol.com\/wp-content\/uploads\/Energie_02-2048x1536.jpg 2048w, https:\/\/www.prokol.com\/wp-content\/uploads\/Energie_02-1500x1125.jpg 1500w, https:\/\/www.prokol.com\/wp-content\/uploads\/Energie_02-705x529.jpg 705w, https:\/\/www.prokol.com\/wp-content\/uploads\/Energie_02-24x18.jpg 24w, https:\/\/www.prokol.com\/wp-content\/uploads\/Energie_02-36x27.jpg 36w, https:\/\/www.prokol.com\/wp-content\/uploads\/Energie_02-48x36.jpg 48w\" data-sizes=\"(max-width: 1030px) 100vw, 1030px\" class='avia_image'  aria-label='Energie'><img decoding=\"async\" fetchpriority=\"high\" class='wp-image-13772 avia-img-lazy-loading-not-13772 avia_image ' src=\"https:\/\/www.prokol.com\/wp-content\/uploads\/Energie_02-180x180.jpg\" alt='' title='Energie'  height=\"180\" width=\"180\"  itemprop=\"thumbnailUrl\" srcset=\"https:\/\/www.prokol.com\/wp-content\/uploads\/Energie_02-180x180.jpg 180w, https:\/\/www.prokol.com\/wp-content\/uploads\/Energie_02-scaled-300x300.jpg 300w, https:\/\/www.prokol.com\/wp-content\/uploads\/Energie_02-scaled-100x100.jpg 100w, https:\/\/www.prokol.com\/wp-content\/uploads\/Energie_02-80x80.jpg 80w, https:\/\/www.prokol.com\/wp-content\/uploads\/Energie_02-36x36.jpg 36w\" sizes=\"(max-width: 180px) 100vw, 180px\" \/><\/a><\/div><\/div><\/div><br \/>\n\n<style type=\"text\/css\" data-created_by=\"avia_inline_auto\" id=\"style-css-av-gwzer-3ef528d4db610a7d7ad6282a9ad307fc\">\n.avia-image-container.av-gwzer-3ef528d4db610a7d7ad6282a9ad307fc img.avia_image{\nbox-shadow:none;\n}\n.avia-image-container.av-gwzer-3ef528d4db610a7d7ad6282a9ad307fc .av-image-caption-overlay-center{\ncolor:#ffffff;\n}\n<\/style>\n<div  class='avia-image-container av-gwzer-3ef528d4db610a7d7ad6282a9ad307fc av-styling- avia-align-left  avia-builder-el-5  el_after_av_image  avia-builder-el-last '   itemprop=\"image\" itemscope=\"itemscope\" itemtype=\"https:\/\/schema.org\/ImageObject\" ><div class=\"avia-image-container-inner\"><div class=\"avia-image-overlay-wrap\"><a href=\"https:\/\/www.prokol.com\/wp-content\/uploads\/Energie_01-1030x773.jpg\" data-srcset=\"https:\/\/www.prokol.com\/wp-content\/uploads\/Energie_01-1030x773.jpg 1030w, https:\/\/www.prokol.com\/wp-content\/uploads\/Energie_01-600x450.jpg 600w, https:\/\/www.prokol.com\/wp-content\/uploads\/Energie_01-300x225.jpg 300w, https:\/\/www.prokol.com\/wp-content\/uploads\/Energie_01-768x576.jpg 768w, https:\/\/www.prokol.com\/wp-content\/uploads\/Energie_01-1536x1152.jpg 1536w, https:\/\/www.prokol.com\/wp-content\/uploads\/Energie_01-2048x1536.jpg 2048w, https:\/\/www.prokol.com\/wp-content\/uploads\/Energie_01-1500x1125.jpg 1500w, https:\/\/www.prokol.com\/wp-content\/uploads\/Energie_01-705x529.jpg 705w, https:\/\/www.prokol.com\/wp-content\/uploads\/Energie_01-24x18.jpg 24w, https:\/\/www.prokol.com\/wp-content\/uploads\/Energie_01-36x27.jpg 36w, https:\/\/www.prokol.com\/wp-content\/uploads\/Energie_01-48x36.jpg 48w\" data-sizes=\"(max-width: 1030px) 100vw, 1030px\" class='avia_image'  aria-label='Energie_01'><img decoding=\"async\" fetchpriority=\"high\" class='wp-image-13123 avia-img-lazy-loading-not-13123 avia_image ' src=\"https:\/\/www.prokol.com\/wp-content\/uploads\/Energie_01-180x180.jpg\" alt='' title='Energie_01'  height=\"180\" width=\"180\"  itemprop=\"thumbnailUrl\" srcset=\"https:\/\/www.prokol.com\/wp-content\/uploads\/Energie_01-180x180.jpg 180w, https:\/\/www.prokol.com\/wp-content\/uploads\/Energie_01-300x300.jpg 300w, https:\/\/www.prokol.com\/wp-content\/uploads\/Energie_01-100x100.jpg 100w, https:\/\/www.prokol.com\/wp-content\/uploads\/Energie_01-80x80.jpg 80w, https:\/\/www.prokol.com\/wp-content\/uploads\/Energie_01-36x36.jpg 36w\" sizes=\"(max-width: 180px) 100vw, 180px\" \/><\/a><\/div><\/div><\/div><\/p><\/div>\n","protected":false},"excerpt":{"rendered":"","protected":false},"author":3,"featured_media":0,"parent":19302,"menu_order":0,"comment_status":"closed","ping_status":"closed","template":"","meta":{"inline_featured_image":false,"footnotes":""},"tags":[],"class_list":["post-19006","page","type-page","status-publish","hentry"],"yoast_head":"<!-- This site is optimized with the Yoast SEO plugin v27.2 - https:\/\/yoast.com\/product\/yoast-seo-wordpress\/ -->\n<title>Stecken Sie Ihre Energie in eine gute Verarbeitung!<\/title>\n<meta name=\"description\" content=\"Stecken Sie Ihre Energie in eine gute Verarbeitung!\" \/>\n<meta name=\"robots\" content=\"index, follow, max-snippet:-1, max-image-preview:large, max-video-preview:-1\" \/>\n<link rel=\"canonical\" href=\"https:\/\/www.prokol.com\/de\/anwendungen\/industrie\/energie\/\" \/>\n<meta property=\"og:locale\" content=\"de_DE\" \/>\n<meta property=\"og:type\" content=\"article\" \/>\n<meta property=\"og:title\" content=\"Stecken Sie Ihre Energie in eine gute Verarbeitung!\" \/>\n<meta property=\"og:description\" content=\"Stecken Sie Ihre Energie in eine gute Verarbeitung!\" \/>\n<meta property=\"og:url\" content=\"https:\/\/www.prokol.com\/de\/anwendungen\/industrie\/energie\/\" \/>\n<meta property=\"og:site_name\" content=\"Prokol Protective Coatings\" \/>\n<meta property=\"article:modified_time\" content=\"2023-04-19T10:42:10+00:00\" \/>\n<meta name=\"twitter:card\" content=\"summary_large_image\" \/>\n<meta name=\"twitter:label1\" content=\"Gesch\u00e4tzte Lesezeit\" \/>\n\t<meta name=\"twitter:data1\" content=\"5\u00a0Minuten\" \/>\n<script type=\"application\/ld+json\" class=\"yoast-schema-graph\">{\"@context\":\"https:\/\/schema.org\",\"@graph\":[{\"@type\":\"WebPage\",\"@id\":\"https:\/\/www.prokol.com\/de\/anwendungen\/industrie\/energie\/\",\"url\":\"https:\/\/www.prokol.com\/de\/anwendungen\/industrie\/energie\/\",\"name\":\"Stecken Sie Ihre Energie in eine gute Verarbeitung!\",\"isPartOf\":{\"@id\":\"https:\/\/www.prokol.com\/de\/#website\"},\"datePublished\":\"2022-03-30T11:09:17+00:00\",\"dateModified\":\"2023-04-19T10:42:10+00:00\",\"description\":\"Stecken Sie Ihre Energie in eine gute Verarbeitung!\",\"breadcrumb\":{\"@id\":\"https:\/\/www.prokol.com\/de\/anwendungen\/industrie\/energie\/#breadcrumb\"},\"inLanguage\":\"de\",\"potentialAction\":[{\"@type\":\"ReadAction\",\"target\":[\"https:\/\/www.prokol.com\/de\/anwendungen\/industrie\/energie\/\"]}]},{\"@type\":\"BreadcrumbList\",\"@id\":\"https:\/\/www.prokol.com\/de\/anwendungen\/industrie\/energie\/#breadcrumb\",\"itemListElement\":[{\"@type\":\"ListItem\",\"position\":1,\"name\":\"Home\",\"item\":\"https:\/\/www.prokol.com\/de\/prokol-home-de\/\"},{\"@type\":\"ListItem\",\"position\":2,\"name\":\"Anwendungen\",\"item\":\"https:\/\/www.prokol.com\/de\/anwendungen\/\"},{\"@type\":\"ListItem\",\"position\":3,\"name\":\"Industrie\",\"item\":\"https:\/\/www.prokol.com\/de\/anwendungen\/industrie\/\"},{\"@type\":\"ListItem\",\"position\":4,\"name\":\"Energie\"}]},{\"@type\":\"WebSite\",\"@id\":\"https:\/\/www.prokol.com\/de\/#website\",\"url\":\"https:\/\/www.prokol.com\/de\/\",\"name\":\"Prokol Protective Coatings\",\"description\":\"POLYUREA HOTSPRAY, GIETVLOEREN EN PARKEERGARAGE COATINGS, VLOEIBARE NAADLOZE KUNSTSTOFFEN\",\"potentialAction\":[{\"@type\":\"SearchAction\",\"target\":{\"@type\":\"EntryPoint\",\"urlTemplate\":\"https:\/\/www.prokol.com\/de\/?s={search_term_string}\"},\"query-input\":{\"@type\":\"PropertyValueSpecification\",\"valueRequired\":true,\"valueName\":\"search_term_string\"}}],\"inLanguage\":\"de\"}]}<\/script>\n<!-- \/ Yoast SEO plugin. -->","yoast_head_json":{"title":"Stecken Sie Ihre Energie in eine gute Verarbeitung!","description":"Stecken Sie Ihre Energie in eine gute Verarbeitung!","robots":{"index":"index","follow":"follow","max-snippet":"max-snippet:-1","max-image-preview":"max-image-preview:large","max-video-preview":"max-video-preview:-1"},"canonical":"https:\/\/www.prokol.com\/de\/anwendungen\/industrie\/energie\/","og_locale":"de_DE","og_type":"article","og_title":"Stecken Sie Ihre Energie in eine gute Verarbeitung!","og_description":"Stecken Sie Ihre Energie in eine gute Verarbeitung!","og_url":"https:\/\/www.prokol.com\/de\/anwendungen\/industrie\/energie\/","og_site_name":"Prokol Protective Coatings","article_modified_time":"2023-04-19T10:42:10+00:00","twitter_card":"summary_large_image","twitter_misc":{"Gesch\u00e4tzte Lesezeit":"5\u00a0Minuten"},"schema":{"@context":"https:\/\/schema.org","@graph":[{"@type":"WebPage","@id":"https:\/\/www.prokol.com\/de\/anwendungen\/industrie\/energie\/","url":"https:\/\/www.prokol.com\/de\/anwendungen\/industrie\/energie\/","name":"Stecken Sie Ihre Energie in eine gute Verarbeitung!","isPartOf":{"@id":"https:\/\/www.prokol.com\/de\/#website"},"datePublished":"2022-03-30T11:09:17+00:00","dateModified":"2023-04-19T10:42:10+00:00","description":"Stecken Sie Ihre Energie in eine gute Verarbeitung!","breadcrumb":{"@id":"https:\/\/www.prokol.com\/de\/anwendungen\/industrie\/energie\/#breadcrumb"},"inLanguage":"de","potentialAction":[{"@type":"ReadAction","target":["https:\/\/www.prokol.com\/de\/anwendungen\/industrie\/energie\/"]}]},{"@type":"BreadcrumbList","@id":"https:\/\/www.prokol.com\/de\/anwendungen\/industrie\/energie\/#breadcrumb","itemListElement":[{"@type":"ListItem","position":1,"name":"Home","item":"https:\/\/www.prokol.com\/de\/prokol-home-de\/"},{"@type":"ListItem","position":2,"name":"Anwendungen","item":"https:\/\/www.prokol.com\/de\/anwendungen\/"},{"@type":"ListItem","position":3,"name":"Industrie","item":"https:\/\/www.prokol.com\/de\/anwendungen\/industrie\/"},{"@type":"ListItem","position":4,"name":"Energie"}]},{"@type":"WebSite","@id":"https:\/\/www.prokol.com\/de\/#website","url":"https:\/\/www.prokol.com\/de\/","name":"Prokol Protective Coatings","description":"POLYUREA HOTSPRAY, GIETVLOEREN EN PARKEERGARAGE COATINGS, VLOEIBARE NAADLOZE KUNSTSTOFFEN","potentialAction":[{"@type":"SearchAction","target":{"@type":"EntryPoint","urlTemplate":"https:\/\/www.prokol.com\/de\/?s={search_term_string}"},"query-input":{"@type":"PropertyValueSpecification","valueRequired":true,"valueName":"search_term_string"}}],"inLanguage":"de"}]}},"_links":{"self":[{"href":"https:\/\/www.prokol.com\/de\/wp-json\/wp\/v2\/pages\/19006","targetHints":{"allow":["GET"]}}],"collection":[{"href":"https:\/\/www.prokol.com\/de\/wp-json\/wp\/v2\/pages"}],"about":[{"href":"https:\/\/www.prokol.com\/de\/wp-json\/wp\/v2\/types\/page"}],"author":[{"embeddable":true,"href":"https:\/\/www.prokol.com\/de\/wp-json\/wp\/v2\/users\/3"}],"replies":[{"embeddable":true,"href":"https:\/\/www.prokol.com\/de\/wp-json\/wp\/v2\/comments?post=19006"}],"version-history":[{"count":5,"href":"https:\/\/www.prokol.com\/de\/wp-json\/wp\/v2\/pages\/19006\/revisions"}],"predecessor-version":[{"id":19162,"href":"https:\/\/www.prokol.com\/de\/wp-json\/wp\/v2\/pages\/19006\/revisions\/19162"}],"up":[{"embeddable":true,"href":"https:\/\/www.prokol.com\/de\/wp-json\/wp\/v2\/pages\/19302"}],"wp:attachment":[{"href":"https:\/\/www.prokol.com\/de\/wp-json\/wp\/v2\/media?parent=19006"}],"wp:term":[{"taxonomy":"post_tag","embeddable":true,"href":"https:\/\/www.prokol.com\/de\/wp-json\/wp\/v2\/tags?post=19006"}],"curies":[{"name":"wp","href":"https:\/\/api.w.org\/{rel}","templated":true}]}}