{"id":19009,"date":"2022-03-30T13:11:42","date_gmt":"2022-03-30T11:11:42","guid":{"rendered":"https:\/\/www.prokol.com\/metallindustrie\/"},"modified":"2023-04-19T12:42:12","modified_gmt":"2023-04-19T10:42:12","slug":"metallindustrie","status":"publish","type":"page","link":"https:\/\/www.prokol.com\/de\/anwendungen\/industrie\/metallindustrie\/","title":{"rendered":"Metallindustrie"},"content":{"rendered":"<div id='full_slider_1'  class='avia-fullwidth-slider main_color avia-shadow   avia-builder-el-0  el_before_av_three_fifth  avia-builder-el-first  vervolgslide  container_wrap fullsize'  >\n<style type=\"text\/css\" data-created_by=\"avia_inline_auto\" id=\"style-css-av-k4179f0p-acede921c93825f4aeea30d99a7ef583\">\n#top #wrap_all .avia-slideshow .av-slideshow-caption.av-k4179f0p-acede921c93825f4aeea30d99a7ef583__0 .avia-caption-title{\nfont-size:50px;\n}\n#top .avia-slideshow .av-slideshow-caption.av-k4179f0p-acede921c93825f4aeea30d99a7ef583__0 .avia-caption-content{\nfont-size:18px;\n}\n#top .avia-slideshow .av-slideshow-caption.av-k4179f0p-acede921c93825f4aeea30d99a7ef583__0 .avia-caption-content p{\nfont-size:18px;\n}\n\n@media only screen and (min-width: 768px) and (max-width: 989px){ \n#top .avia-slideshow .av-slideshow-caption.av-k4179f0p-acede921c93825f4aeea30d99a7ef583__0 .avia-caption-content{\ndisplay:none;\n}\n#top .avia-slideshow .av-slideshow-caption.av-k4179f0p-acede921c93825f4aeea30d99a7ef583__0 .avia-caption-content p{\ndisplay:none;\n}\n}\n\n@media only screen and (min-width: 480px) and (max-width: 767px){ \n#top .avia-slideshow .av-slideshow-caption.av-k4179f0p-acede921c93825f4aeea30d99a7ef583__0 .avia-caption-content{\ndisplay:none;\n}\n#top .avia-slideshow .av-slideshow-caption.av-k4179f0p-acede921c93825f4aeea30d99a7ef583__0 .avia-caption-content p{\ndisplay:none;\n}\n}\n\n@media only screen and (max-width: 479px){ \n#top .avia-slideshow .av-slideshow-caption.av-k4179f0p-acede921c93825f4aeea30d99a7ef583__0 .avia-caption-content{\ndisplay:none;\n}\n#top .avia-slideshow .av-slideshow-caption.av-k4179f0p-acede921c93825f4aeea30d99a7ef583__0 .avia-caption-content p{\ndisplay:none;\n}\n}\n<\/style>\n<div  class='avia-slideshow av-k4179f0p-acede921c93825f4aeea30d99a7ef583 avia-slideshow-featured av_slideshow_full avia-fade-slider vervolgslide av-slideshow-ui av-control-minimal av-slideshow-autoplay av-loop-endless av-loop-manual-endless av-default-height-applied   avia-slideshow-1' data-slideshow-options=\"{&quot;animation&quot;:&quot;fade&quot;,&quot;autoplay&quot;:true,&quot;loop_autoplay&quot;:&quot;endless&quot;,&quot;interval&quot;:5,&quot;loop_manual&quot;:&quot;manual-endless&quot;,&quot;autoplay_stopper&quot;:false,&quot;noNavigation&quot;:false,&quot;bg_slider&quot;:false,&quot;keep_padding&quot;:false,&quot;hoverpause&quot;:false,&quot;show_slide_delay&quot;:0}\"  itemprop=\"image\" itemscope=\"itemscope\" itemtype=\"https:\/\/schema.org\/ImageObject\" ><ul class='avia-slideshow-inner ' style='padding-bottom: 28.666666666667%;'><li  class='avia-slideshow-slide av-k4179f0p-acede921c93825f4aeea30d99a7ef583__0  av-single-slide slide-1 slide-odd'><div data-rel='slideshow-1' class='avia-slide-wrap '   ><div class='av-slideshow-caption av-k4179f0p-acede921c93825f4aeea30d99a7ef583__0 caption_fullwidth caption_left'><div class=\"container caption_container\"><div class=\"slideshow_caption\"><div class=\"slideshow_inner_caption\"><div class=\"slideshow_align_caption\"><h2 class='avia-caption-title '  itemprop=\"name\" ><span style=\"color: #df4c23;\">-<\/span><br \/>\nMetallindustrie<\/h2><div class='avia-caption-content '  itemprop=\"description\" ><p>Griffiger und abriebfester Boden- oder Wandbelag f\u00fcr Ihren Arbeitsplatz<\/p>\n<\/div><\/div><\/div><\/div><\/div><\/div><img decoding=\"async\" fetchpriority=\"high\" class=\"wp-image-3277 avia-img-lazy-loading-not-3277\"  src=\"https:\/\/www.prokol.com\/wp-content\/uploads\/2020\/08\/Banner_metaalindustrie-1500x430.jpg\" width=\"1500\" height=\"430\" title='Banner_metaalindustrie' alt=''  itemprop=\"thumbnailUrl\" srcset=\"https:\/\/www.prokol.com\/wp-content\/uploads\/2020\/08\/Banner_metaalindustrie.jpg 1500w, https:\/\/www.prokol.com\/wp-content\/uploads\/2020\/08\/Banner_metaalindustrie-600x172.jpg 600w, https:\/\/www.prokol.com\/wp-content\/uploads\/2020\/08\/Banner_metaalindustrie-300x86.jpg 300w, https:\/\/www.prokol.com\/wp-content\/uploads\/2020\/08\/Banner_metaalindustrie-1030x295.jpg 1030w, https:\/\/www.prokol.com\/wp-content\/uploads\/2020\/08\/Banner_metaalindustrie-768x220.jpg 768w, https:\/\/www.prokol.com\/wp-content\/uploads\/2020\/08\/Banner_metaalindustrie-705x202.jpg 705w\" sizes=\"(max-width: 1500px) 100vw, 1500px\" \/><div class='av-section-color-overlay' style='opacity: 0.5; background-image: url(https:\/\/www.prokol.com\/wp-content\/uploads\/2019\/12\/Overlay.png); background-repeat: repeat;'><\/div><\/div><\/li><\/ul><\/div><\/div><div id='after_full_slider_1'  class='main_color av_default_container_wrap container_wrap fullsize'  ><div class='container av-section-cont-open' ><div class='template-page content  av-content-full alpha units'><div class='post-entry post-entry-type-page post-entry-19009'><div class='entry-content-wrapper clearfix'>\n\n<style type=\"text\/css\" data-created_by=\"avia_inline_auto\" id=\"style-css-av-hgjsh-61ebd7c99414aef92e10b413a04964c7\">\n.flex_column.av-hgjsh-61ebd7c99414aef92e10b413a04964c7{\nborder-radius:0px 0px 0px 0px;\npadding:0px 0px 0px 0px;\n}\n<\/style>\n<div  class='flex_column av-hgjsh-61ebd7c99414aef92e10b413a04964c7 av_three_fifth  avia-builder-el-1  el_after_av_slideshow_full  el_before_av_two_fifth  avia-builder-el-first  first flex_column_div av-zero-column-padding  '     ><section  class='av_textblock_section av-kde9cj1t-733622bddd2480cffdd6c27dc22482a0 '   itemscope=\"itemscope\" itemtype=\"https:\/\/schema.org\/CreativeWork\" ><div class='avia_textblock'  itemprop=\"text\" ><h5>Vom Rohstoff zum verarbeitbaren Stoff<\/h5>\n<p>Die Metallindustrie ist eine sehr langkettige Industrie. Eine Industrie, die mit Erzen beginnt und schlie\u00dflich beim Verbraucher\/Nutzer in allen Arten von Gegenst\u00e4nden\/Produkten (z. B. Maschinen, Ger\u00e4te und Transportmittel) endet. Eine sehr schwere Industrie, vom Rohstoff (man denke an die Hoch\u00f6fen) bis zur Feinstmetallverarbeitung. Diese k\u00f6nnen unterteilt werden in zerspanende Verfahren wie Bohren, Drehen, Fr\u00e4sen, Schleifen und S\u00e4gen sowie nicht-zerspanende Verfahren wie Biegen, Gie\u00dfen, H\u00e4mmern, Pr\u00e4gen, Pressen, Stanzen, Schmieden und Walzen.<\/p>\n<h5>Bodenbelag<\/h5>\n<p>Diese Prozesse (Produktionskette) laufen \u00fcber Netze von Unternehmen ab, die Halbfertig- und\/oder Fertigprodukte liefern. Jedes Arbeitsumfeld ist anders und birgt unterschiedliche Sicherheitsrisiken. Die Systeme von Prokol sind in erster Linie f\u00fcr Fu\u00dfb\u00f6den (Bodenbel\u00e4ge) gedacht, die einer rauen Behandlung standhalten m\u00fcssen. Sicherheit und Reinigungsf\u00e4higkeit sind ebenfalls wichtig. Prokol ber\u00e4t Sie gerne \u00fcber ein ma\u00dfgeschneidertes Beschichtungssystem.<\/p>\n<h5>Einige Vorteile:<\/h5>\n<ul>\n<li>Schnell trocknend<\/li>\n<li>Nahtlos und fl\u00fcssigkeitsdicht<\/li>\n<li>Schalldicht, dauerelastisch<\/li>\n<li>Weichmacherbest\u00e4ndig<\/li>\n<li>Gute Schlagfestigkeit<\/li>\n<li>Langlebig<\/li>\n<li>Strapazierf\u00e4hig und belastbar<\/li>\n<\/ul>\n<\/div><\/section><\/div>\n\n<style type=\"text\/css\" data-created_by=\"avia_inline_auto\" id=\"style-css-av-hgjsh-4ad6bf0d2fc62696990cb6c5e6302c63\">\n.flex_column.av-hgjsh-4ad6bf0d2fc62696990cb6c5e6302c63{\nborder-radius:0px 0px 0px 0px;\npadding:0px 0px 0px 0px;\n}\n<\/style>\n<div  class='flex_column av-hgjsh-4ad6bf0d2fc62696990cb6c5e6302c63 av_two_fifth  avia-builder-el-3  el_after_av_three_fifth  avia-builder-el-last  flex_column_div av-zero-column-padding  '     ><p>\n<style type=\"text\/css\" data-created_by=\"avia_inline_auto\" id=\"style-css-av-kde9de9x-997aae40178caf4271417d271f085ca4\">\n.avia-image-container.av-kde9de9x-997aae40178caf4271417d271f085ca4 img.avia_image{\nbox-shadow:none;\n}\n.avia-image-container.av-kde9de9x-997aae40178caf4271417d271f085ca4 .av-image-caption-overlay-center{\ncolor:#ffffff;\n}\n<\/style>\n<div  class='avia-image-container av-kde9de9x-997aae40178caf4271417d271f085ca4 av-styling- avia-align-left  avia-builder-el-4  el_before_av_image  avia-builder-el-first '   itemprop=\"image\" itemscope=\"itemscope\" itemtype=\"https:\/\/schema.org\/ImageObject\" ><div class=\"avia-image-container-inner\"><div class=\"avia-image-overlay-wrap\"><a href=\"https:\/\/www.prokol.com\/wp-content\/uploads\/Metaalindustrie_02-773x1030.jpg\" data-srcset=\"https:\/\/www.prokol.com\/wp-content\/uploads\/Metaalindustrie_02-773x1030.jpg 773w, https:\/\/www.prokol.com\/wp-content\/uploads\/Metaalindustrie_02-scaled-600x800.jpg 600w, https:\/\/www.prokol.com\/wp-content\/uploads\/Metaalindustrie_02-225x300.jpg 225w, https:\/\/www.prokol.com\/wp-content\/uploads\/Metaalindustrie_02-768x1024.jpg 768w, https:\/\/www.prokol.com\/wp-content\/uploads\/Metaalindustrie_02-1152x1536.jpg 1152w, https:\/\/www.prokol.com\/wp-content\/uploads\/Metaalindustrie_02-1536x2048.jpg 1536w, https:\/\/www.prokol.com\/wp-content\/uploads\/Metaalindustrie_02-1125x1500.jpg 1125w, https:\/\/www.prokol.com\/wp-content\/uploads\/Metaalindustrie_02-529x705.jpg 529w, https:\/\/www.prokol.com\/wp-content\/uploads\/Metaalindustrie_02-18x24.jpg 18w, https:\/\/www.prokol.com\/wp-content\/uploads\/Metaalindustrie_02-27x36.jpg 27w, https:\/\/www.prokol.com\/wp-content\/uploads\/Metaalindustrie_02-36x48.jpg 36w, https:\/\/www.prokol.com\/wp-content\/uploads\/Metaalindustrie_02-scaled.jpg 1920w\" data-sizes=\"(max-width: 773px) 100vw, 773px\" class='avia_image'  aria-label='Metaalindustrie_02'><img decoding=\"async\" fetchpriority=\"high\" class='wp-image-10390 avia-img-lazy-loading-not-10390 avia_image ' src=\"https:\/\/www.prokol.com\/wp-content\/uploads\/Metaalindustrie_02-180x180.jpg\" alt='' title='Metaalindustrie_02'  height=\"180\" width=\"180\"  itemprop=\"thumbnailUrl\" srcset=\"https:\/\/www.prokol.com\/wp-content\/uploads\/Metaalindustrie_02-180x180.jpg 180w, https:\/\/www.prokol.com\/wp-content\/uploads\/Metaalindustrie_02-scaled-300x300.jpg 300w, https:\/\/www.prokol.com\/wp-content\/uploads\/Metaalindustrie_02-scaled-100x100.jpg 100w, https:\/\/www.prokol.com\/wp-content\/uploads\/Metaalindustrie_02-80x80.jpg 80w, https:\/\/www.prokol.com\/wp-content\/uploads\/Metaalindustrie_02-36x36.jpg 36w\" sizes=\"(max-width: 180px) 100vw, 180px\" \/><\/a><\/div><\/div><\/div><br \/>\n\n<style type=\"text\/css\" data-created_by=\"avia_inline_auto\" id=\"style-css-av-kde9de9x-dd84972ecf343d9131041154dc05e053\">\n.avia-image-container.av-kde9de9x-dd84972ecf343d9131041154dc05e053 img.avia_image{\nbox-shadow:none;\n}\n.avia-image-container.av-kde9de9x-dd84972ecf343d9131041154dc05e053 .av-image-caption-overlay-center{\ncolor:#ffffff;\n}\n<\/style>\n<div  class='avia-image-container av-kde9de9x-dd84972ecf343d9131041154dc05e053 av-styling- avia-align-left  avia-builder-el-5  el_after_av_image  el_before_av_image '   itemprop=\"image\" itemscope=\"itemscope\" itemtype=\"https:\/\/schema.org\/ImageObject\" ><div class=\"avia-image-container-inner\"><div class=\"avia-image-overlay-wrap\"><a href=\"https:\/\/www.prokol.com\/wp-content\/uploads\/Metaalindustrie_04-740x1030.jpg\" data-srcset=\"https:\/\/www.prokol.com\/wp-content\/uploads\/Metaalindustrie_04-740x1030.jpg 740w, https:\/\/www.prokol.com\/wp-content\/uploads\/Metaalindustrie_04-600x835.jpg 600w, https:\/\/www.prokol.com\/wp-content\/uploads\/Metaalindustrie_04-216x300.jpg 216w, https:\/\/www.prokol.com\/wp-content\/uploads\/Metaalindustrie_04-768x1069.jpg 768w, https:\/\/www.prokol.com\/wp-content\/uploads\/Metaalindustrie_04-507x705.jpg 507w, https:\/\/www.prokol.com\/wp-content\/uploads\/Metaalindustrie_04-17x24.jpg 17w, https:\/\/www.prokol.com\/wp-content\/uploads\/Metaalindustrie_04-26x36.jpg 26w, https:\/\/www.prokol.com\/wp-content\/uploads\/Metaalindustrie_04-34x48.jpg 34w, https:\/\/www.prokol.com\/wp-content\/uploads\/Metaalindustrie_04.jpg 919w\" data-sizes=\"(max-width: 740px) 100vw, 740px\" class='avia_image'  aria-label='Metaalindustrie_04'><img decoding=\"async\" fetchpriority=\"high\" class='wp-image-10398 avia-img-lazy-loading-not-10398 avia_image ' src=\"https:\/\/www.prokol.com\/wp-content\/uploads\/Metaalindustrie_04-180x180.jpg\" alt='' title='Metaalindustrie_04'  height=\"180\" width=\"180\"  itemprop=\"thumbnailUrl\" srcset=\"https:\/\/www.prokol.com\/wp-content\/uploads\/Metaalindustrie_04-180x180.jpg 180w, https:\/\/www.prokol.com\/wp-content\/uploads\/Metaalindustrie_04-300x300.jpg 300w, https:\/\/www.prokol.com\/wp-content\/uploads\/Metaalindustrie_04-100x100.jpg 100w, https:\/\/www.prokol.com\/wp-content\/uploads\/Metaalindustrie_04-80x80.jpg 80w, https:\/\/www.prokol.com\/wp-content\/uploads\/Metaalindustrie_04-36x36.jpg 36w\" sizes=\"(max-width: 180px) 100vw, 180px\" \/><\/a><\/div><\/div><\/div><br \/>\n\n<style type=\"text\/css\" data-created_by=\"avia_inline_auto\" id=\"style-css-av-kde9dv3w-5ec1c4e8bc8f0c3dae4792c6bbd1b301\">\n.avia-image-container.av-kde9dv3w-5ec1c4e8bc8f0c3dae4792c6bbd1b301 img.avia_image{\nbox-shadow:none;\n}\n.avia-image-container.av-kde9dv3w-5ec1c4e8bc8f0c3dae4792c6bbd1b301 .av-image-caption-overlay-center{\ncolor:#ffffff;\n}\n<\/style>\n<div  class='avia-image-container av-kde9dv3w-5ec1c4e8bc8f0c3dae4792c6bbd1b301 av-styling- avia-align-left  avia-builder-el-6  el_after_av_image  el_before_av_image '   itemprop=\"image\" itemscope=\"itemscope\" itemtype=\"https:\/\/schema.org\/ImageObject\" ><div class=\"avia-image-container-inner\"><div class=\"avia-image-overlay-wrap\"><a href=\"https:\/\/www.prokol.com\/wp-content\/uploads\/Metaalindustrie_01-1030x773.jpg\" data-srcset=\"https:\/\/www.prokol.com\/wp-content\/uploads\/Metaalindustrie_01-1030x773.jpg 1030w, https:\/\/www.prokol.com\/wp-content\/uploads\/Metaalindustrie_01-scaled-600x450.jpg 600w, https:\/\/www.prokol.com\/wp-content\/uploads\/Metaalindustrie_01-300x225.jpg 300w, https:\/\/www.prokol.com\/wp-content\/uploads\/Metaalindustrie_01-768x576.jpg 768w, https:\/\/www.prokol.com\/wp-content\/uploads\/Metaalindustrie_01-1536x1152.jpg 1536w, https:\/\/www.prokol.com\/wp-content\/uploads\/Metaalindustrie_01-2048x1536.jpg 2048w, https:\/\/www.prokol.com\/wp-content\/uploads\/Metaalindustrie_01-1500x1125.jpg 1500w, https:\/\/www.prokol.com\/wp-content\/uploads\/Metaalindustrie_01-705x529.jpg 705w, https:\/\/www.prokol.com\/wp-content\/uploads\/Metaalindustrie_01-24x18.jpg 24w, https:\/\/www.prokol.com\/wp-content\/uploads\/Metaalindustrie_01-36x27.jpg 36w, https:\/\/www.prokol.com\/wp-content\/uploads\/Metaalindustrie_01-48x36.jpg 48w\" data-sizes=\"(max-width: 1030px) 100vw, 1030px\" class='avia_image'  aria-label='OLYMPUS DIGITAL CAMERA'><img decoding=\"async\" fetchpriority=\"high\" class='wp-image-10386 avia-img-lazy-loading-not-10386 avia_image ' src=\"https:\/\/www.prokol.com\/wp-content\/uploads\/Metaalindustrie_01-180x180.jpg\" alt='' title='OLYMPUS DIGITAL CAMERA'  height=\"180\" width=\"180\"  itemprop=\"thumbnailUrl\" srcset=\"https:\/\/www.prokol.com\/wp-content\/uploads\/Metaalindustrie_01-180x180.jpg 180w, https:\/\/www.prokol.com\/wp-content\/uploads\/Metaalindustrie_01-scaled-300x300.jpg 300w, https:\/\/www.prokol.com\/wp-content\/uploads\/Metaalindustrie_01-scaled-100x100.jpg 100w, https:\/\/www.prokol.com\/wp-content\/uploads\/Metaalindustrie_01-80x80.jpg 80w, https:\/\/www.prokol.com\/wp-content\/uploads\/Metaalindustrie_01-36x36.jpg 36w\" sizes=\"(max-width: 180px) 100vw, 180px\" \/><\/a><\/div><\/div><\/div><br \/>\n\n<style type=\"text\/css\" data-created_by=\"avia_inline_auto\" id=\"style-css-av-kde9de9x-cf2c5e309716e753e833372508607bd5\">\n.avia-image-container.av-kde9de9x-cf2c5e309716e753e833372508607bd5 img.avia_image{\nbox-shadow:none;\n}\n.avia-image-container.av-kde9de9x-cf2c5e309716e753e833372508607bd5 .av-image-caption-overlay-center{\ncolor:#ffffff;\n}\n<\/style>\n<div  class='avia-image-container av-kde9de9x-cf2c5e309716e753e833372508607bd5 av-styling- avia-align-left  avia-builder-el-7  el_after_av_image  avia-builder-el-last '   itemprop=\"image\" itemscope=\"itemscope\" itemtype=\"https:\/\/schema.org\/ImageObject\" ><div class=\"avia-image-container-inner\"><div class=\"avia-image-overlay-wrap\"><a href=\"https:\/\/www.prokol.com\/wp-content\/uploads\/Metaalindustrie_03-773x1030.jpg\" data-srcset=\"https:\/\/www.prokol.com\/wp-content\/uploads\/Metaalindustrie_03-773x1030.jpg 773w, https:\/\/www.prokol.com\/wp-content\/uploads\/Metaalindustrie_03-scaled-600x800.jpg 600w, https:\/\/www.prokol.com\/wp-content\/uploads\/Metaalindustrie_03-225x300.jpg 225w, https:\/\/www.prokol.com\/wp-content\/uploads\/Metaalindustrie_03-768x1024.jpg 768w, https:\/\/www.prokol.com\/wp-content\/uploads\/Metaalindustrie_03-1152x1536.jpg 1152w, https:\/\/www.prokol.com\/wp-content\/uploads\/Metaalindustrie_03-1536x2048.jpg 1536w, https:\/\/www.prokol.com\/wp-content\/uploads\/Metaalindustrie_03-1125x1500.jpg 1125w, https:\/\/www.prokol.com\/wp-content\/uploads\/Metaalindustrie_03-529x705.jpg 529w, https:\/\/www.prokol.com\/wp-content\/uploads\/Metaalindustrie_03-18x24.jpg 18w, https:\/\/www.prokol.com\/wp-content\/uploads\/Metaalindustrie_03-27x36.jpg 27w, https:\/\/www.prokol.com\/wp-content\/uploads\/Metaalindustrie_03-36x48.jpg 36w, https:\/\/www.prokol.com\/wp-content\/uploads\/Metaalindustrie_03-scaled.jpg 1920w\" data-sizes=\"(max-width: 773px) 100vw, 773px\" class='avia_image'  aria-label='Metaalindustrie_03'><img decoding=\"async\" fetchpriority=\"high\" class='wp-image-10394 avia-img-lazy-loading-not-10394 avia_image ' src=\"https:\/\/www.prokol.com\/wp-content\/uploads\/Metaalindustrie_03-180x180.jpg\" alt='' title='Metaalindustrie_03'  height=\"180\" width=\"180\"  itemprop=\"thumbnailUrl\" srcset=\"https:\/\/www.prokol.com\/wp-content\/uploads\/Metaalindustrie_03-180x180.jpg 180w, https:\/\/www.prokol.com\/wp-content\/uploads\/Metaalindustrie_03-scaled-300x300.jpg 300w, https:\/\/www.prokol.com\/wp-content\/uploads\/Metaalindustrie_03-scaled-100x100.jpg 100w, https:\/\/www.prokol.com\/wp-content\/uploads\/Metaalindustrie_03-80x80.jpg 80w, https:\/\/www.prokol.com\/wp-content\/uploads\/Metaalindustrie_03-36x36.jpg 36w\" sizes=\"(max-width: 180px) 100vw, 180px\" \/><\/a><\/div><\/div><\/div><\/p><\/div>\n","protected":false},"excerpt":{"rendered":"","protected":false},"author":3,"featured_media":0,"parent":19302,"menu_order":0,"comment_status":"closed","ping_status":"closed","template":"","meta":{"inline_featured_image":false,"footnotes":""},"tags":[],"class_list":["post-19009","page","type-page","status-publish","hentry"],"yoast_head":"<!-- This site is optimized with the Yoast SEO plugin v27.2 - https:\/\/yoast.com\/product\/yoast-seo-wordpress\/ -->\n<title>Griffiger und abriebfester Boden- oder Wandbelag f\u00fcr Ihren Arbeitsplatz<\/title>\n<meta name=\"description\" content=\"Griffiger und abriebfester Boden- oder Wandbelag f\u00fcr Ihren Arbeitsplatz\" \/>\n<meta name=\"robots\" content=\"index, follow, max-snippet:-1, max-image-preview:large, max-video-preview:-1\" \/>\n<link rel=\"canonical\" href=\"https:\/\/www.prokol.com\/de\/anwendungen\/industrie\/metallindustrie\/\" \/>\n<meta property=\"og:locale\" content=\"de_DE\" \/>\n<meta property=\"og:type\" content=\"article\" \/>\n<meta property=\"og:title\" content=\"Griffiger und abriebfester Boden- oder Wandbelag f\u00fcr Ihren Arbeitsplatz\" \/>\n<meta property=\"og:description\" content=\"Griffiger und abriebfester Boden- oder Wandbelag f\u00fcr Ihren Arbeitsplatz\" \/>\n<meta property=\"og:url\" content=\"https:\/\/www.prokol.com\/de\/anwendungen\/industrie\/metallindustrie\/\" \/>\n<meta property=\"og:site_name\" content=\"Prokol Protective Coatings\" \/>\n<meta property=\"article:modified_time\" content=\"2023-04-19T10:42:12+00:00\" \/>\n<meta name=\"twitter:card\" content=\"summary_large_image\" \/>\n<meta name=\"twitter:label1\" content=\"Gesch\u00e4tzte Lesezeit\" \/>\n\t<meta name=\"twitter:data1\" content=\"5\u00a0Minuten\" \/>\n<script type=\"application\/ld+json\" class=\"yoast-schema-graph\">{\"@context\":\"https:\/\/schema.org\",\"@graph\":[{\"@type\":\"WebPage\",\"@id\":\"https:\/\/www.prokol.com\/de\/anwendungen\/industrie\/metallindustrie\/\",\"url\":\"https:\/\/www.prokol.com\/de\/anwendungen\/industrie\/metallindustrie\/\",\"name\":\"Griffiger und abriebfester Boden- oder Wandbelag f\u00fcr Ihren Arbeitsplatz\",\"isPartOf\":{\"@id\":\"https:\/\/www.prokol.com\/de\/#website\"},\"datePublished\":\"2022-03-30T11:11:42+00:00\",\"dateModified\":\"2023-04-19T10:42:12+00:00\",\"description\":\"Griffiger und abriebfester Boden- oder Wandbelag f\u00fcr Ihren Arbeitsplatz\",\"breadcrumb\":{\"@id\":\"https:\/\/www.prokol.com\/de\/anwendungen\/industrie\/metallindustrie\/#breadcrumb\"},\"inLanguage\":\"de\",\"potentialAction\":[{\"@type\":\"ReadAction\",\"target\":[\"https:\/\/www.prokol.com\/de\/anwendungen\/industrie\/metallindustrie\/\"]}]},{\"@type\":\"BreadcrumbList\",\"@id\":\"https:\/\/www.prokol.com\/de\/anwendungen\/industrie\/metallindustrie\/#breadcrumb\",\"itemListElement\":[{\"@type\":\"ListItem\",\"position\":1,\"name\":\"Home\",\"item\":\"https:\/\/www.prokol.com\/de\/prokol-home-de\/\"},{\"@type\":\"ListItem\",\"position\":2,\"name\":\"Anwendungen\",\"item\":\"https:\/\/www.prokol.com\/de\/anwendungen\/\"},{\"@type\":\"ListItem\",\"position\":3,\"name\":\"Industrie\",\"item\":\"https:\/\/www.prokol.com\/de\/anwendungen\/industrie\/\"},{\"@type\":\"ListItem\",\"position\":4,\"name\":\"Metallindustrie\"}]},{\"@type\":\"WebSite\",\"@id\":\"https:\/\/www.prokol.com\/de\/#website\",\"url\":\"https:\/\/www.prokol.com\/de\/\",\"name\":\"Prokol Protective Coatings\",\"description\":\"POLYUREA HOTSPRAY, GIETVLOEREN EN PARKEERGARAGE COATINGS, VLOEIBARE NAADLOZE KUNSTSTOFFEN\",\"potentialAction\":[{\"@type\":\"SearchAction\",\"target\":{\"@type\":\"EntryPoint\",\"urlTemplate\":\"https:\/\/www.prokol.com\/de\/?s={search_term_string}\"},\"query-input\":{\"@type\":\"PropertyValueSpecification\",\"valueRequired\":true,\"valueName\":\"search_term_string\"}}],\"inLanguage\":\"de\"}]}<\/script>\n<!-- \/ Yoast SEO plugin. -->","yoast_head_json":{"title":"Griffiger und abriebfester Boden- oder Wandbelag f\u00fcr Ihren Arbeitsplatz","description":"Griffiger und abriebfester Boden- oder Wandbelag f\u00fcr Ihren Arbeitsplatz","robots":{"index":"index","follow":"follow","max-snippet":"max-snippet:-1","max-image-preview":"max-image-preview:large","max-video-preview":"max-video-preview:-1"},"canonical":"https:\/\/www.prokol.com\/de\/anwendungen\/industrie\/metallindustrie\/","og_locale":"de_DE","og_type":"article","og_title":"Griffiger und abriebfester Boden- oder Wandbelag f\u00fcr Ihren Arbeitsplatz","og_description":"Griffiger und abriebfester Boden- oder Wandbelag f\u00fcr Ihren Arbeitsplatz","og_url":"https:\/\/www.prokol.com\/de\/anwendungen\/industrie\/metallindustrie\/","og_site_name":"Prokol Protective Coatings","article_modified_time":"2023-04-19T10:42:12+00:00","twitter_card":"summary_large_image","twitter_misc":{"Gesch\u00e4tzte Lesezeit":"5\u00a0Minuten"},"schema":{"@context":"https:\/\/schema.org","@graph":[{"@type":"WebPage","@id":"https:\/\/www.prokol.com\/de\/anwendungen\/industrie\/metallindustrie\/","url":"https:\/\/www.prokol.com\/de\/anwendungen\/industrie\/metallindustrie\/","name":"Griffiger und abriebfester Boden- oder Wandbelag f\u00fcr Ihren Arbeitsplatz","isPartOf":{"@id":"https:\/\/www.prokol.com\/de\/#website"},"datePublished":"2022-03-30T11:11:42+00:00","dateModified":"2023-04-19T10:42:12+00:00","description":"Griffiger und abriebfester Boden- oder Wandbelag f\u00fcr Ihren Arbeitsplatz","breadcrumb":{"@id":"https:\/\/www.prokol.com\/de\/anwendungen\/industrie\/metallindustrie\/#breadcrumb"},"inLanguage":"de","potentialAction":[{"@type":"ReadAction","target":["https:\/\/www.prokol.com\/de\/anwendungen\/industrie\/metallindustrie\/"]}]},{"@type":"BreadcrumbList","@id":"https:\/\/www.prokol.com\/de\/anwendungen\/industrie\/metallindustrie\/#breadcrumb","itemListElement":[{"@type":"ListItem","position":1,"name":"Home","item":"https:\/\/www.prokol.com\/de\/prokol-home-de\/"},{"@type":"ListItem","position":2,"name":"Anwendungen","item":"https:\/\/www.prokol.com\/de\/anwendungen\/"},{"@type":"ListItem","position":3,"name":"Industrie","item":"https:\/\/www.prokol.com\/de\/anwendungen\/industrie\/"},{"@type":"ListItem","position":4,"name":"Metallindustrie"}]},{"@type":"WebSite","@id":"https:\/\/www.prokol.com\/de\/#website","url":"https:\/\/www.prokol.com\/de\/","name":"Prokol Protective Coatings","description":"POLYUREA HOTSPRAY, GIETVLOEREN EN PARKEERGARAGE COATINGS, VLOEIBARE NAADLOZE KUNSTSTOFFEN","potentialAction":[{"@type":"SearchAction","target":{"@type":"EntryPoint","urlTemplate":"https:\/\/www.prokol.com\/de\/?s={search_term_string}"},"query-input":{"@type":"PropertyValueSpecification","valueRequired":true,"valueName":"search_term_string"}}],"inLanguage":"de"}]}},"_links":{"self":[{"href":"https:\/\/www.prokol.com\/de\/wp-json\/wp\/v2\/pages\/19009","targetHints":{"allow":["GET"]}}],"collection":[{"href":"https:\/\/www.prokol.com\/de\/wp-json\/wp\/v2\/pages"}],"about":[{"href":"https:\/\/www.prokol.com\/de\/wp-json\/wp\/v2\/types\/page"}],"author":[{"embeddable":true,"href":"https:\/\/www.prokol.com\/de\/wp-json\/wp\/v2\/users\/3"}],"replies":[{"embeddable":true,"href":"https:\/\/www.prokol.com\/de\/wp-json\/wp\/v2\/comments?post=19009"}],"version-history":[{"count":5,"href":"https:\/\/www.prokol.com\/de\/wp-json\/wp\/v2\/pages\/19009\/revisions"}],"predecessor-version":[{"id":19187,"href":"https:\/\/www.prokol.com\/de\/wp-json\/wp\/v2\/pages\/19009\/revisions\/19187"}],"up":[{"embeddable":true,"href":"https:\/\/www.prokol.com\/de\/wp-json\/wp\/v2\/pages\/19302"}],"wp:attachment":[{"href":"https:\/\/www.prokol.com\/de\/wp-json\/wp\/v2\/media?parent=19009"}],"wp:term":[{"taxonomy":"post_tag","embeddable":true,"href":"https:\/\/www.prokol.com\/de\/wp-json\/wp\/v2\/tags?post=19009"}],"curies":[{"name":"wp","href":"https:\/\/api.w.org\/{rel}","templated":true}]}}