{"id":19012,"date":"2022-03-30T13:19:39","date_gmt":"2022-03-30T11:19:39","guid":{"rendered":"https:\/\/www.prokol.com\/papier-und-kartonindustrie\/"},"modified":"2023-04-19T12:42:13","modified_gmt":"2023-04-19T10:42:13","slug":"papier-und-kartonindustrie","status":"publish","type":"page","link":"https:\/\/www.prokol.com\/de\/anwendungen\/industrie\/papier-und-kartonindustrie\/","title":{"rendered":"Papier- und Kartonindustrie"},"content":{"rendered":"<div id='full_slider_1'  class='avia-fullwidth-slider main_color avia-shadow   avia-builder-el-0  el_before_av_three_fifth  avia-builder-el-first  vervolgslide  container_wrap fullsize'  >\n<style type=\"text\/css\" data-created_by=\"avia_inline_auto\" id=\"style-css-av-k4179f0p-acede921c93825f4aeea30d99a7ef583\">\n#top #wrap_all .avia-slideshow .av-slideshow-caption.av-k4179f0p-acede921c93825f4aeea30d99a7ef583__0 .avia-caption-title{\nfont-size:50px;\n}\n#top .avia-slideshow .av-slideshow-caption.av-k4179f0p-acede921c93825f4aeea30d99a7ef583__0 .avia-caption-content{\nfont-size:18px;\n}\n#top .avia-slideshow .av-slideshow-caption.av-k4179f0p-acede921c93825f4aeea30d99a7ef583__0 .avia-caption-content p{\nfont-size:18px;\n}\n\n@media only screen and (min-width: 768px) and (max-width: 989px){ \n#top .avia-slideshow .av-slideshow-caption.av-k4179f0p-acede921c93825f4aeea30d99a7ef583__0 .avia-caption-content{\ndisplay:none;\n}\n#top .avia-slideshow .av-slideshow-caption.av-k4179f0p-acede921c93825f4aeea30d99a7ef583__0 .avia-caption-content p{\ndisplay:none;\n}\n}\n\n@media only screen and (min-width: 480px) and (max-width: 767px){ \n#top .avia-slideshow .av-slideshow-caption.av-k4179f0p-acede921c93825f4aeea30d99a7ef583__0 .avia-caption-content{\ndisplay:none;\n}\n#top .avia-slideshow .av-slideshow-caption.av-k4179f0p-acede921c93825f4aeea30d99a7ef583__0 .avia-caption-content p{\ndisplay:none;\n}\n}\n\n@media only screen and (max-width: 479px){ \n#top .avia-slideshow .av-slideshow-caption.av-k4179f0p-acede921c93825f4aeea30d99a7ef583__0 .avia-caption-content{\ndisplay:none;\n}\n#top .avia-slideshow .av-slideshow-caption.av-k4179f0p-acede921c93825f4aeea30d99a7ef583__0 .avia-caption-content p{\ndisplay:none;\n}\n}\n<\/style>\n<div  class='avia-slideshow av-k4179f0p-acede921c93825f4aeea30d99a7ef583 avia-slideshow-featured av_slideshow_full avia-fade-slider vervolgslide av-slideshow-ui av-control-minimal av-slideshow-autoplay av-loop-endless av-loop-manual-endless av-default-height-applied   avia-slideshow-1' data-slideshow-options=\"{&quot;animation&quot;:&quot;fade&quot;,&quot;autoplay&quot;:true,&quot;loop_autoplay&quot;:&quot;endless&quot;,&quot;interval&quot;:5,&quot;loop_manual&quot;:&quot;manual-endless&quot;,&quot;autoplay_stopper&quot;:false,&quot;noNavigation&quot;:false,&quot;bg_slider&quot;:false,&quot;keep_padding&quot;:false,&quot;hoverpause&quot;:false,&quot;show_slide_delay&quot;:0}\"  itemprop=\"image\" itemscope=\"itemscope\" itemtype=\"https:\/\/schema.org\/ImageObject\" ><ul class='avia-slideshow-inner ' style='padding-bottom: 28.666666666667%;'><li  class='avia-slideshow-slide av-k4179f0p-acede921c93825f4aeea30d99a7ef583__0  av-single-slide slide-1 slide-odd'><div data-rel='slideshow-1' class='avia-slide-wrap '   ><div class='av-slideshow-caption av-k4179f0p-acede921c93825f4aeea30d99a7ef583__0 caption_fullwidth caption_left'><div class=\"container caption_container\"><div class=\"slideshow_caption\"><div class=\"slideshow_inner_caption\"><div class=\"slideshow_align_caption\"><h2 class='avia-caption-title '  itemprop=\"name\" ><span style=\"color: #df4c23;\">-<\/span><br \/>\nPapier- und Kartonindustrie<\/h2><div class='avia-caption-content '  itemprop=\"description\" ><p>Schutz vor Luftfeuchtigkeit und Hitze<\/p>\n<\/div><\/div><\/div><\/div><\/div><\/div><img decoding=\"async\" fetchpriority=\"high\" class=\"wp-image-8439 avia-img-lazy-loading-not-8439\"  src=\"https:\/\/www.prokol.com\/wp-content\/uploads\/Banner_papier_kartonkopie-1500x430.jpg\" width=\"1500\" height=\"430\" title='Papier- und Kartonindustrie' alt=''  itemprop=\"thumbnailUrl\" srcset=\"https:\/\/www.prokol.com\/wp-content\/uploads\/Banner_papier_kartonkopie.jpg 1500w, https:\/\/www.prokol.com\/wp-content\/uploads\/Banner_papier_kartonkopie-600x172.jpg 600w, https:\/\/www.prokol.com\/wp-content\/uploads\/Banner_papier_kartonkopie-300x86.jpg 300w, https:\/\/www.prokol.com\/wp-content\/uploads\/Banner_papier_kartonkopie-1030x295.jpg 1030w, https:\/\/www.prokol.com\/wp-content\/uploads\/Banner_papier_kartonkopie-768x220.jpg 768w, https:\/\/www.prokol.com\/wp-content\/uploads\/Banner_papier_kartonkopie-705x202.jpg 705w, https:\/\/www.prokol.com\/wp-content\/uploads\/Banner_papier_kartonkopie-24x7.jpg 24w, https:\/\/www.prokol.com\/wp-content\/uploads\/Banner_papier_kartonkopie-36x10.jpg 36w, https:\/\/www.prokol.com\/wp-content\/uploads\/Banner_papier_kartonkopie-48x14.jpg 48w\" sizes=\"(max-width: 1500px) 100vw, 1500px\" \/><div class='av-section-color-overlay' style='opacity: 0.5; background-image: url(https:\/\/www.prokol.com\/wp-content\/uploads\/2019\/12\/Overlay.png); background-repeat: repeat;'><\/div><\/div><\/li><\/ul><\/div><\/div><div id='after_full_slider_1'  class='main_color av_default_container_wrap container_wrap fullsize'  ><div class='container av-section-cont-open' ><div class='template-page content  av-content-full alpha units'><div class='post-entry post-entry-type-page post-entry-19012'><div class='entry-content-wrapper clearfix'>\n\n<style type=\"text\/css\" data-created_by=\"avia_inline_auto\" id=\"style-css-av-hgjsh-61ebd7c99414aef92e10b413a04964c7\">\n.flex_column.av-hgjsh-61ebd7c99414aef92e10b413a04964c7{\nborder-radius:0px 0px 0px 0px;\npadding:0px 0px 0px 0px;\n}\n<\/style>\n<div  class='flex_column av-hgjsh-61ebd7c99414aef92e10b413a04964c7 av_three_fifth  avia-builder-el-1  el_after_av_slideshow_full  el_before_av_two_fifth  avia-builder-el-first  first flex_column_div av-zero-column-padding  '     ><section  class='av_textblock_section av-kde9cj1t-733622bddd2480cffdd6c27dc22482a0 '   itemscope=\"itemscope\" itemtype=\"https:\/\/schema.org\/CreativeWork\" ><div class='avia_textblock'  itemprop=\"text\" ><h5>Vom Rohmaterial zum Produkt<\/h5>\n<p>Die Herstellung von Papier und Pappe ist ein langwieriger Prozess, der \u00fcber viele verschiedene Abteilungen und mit vielen verschiedenen Kapazit\u00e4ten erfolgt. Rohstoffe wie Fasern, F\u00fcllstoffe, Farben, Leim und Wasser bilden die Grundlage. Die Papierherstellung ist das Herzst\u00fcck des Werks, in dem die Aufbereitung von Altpapier\/Papierfasern, der Einsatz von Papiermaschinen, die Blattbildung, das Pressen, Trocknen und die Nachbearbeitung stattfinden. In diesen R\u00e4umen herrschen eine hohe Luftfeuchtigkeit und Temperatur.<\/p>\n<p>Solche Bereiche k\u00f6nnen nicht (oder kaum) klimatisiert werden, was schlie\u00dflich zu Sch\u00e4den an der Konstruktion (Bewehrung) dieser Geb\u00e4ude f\u00fchrt. Sch\u00fctzen Sie daher diese Konstruktionen vor \u00fcberm\u00e4\u00dfigen Belastungen. Dies kann Untergr\u00fcnde wie Beton, Metall und\/oder Holz auf B\u00f6den, W\u00e4nden und\/oder Decken betreffen.<\/p>\n<p>Prokol hat sich auf die Entwicklung von Hotspray-Beschichtungssystemen f\u00fcr Bau und Industrie spezialisiert. F\u00fcr die Industrie ist, wie oben beschrieben, Rocathaan Hotspray die richtige Wahl.<\/p>\n<h5>Dieses Produkt hat die folgenden Eigenschaften:<\/h5>\n<ul>\n<li>Geeignet f\u00fcr verschiedene Untergr\u00fcnde<\/li>\n<li>Trocknet in 5 bis 60 Sekunden<\/li>\n<li>Sehr stark, z\u00e4h-elastisch, schlagfest und riss\u00fcberbr\u00fcckend<\/li>\n<li>Widerstandsf\u00e4hig gegen starke Temperaturschwankungen<\/li>\n<li>Hochgradig resistent gegen viele Chemikalien<\/li>\n<li>Vollst\u00e4ndig fl\u00fcssigkeitsdicht<\/li>\n<li>Besonders kosteng\u00fcnstig<\/li>\n<\/ul>\n<\/div><\/section><\/div>\n\n<style type=\"text\/css\" data-created_by=\"avia_inline_auto\" id=\"style-css-av-hgjsh-4ad6bf0d2fc62696990cb6c5e6302c63\">\n.flex_column.av-hgjsh-4ad6bf0d2fc62696990cb6c5e6302c63{\nborder-radius:0px 0px 0px 0px;\npadding:0px 0px 0px 0px;\n}\n<\/style>\n<div  class='flex_column av-hgjsh-4ad6bf0d2fc62696990cb6c5e6302c63 av_two_fifth  avia-builder-el-3  el_after_av_three_fifth  avia-builder-el-last  flex_column_div av-zero-column-padding  '     ><p>\n<style type=\"text\/css\" data-created_by=\"avia_inline_auto\" id=\"style-css-av-kde9de9x-db3f4d3f095fa598791e163e7c50f148\">\n.avia-image-container.av-kde9de9x-db3f4d3f095fa598791e163e7c50f148 img.avia_image{\nbox-shadow:none;\n}\n.avia-image-container.av-kde9de9x-db3f4d3f095fa598791e163e7c50f148 .av-image-caption-overlay-center{\ncolor:#ffffff;\n}\n<\/style>\n<div  class='avia-image-container av-kde9de9x-db3f4d3f095fa598791e163e7c50f148 av-styling- avia-align-left  avia-builder-el-4  el_before_av_image  avia-builder-el-first '   itemprop=\"image\" itemscope=\"itemscope\" itemtype=\"https:\/\/schema.org\/ImageObject\" ><div class=\"avia-image-container-inner\"><div class=\"avia-image-overlay-wrap\"><a href=\"https:\/\/www.prokol.com\/wp-content\/uploads\/Papier_industrie_03-773x1030.jpg\" data-srcset=\"https:\/\/www.prokol.com\/wp-content\/uploads\/Papier_industrie_03-773x1030.jpg 773w, https:\/\/www.prokol.com\/wp-content\/uploads\/Papier_industrie_03-scaled-600x800.jpg 600w, https:\/\/www.prokol.com\/wp-content\/uploads\/Papier_industrie_03-225x300.jpg 225w, https:\/\/www.prokol.com\/wp-content\/uploads\/Papier_industrie_03-768x1024.jpg 768w, https:\/\/www.prokol.com\/wp-content\/uploads\/Papier_industrie_03-1152x1536.jpg 1152w, https:\/\/www.prokol.com\/wp-content\/uploads\/Papier_industrie_03-1536x2048.jpg 1536w, https:\/\/www.prokol.com\/wp-content\/uploads\/Papier_industrie_03-1125x1500.jpg 1125w, https:\/\/www.prokol.com\/wp-content\/uploads\/Papier_industrie_03-529x705.jpg 529w, https:\/\/www.prokol.com\/wp-content\/uploads\/Papier_industrie_03-18x24.jpg 18w, https:\/\/www.prokol.com\/wp-content\/uploads\/Papier_industrie_03-27x36.jpg 27w, https:\/\/www.prokol.com\/wp-content\/uploads\/Papier_industrie_03-36x48.jpg 36w, https:\/\/www.prokol.com\/wp-content\/uploads\/Papier_industrie_03-scaled.jpg 1920w\" data-sizes=\"(max-width: 773px) 100vw, 773px\" class='avia_image'  aria-label='Papier- und Kartonindustrie'><img decoding=\"async\" fetchpriority=\"high\" class='wp-image-10477 avia-img-lazy-loading-not-10477 avia_image ' src=\"https:\/\/www.prokol.com\/wp-content\/uploads\/Papier_industrie_03-180x180.jpg\" alt='' title='Papier- und Kartonindustrie'  height=\"180\" width=\"180\"  itemprop=\"thumbnailUrl\" srcset=\"https:\/\/www.prokol.com\/wp-content\/uploads\/Papier_industrie_03-180x180.jpg 180w, https:\/\/www.prokol.com\/wp-content\/uploads\/Papier_industrie_03-scaled-300x300.jpg 300w, https:\/\/www.prokol.com\/wp-content\/uploads\/Papier_industrie_03-scaled-100x100.jpg 100w, https:\/\/www.prokol.com\/wp-content\/uploads\/Papier_industrie_03-80x80.jpg 80w, https:\/\/www.prokol.com\/wp-content\/uploads\/Papier_industrie_03-36x36.jpg 36w\" sizes=\"(max-width: 180px) 100vw, 180px\" \/><\/a><\/div><\/div><\/div><br \/>\n\n<style type=\"text\/css\" data-created_by=\"avia_inline_auto\" id=\"style-css-av-kde9de9x-af0400b967ee055ec8025cc86d342b6b\">\n.avia-image-container.av-kde9de9x-af0400b967ee055ec8025cc86d342b6b img.avia_image{\nbox-shadow:none;\n}\n.avia-image-container.av-kde9de9x-af0400b967ee055ec8025cc86d342b6b .av-image-caption-overlay-center{\ncolor:#ffffff;\n}\n<\/style>\n<div  class='avia-image-container av-kde9de9x-af0400b967ee055ec8025cc86d342b6b av-styling- avia-align-left  avia-builder-el-5  el_after_av_image  el_before_av_image '   itemprop=\"image\" itemscope=\"itemscope\" itemtype=\"https:\/\/schema.org\/ImageObject\" ><div class=\"avia-image-container-inner\"><div class=\"avia-image-overlay-wrap\"><a href=\"https:\/\/www.prokol.com\/wp-content\/uploads\/Papier_industrie_01-773x1030.jpg\" data-srcset=\"https:\/\/www.prokol.com\/wp-content\/uploads\/Papier_industrie_01-773x1030.jpg 773w, https:\/\/www.prokol.com\/wp-content\/uploads\/Papier_industrie_01-scaled-600x800.jpg 600w, https:\/\/www.prokol.com\/wp-content\/uploads\/Papier_industrie_01-225x300.jpg 225w, https:\/\/www.prokol.com\/wp-content\/uploads\/Papier_industrie_01-768x1024.jpg 768w, https:\/\/www.prokol.com\/wp-content\/uploads\/Papier_industrie_01-1152x1536.jpg 1152w, https:\/\/www.prokol.com\/wp-content\/uploads\/Papier_industrie_01-1536x2048.jpg 1536w, https:\/\/www.prokol.com\/wp-content\/uploads\/Papier_industrie_01-1125x1500.jpg 1125w, https:\/\/www.prokol.com\/wp-content\/uploads\/Papier_industrie_01-529x705.jpg 529w, https:\/\/www.prokol.com\/wp-content\/uploads\/Papier_industrie_01-18x24.jpg 18w, https:\/\/www.prokol.com\/wp-content\/uploads\/Papier_industrie_01-27x36.jpg 27w, https:\/\/www.prokol.com\/wp-content\/uploads\/Papier_industrie_01-36x48.jpg 36w, https:\/\/www.prokol.com\/wp-content\/uploads\/Papier_industrie_01-scaled.jpg 1920w\" data-sizes=\"(max-width: 773px) 100vw, 773px\" class='avia_image'  aria-label='Papier- und Kartonindustrie'><img decoding=\"async\" fetchpriority=\"high\" class='wp-image-10469 avia-img-lazy-loading-not-10469 avia_image ' src=\"https:\/\/www.prokol.com\/wp-content\/uploads\/Papier_industrie_01-180x180.jpg\" alt='' title='Papier- und Kartonindustrie'  height=\"180\" width=\"180\"  itemprop=\"thumbnailUrl\" srcset=\"https:\/\/www.prokol.com\/wp-content\/uploads\/Papier_industrie_01-180x180.jpg 180w, https:\/\/www.prokol.com\/wp-content\/uploads\/Papier_industrie_01-scaled-300x300.jpg 300w, https:\/\/www.prokol.com\/wp-content\/uploads\/Papier_industrie_01-scaled-100x100.jpg 100w, https:\/\/www.prokol.com\/wp-content\/uploads\/Papier_industrie_01-80x80.jpg 80w, https:\/\/www.prokol.com\/wp-content\/uploads\/Papier_industrie_01-36x36.jpg 36w\" sizes=\"(max-width: 180px) 100vw, 180px\" \/><\/a><\/div><\/div><\/div><br \/>\n\n<style type=\"text\/css\" data-created_by=\"avia_inline_auto\" id=\"style-css-av-kde9dv3w-9fdfe19c5168a3b17f3b5405fe5b7071\">\n.avia-image-container.av-kde9dv3w-9fdfe19c5168a3b17f3b5405fe5b7071 img.avia_image{\nbox-shadow:none;\n}\n.avia-image-container.av-kde9dv3w-9fdfe19c5168a3b17f3b5405fe5b7071 .av-image-caption-overlay-center{\ncolor:#ffffff;\n}\n<\/style>\n<div  class='avia-image-container av-kde9dv3w-9fdfe19c5168a3b17f3b5405fe5b7071 av-styling- avia-align-left  avia-builder-el-6  el_after_av_image  el_before_av_image '   itemprop=\"image\" itemscope=\"itemscope\" itemtype=\"https:\/\/schema.org\/ImageObject\" ><div class=\"avia-image-container-inner\"><div class=\"avia-image-overlay-wrap\"><a href=\"https:\/\/www.prokol.com\/wp-content\/uploads\/Papier_industrie_02-773x1030.jpg\" data-srcset=\"https:\/\/www.prokol.com\/wp-content\/uploads\/Papier_industrie_02-773x1030.jpg 773w, https:\/\/www.prokol.com\/wp-content\/uploads\/Papier_industrie_02-scaled-600x800.jpg 600w, https:\/\/www.prokol.com\/wp-content\/uploads\/Papier_industrie_02-225x300.jpg 225w, https:\/\/www.prokol.com\/wp-content\/uploads\/Papier_industrie_02-768x1024.jpg 768w, https:\/\/www.prokol.com\/wp-content\/uploads\/Papier_industrie_02-1152x1536.jpg 1152w, https:\/\/www.prokol.com\/wp-content\/uploads\/Papier_industrie_02-1536x2048.jpg 1536w, https:\/\/www.prokol.com\/wp-content\/uploads\/Papier_industrie_02-1125x1500.jpg 1125w, https:\/\/www.prokol.com\/wp-content\/uploads\/Papier_industrie_02-529x705.jpg 529w, https:\/\/www.prokol.com\/wp-content\/uploads\/Papier_industrie_02-18x24.jpg 18w, https:\/\/www.prokol.com\/wp-content\/uploads\/Papier_industrie_02-27x36.jpg 27w, https:\/\/www.prokol.com\/wp-content\/uploads\/Papier_industrie_02-36x48.jpg 36w, https:\/\/www.prokol.com\/wp-content\/uploads\/Papier_industrie_02-scaled.jpg 1920w\" data-sizes=\"(max-width: 773px) 100vw, 773px\" class='avia_image'  aria-label='Papier- und Kartonindustrie'><img decoding=\"async\" fetchpriority=\"high\" class='wp-image-10473 avia-img-lazy-loading-not-10473 avia_image ' src=\"https:\/\/www.prokol.com\/wp-content\/uploads\/Papier_industrie_02-180x180.jpg\" alt='' title='Papier- und Kartonindustrie'  height=\"180\" width=\"180\"  itemprop=\"thumbnailUrl\" srcset=\"https:\/\/www.prokol.com\/wp-content\/uploads\/Papier_industrie_02-180x180.jpg 180w, https:\/\/www.prokol.com\/wp-content\/uploads\/Papier_industrie_02-scaled-300x300.jpg 300w, https:\/\/www.prokol.com\/wp-content\/uploads\/Papier_industrie_02-scaled-100x100.jpg 100w, https:\/\/www.prokol.com\/wp-content\/uploads\/Papier_industrie_02-80x80.jpg 80w, https:\/\/www.prokol.com\/wp-content\/uploads\/Papier_industrie_02-36x36.jpg 36w\" sizes=\"(max-width: 180px) 100vw, 180px\" \/><\/a><\/div><\/div><\/div><br \/>\n\n<style type=\"text\/css\" data-created_by=\"avia_inline_auto\" id=\"style-css-av-kde9de9x-ecb53acd10785bcdec1b0335e034a730\">\n.avia-image-container.av-kde9de9x-ecb53acd10785bcdec1b0335e034a730 img.avia_image{\nbox-shadow:none;\n}\n.avia-image-container.av-kde9de9x-ecb53acd10785bcdec1b0335e034a730 .av-image-caption-overlay-center{\ncolor:#ffffff;\n}\n<\/style>\n<div  class='avia-image-container av-kde9de9x-ecb53acd10785bcdec1b0335e034a730 av-styling- avia-align-left  avia-builder-el-7  el_after_av_image  avia-builder-el-last '   itemprop=\"image\" itemscope=\"itemscope\" itemtype=\"https:\/\/schema.org\/ImageObject\" ><div class=\"avia-image-container-inner\"><div class=\"avia-image-overlay-wrap\"><a href=\"https:\/\/www.prokol.com\/wp-content\/uploads\/Papier_industrie_04-773x1030.jpg\" data-srcset=\"https:\/\/www.prokol.com\/wp-content\/uploads\/Papier_industrie_04-773x1030.jpg 773w, https:\/\/www.prokol.com\/wp-content\/uploads\/Papier_industrie_04-scaled-600x800.jpg 600w, https:\/\/www.prokol.com\/wp-content\/uploads\/Papier_industrie_04-225x300.jpg 225w, https:\/\/www.prokol.com\/wp-content\/uploads\/Papier_industrie_04-768x1024.jpg 768w, https:\/\/www.prokol.com\/wp-content\/uploads\/Papier_industrie_04-1152x1536.jpg 1152w, https:\/\/www.prokol.com\/wp-content\/uploads\/Papier_industrie_04-1536x2048.jpg 1536w, https:\/\/www.prokol.com\/wp-content\/uploads\/Papier_industrie_04-1125x1500.jpg 1125w, https:\/\/www.prokol.com\/wp-content\/uploads\/Papier_industrie_04-529x705.jpg 529w, https:\/\/www.prokol.com\/wp-content\/uploads\/Papier_industrie_04-18x24.jpg 18w, https:\/\/www.prokol.com\/wp-content\/uploads\/Papier_industrie_04-27x36.jpg 27w, https:\/\/www.prokol.com\/wp-content\/uploads\/Papier_industrie_04-36x48.jpg 36w, https:\/\/www.prokol.com\/wp-content\/uploads\/Papier_industrie_04-scaled.jpg 1920w\" data-sizes=\"(max-width: 773px) 100vw, 773px\" class='avia_image'  aria-label='Papier- und Kartonindustrie'><img decoding=\"async\" fetchpriority=\"high\" class='wp-image-10481 avia-img-lazy-loading-not-10481 avia_image ' src=\"https:\/\/www.prokol.com\/wp-content\/uploads\/Papier_industrie_04-180x180.jpg\" alt='' title='Papier- und Kartonindustrie'  height=\"180\" width=\"180\"  itemprop=\"thumbnailUrl\" srcset=\"https:\/\/www.prokol.com\/wp-content\/uploads\/Papier_industrie_04-180x180.jpg 180w, https:\/\/www.prokol.com\/wp-content\/uploads\/Papier_industrie_04-scaled-300x300.jpg 300w, https:\/\/www.prokol.com\/wp-content\/uploads\/Papier_industrie_04-scaled-100x100.jpg 100w, https:\/\/www.prokol.com\/wp-content\/uploads\/Papier_industrie_04-80x80.jpg 80w, https:\/\/www.prokol.com\/wp-content\/uploads\/Papier_industrie_04-36x36.jpg 36w\" sizes=\"(max-width: 180px) 100vw, 180px\" \/><\/a><\/div><\/div><\/div><\/p><\/div>\n","protected":false},"excerpt":{"rendered":"","protected":false},"author":3,"featured_media":0,"parent":19302,"menu_order":0,"comment_status":"closed","ping_status":"closed","template":"","meta":{"inline_featured_image":false,"footnotes":""},"tags":[],"class_list":["post-19012","page","type-page","status-publish","hentry"],"yoast_head":"<!-- This site is optimized with the Yoast SEO plugin v27.2 - https:\/\/yoast.com\/product\/yoast-seo-wordpress\/ -->\n<title>Schutz vor Luftfeuchtigkeit und Hitze<\/title>\n<meta name=\"description\" content=\"Schutz vor Luftfeuchtigkeit und Hitze\" \/>\n<meta name=\"robots\" content=\"index, follow, max-snippet:-1, max-image-preview:large, max-video-preview:-1\" \/>\n<link rel=\"canonical\" href=\"https:\/\/www.prokol.com\/de\/anwendungen\/industrie\/papier-und-kartonindustrie\/\" \/>\n<meta property=\"og:locale\" content=\"de_DE\" \/>\n<meta property=\"og:type\" content=\"article\" \/>\n<meta property=\"og:title\" content=\"Schutz vor Luftfeuchtigkeit und Hitze\" \/>\n<meta property=\"og:description\" content=\"Schutz vor Luftfeuchtigkeit und Hitze\" \/>\n<meta property=\"og:url\" content=\"https:\/\/www.prokol.com\/de\/anwendungen\/industrie\/papier-und-kartonindustrie\/\" \/>\n<meta property=\"og:site_name\" content=\"Prokol Protective Coatings\" \/>\n<meta property=\"article:modified_time\" content=\"2023-04-19T10:42:13+00:00\" \/>\n<meta name=\"twitter:card\" content=\"summary_large_image\" \/>\n<meta name=\"twitter:label1\" content=\"Gesch\u00e4tzte Lesezeit\" \/>\n\t<meta name=\"twitter:data1\" content=\"5\u00a0Minuten\" \/>\n<script type=\"application\/ld+json\" class=\"yoast-schema-graph\">{\"@context\":\"https:\/\/schema.org\",\"@graph\":[{\"@type\":\"WebPage\",\"@id\":\"https:\/\/www.prokol.com\/de\/anwendungen\/industrie\/papier-und-kartonindustrie\/\",\"url\":\"https:\/\/www.prokol.com\/de\/anwendungen\/industrie\/papier-und-kartonindustrie\/\",\"name\":\"Schutz vor Luftfeuchtigkeit und Hitze\",\"isPartOf\":{\"@id\":\"https:\/\/www.prokol.com\/de\/#website\"},\"datePublished\":\"2022-03-30T11:19:39+00:00\",\"dateModified\":\"2023-04-19T10:42:13+00:00\",\"description\":\"Schutz vor Luftfeuchtigkeit und Hitze\",\"breadcrumb\":{\"@id\":\"https:\/\/www.prokol.com\/de\/anwendungen\/industrie\/papier-und-kartonindustrie\/#breadcrumb\"},\"inLanguage\":\"de\",\"potentialAction\":[{\"@type\":\"ReadAction\",\"target\":[\"https:\/\/www.prokol.com\/de\/anwendungen\/industrie\/papier-und-kartonindustrie\/\"]}]},{\"@type\":\"BreadcrumbList\",\"@id\":\"https:\/\/www.prokol.com\/de\/anwendungen\/industrie\/papier-und-kartonindustrie\/#breadcrumb\",\"itemListElement\":[{\"@type\":\"ListItem\",\"position\":1,\"name\":\"Home\",\"item\":\"https:\/\/www.prokol.com\/de\/prokol-home-de\/\"},{\"@type\":\"ListItem\",\"position\":2,\"name\":\"Anwendungen\",\"item\":\"https:\/\/www.prokol.com\/de\/anwendungen\/\"},{\"@type\":\"ListItem\",\"position\":3,\"name\":\"Industrie\",\"item\":\"https:\/\/www.prokol.com\/de\/anwendungen\/industrie\/\"},{\"@type\":\"ListItem\",\"position\":4,\"name\":\"Papier- und Kartonindustrie\"}]},{\"@type\":\"WebSite\",\"@id\":\"https:\/\/www.prokol.com\/de\/#website\",\"url\":\"https:\/\/www.prokol.com\/de\/\",\"name\":\"Prokol Protective Coatings\",\"description\":\"POLYUREA HOTSPRAY, GIETVLOEREN EN PARKEERGARAGE COATINGS, VLOEIBARE NAADLOZE KUNSTSTOFFEN\",\"potentialAction\":[{\"@type\":\"SearchAction\",\"target\":{\"@type\":\"EntryPoint\",\"urlTemplate\":\"https:\/\/www.prokol.com\/de\/?s={search_term_string}\"},\"query-input\":{\"@type\":\"PropertyValueSpecification\",\"valueRequired\":true,\"valueName\":\"search_term_string\"}}],\"inLanguage\":\"de\"}]}<\/script>\n<!-- \/ Yoast SEO plugin. -->","yoast_head_json":{"title":"Schutz vor Luftfeuchtigkeit und Hitze","description":"Schutz vor Luftfeuchtigkeit und Hitze","robots":{"index":"index","follow":"follow","max-snippet":"max-snippet:-1","max-image-preview":"max-image-preview:large","max-video-preview":"max-video-preview:-1"},"canonical":"https:\/\/www.prokol.com\/de\/anwendungen\/industrie\/papier-und-kartonindustrie\/","og_locale":"de_DE","og_type":"article","og_title":"Schutz vor Luftfeuchtigkeit und Hitze","og_description":"Schutz vor Luftfeuchtigkeit und Hitze","og_url":"https:\/\/www.prokol.com\/de\/anwendungen\/industrie\/papier-und-kartonindustrie\/","og_site_name":"Prokol Protective Coatings","article_modified_time":"2023-04-19T10:42:13+00:00","twitter_card":"summary_large_image","twitter_misc":{"Gesch\u00e4tzte Lesezeit":"5\u00a0Minuten"},"schema":{"@context":"https:\/\/schema.org","@graph":[{"@type":"WebPage","@id":"https:\/\/www.prokol.com\/de\/anwendungen\/industrie\/papier-und-kartonindustrie\/","url":"https:\/\/www.prokol.com\/de\/anwendungen\/industrie\/papier-und-kartonindustrie\/","name":"Schutz vor Luftfeuchtigkeit und Hitze","isPartOf":{"@id":"https:\/\/www.prokol.com\/de\/#website"},"datePublished":"2022-03-30T11:19:39+00:00","dateModified":"2023-04-19T10:42:13+00:00","description":"Schutz vor Luftfeuchtigkeit und Hitze","breadcrumb":{"@id":"https:\/\/www.prokol.com\/de\/anwendungen\/industrie\/papier-und-kartonindustrie\/#breadcrumb"},"inLanguage":"de","potentialAction":[{"@type":"ReadAction","target":["https:\/\/www.prokol.com\/de\/anwendungen\/industrie\/papier-und-kartonindustrie\/"]}]},{"@type":"BreadcrumbList","@id":"https:\/\/www.prokol.com\/de\/anwendungen\/industrie\/papier-und-kartonindustrie\/#breadcrumb","itemListElement":[{"@type":"ListItem","position":1,"name":"Home","item":"https:\/\/www.prokol.com\/de\/prokol-home-de\/"},{"@type":"ListItem","position":2,"name":"Anwendungen","item":"https:\/\/www.prokol.com\/de\/anwendungen\/"},{"@type":"ListItem","position":3,"name":"Industrie","item":"https:\/\/www.prokol.com\/de\/anwendungen\/industrie\/"},{"@type":"ListItem","position":4,"name":"Papier- und Kartonindustrie"}]},{"@type":"WebSite","@id":"https:\/\/www.prokol.com\/de\/#website","url":"https:\/\/www.prokol.com\/de\/","name":"Prokol Protective Coatings","description":"POLYUREA HOTSPRAY, GIETVLOEREN EN PARKEERGARAGE COATINGS, VLOEIBARE NAADLOZE KUNSTSTOFFEN","potentialAction":[{"@type":"SearchAction","target":{"@type":"EntryPoint","urlTemplate":"https:\/\/www.prokol.com\/de\/?s={search_term_string}"},"query-input":{"@type":"PropertyValueSpecification","valueRequired":true,"valueName":"search_term_string"}}],"inLanguage":"de"}]}},"_links":{"self":[{"href":"https:\/\/www.prokol.com\/de\/wp-json\/wp\/v2\/pages\/19012","targetHints":{"allow":["GET"]}}],"collection":[{"href":"https:\/\/www.prokol.com\/de\/wp-json\/wp\/v2\/pages"}],"about":[{"href":"https:\/\/www.prokol.com\/de\/wp-json\/wp\/v2\/types\/page"}],"author":[{"embeddable":true,"href":"https:\/\/www.prokol.com\/de\/wp-json\/wp\/v2\/users\/3"}],"replies":[{"embeddable":true,"href":"https:\/\/www.prokol.com\/de\/wp-json\/wp\/v2\/comments?post=19012"}],"version-history":[{"count":4,"href":"https:\/\/www.prokol.com\/de\/wp-json\/wp\/v2\/pages\/19012\/revisions"}],"predecessor-version":[{"id":19194,"href":"https:\/\/www.prokol.com\/de\/wp-json\/wp\/v2\/pages\/19012\/revisions\/19194"}],"up":[{"embeddable":true,"href":"https:\/\/www.prokol.com\/de\/wp-json\/wp\/v2\/pages\/19302"}],"wp:attachment":[{"href":"https:\/\/www.prokol.com\/de\/wp-json\/wp\/v2\/media?parent=19012"}],"wp:term":[{"taxonomy":"post_tag","embeddable":true,"href":"https:\/\/www.prokol.com\/de\/wp-json\/wp\/v2\/tags?post=19012"}],"curies":[{"name":"wp","href":"https:\/\/api.w.org\/{rel}","templated":true}]}}