{"id":19015,"date":"2022-03-30T13:26:28","date_gmt":"2022-03-30T11:26:28","guid":{"rendered":"https:\/\/www.prokol.com\/petrochemische-industrie\/"},"modified":"2023-04-19T12:42:13","modified_gmt":"2023-04-19T10:42:13","slug":"petrochemische-industrie","status":"publish","type":"page","link":"https:\/\/www.prokol.com\/de\/anwendungen\/industrie\/petrochemische-industrie\/","title":{"rendered":"Petrochemische Industrie"},"content":{"rendered":"<div id='full_slider_1'  class='avia-fullwidth-slider main_color avia-shadow   avia-builder-el-0  el_before_av_three_fifth  avia-builder-el-first  vervolgslide  container_wrap fullsize'  >\n<style type=\"text\/css\" data-created_by=\"avia_inline_auto\" id=\"style-css-av-k4179f0p-acede921c93825f4aeea30d99a7ef583\">\n#top #wrap_all .avia-slideshow .av-slideshow-caption.av-k4179f0p-acede921c93825f4aeea30d99a7ef583__0 .avia-caption-title{\nfont-size:50px;\n}\n#top .avia-slideshow .av-slideshow-caption.av-k4179f0p-acede921c93825f4aeea30d99a7ef583__0 .avia-caption-content{\nfont-size:18px;\n}\n#top .avia-slideshow .av-slideshow-caption.av-k4179f0p-acede921c93825f4aeea30d99a7ef583__0 .avia-caption-content p{\nfont-size:18px;\n}\n\n@media only screen and (min-width: 768px) and (max-width: 989px){ \n#top .avia-slideshow .av-slideshow-caption.av-k4179f0p-acede921c93825f4aeea30d99a7ef583__0 .avia-caption-content{\ndisplay:none;\n}\n#top .avia-slideshow .av-slideshow-caption.av-k4179f0p-acede921c93825f4aeea30d99a7ef583__0 .avia-caption-content p{\ndisplay:none;\n}\n}\n\n@media only screen and (min-width: 480px) and (max-width: 767px){ \n#top .avia-slideshow .av-slideshow-caption.av-k4179f0p-acede921c93825f4aeea30d99a7ef583__0 .avia-caption-content{\ndisplay:none;\n}\n#top .avia-slideshow .av-slideshow-caption.av-k4179f0p-acede921c93825f4aeea30d99a7ef583__0 .avia-caption-content p{\ndisplay:none;\n}\n}\n\n@media only screen and (max-width: 479px){ \n#top .avia-slideshow .av-slideshow-caption.av-k4179f0p-acede921c93825f4aeea30d99a7ef583__0 .avia-caption-content{\ndisplay:none;\n}\n#top .avia-slideshow .av-slideshow-caption.av-k4179f0p-acede921c93825f4aeea30d99a7ef583__0 .avia-caption-content p{\ndisplay:none;\n}\n}\n<\/style>\n<div  class='avia-slideshow av-k4179f0p-acede921c93825f4aeea30d99a7ef583 avia-slideshow-featured av_slideshow_full avia-fade-slider vervolgslide av-slideshow-ui av-control-minimal av-slideshow-autoplay av-loop-endless av-loop-manual-endless av-default-height-applied   avia-slideshow-1' data-slideshow-options=\"{&quot;animation&quot;:&quot;fade&quot;,&quot;autoplay&quot;:true,&quot;loop_autoplay&quot;:&quot;endless&quot;,&quot;interval&quot;:5,&quot;loop_manual&quot;:&quot;manual-endless&quot;,&quot;autoplay_stopper&quot;:false,&quot;noNavigation&quot;:false,&quot;bg_slider&quot;:false,&quot;keep_padding&quot;:false,&quot;hoverpause&quot;:false,&quot;show_slide_delay&quot;:0}\"  itemprop=\"image\" itemscope=\"itemscope\" itemtype=\"https:\/\/schema.org\/ImageObject\" ><ul class='avia-slideshow-inner ' style='padding-bottom: 28.666666666667%;'><li  class='avia-slideshow-slide av-k4179f0p-acede921c93825f4aeea30d99a7ef583__0  av-single-slide slide-1 slide-odd'><div data-rel='slideshow-1' class='avia-slide-wrap '   ><div class='av-slideshow-caption av-k4179f0p-acede921c93825f4aeea30d99a7ef583__0 caption_fullwidth caption_left'><div class=\"container caption_container\"><div class=\"slideshow_caption\"><div class=\"slideshow_inner_caption\"><div class=\"slideshow_align_caption\"><h2 class='avia-caption-title '  itemprop=\"name\" ><span style=\"color: #df4c23;\">-<\/span>Petrochemische Industrie<\/h2><div class='avia-caption-content '  itemprop=\"description\" ><p>Der richtige Schutz f\u00fcr gro\u00dfe Tankanlagen<\/p>\n<\/div><\/div><\/div><\/div><\/div><\/div><img decoding=\"async\" fetchpriority=\"high\" class=\"wp-image-3389 avia-img-lazy-loading-not-3389\"  src=\"https:\/\/www.prokol.com\/wp-content\/uploads\/2020\/08\/Banner_Petrochemische_industrie-1500x430.jpg\" width=\"1500\" height=\"430\" title='Banner_Petrochemische_industrie' alt=''  itemprop=\"thumbnailUrl\" srcset=\"https:\/\/www.prokol.com\/wp-content\/uploads\/2020\/08\/Banner_Petrochemische_industrie.jpg 1500w, https:\/\/www.prokol.com\/wp-content\/uploads\/2020\/08\/Banner_Petrochemische_industrie-600x172.jpg 600w, https:\/\/www.prokol.com\/wp-content\/uploads\/2020\/08\/Banner_Petrochemische_industrie-300x86.jpg 300w, https:\/\/www.prokol.com\/wp-content\/uploads\/2020\/08\/Banner_Petrochemische_industrie-1030x295.jpg 1030w, https:\/\/www.prokol.com\/wp-content\/uploads\/2020\/08\/Banner_Petrochemische_industrie-768x220.jpg 768w, https:\/\/www.prokol.com\/wp-content\/uploads\/2020\/08\/Banner_Petrochemische_industrie-705x202.jpg 705w\" sizes=\"(max-width: 1500px) 100vw, 1500px\" \/><div class='av-section-color-overlay' style='opacity: 0.5; background-image: url(https:\/\/www.prokol.com\/wp-content\/uploads\/2019\/12\/Overlay.png); background-repeat: repeat;'><\/div><\/div><\/li><\/ul><\/div><\/div><div id='after_full_slider_1'  class='main_color av_default_container_wrap container_wrap fullsize'  ><div class='container av-section-cont-open' ><div class='template-page content  av-content-full alpha units'><div class='post-entry post-entry-type-page post-entry-19015'><div class='entry-content-wrapper clearfix'>\n\n<style type=\"text\/css\" data-created_by=\"avia_inline_auto\" id=\"style-css-av-hgjsh-61ebd7c99414aef92e10b413a04964c7\">\n.flex_column.av-hgjsh-61ebd7c99414aef92e10b413a04964c7{\nborder-radius:0px 0px 0px 0px;\npadding:0px 0px 0px 0px;\n}\n<\/style>\n<div  class='flex_column av-hgjsh-61ebd7c99414aef92e10b413a04964c7 av_three_fifth  avia-builder-el-1  el_after_av_slideshow_full  el_before_av_two_fifth  avia-builder-el-first  first flex_column_div av-zero-column-padding  '     ><section  class='av_textblock_section av-kde9cj1t-733622bddd2480cffdd6c27dc22482a0 '   itemscope=\"itemscope\" itemtype=\"https:\/\/schema.org\/CreativeWork\" ><div class='avia_textblock'  itemprop=\"text\" ><p>Oberfl\u00e4chen in der petrochemischen Industrie m\u00fcssen besondere Anforderungen erf\u00fcllen, wie Brandsicherheit, Best\u00e4ndigkeit gegen Chemikalien und Rutschfestigkeit. Die Produktpalette von Prokol umfasst eine breite Palette von Produkten, mit denen sich Systeme zusammenstellen lassen, die diese Anforderungen erf\u00fcllen.<\/p>\n<h5>Tankauskleidungen und Beschichtungen<\/h5>\n<p>Die Tanks haben oft eine Polyurea-Hotspray-Beschichtung auf der Innenseite. Auf die Oberfl\u00e4che wird eine 2,5 &#8211; 5 mm dicke Beschichtung oder Membran aufgebracht. Diese Auskleidungen sind gegen viele Chemikalien best\u00e4ndig und bilden einen nahtlosen, dauerhaften Abschluss.<\/p>\n<p>Von au\u00dfen sind die Tanks mit dem Beschichtungssystem FerroTeq 960 beschichtet. Dieses ist in verschiedenen Korrosionsklassen bis hin zu C5 erh\u00e4ltlich. Sie sch\u00fctzen die Au\u00dfenseite eines Tanks dauerhaft vor Witterungseinfl\u00fcssen in einem Land- oder Seeklima.<\/p>\n<h5>Auffangbeh\u00e4lter (sekund\u00e4re Auffangbecken)<\/h5>\n<p>Die Regierung schreibt vor, dass Lagertanks oder andere Betriebsprozesse in einem fl\u00fcssigkeitsdichten Beh\u00e4lter untergebracht sein m\u00fcssen. Prokol liefert unter dem Namen Rocathaan Hotspray eine Reihe von Polyurea-Beschichtungen speziell f\u00fcr diese Anwendung. Rocathaan-Polyurea-Beschichtungen sind hoch chemikalienbest\u00e4ndig und haben besondere Eigenschaften in Bezug auf Zugfestigkeit, Verschlei\u00dffestigkeit und mechanische Best\u00e4ndigkeit. Die kurzen Reaktionszeiten der Rocathaan-Polyurea-Beschichtungen sorgen daf\u00fcr, dass das aufgebrachte System innerhalb weniger Minuten begehbar ist.<\/p>\n<p>Die Kombination dieser Eigenschaften bedeutet, dass eine Rocathaan-Polyurea-Beschichtung die meisten anderen Beschichtungen weit hinter sich l\u00e4sst. Lesen Sie mehr \u00fcber Auffangbecken in dieser Fallstudie!<\/p>\n<h5>Feuerhemmender Bodenbelag<\/h5>\n<p>Im Falle eines Brandes m\u00fcssen die Menschen das Geb\u00e4ude rechtzeitig verlassen k\u00f6nnen. Das Ausma\u00df und die Geschwindigkeit, mit der sich das Feuer ausbreiten kann, sind in diesem Zusammenhang wichtig. Au\u00dferdem ist es wichtig, dass die Feuerwehr so viel Zeit wie m\u00f6glich hat, um den Brand zu bek\u00e4mpfen.<\/p>\n<p>Speziell f\u00fcr Bereiche, in denen diese Anforderung oder dieser Wunsch gilt, hat Prokol Produkte, die einen wichtigen Beitrag zur Begrenzung der Brandausbreitung in einer Arbeitsumgebung leisten.<\/p>\n<\/div><\/section><\/div>\n\n<style type=\"text\/css\" data-created_by=\"avia_inline_auto\" id=\"style-css-av-hgjsh-4ad6bf0d2fc62696990cb6c5e6302c63\">\n.flex_column.av-hgjsh-4ad6bf0d2fc62696990cb6c5e6302c63{\nborder-radius:0px 0px 0px 0px;\npadding:0px 0px 0px 0px;\n}\n<\/style>\n<div  class='flex_column av-hgjsh-4ad6bf0d2fc62696990cb6c5e6302c63 av_two_fifth  avia-builder-el-3  el_after_av_three_fifth  avia-builder-el-last  flex_column_div av-zero-column-padding  '     ><p>\n<style type=\"text\/css\" data-created_by=\"avia_inline_auto\" id=\"style-css-av-kde9de9x-6ed0cff1629dacfa901eab8f9a6f52fa\">\n.avia-image-container.av-kde9de9x-6ed0cff1629dacfa901eab8f9a6f52fa img.avia_image{\nbox-shadow:none;\n}\n.avia-image-container.av-kde9de9x-6ed0cff1629dacfa901eab8f9a6f52fa .av-image-caption-overlay-center{\ncolor:#ffffff;\n}\n<\/style>\n<div  class='avia-image-container av-kde9de9x-6ed0cff1629dacfa901eab8f9a6f52fa av-styling- avia-align-left  avia-builder-el-4  el_before_av_image  avia-builder-el-first '   itemprop=\"image\" itemscope=\"itemscope\" itemtype=\"https:\/\/schema.org\/ImageObject\" ><div class=\"avia-image-container-inner\"><div class=\"avia-image-overlay-wrap\"><a href=\"https:\/\/www.prokol.com\/wp-content\/uploads\/Petrochemische_03-1030x773.jpg\" data-srcset=\"https:\/\/www.prokol.com\/wp-content\/uploads\/Petrochemische_03-1030x773.jpg 1030w, https:\/\/www.prokol.com\/wp-content\/uploads\/Petrochemische_03-scaled-600x450.jpg 600w, https:\/\/www.prokol.com\/wp-content\/uploads\/Petrochemische_03-300x225.jpg 300w, https:\/\/www.prokol.com\/wp-content\/uploads\/Petrochemische_03-768x576.jpg 768w, https:\/\/www.prokol.com\/wp-content\/uploads\/Petrochemische_03-1536x1152.jpg 1536w, https:\/\/www.prokol.com\/wp-content\/uploads\/Petrochemische_03-2048x1536.jpg 2048w, https:\/\/www.prokol.com\/wp-content\/uploads\/Petrochemische_03-1500x1125.jpg 1500w, https:\/\/www.prokol.com\/wp-content\/uploads\/Petrochemische_03-705x529.jpg 705w, https:\/\/www.prokol.com\/wp-content\/uploads\/Petrochemische_03-24x18.jpg 24w, https:\/\/www.prokol.com\/wp-content\/uploads\/Petrochemische_03-36x27.jpg 36w, https:\/\/www.prokol.com\/wp-content\/uploads\/Petrochemische_03-48x36.jpg 48w\" data-sizes=\"(max-width: 1030px) 100vw, 1030px\" class='avia_image'  aria-label='Petrochemische_03'><img decoding=\"async\" fetchpriority=\"high\" class='wp-image-13151 avia-img-lazy-loading-not-13151 avia_image ' src=\"https:\/\/www.prokol.com\/wp-content\/uploads\/Petrochemische_03-180x180.jpg\" alt='' title='Petrochemische_03'  height=\"180\" width=\"180\"  itemprop=\"thumbnailUrl\" srcset=\"https:\/\/www.prokol.com\/wp-content\/uploads\/Petrochemische_03-180x180.jpg 180w, https:\/\/www.prokol.com\/wp-content\/uploads\/Petrochemische_03-scaled-300x300.jpg 300w, https:\/\/www.prokol.com\/wp-content\/uploads\/Petrochemische_03-scaled-100x100.jpg 100w, https:\/\/www.prokol.com\/wp-content\/uploads\/Petrochemische_03-80x80.jpg 80w, https:\/\/www.prokol.com\/wp-content\/uploads\/Petrochemische_03-36x36.jpg 36w\" sizes=\"(max-width: 180px) 100vw, 180px\" \/><\/a><\/div><\/div><\/div><br \/>\n\n<style type=\"text\/css\" data-created_by=\"avia_inline_auto\" id=\"style-css-av-kpe025rf-8325711b6115dde3c054908f2bb2b4ad\">\n.avia-image-container.av-kpe025rf-8325711b6115dde3c054908f2bb2b4ad img.avia_image{\nbox-shadow:none;\n}\n.avia-image-container.av-kpe025rf-8325711b6115dde3c054908f2bb2b4ad .av-image-caption-overlay-center{\ncolor:#ffffff;\n}\n<\/style>\n<div  class='avia-image-container av-kpe025rf-8325711b6115dde3c054908f2bb2b4ad av-styling- avia-align-left  avia-builder-el-5  el_after_av_image  el_before_av_image '   itemprop=\"image\" itemscope=\"itemscope\" itemtype=\"https:\/\/schema.org\/ImageObject\" ><div class=\"avia-image-container-inner\"><div class=\"avia-image-overlay-wrap\"><a href=\"https:\/\/www.prokol.com\/wp-content\/uploads\/Petrochemische_02-1030x772.jpg\" data-srcset=\"https:\/\/www.prokol.com\/wp-content\/uploads\/Petrochemische_02-1030x772.jpg 1030w, https:\/\/www.prokol.com\/wp-content\/uploads\/Petrochemische_02-scaled-600x450.jpg 600w, https:\/\/www.prokol.com\/wp-content\/uploads\/Petrochemische_02-300x225.jpg 300w, https:\/\/www.prokol.com\/wp-content\/uploads\/Petrochemische_02-768x576.jpg 768w, https:\/\/www.prokol.com\/wp-content\/uploads\/Petrochemische_02-1536x1152.jpg 1536w, https:\/\/www.prokol.com\/wp-content\/uploads\/Petrochemische_02-2048x1536.jpg 2048w, https:\/\/www.prokol.com\/wp-content\/uploads\/Petrochemische_02-1500x1125.jpg 1500w, https:\/\/www.prokol.com\/wp-content\/uploads\/Petrochemische_02-705x529.jpg 705w, https:\/\/www.prokol.com\/wp-content\/uploads\/Petrochemische_02-24x18.jpg 24w, https:\/\/www.prokol.com\/wp-content\/uploads\/Petrochemische_02-36x27.jpg 36w, https:\/\/www.prokol.com\/wp-content\/uploads\/Petrochemische_02-48x36.jpg 48w\" data-sizes=\"(max-width: 1030px) 100vw, 1030px\" class='avia_image'  aria-label='Petrochemische_02'><img decoding=\"async\" fetchpriority=\"high\" class='wp-image-13147 avia-img-lazy-loading-not-13147 avia_image ' src=\"https:\/\/www.prokol.com\/wp-content\/uploads\/Petrochemische_02-180x180.jpg\" alt='' title='Petrochemische_02'  height=\"180\" width=\"180\"  itemprop=\"thumbnailUrl\" srcset=\"https:\/\/www.prokol.com\/wp-content\/uploads\/Petrochemische_02-180x180.jpg 180w, https:\/\/www.prokol.com\/wp-content\/uploads\/Petrochemische_02-scaled-300x300.jpg 300w, https:\/\/www.prokol.com\/wp-content\/uploads\/Petrochemische_02-scaled-100x100.jpg 100w, https:\/\/www.prokol.com\/wp-content\/uploads\/Petrochemische_02-80x80.jpg 80w, https:\/\/www.prokol.com\/wp-content\/uploads\/Petrochemische_02-36x36.jpg 36w\" sizes=\"(max-width: 180px) 100vw, 180px\" \/><\/a><\/div><\/div><\/div><br \/>\n\n<style type=\"text\/css\" data-created_by=\"avia_inline_auto\" id=\"style-css-av-kpe02fos-09b51b46a9acffe480d2d876215383dd\">\n.avia-image-container.av-kpe02fos-09b51b46a9acffe480d2d876215383dd img.avia_image{\nbox-shadow:none;\n}\n.avia-image-container.av-kpe02fos-09b51b46a9acffe480d2d876215383dd .av-image-caption-overlay-center{\ncolor:#ffffff;\n}\n<\/style>\n<div  class='avia-image-container av-kpe02fos-09b51b46a9acffe480d2d876215383dd av-styling- avia-align-left  avia-builder-el-6  el_after_av_image  avia-builder-el-last '   itemprop=\"image\" itemscope=\"itemscope\" itemtype=\"https:\/\/schema.org\/ImageObject\" ><div class=\"avia-image-container-inner\"><div class=\"avia-image-overlay-wrap\"><a href=\"https:\/\/www.prokol.com\/wp-content\/uploads\/Petrochemische_01-1030x773.jpg\" data-srcset=\"https:\/\/www.prokol.com\/wp-content\/uploads\/Petrochemische_01-1030x773.jpg 1030w, https:\/\/www.prokol.com\/wp-content\/uploads\/Petrochemische_01-scaled-600x450.jpg 600w, https:\/\/www.prokol.com\/wp-content\/uploads\/Petrochemische_01-300x225.jpg 300w, https:\/\/www.prokol.com\/wp-content\/uploads\/Petrochemische_01-768x576.jpg 768w, https:\/\/www.prokol.com\/wp-content\/uploads\/Petrochemische_01-1536x1152.jpg 1536w, https:\/\/www.prokol.com\/wp-content\/uploads\/Petrochemische_01-2048x1536.jpg 2048w, https:\/\/www.prokol.com\/wp-content\/uploads\/Petrochemische_01-1500x1125.jpg 1500w, https:\/\/www.prokol.com\/wp-content\/uploads\/Petrochemische_01-705x529.jpg 705w, https:\/\/www.prokol.com\/wp-content\/uploads\/Petrochemische_01-24x18.jpg 24w, https:\/\/www.prokol.com\/wp-content\/uploads\/Petrochemische_01-36x27.jpg 36w, https:\/\/www.prokol.com\/wp-content\/uploads\/Petrochemische_01-48x36.jpg 48w\" data-sizes=\"(max-width: 1030px) 100vw, 1030px\" class='avia_image'  aria-label='Petrochemische_01'><img decoding=\"async\" fetchpriority=\"high\" class='wp-image-13143 avia-img-lazy-loading-not-13143 avia_image ' src=\"https:\/\/www.prokol.com\/wp-content\/uploads\/Petrochemische_01-180x180.jpg\" alt='' title='Petrochemische_01'  height=\"180\" width=\"180\"  itemprop=\"thumbnailUrl\" srcset=\"https:\/\/www.prokol.com\/wp-content\/uploads\/Petrochemische_01-180x180.jpg 180w, https:\/\/www.prokol.com\/wp-content\/uploads\/Petrochemische_01-scaled-300x300.jpg 300w, https:\/\/www.prokol.com\/wp-content\/uploads\/Petrochemische_01-scaled-100x100.jpg 100w, https:\/\/www.prokol.com\/wp-content\/uploads\/Petrochemische_01-80x80.jpg 80w, https:\/\/www.prokol.com\/wp-content\/uploads\/Petrochemische_01-36x36.jpg 36w\" sizes=\"(max-width: 180px) 100vw, 180px\" \/><\/a><\/div><\/div><\/div><\/p><\/div>\n","protected":false},"excerpt":{"rendered":"","protected":false},"author":3,"featured_media":0,"parent":19302,"menu_order":0,"comment_status":"closed","ping_status":"closed","template":"","meta":{"inline_featured_image":false,"footnotes":""},"tags":[],"class_list":["post-19015","page","type-page","status-publish","hentry"],"yoast_head":"<!-- This site is optimized with the Yoast SEO plugin v27.2 - https:\/\/yoast.com\/product\/yoast-seo-wordpress\/ -->\n<title>Petrochemische Industrie - Prokol Protective Coatings<\/title>\n<meta name=\"robots\" content=\"index, follow, max-snippet:-1, max-image-preview:large, max-video-preview:-1\" \/>\n<link rel=\"canonical\" href=\"https:\/\/www.prokol.com\/de\/anwendungen\/industrie\/petrochemische-industrie\/\" \/>\n<meta property=\"og:locale\" content=\"de_DE\" \/>\n<meta property=\"og:type\" content=\"article\" \/>\n<meta property=\"og:title\" content=\"Petrochemische Industrie - Prokol Protective Coatings\" \/>\n<meta property=\"og:url\" content=\"https:\/\/www.prokol.com\/de\/anwendungen\/industrie\/petrochemische-industrie\/\" \/>\n<meta property=\"og:site_name\" content=\"Prokol Protective Coatings\" \/>\n<meta property=\"article:modified_time\" content=\"2023-04-19T10:42:13+00:00\" \/>\n<meta name=\"twitter:card\" content=\"summary_large_image\" \/>\n<meta name=\"twitter:label1\" content=\"Gesch\u00e4tzte Lesezeit\" \/>\n\t<meta name=\"twitter:data1\" content=\"5\u00a0Minuten\" \/>\n<script type=\"application\/ld+json\" class=\"yoast-schema-graph\">{\"@context\":\"https:\/\/schema.org\",\"@graph\":[{\"@type\":\"WebPage\",\"@id\":\"https:\/\/www.prokol.com\/de\/anwendungen\/industrie\/petrochemische-industrie\/\",\"url\":\"https:\/\/www.prokol.com\/de\/anwendungen\/industrie\/petrochemische-industrie\/\",\"name\":\"Petrochemische Industrie - Prokol Protective Coatings\",\"isPartOf\":{\"@id\":\"https:\/\/www.prokol.com\/de\/#website\"},\"datePublished\":\"2022-03-30T11:26:28+00:00\",\"dateModified\":\"2023-04-19T10:42:13+00:00\",\"breadcrumb\":{\"@id\":\"https:\/\/www.prokol.com\/de\/anwendungen\/industrie\/petrochemische-industrie\/#breadcrumb\"},\"inLanguage\":\"de\",\"potentialAction\":[{\"@type\":\"ReadAction\",\"target\":[\"https:\/\/www.prokol.com\/de\/anwendungen\/industrie\/petrochemische-industrie\/\"]}]},{\"@type\":\"BreadcrumbList\",\"@id\":\"https:\/\/www.prokol.com\/de\/anwendungen\/industrie\/petrochemische-industrie\/#breadcrumb\",\"itemListElement\":[{\"@type\":\"ListItem\",\"position\":1,\"name\":\"Home\",\"item\":\"https:\/\/www.prokol.com\/de\/prokol-home-de\/\"},{\"@type\":\"ListItem\",\"position\":2,\"name\":\"Anwendungen\",\"item\":\"https:\/\/www.prokol.com\/de\/anwendungen\/\"},{\"@type\":\"ListItem\",\"position\":3,\"name\":\"Industrie\",\"item\":\"https:\/\/www.prokol.com\/de\/anwendungen\/industrie\/\"},{\"@type\":\"ListItem\",\"position\":4,\"name\":\"Petrochemische Industrie\"}]},{\"@type\":\"WebSite\",\"@id\":\"https:\/\/www.prokol.com\/de\/#website\",\"url\":\"https:\/\/www.prokol.com\/de\/\",\"name\":\"Prokol Protective Coatings\",\"description\":\"POLYUREA HOTSPRAY, GIETVLOEREN EN PARKEERGARAGE COATINGS, VLOEIBARE NAADLOZE KUNSTSTOFFEN\",\"potentialAction\":[{\"@type\":\"SearchAction\",\"target\":{\"@type\":\"EntryPoint\",\"urlTemplate\":\"https:\/\/www.prokol.com\/de\/?s={search_term_string}\"},\"query-input\":{\"@type\":\"PropertyValueSpecification\",\"valueRequired\":true,\"valueName\":\"search_term_string\"}}],\"inLanguage\":\"de\"}]}<\/script>\n<!-- \/ Yoast SEO plugin. -->","yoast_head_json":{"title":"Petrochemische Industrie - Prokol Protective Coatings","robots":{"index":"index","follow":"follow","max-snippet":"max-snippet:-1","max-image-preview":"max-image-preview:large","max-video-preview":"max-video-preview:-1"},"canonical":"https:\/\/www.prokol.com\/de\/anwendungen\/industrie\/petrochemische-industrie\/","og_locale":"de_DE","og_type":"article","og_title":"Petrochemische Industrie - Prokol Protective Coatings","og_url":"https:\/\/www.prokol.com\/de\/anwendungen\/industrie\/petrochemische-industrie\/","og_site_name":"Prokol Protective Coatings","article_modified_time":"2023-04-19T10:42:13+00:00","twitter_card":"summary_large_image","twitter_misc":{"Gesch\u00e4tzte Lesezeit":"5\u00a0Minuten"},"schema":{"@context":"https:\/\/schema.org","@graph":[{"@type":"WebPage","@id":"https:\/\/www.prokol.com\/de\/anwendungen\/industrie\/petrochemische-industrie\/","url":"https:\/\/www.prokol.com\/de\/anwendungen\/industrie\/petrochemische-industrie\/","name":"Petrochemische Industrie - Prokol Protective Coatings","isPartOf":{"@id":"https:\/\/www.prokol.com\/de\/#website"},"datePublished":"2022-03-30T11:26:28+00:00","dateModified":"2023-04-19T10:42:13+00:00","breadcrumb":{"@id":"https:\/\/www.prokol.com\/de\/anwendungen\/industrie\/petrochemische-industrie\/#breadcrumb"},"inLanguage":"de","potentialAction":[{"@type":"ReadAction","target":["https:\/\/www.prokol.com\/de\/anwendungen\/industrie\/petrochemische-industrie\/"]}]},{"@type":"BreadcrumbList","@id":"https:\/\/www.prokol.com\/de\/anwendungen\/industrie\/petrochemische-industrie\/#breadcrumb","itemListElement":[{"@type":"ListItem","position":1,"name":"Home","item":"https:\/\/www.prokol.com\/de\/prokol-home-de\/"},{"@type":"ListItem","position":2,"name":"Anwendungen","item":"https:\/\/www.prokol.com\/de\/anwendungen\/"},{"@type":"ListItem","position":3,"name":"Industrie","item":"https:\/\/www.prokol.com\/de\/anwendungen\/industrie\/"},{"@type":"ListItem","position":4,"name":"Petrochemische Industrie"}]},{"@type":"WebSite","@id":"https:\/\/www.prokol.com\/de\/#website","url":"https:\/\/www.prokol.com\/de\/","name":"Prokol Protective Coatings","description":"POLYUREA HOTSPRAY, GIETVLOEREN EN PARKEERGARAGE COATINGS, VLOEIBARE NAADLOZE KUNSTSTOFFEN","potentialAction":[{"@type":"SearchAction","target":{"@type":"EntryPoint","urlTemplate":"https:\/\/www.prokol.com\/de\/?s={search_term_string}"},"query-input":{"@type":"PropertyValueSpecification","valueRequired":true,"valueName":"search_term_string"}}],"inLanguage":"de"}]}},"_links":{"self":[{"href":"https:\/\/www.prokol.com\/de\/wp-json\/wp\/v2\/pages\/19015","targetHints":{"allow":["GET"]}}],"collection":[{"href":"https:\/\/www.prokol.com\/de\/wp-json\/wp\/v2\/pages"}],"about":[{"href":"https:\/\/www.prokol.com\/de\/wp-json\/wp\/v2\/types\/page"}],"author":[{"embeddable":true,"href":"https:\/\/www.prokol.com\/de\/wp-json\/wp\/v2\/users\/3"}],"replies":[{"embeddable":true,"href":"https:\/\/www.prokol.com\/de\/wp-json\/wp\/v2\/comments?post=19015"}],"version-history":[{"count":4,"href":"https:\/\/www.prokol.com\/de\/wp-json\/wp\/v2\/pages\/19015\/revisions"}],"predecessor-version":[{"id":19198,"href":"https:\/\/www.prokol.com\/de\/wp-json\/wp\/v2\/pages\/19015\/revisions\/19198"}],"up":[{"embeddable":true,"href":"https:\/\/www.prokol.com\/de\/wp-json\/wp\/v2\/pages\/19302"}],"wp:attachment":[{"href":"https:\/\/www.prokol.com\/de\/wp-json\/wp\/v2\/media?parent=19015"}],"wp:term":[{"taxonomy":"post_tag","embeddable":true,"href":"https:\/\/www.prokol.com\/de\/wp-json\/wp\/v2\/tags?post=19015"}],"curies":[{"name":"wp","href":"https:\/\/api.w.org\/{rel}","templated":true}]}}