{"id":19018,"date":"2022-03-30T13:31:54","date_gmt":"2022-03-30T11:31:54","guid":{"rendered":"https:\/\/www.prokol.com\/trinkwasser-und-abwasser\/"},"modified":"2023-04-19T12:42:14","modified_gmt":"2023-04-19T10:42:14","slug":"trinkwasser-und-abwasser","status":"publish","type":"page","link":"https:\/\/www.prokol.com\/de\/anwendungen\/industrie\/trinkwasser-und-abwasser\/","title":{"rendered":"Trinkwasser und Abwasser"},"content":{"rendered":"<div id='full_slider_1'  class='avia-fullwidth-slider main_color avia-shadow   avia-builder-el-0  el_before_av_three_fifth  avia-builder-el-first  vervolgslide  container_wrap fullsize'  >\n<style type=\"text\/css\" data-created_by=\"avia_inline_auto\" id=\"style-css-av-k4179f0p-acede921c93825f4aeea30d99a7ef583\">\n#top #wrap_all .avia-slideshow .av-slideshow-caption.av-k4179f0p-acede921c93825f4aeea30d99a7ef583__0 .avia-caption-title{\nfont-size:50px;\n}\n#top .avia-slideshow .av-slideshow-caption.av-k4179f0p-acede921c93825f4aeea30d99a7ef583__0 .avia-caption-content{\nfont-size:18px;\n}\n#top .avia-slideshow .av-slideshow-caption.av-k4179f0p-acede921c93825f4aeea30d99a7ef583__0 .avia-caption-content p{\nfont-size:18px;\n}\n\n@media only screen and (min-width: 768px) and (max-width: 989px){ \n#top .avia-slideshow .av-slideshow-caption.av-k4179f0p-acede921c93825f4aeea30d99a7ef583__0 .avia-caption-content{\ndisplay:none;\n}\n#top .avia-slideshow .av-slideshow-caption.av-k4179f0p-acede921c93825f4aeea30d99a7ef583__0 .avia-caption-content p{\ndisplay:none;\n}\n}\n\n@media only screen and (min-width: 480px) and (max-width: 767px){ \n#top .avia-slideshow .av-slideshow-caption.av-k4179f0p-acede921c93825f4aeea30d99a7ef583__0 .avia-caption-content{\ndisplay:none;\n}\n#top .avia-slideshow .av-slideshow-caption.av-k4179f0p-acede921c93825f4aeea30d99a7ef583__0 .avia-caption-content p{\ndisplay:none;\n}\n}\n\n@media only screen and (max-width: 479px){ \n#top .avia-slideshow .av-slideshow-caption.av-k4179f0p-acede921c93825f4aeea30d99a7ef583__0 .avia-caption-content{\ndisplay:none;\n}\n#top .avia-slideshow .av-slideshow-caption.av-k4179f0p-acede921c93825f4aeea30d99a7ef583__0 .avia-caption-content p{\ndisplay:none;\n}\n}\n<\/style>\n<div  class='avia-slideshow av-k4179f0p-acede921c93825f4aeea30d99a7ef583 avia-slideshow-featured av_slideshow_full avia-fade-slider vervolgslide av-slideshow-ui av-control-minimal av-slideshow-autoplay av-loop-endless av-loop-manual-endless av-default-height-applied   avia-slideshow-1' data-slideshow-options=\"{&quot;animation&quot;:&quot;fade&quot;,&quot;autoplay&quot;:true,&quot;loop_autoplay&quot;:&quot;endless&quot;,&quot;interval&quot;:5,&quot;loop_manual&quot;:&quot;manual-endless&quot;,&quot;autoplay_stopper&quot;:false,&quot;noNavigation&quot;:false,&quot;bg_slider&quot;:false,&quot;keep_padding&quot;:false,&quot;hoverpause&quot;:false,&quot;show_slide_delay&quot;:0}\"  itemprop=\"image\" itemscope=\"itemscope\" itemtype=\"https:\/\/schema.org\/ImageObject\" ><ul class='avia-slideshow-inner ' style='padding-bottom: 28.666666666667%;'><li  class='avia-slideshow-slide av-k4179f0p-acede921c93825f4aeea30d99a7ef583__0  av-single-slide slide-1 slide-odd'><div data-rel='slideshow-1' class='avia-slide-wrap '   ><div class='av-slideshow-caption av-k4179f0p-acede921c93825f4aeea30d99a7ef583__0 caption_fullwidth caption_left'><div class=\"container caption_container\"><div class=\"slideshow_caption\"><div class=\"slideshow_inner_caption\"><div class=\"slideshow_align_caption\"><h2 class='avia-caption-title '  itemprop=\"name\" ><span style=\"color: #df4c23;\">-<\/span><br \/>\nTrinkwasser und Abwasser<\/h2><div class='avia-caption-content av_inherit_color'  itemprop=\"description\" ><p>Langfristiger Beitrag zur Wasseraufbereitung<\/p>\n<\/div><\/div><\/div><\/div><\/div><\/div><img decoding=\"async\" fetchpriority=\"high\" class=\"wp-image-9951 avia-img-lazy-loading-not-9951\"  src=\"https:\/\/www.prokol.com\/wp-content\/uploads\/Banner_Waterzuiveringkopie-1500x430.jpg\" width=\"1500\" height=\"430\" title='Trinkwasser und Abwasser' alt=''  itemprop=\"thumbnailUrl\" srcset=\"https:\/\/www.prokol.com\/wp-content\/uploads\/Banner_Waterzuiveringkopie.jpg 1500w, https:\/\/www.prokol.com\/wp-content\/uploads\/Banner_Waterzuiveringkopie-600x172.jpg 600w, https:\/\/www.prokol.com\/wp-content\/uploads\/Banner_Waterzuiveringkopie-300x86.jpg 300w, https:\/\/www.prokol.com\/wp-content\/uploads\/Banner_Waterzuiveringkopie-1030x295.jpg 1030w, https:\/\/www.prokol.com\/wp-content\/uploads\/Banner_Waterzuiveringkopie-768x220.jpg 768w, https:\/\/www.prokol.com\/wp-content\/uploads\/Banner_Waterzuiveringkopie-705x202.jpg 705w, https:\/\/www.prokol.com\/wp-content\/uploads\/Banner_Waterzuiveringkopie-24x7.jpg 24w, https:\/\/www.prokol.com\/wp-content\/uploads\/Banner_Waterzuiveringkopie-36x10.jpg 36w, https:\/\/www.prokol.com\/wp-content\/uploads\/Banner_Waterzuiveringkopie-48x14.jpg 48w\" sizes=\"(max-width: 1500px) 100vw, 1500px\" \/><div class='av-section-color-overlay' style='opacity: 0.5; background-image: url(https:\/\/www.prokol.com\/wp-content\/uploads\/2019\/12\/Overlay.png); background-repeat: repeat;'><\/div><\/div><\/li><\/ul><\/div><\/div><div id='after_full_slider_1'  class='main_color av_default_container_wrap container_wrap fullsize'  ><div class='container av-section-cont-open' ><div class='template-page content  av-content-full alpha units'><div class='post-entry post-entry-type-page post-entry-19018'><div class='entry-content-wrapper clearfix'>\n\n<style type=\"text\/css\" data-created_by=\"avia_inline_auto\" id=\"style-css-av-hgjsh-61ebd7c99414aef92e10b413a04964c7\">\n.flex_column.av-hgjsh-61ebd7c99414aef92e10b413a04964c7{\nborder-radius:0px 0px 0px 0px;\npadding:0px 0px 0px 0px;\n}\n<\/style>\n<div  class='flex_column av-hgjsh-61ebd7c99414aef92e10b413a04964c7 av_three_fifth  avia-builder-el-1  el_after_av_slideshow_full  el_before_av_two_fifth  avia-builder-el-first  first flex_column_div av-zero-column-padding  '     ><section  class='av_textblock_section av-kde9cj1t-733622bddd2480cffdd6c27dc22482a0 '   itemscope=\"itemscope\" itemtype=\"https:\/\/schema.org\/CreativeWork\" ><div class='avia_textblock'  itemprop=\"text\" ><h5>Der Kampf gegen die Mikroverschmutzung<\/h5>\n<p>In den Niederlanden sammeln wir Haushaltsabw\u00e4sser zur Reinigung. Dies hat zu einer deutlichen Verbesserung des Oberfl\u00e4chenwassers gef\u00fchrt. Eine neue Herausforderung besteht darin, die Mikroverschmutzung durch zus\u00e4tzliche oder neue Kombinationen von Behandlungssystemen zu bek\u00e4mpfen. Unsere Haushaltsabw\u00e4sser gelangen nach der Kanalisation mit organischen Stoffen, Phosphor und Stickstoff in eine Kl\u00e4ranlage. Hier wird das Wasser gereinigt. Bei diesem Prozess wird die organische Substanz in Wasser und Kohlendioxid zerlegt. F\u00fcr diesen Prozess wird viel Sauerstoff ben\u00f6tigt (Oxidationsgraben), was zu Schlammbildung f\u00fchrt.<\/p>\n<p>Nach dem (biologischen) Reinigungsprozess gelangt das Wasser in ein Nachkl\u00e4rbecken. Dabei handelt es sich um einen rotierenden Beh\u00e4lter, in dem das gereinigte Wasser vom Belebtschlamm getrennt wird. Die Becken sind aufgrund von Druck und Witterungseinfl\u00fcssen starken Belastungen ausgesetzt. Sie beginnen langsam zu br\u00f6ckeln, sodass die R\u00e4der des Tanks blockieren. Infolgedessen wird der Schlamm nicht mehr ausreichend entfernt und die Qualit\u00e4t des Kl\u00e4rwassers nimmt ab.<\/p>\n<p>Um solche Situationen zu vermeiden oder zu beheben, bietet Prokol verschiedene L\u00f6sungen f\u00fcr den Schutz von Beton und\/oder Metall f\u00fcr W\u00e4nde und B\u00f6den sowie f\u00fcr die Rutschfestigkeit von Plattformen.<\/p>\n<h5>Trinkwasser ist eines unserer Grundbed\u00fcrfnisse<\/h5>\n<p>Trinkwasser muss sauber und sicher sein. Die Regierung ergreift Ma\u00dfnahmen, um die Qualit\u00e4t des Trinkwassers in den Niederlanden zu sch\u00fctzen. Trinkwasserversorger reinigen Grund- und Oberfl\u00e4chenwasser f\u00fcr sauberes und sicheres Trinkwasser. Die Gewinnung, Aufbereitung und Bereitstellung von Trinkwasser unterliegt strengen gesetzlichen Vorschriften.<\/p>\n<h5>Strenge Normen<\/h5>\n<p>Es wurde auch festgelegt, wie viele Stoffe und Organismen im Trinkwasser vorkommen d\u00fcrfen. Diese gesetzlichen Qualit\u00e4tsanforderungen an das Trinkwasser sind in der Trinkwasserverordnung festgelegt. So darf beispielsweise Trinkwasser nur sehr geringe Mengen an Blei und Quecksilber enthalten (pro Liter Wasser liegt der Grenzwert bei 10 Mikrogramm Blei und 1 Mikrogramm Quecksilber). Diese Anforderungen beruhen auf der europ\u00e4ischen Trinkwasserrichtlinie.<\/p>\n<p>Sauberes Trinkwasser ist daher von entscheidender Bedeutung. Wir kontrollieren unser Wasser immer wieder, damit die Qualit\u00e4t gew\u00e4hrleistet bleibt. Eine sichere Gewinnung, Lagerung und Bef\u00f6rderung von Trinkwasser zum Endverbraucher ist daf\u00fcr unerl\u00e4sslich.<\/p>\n<h5>Nahtlose Auskleidungen von Prokol erf\u00fcllen die Anforderungen<\/h5>\n<p>Um sicheres Trinkwasser zu erhalten, muss die Trinkwasseranlage ordnungsgem\u00e4\u00df ausgef\u00fchrt werden. Prokol hat eine Reihe von Auskleidungen, die diese Anforderungen erf\u00fcllen. Diese Auskleidungen werden nahtlos und schnell eingesetzt und erf\u00fcllen sowohl die englischen als auch die deutschen Normen f\u00fcr Trinkwasser, die in einer Zertifizierung f\u00fcr diese Anwendungen festgelegt sind.<\/p>\n<h5>Einige Vorteile:<\/h5>\n<ul>\n<li>Schnelles Trocknen<\/li>\n<li>Nahtlos<\/li>\n<li>Dauerhaft elastisch und riss\u00fcberbr\u00fcckend<\/li>\n<li>Fl\u00fcssigkeitsdicht<\/li>\n<li>Gute Best\u00e4ndigkeit gegen organische und anorganische Verbindungen<\/li>\n<li>Gute Best\u00e4ndigkeit gegen hohe und niedrige Temperaturen<\/li>\n<li>Langlebig<\/li>\n<li>Abriebfest<\/li>\n<li>Starke Belastung<\/li>\n<\/ul>\n<\/div><\/section><\/div>\n\n<style type=\"text\/css\" data-created_by=\"avia_inline_auto\" id=\"style-css-av-hgjsh-4ad6bf0d2fc62696990cb6c5e6302c63\">\n.flex_column.av-hgjsh-4ad6bf0d2fc62696990cb6c5e6302c63{\nborder-radius:0px 0px 0px 0px;\npadding:0px 0px 0px 0px;\n}\n<\/style>\n<div  class='flex_column av-hgjsh-4ad6bf0d2fc62696990cb6c5e6302c63 av_two_fifth  avia-builder-el-3  el_after_av_three_fifth  avia-builder-el-last  flex_column_div av-zero-column-padding  '     ><p>\n<style type=\"text\/css\" data-created_by=\"avia_inline_auto\" id=\"style-css-av-kde9de9x-2f11b94344c28986fd07bb98d0b21dac\">\n.avia-image-container.av-kde9de9x-2f11b94344c28986fd07bb98d0b21dac img.avia_image{\nbox-shadow:none;\n}\n.avia-image-container.av-kde9de9x-2f11b94344c28986fd07bb98d0b21dac .av-image-caption-overlay-center{\ncolor:#ffffff;\n}\n<\/style>\n<div  class='avia-image-container av-kde9de9x-2f11b94344c28986fd07bb98d0b21dac av-styling- avia-align-left  avia-builder-el-4  el_before_av_image  avia-builder-el-first '   itemprop=\"image\" itemscope=\"itemscope\" itemtype=\"https:\/\/schema.org\/ImageObject\" ><div class=\"avia-image-container-inner\"><div class=\"avia-image-overlay-wrap\"><a href=\"https:\/\/www.prokol.com\/wp-content\/uploads\/Drink-afvalwater_03-773x1030.jpg\" data-srcset=\"https:\/\/www.prokol.com\/wp-content\/uploads\/Drink-afvalwater_03-773x1030.jpg 773w, https:\/\/www.prokol.com\/wp-content\/uploads\/Drink-afvalwater_03-600x800.jpg 600w, https:\/\/www.prokol.com\/wp-content\/uploads\/Drink-afvalwater_03-225x300.jpg 225w, https:\/\/www.prokol.com\/wp-content\/uploads\/Drink-afvalwater_03-768x1024.jpg 768w, https:\/\/www.prokol.com\/wp-content\/uploads\/Drink-afvalwater_03-1152x1536.jpg 1152w, https:\/\/www.prokol.com\/wp-content\/uploads\/Drink-afvalwater_03-1125x1500.jpg 1125w, https:\/\/www.prokol.com\/wp-content\/uploads\/Drink-afvalwater_03-529x705.jpg 529w, https:\/\/www.prokol.com\/wp-content\/uploads\/Drink-afvalwater_03-18x24.jpg 18w, https:\/\/www.prokol.com\/wp-content\/uploads\/Drink-afvalwater_03-27x36.jpg 27w, https:\/\/www.prokol.com\/wp-content\/uploads\/Drink-afvalwater_03-36x48.jpg 36w, https:\/\/www.prokol.com\/wp-content\/uploads\/Drink-afvalwater_03.jpg 1200w\" data-sizes=\"(max-width: 773px) 100vw, 773px\" class='avia_image'  aria-label='Drink-afvalwater_03'><img decoding=\"async\" fetchpriority=\"high\" class='wp-image-13119 avia-img-lazy-loading-not-13119 avia_image ' src=\"https:\/\/www.prokol.com\/wp-content\/uploads\/Drink-afvalwater_03-180x180.jpg\" alt='' title='Drink-afvalwater_03'  height=\"180\" width=\"180\"  itemprop=\"thumbnailUrl\" srcset=\"https:\/\/www.prokol.com\/wp-content\/uploads\/Drink-afvalwater_03-180x180.jpg 180w, https:\/\/www.prokol.com\/wp-content\/uploads\/Drink-afvalwater_03-300x300.jpg 300w, https:\/\/www.prokol.com\/wp-content\/uploads\/Drink-afvalwater_03-100x100.jpg 100w, https:\/\/www.prokol.com\/wp-content\/uploads\/Drink-afvalwater_03-80x80.jpg 80w, https:\/\/www.prokol.com\/wp-content\/uploads\/Drink-afvalwater_03-36x36.jpg 36w\" sizes=\"(max-width: 180px) 100vw, 180px\" \/><\/a><\/div><\/div><\/div><br \/>\n\n<style type=\"text\/css\" data-created_by=\"avia_inline_auto\" id=\"style-css-av-kpdz8ner-f9648dcd4b17eec9585c206529d10069\">\n.avia-image-container.av-kpdz8ner-f9648dcd4b17eec9585c206529d10069 img.avia_image{\nbox-shadow:none;\n}\n.avia-image-container.av-kpdz8ner-f9648dcd4b17eec9585c206529d10069 .av-image-caption-overlay-center{\ncolor:#ffffff;\n}\n<\/style>\n<div  class='avia-image-container av-kpdz8ner-f9648dcd4b17eec9585c206529d10069 av-styling- avia-align-left  avia-builder-el-5  el_after_av_image  el_before_av_image '   itemprop=\"image\" itemscope=\"itemscope\" itemtype=\"https:\/\/schema.org\/ImageObject\" ><div class=\"avia-image-container-inner\"><div class=\"avia-image-overlay-wrap\"><a href=\"https:\/\/www.prokol.com\/wp-content\/uploads\/Drink-afvalwater_02-773x1030.jpg\" data-srcset=\"https:\/\/www.prokol.com\/wp-content\/uploads\/Drink-afvalwater_02-773x1030.jpg 773w, https:\/\/www.prokol.com\/wp-content\/uploads\/Drink-afvalwater_02-600x800.jpg 600w, https:\/\/www.prokol.com\/wp-content\/uploads\/Drink-afvalwater_02-225x300.jpg 225w, https:\/\/www.prokol.com\/wp-content\/uploads\/Drink-afvalwater_02-768x1024.jpg 768w, https:\/\/www.prokol.com\/wp-content\/uploads\/Drink-afvalwater_02-1152x1536.jpg 1152w, https:\/\/www.prokol.com\/wp-content\/uploads\/Drink-afvalwater_02-1125x1500.jpg 1125w, https:\/\/www.prokol.com\/wp-content\/uploads\/Drink-afvalwater_02-529x705.jpg 529w, https:\/\/www.prokol.com\/wp-content\/uploads\/Drink-afvalwater_02-18x24.jpg 18w, https:\/\/www.prokol.com\/wp-content\/uploads\/Drink-afvalwater_02-27x36.jpg 27w, https:\/\/www.prokol.com\/wp-content\/uploads\/Drink-afvalwater_02-36x48.jpg 36w, https:\/\/www.prokol.com\/wp-content\/uploads\/Drink-afvalwater_02.jpg 1200w\" data-sizes=\"(max-width: 773px) 100vw, 773px\" class='avia_image'  aria-label='Drink-afvalwater_02'><img decoding=\"async\" fetchpriority=\"high\" class='wp-image-13115 avia-img-lazy-loading-not-13115 avia_image ' src=\"https:\/\/www.prokol.com\/wp-content\/uploads\/Drink-afvalwater_02-180x180.jpg\" alt='' title='Drink-afvalwater_02'  height=\"180\" width=\"180\"  itemprop=\"thumbnailUrl\" srcset=\"https:\/\/www.prokol.com\/wp-content\/uploads\/Drink-afvalwater_02-180x180.jpg 180w, https:\/\/www.prokol.com\/wp-content\/uploads\/Drink-afvalwater_02-300x300.jpg 300w, https:\/\/www.prokol.com\/wp-content\/uploads\/Drink-afvalwater_02-100x100.jpg 100w, https:\/\/www.prokol.com\/wp-content\/uploads\/Drink-afvalwater_02-80x80.jpg 80w, https:\/\/www.prokol.com\/wp-content\/uploads\/Drink-afvalwater_02-36x36.jpg 36w\" sizes=\"(max-width: 180px) 100vw, 180px\" \/><\/a><\/div><\/div><\/div><br \/>\n\n<style type=\"text\/css\" data-created_by=\"avia_inline_auto\" id=\"style-css-av-kpdz8xts-c74a348a644e5cdc146ef62a920d4f49\">\n.avia-image-container.av-kpdz8xts-c74a348a644e5cdc146ef62a920d4f49 img.avia_image{\nbox-shadow:none;\n}\n.avia-image-container.av-kpdz8xts-c74a348a644e5cdc146ef62a920d4f49 .av-image-caption-overlay-center{\ncolor:#ffffff;\n}\n<\/style>\n<div  class='avia-image-container av-kpdz8xts-c74a348a644e5cdc146ef62a920d4f49 av-styling- avia-align-left  avia-builder-el-6  el_after_av_image  avia-builder-el-last '   itemprop=\"image\" itemscope=\"itemscope\" itemtype=\"https:\/\/schema.org\/ImageObject\" ><div class=\"avia-image-container-inner\"><div class=\"avia-image-overlay-wrap\"><a href=\"https:\/\/www.prokol.com\/wp-content\/uploads\/Drink-afvalwater_01-1030x424.jpg\" data-srcset=\"https:\/\/www.prokol.com\/wp-content\/uploads\/Drink-afvalwater_01-1030x424.jpg 1030w, https:\/\/www.prokol.com\/wp-content\/uploads\/Drink-afvalwater_01-600x247.jpg 600w, https:\/\/www.prokol.com\/wp-content\/uploads\/Drink-afvalwater_01-300x123.jpg 300w, https:\/\/www.prokol.com\/wp-content\/uploads\/Drink-afvalwater_01-768x316.jpg 768w, https:\/\/www.prokol.com\/wp-content\/uploads\/Drink-afvalwater_01-1536x632.jpg 1536w, https:\/\/www.prokol.com\/wp-content\/uploads\/Drink-afvalwater_01-1500x617.jpg 1500w, https:\/\/www.prokol.com\/wp-content\/uploads\/Drink-afvalwater_01-705x290.jpg 705w, https:\/\/www.prokol.com\/wp-content\/uploads\/Drink-afvalwater_01-24x10.jpg 24w, https:\/\/www.prokol.com\/wp-content\/uploads\/Drink-afvalwater_01-36x15.jpg 36w, https:\/\/www.prokol.com\/wp-content\/uploads\/Drink-afvalwater_01-48x20.jpg 48w, https:\/\/www.prokol.com\/wp-content\/uploads\/Drink-afvalwater_01.jpg 1600w\" data-sizes=\"(max-width: 1030px) 100vw, 1030px\" class='avia_image'  aria-label='Drink-afvalwater_01'><img decoding=\"async\" fetchpriority=\"high\" class='wp-image-13111 avia-img-lazy-loading-not-13111 avia_image ' src=\"https:\/\/www.prokol.com\/wp-content\/uploads\/Drink-afvalwater_01-180x180.jpg\" alt='' title='Drink-afvalwater_01'  height=\"180\" width=\"180\"  itemprop=\"thumbnailUrl\" srcset=\"https:\/\/www.prokol.com\/wp-content\/uploads\/Drink-afvalwater_01-180x180.jpg 180w, https:\/\/www.prokol.com\/wp-content\/uploads\/Drink-afvalwater_01-300x300.jpg 300w, https:\/\/www.prokol.com\/wp-content\/uploads\/Drink-afvalwater_01-100x100.jpg 100w, https:\/\/www.prokol.com\/wp-content\/uploads\/Drink-afvalwater_01-80x80.jpg 80w, https:\/\/www.prokol.com\/wp-content\/uploads\/Drink-afvalwater_01-36x36.jpg 36w\" sizes=\"(max-width: 180px) 100vw, 180px\" \/><\/a><\/div><\/div><\/div><\/p><\/div>\n","protected":false},"excerpt":{"rendered":"","protected":false},"author":3,"featured_media":0,"parent":19302,"menu_order":0,"comment_status":"closed","ping_status":"closed","template":"","meta":{"inline_featured_image":false,"footnotes":""},"tags":[],"class_list":["post-19018","page","type-page","status-publish","hentry"],"yoast_head":"<!-- This site is optimized with the Yoast SEO plugin v27.2 - https:\/\/yoast.com\/product\/yoast-seo-wordpress\/ -->\n<title>Trinkwasser und Abwasser | Langfristiger Beitrag zur Wasseraufbereitung<\/title>\n<meta name=\"description\" content=\"Trinkwasser und Abwasser | Langfristiger Beitrag zur Wasseraufbereitung\" \/>\n<meta name=\"robots\" content=\"index, follow, max-snippet:-1, max-image-preview:large, max-video-preview:-1\" \/>\n<link rel=\"canonical\" href=\"https:\/\/www.prokol.com\/de\/anwendungen\/industrie\/trinkwasser-und-abwasser\/\" \/>\n<meta property=\"og:locale\" content=\"de_DE\" \/>\n<meta property=\"og:type\" content=\"article\" \/>\n<meta property=\"og:title\" content=\"Trinkwasser und Abwasser | Langfristiger Beitrag zur Wasseraufbereitung\" \/>\n<meta property=\"og:description\" content=\"Trinkwasser und Abwasser | Langfristiger Beitrag zur Wasseraufbereitung\" \/>\n<meta property=\"og:url\" content=\"https:\/\/www.prokol.com\/de\/anwendungen\/industrie\/trinkwasser-und-abwasser\/\" \/>\n<meta property=\"og:site_name\" content=\"Prokol Protective Coatings\" \/>\n<meta property=\"article:modified_time\" content=\"2023-04-19T10:42:14+00:00\" \/>\n<meta name=\"twitter:card\" content=\"summary_large_image\" \/>\n<meta name=\"twitter:label1\" content=\"Gesch\u00e4tzte Lesezeit\" \/>\n\t<meta name=\"twitter:data1\" content=\"6\u00a0Minuten\" \/>\n<script type=\"application\/ld+json\" class=\"yoast-schema-graph\">{\"@context\":\"https:\/\/schema.org\",\"@graph\":[{\"@type\":\"WebPage\",\"@id\":\"https:\/\/www.prokol.com\/de\/anwendungen\/industrie\/trinkwasser-und-abwasser\/\",\"url\":\"https:\/\/www.prokol.com\/de\/anwendungen\/industrie\/trinkwasser-und-abwasser\/\",\"name\":\"Trinkwasser und Abwasser | Langfristiger Beitrag zur Wasseraufbereitung\",\"isPartOf\":{\"@id\":\"https:\/\/www.prokol.com\/de\/#website\"},\"datePublished\":\"2022-03-30T11:31:54+00:00\",\"dateModified\":\"2023-04-19T10:42:14+00:00\",\"description\":\"Trinkwasser und Abwasser | Langfristiger Beitrag zur Wasseraufbereitung\",\"breadcrumb\":{\"@id\":\"https:\/\/www.prokol.com\/de\/anwendungen\/industrie\/trinkwasser-und-abwasser\/#breadcrumb\"},\"inLanguage\":\"de\",\"potentialAction\":[{\"@type\":\"ReadAction\",\"target\":[\"https:\/\/www.prokol.com\/de\/anwendungen\/industrie\/trinkwasser-und-abwasser\/\"]}]},{\"@type\":\"BreadcrumbList\",\"@id\":\"https:\/\/www.prokol.com\/de\/anwendungen\/industrie\/trinkwasser-und-abwasser\/#breadcrumb\",\"itemListElement\":[{\"@type\":\"ListItem\",\"position\":1,\"name\":\"Home\",\"item\":\"https:\/\/www.prokol.com\/de\/prokol-home-de\/\"},{\"@type\":\"ListItem\",\"position\":2,\"name\":\"Anwendungen\",\"item\":\"https:\/\/www.prokol.com\/de\/anwendungen\/\"},{\"@type\":\"ListItem\",\"position\":3,\"name\":\"Industrie\",\"item\":\"https:\/\/www.prokol.com\/de\/anwendungen\/industrie\/\"},{\"@type\":\"ListItem\",\"position\":4,\"name\":\"Trinkwasser und Abwasser\"}]},{\"@type\":\"WebSite\",\"@id\":\"https:\/\/www.prokol.com\/de\/#website\",\"url\":\"https:\/\/www.prokol.com\/de\/\",\"name\":\"Prokol Protective Coatings\",\"description\":\"POLYUREA HOTSPRAY, GIETVLOEREN EN PARKEERGARAGE COATINGS, VLOEIBARE NAADLOZE KUNSTSTOFFEN\",\"potentialAction\":[{\"@type\":\"SearchAction\",\"target\":{\"@type\":\"EntryPoint\",\"urlTemplate\":\"https:\/\/www.prokol.com\/de\/?s={search_term_string}\"},\"query-input\":{\"@type\":\"PropertyValueSpecification\",\"valueRequired\":true,\"valueName\":\"search_term_string\"}}],\"inLanguage\":\"de\"}]}<\/script>\n<!-- \/ Yoast SEO plugin. -->","yoast_head_json":{"title":"Trinkwasser und Abwasser | Langfristiger Beitrag zur Wasseraufbereitung","description":"Trinkwasser und Abwasser | Langfristiger Beitrag zur Wasseraufbereitung","robots":{"index":"index","follow":"follow","max-snippet":"max-snippet:-1","max-image-preview":"max-image-preview:large","max-video-preview":"max-video-preview:-1"},"canonical":"https:\/\/www.prokol.com\/de\/anwendungen\/industrie\/trinkwasser-und-abwasser\/","og_locale":"de_DE","og_type":"article","og_title":"Trinkwasser und Abwasser | Langfristiger Beitrag zur Wasseraufbereitung","og_description":"Trinkwasser und Abwasser | Langfristiger Beitrag zur Wasseraufbereitung","og_url":"https:\/\/www.prokol.com\/de\/anwendungen\/industrie\/trinkwasser-und-abwasser\/","og_site_name":"Prokol Protective Coatings","article_modified_time":"2023-04-19T10:42:14+00:00","twitter_card":"summary_large_image","twitter_misc":{"Gesch\u00e4tzte Lesezeit":"6\u00a0Minuten"},"schema":{"@context":"https:\/\/schema.org","@graph":[{"@type":"WebPage","@id":"https:\/\/www.prokol.com\/de\/anwendungen\/industrie\/trinkwasser-und-abwasser\/","url":"https:\/\/www.prokol.com\/de\/anwendungen\/industrie\/trinkwasser-und-abwasser\/","name":"Trinkwasser und Abwasser | Langfristiger Beitrag zur Wasseraufbereitung","isPartOf":{"@id":"https:\/\/www.prokol.com\/de\/#website"},"datePublished":"2022-03-30T11:31:54+00:00","dateModified":"2023-04-19T10:42:14+00:00","description":"Trinkwasser und Abwasser | Langfristiger Beitrag zur Wasseraufbereitung","breadcrumb":{"@id":"https:\/\/www.prokol.com\/de\/anwendungen\/industrie\/trinkwasser-und-abwasser\/#breadcrumb"},"inLanguage":"de","potentialAction":[{"@type":"ReadAction","target":["https:\/\/www.prokol.com\/de\/anwendungen\/industrie\/trinkwasser-und-abwasser\/"]}]},{"@type":"BreadcrumbList","@id":"https:\/\/www.prokol.com\/de\/anwendungen\/industrie\/trinkwasser-und-abwasser\/#breadcrumb","itemListElement":[{"@type":"ListItem","position":1,"name":"Home","item":"https:\/\/www.prokol.com\/de\/prokol-home-de\/"},{"@type":"ListItem","position":2,"name":"Anwendungen","item":"https:\/\/www.prokol.com\/de\/anwendungen\/"},{"@type":"ListItem","position":3,"name":"Industrie","item":"https:\/\/www.prokol.com\/de\/anwendungen\/industrie\/"},{"@type":"ListItem","position":4,"name":"Trinkwasser und Abwasser"}]},{"@type":"WebSite","@id":"https:\/\/www.prokol.com\/de\/#website","url":"https:\/\/www.prokol.com\/de\/","name":"Prokol Protective Coatings","description":"POLYUREA HOTSPRAY, GIETVLOEREN EN PARKEERGARAGE COATINGS, VLOEIBARE NAADLOZE KUNSTSTOFFEN","potentialAction":[{"@type":"SearchAction","target":{"@type":"EntryPoint","urlTemplate":"https:\/\/www.prokol.com\/de\/?s={search_term_string}"},"query-input":{"@type":"PropertyValueSpecification","valueRequired":true,"valueName":"search_term_string"}}],"inLanguage":"de"}]}},"_links":{"self":[{"href":"https:\/\/www.prokol.com\/de\/wp-json\/wp\/v2\/pages\/19018","targetHints":{"allow":["GET"]}}],"collection":[{"href":"https:\/\/www.prokol.com\/de\/wp-json\/wp\/v2\/pages"}],"about":[{"href":"https:\/\/www.prokol.com\/de\/wp-json\/wp\/v2\/types\/page"}],"author":[{"embeddable":true,"href":"https:\/\/www.prokol.com\/de\/wp-json\/wp\/v2\/users\/3"}],"replies":[{"embeddable":true,"href":"https:\/\/www.prokol.com\/de\/wp-json\/wp\/v2\/comments?post=19018"}],"version-history":[{"count":4,"href":"https:\/\/www.prokol.com\/de\/wp-json\/wp\/v2\/pages\/19018\/revisions"}],"predecessor-version":[{"id":19215,"href":"https:\/\/www.prokol.com\/de\/wp-json\/wp\/v2\/pages\/19018\/revisions\/19215"}],"up":[{"embeddable":true,"href":"https:\/\/www.prokol.com\/de\/wp-json\/wp\/v2\/pages\/19302"}],"wp:attachment":[{"href":"https:\/\/www.prokol.com\/de\/wp-json\/wp\/v2\/media?parent=19018"}],"wp:term":[{"taxonomy":"post_tag","embeddable":true,"href":"https:\/\/www.prokol.com\/de\/wp-json\/wp\/v2\/tags?post=19018"}],"curies":[{"name":"wp","href":"https:\/\/api.w.org\/{rel}","templated":true}]}}