{"id":19021,"date":"2022-03-30T13:49:12","date_gmt":"2022-03-30T11:49:12","guid":{"rendered":"https:\/\/www.prokol.com\/kuehlhaeuser-und-gefrierraeume\/"},"modified":"2023-04-19T12:42:15","modified_gmt":"2023-04-19T10:42:15","slug":"kuehlhaeuser-und-gefrierraeume","status":"publish","type":"page","link":"https:\/\/www.prokol.com\/de\/anwendungen\/logistik\/kuehlhaeuser-und-gefrierraeume\/","title":{"rendered":"K\u00fchlh\u00e4user und Gefrierr\u00e4ume"},"content":{"rendered":"<div id='full_slider_1'  class='avia-fullwidth-slider main_color avia-shadow   avia-builder-el-0  el_before_av_three_fifth  avia-builder-el-first  vervolgslide  container_wrap fullsize'  >\n<style type=\"text\/css\" data-created_by=\"avia_inline_auto\" id=\"style-css-av-k4179f0p-acede921c93825f4aeea30d99a7ef583\">\n#top #wrap_all .avia-slideshow .av-slideshow-caption.av-k4179f0p-acede921c93825f4aeea30d99a7ef583__0 .avia-caption-title{\nfont-size:50px;\n}\n#top .avia-slideshow .av-slideshow-caption.av-k4179f0p-acede921c93825f4aeea30d99a7ef583__0 .avia-caption-content{\nfont-size:18px;\n}\n#top .avia-slideshow .av-slideshow-caption.av-k4179f0p-acede921c93825f4aeea30d99a7ef583__0 .avia-caption-content p{\nfont-size:18px;\n}\n\n@media only screen and (min-width: 768px) and (max-width: 989px){ \n#top .avia-slideshow .av-slideshow-caption.av-k4179f0p-acede921c93825f4aeea30d99a7ef583__0 .avia-caption-content{\ndisplay:none;\n}\n#top .avia-slideshow .av-slideshow-caption.av-k4179f0p-acede921c93825f4aeea30d99a7ef583__0 .avia-caption-content p{\ndisplay:none;\n}\n}\n\n@media only screen and (min-width: 480px) and (max-width: 767px){ \n#top .avia-slideshow .av-slideshow-caption.av-k4179f0p-acede921c93825f4aeea30d99a7ef583__0 .avia-caption-content{\ndisplay:none;\n}\n#top .avia-slideshow .av-slideshow-caption.av-k4179f0p-acede921c93825f4aeea30d99a7ef583__0 .avia-caption-content p{\ndisplay:none;\n}\n}\n\n@media only screen and (max-width: 479px){ \n#top .avia-slideshow .av-slideshow-caption.av-k4179f0p-acede921c93825f4aeea30d99a7ef583__0 .avia-caption-content{\ndisplay:none;\n}\n#top .avia-slideshow .av-slideshow-caption.av-k4179f0p-acede921c93825f4aeea30d99a7ef583__0 .avia-caption-content p{\ndisplay:none;\n}\n}\n<\/style>\n<div  class='avia-slideshow av-k4179f0p-acede921c93825f4aeea30d99a7ef583 avia-slideshow-featured av_slideshow_full avia-fade-slider vervolgslide av-slideshow-ui av-control-minimal av-slideshow-autoplay av-loop-endless av-loop-manual-endless av-default-height-applied   avia-slideshow-1' data-slideshow-options=\"{&quot;animation&quot;:&quot;fade&quot;,&quot;autoplay&quot;:true,&quot;loop_autoplay&quot;:&quot;endless&quot;,&quot;interval&quot;:5,&quot;loop_manual&quot;:&quot;manual-endless&quot;,&quot;autoplay_stopper&quot;:false,&quot;noNavigation&quot;:false,&quot;bg_slider&quot;:false,&quot;keep_padding&quot;:false,&quot;hoverpause&quot;:false,&quot;show_slide_delay&quot;:0}\"  itemprop=\"image\" itemscope=\"itemscope\" itemtype=\"https:\/\/schema.org\/ImageObject\" ><ul class='avia-slideshow-inner ' style='padding-bottom: 28.666666666667%;'><li  class='avia-slideshow-slide av-k4179f0p-acede921c93825f4aeea30d99a7ef583__0  av-single-slide slide-1 slide-odd'><div data-rel='slideshow-1' class='avia-slide-wrap '   ><div class='av-slideshow-caption av-k4179f0p-acede921c93825f4aeea30d99a7ef583__0 caption_fullwidth caption_left'><div class=\"container caption_container\"><div class=\"slideshow_caption\"><div class=\"slideshow_inner_caption\"><div class=\"slideshow_align_caption\"><h2 class='avia-caption-title '  itemprop=\"name\" ><span style=\"color: #df4c23;\">-<\/span><br \/>\nK\u00fchlh\u00e4user und Gefrierr\u00e4ume<\/h2><div class='avia-caption-content '  itemprop=\"description\" ><p>Boden- und Wandbel\u00e4ge, die gegen hohe und niedrige Temperaturen best\u00e4ndig sind<\/p>\n<\/div><\/div><\/div><\/div><\/div><\/div><img decoding=\"async\" fetchpriority=\"high\" class=\"wp-image-3269 avia-img-lazy-loading-not-3269\"  src=\"https:\/\/www.prokol.com\/wp-content\/uploads\/2020\/08\/Banner_koel_vrieshuizen-1500x430.jpg\" width=\"1500\" height=\"430\" title='Banner_koel_vrieshuizen' alt=''  itemprop=\"thumbnailUrl\" srcset=\"https:\/\/www.prokol.com\/wp-content\/uploads\/2020\/08\/Banner_koel_vrieshuizen.jpg 1500w, https:\/\/www.prokol.com\/wp-content\/uploads\/2020\/08\/Banner_koel_vrieshuizen-600x172.jpg 600w, https:\/\/www.prokol.com\/wp-content\/uploads\/2020\/08\/Banner_koel_vrieshuizen-300x86.jpg 300w, https:\/\/www.prokol.com\/wp-content\/uploads\/2020\/08\/Banner_koel_vrieshuizen-1030x295.jpg 1030w, https:\/\/www.prokol.com\/wp-content\/uploads\/2020\/08\/Banner_koel_vrieshuizen-768x220.jpg 768w, https:\/\/www.prokol.com\/wp-content\/uploads\/2020\/08\/Banner_koel_vrieshuizen-705x202.jpg 705w\" sizes=\"(max-width: 1500px) 100vw, 1500px\" \/><div class='av-section-color-overlay' style='opacity: 0.5; background-image: url(https:\/\/www.prokol.com\/wp-content\/uploads\/2019\/12\/Overlay.png); background-repeat: repeat;'><\/div><\/div><\/li><\/ul><\/div><\/div><div id='after_full_slider_1'  class='main_color av_default_container_wrap container_wrap fullsize'  ><div class='container av-section-cont-open' ><div class='template-page content  av-content-full alpha units'><div class='post-entry post-entry-type-page post-entry-19021'><div class='entry-content-wrapper clearfix'>\n\n<style type=\"text\/css\" data-created_by=\"avia_inline_auto\" id=\"style-css-av-mir7d-076b1aa2e9a00ad00d5728ea181b7e4d\">\n.flex_column.av-mir7d-076b1aa2e9a00ad00d5728ea181b7e4d{\nborder-radius:0px 0px 0px 0px;\npadding:0px 0px 0px 0px;\n}\n<\/style>\n<div  class='flex_column av-mir7d-076b1aa2e9a00ad00d5728ea181b7e4d av_three_fifth  avia-builder-el-1  el_after_av_slideshow_full  el_before_av_two_fifth  avia-builder-el-first  first flex_column_div av-zero-column-padding  '     ><section  class='av_textblock_section av-kde9cj1t-733622bddd2480cffdd6c27dc22482a0 '   itemscope=\"itemscope\" itemtype=\"https:\/\/schema.org\/CreativeWork\" ><div class='avia_textblock'  itemprop=\"text\" ><p>Es gibt viele Arten und Gr\u00f6\u00dfen von K\u00fchlh\u00e4usern und sie unterscheiden sich oft je nach Sektor. Es gibt jedoch eine Reihe von Bedingungen, die praktisch jede Zelle erf\u00fcllen muss. Prokol liefert eine Reihe spezifischer Systeme f\u00fcr diesen Sektor, die den gesetzlichen Anforderungen und den Kundenw\u00fcnschen entsprechen. Dabei handelt es sich oft um gr\u00f6\u00dfere Zellen, die in einer Fabrik gebaut werden. Auf diese Weise werden Produkte in kurzer Zeit gek\u00fchlt, gelagert oder tiefgefroren. Alle diese Zellen m\u00fcssen die HACCP-Richtlinien einhalten. Im Gro\u00dfen und Ganzen bedeutet dies, dass sie so konstruiert sind, dass sich kein Schmutz in Ritzen und Fugen ansammeln kann und dass sie leicht sauber zu halten sind.<\/p>\n<h5>Nahtloses Ganzes<\/h5>\n<p>Prokol ist Spezialist f\u00fcr fugenlose Verarbeitungen. Polyurea-Spraysysteme k\u00f6nnen sowohl horizontal als auch vertikal aufgetragen und mit einer rutschhemmenden Beschichtung versehen werden, die mit derselben Technik hergestellt wird. Jedes Detail ist in die 3 mm dicke wasserdichte Auskleidung eingearbeitet. So k\u00f6nnen Sie sicher sein, dass Sie eine dauerhafte und wasserfeste Oberfl\u00e4che erhalten, die Ihre Arbeit mitmacht.<\/p>\n<h5>Einfache Wartung<\/h5>\n<p>Im Allgemeinen bestehen diese Beschichtungen aus einem Rocathaan-Hotspray-System. Dieses ist verschlei\u00dffest und kann die Bewegungen des Untergrunds aufnehmen. Es ist kein Problem, den Boden mit hei\u00dfem Wasser unter Hochdruck zu reinigen, um die Zelle so schnell wie m\u00f6glich wieder in Betrieb zu nehmen.<\/p>\n<\/div><\/section><\/div>\n\n<style type=\"text\/css\" data-created_by=\"avia_inline_auto\" id=\"style-css-av-hgjsh-4ad6bf0d2fc62696990cb6c5e6302c63\">\n.flex_column.av-hgjsh-4ad6bf0d2fc62696990cb6c5e6302c63{\nborder-radius:0px 0px 0px 0px;\npadding:0px 0px 0px 0px;\n}\n<\/style>\n<div  class='flex_column av-hgjsh-4ad6bf0d2fc62696990cb6c5e6302c63 av_two_fifth  avia-builder-el-3  el_after_av_three_fifth  avia-builder-el-last  flex_column_div av-zero-column-padding  '     ><p>\n<style type=\"text\/css\" data-created_by=\"avia_inline_auto\" id=\"style-css-av-kde9de9x-295a1f554a15bcbb81da21c39c907220\">\n.avia-image-container.av-kde9de9x-295a1f554a15bcbb81da21c39c907220 img.avia_image{\nbox-shadow:none;\n}\n.avia-image-container.av-kde9de9x-295a1f554a15bcbb81da21c39c907220 .av-image-caption-overlay-center{\ncolor:#ffffff;\n}\n<\/style>\n<div  class='avia-image-container av-kde9de9x-295a1f554a15bcbb81da21c39c907220 av-styling- avia-align-left  avia-builder-el-4  el_before_av_image  avia-builder-el-first '   itemprop=\"image\" itemscope=\"itemscope\" itemtype=\"https:\/\/schema.org\/ImageObject\" ><div class=\"avia-image-container-inner\"><div class=\"avia-image-overlay-wrap\"><a href=\"https:\/\/www.prokol.com\/wp-content\/uploads\/Koelvries_02-1030x773.jpg\" data-srcset=\"https:\/\/www.prokol.com\/wp-content\/uploads\/Koelvries_02-1030x773.jpg 1030w, https:\/\/www.prokol.com\/wp-content\/uploads\/Koelvries_02-scaled-600x450.jpg 600w, https:\/\/www.prokol.com\/wp-content\/uploads\/Koelvries_02-300x225.jpg 300w, https:\/\/www.prokol.com\/wp-content\/uploads\/Koelvries_02-768x576.jpg 768w, https:\/\/www.prokol.com\/wp-content\/uploads\/Koelvries_02-1536x1152.jpg 1536w, https:\/\/www.prokol.com\/wp-content\/uploads\/Koelvries_02-2048x1536.jpg 2048w, https:\/\/www.prokol.com\/wp-content\/uploads\/Koelvries_02-1500x1125.jpg 1500w, https:\/\/www.prokol.com\/wp-content\/uploads\/Koelvries_02-705x529.jpg 705w, https:\/\/www.prokol.com\/wp-content\/uploads\/Koelvries_02-24x18.jpg 24w, https:\/\/www.prokol.com\/wp-content\/uploads\/Koelvries_02-36x27.jpg 36w, https:\/\/www.prokol.com\/wp-content\/uploads\/Koelvries_02-48x36.jpg 48w\" data-sizes=\"(max-width: 1030px) 100vw, 1030px\" class='avia_image'  aria-label='K\u00fchlh\u00e4user und Gefrierr\u00e4ume'><img decoding=\"async\" fetchpriority=\"high\" class='wp-image-11984 avia-img-lazy-loading-not-11984 avia_image ' src=\"https:\/\/www.prokol.com\/wp-content\/uploads\/Koelvries_02-180x180.jpg\" alt='' title='K\u00fchlh\u00e4user und Gefrierr\u00e4ume'  height=\"180\" width=\"180\"  itemprop=\"thumbnailUrl\" srcset=\"https:\/\/www.prokol.com\/wp-content\/uploads\/Koelvries_02-180x180.jpg 180w, https:\/\/www.prokol.com\/wp-content\/uploads\/Koelvries_02-scaled-300x300.jpg 300w, https:\/\/www.prokol.com\/wp-content\/uploads\/Koelvries_02-scaled-100x100.jpg 100w, https:\/\/www.prokol.com\/wp-content\/uploads\/Koelvries_02-80x80.jpg 80w, https:\/\/www.prokol.com\/wp-content\/uploads\/Koelvries_02-36x36.jpg 36w\" sizes=\"(max-width: 180px) 100vw, 180px\" \/><\/a><\/div><\/div><\/div><br \/>\n\n<style type=\"text\/css\" data-created_by=\"avia_inline_auto\" id=\"style-css-av-kde9de9x-a6d5e0dae6963dc946f985addbbeeab3\">\n.avia-image-container.av-kde9de9x-a6d5e0dae6963dc946f985addbbeeab3 img.avia_image{\nbox-shadow:none;\n}\n.avia-image-container.av-kde9de9x-a6d5e0dae6963dc946f985addbbeeab3 .av-image-caption-overlay-center{\ncolor:#ffffff;\n}\n<\/style>\n<div  class='avia-image-container av-kde9de9x-a6d5e0dae6963dc946f985addbbeeab3 av-styling- avia-align-left  avia-builder-el-5  el_after_av_image  el_before_av_image '   itemprop=\"image\" itemscope=\"itemscope\" itemtype=\"https:\/\/schema.org\/ImageObject\" ><div class=\"avia-image-container-inner\"><div class=\"avia-image-overlay-wrap\"><a href=\"https:\/\/www.prokol.com\/wp-content\/uploads\/Koelvries_03.jpg\" data-srcset=\"https:\/\/www.prokol.com\/wp-content\/uploads\/Koelvries_03.jpg 800w, https:\/\/www.prokol.com\/wp-content\/uploads\/Koelvries_03-600x401.jpg 600w, https:\/\/www.prokol.com\/wp-content\/uploads\/Koelvries_03-300x200.jpg 300w, https:\/\/www.prokol.com\/wp-content\/uploads\/Koelvries_03-768x513.jpg 768w, https:\/\/www.prokol.com\/wp-content\/uploads\/Koelvries_03-705x471.jpg 705w, https:\/\/www.prokol.com\/wp-content\/uploads\/Koelvries_03-24x16.jpg 24w, https:\/\/www.prokol.com\/wp-content\/uploads\/Koelvries_03-36x24.jpg 36w, https:\/\/www.prokol.com\/wp-content\/uploads\/Koelvries_03-48x32.jpg 48w\" data-sizes=\"(max-width: 800px) 100vw, 800px\" class='avia_image'  aria-label='K\u00fchlh\u00e4user und Gefrierr\u00e4ume'><img decoding=\"async\" fetchpriority=\"high\" class='wp-image-11988 avia-img-lazy-loading-not-11988 avia_image ' src=\"https:\/\/www.prokol.com\/wp-content\/uploads\/Koelvries_03-180x180.jpg\" alt='' title='K\u00fchlh\u00e4user und Gefrierr\u00e4ume'  height=\"180\" width=\"180\"  itemprop=\"thumbnailUrl\" srcset=\"https:\/\/www.prokol.com\/wp-content\/uploads\/Koelvries_03-180x180.jpg 180w, https:\/\/www.prokol.com\/wp-content\/uploads\/Koelvries_03-300x300.jpg 300w, https:\/\/www.prokol.com\/wp-content\/uploads\/Koelvries_03-100x100.jpg 100w, https:\/\/www.prokol.com\/wp-content\/uploads\/Koelvries_03-80x80.jpg 80w, https:\/\/www.prokol.com\/wp-content\/uploads\/Koelvries_03-36x36.jpg 36w\" sizes=\"(max-width: 180px) 100vw, 180px\" \/><\/a><\/div><\/div><\/div><br \/>\n\n<style type=\"text\/css\" data-created_by=\"avia_inline_auto\" id=\"style-css-av-kde9de9x-e8df23d450e26da825ea7ed8194e4b69\">\n.avia-image-container.av-kde9de9x-e8df23d450e26da825ea7ed8194e4b69 img.avia_image{\nbox-shadow:none;\n}\n.avia-image-container.av-kde9de9x-e8df23d450e26da825ea7ed8194e4b69 .av-image-caption-overlay-center{\ncolor:#ffffff;\n}\n<\/style>\n<div  class='avia-image-container av-kde9de9x-e8df23d450e26da825ea7ed8194e4b69 av-styling- avia-align-left  avia-builder-el-6  el_after_av_image  avia-builder-el-last '   itemprop=\"image\" itemscope=\"itemscope\" itemtype=\"https:\/\/schema.org\/ImageObject\" ><div class=\"avia-image-container-inner\"><div class=\"avia-image-overlay-wrap\"><a href=\"https:\/\/www.prokol.com\/wp-content\/uploads\/Koelvries_01.jpg\" data-srcset=\"https:\/\/www.prokol.com\/wp-content\/uploads\/Koelvries_01.jpg 800w, https:\/\/www.prokol.com\/wp-content\/uploads\/Koelvries_01-600x337.jpg 600w, https:\/\/www.prokol.com\/wp-content\/uploads\/Koelvries_01-300x168.jpg 300w, https:\/\/www.prokol.com\/wp-content\/uploads\/Koelvries_01-768x431.jpg 768w, https:\/\/www.prokol.com\/wp-content\/uploads\/Koelvries_01-705x396.jpg 705w, https:\/\/www.prokol.com\/wp-content\/uploads\/Koelvries_01-24x13.jpg 24w, https:\/\/www.prokol.com\/wp-content\/uploads\/Koelvries_01-36x20.jpg 36w, https:\/\/www.prokol.com\/wp-content\/uploads\/Koelvries_01-48x27.jpg 48w\" data-sizes=\"(max-width: 800px) 100vw, 800px\" class='avia_image'  aria-label='K\u00fchlh\u00e4user und Gefrierr\u00e4ume'><img decoding=\"async\" fetchpriority=\"high\" class='wp-image-11980 avia-img-lazy-loading-not-11980 avia_image ' src=\"https:\/\/www.prokol.com\/wp-content\/uploads\/Koelvries_01-180x180.jpg\" alt='' title='K\u00fchlh\u00e4user und Gefrierr\u00e4ume'  height=\"180\" width=\"180\"  itemprop=\"thumbnailUrl\" srcset=\"https:\/\/www.prokol.com\/wp-content\/uploads\/Koelvries_01-180x180.jpg 180w, https:\/\/www.prokol.com\/wp-content\/uploads\/Koelvries_01-300x300.jpg 300w, https:\/\/www.prokol.com\/wp-content\/uploads\/Koelvries_01-100x100.jpg 100w, https:\/\/www.prokol.com\/wp-content\/uploads\/Koelvries_01-80x80.jpg 80w, https:\/\/www.prokol.com\/wp-content\/uploads\/Koelvries_01-36x36.jpg 36w\" sizes=\"(max-width: 180px) 100vw, 180px\" \/><\/a><\/div><\/div><\/div><\/p><\/div>\n","protected":false},"excerpt":{"rendered":"","protected":false},"author":3,"featured_media":0,"parent":19314,"menu_order":0,"comment_status":"closed","ping_status":"closed","template":"","meta":{"inline_featured_image":false,"footnotes":""},"tags":[],"class_list":["post-19021","page","type-page","status-publish","hentry"],"yoast_head":"<!-- This site is optimized with the Yoast SEO plugin v27.2 - https:\/\/yoast.com\/product\/yoast-seo-wordpress\/ -->\n<title>K\u00fchlh\u00e4user und Gefrierr\u00e4ume - Prokol Protective Coatings<\/title>\n<meta name=\"robots\" content=\"index, follow, max-snippet:-1, max-image-preview:large, max-video-preview:-1\" \/>\n<link rel=\"canonical\" href=\"https:\/\/www.prokol.com\/de\/anwendungen\/logistik\/kuehlhaeuser-und-gefrierraeume\/\" \/>\n<meta property=\"og:locale\" content=\"de_DE\" \/>\n<meta property=\"og:type\" content=\"article\" \/>\n<meta property=\"og:title\" content=\"K\u00fchlh\u00e4user und Gefrierr\u00e4ume - Prokol Protective Coatings\" \/>\n<meta property=\"og:url\" content=\"https:\/\/www.prokol.com\/de\/anwendungen\/logistik\/kuehlhaeuser-und-gefrierraeume\/\" \/>\n<meta property=\"og:site_name\" content=\"Prokol Protective Coatings\" \/>\n<meta property=\"article:modified_time\" content=\"2023-04-19T10:42:15+00:00\" \/>\n<meta name=\"twitter:card\" content=\"summary_large_image\" \/>\n<meta name=\"twitter:label1\" content=\"Gesch\u00e4tzte Lesezeit\" \/>\n\t<meta name=\"twitter:data1\" content=\"5\u00a0Minuten\" \/>\n<script type=\"application\/ld+json\" class=\"yoast-schema-graph\">{\"@context\":\"https:\/\/schema.org\",\"@graph\":[{\"@type\":\"WebPage\",\"@id\":\"https:\/\/www.prokol.com\/de\/anwendungen\/logistik\/kuehlhaeuser-und-gefrierraeume\/\",\"url\":\"https:\/\/www.prokol.com\/de\/anwendungen\/logistik\/kuehlhaeuser-und-gefrierraeume\/\",\"name\":\"K\u00fchlh\u00e4user und Gefrierr\u00e4ume - Prokol Protective Coatings\",\"isPartOf\":{\"@id\":\"https:\/\/www.prokol.com\/de\/#website\"},\"datePublished\":\"2022-03-30T11:49:12+00:00\",\"dateModified\":\"2023-04-19T10:42:15+00:00\",\"breadcrumb\":{\"@id\":\"https:\/\/www.prokol.com\/de\/anwendungen\/logistik\/kuehlhaeuser-und-gefrierraeume\/#breadcrumb\"},\"inLanguage\":\"de\",\"potentialAction\":[{\"@type\":\"ReadAction\",\"target\":[\"https:\/\/www.prokol.com\/de\/anwendungen\/logistik\/kuehlhaeuser-und-gefrierraeume\/\"]}]},{\"@type\":\"BreadcrumbList\",\"@id\":\"https:\/\/www.prokol.com\/de\/anwendungen\/logistik\/kuehlhaeuser-und-gefrierraeume\/#breadcrumb\",\"itemListElement\":[{\"@type\":\"ListItem\",\"position\":1,\"name\":\"Home\",\"item\":\"https:\/\/www.prokol.com\/de\/prokol-home-de\/\"},{\"@type\":\"ListItem\",\"position\":2,\"name\":\"Anwendungen\",\"item\":\"https:\/\/www.prokol.com\/de\/anwendungen\/\"},{\"@type\":\"ListItem\",\"position\":3,\"name\":\"Logistik\",\"item\":\"https:\/\/www.prokol.com\/de\/anwendungen\/logistik\/\"},{\"@type\":\"ListItem\",\"position\":4,\"name\":\"K\u00fchlh\u00e4user und Gefrierr\u00e4ume\"}]},{\"@type\":\"WebSite\",\"@id\":\"https:\/\/www.prokol.com\/de\/#website\",\"url\":\"https:\/\/www.prokol.com\/de\/\",\"name\":\"Prokol Protective Coatings\",\"description\":\"POLYUREA HOTSPRAY, GIETVLOEREN EN PARKEERGARAGE COATINGS, VLOEIBARE NAADLOZE KUNSTSTOFFEN\",\"potentialAction\":[{\"@type\":\"SearchAction\",\"target\":{\"@type\":\"EntryPoint\",\"urlTemplate\":\"https:\/\/www.prokol.com\/de\/?s={search_term_string}\"},\"query-input\":{\"@type\":\"PropertyValueSpecification\",\"valueRequired\":true,\"valueName\":\"search_term_string\"}}],\"inLanguage\":\"de\"}]}<\/script>\n<!-- \/ Yoast SEO plugin. -->","yoast_head_json":{"title":"K\u00fchlh\u00e4user und Gefrierr\u00e4ume - Prokol Protective Coatings","robots":{"index":"index","follow":"follow","max-snippet":"max-snippet:-1","max-image-preview":"max-image-preview:large","max-video-preview":"max-video-preview:-1"},"canonical":"https:\/\/www.prokol.com\/de\/anwendungen\/logistik\/kuehlhaeuser-und-gefrierraeume\/","og_locale":"de_DE","og_type":"article","og_title":"K\u00fchlh\u00e4user und Gefrierr\u00e4ume - Prokol Protective Coatings","og_url":"https:\/\/www.prokol.com\/de\/anwendungen\/logistik\/kuehlhaeuser-und-gefrierraeume\/","og_site_name":"Prokol Protective Coatings","article_modified_time":"2023-04-19T10:42:15+00:00","twitter_card":"summary_large_image","twitter_misc":{"Gesch\u00e4tzte Lesezeit":"5\u00a0Minuten"},"schema":{"@context":"https:\/\/schema.org","@graph":[{"@type":"WebPage","@id":"https:\/\/www.prokol.com\/de\/anwendungen\/logistik\/kuehlhaeuser-und-gefrierraeume\/","url":"https:\/\/www.prokol.com\/de\/anwendungen\/logistik\/kuehlhaeuser-und-gefrierraeume\/","name":"K\u00fchlh\u00e4user und Gefrierr\u00e4ume - Prokol Protective Coatings","isPartOf":{"@id":"https:\/\/www.prokol.com\/de\/#website"},"datePublished":"2022-03-30T11:49:12+00:00","dateModified":"2023-04-19T10:42:15+00:00","breadcrumb":{"@id":"https:\/\/www.prokol.com\/de\/anwendungen\/logistik\/kuehlhaeuser-und-gefrierraeume\/#breadcrumb"},"inLanguage":"de","potentialAction":[{"@type":"ReadAction","target":["https:\/\/www.prokol.com\/de\/anwendungen\/logistik\/kuehlhaeuser-und-gefrierraeume\/"]}]},{"@type":"BreadcrumbList","@id":"https:\/\/www.prokol.com\/de\/anwendungen\/logistik\/kuehlhaeuser-und-gefrierraeume\/#breadcrumb","itemListElement":[{"@type":"ListItem","position":1,"name":"Home","item":"https:\/\/www.prokol.com\/de\/prokol-home-de\/"},{"@type":"ListItem","position":2,"name":"Anwendungen","item":"https:\/\/www.prokol.com\/de\/anwendungen\/"},{"@type":"ListItem","position":3,"name":"Logistik","item":"https:\/\/www.prokol.com\/de\/anwendungen\/logistik\/"},{"@type":"ListItem","position":4,"name":"K\u00fchlh\u00e4user und Gefrierr\u00e4ume"}]},{"@type":"WebSite","@id":"https:\/\/www.prokol.com\/de\/#website","url":"https:\/\/www.prokol.com\/de\/","name":"Prokol Protective Coatings","description":"POLYUREA HOTSPRAY, GIETVLOEREN EN PARKEERGARAGE COATINGS, VLOEIBARE NAADLOZE KUNSTSTOFFEN","potentialAction":[{"@type":"SearchAction","target":{"@type":"EntryPoint","urlTemplate":"https:\/\/www.prokol.com\/de\/?s={search_term_string}"},"query-input":{"@type":"PropertyValueSpecification","valueRequired":true,"valueName":"search_term_string"}}],"inLanguage":"de"}]}},"_links":{"self":[{"href":"https:\/\/www.prokol.com\/de\/wp-json\/wp\/v2\/pages\/19021","targetHints":{"allow":["GET"]}}],"collection":[{"href":"https:\/\/www.prokol.com\/de\/wp-json\/wp\/v2\/pages"}],"about":[{"href":"https:\/\/www.prokol.com\/de\/wp-json\/wp\/v2\/types\/page"}],"author":[{"embeddable":true,"href":"https:\/\/www.prokol.com\/de\/wp-json\/wp\/v2\/users\/3"}],"replies":[{"embeddable":true,"href":"https:\/\/www.prokol.com\/de\/wp-json\/wp\/v2\/comments?post=19021"}],"version-history":[{"count":3,"href":"https:\/\/www.prokol.com\/de\/wp-json\/wp\/v2\/pages\/19021\/revisions"}],"predecessor-version":[{"id":19180,"href":"https:\/\/www.prokol.com\/de\/wp-json\/wp\/v2\/pages\/19021\/revisions\/19180"}],"up":[{"embeddable":true,"href":"https:\/\/www.prokol.com\/de\/wp-json\/wp\/v2\/pages\/19314"}],"wp:attachment":[{"href":"https:\/\/www.prokol.com\/de\/wp-json\/wp\/v2\/media?parent=19021"}],"wp:term":[{"taxonomy":"post_tag","embeddable":true,"href":"https:\/\/www.prokol.com\/de\/wp-json\/wp\/v2\/tags?post=19021"}],"curies":[{"name":"wp","href":"https:\/\/api.w.org\/{rel}","templated":true}]}}