{"id":19024,"date":"2022-03-30T13:51:16","date_gmt":"2022-03-30T11:51:16","guid":{"rendered":"https:\/\/www.prokol.com\/vertriebszentren\/"},"modified":"2023-04-19T12:42:16","modified_gmt":"2023-04-19T10:42:16","slug":"vertriebszentren","status":"publish","type":"page","link":"https:\/\/www.prokol.com\/de\/anwendungen\/logistik\/vertriebszentren\/","title":{"rendered":"Vertriebszentren"},"content":{"rendered":"<div id='full_slider_1'  class='avia-fullwidth-slider main_color avia-shadow   avia-builder-el-0  el_before_av_three_fifth  avia-builder-el-first  vervolgslide  container_wrap fullsize'  >\n<style type=\"text\/css\" data-created_by=\"avia_inline_auto\" id=\"style-css-av-k4179f0p-acede921c93825f4aeea30d99a7ef583\">\n#top #wrap_all .avia-slideshow .av-slideshow-caption.av-k4179f0p-acede921c93825f4aeea30d99a7ef583__0 .avia-caption-title{\nfont-size:50px;\n}\n#top .avia-slideshow .av-slideshow-caption.av-k4179f0p-acede921c93825f4aeea30d99a7ef583__0 .avia-caption-content{\nfont-size:18px;\n}\n#top .avia-slideshow .av-slideshow-caption.av-k4179f0p-acede921c93825f4aeea30d99a7ef583__0 .avia-caption-content p{\nfont-size:18px;\n}\n\n@media only screen and (min-width: 768px) and (max-width: 989px){ \n#top .avia-slideshow .av-slideshow-caption.av-k4179f0p-acede921c93825f4aeea30d99a7ef583__0 .avia-caption-content{\ndisplay:none;\n}\n#top .avia-slideshow .av-slideshow-caption.av-k4179f0p-acede921c93825f4aeea30d99a7ef583__0 .avia-caption-content p{\ndisplay:none;\n}\n}\n\n@media only screen and (min-width: 480px) and (max-width: 767px){ \n#top .avia-slideshow .av-slideshow-caption.av-k4179f0p-acede921c93825f4aeea30d99a7ef583__0 .avia-caption-content{\ndisplay:none;\n}\n#top .avia-slideshow .av-slideshow-caption.av-k4179f0p-acede921c93825f4aeea30d99a7ef583__0 .avia-caption-content p{\ndisplay:none;\n}\n}\n\n@media only screen and (max-width: 479px){ \n#top .avia-slideshow .av-slideshow-caption.av-k4179f0p-acede921c93825f4aeea30d99a7ef583__0 .avia-caption-content{\ndisplay:none;\n}\n#top .avia-slideshow .av-slideshow-caption.av-k4179f0p-acede921c93825f4aeea30d99a7ef583__0 .avia-caption-content p{\ndisplay:none;\n}\n}\n<\/style>\n<div  class='avia-slideshow av-k4179f0p-acede921c93825f4aeea30d99a7ef583 avia-slideshow-featured av_slideshow_full avia-fade-slider vervolgslide av-slideshow-ui av-control-minimal av-slideshow-autoplay av-loop-endless av-loop-manual-endless av-default-height-applied   avia-slideshow-1' data-slideshow-options=\"{&quot;animation&quot;:&quot;fade&quot;,&quot;autoplay&quot;:true,&quot;loop_autoplay&quot;:&quot;endless&quot;,&quot;interval&quot;:5,&quot;loop_manual&quot;:&quot;manual-endless&quot;,&quot;autoplay_stopper&quot;:false,&quot;noNavigation&quot;:false,&quot;bg_slider&quot;:false,&quot;keep_padding&quot;:false,&quot;hoverpause&quot;:false,&quot;show_slide_delay&quot;:0}\"  itemprop=\"image\" itemscope=\"itemscope\" itemtype=\"https:\/\/schema.org\/ImageObject\" ><ul class='avia-slideshow-inner ' style='padding-bottom: 28.666666666667%;'><li  class='avia-slideshow-slide av-k4179f0p-acede921c93825f4aeea30d99a7ef583__0  av-single-slide slide-1 slide-odd'><div data-rel='slideshow-1' class='avia-slide-wrap '   ><div class='av-slideshow-caption av-k4179f0p-acede921c93825f4aeea30d99a7ef583__0 caption_fullwidth caption_left'><div class=\"container caption_container\"><div class=\"slideshow_caption\"><div class=\"slideshow_inner_caption\"><div class=\"slideshow_align_caption\"><h2 class='avia-caption-title '  itemprop=\"name\" ><span style=\"color: #df4c23;\">-<\/span><br \/>\nVertriebszentren<\/h2><div class='avia-caption-content '  itemprop=\"description\" ><p>Entdecken Sie die vielen Vorteile eines hochwertigen Epoxidharzbodens<\/p>\n<\/div><\/div><\/div><\/div><\/div><\/div><img decoding=\"async\" fetchpriority=\"high\" class=\"wp-image-3409 avia-img-lazy-loading-not-3409\"  src=\"https:\/\/www.prokol.com\/wp-content\/uploads\/2020\/08\/Banner_warehouses-1500x430.jpg\" width=\"1500\" height=\"430\" title='Banner_warehouses' alt=''  itemprop=\"thumbnailUrl\" srcset=\"https:\/\/www.prokol.com\/wp-content\/uploads\/2020\/08\/Banner_warehouses.jpg 1500w, https:\/\/www.prokol.com\/wp-content\/uploads\/2020\/08\/Banner_warehouses-600x172.jpg 600w, https:\/\/www.prokol.com\/wp-content\/uploads\/2020\/08\/Banner_warehouses-300x86.jpg 300w, https:\/\/www.prokol.com\/wp-content\/uploads\/2020\/08\/Banner_warehouses-1030x295.jpg 1030w, https:\/\/www.prokol.com\/wp-content\/uploads\/2020\/08\/Banner_warehouses-768x220.jpg 768w, https:\/\/www.prokol.com\/wp-content\/uploads\/2020\/08\/Banner_warehouses-705x202.jpg 705w\" sizes=\"(max-width: 1500px) 100vw, 1500px\" \/><div class='av-section-color-overlay' style='opacity: 0.5; background-image: url(https:\/\/www.prokol.com\/wp-content\/uploads\/2019\/12\/Overlay.png); background-repeat: repeat;'><\/div><\/div><\/li><\/ul><\/div><\/div><div id='after_full_slider_1'  class='main_color av_default_container_wrap container_wrap fullsize'  ><div class='container av-section-cont-open' ><div class='template-page content  av-content-full alpha units'><div class='post-entry post-entry-type-page post-entry-19024'><div class='entry-content-wrapper clearfix'>\n\n<style type=\"text\/css\" data-created_by=\"avia_inline_auto\" id=\"style-css-av-mir7d-076b1aa2e9a00ad00d5728ea181b7e4d\">\n.flex_column.av-mir7d-076b1aa2e9a00ad00d5728ea181b7e4d{\nborder-radius:0px 0px 0px 0px;\npadding:0px 0px 0px 0px;\n}\n<\/style>\n<div  class='flex_column av-mir7d-076b1aa2e9a00ad00d5728ea181b7e4d av_three_fifth  avia-builder-el-1  el_after_av_slideshow_full  el_before_av_two_fifth  avia-builder-el-first  first flex_column_div av-zero-column-padding  '     ><section  class='av_textblock_section av-kde9cj1t-733622bddd2480cffdd6c27dc22482a0 '   itemscope=\"itemscope\" itemtype=\"https:\/\/schema.org\/CreativeWork\" ><div class='avia_textblock'  itemprop=\"text\" ><p>Fu\u00dfb\u00f6den sind oft die gr\u00f6\u00dfte Fl\u00e4che in einer Arbeitsumgebung. Es ist daher logisch, dass sie von guter Qualit\u00e4t sein und den (kundenspezifischen) Anforderungen eines Standorts entsprechen m\u00fcssen.<\/p>\n<h5>Eigenschaften von Bodenbeschichtungen<\/h5>\n<p>Prokol-Epoxidbodenbeschichtungen sind robust, verschlei\u00dffest, chemikalienbest\u00e4ndig und in einer rutschfesten Form erh\u00e4ltlich. Rocapox-Epoxidbodenbeschichtungen werden unter anderem in Vertriebszentren, Lagern, Werkst\u00e4tten, Flugzeughangars, Parkh\u00e4usern, Industriehallen, Autowaschanlagen und Ausstellungsr\u00e4umen eingesetzt.<\/p>\n<h5>Richtlinien<\/h5>\n<p>Diese Bodenbeschichtungen k\u00f6nnen fl\u00fcssigkeitsfest oder fl\u00fcssigkeitsdicht aufgetragen werden und entsprechen den Richtlinien der AS SIKB 6700. Diese Erkl\u00e4rung zur fl\u00fcssigkeitsdichten Anlage (fr\u00fcher CUR\/PBV-44) kann nur ausgestellt werden, wenn eine unabh\u00e4ngige Sichtpr\u00fcfung durch einen Fachmann durchgef\u00fchrt wurde.<\/p>\n<h5>Bodenbeschichtungen und Verarbeitung<\/h5>\n<p>Unsere Bodenbeschichtungen sind l\u00f6sungsmittelfrei, haben eine lange Verarbeitungszeit und lassen sich leicht mit einem Rakel, einer Rolle oder einem Pinsel auftragen. Sie k\u00f6nnen auch mit einer Airless-Apparatur oder Walze aufgetragen werden. Trotz der vielen Farboptionen (RAL, NCS und BS) sind die Produkte schnell verf\u00fcgbar.<\/p>\n<h5>Beratung<\/h5>\n<p>Die Zusammensetzung eines Bodenbeschichtungssystems richtet sich nach dem Verwendungszweck, der Situation, dem Untergrund und den spezifischen W\u00fcnschen. Die richtige Vorbehandlung des Untergrunds ist wichtig, um ein gutes Endergebnis zu erzielen. Als Hersteller und Lieferant hat Prokol immer eine beratende Funktion. Ein technischer Berater wird Ihnen gerne behilflich sein. Mit der entsprechenden Beratung k\u00f6nnen Sie dann das Beschichtungsunternehmen um ein Angebot bitten.<\/p>\n<\/div><\/section><\/div>\n\n<style type=\"text\/css\" data-created_by=\"avia_inline_auto\" id=\"style-css-av-hgjsh-4ad6bf0d2fc62696990cb6c5e6302c63\">\n.flex_column.av-hgjsh-4ad6bf0d2fc62696990cb6c5e6302c63{\nborder-radius:0px 0px 0px 0px;\npadding:0px 0px 0px 0px;\n}\n<\/style>\n<div  class='flex_column av-hgjsh-4ad6bf0d2fc62696990cb6c5e6302c63 av_two_fifth  avia-builder-el-3  el_after_av_three_fifth  avia-builder-el-last  flex_column_div av-zero-column-padding  '     ><p>\n<style type=\"text\/css\" data-created_by=\"avia_inline_auto\" id=\"style-css-av-kde9de9x-ff7c7dcc15d413d60f64d20ab4a0eddd\">\n.avia-image-container.av-kde9de9x-ff7c7dcc15d413d60f64d20ab4a0eddd img.avia_image{\nbox-shadow:none;\n}\n.avia-image-container.av-kde9de9x-ff7c7dcc15d413d60f64d20ab4a0eddd .av-image-caption-overlay-center{\ncolor:#ffffff;\n}\n<\/style>\n<div  class='avia-image-container av-kde9de9x-ff7c7dcc15d413d60f64d20ab4a0eddd av-styling- avia-align-left  avia-builder-el-4  el_before_av_image  avia-builder-el-first '   itemprop=\"image\" itemscope=\"itemscope\" itemtype=\"https:\/\/schema.org\/ImageObject\" ><div class=\"avia-image-container-inner\"><div class=\"avia-image-overlay-wrap\"><a href=\"https:\/\/www.prokol.com\/wp-content\/uploads\/Distributiecentrum_03-1030x773.jpg\" data-srcset=\"https:\/\/www.prokol.com\/wp-content\/uploads\/Distributiecentrum_03-1030x773.jpg 1030w, https:\/\/www.prokol.com\/wp-content\/uploads\/Distributiecentrum_03-scaled-600x450.jpg 600w, https:\/\/www.prokol.com\/wp-content\/uploads\/Distributiecentrum_03-300x225.jpg 300w, https:\/\/www.prokol.com\/wp-content\/uploads\/Distributiecentrum_03-768x576.jpg 768w, https:\/\/www.prokol.com\/wp-content\/uploads\/Distributiecentrum_03-1536x1152.jpg 1536w, https:\/\/www.prokol.com\/wp-content\/uploads\/Distributiecentrum_03-2048x1536.jpg 2048w, https:\/\/www.prokol.com\/wp-content\/uploads\/Distributiecentrum_03-1500x1125.jpg 1500w, https:\/\/www.prokol.com\/wp-content\/uploads\/Distributiecentrum_03-705x529.jpg 705w, https:\/\/www.prokol.com\/wp-content\/uploads\/Distributiecentrum_03-24x18.jpg 24w, https:\/\/www.prokol.com\/wp-content\/uploads\/Distributiecentrum_03-36x27.jpg 36w, https:\/\/www.prokol.com\/wp-content\/uploads\/Distributiecentrum_03-48x36.jpg 48w\" data-sizes=\"(max-width: 1030px) 100vw, 1030px\" class='avia_image'  aria-label='Distributiecentrum_03'><img decoding=\"async\" fetchpriority=\"high\" class='wp-image-13107 avia-img-lazy-loading-not-13107 avia_image ' src=\"https:\/\/www.prokol.com\/wp-content\/uploads\/Distributiecentrum_03-180x180.jpg\" alt='' title='Distributiecentrum_03'  height=\"180\" width=\"180\"  itemprop=\"thumbnailUrl\" srcset=\"https:\/\/www.prokol.com\/wp-content\/uploads\/Distributiecentrum_03-180x180.jpg 180w, https:\/\/www.prokol.com\/wp-content\/uploads\/Distributiecentrum_03-scaled-300x300.jpg 300w, https:\/\/www.prokol.com\/wp-content\/uploads\/Distributiecentrum_03-scaled-100x100.jpg 100w, https:\/\/www.prokol.com\/wp-content\/uploads\/Distributiecentrum_03-80x80.jpg 80w, https:\/\/www.prokol.com\/wp-content\/uploads\/Distributiecentrum_03-36x36.jpg 36w\" sizes=\"(max-width: 180px) 100vw, 180px\" \/><\/a><\/div><\/div><\/div><br \/>\n\n<style type=\"text\/css\" data-created_by=\"avia_inline_auto\" id=\"style-css-av-kpdz6k4g-b7cccbd4ca70c79298ba36f3508f40e5\">\n.avia-image-container.av-kpdz6k4g-b7cccbd4ca70c79298ba36f3508f40e5 img.avia_image{\nbox-shadow:none;\n}\n.avia-image-container.av-kpdz6k4g-b7cccbd4ca70c79298ba36f3508f40e5 .av-image-caption-overlay-center{\ncolor:#ffffff;\n}\n<\/style>\n<div  class='avia-image-container av-kpdz6k4g-b7cccbd4ca70c79298ba36f3508f40e5 av-styling- avia-align-left  avia-builder-el-5  el_after_av_image  el_before_av_image '   itemprop=\"image\" itemscope=\"itemscope\" itemtype=\"https:\/\/schema.org\/ImageObject\" ><div class=\"avia-image-container-inner\"><div class=\"avia-image-overlay-wrap\"><a href=\"https:\/\/www.prokol.com\/wp-content\/uploads\/Distributiecentrum_02.jpg\" data-srcset=\"https:\/\/www.prokol.com\/wp-content\/uploads\/Distributiecentrum_02.jpg 831w, https:\/\/www.prokol.com\/wp-content\/uploads\/Distributiecentrum_02-600x416.jpg 600w, https:\/\/www.prokol.com\/wp-content\/uploads\/Distributiecentrum_02-300x208.jpg 300w, https:\/\/www.prokol.com\/wp-content\/uploads\/Distributiecentrum_02-768x532.jpg 768w, https:\/\/www.prokol.com\/wp-content\/uploads\/Distributiecentrum_02-705x489.jpg 705w, https:\/\/www.prokol.com\/wp-content\/uploads\/Distributiecentrum_02-24x17.jpg 24w, https:\/\/www.prokol.com\/wp-content\/uploads\/Distributiecentrum_02-36x25.jpg 36w, https:\/\/www.prokol.com\/wp-content\/uploads\/Distributiecentrum_02-48x33.jpg 48w\" data-sizes=\"(max-width: 831px) 100vw, 831px\" class='avia_image'  aria-label='Warehouse'><img decoding=\"async\" fetchpriority=\"high\" class='wp-image-13103 avia-img-lazy-loading-not-13103 avia_image ' src=\"https:\/\/www.prokol.com\/wp-content\/uploads\/Distributiecentrum_02-180x180.jpg\" alt='' title='Warehouse'  height=\"180\" width=\"180\"  itemprop=\"thumbnailUrl\" srcset=\"https:\/\/www.prokol.com\/wp-content\/uploads\/Distributiecentrum_02-180x180.jpg 180w, https:\/\/www.prokol.com\/wp-content\/uploads\/Distributiecentrum_02-300x300.jpg 300w, https:\/\/www.prokol.com\/wp-content\/uploads\/Distributiecentrum_02-100x100.jpg 100w, https:\/\/www.prokol.com\/wp-content\/uploads\/Distributiecentrum_02-80x80.jpg 80w, https:\/\/www.prokol.com\/wp-content\/uploads\/Distributiecentrum_02-36x36.jpg 36w\" sizes=\"(max-width: 180px) 100vw, 180px\" \/><\/a><\/div><\/div><\/div><br \/>\n\n<style type=\"text\/css\" data-created_by=\"avia_inline_auto\" id=\"style-css-av-kpdz6x06-20939eea9c827e4c3a40dd9e4b499a05\">\n.avia-image-container.av-kpdz6x06-20939eea9c827e4c3a40dd9e4b499a05 img.avia_image{\nbox-shadow:none;\n}\n.avia-image-container.av-kpdz6x06-20939eea9c827e4c3a40dd9e4b499a05 .av-image-caption-overlay-center{\ncolor:#ffffff;\n}\n<\/style>\n<div  class='avia-image-container av-kpdz6x06-20939eea9c827e4c3a40dd9e4b499a05 av-styling- avia-align-left  avia-builder-el-6  el_after_av_image  avia-builder-el-last '   itemprop=\"image\" itemscope=\"itemscope\" itemtype=\"https:\/\/schema.org\/ImageObject\" ><div class=\"avia-image-container-inner\"><div class=\"avia-image-overlay-wrap\"><a href=\"https:\/\/www.prokol.com\/wp-content\/uploads\/Distributiecentrum_01-1030x773.jpg\" data-srcset=\"https:\/\/www.prokol.com\/wp-content\/uploads\/Distributiecentrum_01-1030x773.jpg 1030w, https:\/\/www.prokol.com\/wp-content\/uploads\/Distributiecentrum_01-scaled-600x450.jpg 600w, https:\/\/www.prokol.com\/wp-content\/uploads\/Distributiecentrum_01-300x225.jpg 300w, https:\/\/www.prokol.com\/wp-content\/uploads\/Distributiecentrum_01-768x576.jpg 768w, https:\/\/www.prokol.com\/wp-content\/uploads\/Distributiecentrum_01-1536x1152.jpg 1536w, https:\/\/www.prokol.com\/wp-content\/uploads\/Distributiecentrum_01-2048x1536.jpg 2048w, https:\/\/www.prokol.com\/wp-content\/uploads\/Distributiecentrum_01-1500x1125.jpg 1500w, https:\/\/www.prokol.com\/wp-content\/uploads\/Distributiecentrum_01-705x529.jpg 705w, https:\/\/www.prokol.com\/wp-content\/uploads\/Distributiecentrum_01-24x18.jpg 24w, https:\/\/www.prokol.com\/wp-content\/uploads\/Distributiecentrum_01-36x27.jpg 36w, https:\/\/www.prokol.com\/wp-content\/uploads\/Distributiecentrum_01-48x36.jpg 48w\" data-sizes=\"(max-width: 1030px) 100vw, 1030px\" class='avia_image'  aria-label='OLYMPUS DIGITAL CAMERA'><img decoding=\"async\" fetchpriority=\"high\" class='wp-image-13099 avia-img-lazy-loading-not-13099 avia_image ' src=\"https:\/\/www.prokol.com\/wp-content\/uploads\/Distributiecentrum_01-180x180.jpg\" alt='' title='OLYMPUS DIGITAL CAMERA'  height=\"180\" width=\"180\"  itemprop=\"thumbnailUrl\" srcset=\"https:\/\/www.prokol.com\/wp-content\/uploads\/Distributiecentrum_01-180x180.jpg 180w, https:\/\/www.prokol.com\/wp-content\/uploads\/Distributiecentrum_01-scaled-300x300.jpg 300w, https:\/\/www.prokol.com\/wp-content\/uploads\/Distributiecentrum_01-scaled-100x100.jpg 100w, https:\/\/www.prokol.com\/wp-content\/uploads\/Distributiecentrum_01-80x80.jpg 80w, https:\/\/www.prokol.com\/wp-content\/uploads\/Distributiecentrum_01-36x36.jpg 36w\" sizes=\"(max-width: 180px) 100vw, 180px\" \/><\/a><\/div><\/div><\/div><\/p><\/div>\n","protected":false},"excerpt":{"rendered":"","protected":false},"author":3,"featured_media":0,"parent":19314,"menu_order":0,"comment_status":"closed","ping_status":"closed","template":"","meta":{"inline_featured_image":false,"footnotes":""},"tags":[],"class_list":["post-19024","page","type-page","status-publish","hentry"],"yoast_head":"<!-- This site is optimized with the Yoast SEO plugin v27.2 - https:\/\/yoast.com\/product\/yoast-seo-wordpress\/ -->\n<title>Vertriebszentren - Prokol Protective Coatings<\/title>\n<meta name=\"robots\" content=\"index, follow, max-snippet:-1, max-image-preview:large, max-video-preview:-1\" \/>\n<link rel=\"canonical\" href=\"https:\/\/www.prokol.com\/de\/anwendungen\/logistik\/vertriebszentren\/\" \/>\n<meta property=\"og:locale\" content=\"de_DE\" \/>\n<meta property=\"og:type\" content=\"article\" \/>\n<meta property=\"og:title\" content=\"Vertriebszentren - Prokol Protective Coatings\" \/>\n<meta property=\"og:url\" content=\"https:\/\/www.prokol.com\/de\/anwendungen\/logistik\/vertriebszentren\/\" \/>\n<meta property=\"og:site_name\" content=\"Prokol Protective Coatings\" \/>\n<meta property=\"article:modified_time\" content=\"2023-04-19T10:42:16+00:00\" \/>\n<meta name=\"twitter:card\" content=\"summary_large_image\" \/>\n<meta name=\"twitter:label1\" content=\"Gesch\u00e4tzte Lesezeit\" \/>\n\t<meta name=\"twitter:data1\" content=\"5\u00a0Minuten\" \/>\n<script type=\"application\/ld+json\" class=\"yoast-schema-graph\">{\"@context\":\"https:\/\/schema.org\",\"@graph\":[{\"@type\":\"WebPage\",\"@id\":\"https:\/\/www.prokol.com\/de\/anwendungen\/logistik\/vertriebszentren\/\",\"url\":\"https:\/\/www.prokol.com\/de\/anwendungen\/logistik\/vertriebszentren\/\",\"name\":\"Vertriebszentren - Prokol Protective Coatings\",\"isPartOf\":{\"@id\":\"https:\/\/www.prokol.com\/de\/#website\"},\"datePublished\":\"2022-03-30T11:51:16+00:00\",\"dateModified\":\"2023-04-19T10:42:16+00:00\",\"breadcrumb\":{\"@id\":\"https:\/\/www.prokol.com\/de\/anwendungen\/logistik\/vertriebszentren\/#breadcrumb\"},\"inLanguage\":\"de\",\"potentialAction\":[{\"@type\":\"ReadAction\",\"target\":[\"https:\/\/www.prokol.com\/de\/anwendungen\/logistik\/vertriebszentren\/\"]}]},{\"@type\":\"BreadcrumbList\",\"@id\":\"https:\/\/www.prokol.com\/de\/anwendungen\/logistik\/vertriebszentren\/#breadcrumb\",\"itemListElement\":[{\"@type\":\"ListItem\",\"position\":1,\"name\":\"Home\",\"item\":\"https:\/\/www.prokol.com\/de\/prokol-home-de\/\"},{\"@type\":\"ListItem\",\"position\":2,\"name\":\"Anwendungen\",\"item\":\"https:\/\/www.prokol.com\/de\/anwendungen\/\"},{\"@type\":\"ListItem\",\"position\":3,\"name\":\"Logistik\",\"item\":\"https:\/\/www.prokol.com\/de\/anwendungen\/logistik\/\"},{\"@type\":\"ListItem\",\"position\":4,\"name\":\"Vertriebszentren\"}]},{\"@type\":\"WebSite\",\"@id\":\"https:\/\/www.prokol.com\/de\/#website\",\"url\":\"https:\/\/www.prokol.com\/de\/\",\"name\":\"Prokol Protective Coatings\",\"description\":\"POLYUREA HOTSPRAY, GIETVLOEREN EN PARKEERGARAGE COATINGS, VLOEIBARE NAADLOZE KUNSTSTOFFEN\",\"potentialAction\":[{\"@type\":\"SearchAction\",\"target\":{\"@type\":\"EntryPoint\",\"urlTemplate\":\"https:\/\/www.prokol.com\/de\/?s={search_term_string}\"},\"query-input\":{\"@type\":\"PropertyValueSpecification\",\"valueRequired\":true,\"valueName\":\"search_term_string\"}}],\"inLanguage\":\"de\"}]}<\/script>\n<!-- \/ Yoast SEO plugin. -->","yoast_head_json":{"title":"Vertriebszentren - Prokol Protective Coatings","robots":{"index":"index","follow":"follow","max-snippet":"max-snippet:-1","max-image-preview":"max-image-preview:large","max-video-preview":"max-video-preview:-1"},"canonical":"https:\/\/www.prokol.com\/de\/anwendungen\/logistik\/vertriebszentren\/","og_locale":"de_DE","og_type":"article","og_title":"Vertriebszentren - Prokol Protective Coatings","og_url":"https:\/\/www.prokol.com\/de\/anwendungen\/logistik\/vertriebszentren\/","og_site_name":"Prokol Protective Coatings","article_modified_time":"2023-04-19T10:42:16+00:00","twitter_card":"summary_large_image","twitter_misc":{"Gesch\u00e4tzte Lesezeit":"5\u00a0Minuten"},"schema":{"@context":"https:\/\/schema.org","@graph":[{"@type":"WebPage","@id":"https:\/\/www.prokol.com\/de\/anwendungen\/logistik\/vertriebszentren\/","url":"https:\/\/www.prokol.com\/de\/anwendungen\/logistik\/vertriebszentren\/","name":"Vertriebszentren - Prokol Protective Coatings","isPartOf":{"@id":"https:\/\/www.prokol.com\/de\/#website"},"datePublished":"2022-03-30T11:51:16+00:00","dateModified":"2023-04-19T10:42:16+00:00","breadcrumb":{"@id":"https:\/\/www.prokol.com\/de\/anwendungen\/logistik\/vertriebszentren\/#breadcrumb"},"inLanguage":"de","potentialAction":[{"@type":"ReadAction","target":["https:\/\/www.prokol.com\/de\/anwendungen\/logistik\/vertriebszentren\/"]}]},{"@type":"BreadcrumbList","@id":"https:\/\/www.prokol.com\/de\/anwendungen\/logistik\/vertriebszentren\/#breadcrumb","itemListElement":[{"@type":"ListItem","position":1,"name":"Home","item":"https:\/\/www.prokol.com\/de\/prokol-home-de\/"},{"@type":"ListItem","position":2,"name":"Anwendungen","item":"https:\/\/www.prokol.com\/de\/anwendungen\/"},{"@type":"ListItem","position":3,"name":"Logistik","item":"https:\/\/www.prokol.com\/de\/anwendungen\/logistik\/"},{"@type":"ListItem","position":4,"name":"Vertriebszentren"}]},{"@type":"WebSite","@id":"https:\/\/www.prokol.com\/de\/#website","url":"https:\/\/www.prokol.com\/de\/","name":"Prokol Protective Coatings","description":"POLYUREA HOTSPRAY, GIETVLOEREN EN PARKEERGARAGE COATINGS, VLOEIBARE NAADLOZE KUNSTSTOFFEN","potentialAction":[{"@type":"SearchAction","target":{"@type":"EntryPoint","urlTemplate":"https:\/\/www.prokol.com\/de\/?s={search_term_string}"},"query-input":{"@type":"PropertyValueSpecification","valueRequired":true,"valueName":"search_term_string"}}],"inLanguage":"de"}]}},"_links":{"self":[{"href":"https:\/\/www.prokol.com\/de\/wp-json\/wp\/v2\/pages\/19024","targetHints":{"allow":["GET"]}}],"collection":[{"href":"https:\/\/www.prokol.com\/de\/wp-json\/wp\/v2\/pages"}],"about":[{"href":"https:\/\/www.prokol.com\/de\/wp-json\/wp\/v2\/types\/page"}],"author":[{"embeddable":true,"href":"https:\/\/www.prokol.com\/de\/wp-json\/wp\/v2\/users\/3"}],"replies":[{"embeddable":true,"href":"https:\/\/www.prokol.com\/de\/wp-json\/wp\/v2\/comments?post=19024"}],"version-history":[{"count":4,"href":"https:\/\/www.prokol.com\/de\/wp-json\/wp\/v2\/pages\/19024\/revisions"}],"predecessor-version":[{"id":19219,"href":"https:\/\/www.prokol.com\/de\/wp-json\/wp\/v2\/pages\/19024\/revisions\/19219"}],"up":[{"embeddable":true,"href":"https:\/\/www.prokol.com\/de\/wp-json\/wp\/v2\/pages\/19314"}],"wp:attachment":[{"href":"https:\/\/www.prokol.com\/de\/wp-json\/wp\/v2\/media?parent=19024"}],"wp:term":[{"taxonomy":"post_tag","embeddable":true,"href":"https:\/\/www.prokol.com\/de\/wp-json\/wp\/v2\/tags?post=19024"}],"curies":[{"name":"wp","href":"https:\/\/api.w.org\/{rel}","templated":true}]}}