{"id":19030,"date":"2022-03-30T16:25:21","date_gmt":"2022-03-30T14:25:21","guid":{"rendered":"https:\/\/www.prokol.com\/balkon-terrasse-galerie\/"},"modified":"2023-05-16T11:57:14","modified_gmt":"2023-05-16T09:57:14","slug":"balkon-terrasse-galerie","status":"publish","type":"page","link":"https:\/\/www.prokol.com\/de\/anwendungen\/wohnen-immobiliensektor\/balkon-terrasse-galerie\/","title":{"rendered":"Balkon, Terrasse &#038; Galerie"},"content":{"rendered":"<div id='full_slider_1'  class='avia-fullwidth-slider main_color avia-shadow   avia-builder-el-0  el_before_av_three_fifth  avia-builder-el-first  vervolgslide  container_wrap fullsize'  >\n<style type=\"text\/css\" data-created_by=\"avia_inline_auto\" id=\"style-css-av-k4179f0p-acede921c93825f4aeea30d99a7ef583\">\n#top #wrap_all .avia-slideshow .av-slideshow-caption.av-k4179f0p-acede921c93825f4aeea30d99a7ef583__0 .avia-caption-title{\nfont-size:50px;\n}\n#top .avia-slideshow .av-slideshow-caption.av-k4179f0p-acede921c93825f4aeea30d99a7ef583__0 .avia-caption-content{\nfont-size:18px;\n}\n#top .avia-slideshow .av-slideshow-caption.av-k4179f0p-acede921c93825f4aeea30d99a7ef583__0 .avia-caption-content p{\nfont-size:18px;\n}\n\n@media only screen and (min-width: 768px) and (max-width: 989px){ \n#top .avia-slideshow .av-slideshow-caption.av-k4179f0p-acede921c93825f4aeea30d99a7ef583__0 .avia-caption-content{\ndisplay:none;\n}\n#top .avia-slideshow .av-slideshow-caption.av-k4179f0p-acede921c93825f4aeea30d99a7ef583__0 .avia-caption-content p{\ndisplay:none;\n}\n}\n\n@media only screen and (min-width: 480px) and (max-width: 767px){ \n#top .avia-slideshow .av-slideshow-caption.av-k4179f0p-acede921c93825f4aeea30d99a7ef583__0 .avia-caption-content{\ndisplay:none;\n}\n#top .avia-slideshow .av-slideshow-caption.av-k4179f0p-acede921c93825f4aeea30d99a7ef583__0 .avia-caption-content p{\ndisplay:none;\n}\n}\n\n@media only screen and (max-width: 479px){ \n#top .avia-slideshow .av-slideshow-caption.av-k4179f0p-acede921c93825f4aeea30d99a7ef583__0 .avia-caption-content{\ndisplay:none;\n}\n#top .avia-slideshow .av-slideshow-caption.av-k4179f0p-acede921c93825f4aeea30d99a7ef583__0 .avia-caption-content p{\ndisplay:none;\n}\n}\n<\/style>\n<div  class='avia-slideshow av-k4179f0p-acede921c93825f4aeea30d99a7ef583 avia-slideshow-featured av_slideshow_full avia-fade-slider vervolgslide av-slideshow-ui av-control-minimal av-slideshow-autoplay av-loop-endless av-loop-manual-endless av-default-height-applied   avia-slideshow-1' data-slideshow-options=\"{&quot;animation&quot;:&quot;fade&quot;,&quot;autoplay&quot;:true,&quot;loop_autoplay&quot;:&quot;endless&quot;,&quot;interval&quot;:5,&quot;loop_manual&quot;:&quot;manual-endless&quot;,&quot;autoplay_stopper&quot;:false,&quot;noNavigation&quot;:false,&quot;bg_slider&quot;:false,&quot;keep_padding&quot;:false,&quot;hoverpause&quot;:false,&quot;show_slide_delay&quot;:0}\"  itemprop=\"image\" itemscope=\"itemscope\" itemtype=\"https:\/\/schema.org\/ImageObject\" ><ul class='avia-slideshow-inner ' style='padding-bottom: 28.666666666667%;'><li  class='avia-slideshow-slide av-k4179f0p-acede921c93825f4aeea30d99a7ef583__0  av-single-slide slide-1 slide-odd'><div data-rel='slideshow-1' class='avia-slide-wrap '   ><div class='av-slideshow-caption av-k4179f0p-acede921c93825f4aeea30d99a7ef583__0 caption_fullwidth caption_left'><div class=\"container caption_container\"><div class=\"slideshow_caption\"><div class=\"slideshow_inner_caption\"><div class=\"slideshow_align_caption\"><h2 class='avia-caption-title '  itemprop=\"name\" ><span style=\"color: #df4c23;\">-<\/span><br \/>\nBalkon, Terrasse &amp; Galerie<\/h2><div class='avia-caption-content '  itemprop=\"description\" ><p>Sie wollen sich drinnen, aber auch drau\u00dfen wohlf\u00fchlen!<\/p>\n<\/div><\/div><\/div><\/div><\/div><\/div><img decoding=\"async\" fetchpriority=\"high\" class=\"wp-image-2590 avia-img-lazy-loading-not-2590\"  src=\"https:\/\/www.prokol.com\/wp-content\/uploads\/2020\/07\/Banner_Balkons-1500x430.jpg\" width=\"1500\" height=\"430\" title='Banner_Balkons' alt=''  itemprop=\"thumbnailUrl\" srcset=\"https:\/\/www.prokol.com\/wp-content\/uploads\/2020\/07\/Banner_Balkons.jpg 1500w, https:\/\/www.prokol.com\/wp-content\/uploads\/2020\/07\/Banner_Balkons-600x172.jpg 600w, https:\/\/www.prokol.com\/wp-content\/uploads\/2020\/07\/Banner_Balkons-300x86.jpg 300w, https:\/\/www.prokol.com\/wp-content\/uploads\/2020\/07\/Banner_Balkons-1030x295.jpg 1030w, https:\/\/www.prokol.com\/wp-content\/uploads\/2020\/07\/Banner_Balkons-768x220.jpg 768w, https:\/\/www.prokol.com\/wp-content\/uploads\/2020\/07\/Banner_Balkons-705x202.jpg 705w\" sizes=\"(max-width: 1500px) 100vw, 1500px\" \/><div class='av-section-color-overlay' style='opacity: 0.5; background-image: url(https:\/\/www.prokol.com\/wp-content\/uploads\/2019\/12\/Overlay.png); background-repeat: repeat;'><\/div><\/div><\/li><\/ul><\/div><\/div><div id='after_full_slider_1'  class='main_color av_default_container_wrap container_wrap fullsize'  ><div class='container av-section-cont-open' ><div class='template-page content  av-content-full alpha units'><div class='post-entry post-entry-type-page post-entry-19030'><div class='entry-content-wrapper clearfix'>\n\n<style type=\"text\/css\" data-created_by=\"avia_inline_auto\" id=\"style-css-av-mir7d-076b1aa2e9a00ad00d5728ea181b7e4d\">\n.flex_column.av-mir7d-076b1aa2e9a00ad00d5728ea181b7e4d{\nborder-radius:0px 0px 0px 0px;\npadding:0px 0px 0px 0px;\n}\n<\/style>\n<div  class='flex_column av-mir7d-076b1aa2e9a00ad00d5728ea181b7e4d av_three_fifth  avia-builder-el-1  el_after_av_slideshow_full  el_before_av_two_fifth  avia-builder-el-first  first flex_column_div av-zero-column-padding  '     ><section  class='av_textblock_section av-kde9cj1t-733622bddd2480cffdd6c27dc22482a0 '   itemscope=\"itemscope\" itemtype=\"https:\/\/schema.org\/CreativeWork\" ><div class='avia_textblock'  itemprop=\"text\" ><p>Balkone, Terrassen und Galerien sind ein wichtiger Teil unseres Lebensumfelds. Ihre Verarbeitung und ihr Design tragen wesentlich zum Wohnvergn\u00fcgen bei. Faktoren wie Farbe und Struktur sowie Rutschfestigkeit und Reinigungsf\u00e4higkeit sind ausschlaggebend f\u00fcr die Wahl der Oberfl\u00e4che.<br \/>\nNeben der \u00e4sthetischen Funktion hat eine Kunststoffbeschichtung auch eine praktische Funktion: Sie dichtet die darunter liegenden R\u00e4ume ab und sch\u00fctzt den Untergrund.<\/p>\n<h5>Erh\u00f6hung<\/h5>\n<p>F\u00fcr Galerien kann eine Erh\u00f6hung erforderlich sein, auch \u201eOpplus-System\u201c genannt. Das Ministerium f\u00fcr Wohnungswesen, Raumordnung und Umwelt hat per Gesetz festgelegt, dass die Schwellenh\u00f6he insbesondere in Altersheimen auf ein Minimum reduziert werden muss. Die Folge davon ist oft, dass die wasserdichte Verbindung zu Problemen f\u00fchrt.<\/p>\n<h5>Systeme<\/h5>\n<p>Prokol hat auf der Grundlage seiner Produkte verschiedene Systeme zusammengestellt, die f\u00fcr diese Anwendungen geeignet sind. Bei diesen Systemen werden Rutschfestigkeit, Reinigungsf\u00e4higkeit und Funktionalit\u00e4t ber\u00fccksichtigt. Jede Situation ist anders, deshalb wird Prokol gerne mit Ihnen dar\u00fcber sprechen, um das f\u00fcr Sie am besten geeignete System zu finden.<\/p>\n<\/div><\/section><\/div>\n\n<style type=\"text\/css\" data-created_by=\"avia_inline_auto\" id=\"style-css-av-hgjsh-4ad6bf0d2fc62696990cb6c5e6302c63\">\n.flex_column.av-hgjsh-4ad6bf0d2fc62696990cb6c5e6302c63{\nborder-radius:0px 0px 0px 0px;\npadding:0px 0px 0px 0px;\n}\n<\/style>\n<div  class='flex_column av-hgjsh-4ad6bf0d2fc62696990cb6c5e6302c63 av_two_fifth  avia-builder-el-3  el_after_av_three_fifth  avia-builder-el-last  flex_column_div av-zero-column-padding  '     ><p>\n<style type=\"text\/css\" data-created_by=\"avia_inline_auto\" id=\"style-css-av-kde9de9x-250fee4d21e062e2b66e8cdf3a1727cc\">\n.avia-image-container.av-kde9de9x-250fee4d21e062e2b66e8cdf3a1727cc img.avia_image{\nbox-shadow:none;\n}\n.avia-image-container.av-kde9de9x-250fee4d21e062e2b66e8cdf3a1727cc .av-image-caption-overlay-center{\ncolor:#ffffff;\n}\n<\/style>\n<div  class='avia-image-container av-kde9de9x-250fee4d21e062e2b66e8cdf3a1727cc av-styling- avia-align-left  avia-builder-el-4  el_before_av_image  avia-builder-el-first '   itemprop=\"image\" itemscope=\"itemscope\" itemtype=\"https:\/\/schema.org\/ImageObject\" ><div class=\"avia-image-container-inner\"><div class=\"avia-image-overlay-wrap\"><a href=\"https:\/\/www.prokol.com\/wp-content\/uploads\/Balkon_terras_01-1030x773.jpg\" data-srcset=\"https:\/\/www.prokol.com\/wp-content\/uploads\/Balkon_terras_01-1030x773.jpg 1030w, https:\/\/www.prokol.com\/wp-content\/uploads\/Balkon_terras_01-scaled-600x450.jpg 600w, https:\/\/www.prokol.com\/wp-content\/uploads\/Balkon_terras_01-300x225.jpg 300w, https:\/\/www.prokol.com\/wp-content\/uploads\/Balkon_terras_01-768x576.jpg 768w, https:\/\/www.prokol.com\/wp-content\/uploads\/Balkon_terras_01-1536x1152.jpg 1536w, https:\/\/www.prokol.com\/wp-content\/uploads\/Balkon_terras_01-2048x1536.jpg 2048w, https:\/\/www.prokol.com\/wp-content\/uploads\/Balkon_terras_01-1500x1125.jpg 1500w, https:\/\/www.prokol.com\/wp-content\/uploads\/Balkon_terras_01-705x529.jpg 705w, https:\/\/www.prokol.com\/wp-content\/uploads\/Balkon_terras_01-24x18.jpg 24w, https:\/\/www.prokol.com\/wp-content\/uploads\/Balkon_terras_01-36x27.jpg 36w, https:\/\/www.prokol.com\/wp-content\/uploads\/Balkon_terras_01-48x36.jpg 48w\" data-sizes=\"(max-width: 1030px) 100vw, 1030px\" class='avia_image'  aria-label='OLYMPUS DIGITAL CAMERA'><img decoding=\"async\" fetchpriority=\"high\" class='wp-image-11557 avia-img-lazy-loading-not-11557 avia_image ' src=\"https:\/\/www.prokol.com\/wp-content\/uploads\/Balkon_terras_01-180x180.jpg\" alt='' title='OLYMPUS DIGITAL CAMERA'  height=\"180\" width=\"180\"  itemprop=\"thumbnailUrl\" srcset=\"https:\/\/www.prokol.com\/wp-content\/uploads\/Balkon_terras_01-180x180.jpg 180w, https:\/\/www.prokol.com\/wp-content\/uploads\/Balkon_terras_01-scaled-300x300.jpg 300w, https:\/\/www.prokol.com\/wp-content\/uploads\/Balkon_terras_01-scaled-100x100.jpg 100w, https:\/\/www.prokol.com\/wp-content\/uploads\/Balkon_terras_01-80x80.jpg 80w, https:\/\/www.prokol.com\/wp-content\/uploads\/Balkon_terras_01-36x36.jpg 36w\" sizes=\"(max-width: 180px) 100vw, 180px\" \/><\/a><\/div><\/div><\/div><br \/>\n\n<style type=\"text\/css\" data-created_by=\"avia_inline_auto\" id=\"style-css-av-kde9de9x-fb33efca3acd86beb7420ffa13fb4a46\">\n.avia-image-container.av-kde9de9x-fb33efca3acd86beb7420ffa13fb4a46 img.avia_image{\nbox-shadow:none;\n}\n.avia-image-container.av-kde9de9x-fb33efca3acd86beb7420ffa13fb4a46 .av-image-caption-overlay-center{\ncolor:#ffffff;\n}\n<\/style>\n<div  class='avia-image-container av-kde9de9x-fb33efca3acd86beb7420ffa13fb4a46 av-styling- avia-align-left  avia-builder-el-5  el_after_av_image  el_before_av_image '   itemprop=\"image\" itemscope=\"itemscope\" itemtype=\"https:\/\/schema.org\/ImageObject\" ><div class=\"avia-image-container-inner\"><div class=\"avia-image-overlay-wrap\"><a href=\"https:\/\/www.prokol.com\/wp-content\/uploads\/Balkon_terras_02-1030x773.jpg\" data-srcset=\"https:\/\/www.prokol.com\/wp-content\/uploads\/Balkon_terras_02-1030x773.jpg 1030w, https:\/\/www.prokol.com\/wp-content\/uploads\/Balkon_terras_02-scaled-600x450.jpg 600w, https:\/\/www.prokol.com\/wp-content\/uploads\/Balkon_terras_02-300x225.jpg 300w, https:\/\/www.prokol.com\/wp-content\/uploads\/Balkon_terras_02-768x576.jpg 768w, https:\/\/www.prokol.com\/wp-content\/uploads\/Balkon_terras_02-1536x1152.jpg 1536w, https:\/\/www.prokol.com\/wp-content\/uploads\/Balkon_terras_02-2048x1536.jpg 2048w, https:\/\/www.prokol.com\/wp-content\/uploads\/Balkon_terras_02-1500x1125.jpg 1500w, https:\/\/www.prokol.com\/wp-content\/uploads\/Balkon_terras_02-705x529.jpg 705w, https:\/\/www.prokol.com\/wp-content\/uploads\/Balkon_terras_02-24x18.jpg 24w, https:\/\/www.prokol.com\/wp-content\/uploads\/Balkon_terras_02-36x27.jpg 36w, https:\/\/www.prokol.com\/wp-content\/uploads\/Balkon_terras_02-48x36.jpg 48w\" data-sizes=\"(max-width: 1030px) 100vw, 1030px\" class='avia_image' target=\"_blank\" rel=\"noopener noreferrer\" aria-label='Balkon_terras_02'><img decoding=\"async\" fetchpriority=\"high\" class='wp-image-11561 avia-img-lazy-loading-not-11561 avia_image ' src=\"https:\/\/www.prokol.com\/wp-content\/uploads\/Balkon_terras_02-180x180.jpg\" alt='' title='Balkon_terras_02'  height=\"180\" width=\"180\"  itemprop=\"thumbnailUrl\" srcset=\"https:\/\/www.prokol.com\/wp-content\/uploads\/Balkon_terras_02-180x180.jpg 180w, https:\/\/www.prokol.com\/wp-content\/uploads\/Balkon_terras_02-scaled-300x300.jpg 300w, https:\/\/www.prokol.com\/wp-content\/uploads\/Balkon_terras_02-scaled-100x100.jpg 100w, https:\/\/www.prokol.com\/wp-content\/uploads\/Balkon_terras_02-80x80.jpg 80w, https:\/\/www.prokol.com\/wp-content\/uploads\/Balkon_terras_02-36x36.jpg 36w\" sizes=\"(max-width: 180px) 100vw, 180px\" \/><\/a><\/div><\/div><\/div><br \/>\n\n<style type=\"text\/css\" data-created_by=\"avia_inline_auto\" id=\"style-css-av-kde9de9x-ec3e5b66bd2ecd33bd3651270b58890e\">\n.avia-image-container.av-kde9de9x-ec3e5b66bd2ecd33bd3651270b58890e img.avia_image{\nbox-shadow:none;\n}\n.avia-image-container.av-kde9de9x-ec3e5b66bd2ecd33bd3651270b58890e .av-image-caption-overlay-center{\ncolor:#ffffff;\n}\n<\/style>\n<div  class='avia-image-container av-kde9de9x-ec3e5b66bd2ecd33bd3651270b58890e av-styling- avia-align-left  avia-builder-el-6  el_after_av_image  el_before_av_image '   itemprop=\"image\" itemscope=\"itemscope\" itemtype=\"https:\/\/schema.org\/ImageObject\" ><div class=\"avia-image-container-inner\"><div class=\"avia-image-overlay-wrap\"><a href=\"https:\/\/www.prokol.com\/wp-content\/uploads\/Balkon_terras_03-1030x773.jpg\" data-srcset=\"https:\/\/www.prokol.com\/wp-content\/uploads\/Balkon_terras_03-1030x773.jpg 1030w, https:\/\/www.prokol.com\/wp-content\/uploads\/Balkon_terras_03-scaled-600x450.jpg 600w, https:\/\/www.prokol.com\/wp-content\/uploads\/Balkon_terras_03-300x225.jpg 300w, https:\/\/www.prokol.com\/wp-content\/uploads\/Balkon_terras_03-768x576.jpg 768w, https:\/\/www.prokol.com\/wp-content\/uploads\/Balkon_terras_03-1536x1152.jpg 1536w, https:\/\/www.prokol.com\/wp-content\/uploads\/Balkon_terras_03-2048x1536.jpg 2048w, https:\/\/www.prokol.com\/wp-content\/uploads\/Balkon_terras_03-1500x1125.jpg 1500w, https:\/\/www.prokol.com\/wp-content\/uploads\/Balkon_terras_03-705x529.jpg 705w, https:\/\/www.prokol.com\/wp-content\/uploads\/Balkon_terras_03-24x18.jpg 24w, https:\/\/www.prokol.com\/wp-content\/uploads\/Balkon_terras_03-36x27.jpg 36w, https:\/\/www.prokol.com\/wp-content\/uploads\/Balkon_terras_03-48x36.jpg 48w\" data-sizes=\"(max-width: 1030px) 100vw, 1030px\" class='avia_image' target=\"_blank\" rel=\"noopener noreferrer\" aria-label='OLYMPUS DIGITAL CAMERA'><img decoding=\"async\" fetchpriority=\"high\" class='wp-image-11565 avia-img-lazy-loading-not-11565 avia_image ' src=\"https:\/\/www.prokol.com\/wp-content\/uploads\/Balkon_terras_03-180x180.jpg\" alt='' title='OLYMPUS DIGITAL CAMERA'  height=\"180\" width=\"180\"  itemprop=\"thumbnailUrl\" srcset=\"https:\/\/www.prokol.com\/wp-content\/uploads\/Balkon_terras_03-180x180.jpg 180w, https:\/\/www.prokol.com\/wp-content\/uploads\/Balkon_terras_03-scaled-300x300.jpg 300w, https:\/\/www.prokol.com\/wp-content\/uploads\/Balkon_terras_03-scaled-100x100.jpg 100w, https:\/\/www.prokol.com\/wp-content\/uploads\/Balkon_terras_03-80x80.jpg 80w, https:\/\/www.prokol.com\/wp-content\/uploads\/Balkon_terras_03-36x36.jpg 36w\" sizes=\"(max-width: 180px) 100vw, 180px\" \/><\/a><\/div><\/div><\/div><br \/>\n\n<style type=\"text\/css\" data-created_by=\"avia_inline_auto\" id=\"style-css-av-kde9de9x-5aa4432226da9c70b41f1574f78791c6\">\n.avia-image-container.av-kde9de9x-5aa4432226da9c70b41f1574f78791c6 img.avia_image{\nbox-shadow:none;\n}\n.avia-image-container.av-kde9de9x-5aa4432226da9c70b41f1574f78791c6 .av-image-caption-overlay-center{\ncolor:#ffffff;\n}\n<\/style>\n<div  class='avia-image-container av-kde9de9x-5aa4432226da9c70b41f1574f78791c6 av-styling- avia-align-left  avia-builder-el-7  el_after_av_image  avia-builder-el-last '   itemprop=\"image\" itemscope=\"itemscope\" itemtype=\"https:\/\/schema.org\/ImageObject\" ><div class=\"avia-image-container-inner\"><div class=\"avia-image-overlay-wrap\"><a href=\"https:\/\/www.prokol.com\/wp-content\/uploads\/Balkon_terras_04-773x1030.jpg\" data-srcset=\"https:\/\/www.prokol.com\/wp-content\/uploads\/Balkon_terras_04-773x1030.jpg 773w, https:\/\/www.prokol.com\/wp-content\/uploads\/Balkon_terras_04-scaled-600x800.jpg 600w, https:\/\/www.prokol.com\/wp-content\/uploads\/Balkon_terras_04-225x300.jpg 225w, https:\/\/www.prokol.com\/wp-content\/uploads\/Balkon_terras_04-768x1024.jpg 768w, https:\/\/www.prokol.com\/wp-content\/uploads\/Balkon_terras_04-1152x1536.jpg 1152w, https:\/\/www.prokol.com\/wp-content\/uploads\/Balkon_terras_04-1536x2048.jpg 1536w, https:\/\/www.prokol.com\/wp-content\/uploads\/Balkon_terras_04-1125x1500.jpg 1125w, https:\/\/www.prokol.com\/wp-content\/uploads\/Balkon_terras_04-529x705.jpg 529w, https:\/\/www.prokol.com\/wp-content\/uploads\/Balkon_terras_04-18x24.jpg 18w, https:\/\/www.prokol.com\/wp-content\/uploads\/Balkon_terras_04-27x36.jpg 27w, https:\/\/www.prokol.com\/wp-content\/uploads\/Balkon_terras_04-36x48.jpg 36w, https:\/\/www.prokol.com\/wp-content\/uploads\/Balkon_terras_04-scaled.jpg 1920w\" data-sizes=\"(max-width: 773px) 100vw, 773px\" class='avia_image' target=\"_blank\" rel=\"noopener noreferrer\" aria-label='Balkon_terras_04'><img decoding=\"async\" fetchpriority=\"high\" class='wp-image-11569 avia-img-lazy-loading-not-11569 avia_image ' src=\"https:\/\/www.prokol.com\/wp-content\/uploads\/Balkon_terras_04-180x180.jpg\" alt='' title='Balkon_terras_04'  height=\"180\" width=\"180\"  itemprop=\"thumbnailUrl\" srcset=\"https:\/\/www.prokol.com\/wp-content\/uploads\/Balkon_terras_04-180x180.jpg 180w, https:\/\/www.prokol.com\/wp-content\/uploads\/Balkon_terras_04-scaled-300x300.jpg 300w, https:\/\/www.prokol.com\/wp-content\/uploads\/Balkon_terras_04-scaled-100x100.jpg 100w, https:\/\/www.prokol.com\/wp-content\/uploads\/Balkon_terras_04-80x80.jpg 80w, https:\/\/www.prokol.com\/wp-content\/uploads\/Balkon_terras_04-36x36.jpg 36w\" sizes=\"(max-width: 180px) 100vw, 180px\" \/><\/a><\/div><\/div><\/div><\/p><\/div>\n","protected":false},"excerpt":{"rendered":"","protected":false},"author":1,"featured_media":0,"parent":19305,"menu_order":0,"comment_status":"closed","ping_status":"closed","template":"","meta":{"inline_featured_image":false,"footnotes":""},"tags":[],"class_list":["post-19030","page","type-page","status-publish","hentry"],"yoast_head":"<!-- This site is optimized with the Yoast SEO plugin v27.2 - https:\/\/yoast.com\/product\/yoast-seo-wordpress\/ -->\n<title>Balkon, Terrasse &amp; Galerie | Sie wollen sich drinnen, aber auch drau\u00dfen wohlf\u00fchlen<\/title>\n<meta name=\"description\" content=\"Balkon, Terrasse &amp; Galerie | Sie wollen sich drinnen, aber auch drau\u00dfen wohlf\u00fchlen!\" \/>\n<meta name=\"robots\" content=\"index, follow, max-snippet:-1, max-image-preview:large, max-video-preview:-1\" \/>\n<link rel=\"canonical\" href=\"https:\/\/www.prokol.com\/de\/anwendungen\/wohnen-immobiliensektor\/balkon-terrasse-galerie\/\" \/>\n<meta property=\"og:locale\" content=\"de_DE\" \/>\n<meta property=\"og:type\" content=\"article\" \/>\n<meta property=\"og:title\" content=\"Balkon, Terrasse &amp; Galerie | Sie wollen sich drinnen, aber auch drau\u00dfen wohlf\u00fchlen\" \/>\n<meta property=\"og:description\" content=\"Balkon, Terrasse &amp; Galerie | Sie wollen sich drinnen, aber auch drau\u00dfen wohlf\u00fchlen!\" \/>\n<meta property=\"og:url\" content=\"https:\/\/www.prokol.com\/de\/anwendungen\/wohnen-immobiliensektor\/balkon-terrasse-galerie\/\" \/>\n<meta property=\"og:site_name\" content=\"Prokol Protective Coatings\" \/>\n<meta property=\"article:modified_time\" content=\"2023-05-16T09:57:14+00:00\" \/>\n<meta name=\"twitter:card\" content=\"summary_large_image\" \/>\n<meta name=\"twitter:label1\" content=\"Gesch\u00e4tzte Lesezeit\" \/>\n\t<meta name=\"twitter:data1\" content=\"5\u00a0Minuten\" \/>\n<script type=\"application\/ld+json\" class=\"yoast-schema-graph\">{\"@context\":\"https:\/\/schema.org\",\"@graph\":[{\"@type\":\"WebPage\",\"@id\":\"https:\/\/www.prokol.com\/de\/anwendungen\/wohnen-immobiliensektor\/balkon-terrasse-galerie\/\",\"url\":\"https:\/\/www.prokol.com\/de\/anwendungen\/wohnen-immobiliensektor\/balkon-terrasse-galerie\/\",\"name\":\"Balkon, Terrasse & Galerie | Sie wollen sich drinnen, aber auch drau\u00dfen wohlf\u00fchlen\",\"isPartOf\":{\"@id\":\"https:\/\/www.prokol.com\/de\/#website\"},\"datePublished\":\"2022-03-30T14:25:21+00:00\",\"dateModified\":\"2023-05-16T09:57:14+00:00\",\"description\":\"Balkon, Terrasse & Galerie | Sie wollen sich drinnen, aber auch drau\u00dfen wohlf\u00fchlen!\",\"breadcrumb\":{\"@id\":\"https:\/\/www.prokol.com\/de\/anwendungen\/wohnen-immobiliensektor\/balkon-terrasse-galerie\/#breadcrumb\"},\"inLanguage\":\"de\",\"potentialAction\":[{\"@type\":\"ReadAction\",\"target\":[\"https:\/\/www.prokol.com\/de\/anwendungen\/wohnen-immobiliensektor\/balkon-terrasse-galerie\/\"]}]},{\"@type\":\"BreadcrumbList\",\"@id\":\"https:\/\/www.prokol.com\/de\/anwendungen\/wohnen-immobiliensektor\/balkon-terrasse-galerie\/#breadcrumb\",\"itemListElement\":[{\"@type\":\"ListItem\",\"position\":1,\"name\":\"Home\",\"item\":\"https:\/\/www.prokol.com\/de\/prokol-home-de\/\"},{\"@type\":\"ListItem\",\"position\":2,\"name\":\"Anwendungen\",\"item\":\"https:\/\/www.prokol.com\/de\/anwendungen\/\"},{\"@type\":\"ListItem\",\"position\":3,\"name\":\"Wohnen | Immobiliensektor\",\"item\":\"https:\/\/www.prokol.com\/de\/anwendungen\/wohnen-immobiliensektor\/\"},{\"@type\":\"ListItem\",\"position\":4,\"name\":\"Balkon, Terrasse &#038; Galerie\"}]},{\"@type\":\"WebSite\",\"@id\":\"https:\/\/www.prokol.com\/de\/#website\",\"url\":\"https:\/\/www.prokol.com\/de\/\",\"name\":\"Prokol Protective Coatings\",\"description\":\"POLYUREA HOTSPRAY, GIETVLOEREN EN PARKEERGARAGE COATINGS, VLOEIBARE NAADLOZE KUNSTSTOFFEN\",\"potentialAction\":[{\"@type\":\"SearchAction\",\"target\":{\"@type\":\"EntryPoint\",\"urlTemplate\":\"https:\/\/www.prokol.com\/de\/?s={search_term_string}\"},\"query-input\":{\"@type\":\"PropertyValueSpecification\",\"valueRequired\":true,\"valueName\":\"search_term_string\"}}],\"inLanguage\":\"de\"}]}<\/script>\n<!-- \/ Yoast SEO plugin. -->","yoast_head_json":{"title":"Balkon, Terrasse & Galerie | Sie wollen sich drinnen, aber auch drau\u00dfen wohlf\u00fchlen","description":"Balkon, Terrasse & Galerie | Sie wollen sich drinnen, aber auch drau\u00dfen wohlf\u00fchlen!","robots":{"index":"index","follow":"follow","max-snippet":"max-snippet:-1","max-image-preview":"max-image-preview:large","max-video-preview":"max-video-preview:-1"},"canonical":"https:\/\/www.prokol.com\/de\/anwendungen\/wohnen-immobiliensektor\/balkon-terrasse-galerie\/","og_locale":"de_DE","og_type":"article","og_title":"Balkon, Terrasse & Galerie | Sie wollen sich drinnen, aber auch drau\u00dfen wohlf\u00fchlen","og_description":"Balkon, Terrasse & Galerie | Sie wollen sich drinnen, aber auch drau\u00dfen wohlf\u00fchlen!","og_url":"https:\/\/www.prokol.com\/de\/anwendungen\/wohnen-immobiliensektor\/balkon-terrasse-galerie\/","og_site_name":"Prokol Protective Coatings","article_modified_time":"2023-05-16T09:57:14+00:00","twitter_card":"summary_large_image","twitter_misc":{"Gesch\u00e4tzte Lesezeit":"5\u00a0Minuten"},"schema":{"@context":"https:\/\/schema.org","@graph":[{"@type":"WebPage","@id":"https:\/\/www.prokol.com\/de\/anwendungen\/wohnen-immobiliensektor\/balkon-terrasse-galerie\/","url":"https:\/\/www.prokol.com\/de\/anwendungen\/wohnen-immobiliensektor\/balkon-terrasse-galerie\/","name":"Balkon, Terrasse & Galerie | Sie wollen sich drinnen, aber auch drau\u00dfen wohlf\u00fchlen","isPartOf":{"@id":"https:\/\/www.prokol.com\/de\/#website"},"datePublished":"2022-03-30T14:25:21+00:00","dateModified":"2023-05-16T09:57:14+00:00","description":"Balkon, Terrasse & Galerie | Sie wollen sich drinnen, aber auch drau\u00dfen wohlf\u00fchlen!","breadcrumb":{"@id":"https:\/\/www.prokol.com\/de\/anwendungen\/wohnen-immobiliensektor\/balkon-terrasse-galerie\/#breadcrumb"},"inLanguage":"de","potentialAction":[{"@type":"ReadAction","target":["https:\/\/www.prokol.com\/de\/anwendungen\/wohnen-immobiliensektor\/balkon-terrasse-galerie\/"]}]},{"@type":"BreadcrumbList","@id":"https:\/\/www.prokol.com\/de\/anwendungen\/wohnen-immobiliensektor\/balkon-terrasse-galerie\/#breadcrumb","itemListElement":[{"@type":"ListItem","position":1,"name":"Home","item":"https:\/\/www.prokol.com\/de\/prokol-home-de\/"},{"@type":"ListItem","position":2,"name":"Anwendungen","item":"https:\/\/www.prokol.com\/de\/anwendungen\/"},{"@type":"ListItem","position":3,"name":"Wohnen | Immobiliensektor","item":"https:\/\/www.prokol.com\/de\/anwendungen\/wohnen-immobiliensektor\/"},{"@type":"ListItem","position":4,"name":"Balkon, Terrasse &#038; Galerie"}]},{"@type":"WebSite","@id":"https:\/\/www.prokol.com\/de\/#website","url":"https:\/\/www.prokol.com\/de\/","name":"Prokol Protective Coatings","description":"POLYUREA HOTSPRAY, GIETVLOEREN EN PARKEERGARAGE COATINGS, VLOEIBARE NAADLOZE KUNSTSTOFFEN","potentialAction":[{"@type":"SearchAction","target":{"@type":"EntryPoint","urlTemplate":"https:\/\/www.prokol.com\/de\/?s={search_term_string}"},"query-input":{"@type":"PropertyValueSpecification","valueRequired":true,"valueName":"search_term_string"}}],"inLanguage":"de"}]}},"_links":{"self":[{"href":"https:\/\/www.prokol.com\/de\/wp-json\/wp\/v2\/pages\/19030","targetHints":{"allow":["GET"]}}],"collection":[{"href":"https:\/\/www.prokol.com\/de\/wp-json\/wp\/v2\/pages"}],"about":[{"href":"https:\/\/www.prokol.com\/de\/wp-json\/wp\/v2\/types\/page"}],"author":[{"embeddable":true,"href":"https:\/\/www.prokol.com\/de\/wp-json\/wp\/v2\/users\/1"}],"replies":[{"embeddable":true,"href":"https:\/\/www.prokol.com\/de\/wp-json\/wp\/v2\/comments?post=19030"}],"version-history":[{"count":7,"href":"https:\/\/www.prokol.com\/de\/wp-json\/wp\/v2\/pages\/19030\/revisions"}],"predecessor-version":[{"id":19134,"href":"https:\/\/www.prokol.com\/de\/wp-json\/wp\/v2\/pages\/19030\/revisions\/19134"}],"up":[{"embeddable":true,"href":"https:\/\/www.prokol.com\/de\/wp-json\/wp\/v2\/pages\/19305"}],"wp:attachment":[{"href":"https:\/\/www.prokol.com\/de\/wp-json\/wp\/v2\/media?parent=19030"}],"wp:term":[{"taxonomy":"post_tag","embeddable":true,"href":"https:\/\/www.prokol.com\/de\/wp-json\/wp\/v2\/tags?post=19030"}],"curies":[{"name":"wp","href":"https:\/\/api.w.org\/{rel}","templated":true}]}}