{"id":19033,"date":"2022-03-31T09:24:17","date_gmt":"2022-03-31T07:24:17","guid":{"rendered":"https:\/\/www.prokol.com\/abstellraeume\/"},"modified":"2023-05-16T11:57:14","modified_gmt":"2023-05-16T09:57:14","slug":"abstellraeume","status":"publish","type":"page","link":"https:\/\/www.prokol.com\/de\/anwendungen\/wohnen-immobiliensektor\/abstellraeume\/","title":{"rendered":"Abstellr\u00e4ume"},"content":{"rendered":"<div id='full_slider_1'  class='avia-fullwidth-slider main_color avia-shadow   avia-builder-el-0  el_before_av_three_fifth  avia-builder-el-first  vervolgslide  container_wrap fullsize'  >\n<style type=\"text\/css\" data-created_by=\"avia_inline_auto\" id=\"style-css-av-k4179f0p-acede921c93825f4aeea30d99a7ef583\">\n#top #wrap_all .avia-slideshow .av-slideshow-caption.av-k4179f0p-acede921c93825f4aeea30d99a7ef583__0 .avia-caption-title{\nfont-size:50px;\n}\n#top .avia-slideshow .av-slideshow-caption.av-k4179f0p-acede921c93825f4aeea30d99a7ef583__0 .avia-caption-content{\nfont-size:18px;\n}\n#top .avia-slideshow .av-slideshow-caption.av-k4179f0p-acede921c93825f4aeea30d99a7ef583__0 .avia-caption-content p{\nfont-size:18px;\n}\n\n@media only screen and (min-width: 768px) and (max-width: 989px){ \n#top .avia-slideshow .av-slideshow-caption.av-k4179f0p-acede921c93825f4aeea30d99a7ef583__0 .avia-caption-content{\ndisplay:none;\n}\n#top .avia-slideshow .av-slideshow-caption.av-k4179f0p-acede921c93825f4aeea30d99a7ef583__0 .avia-caption-content p{\ndisplay:none;\n}\n}\n\n@media only screen and (min-width: 480px) and (max-width: 767px){ \n#top .avia-slideshow .av-slideshow-caption.av-k4179f0p-acede921c93825f4aeea30d99a7ef583__0 .avia-caption-content{\ndisplay:none;\n}\n#top .avia-slideshow .av-slideshow-caption.av-k4179f0p-acede921c93825f4aeea30d99a7ef583__0 .avia-caption-content p{\ndisplay:none;\n}\n}\n\n@media only screen and (max-width: 479px){ \n#top .avia-slideshow .av-slideshow-caption.av-k4179f0p-acede921c93825f4aeea30d99a7ef583__0 .avia-caption-content{\ndisplay:none;\n}\n#top .avia-slideshow .av-slideshow-caption.av-k4179f0p-acede921c93825f4aeea30d99a7ef583__0 .avia-caption-content p{\ndisplay:none;\n}\n}\n<\/style>\n<div  class='avia-slideshow av-k4179f0p-acede921c93825f4aeea30d99a7ef583 avia-slideshow-featured av_slideshow_full avia-fade-slider vervolgslide av-slideshow-ui av-control-minimal av-slideshow-autoplay av-loop-endless av-loop-manual-endless av-default-height-applied   avia-slideshow-1' data-slideshow-options=\"{&quot;animation&quot;:&quot;fade&quot;,&quot;autoplay&quot;:true,&quot;loop_autoplay&quot;:&quot;endless&quot;,&quot;interval&quot;:5,&quot;loop_manual&quot;:&quot;manual-endless&quot;,&quot;autoplay_stopper&quot;:false,&quot;noNavigation&quot;:false,&quot;bg_slider&quot;:false,&quot;keep_padding&quot;:false,&quot;hoverpause&quot;:false,&quot;show_slide_delay&quot;:0}\"  itemprop=\"image\" itemscope=\"itemscope\" itemtype=\"https:\/\/schema.org\/ImageObject\" ><ul class='avia-slideshow-inner ' style='padding-bottom: 28.666666666667%;'><li  class='avia-slideshow-slide av-k4179f0p-acede921c93825f4aeea30d99a7ef583__0  av-single-slide slide-1 slide-odd'><div data-rel='slideshow-1' class='avia-slide-wrap '   ><div class='av-slideshow-caption av-k4179f0p-acede921c93825f4aeea30d99a7ef583__0 caption_fullwidth caption_left'><div class=\"container caption_container\"><div class=\"slideshow_caption\"><div class=\"slideshow_inner_caption\"><div class=\"slideshow_align_caption\"><h2 class='avia-caption-title '  itemprop=\"name\" ><span style=\"color: #df4c23;\">-<\/span><br \/>\nAbstellr\u00e4ume<\/h2><div class='avia-caption-content '  itemprop=\"description\" ><p>Sichere Lagerung mit einer feuchtigkeitsgesch\u00fctzten Umgebung<\/p>\n<\/div><\/div><\/div><\/div><\/div><\/div><img decoding=\"async\" fetchpriority=\"high\" class=\"wp-image-10218 avia-img-lazy-loading-not-10218\"  src=\"https:\/\/www.prokol.com\/wp-content\/uploads\/Banner_bergingen-1500x430.jpg\" width=\"1500\" height=\"430\" title='Banner_bergingen' alt=''  itemprop=\"thumbnailUrl\" srcset=\"https:\/\/www.prokol.com\/wp-content\/uploads\/Banner_bergingen.jpg 1500w, https:\/\/www.prokol.com\/wp-content\/uploads\/Banner_bergingen-600x172.jpg 600w, https:\/\/www.prokol.com\/wp-content\/uploads\/Banner_bergingen-300x86.jpg 300w, https:\/\/www.prokol.com\/wp-content\/uploads\/Banner_bergingen-1030x295.jpg 1030w, https:\/\/www.prokol.com\/wp-content\/uploads\/Banner_bergingen-768x220.jpg 768w, https:\/\/www.prokol.com\/wp-content\/uploads\/Banner_bergingen-705x202.jpg 705w, https:\/\/www.prokol.com\/wp-content\/uploads\/Banner_bergingen-24x7.jpg 24w, https:\/\/www.prokol.com\/wp-content\/uploads\/Banner_bergingen-36x10.jpg 36w, https:\/\/www.prokol.com\/wp-content\/uploads\/Banner_bergingen-48x14.jpg 48w\" sizes=\"(max-width: 1500px) 100vw, 1500px\" \/><div class='av-section-color-overlay' style='opacity: 0.5; background-image: url(https:\/\/www.prokol.com\/wp-content\/uploads\/2019\/12\/Overlay.png); background-repeat: repeat;'><\/div><\/div><\/li><\/ul><\/div><\/div><div id='after_full_slider_1'  class='main_color av_default_container_wrap container_wrap fullsize'  ><div class='container av-section-cont-open' ><div class='template-page content  av-content-full alpha units'><div class='post-entry post-entry-type-page post-entry-19033'><div class='entry-content-wrapper clearfix'>\n\n<style type=\"text\/css\" data-created_by=\"avia_inline_auto\" id=\"style-css-av-mir7d-076b1aa2e9a00ad00d5728ea181b7e4d\">\n.flex_column.av-mir7d-076b1aa2e9a00ad00d5728ea181b7e4d{\nborder-radius:0px 0px 0px 0px;\npadding:0px 0px 0px 0px;\n}\n<\/style>\n<div  class='flex_column av-mir7d-076b1aa2e9a00ad00d5728ea181b7e4d av_three_fifth  avia-builder-el-1  el_after_av_slideshow_full  el_before_av_two_fifth  avia-builder-el-first  first flex_column_div av-zero-column-padding  '     ><section  class='av_textblock_section av-kde9cj1t-733622bddd2480cffdd6c27dc22482a0 '   itemscope=\"itemscope\" itemtype=\"https:\/\/schema.org\/CreativeWork\" ><div class='avia_textblock'  itemprop=\"text\" ><h5>Arten von Abstellr\u00e4umen<\/h5>\n<p>Gartenh\u00e4user werden h\u00e4ufig f\u00fcr die sichere Lagerung von verschiedenen Gegenst\u00e4nden verwendet. Ein Abstellraum kann pro Wohnung oder als Gemeinschaftsraum errichtet werden. Sie befinden sich in der Regel unter einem Wohnhaus (Keller) oder als Geb\u00e4ude im Freien (Schuppen). Gem\u00e4\u00df dem Baudekret 2012 m\u00fcssen die genannten Lagerfl\u00e4chen folgende Anforderungen erf\u00fcllen: \u201eDer Raum muss abschlie\u00dfbar und trocken sein. Es muss ausreichend Bel\u00fcftung, Licht und\/oder Strom vorhanden sein und man muss sich sicher bewegen k\u00f6nnen\u201c.<\/p>\n<h5>Sicheres Bewegen auf einem geeigneten Boden<\/h5>\n<p>Boden- und Wandbel\u00e4ge sind ein wesentlicher Bestandteil einer sicheren Fortbewegung. Denken Sie an: Farbgestaltung, Rauheit, Haltbarkeit und Reinigungsf\u00e4higkeit des Bodens. Auch W\u00e4nde und sogar Decken tragen zur Sicherheit bei. Beispiele sind: helle Farben und Feuer-\/Rauchverhalten. Prokol pr\u00fcft gerne Ihre Situation und hilft Ihnen bei der Entwicklung eines geeigneten Beschichtungssystems f\u00fcr Ihren Abstellraum.<\/p>\n<p>Beispiele:<\/p>\n<ul>\n<li>Schnell trocknend<\/li>\n<li>Nahtlos und fl\u00fcssigkeitsdicht<\/li>\n<li>Schallabsorbierend<\/li>\n<li>Z\u00e4higkeit<\/li>\n<li>Dauerhaftigkeit<\/li>\n<\/ul>\n<\/div><\/section><\/div>\n\n<style type=\"text\/css\" data-created_by=\"avia_inline_auto\" id=\"style-css-av-hgjsh-4ad6bf0d2fc62696990cb6c5e6302c63\">\n.flex_column.av-hgjsh-4ad6bf0d2fc62696990cb6c5e6302c63{\nborder-radius:0px 0px 0px 0px;\npadding:0px 0px 0px 0px;\n}\n<\/style>\n<div  class='flex_column av-hgjsh-4ad6bf0d2fc62696990cb6c5e6302c63 av_two_fifth  avia-builder-el-3  el_after_av_three_fifth  avia-builder-el-last  flex_column_div av-zero-column-padding  '     ><p>\n<style type=\"text\/css\" data-created_by=\"avia_inline_auto\" id=\"style-css-av-kde9de9x-b81f8769b25f438da754059a62990700\">\n.avia-image-container.av-kde9de9x-b81f8769b25f438da754059a62990700 img.avia_image{\nbox-shadow:none;\n}\n.avia-image-container.av-kde9de9x-b81f8769b25f438da754059a62990700 .av-image-caption-overlay-center{\ncolor:#ffffff;\n}\n<\/style>\n<div  class='avia-image-container av-kde9de9x-b81f8769b25f438da754059a62990700 av-styling- avia-align-left  avia-builder-el-4  el_before_av_image  avia-builder-el-first '   itemprop=\"image\" itemscope=\"itemscope\" itemtype=\"https:\/\/schema.org\/ImageObject\" ><div class=\"avia-image-container-inner\"><div class=\"avia-image-overlay-wrap\"><a href=\"https:\/\/www.prokol.com\/wp-content\/uploads\/Bergingen_01-773x1030.jpg\" data-srcset=\"https:\/\/www.prokol.com\/wp-content\/uploads\/Bergingen_01-773x1030.jpg 773w, https:\/\/www.prokol.com\/wp-content\/uploads\/Bergingen_01-scaled-600x800.jpg 600w, https:\/\/www.prokol.com\/wp-content\/uploads\/Bergingen_01-225x300.jpg 225w, https:\/\/www.prokol.com\/wp-content\/uploads\/Bergingen_01-768x1024.jpg 768w, https:\/\/www.prokol.com\/wp-content\/uploads\/Bergingen_01-1152x1536.jpg 1152w, https:\/\/www.prokol.com\/wp-content\/uploads\/Bergingen_01-1536x2048.jpg 1536w, https:\/\/www.prokol.com\/wp-content\/uploads\/Bergingen_01-1125x1500.jpg 1125w, https:\/\/www.prokol.com\/wp-content\/uploads\/Bergingen_01-529x705.jpg 529w, https:\/\/www.prokol.com\/wp-content\/uploads\/Bergingen_01-18x24.jpg 18w, https:\/\/www.prokol.com\/wp-content\/uploads\/Bergingen_01-27x36.jpg 27w, https:\/\/www.prokol.com\/wp-content\/uploads\/Bergingen_01-36x48.jpg 36w, https:\/\/www.prokol.com\/wp-content\/uploads\/Bergingen_01-scaled.jpg 1920w\" data-sizes=\"(max-width: 773px) 100vw, 773px\" class='avia_image'  aria-label='Bergingen_01'><img decoding=\"async\" fetchpriority=\"high\" class='wp-image-11575 avia-img-lazy-loading-not-11575 avia_image ' src=\"https:\/\/www.prokol.com\/wp-content\/uploads\/Bergingen_01-180x180.jpg\" alt='' title='Bergingen_01'  height=\"180\" width=\"180\"  itemprop=\"thumbnailUrl\" srcset=\"https:\/\/www.prokol.com\/wp-content\/uploads\/Bergingen_01-180x180.jpg 180w, https:\/\/www.prokol.com\/wp-content\/uploads\/Bergingen_01-scaled-300x300.jpg 300w, https:\/\/www.prokol.com\/wp-content\/uploads\/Bergingen_01-scaled-100x100.jpg 100w, https:\/\/www.prokol.com\/wp-content\/uploads\/Bergingen_01-80x80.jpg 80w, https:\/\/www.prokol.com\/wp-content\/uploads\/Bergingen_01-36x36.jpg 36w\" sizes=\"(max-width: 180px) 100vw, 180px\" \/><\/a><\/div><\/div><\/div><br \/>\n\n<style type=\"text\/css\" data-created_by=\"avia_inline_auto\" id=\"style-css-av-kde9de9x-d29298abf883c7206b4ce38bf66cdf25\">\n.avia-image-container.av-kde9de9x-d29298abf883c7206b4ce38bf66cdf25 img.avia_image{\nbox-shadow:none;\n}\n.avia-image-container.av-kde9de9x-d29298abf883c7206b4ce38bf66cdf25 .av-image-caption-overlay-center{\ncolor:#ffffff;\n}\n<\/style>\n<div  class='avia-image-container av-kde9de9x-d29298abf883c7206b4ce38bf66cdf25 av-styling- avia-align-left  avia-builder-el-5  el_after_av_image  el_before_av_image '   itemprop=\"image\" itemscope=\"itemscope\" itemtype=\"https:\/\/schema.org\/ImageObject\" ><div class=\"avia-image-container-inner\"><div class=\"avia-image-overlay-wrap\"><a href=\"https:\/\/www.prokol.com\/wp-content\/uploads\/Bergingen_02-1030x773.jpg\" data-srcset=\"https:\/\/www.prokol.com\/wp-content\/uploads\/Bergingen_02-1030x773.jpg 1030w, https:\/\/www.prokol.com\/wp-content\/uploads\/Bergingen_02-600x450.jpg 600w, https:\/\/www.prokol.com\/wp-content\/uploads\/Bergingen_02-300x225.jpg 300w, https:\/\/www.prokol.com\/wp-content\/uploads\/Bergingen_02-768x576.jpg 768w, https:\/\/www.prokol.com\/wp-content\/uploads\/Bergingen_02-1536x1152.jpg 1536w, https:\/\/www.prokol.com\/wp-content\/uploads\/Bergingen_02-2048x1536.jpg 2048w, https:\/\/www.prokol.com\/wp-content\/uploads\/Bergingen_02-1500x1125.jpg 1500w, https:\/\/www.prokol.com\/wp-content\/uploads\/Bergingen_02-705x529.jpg 705w, https:\/\/www.prokol.com\/wp-content\/uploads\/Bergingen_02-24x18.jpg 24w, https:\/\/www.prokol.com\/wp-content\/uploads\/Bergingen_02-36x27.jpg 36w, https:\/\/www.prokol.com\/wp-content\/uploads\/Bergingen_02-48x36.jpg 48w\" data-sizes=\"(max-width: 1030px) 100vw, 1030px\" class='avia_image'  aria-label='Bergingen_02'><img decoding=\"async\" fetchpriority=\"high\" class='wp-image-11579 avia-img-lazy-loading-not-11579 avia_image ' src=\"https:\/\/www.prokol.com\/wp-content\/uploads\/Bergingen_02-180x180.jpg\" alt='' title='Bergingen_02'  height=\"180\" width=\"180\"  itemprop=\"thumbnailUrl\" srcset=\"https:\/\/www.prokol.com\/wp-content\/uploads\/Bergingen_02-180x180.jpg 180w, https:\/\/www.prokol.com\/wp-content\/uploads\/Bergingen_02-300x300.jpg 300w, https:\/\/www.prokol.com\/wp-content\/uploads\/Bergingen_02-100x100.jpg 100w, https:\/\/www.prokol.com\/wp-content\/uploads\/Bergingen_02-80x80.jpg 80w, https:\/\/www.prokol.com\/wp-content\/uploads\/Bergingen_02-36x36.jpg 36w\" sizes=\"(max-width: 180px) 100vw, 180px\" \/><\/a><\/div><\/div><\/div><br \/>\n\n<style type=\"text\/css\" data-created_by=\"avia_inline_auto\" id=\"style-css-av-kde9de9x-9a10795e59c07562454940797dff5ba7\">\n.avia-image-container.av-kde9de9x-9a10795e59c07562454940797dff5ba7 img.avia_image{\nbox-shadow:none;\n}\n.avia-image-container.av-kde9de9x-9a10795e59c07562454940797dff5ba7 .av-image-caption-overlay-center{\ncolor:#ffffff;\n}\n<\/style>\n<div  class='avia-image-container av-kde9de9x-9a10795e59c07562454940797dff5ba7 av-styling- avia-align-left  avia-builder-el-6  el_after_av_image  avia-builder-el-last '   itemprop=\"image\" itemscope=\"itemscope\" itemtype=\"https:\/\/schema.org\/ImageObject\" ><div class=\"avia-image-container-inner\"><div class=\"avia-image-overlay-wrap\"><a href=\"https:\/\/www.prokol.com\/wp-content\/uploads\/Bergingen_03-1030x710.jpg\" data-srcset=\"https:\/\/www.prokol.com\/wp-content\/uploads\/Bergingen_03-1030x710.jpg 1030w, https:\/\/www.prokol.com\/wp-content\/uploads\/Bergingen_03-600x414.jpg 600w, https:\/\/www.prokol.com\/wp-content\/uploads\/Bergingen_03-300x207.jpg 300w, https:\/\/www.prokol.com\/wp-content\/uploads\/Bergingen_03-768x530.jpg 768w, https:\/\/www.prokol.com\/wp-content\/uploads\/Bergingen_03-1536x1060.jpg 1536w, https:\/\/www.prokol.com\/wp-content\/uploads\/Bergingen_03-2048x1413.jpg 2048w, https:\/\/www.prokol.com\/wp-content\/uploads\/Bergingen_03-1500x1035.jpg 1500w, https:\/\/www.prokol.com\/wp-content\/uploads\/Bergingen_03-705x486.jpg 705w, https:\/\/www.prokol.com\/wp-content\/uploads\/Bergingen_03-24x17.jpg 24w, https:\/\/www.prokol.com\/wp-content\/uploads\/Bergingen_03-36x25.jpg 36w, https:\/\/www.prokol.com\/wp-content\/uploads\/Bergingen_03-48x33.jpg 48w\" data-sizes=\"(max-width: 1030px) 100vw, 1030px\" class='avia_image'  aria-label='Bergingen_03'><img decoding=\"async\" fetchpriority=\"high\" class='wp-image-11583 avia-img-lazy-loading-not-11583 avia_image ' src=\"https:\/\/www.prokol.com\/wp-content\/uploads\/Bergingen_03-180x180.jpg\" alt='' title='Bergingen_03'  height=\"180\" width=\"180\"  itemprop=\"thumbnailUrl\" srcset=\"https:\/\/www.prokol.com\/wp-content\/uploads\/Bergingen_03-180x180.jpg 180w, https:\/\/www.prokol.com\/wp-content\/uploads\/Bergingen_03-300x300.jpg 300w, https:\/\/www.prokol.com\/wp-content\/uploads\/Bergingen_03-100x100.jpg 100w, https:\/\/www.prokol.com\/wp-content\/uploads\/Bergingen_03-80x80.jpg 80w, https:\/\/www.prokol.com\/wp-content\/uploads\/Bergingen_03-36x36.jpg 36w\" sizes=\"(max-width: 180px) 100vw, 180px\" \/><\/a><\/div><\/div><\/div><\/p><\/div>\n","protected":false},"excerpt":{"rendered":"","protected":false},"author":2,"featured_media":0,"parent":19305,"menu_order":0,"comment_status":"closed","ping_status":"closed","template":"","meta":{"inline_featured_image":false,"footnotes":""},"tags":[],"class_list":["post-19033","page","type-page","status-publish","hentry"],"yoast_head":"<!-- This site is optimized with the Yoast SEO plugin v27.2 - https:\/\/yoast.com\/product\/yoast-seo-wordpress\/ -->\n<title>Abstellr\u00e4ume | Sichere Lagerung mit einer feuchtigkeitsgesch\u00fctzten Umgebung<\/title>\n<meta name=\"description\" content=\"Abstellr\u00e4ume | Sichere Lagerung mit einer feuchtigkeitsgesch\u00fctzten Umgebung\" \/>\n<meta name=\"robots\" content=\"index, follow, max-snippet:-1, max-image-preview:large, max-video-preview:-1\" \/>\n<link rel=\"canonical\" href=\"https:\/\/www.prokol.com\/de\/anwendungen\/wohnen-immobiliensektor\/abstellraeume\/\" \/>\n<meta property=\"og:locale\" content=\"de_DE\" \/>\n<meta property=\"og:type\" content=\"article\" \/>\n<meta property=\"og:title\" content=\"Abstellr\u00e4ume | Sichere Lagerung mit einer feuchtigkeitsgesch\u00fctzten Umgebung\" \/>\n<meta property=\"og:description\" content=\"Abstellr\u00e4ume | Sichere Lagerung mit einer feuchtigkeitsgesch\u00fctzten Umgebung\" \/>\n<meta property=\"og:url\" content=\"https:\/\/www.prokol.com\/de\/anwendungen\/wohnen-immobiliensektor\/abstellraeume\/\" \/>\n<meta property=\"og:site_name\" content=\"Prokol Protective Coatings\" \/>\n<meta property=\"article:modified_time\" content=\"2023-05-16T09:57:14+00:00\" \/>\n<meta name=\"twitter:card\" content=\"summary_large_image\" \/>\n<meta name=\"twitter:label1\" content=\"Gesch\u00e4tzte Lesezeit\" \/>\n\t<meta name=\"twitter:data1\" content=\"5\u00a0Minuten\" \/>\n<script type=\"application\/ld+json\" class=\"yoast-schema-graph\">{\"@context\":\"https:\/\/schema.org\",\"@graph\":[{\"@type\":\"WebPage\",\"@id\":\"https:\/\/www.prokol.com\/de\/anwendungen\/wohnen-immobiliensektor\/abstellraeume\/\",\"url\":\"https:\/\/www.prokol.com\/de\/anwendungen\/wohnen-immobiliensektor\/abstellraeume\/\",\"name\":\"Abstellr\u00e4ume | Sichere Lagerung mit einer feuchtigkeitsgesch\u00fctzten Umgebung\",\"isPartOf\":{\"@id\":\"https:\/\/www.prokol.com\/de\/#website\"},\"datePublished\":\"2022-03-31T07:24:17+00:00\",\"dateModified\":\"2023-05-16T09:57:14+00:00\",\"description\":\"Abstellr\u00e4ume | Sichere Lagerung mit einer feuchtigkeitsgesch\u00fctzten Umgebung\",\"breadcrumb\":{\"@id\":\"https:\/\/www.prokol.com\/de\/anwendungen\/wohnen-immobiliensektor\/abstellraeume\/#breadcrumb\"},\"inLanguage\":\"de\",\"potentialAction\":[{\"@type\":\"ReadAction\",\"target\":[\"https:\/\/www.prokol.com\/de\/anwendungen\/wohnen-immobiliensektor\/abstellraeume\/\"]}]},{\"@type\":\"BreadcrumbList\",\"@id\":\"https:\/\/www.prokol.com\/de\/anwendungen\/wohnen-immobiliensektor\/abstellraeume\/#breadcrumb\",\"itemListElement\":[{\"@type\":\"ListItem\",\"position\":1,\"name\":\"Home\",\"item\":\"https:\/\/www.prokol.com\/de\/prokol-home-de\/\"},{\"@type\":\"ListItem\",\"position\":2,\"name\":\"Anwendungen\",\"item\":\"https:\/\/www.prokol.com\/de\/anwendungen\/\"},{\"@type\":\"ListItem\",\"position\":3,\"name\":\"Wohnen | Immobiliensektor\",\"item\":\"https:\/\/www.prokol.com\/de\/anwendungen\/wohnen-immobiliensektor\/\"},{\"@type\":\"ListItem\",\"position\":4,\"name\":\"Abstellr\u00e4ume\"}]},{\"@type\":\"WebSite\",\"@id\":\"https:\/\/www.prokol.com\/de\/#website\",\"url\":\"https:\/\/www.prokol.com\/de\/\",\"name\":\"Prokol Protective Coatings\",\"description\":\"POLYUREA HOTSPRAY, GIETVLOEREN EN PARKEERGARAGE COATINGS, VLOEIBARE NAADLOZE KUNSTSTOFFEN\",\"potentialAction\":[{\"@type\":\"SearchAction\",\"target\":{\"@type\":\"EntryPoint\",\"urlTemplate\":\"https:\/\/www.prokol.com\/de\/?s={search_term_string}\"},\"query-input\":{\"@type\":\"PropertyValueSpecification\",\"valueRequired\":true,\"valueName\":\"search_term_string\"}}],\"inLanguage\":\"de\"}]}<\/script>\n<!-- \/ Yoast SEO plugin. -->","yoast_head_json":{"title":"Abstellr\u00e4ume | Sichere Lagerung mit einer feuchtigkeitsgesch\u00fctzten Umgebung","description":"Abstellr\u00e4ume | Sichere Lagerung mit einer feuchtigkeitsgesch\u00fctzten Umgebung","robots":{"index":"index","follow":"follow","max-snippet":"max-snippet:-1","max-image-preview":"max-image-preview:large","max-video-preview":"max-video-preview:-1"},"canonical":"https:\/\/www.prokol.com\/de\/anwendungen\/wohnen-immobiliensektor\/abstellraeume\/","og_locale":"de_DE","og_type":"article","og_title":"Abstellr\u00e4ume | Sichere Lagerung mit einer feuchtigkeitsgesch\u00fctzten Umgebung","og_description":"Abstellr\u00e4ume | Sichere Lagerung mit einer feuchtigkeitsgesch\u00fctzten Umgebung","og_url":"https:\/\/www.prokol.com\/de\/anwendungen\/wohnen-immobiliensektor\/abstellraeume\/","og_site_name":"Prokol Protective Coatings","article_modified_time":"2023-05-16T09:57:14+00:00","twitter_card":"summary_large_image","twitter_misc":{"Gesch\u00e4tzte Lesezeit":"5\u00a0Minuten"},"schema":{"@context":"https:\/\/schema.org","@graph":[{"@type":"WebPage","@id":"https:\/\/www.prokol.com\/de\/anwendungen\/wohnen-immobiliensektor\/abstellraeume\/","url":"https:\/\/www.prokol.com\/de\/anwendungen\/wohnen-immobiliensektor\/abstellraeume\/","name":"Abstellr\u00e4ume | Sichere Lagerung mit einer feuchtigkeitsgesch\u00fctzten Umgebung","isPartOf":{"@id":"https:\/\/www.prokol.com\/de\/#website"},"datePublished":"2022-03-31T07:24:17+00:00","dateModified":"2023-05-16T09:57:14+00:00","description":"Abstellr\u00e4ume | Sichere Lagerung mit einer feuchtigkeitsgesch\u00fctzten Umgebung","breadcrumb":{"@id":"https:\/\/www.prokol.com\/de\/anwendungen\/wohnen-immobiliensektor\/abstellraeume\/#breadcrumb"},"inLanguage":"de","potentialAction":[{"@type":"ReadAction","target":["https:\/\/www.prokol.com\/de\/anwendungen\/wohnen-immobiliensektor\/abstellraeume\/"]}]},{"@type":"BreadcrumbList","@id":"https:\/\/www.prokol.com\/de\/anwendungen\/wohnen-immobiliensektor\/abstellraeume\/#breadcrumb","itemListElement":[{"@type":"ListItem","position":1,"name":"Home","item":"https:\/\/www.prokol.com\/de\/prokol-home-de\/"},{"@type":"ListItem","position":2,"name":"Anwendungen","item":"https:\/\/www.prokol.com\/de\/anwendungen\/"},{"@type":"ListItem","position":3,"name":"Wohnen | Immobiliensektor","item":"https:\/\/www.prokol.com\/de\/anwendungen\/wohnen-immobiliensektor\/"},{"@type":"ListItem","position":4,"name":"Abstellr\u00e4ume"}]},{"@type":"WebSite","@id":"https:\/\/www.prokol.com\/de\/#website","url":"https:\/\/www.prokol.com\/de\/","name":"Prokol Protective Coatings","description":"POLYUREA HOTSPRAY, GIETVLOEREN EN PARKEERGARAGE COATINGS, VLOEIBARE NAADLOZE KUNSTSTOFFEN","potentialAction":[{"@type":"SearchAction","target":{"@type":"EntryPoint","urlTemplate":"https:\/\/www.prokol.com\/de\/?s={search_term_string}"},"query-input":{"@type":"PropertyValueSpecification","valueRequired":true,"valueName":"search_term_string"}}],"inLanguage":"de"}]}},"_links":{"self":[{"href":"https:\/\/www.prokol.com\/de\/wp-json\/wp\/v2\/pages\/19033","targetHints":{"allow":["GET"]}}],"collection":[{"href":"https:\/\/www.prokol.com\/de\/wp-json\/wp\/v2\/pages"}],"about":[{"href":"https:\/\/www.prokol.com\/de\/wp-json\/wp\/v2\/types\/page"}],"author":[{"embeddable":true,"href":"https:\/\/www.prokol.com\/de\/wp-json\/wp\/v2\/users\/2"}],"replies":[{"embeddable":true,"href":"https:\/\/www.prokol.com\/de\/wp-json\/wp\/v2\/comments?post=19033"}],"version-history":[{"count":5,"href":"https:\/\/www.prokol.com\/de\/wp-json\/wp\/v2\/pages\/19033\/revisions"}],"predecessor-version":[{"id":19122,"href":"https:\/\/www.prokol.com\/de\/wp-json\/wp\/v2\/pages\/19033\/revisions\/19122"}],"up":[{"embeddable":true,"href":"https:\/\/www.prokol.com\/de\/wp-json\/wp\/v2\/pages\/19305"}],"wp:attachment":[{"href":"https:\/\/www.prokol.com\/de\/wp-json\/wp\/v2\/media?parent=19033"}],"wp:term":[{"taxonomy":"post_tag","embeddable":true,"href":"https:\/\/www.prokol.com\/de\/wp-json\/wp\/v2\/tags?post=19033"}],"curies":[{"name":"wp","href":"https:\/\/api.w.org\/{rel}","templated":true}]}}