{"id":19036,"date":"2022-03-31T09:27:59","date_gmt":"2022-03-31T07:27:59","guid":{"rendered":"https:\/\/www.prokol.com\/daecher-und-dachgaerten\/"},"modified":"2025-10-14T08:48:51","modified_gmt":"2025-10-14T06:48:51","slug":"daecher-und-dachgaerten","status":"publish","type":"page","link":"https:\/\/www.prokol.com\/de\/anwendungen\/wohnen-immobiliensektor\/daecher-und-dachgaerten\/","title":{"rendered":"D\u00e4cher und Dachg\u00e4rten"},"content":{"rendered":"<div id='full_slider_1'  class='avia-fullwidth-slider main_color avia-shadow   avia-builder-el-0  el_before_av_three_fifth  avia-builder-el-first  vervolgslide  container_wrap fullsize'  >\n<style type=\"text\/css\" data-created_by=\"avia_inline_auto\" id=\"style-css-av-k4179f0p-3426b5f223bb0fe45a39107e53ee47b8\">\n#top #wrap_all .avia-slideshow .av-slideshow-caption.av-k4179f0p-3426b5f223bb0fe45a39107e53ee47b8__0 .avia-caption-title{\nfont-size:50px;\n}\n#top .avia-slideshow .av-slideshow-caption.av-k4179f0p-3426b5f223bb0fe45a39107e53ee47b8__0 .avia-caption-content{\nfont-size:18px;\n}\n#top .avia-slideshow .av-slideshow-caption.av-k4179f0p-3426b5f223bb0fe45a39107e53ee47b8__0 .avia-caption-content p{\nfont-size:18px;\n}\n\n@media only screen and (min-width: 768px) and (max-width: 989px){ \n#top .avia-slideshow .av-slideshow-caption.av-k4179f0p-3426b5f223bb0fe45a39107e53ee47b8__0 .avia-caption-content{\ndisplay:none;\n}\n#top .avia-slideshow .av-slideshow-caption.av-k4179f0p-3426b5f223bb0fe45a39107e53ee47b8__0 .avia-caption-content p{\ndisplay:none;\n}\n}\n\n@media only screen and (min-width: 480px) and (max-width: 767px){ \n#top .avia-slideshow .av-slideshow-caption.av-k4179f0p-3426b5f223bb0fe45a39107e53ee47b8__0 .avia-caption-content{\ndisplay:none;\n}\n#top .avia-slideshow .av-slideshow-caption.av-k4179f0p-3426b5f223bb0fe45a39107e53ee47b8__0 .avia-caption-content p{\ndisplay:none;\n}\n}\n\n@media only screen and (max-width: 479px){ \n#top .avia-slideshow .av-slideshow-caption.av-k4179f0p-3426b5f223bb0fe45a39107e53ee47b8__0 .avia-caption-content{\ndisplay:none;\n}\n#top .avia-slideshow .av-slideshow-caption.av-k4179f0p-3426b5f223bb0fe45a39107e53ee47b8__0 .avia-caption-content p{\ndisplay:none;\n}\n}\n<\/style>\n<div  class='avia-slideshow av-k4179f0p-3426b5f223bb0fe45a39107e53ee47b8 avia-slideshow-featured av_slideshow_full avia-fade-slider vervolgslide av-slideshow-ui av-control-minimal av-slideshow-autoplay av-loop-endless av-loop-manual-endless av-default-height-applied   avia-slideshow-1' data-slideshow-options=\"{&quot;animation&quot;:&quot;fade&quot;,&quot;autoplay&quot;:true,&quot;loop_autoplay&quot;:&quot;endless&quot;,&quot;interval&quot;:5,&quot;loop_manual&quot;:&quot;manual-endless&quot;,&quot;autoplay_stopper&quot;:false,&quot;noNavigation&quot;:false,&quot;bg_slider&quot;:false,&quot;keep_padding&quot;:false,&quot;hoverpause&quot;:false,&quot;show_slide_delay&quot;:0}\"  itemprop=\"image\" itemscope=\"itemscope\" itemtype=\"https:\/\/schema.org\/ImageObject\" ><ul class='avia-slideshow-inner ' style='padding-bottom: 28.666666666667%;'><li  class='avia-slideshow-slide av-k4179f0p-3426b5f223bb0fe45a39107e53ee47b8__0  av-single-slide slide-1 slide-odd'><div data-rel='slideshow-1' class='avia-slide-wrap '   ><div class='av-slideshow-caption av-k4179f0p-3426b5f223bb0fe45a39107e53ee47b8__0 caption_fullwidth caption_left'><div class=\"container caption_container\"><div class=\"slideshow_caption\"><div class=\"slideshow_inner_caption\"><div class=\"slideshow_align_caption\"><h2 class='avia-caption-title '  itemprop=\"name\" ><span style=\"color: #df4c23;\">-<\/span><br \/>\nLanglebige D\u00e4cher und Dachg\u00e4rten<\/h2><div class='avia-caption-content '  itemprop=\"description\" ><p>Nahtlose Dachsysteme auf Basis von vollwertigem Polyurea!<\/p>\n<\/div><\/div><\/div><\/div><\/div><\/div><img decoding=\"async\" fetchpriority=\"high\" class=\"wp-image-19446 avia-img-lazy-loading-not-19446\"  src=\"https:\/\/www.prokol.com\/wp-content\/uploads\/Banner_Daken-1500x430.jpg\" width=\"1500\" height=\"430\" title='Banner_Daken' alt=''  itemprop=\"thumbnailUrl\" srcset=\"https:\/\/www.prokol.com\/wp-content\/uploads\/Banner_Daken.jpg 1500w, https:\/\/www.prokol.com\/wp-content\/uploads\/Banner_Daken-600x172.jpg 600w, https:\/\/www.prokol.com\/wp-content\/uploads\/Banner_Daken-300x86.jpg 300w, https:\/\/www.prokol.com\/wp-content\/uploads\/Banner_Daken-1030x295.jpg 1030w, https:\/\/www.prokol.com\/wp-content\/uploads\/Banner_Daken-768x220.jpg 768w, https:\/\/www.prokol.com\/wp-content\/uploads\/Banner_Daken-705x202.jpg 705w, https:\/\/www.prokol.com\/wp-content\/uploads\/Banner_Daken-24x7.jpg 24w, https:\/\/www.prokol.com\/wp-content\/uploads\/Banner_Daken-36x10.jpg 36w, https:\/\/www.prokol.com\/wp-content\/uploads\/Banner_Daken-48x14.jpg 48w\" sizes=\"(max-width: 1500px) 100vw, 1500px\" \/><div class='av-section-color-overlay' style='opacity: 0.5; background-image: url(https:\/\/www.prokol.com\/wp-content\/uploads\/2019\/12\/Overlay.png); background-repeat: repeat;'><\/div><\/div><\/li><\/ul><\/div><\/div><div id='after_full_slider_1'  class='main_color av_default_container_wrap container_wrap fullsize'  ><div class='container av-section-cont-open' ><div class='template-page content  av-content-full alpha units'><div class='post-entry post-entry-type-page post-entry-19036'><div class='entry-content-wrapper clearfix'>\n\n<style type=\"text\/css\" data-created_by=\"avia_inline_auto\" id=\"style-css-av-j2p5d-f35002da9f1d12d3d28898db0b2cbb15\">\n.flex_column.av-j2p5d-f35002da9f1d12d3d28898db0b2cbb15{\nborder-radius:0px 0px 0px 0px;\npadding:0px 0px 0px 0px;\n}\n<\/style>\n<div  class='flex_column av-j2p5d-f35002da9f1d12d3d28898db0b2cbb15 av_three_fifth  avia-builder-el-1  el_after_av_slideshow_full  el_before_av_two_fifth  avia-builder-el-first  first flex_column_div av-zero-column-padding  '     ><style type=\"text\/css\" data-created_by=\"avia_inline_auto\" id=\"style-css-av-ka86yxbp-b1785778f23ac3bce2d66219e9b020a0\">\n#top .av_textblock_section.av-ka86yxbp-b1785778f23ac3bce2d66219e9b020a0 .avia_textblock{\ncolor:#0a0a0a;\n}\n<\/style>\n<section  class='av_textblock_section av-ka86yxbp-b1785778f23ac3bce2d66219e9b020a0 '   itemscope=\"itemscope\" itemtype=\"https:\/\/schema.org\/CreativeWork\" ><div class='avia_textblock av_inherit_color'  itemprop=\"text\" ><p>D\u00e4cher spielen eine immer wichtigere Rolle in unserer Gesellschaft. Immer h\u00e4ufiger bieten D\u00e4cher mittels Dachterrasse oder Dachgarten zus\u00e4tzlichen Lebensraum. Andere sind mit Sonnenkollektoren ausgestattet oder kombinieren die verschiedenen Verwendungsm\u00f6glichkeiten. Wie auch immer, ein langlebiges und dichtes Dach bildet die Grundlage.<\/p>\n<p>Seit mehr als 35 Jahren sorgen die Dichtungssysteme von Prokol f\u00fcr langlebige, dichte D\u00e4cher, die best\u00e4ndig sind gegen mechanische Belastungen und alle erdenklichen Witterungsbedingungen. Es wurden bereits \u00fcber 100.000 m<sup>2<\/sup> in mehr als 20 L\u00e4ndern weltweit abgedichtet. Die Systeme von Prokol sind nahtlos und erf\u00fcllen die wichtigsten Anforderungen in Bezug auf Brandschutz und Wurzelbest\u00e4ndigkeit. Prokol bietet eine L\u00f6sung f\u00fcr jedes Dach.<\/p>\n<p>Das Produktangebot von Prokol umfasst vollwertige Dachsysteme auf der Grundlage von warm gespritzten oder kalt und manuell zu verarbeitenden fl\u00fcssigen Kunststoffen. Dar\u00fcber hinaus bietet Prokol Produkte zur Wartung und Reparatur sowie Dachbeschichtungen zum Schutz vor Hitze und f\u00fcr eine l\u00e4ngere Nutzungsdauer an.<\/p>\n<p>Um die Qualit\u00e4t dieser Systeme zu gew\u00e4hrleisten, schult und begleitet Prokol die Anwender bei der Verarbeitung dieser Dachsysteme. Diese Zusammenarbeit sorgt jederzeit f\u00fcr ein langlebiges und dichtes Dach!<\/p>\n<p>Neben nachhaltigen Dach(garten)systemen liefert Prokol auch Dachbeschichtungen, die die Lebensdauer Ihrer Dachabdichtung verl\u00e4ngern, Energie sparen und die Effizienz von Solarpanels verbessern.<a href=\"https:\/\/www.prokol.com\/de\/systemblaetter\/silikon-proflect-roofing\/\"> Prokol ProFlect Roofing<\/a> ist eine Dachbeschichtung auf Basis von nachhaltigem Silikon.<\/p>\n<p>Wenn Sie mehr \u00fcber unsere Leistungen erfahren m\u00f6chten, nehmen Sie Kontakt zu uns auf. Prokol begleitet Sie gerne aufs Dach.<\/p>\n<\/div><\/section><\/div>\n<style type=\"text\/css\" data-created_by=\"avia_inline_auto\" id=\"style-css-av-hgjsh-4ad6bf0d2fc62696990cb6c5e6302c63\">\n.flex_column.av-hgjsh-4ad6bf0d2fc62696990cb6c5e6302c63{\nborder-radius:0px 0px 0px 0px;\npadding:0px 0px 0px 0px;\n}\n<\/style>\n<div  class='flex_column av-hgjsh-4ad6bf0d2fc62696990cb6c5e6302c63 av_two_fifth  avia-builder-el-3  el_after_av_three_fifth  avia-builder-el-last  flex_column_div av-zero-column-padding  '     ><p>\n<style type=\"text\/css\" data-created_by=\"avia_inline_auto\" id=\"style-css-av-kde9de9x-cb8c4e979a6c30435283850b0cbbacc2\">\n.avia-image-container.av-kde9de9x-cb8c4e979a6c30435283850b0cbbacc2 img.avia_image{\nbox-shadow:none;\n}\n.avia-image-container.av-kde9de9x-cb8c4e979a6c30435283850b0cbbacc2 .av-image-caption-overlay-center{\ncolor:#ffffff;\n}\n<\/style>\n<div  class='avia-image-container av-kde9de9x-cb8c4e979a6c30435283850b0cbbacc2 av-styling- avia-align-left  avia-builder-el-4  el_before_av_image  avia-builder-el-first '   itemprop=\"image\" itemscope=\"itemscope\" itemtype=\"https:\/\/schema.org\/ImageObject\" ><div class=\"avia-image-container-inner\"><div class=\"avia-image-overlay-wrap\"><a href=\"https:\/\/www.prokol.com\/wp-content\/uploads\/Daktuinen-1030x694.jpg\" data-srcset=\"https:\/\/www.prokol.com\/wp-content\/uploads\/Daktuinen-1030x694.jpg 1030w, https:\/\/www.prokol.com\/wp-content\/uploads\/Daktuinen-600x404.jpg 600w, https:\/\/www.prokol.com\/wp-content\/uploads\/Daktuinen-300x202.jpg 300w, https:\/\/www.prokol.com\/wp-content\/uploads\/Daktuinen-768x517.jpg 768w, https:\/\/www.prokol.com\/wp-content\/uploads\/Daktuinen-1536x1035.jpg 1536w, https:\/\/www.prokol.com\/wp-content\/uploads\/Daktuinen-2048x1380.jpg 2048w, https:\/\/www.prokol.com\/wp-content\/uploads\/Daktuinen-1500x1011.jpg 1500w, https:\/\/www.prokol.com\/wp-content\/uploads\/Daktuinen-705x475.jpg 705w, https:\/\/www.prokol.com\/wp-content\/uploads\/Daktuinen-24x16.jpg 24w, https:\/\/www.prokol.com\/wp-content\/uploads\/Daktuinen-36x24.jpg 36w, https:\/\/www.prokol.com\/wp-content\/uploads\/Daktuinen-48x32.jpg 48w\" data-sizes=\"(max-width: 1030px) 100vw, 1030px\" class='avia_image'  aria-label='Langlebige D\u00e4cher und Dachg\u00e4rten'><img decoding=\"async\" fetchpriority=\"high\" class='wp-image-19450 avia-img-lazy-loading-not-19450 avia_image ' src=\"https:\/\/www.prokol.com\/wp-content\/uploads\/Daktuinen-180x180.jpg\" alt='' title='Langlebige D\u00e4cher und Dachg\u00e4rten'  height=\"180\" width=\"180\"  itemprop=\"thumbnailUrl\" srcset=\"https:\/\/www.prokol.com\/wp-content\/uploads\/Daktuinen-180x180.jpg 180w, https:\/\/www.prokol.com\/wp-content\/uploads\/Daktuinen-300x300.jpg 300w, https:\/\/www.prokol.com\/wp-content\/uploads\/Daktuinen-100x100.jpg 100w, https:\/\/www.prokol.com\/wp-content\/uploads\/Daktuinen-80x80.jpg 80w, https:\/\/www.prokol.com\/wp-content\/uploads\/Daktuinen-36x36.jpg 36w\" sizes=\"(max-width: 180px) 100vw, 180px\" \/><\/a><\/div><\/div><\/div><br \/>\n\n<style type=\"text\/css\" data-created_by=\"avia_inline_auto\" id=\"style-css-av-kde9de9x-c02034c658350fe74466ec51880dc5d8\">\n.avia-image-container.av-kde9de9x-c02034c658350fe74466ec51880dc5d8 img.avia_image{\nbox-shadow:none;\n}\n.avia-image-container.av-kde9de9x-c02034c658350fe74466ec51880dc5d8 .av-image-caption-overlay-center{\ncolor:#ffffff;\n}\n<\/style>\n<div  class='avia-image-container av-kde9de9x-c02034c658350fe74466ec51880dc5d8 av-styling- avia-align-left  avia-builder-el-5  el_after_av_image  el_before_av_image '   itemprop=\"image\" itemscope=\"itemscope\" itemtype=\"https:\/\/schema.org\/ImageObject\" ><div class=\"avia-image-container-inner\"><div class=\"avia-image-overlay-wrap\"><a href=\"https:\/\/www.prokol.com\/wp-content\/uploads\/dak_zonnepanelen.jpg\" data-srcset=\"https:\/\/www.prokol.com\/wp-content\/uploads\/dak_zonnepanelen.jpg 300w, https:\/\/www.prokol.com\/wp-content\/uploads\/dak_zonnepanelen-100x100.jpg 100w, https:\/\/www.prokol.com\/wp-content\/uploads\/dak_zonnepanelen-80x80.jpg 80w, https:\/\/www.prokol.com\/wp-content\/uploads\/dak_zonnepanelen-36x36.jpg 36w, https:\/\/www.prokol.com\/wp-content\/uploads\/dak_zonnepanelen-180x180.jpg 180w, https:\/\/www.prokol.com\/wp-content\/uploads\/dak_zonnepanelen-24x24.jpg 24w, https:\/\/www.prokol.com\/wp-content\/uploads\/dak_zonnepanelen-48x48.jpg 48w\" data-sizes=\"(max-width: 300px) 100vw, 300px\" class='avia_image'  aria-label='Langlebige D\u00e4cher und Dachg\u00e4rten'><img decoding=\"async\" fetchpriority=\"high\" class='wp-image-19463 avia-img-lazy-loading-not-19463 avia_image ' src=\"https:\/\/www.prokol.com\/wp-content\/uploads\/dak_zonnepanelen-180x180.jpg\" alt='' title='Langlebige D\u00e4cher und Dachg\u00e4rten'  height=\"180\" width=\"180\"  itemprop=\"thumbnailUrl\" srcset=\"https:\/\/www.prokol.com\/wp-content\/uploads\/dak_zonnepanelen-180x180.jpg 180w, https:\/\/www.prokol.com\/wp-content\/uploads\/dak_zonnepanelen.jpg 300w, https:\/\/www.prokol.com\/wp-content\/uploads\/dak_zonnepanelen-100x100.jpg 100w, https:\/\/www.prokol.com\/wp-content\/uploads\/dak_zonnepanelen-80x80.jpg 80w, https:\/\/www.prokol.com\/wp-content\/uploads\/dak_zonnepanelen-36x36.jpg 36w, https:\/\/www.prokol.com\/wp-content\/uploads\/dak_zonnepanelen-24x24.jpg 24w, https:\/\/www.prokol.com\/wp-content\/uploads\/dak_zonnepanelen-48x48.jpg 48w\" sizes=\"(max-width: 180px) 100vw, 180px\" \/><\/a><\/div><\/div><\/div><br \/>\n\n<style type=\"text\/css\" data-created_by=\"avia_inline_auto\" id=\"style-css-av-kde9dv3w-7a40ae658e7c67e982885014c276d3a2\">\n.avia-image-container.av-kde9dv3w-7a40ae658e7c67e982885014c276d3a2 img.avia_image{\nbox-shadow:none;\n}\n.avia-image-container.av-kde9dv3w-7a40ae658e7c67e982885014c276d3a2 .av-image-caption-overlay-center{\ncolor:#ffffff;\n}\n<\/style>\n<div  class='avia-image-container av-kde9dv3w-7a40ae658e7c67e982885014c276d3a2 av-styling- avia-align-left  avia-builder-el-6  el_after_av_image  el_before_av_image '   itemprop=\"image\" itemscope=\"itemscope\" itemtype=\"https:\/\/schema.org\/ImageObject\" ><div class=\"avia-image-container-inner\"><div class=\"avia-image-overlay-wrap\"><a href=\"https:\/\/www.prokol.com\/wp-content\/uploads\/Daken_03-1-1030x687.jpg\" data-srcset=\"https:\/\/www.prokol.com\/wp-content\/uploads\/Daken_03-1-1030x687.jpg 1030w, https:\/\/www.prokol.com\/wp-content\/uploads\/Daken_03-1-scaled-600x400.jpg 600w, https:\/\/www.prokol.com\/wp-content\/uploads\/Daken_03-1-300x200.jpg 300w, https:\/\/www.prokol.com\/wp-content\/uploads\/Daken_03-1-768x512.jpg 768w, https:\/\/www.prokol.com\/wp-content\/uploads\/Daken_03-1-1536x1024.jpg 1536w, https:\/\/www.prokol.com\/wp-content\/uploads\/Daken_03-1-2048x1365.jpg 2048w, https:\/\/www.prokol.com\/wp-content\/uploads\/Daken_03-1-1500x1000.jpg 1500w, https:\/\/www.prokol.com\/wp-content\/uploads\/Daken_03-1-705x470.jpg 705w, https:\/\/www.prokol.com\/wp-content\/uploads\/Daken_03-1-24x16.jpg 24w, https:\/\/www.prokol.com\/wp-content\/uploads\/Daken_03-1-36x24.jpg 36w, https:\/\/www.prokol.com\/wp-content\/uploads\/Daken_03-1-48x32.jpg 48w\" data-sizes=\"(max-width: 1030px) 100vw, 1030px\" class='avia_image'  aria-label='D\u00e4cher'><img decoding=\"async\" fetchpriority=\"high\" class='wp-image-11590 avia-img-lazy-loading-not-11590 avia_image ' src=\"https:\/\/www.prokol.com\/wp-content\/uploads\/Daken_03-1-180x180.jpg\" alt='' title='D\u00e4cher'  height=\"180\" width=\"180\"  itemprop=\"thumbnailUrl\" srcset=\"https:\/\/www.prokol.com\/wp-content\/uploads\/Daken_03-1-180x180.jpg 180w, https:\/\/www.prokol.com\/wp-content\/uploads\/Daken_03-1-scaled-300x300.jpg 300w, https:\/\/www.prokol.com\/wp-content\/uploads\/Daken_03-1-scaled-100x100.jpg 100w, https:\/\/www.prokol.com\/wp-content\/uploads\/Daken_03-1-80x80.jpg 80w, https:\/\/www.prokol.com\/wp-content\/uploads\/Daken_03-1-36x36.jpg 36w\" sizes=\"(max-width: 180px) 100vw, 180px\" \/><\/a><\/div><\/div><\/div><br \/>\n\n<style type=\"text\/css\" data-created_by=\"avia_inline_auto\" id=\"style-css-av-kde9de9x-9ee73aee78d0c51d7e149b7346572fde\">\n.avia-image-container.av-kde9de9x-9ee73aee78d0c51d7e149b7346572fde img.avia_image{\nbox-shadow:none;\n}\n.avia-image-container.av-kde9de9x-9ee73aee78d0c51d7e149b7346572fde .av-image-caption-overlay-center{\ncolor:#ffffff;\n}\n<\/style>\n<div  class='avia-image-container av-kde9de9x-9ee73aee78d0c51d7e149b7346572fde av-styling- avia-align-left  avia-builder-el-7  el_after_av_image  avia-builder-el-last '   itemprop=\"image\" itemscope=\"itemscope\" itemtype=\"https:\/\/schema.org\/ImageObject\" ><div class=\"avia-image-container-inner\"><div class=\"avia-image-overlay-wrap\"><a href=\"https:\/\/www.prokol.com\/wp-content\/uploads\/Daken_04-1030x773.jpg\" data-srcset=\"https:\/\/www.prokol.com\/wp-content\/uploads\/Daken_04-1030x773.jpg 1030w, https:\/\/www.prokol.com\/wp-content\/uploads\/Daken_04-scaled-600x450.jpg 600w, https:\/\/www.prokol.com\/wp-content\/uploads\/Daken_04-300x225.jpg 300w, https:\/\/www.prokol.com\/wp-content\/uploads\/Daken_04-768x576.jpg 768w, https:\/\/www.prokol.com\/wp-content\/uploads\/Daken_04-1536x1152.jpg 1536w, https:\/\/www.prokol.com\/wp-content\/uploads\/Daken_04-2048x1536.jpg 2048w, https:\/\/www.prokol.com\/wp-content\/uploads\/Daken_04-1500x1125.jpg 1500w, https:\/\/www.prokol.com\/wp-content\/uploads\/Daken_04-705x529.jpg 705w, https:\/\/www.prokol.com\/wp-content\/uploads\/Daken_04-24x18.jpg 24w, https:\/\/www.prokol.com\/wp-content\/uploads\/Daken_04-36x27.jpg 36w, https:\/\/www.prokol.com\/wp-content\/uploads\/Daken_04-48x36.jpg 48w\" data-sizes=\"(max-width: 1030px) 100vw, 1030px\" class='avia_image'  aria-label='Daken_04'><img decoding=\"async\" fetchpriority=\"high\" class='wp-image-11024 avia-img-lazy-loading-not-11024 avia_image ' src=\"https:\/\/www.prokol.com\/wp-content\/uploads\/Daken_04-180x180.jpg\" alt='' title='Daken_04'  height=\"180\" width=\"180\"  itemprop=\"thumbnailUrl\" srcset=\"https:\/\/www.prokol.com\/wp-content\/uploads\/Daken_04-180x180.jpg 180w, https:\/\/www.prokol.com\/wp-content\/uploads\/Daken_04-scaled-300x300.jpg 300w, https:\/\/www.prokol.com\/wp-content\/uploads\/Daken_04-scaled-100x100.jpg 100w, https:\/\/www.prokol.com\/wp-content\/uploads\/Daken_04-80x80.jpg 80w, https:\/\/www.prokol.com\/wp-content\/uploads\/Daken_04-36x36.jpg 36w\" sizes=\"(max-width: 180px) 100vw, 180px\" \/><\/a><\/div><\/div><\/div><\/p><\/div><\/p>\n","protected":false},"excerpt":{"rendered":"","protected":false},"author":3,"featured_media":0,"parent":19305,"menu_order":0,"comment_status":"closed","ping_status":"closed","template":"","meta":{"inline_featured_image":false,"footnotes":""},"tags":[],"class_list":["post-19036","page","type-page","status-publish","hentry"],"yoast_head":"<!-- This site is optimized with the Yoast SEO plugin v27.2 - https:\/\/yoast.com\/product\/yoast-seo-wordpress\/ -->\n<title>D\u00e4cher und Dachg\u00e4rten - Prokol Protective Coatings<\/title>\n<meta name=\"robots\" content=\"index, follow, max-snippet:-1, max-image-preview:large, max-video-preview:-1\" \/>\n<link rel=\"canonical\" href=\"https:\/\/www.prokol.com\/de\/anwendungen\/wohnen-immobiliensektor\/daecher-und-dachgaerten\/\" \/>\n<meta property=\"og:locale\" content=\"de_DE\" \/>\n<meta property=\"og:type\" content=\"article\" \/>\n<meta property=\"og:title\" content=\"D\u00e4cher und Dachg\u00e4rten - Prokol Protective Coatings\" \/>\n<meta property=\"og:url\" content=\"https:\/\/www.prokol.com\/de\/anwendungen\/wohnen-immobiliensektor\/daecher-und-dachgaerten\/\" \/>\n<meta property=\"og:site_name\" content=\"Prokol Protective Coatings\" \/>\n<meta property=\"article:modified_time\" content=\"2025-10-14T06:48:51+00:00\" \/>\n<meta name=\"twitter:card\" content=\"summary_large_image\" \/>\n<meta name=\"twitter:label1\" content=\"Gesch\u00e4tzte Lesezeit\" \/>\n\t<meta name=\"twitter:data1\" content=\"8\u00a0Minuten\" \/>\n<script type=\"application\/ld+json\" class=\"yoast-schema-graph\">{\"@context\":\"https:\/\/schema.org\",\"@graph\":[{\"@type\":\"WebPage\",\"@id\":\"https:\/\/www.prokol.com\/de\/anwendungen\/wohnen-immobiliensektor\/daecher-und-dachgaerten\/\",\"url\":\"https:\/\/www.prokol.com\/de\/anwendungen\/wohnen-immobiliensektor\/daecher-und-dachgaerten\/\",\"name\":\"D\u00e4cher und Dachg\u00e4rten - Prokol Protective Coatings\",\"isPartOf\":{\"@id\":\"https:\/\/www.prokol.com\/de\/#website\"},\"datePublished\":\"2022-03-31T07:27:59+00:00\",\"dateModified\":\"2025-10-14T06:48:51+00:00\",\"breadcrumb\":{\"@id\":\"https:\/\/www.prokol.com\/de\/anwendungen\/wohnen-immobiliensektor\/daecher-und-dachgaerten\/#breadcrumb\"},\"inLanguage\":\"de\",\"potentialAction\":[{\"@type\":\"ReadAction\",\"target\":[\"https:\/\/www.prokol.com\/de\/anwendungen\/wohnen-immobiliensektor\/daecher-und-dachgaerten\/\"]}]},{\"@type\":\"BreadcrumbList\",\"@id\":\"https:\/\/www.prokol.com\/de\/anwendungen\/wohnen-immobiliensektor\/daecher-und-dachgaerten\/#breadcrumb\",\"itemListElement\":[{\"@type\":\"ListItem\",\"position\":1,\"name\":\"Home\",\"item\":\"https:\/\/www.prokol.com\/de\/prokol-home-de\/\"},{\"@type\":\"ListItem\",\"position\":2,\"name\":\"Anwendungen\",\"item\":\"https:\/\/www.prokol.com\/de\/anwendungen\/\"},{\"@type\":\"ListItem\",\"position\":3,\"name\":\"Wohnen | Immobiliensektor\",\"item\":\"https:\/\/www.prokol.com\/de\/anwendungen\/wohnen-immobiliensektor\/\"},{\"@type\":\"ListItem\",\"position\":4,\"name\":\"D\u00e4cher und Dachg\u00e4rten\"}]},{\"@type\":\"WebSite\",\"@id\":\"https:\/\/www.prokol.com\/de\/#website\",\"url\":\"https:\/\/www.prokol.com\/de\/\",\"name\":\"Prokol Protective Coatings\",\"description\":\"POLYUREA HOTSPRAY, GIETVLOEREN EN PARKEERGARAGE COATINGS, VLOEIBARE NAADLOZE KUNSTSTOFFEN\",\"potentialAction\":[{\"@type\":\"SearchAction\",\"target\":{\"@type\":\"EntryPoint\",\"urlTemplate\":\"https:\/\/www.prokol.com\/de\/?s={search_term_string}\"},\"query-input\":{\"@type\":\"PropertyValueSpecification\",\"valueRequired\":true,\"valueName\":\"search_term_string\"}}],\"inLanguage\":\"de\"}]}<\/script>\n<!-- \/ Yoast SEO plugin. -->","yoast_head_json":{"title":"D\u00e4cher und Dachg\u00e4rten - Prokol Protective Coatings","robots":{"index":"index","follow":"follow","max-snippet":"max-snippet:-1","max-image-preview":"max-image-preview:large","max-video-preview":"max-video-preview:-1"},"canonical":"https:\/\/www.prokol.com\/de\/anwendungen\/wohnen-immobiliensektor\/daecher-und-dachgaerten\/","og_locale":"de_DE","og_type":"article","og_title":"D\u00e4cher und Dachg\u00e4rten - Prokol Protective Coatings","og_url":"https:\/\/www.prokol.com\/de\/anwendungen\/wohnen-immobiliensektor\/daecher-und-dachgaerten\/","og_site_name":"Prokol Protective Coatings","article_modified_time":"2025-10-14T06:48:51+00:00","twitter_card":"summary_large_image","twitter_misc":{"Gesch\u00e4tzte Lesezeit":"8\u00a0Minuten"},"schema":{"@context":"https:\/\/schema.org","@graph":[{"@type":"WebPage","@id":"https:\/\/www.prokol.com\/de\/anwendungen\/wohnen-immobiliensektor\/daecher-und-dachgaerten\/","url":"https:\/\/www.prokol.com\/de\/anwendungen\/wohnen-immobiliensektor\/daecher-und-dachgaerten\/","name":"D\u00e4cher und Dachg\u00e4rten - Prokol Protective Coatings","isPartOf":{"@id":"https:\/\/www.prokol.com\/de\/#website"},"datePublished":"2022-03-31T07:27:59+00:00","dateModified":"2025-10-14T06:48:51+00:00","breadcrumb":{"@id":"https:\/\/www.prokol.com\/de\/anwendungen\/wohnen-immobiliensektor\/daecher-und-dachgaerten\/#breadcrumb"},"inLanguage":"de","potentialAction":[{"@type":"ReadAction","target":["https:\/\/www.prokol.com\/de\/anwendungen\/wohnen-immobiliensektor\/daecher-und-dachgaerten\/"]}]},{"@type":"BreadcrumbList","@id":"https:\/\/www.prokol.com\/de\/anwendungen\/wohnen-immobiliensektor\/daecher-und-dachgaerten\/#breadcrumb","itemListElement":[{"@type":"ListItem","position":1,"name":"Home","item":"https:\/\/www.prokol.com\/de\/prokol-home-de\/"},{"@type":"ListItem","position":2,"name":"Anwendungen","item":"https:\/\/www.prokol.com\/de\/anwendungen\/"},{"@type":"ListItem","position":3,"name":"Wohnen | Immobiliensektor","item":"https:\/\/www.prokol.com\/de\/anwendungen\/wohnen-immobiliensektor\/"},{"@type":"ListItem","position":4,"name":"D\u00e4cher und Dachg\u00e4rten"}]},{"@type":"WebSite","@id":"https:\/\/www.prokol.com\/de\/#website","url":"https:\/\/www.prokol.com\/de\/","name":"Prokol Protective Coatings","description":"POLYUREA HOTSPRAY, GIETVLOEREN EN PARKEERGARAGE COATINGS, VLOEIBARE NAADLOZE KUNSTSTOFFEN","potentialAction":[{"@type":"SearchAction","target":{"@type":"EntryPoint","urlTemplate":"https:\/\/www.prokol.com\/de\/?s={search_term_string}"},"query-input":{"@type":"PropertyValueSpecification","valueRequired":true,"valueName":"search_term_string"}}],"inLanguage":"de"}]}},"_links":{"self":[{"href":"https:\/\/www.prokol.com\/de\/wp-json\/wp\/v2\/pages\/19036","targetHints":{"allow":["GET"]}}],"collection":[{"href":"https:\/\/www.prokol.com\/de\/wp-json\/wp\/v2\/pages"}],"about":[{"href":"https:\/\/www.prokol.com\/de\/wp-json\/wp\/v2\/types\/page"}],"author":[{"embeddable":true,"href":"https:\/\/www.prokol.com\/de\/wp-json\/wp\/v2\/users\/3"}],"replies":[{"embeddable":true,"href":"https:\/\/www.prokol.com\/de\/wp-json\/wp\/v2\/comments?post=19036"}],"version-history":[{"count":10,"href":"https:\/\/www.prokol.com\/de\/wp-json\/wp\/v2\/pages\/19036\/revisions"}],"predecessor-version":[{"id":28449,"href":"https:\/\/www.prokol.com\/de\/wp-json\/wp\/v2\/pages\/19036\/revisions\/28449"}],"up":[{"embeddable":true,"href":"https:\/\/www.prokol.com\/de\/wp-json\/wp\/v2\/pages\/19305"}],"wp:attachment":[{"href":"https:\/\/www.prokol.com\/de\/wp-json\/wp\/v2\/media?parent=19036"}],"wp:term":[{"taxonomy":"post_tag","embeddable":true,"href":"https:\/\/www.prokol.com\/de\/wp-json\/wp\/v2\/tags?post=19036"}],"curies":[{"name":"wp","href":"https:\/\/api.w.org\/{rel}","templated":true}]}}