{"id":19039,"date":"2022-03-31T09:32:17","date_gmt":"2022-03-31T07:32:17","guid":{"rendered":"https:\/\/www.prokol.com\/schwimmende-strukturen\/"},"modified":"2023-05-16T11:57:10","modified_gmt":"2023-05-16T09:57:10","slug":"schwimmende-strukturen","status":"publish","type":"page","link":"https:\/\/www.prokol.com\/de\/anwendungen\/specials-design\/schwimmende-strukturen\/","title":{"rendered":"Schwimmende Strukturen"},"content":{"rendered":"<div id='full_slider_1'  class='avia-fullwidth-slider main_color avia-shadow   avia-builder-el-0  el_before_av_three_fifth  avia-builder-el-first  vervolgslide  container_wrap fullsize'  >\n<style type=\"text\/css\" data-created_by=\"avia_inline_auto\" id=\"style-css-av-k4179f0p-acede921c93825f4aeea30d99a7ef583\">\n#top #wrap_all .avia-slideshow .av-slideshow-caption.av-k4179f0p-acede921c93825f4aeea30d99a7ef583__0 .avia-caption-title{\nfont-size:50px;\n}\n#top .avia-slideshow .av-slideshow-caption.av-k4179f0p-acede921c93825f4aeea30d99a7ef583__0 .avia-caption-content{\nfont-size:18px;\n}\n#top .avia-slideshow .av-slideshow-caption.av-k4179f0p-acede921c93825f4aeea30d99a7ef583__0 .avia-caption-content p{\nfont-size:18px;\n}\n\n@media only screen and (min-width: 768px) and (max-width: 989px){ \n#top .avia-slideshow .av-slideshow-caption.av-k4179f0p-acede921c93825f4aeea30d99a7ef583__0 .avia-caption-content{\ndisplay:none;\n}\n#top .avia-slideshow .av-slideshow-caption.av-k4179f0p-acede921c93825f4aeea30d99a7ef583__0 .avia-caption-content p{\ndisplay:none;\n}\n}\n\n@media only screen and (min-width: 480px) and (max-width: 767px){ \n#top .avia-slideshow .av-slideshow-caption.av-k4179f0p-acede921c93825f4aeea30d99a7ef583__0 .avia-caption-content{\ndisplay:none;\n}\n#top .avia-slideshow .av-slideshow-caption.av-k4179f0p-acede921c93825f4aeea30d99a7ef583__0 .avia-caption-content p{\ndisplay:none;\n}\n}\n\n@media only screen and (max-width: 479px){ \n#top .avia-slideshow .av-slideshow-caption.av-k4179f0p-acede921c93825f4aeea30d99a7ef583__0 .avia-caption-content{\ndisplay:none;\n}\n#top .avia-slideshow .av-slideshow-caption.av-k4179f0p-acede921c93825f4aeea30d99a7ef583__0 .avia-caption-content p{\ndisplay:none;\n}\n}\n<\/style>\n<div  class='avia-slideshow av-k4179f0p-acede921c93825f4aeea30d99a7ef583 avia-slideshow-featured av_slideshow_full avia-fade-slider vervolgslide av-slideshow-ui av-control-minimal av-slideshow-autoplay av-loop-endless av-loop-manual-endless av-default-height-applied   avia-slideshow-1' data-slideshow-options=\"{&quot;animation&quot;:&quot;fade&quot;,&quot;autoplay&quot;:true,&quot;loop_autoplay&quot;:&quot;endless&quot;,&quot;interval&quot;:5,&quot;loop_manual&quot;:&quot;manual-endless&quot;,&quot;autoplay_stopper&quot;:false,&quot;noNavigation&quot;:false,&quot;bg_slider&quot;:false,&quot;keep_padding&quot;:false,&quot;hoverpause&quot;:false,&quot;show_slide_delay&quot;:0}\"  itemprop=\"image\" itemscope=\"itemscope\" itemtype=\"https:\/\/schema.org\/ImageObject\" ><ul class='avia-slideshow-inner ' style='padding-bottom: 28.666666666667%;'><li  class='avia-slideshow-slide av-k4179f0p-acede921c93825f4aeea30d99a7ef583__0  av-single-slide slide-1 slide-odd'><div data-rel='slideshow-1' class='avia-slide-wrap '   ><div class='av-slideshow-caption av-k4179f0p-acede921c93825f4aeea30d99a7ef583__0 caption_fullwidth caption_left'><div class=\"container caption_container\"><div class=\"slideshow_caption\"><div class=\"slideshow_inner_caption\"><div class=\"slideshow_align_caption\"><h2 class='avia-caption-title '  itemprop=\"name\" ><span style=\"color: #df4c23;\">-<\/span><br \/>\nSchwimmende Strukturen<\/h2><div class='avia-caption-content '  itemprop=\"description\" ><p>Dauerhafter Schutz f\u00fcr das Leben und Arbeiten auf dem Wasser!<\/p>\n<\/div><\/div><\/div><\/div><\/div><\/div><img decoding=\"async\" fetchpriority=\"high\" class=\"wp-image-3257 avia-img-lazy-loading-not-3257\"  src=\"https:\/\/www.prokol.com\/wp-content\/uploads\/2020\/08\/Banner_drijvend_bouwen-1500x430.jpg\" width=\"1500\" height=\"430\" title='Banner_drijvend_bouwen' alt=''  itemprop=\"thumbnailUrl\" srcset=\"https:\/\/www.prokol.com\/wp-content\/uploads\/2020\/08\/Banner_drijvend_bouwen.jpg 1500w, https:\/\/www.prokol.com\/wp-content\/uploads\/2020\/08\/Banner_drijvend_bouwen-600x172.jpg 600w, https:\/\/www.prokol.com\/wp-content\/uploads\/2020\/08\/Banner_drijvend_bouwen-300x86.jpg 300w, https:\/\/www.prokol.com\/wp-content\/uploads\/2020\/08\/Banner_drijvend_bouwen-1030x295.jpg 1030w, https:\/\/www.prokol.com\/wp-content\/uploads\/2020\/08\/Banner_drijvend_bouwen-768x220.jpg 768w, https:\/\/www.prokol.com\/wp-content\/uploads\/2020\/08\/Banner_drijvend_bouwen-705x202.jpg 705w\" sizes=\"(max-width: 1500px) 100vw, 1500px\" \/><div class='av-section-color-overlay' style='opacity: 0.5; background-image: url(https:\/\/www.prokol.com\/wp-content\/uploads\/2019\/12\/Overlay.png); background-repeat: repeat;'><\/div><\/div><\/li><\/ul><\/div><\/div><div id='after_full_slider_1'  class='main_color av_default_container_wrap container_wrap fullsize'  ><div class='container av-section-cont-open' ><div class='template-page content  av-content-full alpha units'><div class='post-entry post-entry-type-page post-entry-19039'><div class='entry-content-wrapper clearfix'>\n\n<style type=\"text\/css\" data-created_by=\"avia_inline_auto\" id=\"style-css-av-j2p5d-f35002da9f1d12d3d28898db0b2cbb15\">\n.flex_column.av-j2p5d-f35002da9f1d12d3d28898db0b2cbb15{\nborder-radius:0px 0px 0px 0px;\npadding:0px 0px 0px 0px;\n}\n<\/style>\n<div  class='flex_column av-j2p5d-f35002da9f1d12d3d28898db0b2cbb15 av_three_fifth  avia-builder-el-1  el_after_av_slideshow_full  el_before_av_two_fifth  avia-builder-el-first  first flex_column_div av-zero-column-padding  '     ><section  class='av_textblock_section av-ka86yxbp-aba731d6be339aa46ad7f98839883f6d '   itemscope=\"itemscope\" itemtype=\"https:\/\/schema.org\/CreativeWork\" ><div class='avia_textblock'  itemprop=\"text\" ><h5>Leben auf dem Wasser<\/h5>\n<p>Sport, Leben und Arbeit auf dem Wasser werden immer mehr zur Normalit\u00e4t. Das Oberfl\u00e4chenwasser nimmt jeden Tag mehr Raum ein, was uns zwingt, L\u00f6sungen f\u00fcr schwimmende Strukturen zu finden.<br \/>\nAls Schwimmk\u00f6rper wird h\u00e4ufig eine Kombination aus EPS und Beton gew\u00e4hlt. Die enorme Schwimmf\u00e4higkeit von EPS erm\u00f6glicht es, schwimmende Geb\u00e4ude zu bauen. EPS hat jedoch die Einschr\u00e4nkung, dass es anf\u00e4llig ist und gesch\u00fctzt werden muss.<\/p>\n<h5>Eine spezielle \u201eHaut\u201c<\/h5>\n<p>Prokol hat ein fl\u00fcssiges synthetisches Material entwickelt, das EPS dauerhaft vor \u00e4u\u00dferen Einfl\u00fcssen sch\u00fctzt. Rocathaan Hotspray wird als nahtlose Haut im Spritzverfahren aufgetragen. Aufgrund der schnellen Reaktionszeit des Produkts h\u00e4rtet diese Beschichtung nach wenigen Sekunden zu einer hochschlagfesten Auskleidung in einer Dicke von 2 bis 5 mm aus.<br \/>\nMittlerweile sind die notwendigen praktischen Erfahrungen mit dem Finish gesammelt und verschiedene schwimmende Projekte im In- und Ausland in Zusammenarbeit mit f\u00fchrenden Partnern realisiert worden.<\/p>\n<\/div><\/section><\/div>\n\n<style type=\"text\/css\" data-created_by=\"avia_inline_auto\" id=\"style-css-av-hgjsh-4ad6bf0d2fc62696990cb6c5e6302c63\">\n.flex_column.av-hgjsh-4ad6bf0d2fc62696990cb6c5e6302c63{\nborder-radius:0px 0px 0px 0px;\npadding:0px 0px 0px 0px;\n}\n<\/style>\n<div  class='flex_column av-hgjsh-4ad6bf0d2fc62696990cb6c5e6302c63 av_two_fifth  avia-builder-el-3  el_after_av_three_fifth  avia-builder-el-last  flex_column_div av-zero-column-padding  '     ><p>\n<style type=\"text\/css\" data-created_by=\"avia_inline_auto\" id=\"style-css-av-kde9de9x-e65bf2d5364bb4f554836746272367bc\">\n.avia-image-container.av-kde9de9x-e65bf2d5364bb4f554836746272367bc img.avia_image{\nbox-shadow:none;\n}\n.avia-image-container.av-kde9de9x-e65bf2d5364bb4f554836746272367bc .av-image-caption-overlay-center{\ncolor:#ffffff;\n}\n<\/style>\n<div  class='avia-image-container av-kde9de9x-e65bf2d5364bb4f554836746272367bc av-styling- avia-align-left  avia-builder-el-4  el_before_av_image  avia-builder-el-first '   itemprop=\"image\" itemscope=\"itemscope\" itemtype=\"https:\/\/schema.org\/ImageObject\" ><div class=\"avia-image-container-inner\"><div class=\"avia-image-overlay-wrap\"><a href=\"https:\/\/www.prokol.com\/wp-content\/uploads\/Drijvend_Bouwen_03-1-1030x682.jpg\" data-srcset=\"https:\/\/www.prokol.com\/wp-content\/uploads\/Drijvend_Bouwen_03-1-1030x682.jpg 1030w, https:\/\/www.prokol.com\/wp-content\/uploads\/Drijvend_Bouwen_03-1-600x398.jpg 600w, https:\/\/www.prokol.com\/wp-content\/uploads\/Drijvend_Bouwen_03-1-300x199.jpg 300w, https:\/\/www.prokol.com\/wp-content\/uploads\/Drijvend_Bouwen_03-1-768x509.jpg 768w, https:\/\/www.prokol.com\/wp-content\/uploads\/Drijvend_Bouwen_03-1-705x467.jpg 705w, https:\/\/www.prokol.com\/wp-content\/uploads\/Drijvend_Bouwen_03-1-24x16.jpg 24w, https:\/\/www.prokol.com\/wp-content\/uploads\/Drijvend_Bouwen_03-1-36x24.jpg 36w, https:\/\/www.prokol.com\/wp-content\/uploads\/Drijvend_Bouwen_03-1-48x32.jpg 48w, https:\/\/www.prokol.com\/wp-content\/uploads\/Drijvend_Bouwen_03-1.jpg 1280w\" data-sizes=\"(max-width: 1030px) 100vw, 1030px\" class='avia_image'  aria-label='Schwimmende Strukturen'><img decoding=\"async\" fetchpriority=\"high\" class='wp-image-10459 avia-img-lazy-loading-not-10459 avia_image ' src=\"https:\/\/www.prokol.com\/wp-content\/uploads\/Drijvend_Bouwen_03-1-180x180.jpg\" alt='' title='Schwimmende Strukturen'  height=\"180\" width=\"180\"  itemprop=\"thumbnailUrl\" srcset=\"https:\/\/www.prokol.com\/wp-content\/uploads\/Drijvend_Bouwen_03-1-180x180.jpg 180w, https:\/\/www.prokol.com\/wp-content\/uploads\/Drijvend_Bouwen_03-1-300x300.jpg 300w, https:\/\/www.prokol.com\/wp-content\/uploads\/Drijvend_Bouwen_03-1-100x100.jpg 100w, https:\/\/www.prokol.com\/wp-content\/uploads\/Drijvend_Bouwen_03-1-80x80.jpg 80w, https:\/\/www.prokol.com\/wp-content\/uploads\/Drijvend_Bouwen_03-1-36x36.jpg 36w\" sizes=\"(max-width: 180px) 100vw, 180px\" \/><\/a><\/div><\/div><\/div><br \/>\n\n<style type=\"text\/css\" data-created_by=\"avia_inline_auto\" id=\"style-css-av-kde9de9x-7713ee458e9298db3e9bd53f9be0a6c7\">\n.avia-image-container.av-kde9de9x-7713ee458e9298db3e9bd53f9be0a6c7 img.avia_image{\nbox-shadow:none;\n}\n.avia-image-container.av-kde9de9x-7713ee458e9298db3e9bd53f9be0a6c7 .av-image-caption-overlay-center{\ncolor:#ffffff;\n}\n<\/style>\n<div  class='avia-image-container av-kde9de9x-7713ee458e9298db3e9bd53f9be0a6c7 av-styling- avia-align-left  avia-builder-el-5  el_after_av_image  el_before_av_image '   itemprop=\"image\" itemscope=\"itemscope\" itemtype=\"https:\/\/schema.org\/ImageObject\" ><div class=\"avia-image-container-inner\"><div class=\"avia-image-overlay-wrap\"><a href=\"https:\/\/www.prokol.com\/wp-content\/uploads\/Drijvend_Bouwen_02-773x1030.jpg\" data-srcset=\"https:\/\/www.prokol.com\/wp-content\/uploads\/Drijvend_Bouwen_02-773x1030.jpg 773w, https:\/\/www.prokol.com\/wp-content\/uploads\/Drijvend_Bouwen_02-600x800.jpg 600w, https:\/\/www.prokol.com\/wp-content\/uploads\/Drijvend_Bouwen_02-225x300.jpg 225w, https:\/\/www.prokol.com\/wp-content\/uploads\/Drijvend_Bouwen_02-768x1024.jpg 768w, https:\/\/www.prokol.com\/wp-content\/uploads\/Drijvend_Bouwen_02-1152x1536.jpg 1152w, https:\/\/www.prokol.com\/wp-content\/uploads\/Drijvend_Bouwen_02-1125x1500.jpg 1125w, https:\/\/www.prokol.com\/wp-content\/uploads\/Drijvend_Bouwen_02-529x705.jpg 529w, https:\/\/www.prokol.com\/wp-content\/uploads\/Drijvend_Bouwen_02-18x24.jpg 18w, https:\/\/www.prokol.com\/wp-content\/uploads\/Drijvend_Bouwen_02-27x36.jpg 27w, https:\/\/www.prokol.com\/wp-content\/uploads\/Drijvend_Bouwen_02-36x48.jpg 36w, https:\/\/www.prokol.com\/wp-content\/uploads\/Drijvend_Bouwen_02.jpg 1200w\" data-sizes=\"(max-width: 773px) 100vw, 773px\" class='avia_image'  aria-label='Schwimmende Strukturen'><img decoding=\"async\" fetchpriority=\"high\" class='wp-image-10451 avia-img-lazy-loading-not-10451 avia_image ' src=\"https:\/\/www.prokol.com\/wp-content\/uploads\/Drijvend_Bouwen_02-180x180.jpg\" alt='' title='Schwimmende Strukturen'  height=\"180\" width=\"180\"  itemprop=\"thumbnailUrl\" srcset=\"https:\/\/www.prokol.com\/wp-content\/uploads\/Drijvend_Bouwen_02-180x180.jpg 180w, https:\/\/www.prokol.com\/wp-content\/uploads\/Drijvend_Bouwen_02-300x300.jpg 300w, https:\/\/www.prokol.com\/wp-content\/uploads\/Drijvend_Bouwen_02-100x100.jpg 100w, https:\/\/www.prokol.com\/wp-content\/uploads\/Drijvend_Bouwen_02-80x80.jpg 80w, https:\/\/www.prokol.com\/wp-content\/uploads\/Drijvend_Bouwen_02-36x36.jpg 36w\" sizes=\"(max-width: 180px) 100vw, 180px\" \/><\/a><\/div><\/div><\/div><br \/>\n\n<style type=\"text\/css\" data-created_by=\"avia_inline_auto\" id=\"style-css-av-kde9dv3w-30977c0ddaa797a15907d0c40e29be63\">\n.avia-image-container.av-kde9dv3w-30977c0ddaa797a15907d0c40e29be63 img.avia_image{\nbox-shadow:none;\n}\n.avia-image-container.av-kde9dv3w-30977c0ddaa797a15907d0c40e29be63 .av-image-caption-overlay-center{\ncolor:#ffffff;\n}\n<\/style>\n<div  class='avia-image-container av-kde9dv3w-30977c0ddaa797a15907d0c40e29be63 av-styling- avia-align-left  avia-builder-el-6  el_after_av_image  el_before_av_image '   itemprop=\"image\" itemscope=\"itemscope\" itemtype=\"https:\/\/schema.org\/ImageObject\" ><div class=\"avia-image-container-inner\"><div class=\"avia-image-overlay-wrap\"><a href=\"https:\/\/www.prokol.com\/wp-content\/uploads\/Drijvend_Bouwen_04-1030x772.jpg\" data-srcset=\"https:\/\/www.prokol.com\/wp-content\/uploads\/Drijvend_Bouwen_04-1030x772.jpg 1030w, https:\/\/www.prokol.com\/wp-content\/uploads\/Drijvend_Bouwen_04-600x450.jpg 600w, https:\/\/www.prokol.com\/wp-content\/uploads\/Drijvend_Bouwen_04-300x225.jpg 300w, https:\/\/www.prokol.com\/wp-content\/uploads\/Drijvend_Bouwen_04-768x576.jpg 768w, https:\/\/www.prokol.com\/wp-content\/uploads\/Drijvend_Bouwen_04-705x529.jpg 705w, https:\/\/www.prokol.com\/wp-content\/uploads\/Drijvend_Bouwen_04-24x18.jpg 24w, https:\/\/www.prokol.com\/wp-content\/uploads\/Drijvend_Bouwen_04-36x27.jpg 36w, https:\/\/www.prokol.com\/wp-content\/uploads\/Drijvend_Bouwen_04-48x36.jpg 48w, https:\/\/www.prokol.com\/wp-content\/uploads\/Drijvend_Bouwen_04.jpg 1455w\" data-sizes=\"(max-width: 1030px) 100vw, 1030px\" class='avia_image'  aria-label='Schwimmende Strukturen'><img decoding=\"async\" fetchpriority=\"high\" class='wp-image-10463 avia-img-lazy-loading-not-10463 avia_image ' src=\"https:\/\/www.prokol.com\/wp-content\/uploads\/Drijvend_Bouwen_04-180x180.jpg\" alt='' title='Schwimmende Strukturen'  height=\"180\" width=\"180\"  itemprop=\"thumbnailUrl\" srcset=\"https:\/\/www.prokol.com\/wp-content\/uploads\/Drijvend_Bouwen_04-180x180.jpg 180w, https:\/\/www.prokol.com\/wp-content\/uploads\/Drijvend_Bouwen_04-300x300.jpg 300w, https:\/\/www.prokol.com\/wp-content\/uploads\/Drijvend_Bouwen_04-100x100.jpg 100w, https:\/\/www.prokol.com\/wp-content\/uploads\/Drijvend_Bouwen_04-80x80.jpg 80w, https:\/\/www.prokol.com\/wp-content\/uploads\/Drijvend_Bouwen_04-36x36.jpg 36w\" sizes=\"(max-width: 180px) 100vw, 180px\" \/><\/a><\/div><\/div><\/div><br \/>\n\n<style type=\"text\/css\" data-created_by=\"avia_inline_auto\" id=\"style-css-av-kde9de9x-c73684a2384ca6f253d81db454f7f78e\">\n.avia-image-container.av-kde9de9x-c73684a2384ca6f253d81db454f7f78e img.avia_image{\nbox-shadow:none;\n}\n.avia-image-container.av-kde9de9x-c73684a2384ca6f253d81db454f7f78e .av-image-caption-overlay-center{\ncolor:#ffffff;\n}\n<\/style>\n<div  class='avia-image-container av-kde9de9x-c73684a2384ca6f253d81db454f7f78e av-styling- avia-align-left  avia-builder-el-7  el_after_av_image  avia-builder-el-last '   itemprop=\"image\" itemscope=\"itemscope\" itemtype=\"https:\/\/schema.org\/ImageObject\" ><div class=\"avia-image-container-inner\"><div class=\"avia-image-overlay-wrap\"><a href=\"https:\/\/www.prokol.com\/wp-content\/uploads\/Drijvend_Bouwen_01-773x1030.jpg\" data-srcset=\"https:\/\/www.prokol.com\/wp-content\/uploads\/Drijvend_Bouwen_01-773x1030.jpg 773w, https:\/\/www.prokol.com\/wp-content\/uploads\/Drijvend_Bouwen_01-scaled-600x800.jpg 600w, https:\/\/www.prokol.com\/wp-content\/uploads\/Drijvend_Bouwen_01-225x300.jpg 225w, https:\/\/www.prokol.com\/wp-content\/uploads\/Drijvend_Bouwen_01-768x1024.jpg 768w, https:\/\/www.prokol.com\/wp-content\/uploads\/Drijvend_Bouwen_01-1152x1536.jpg 1152w, https:\/\/www.prokol.com\/wp-content\/uploads\/Drijvend_Bouwen_01-1536x2048.jpg 1536w, https:\/\/www.prokol.com\/wp-content\/uploads\/Drijvend_Bouwen_01-1125x1500.jpg 1125w, https:\/\/www.prokol.com\/wp-content\/uploads\/Drijvend_Bouwen_01-529x705.jpg 529w, https:\/\/www.prokol.com\/wp-content\/uploads\/Drijvend_Bouwen_01-18x24.jpg 18w, https:\/\/www.prokol.com\/wp-content\/uploads\/Drijvend_Bouwen_01-27x36.jpg 27w, https:\/\/www.prokol.com\/wp-content\/uploads\/Drijvend_Bouwen_01-36x48.jpg 36w, https:\/\/www.prokol.com\/wp-content\/uploads\/Drijvend_Bouwen_01-scaled.jpg 1920w\" data-sizes=\"(max-width: 773px) 100vw, 773px\" class='avia_image'  aria-label='Schwimmende Strukturen'><img decoding=\"async\" fetchpriority=\"high\" class='wp-image-10447 avia-img-lazy-loading-not-10447 avia_image ' src=\"https:\/\/www.prokol.com\/wp-content\/uploads\/Drijvend_Bouwen_01-180x180.jpg\" alt='' title='Schwimmende Strukturen'  height=\"180\" width=\"180\"  itemprop=\"thumbnailUrl\" srcset=\"https:\/\/www.prokol.com\/wp-content\/uploads\/Drijvend_Bouwen_01-180x180.jpg 180w, https:\/\/www.prokol.com\/wp-content\/uploads\/Drijvend_Bouwen_01-scaled-300x300.jpg 300w, https:\/\/www.prokol.com\/wp-content\/uploads\/Drijvend_Bouwen_01-scaled-100x100.jpg 100w, https:\/\/www.prokol.com\/wp-content\/uploads\/Drijvend_Bouwen_01-80x80.jpg 80w, https:\/\/www.prokol.com\/wp-content\/uploads\/Drijvend_Bouwen_01-36x36.jpg 36w\" sizes=\"(max-width: 180px) 100vw, 180px\" \/><\/a><\/div><\/div><\/div><\/p><\/div>\n","protected":false},"excerpt":{"rendered":"","protected":false},"author":1,"featured_media":0,"parent":19308,"menu_order":0,"comment_status":"closed","ping_status":"closed","template":"","meta":{"inline_featured_image":false,"footnotes":""},"tags":[],"class_list":["post-19039","page","type-page","status-publish","hentry"],"yoast_head":"<!-- This site is optimized with the Yoast SEO plugin v27.2 - https:\/\/yoast.com\/product\/yoast-seo-wordpress\/ -->\n<title>Schwimmende Strukturen | Dauerhafter Schutz f\u00fcr das Leben und Arbeiten auf dem Wasser!<\/title>\n<meta name=\"description\" content=\"Schwimmende Strukturen | Dauerhafter Schutz f\u00fcr das Leben und Arbeiten auf dem Wasser!\" \/>\n<meta name=\"robots\" content=\"index, follow, max-snippet:-1, max-image-preview:large, max-video-preview:-1\" \/>\n<link rel=\"canonical\" href=\"https:\/\/www.prokol.com\/de\/anwendungen\/specials-design\/schwimmende-strukturen\/\" \/>\n<meta property=\"og:locale\" content=\"de_DE\" \/>\n<meta property=\"og:type\" content=\"article\" \/>\n<meta property=\"og:title\" content=\"Schwimmende Strukturen | Dauerhafter Schutz f\u00fcr das Leben und Arbeiten auf dem Wasser!\" \/>\n<meta property=\"og:description\" content=\"Schwimmende Strukturen | Dauerhafter Schutz f\u00fcr das Leben und Arbeiten auf dem Wasser!\" \/>\n<meta property=\"og:url\" content=\"https:\/\/www.prokol.com\/de\/anwendungen\/specials-design\/schwimmende-strukturen\/\" \/>\n<meta property=\"og:site_name\" content=\"Prokol Protective Coatings\" \/>\n<meta property=\"article:modified_time\" content=\"2023-05-16T09:57:10+00:00\" \/>\n<meta name=\"twitter:card\" content=\"summary_large_image\" \/>\n<meta name=\"twitter:label1\" content=\"Gesch\u00e4tzte Lesezeit\" \/>\n\t<meta name=\"twitter:data1\" content=\"5\u00a0Minuten\" \/>\n<script type=\"application\/ld+json\" class=\"yoast-schema-graph\">{\"@context\":\"https:\/\/schema.org\",\"@graph\":[{\"@type\":\"WebPage\",\"@id\":\"https:\/\/www.prokol.com\/de\/anwendungen\/specials-design\/schwimmende-strukturen\/\",\"url\":\"https:\/\/www.prokol.com\/de\/anwendungen\/specials-design\/schwimmende-strukturen\/\",\"name\":\"Schwimmende Strukturen | Dauerhafter Schutz f\u00fcr das Leben und Arbeiten auf dem Wasser!\",\"isPartOf\":{\"@id\":\"https:\/\/www.prokol.com\/de\/#website\"},\"datePublished\":\"2022-03-31T07:32:17+00:00\",\"dateModified\":\"2023-05-16T09:57:10+00:00\",\"description\":\"Schwimmende Strukturen | Dauerhafter Schutz f\u00fcr das Leben und Arbeiten auf dem Wasser!\",\"breadcrumb\":{\"@id\":\"https:\/\/www.prokol.com\/de\/anwendungen\/specials-design\/schwimmende-strukturen\/#breadcrumb\"},\"inLanguage\":\"de\",\"potentialAction\":[{\"@type\":\"ReadAction\",\"target\":[\"https:\/\/www.prokol.com\/de\/anwendungen\/specials-design\/schwimmende-strukturen\/\"]}]},{\"@type\":\"BreadcrumbList\",\"@id\":\"https:\/\/www.prokol.com\/de\/anwendungen\/specials-design\/schwimmende-strukturen\/#breadcrumb\",\"itemListElement\":[{\"@type\":\"ListItem\",\"position\":1,\"name\":\"Home\",\"item\":\"https:\/\/www.prokol.com\/de\/prokol-home-de\/\"},{\"@type\":\"ListItem\",\"position\":2,\"name\":\"Anwendungen\",\"item\":\"https:\/\/www.prokol.com\/de\/anwendungen\/\"},{\"@type\":\"ListItem\",\"position\":3,\"name\":\"Specials | Design\",\"item\":\"https:\/\/www.prokol.com\/de\/anwendungen\/specials-design\/\"},{\"@type\":\"ListItem\",\"position\":4,\"name\":\"Schwimmende Strukturen\"}]},{\"@type\":\"WebSite\",\"@id\":\"https:\/\/www.prokol.com\/de\/#website\",\"url\":\"https:\/\/www.prokol.com\/de\/\",\"name\":\"Prokol Protective Coatings\",\"description\":\"POLYUREA HOTSPRAY, GIETVLOEREN EN PARKEERGARAGE COATINGS, VLOEIBARE NAADLOZE KUNSTSTOFFEN\",\"potentialAction\":[{\"@type\":\"SearchAction\",\"target\":{\"@type\":\"EntryPoint\",\"urlTemplate\":\"https:\/\/www.prokol.com\/de\/?s={search_term_string}\"},\"query-input\":{\"@type\":\"PropertyValueSpecification\",\"valueRequired\":true,\"valueName\":\"search_term_string\"}}],\"inLanguage\":\"de\"}]}<\/script>\n<!-- \/ Yoast SEO plugin. -->","yoast_head_json":{"title":"Schwimmende Strukturen | Dauerhafter Schutz f\u00fcr das Leben und Arbeiten auf dem Wasser!","description":"Schwimmende Strukturen | Dauerhafter Schutz f\u00fcr das Leben und Arbeiten auf dem Wasser!","robots":{"index":"index","follow":"follow","max-snippet":"max-snippet:-1","max-image-preview":"max-image-preview:large","max-video-preview":"max-video-preview:-1"},"canonical":"https:\/\/www.prokol.com\/de\/anwendungen\/specials-design\/schwimmende-strukturen\/","og_locale":"de_DE","og_type":"article","og_title":"Schwimmende Strukturen | Dauerhafter Schutz f\u00fcr das Leben und Arbeiten auf dem Wasser!","og_description":"Schwimmende Strukturen | Dauerhafter Schutz f\u00fcr das Leben und Arbeiten auf dem Wasser!","og_url":"https:\/\/www.prokol.com\/de\/anwendungen\/specials-design\/schwimmende-strukturen\/","og_site_name":"Prokol Protective Coatings","article_modified_time":"2023-05-16T09:57:10+00:00","twitter_card":"summary_large_image","twitter_misc":{"Gesch\u00e4tzte Lesezeit":"5\u00a0Minuten"},"schema":{"@context":"https:\/\/schema.org","@graph":[{"@type":"WebPage","@id":"https:\/\/www.prokol.com\/de\/anwendungen\/specials-design\/schwimmende-strukturen\/","url":"https:\/\/www.prokol.com\/de\/anwendungen\/specials-design\/schwimmende-strukturen\/","name":"Schwimmende Strukturen | Dauerhafter Schutz f\u00fcr das Leben und Arbeiten auf dem Wasser!","isPartOf":{"@id":"https:\/\/www.prokol.com\/de\/#website"},"datePublished":"2022-03-31T07:32:17+00:00","dateModified":"2023-05-16T09:57:10+00:00","description":"Schwimmende Strukturen | Dauerhafter Schutz f\u00fcr das Leben und Arbeiten auf dem Wasser!","breadcrumb":{"@id":"https:\/\/www.prokol.com\/de\/anwendungen\/specials-design\/schwimmende-strukturen\/#breadcrumb"},"inLanguage":"de","potentialAction":[{"@type":"ReadAction","target":["https:\/\/www.prokol.com\/de\/anwendungen\/specials-design\/schwimmende-strukturen\/"]}]},{"@type":"BreadcrumbList","@id":"https:\/\/www.prokol.com\/de\/anwendungen\/specials-design\/schwimmende-strukturen\/#breadcrumb","itemListElement":[{"@type":"ListItem","position":1,"name":"Home","item":"https:\/\/www.prokol.com\/de\/prokol-home-de\/"},{"@type":"ListItem","position":2,"name":"Anwendungen","item":"https:\/\/www.prokol.com\/de\/anwendungen\/"},{"@type":"ListItem","position":3,"name":"Specials | Design","item":"https:\/\/www.prokol.com\/de\/anwendungen\/specials-design\/"},{"@type":"ListItem","position":4,"name":"Schwimmende Strukturen"}]},{"@type":"WebSite","@id":"https:\/\/www.prokol.com\/de\/#website","url":"https:\/\/www.prokol.com\/de\/","name":"Prokol Protective Coatings","description":"POLYUREA HOTSPRAY, GIETVLOEREN EN PARKEERGARAGE COATINGS, VLOEIBARE NAADLOZE KUNSTSTOFFEN","potentialAction":[{"@type":"SearchAction","target":{"@type":"EntryPoint","urlTemplate":"https:\/\/www.prokol.com\/de\/?s={search_term_string}"},"query-input":{"@type":"PropertyValueSpecification","valueRequired":true,"valueName":"search_term_string"}}],"inLanguage":"de"}]}},"_links":{"self":[{"href":"https:\/\/www.prokol.com\/de\/wp-json\/wp\/v2\/pages\/19039","targetHints":{"allow":["GET"]}}],"collection":[{"href":"https:\/\/www.prokol.com\/de\/wp-json\/wp\/v2\/pages"}],"about":[{"href":"https:\/\/www.prokol.com\/de\/wp-json\/wp\/v2\/types\/page"}],"author":[{"embeddable":true,"href":"https:\/\/www.prokol.com\/de\/wp-json\/wp\/v2\/users\/1"}],"replies":[{"embeddable":true,"href":"https:\/\/www.prokol.com\/de\/wp-json\/wp\/v2\/comments?post=19039"}],"version-history":[{"count":3,"href":"https:\/\/www.prokol.com\/de\/wp-json\/wp\/v2\/pages\/19039\/revisions"}],"predecessor-version":[{"id":19209,"href":"https:\/\/www.prokol.com\/de\/wp-json\/wp\/v2\/pages\/19039\/revisions\/19209"}],"up":[{"embeddable":true,"href":"https:\/\/www.prokol.com\/de\/wp-json\/wp\/v2\/pages\/19308"}],"wp:attachment":[{"href":"https:\/\/www.prokol.com\/de\/wp-json\/wp\/v2\/media?parent=19039"}],"wp:term":[{"taxonomy":"post_tag","embeddable":true,"href":"https:\/\/www.prokol.com\/de\/wp-json\/wp\/v2\/tags?post=19039"}],"curies":[{"name":"wp","href":"https:\/\/api.w.org\/{rel}","templated":true}]}}