{"id":19042,"date":"2022-03-31T09:33:46","date_gmt":"2022-03-31T07:33:46","guid":{"rendered":"https:\/\/www.prokol.com\/oeffentliche-gebaeude\/"},"modified":"2023-04-19T12:44:42","modified_gmt":"2023-04-19T10:44:42","slug":"oeffentliche-gebaeude","status":"publish","type":"page","link":"https:\/\/www.prokol.com\/de\/anwendungen\/wohnen-immobiliensektor\/oeffentliche-gebaeude\/","title":{"rendered":"\u00d6ffentliche Geb\u00e4ude"},"content":{"rendered":"<div id='full_slider_1'  class='avia-fullwidth-slider main_color avia-shadow   avia-builder-el-0  el_before_av_three_fifth  avia-builder-el-first  vervolgslide  container_wrap fullsize'  >\n<style type=\"text\/css\" data-created_by=\"avia_inline_auto\" id=\"style-css-av-k4179f0p-fdab0ea8485fbb862ec3c06460acd87c\">\n#top #wrap_all .avia-slideshow .av-slideshow-caption.av-k4179f0p-fdab0ea8485fbb862ec3c06460acd87c__0 .avia-caption-title{\nfont-size:50px;\n}\n#top .avia-slideshow .av-slideshow-caption.av-k4179f0p-fdab0ea8485fbb862ec3c06460acd87c__0 .avia-caption-content{\nfont-size:18px;\n}\n#top .avia-slideshow .av-slideshow-caption.av-k4179f0p-fdab0ea8485fbb862ec3c06460acd87c__0 .avia-caption-content p{\nfont-size:18px;\n}\n\n@media only screen and (min-width: 768px) and (max-width: 989px){ \n#top .avia-slideshow .av-slideshow-caption.av-k4179f0p-fdab0ea8485fbb862ec3c06460acd87c__0 .avia-caption-content{\ndisplay:none;\n}\n#top .avia-slideshow .av-slideshow-caption.av-k4179f0p-fdab0ea8485fbb862ec3c06460acd87c__0 .avia-caption-content p{\ndisplay:none;\n}\n}\n\n@media only screen and (min-width: 480px) and (max-width: 767px){ \n#top .avia-slideshow .av-slideshow-caption.av-k4179f0p-fdab0ea8485fbb862ec3c06460acd87c__0 .avia-caption-content{\ndisplay:none;\n}\n#top .avia-slideshow .av-slideshow-caption.av-k4179f0p-fdab0ea8485fbb862ec3c06460acd87c__0 .avia-caption-content p{\ndisplay:none;\n}\n}\n\n@media only screen and (max-width: 479px){ \n#top .avia-slideshow .av-slideshow-caption.av-k4179f0p-fdab0ea8485fbb862ec3c06460acd87c__0 .avia-caption-content{\ndisplay:none;\n}\n#top .avia-slideshow .av-slideshow-caption.av-k4179f0p-fdab0ea8485fbb862ec3c06460acd87c__0 .avia-caption-content p{\ndisplay:none;\n}\n}\n<\/style>\n<div  class='avia-slideshow av-k4179f0p-fdab0ea8485fbb862ec3c06460acd87c avia-slideshow-featured av_slideshow_full avia-fade-slider vervolgslide av-slideshow-ui av-control-minimal av-slideshow-autoplay av-loop-endless av-loop-manual-endless av-default-height-applied   avia-slideshow-1' data-slideshow-options=\"{&quot;animation&quot;:&quot;fade&quot;,&quot;autoplay&quot;:true,&quot;loop_autoplay&quot;:&quot;endless&quot;,&quot;interval&quot;:5,&quot;loop_manual&quot;:&quot;manual-endless&quot;,&quot;autoplay_stopper&quot;:false,&quot;noNavigation&quot;:false,&quot;bg_slider&quot;:false,&quot;keep_padding&quot;:false,&quot;hoverpause&quot;:false,&quot;show_slide_delay&quot;:0}\"  itemprop=\"image\" itemscope=\"itemscope\" itemtype=\"https:\/\/schema.org\/ImageObject\" ><ul class='avia-slideshow-inner ' style='padding-bottom: 28.666666666667%;'><li  class='avia-slideshow-slide av-k4179f0p-fdab0ea8485fbb862ec3c06460acd87c__0  av-single-slide slide-1 slide-odd'><div data-rel='slideshow-1' class='avia-slide-wrap '   ><img decoding=\"async\" fetchpriority=\"high\" class=\"wp-image-9628 avia-img-lazy-loading-not-9628\"  src=\"https:\/\/www.prokol.com\/wp-content\/uploads\/zorgsector_banner-1500x430.jpg\" width=\"1500\" height=\"430\" title='Gesundheitssektor' alt=''  itemprop=\"thumbnailUrl\" srcset=\"https:\/\/www.prokol.com\/wp-content\/uploads\/zorgsector_banner.jpg 1500w, https:\/\/www.prokol.com\/wp-content\/uploads\/zorgsector_banner-600x172.jpg 600w, https:\/\/www.prokol.com\/wp-content\/uploads\/zorgsector_banner-300x86.jpg 300w, https:\/\/www.prokol.com\/wp-content\/uploads\/zorgsector_banner-1030x295.jpg 1030w, https:\/\/www.prokol.com\/wp-content\/uploads\/zorgsector_banner-768x220.jpg 768w, https:\/\/www.prokol.com\/wp-content\/uploads\/zorgsector_banner-705x202.jpg 705w, https:\/\/www.prokol.com\/wp-content\/uploads\/zorgsector_banner-24x7.jpg 24w, https:\/\/www.prokol.com\/wp-content\/uploads\/zorgsector_banner-36x10.jpg 36w, https:\/\/www.prokol.com\/wp-content\/uploads\/zorgsector_banner-48x14.jpg 48w\" sizes=\"(max-width: 1500px) 100vw, 1500px\" \/><div class='av-section-color-overlay' style='opacity: 0.5; background-image: url(https:\/\/www.prokol.com\/wp-content\/uploads\/2019\/12\/Overlay.png); background-repeat: repeat;'><\/div><\/div><\/li><\/ul><div class='av-slideshow-caption av-k4179f0p-fdab0ea8485fbb862ec3c06460acd87c__0 caption_fullwidth caption_left'><div class=\"container caption_container\"><div class=\"slideshow_caption\"><div class=\"slideshow_inner_caption\"><div class=\"slideshow_align_caption\"><h2 class='avia-caption-title '  itemprop=\"name\" ><span style=\"color: #df4c23;\">-<\/span><br \/>\n\u00d6ffentliche Geb\u00e4ude<\/h2><div class='avia-caption-content '  itemprop=\"description\" ><p>Farben bestimmen die Atmosph\u00e4re und das Gef\u00fchl der Sicherheit<\/p>\n<\/div><\/div><\/div><\/div><\/div><\/div><\/div><\/div><div id='after_full_slider_1'  class='main_color av_default_container_wrap container_wrap fullsize'  ><div class='container av-section-cont-open' ><div class='template-page content  av-content-full alpha units'><div class='post-entry post-entry-type-page post-entry-19042'><div class='entry-content-wrapper clearfix'>\n\n<style type=\"text\/css\" data-created_by=\"avia_inline_auto\" id=\"style-css-av-mir7d-076b1aa2e9a00ad00d5728ea181b7e4d\">\n.flex_column.av-mir7d-076b1aa2e9a00ad00d5728ea181b7e4d{\nborder-radius:0px 0px 0px 0px;\npadding:0px 0px 0px 0px;\n}\n<\/style>\n<div  class='flex_column av-mir7d-076b1aa2e9a00ad00d5728ea181b7e4d av_three_fifth  avia-builder-el-1  el_after_av_slideshow_full  el_before_av_two_fifth  avia-builder-el-first  first flex_column_div av-zero-column-padding  '     ><section  class='av_textblock_section av-kde9cj1t-733622bddd2480cffdd6c27dc22482a0 '   itemscope=\"itemscope\" itemtype=\"https:\/\/schema.org\/CreativeWork\" ><div class='avia_textblock'  itemprop=\"text\" ><p>\u00d6ffentliche R\u00e4ume &#8211; \u201e\u00f6ffentliche Geb\u00e4ude\u201c &#8211; sind Orte, an denen viele Menschen zusammenkommen. Kunststoffb\u00f6den f\u00fcr \u00f6ffentliche Geb\u00e4ude erfordern besondere Eigenschaften. Manche B\u00f6den werden von Millionen schlurfender F\u00fc\u00dfe sehr intensiv betreten, auf anderen herrscht mehr Stress, wenn beispielsweise Stuhlreihen verschoben werden m\u00fcssen.<\/p>\n<h5>Materialauswahl<\/h5>\n<p>Es ist sehr wichtig, dass die Auswahl des Materials sorgf\u00e4ltig getroffen wird. Prokol ber\u00e4t Sie gerne bei der Auswahl von Wand- und Bodenbel\u00e4gen und Abdichtungen. Aber auch f\u00fcr die Verarbeitung von Theken, Schreibtischen, S\u00e4ulen, B\u00e4nken, Blumenk\u00e4sten und Kunstwerken. Dabei wird auf \u00e4sthetische und funktionale Eigenschaften, Pflegeleichtigkeit, Hygiene und Langlebigkeit geachtet.<\/p>\n<\/div><\/section><\/div>\n\n<style type=\"text\/css\" data-created_by=\"avia_inline_auto\" id=\"style-css-av-hgjsh-4ad6bf0d2fc62696990cb6c5e6302c63\">\n.flex_column.av-hgjsh-4ad6bf0d2fc62696990cb6c5e6302c63{\nborder-radius:0px 0px 0px 0px;\npadding:0px 0px 0px 0px;\n}\n<\/style>\n<div  class='flex_column av-hgjsh-4ad6bf0d2fc62696990cb6c5e6302c63 av_two_fifth  avia-builder-el-3  el_after_av_three_fifth  avia-builder-el-last  flex_column_div av-zero-column-padding  '     ><p>\n<style type=\"text\/css\" data-created_by=\"avia_inline_auto\" id=\"style-css-av-kde9de9x-ae133bf014c8c4b378cb4b0a827436ac\">\n.avia-image-container.av-kde9de9x-ae133bf014c8c4b378cb4b0a827436ac img.avia_image{\nbox-shadow:none;\n}\n.avia-image-container.av-kde9de9x-ae133bf014c8c4b378cb4b0a827436ac .av-image-caption-overlay-center{\ncolor:#ffffff;\n}\n<\/style>\n<div  class='avia-image-container av-kde9de9x-ae133bf014c8c4b378cb4b0a827436ac av-styling- avia-align-left  avia-builder-el-4  el_before_av_image  avia-builder-el-first '   itemprop=\"image\" itemscope=\"itemscope\" itemtype=\"https:\/\/schema.org\/ImageObject\" ><div class=\"avia-image-container-inner\"><div class=\"avia-image-overlay-wrap\"><a href=\"https:\/\/www.prokol.com\/wp-content\/uploads\/Openbare_gebouwen_02-1030x565.jpg\" data-srcset=\"https:\/\/www.prokol.com\/wp-content\/uploads\/Openbare_gebouwen_02-1030x565.jpg 1030w, https:\/\/www.prokol.com\/wp-content\/uploads\/Openbare_gebouwen_02-600x329.jpg 600w, https:\/\/www.prokol.com\/wp-content\/uploads\/Openbare_gebouwen_02-300x165.jpg 300w, https:\/\/www.prokol.com\/wp-content\/uploads\/Openbare_gebouwen_02-768x422.jpg 768w, https:\/\/www.prokol.com\/wp-content\/uploads\/Openbare_gebouwen_02-705x387.jpg 705w, https:\/\/www.prokol.com\/wp-content\/uploads\/Openbare_gebouwen_02-24x13.jpg 24w, https:\/\/www.prokol.com\/wp-content\/uploads\/Openbare_gebouwen_02-36x20.jpg 36w, https:\/\/www.prokol.com\/wp-content\/uploads\/Openbare_gebouwen_02-48x26.jpg 48w, https:\/\/www.prokol.com\/wp-content\/uploads\/Openbare_gebouwen_02.jpg 1348w\" data-sizes=\"(max-width: 1030px) 100vw, 1030px\" class='avia_image'  aria-label='Openbare_gebouwen_02'><img decoding=\"async\" fetchpriority=\"high\" class='wp-image-11600 avia-img-lazy-loading-not-11600 avia_image ' src=\"https:\/\/www.prokol.com\/wp-content\/uploads\/Openbare_gebouwen_02-180x180.jpg\" alt='' title='Openbare_gebouwen_02'  height=\"180\" width=\"180\"  itemprop=\"thumbnailUrl\" srcset=\"https:\/\/www.prokol.com\/wp-content\/uploads\/Openbare_gebouwen_02-180x180.jpg 180w, https:\/\/www.prokol.com\/wp-content\/uploads\/Openbare_gebouwen_02-300x300.jpg 300w, https:\/\/www.prokol.com\/wp-content\/uploads\/Openbare_gebouwen_02-100x100.jpg 100w, https:\/\/www.prokol.com\/wp-content\/uploads\/Openbare_gebouwen_02-80x80.jpg 80w, https:\/\/www.prokol.com\/wp-content\/uploads\/Openbare_gebouwen_02-36x36.jpg 36w\" sizes=\"(max-width: 180px) 100vw, 180px\" \/><\/a><\/div><\/div><\/div><br \/>\n\n<style type=\"text\/css\" data-created_by=\"avia_inline_auto\" id=\"style-css-av-kde9de9x-14d0f039d88283d4a3bee4a1c12d5165\">\n.avia-image-container.av-kde9de9x-14d0f039d88283d4a3bee4a1c12d5165 img.avia_image{\nbox-shadow:none;\n}\n.avia-image-container.av-kde9de9x-14d0f039d88283d4a3bee4a1c12d5165 .av-image-caption-overlay-center{\ncolor:#ffffff;\n}\n<\/style>\n<div  class='avia-image-container av-kde9de9x-14d0f039d88283d4a3bee4a1c12d5165 av-styling- avia-align-left  avia-builder-el-5  el_after_av_image  el_before_av_image '   itemprop=\"image\" itemscope=\"itemscope\" itemtype=\"https:\/\/schema.org\/ImageObject\" ><div class=\"avia-image-container-inner\"><div class=\"avia-image-overlay-wrap\"><a href=\"https:\/\/www.prokol.com\/wp-content\/uploads\/Openbare_gebouwen_01-1030x773.jpg\" data-srcset=\"https:\/\/www.prokol.com\/wp-content\/uploads\/Openbare_gebouwen_01-1030x773.jpg 1030w, https:\/\/www.prokol.com\/wp-content\/uploads\/Openbare_gebouwen_01-600x450.jpg 600w, https:\/\/www.prokol.com\/wp-content\/uploads\/Openbare_gebouwen_01-300x225.jpg 300w, https:\/\/www.prokol.com\/wp-content\/uploads\/Openbare_gebouwen_01-768x576.jpg 768w, https:\/\/www.prokol.com\/wp-content\/uploads\/Openbare_gebouwen_01-1536x1152.jpg 1536w, https:\/\/www.prokol.com\/wp-content\/uploads\/Openbare_gebouwen_01-1500x1125.jpg 1500w, https:\/\/www.prokol.com\/wp-content\/uploads\/Openbare_gebouwen_01-705x529.jpg 705w, https:\/\/www.prokol.com\/wp-content\/uploads\/Openbare_gebouwen_01-24x18.jpg 24w, https:\/\/www.prokol.com\/wp-content\/uploads\/Openbare_gebouwen_01-36x27.jpg 36w, https:\/\/www.prokol.com\/wp-content\/uploads\/Openbare_gebouwen_01-48x36.jpg 48w, https:\/\/www.prokol.com\/wp-content\/uploads\/Openbare_gebouwen_01.jpg 1600w\" data-sizes=\"(max-width: 1030px) 100vw, 1030px\" class='avia_image'  aria-label='Openbare_gebouwen_01'><img decoding=\"async\" fetchpriority=\"high\" class='wp-image-11596 avia-img-lazy-loading-not-11596 avia_image ' src=\"https:\/\/www.prokol.com\/wp-content\/uploads\/Openbare_gebouwen_01-180x180.jpg\" alt='' title='Openbare_gebouwen_01'  height=\"180\" width=\"180\"  itemprop=\"thumbnailUrl\" srcset=\"https:\/\/www.prokol.com\/wp-content\/uploads\/Openbare_gebouwen_01-180x180.jpg 180w, https:\/\/www.prokol.com\/wp-content\/uploads\/Openbare_gebouwen_01-300x300.jpg 300w, https:\/\/www.prokol.com\/wp-content\/uploads\/Openbare_gebouwen_01-100x100.jpg 100w, https:\/\/www.prokol.com\/wp-content\/uploads\/Openbare_gebouwen_01-80x80.jpg 80w, https:\/\/www.prokol.com\/wp-content\/uploads\/Openbare_gebouwen_01-36x36.jpg 36w\" sizes=\"(max-width: 180px) 100vw, 180px\" \/><\/a><\/div><\/div><\/div><br \/>\n\n<style type=\"text\/css\" data-created_by=\"avia_inline_auto\" id=\"style-css-av-kde9de9x-114c1e1445f122acdb68c7f8dc4ebea4\">\n.avia-image-container.av-kde9de9x-114c1e1445f122acdb68c7f8dc4ebea4 img.avia_image{\nbox-shadow:none;\n}\n.avia-image-container.av-kde9de9x-114c1e1445f122acdb68c7f8dc4ebea4 .av-image-caption-overlay-center{\ncolor:#ffffff;\n}\n<\/style>\n<div  class='avia-image-container av-kde9de9x-114c1e1445f122acdb68c7f8dc4ebea4 av-styling- avia-align-left  avia-builder-el-6  el_after_av_image  el_before_av_image '   itemprop=\"image\" itemscope=\"itemscope\" itemtype=\"https:\/\/schema.org\/ImageObject\" ><div class=\"avia-image-container-inner\"><div class=\"avia-image-overlay-wrap\"><a href=\"https:\/\/www.prokol.com\/wp-content\/uploads\/Openbare_gebouwen_03.jpg\" data-srcset=\"https:\/\/www.prokol.com\/wp-content\/uploads\/Openbare_gebouwen_03.jpg 738w, https:\/\/www.prokol.com\/wp-content\/uploads\/Openbare_gebouwen_03-600x488.jpg 600w, https:\/\/www.prokol.com\/wp-content\/uploads\/Openbare_gebouwen_03-300x244.jpg 300w, https:\/\/www.prokol.com\/wp-content\/uploads\/Openbare_gebouwen_03-705x573.jpg 705w, https:\/\/www.prokol.com\/wp-content\/uploads\/Openbare_gebouwen_03-24x20.jpg 24w, https:\/\/www.prokol.com\/wp-content\/uploads\/Openbare_gebouwen_03-36x29.jpg 36w, https:\/\/www.prokol.com\/wp-content\/uploads\/Openbare_gebouwen_03-48x39.jpg 48w\" data-sizes=\"(max-width: 738px) 100vw, 738px\" class='avia_image'  aria-label='Openbare_gebouwen_03'><img decoding=\"async\" fetchpriority=\"high\" class='wp-image-11604 avia-img-lazy-loading-not-11604 avia_image ' src=\"https:\/\/www.prokol.com\/wp-content\/uploads\/Openbare_gebouwen_03-180x180.jpg\" alt='' title='Openbare_gebouwen_03'  height=\"180\" width=\"180\"  itemprop=\"thumbnailUrl\" srcset=\"https:\/\/www.prokol.com\/wp-content\/uploads\/Openbare_gebouwen_03-180x180.jpg 180w, https:\/\/www.prokol.com\/wp-content\/uploads\/Openbare_gebouwen_03-300x300.jpg 300w, https:\/\/www.prokol.com\/wp-content\/uploads\/Openbare_gebouwen_03-100x100.jpg 100w, https:\/\/www.prokol.com\/wp-content\/uploads\/Openbare_gebouwen_03-80x80.jpg 80w, https:\/\/www.prokol.com\/wp-content\/uploads\/Openbare_gebouwen_03-36x36.jpg 36w\" sizes=\"(max-width: 180px) 100vw, 180px\" \/><\/a><\/div><\/div><\/div><br \/>\n\n<style type=\"text\/css\" data-created_by=\"avia_inline_auto\" id=\"style-css-av-kde9de9x-4257cfcbab8221494f1f291183a4a744\">\n.avia-image-container.av-kde9de9x-4257cfcbab8221494f1f291183a4a744 img.avia_image{\nbox-shadow:none;\n}\n.avia-image-container.av-kde9de9x-4257cfcbab8221494f1f291183a4a744 .av-image-caption-overlay-center{\ncolor:#ffffff;\n}\n<\/style>\n<div  class='avia-image-container av-kde9de9x-4257cfcbab8221494f1f291183a4a744 av-styling- avia-align-left  avia-builder-el-7  el_after_av_image  avia-builder-el-last '   itemprop=\"image\" itemscope=\"itemscope\" itemtype=\"https:\/\/schema.org\/ImageObject\" ><div class=\"avia-image-container-inner\"><div class=\"avia-image-overlay-wrap\"><a href=\"https:\/\/www.prokol.com\/wp-content\/uploads\/Openbare_gebouwen_04-1030x773.jpg\" data-srcset=\"https:\/\/www.prokol.com\/wp-content\/uploads\/Openbare_gebouwen_04-1030x773.jpg 1030w, https:\/\/www.prokol.com\/wp-content\/uploads\/Openbare_gebouwen_04-scaled-600x450.jpg 600w, https:\/\/www.prokol.com\/wp-content\/uploads\/Openbare_gebouwen_04-300x225.jpg 300w, https:\/\/www.prokol.com\/wp-content\/uploads\/Openbare_gebouwen_04-768x576.jpg 768w, https:\/\/www.prokol.com\/wp-content\/uploads\/Openbare_gebouwen_04-1536x1152.jpg 1536w, https:\/\/www.prokol.com\/wp-content\/uploads\/Openbare_gebouwen_04-2048x1536.jpg 2048w, https:\/\/www.prokol.com\/wp-content\/uploads\/Openbare_gebouwen_04-1500x1125.jpg 1500w, https:\/\/www.prokol.com\/wp-content\/uploads\/Openbare_gebouwen_04-705x529.jpg 705w, https:\/\/www.prokol.com\/wp-content\/uploads\/Openbare_gebouwen_04-24x18.jpg 24w, https:\/\/www.prokol.com\/wp-content\/uploads\/Openbare_gebouwen_04-36x27.jpg 36w, https:\/\/www.prokol.com\/wp-content\/uploads\/Openbare_gebouwen_04-48x36.jpg 48w\" data-sizes=\"(max-width: 1030px) 100vw, 1030px\" class='avia_image'  aria-label='OLYMPUS DIGITAL CAMERA'><img decoding=\"async\" fetchpriority=\"high\" class='wp-image-11608 avia-img-lazy-loading-not-11608 avia_image ' src=\"https:\/\/www.prokol.com\/wp-content\/uploads\/Openbare_gebouwen_04-180x180.jpg\" alt='' title='OLYMPUS DIGITAL CAMERA'  height=\"180\" width=\"180\"  itemprop=\"thumbnailUrl\" srcset=\"https:\/\/www.prokol.com\/wp-content\/uploads\/Openbare_gebouwen_04-180x180.jpg 180w, https:\/\/www.prokol.com\/wp-content\/uploads\/Openbare_gebouwen_04-scaled-300x300.jpg 300w, https:\/\/www.prokol.com\/wp-content\/uploads\/Openbare_gebouwen_04-scaled-100x100.jpg 100w, https:\/\/www.prokol.com\/wp-content\/uploads\/Openbare_gebouwen_04-80x80.jpg 80w, https:\/\/www.prokol.com\/wp-content\/uploads\/Openbare_gebouwen_04-36x36.jpg 36w\" sizes=\"(max-width: 180px) 100vw, 180px\" \/><\/a><\/div><\/div><\/div><\/p><\/div>\n","protected":false},"excerpt":{"rendered":"","protected":false},"author":3,"featured_media":0,"parent":19305,"menu_order":0,"comment_status":"closed","ping_status":"closed","template":"","meta":{"inline_featured_image":false,"footnotes":""},"tags":[],"class_list":["post-19042","page","type-page","status-publish","hentry"],"yoast_head":"<!-- This site is optimized with the Yoast SEO plugin v27.2 - https:\/\/yoast.com\/product\/yoast-seo-wordpress\/ -->\n<title>\u00d6ffentliche Geb\u00e4ude | Farben bestimmen die Atmosph\u00e4re und das Gef\u00fchl der Sicherheit<\/title>\n<meta name=\"description\" content=\"\u00d6ffentliche Geb\u00e4ude | Farben bestimmen die Atmosph\u00e4re und das Gef\u00fchl der Sicherheit\" \/>\n<meta name=\"robots\" content=\"index, follow, max-snippet:-1, max-image-preview:large, max-video-preview:-1\" \/>\n<link rel=\"canonical\" href=\"https:\/\/www.prokol.com\/de\/anwendungen\/wohnen-immobiliensektor\/oeffentliche-gebaeude\/\" \/>\n<meta property=\"og:locale\" content=\"de_DE\" \/>\n<meta property=\"og:type\" content=\"article\" \/>\n<meta property=\"og:title\" content=\"\u00d6ffentliche Geb\u00e4ude | Farben bestimmen die Atmosph\u00e4re und das Gef\u00fchl der Sicherheit\" \/>\n<meta property=\"og:description\" content=\"\u00d6ffentliche Geb\u00e4ude | Farben bestimmen die Atmosph\u00e4re und das Gef\u00fchl der Sicherheit\" \/>\n<meta property=\"og:url\" content=\"https:\/\/www.prokol.com\/de\/anwendungen\/wohnen-immobiliensektor\/oeffentliche-gebaeude\/\" \/>\n<meta property=\"og:site_name\" content=\"Prokol Protective Coatings\" \/>\n<meta property=\"article:modified_time\" content=\"2023-04-19T10:44:42+00:00\" \/>\n<meta name=\"twitter:card\" content=\"summary_large_image\" \/>\n<meta name=\"twitter:label1\" content=\"Gesch\u00e4tzte Lesezeit\" \/>\n\t<meta name=\"twitter:data1\" content=\"5\u00a0Minuten\" \/>\n<script type=\"application\/ld+json\" class=\"yoast-schema-graph\">{\"@context\":\"https:\/\/schema.org\",\"@graph\":[{\"@type\":\"WebPage\",\"@id\":\"https:\/\/www.prokol.com\/de\/anwendungen\/wohnen-immobiliensektor\/oeffentliche-gebaeude\/\",\"url\":\"https:\/\/www.prokol.com\/de\/anwendungen\/wohnen-immobiliensektor\/oeffentliche-gebaeude\/\",\"name\":\"\u00d6ffentliche Geb\u00e4ude | Farben bestimmen die Atmosph\u00e4re und das Gef\u00fchl der Sicherheit\",\"isPartOf\":{\"@id\":\"https:\/\/www.prokol.com\/de\/#website\"},\"datePublished\":\"2022-03-31T07:33:46+00:00\",\"dateModified\":\"2023-04-19T10:44:42+00:00\",\"description\":\"\u00d6ffentliche Geb\u00e4ude | Farben bestimmen die Atmosph\u00e4re und das Gef\u00fchl der Sicherheit\",\"breadcrumb\":{\"@id\":\"https:\/\/www.prokol.com\/de\/anwendungen\/wohnen-immobiliensektor\/oeffentliche-gebaeude\/#breadcrumb\"},\"inLanguage\":\"de\",\"potentialAction\":[{\"@type\":\"ReadAction\",\"target\":[\"https:\/\/www.prokol.com\/de\/anwendungen\/wohnen-immobiliensektor\/oeffentliche-gebaeude\/\"]}]},{\"@type\":\"BreadcrumbList\",\"@id\":\"https:\/\/www.prokol.com\/de\/anwendungen\/wohnen-immobiliensektor\/oeffentliche-gebaeude\/#breadcrumb\",\"itemListElement\":[{\"@type\":\"ListItem\",\"position\":1,\"name\":\"Home\",\"item\":\"https:\/\/www.prokol.com\/de\/prokol-home-de\/\"},{\"@type\":\"ListItem\",\"position\":2,\"name\":\"Anwendungen\",\"item\":\"https:\/\/www.prokol.com\/de\/anwendungen\/\"},{\"@type\":\"ListItem\",\"position\":3,\"name\":\"Wohnen | Immobiliensektor\",\"item\":\"https:\/\/www.prokol.com\/de\/anwendungen\/wohnen-immobiliensektor\/\"},{\"@type\":\"ListItem\",\"position\":4,\"name\":\"\u00d6ffentliche Geb\u00e4ude\"}]},{\"@type\":\"WebSite\",\"@id\":\"https:\/\/www.prokol.com\/de\/#website\",\"url\":\"https:\/\/www.prokol.com\/de\/\",\"name\":\"Prokol Protective Coatings\",\"description\":\"POLYUREA HOTSPRAY, GIETVLOEREN EN PARKEERGARAGE COATINGS, VLOEIBARE NAADLOZE KUNSTSTOFFEN\",\"potentialAction\":[{\"@type\":\"SearchAction\",\"target\":{\"@type\":\"EntryPoint\",\"urlTemplate\":\"https:\/\/www.prokol.com\/de\/?s={search_term_string}\"},\"query-input\":{\"@type\":\"PropertyValueSpecification\",\"valueRequired\":true,\"valueName\":\"search_term_string\"}}],\"inLanguage\":\"de\"}]}<\/script>\n<!-- \/ Yoast SEO plugin. -->","yoast_head_json":{"title":"\u00d6ffentliche Geb\u00e4ude | Farben bestimmen die Atmosph\u00e4re und das Gef\u00fchl der Sicherheit","description":"\u00d6ffentliche Geb\u00e4ude | Farben bestimmen die Atmosph\u00e4re und das Gef\u00fchl der Sicherheit","robots":{"index":"index","follow":"follow","max-snippet":"max-snippet:-1","max-image-preview":"max-image-preview:large","max-video-preview":"max-video-preview:-1"},"canonical":"https:\/\/www.prokol.com\/de\/anwendungen\/wohnen-immobiliensektor\/oeffentliche-gebaeude\/","og_locale":"de_DE","og_type":"article","og_title":"\u00d6ffentliche Geb\u00e4ude | Farben bestimmen die Atmosph\u00e4re und das Gef\u00fchl der Sicherheit","og_description":"\u00d6ffentliche Geb\u00e4ude | Farben bestimmen die Atmosph\u00e4re und das Gef\u00fchl der Sicherheit","og_url":"https:\/\/www.prokol.com\/de\/anwendungen\/wohnen-immobiliensektor\/oeffentliche-gebaeude\/","og_site_name":"Prokol Protective Coatings","article_modified_time":"2023-04-19T10:44:42+00:00","twitter_card":"summary_large_image","twitter_misc":{"Gesch\u00e4tzte Lesezeit":"5\u00a0Minuten"},"schema":{"@context":"https:\/\/schema.org","@graph":[{"@type":"WebPage","@id":"https:\/\/www.prokol.com\/de\/anwendungen\/wohnen-immobiliensektor\/oeffentliche-gebaeude\/","url":"https:\/\/www.prokol.com\/de\/anwendungen\/wohnen-immobiliensektor\/oeffentliche-gebaeude\/","name":"\u00d6ffentliche Geb\u00e4ude | Farben bestimmen die Atmosph\u00e4re und das Gef\u00fchl der Sicherheit","isPartOf":{"@id":"https:\/\/www.prokol.com\/de\/#website"},"datePublished":"2022-03-31T07:33:46+00:00","dateModified":"2023-04-19T10:44:42+00:00","description":"\u00d6ffentliche Geb\u00e4ude | Farben bestimmen die Atmosph\u00e4re und das Gef\u00fchl der Sicherheit","breadcrumb":{"@id":"https:\/\/www.prokol.com\/de\/anwendungen\/wohnen-immobiliensektor\/oeffentliche-gebaeude\/#breadcrumb"},"inLanguage":"de","potentialAction":[{"@type":"ReadAction","target":["https:\/\/www.prokol.com\/de\/anwendungen\/wohnen-immobiliensektor\/oeffentliche-gebaeude\/"]}]},{"@type":"BreadcrumbList","@id":"https:\/\/www.prokol.com\/de\/anwendungen\/wohnen-immobiliensektor\/oeffentliche-gebaeude\/#breadcrumb","itemListElement":[{"@type":"ListItem","position":1,"name":"Home","item":"https:\/\/www.prokol.com\/de\/prokol-home-de\/"},{"@type":"ListItem","position":2,"name":"Anwendungen","item":"https:\/\/www.prokol.com\/de\/anwendungen\/"},{"@type":"ListItem","position":3,"name":"Wohnen | Immobiliensektor","item":"https:\/\/www.prokol.com\/de\/anwendungen\/wohnen-immobiliensektor\/"},{"@type":"ListItem","position":4,"name":"\u00d6ffentliche Geb\u00e4ude"}]},{"@type":"WebSite","@id":"https:\/\/www.prokol.com\/de\/#website","url":"https:\/\/www.prokol.com\/de\/","name":"Prokol Protective Coatings","description":"POLYUREA HOTSPRAY, GIETVLOEREN EN PARKEERGARAGE COATINGS, VLOEIBARE NAADLOZE KUNSTSTOFFEN","potentialAction":[{"@type":"SearchAction","target":{"@type":"EntryPoint","urlTemplate":"https:\/\/www.prokol.com\/de\/?s={search_term_string}"},"query-input":{"@type":"PropertyValueSpecification","valueRequired":true,"valueName":"search_term_string"}}],"inLanguage":"de"}]}},"_links":{"self":[{"href":"https:\/\/www.prokol.com\/de\/wp-json\/wp\/v2\/pages\/19042","targetHints":{"allow":["GET"]}}],"collection":[{"href":"https:\/\/www.prokol.com\/de\/wp-json\/wp\/v2\/pages"}],"about":[{"href":"https:\/\/www.prokol.com\/de\/wp-json\/wp\/v2\/types\/page"}],"author":[{"embeddable":true,"href":"https:\/\/www.prokol.com\/de\/wp-json\/wp\/v2\/users\/3"}],"replies":[{"embeddable":true,"href":"https:\/\/www.prokol.com\/de\/wp-json\/wp\/v2\/comments?post=19042"}],"version-history":[{"count":4,"href":"https:\/\/www.prokol.com\/de\/wp-json\/wp\/v2\/pages\/19042\/revisions"}],"predecessor-version":[{"id":19192,"href":"https:\/\/www.prokol.com\/de\/wp-json\/wp\/v2\/pages\/19042\/revisions\/19192"}],"up":[{"embeddable":true,"href":"https:\/\/www.prokol.com\/de\/wp-json\/wp\/v2\/pages\/19305"}],"wp:attachment":[{"href":"https:\/\/www.prokol.com\/de\/wp-json\/wp\/v2\/media?parent=19042"}],"wp:term":[{"taxonomy":"post_tag","embeddable":true,"href":"https:\/\/www.prokol.com\/de\/wp-json\/wp\/v2\/tags?post=19042"}],"curies":[{"name":"wp","href":"https:\/\/api.w.org\/{rel}","templated":true}]}}