{"id":19045,"date":"2022-03-31T09:53:05","date_gmt":"2022-03-31T07:53:05","guid":{"rendered":"https:\/\/www.prokol.com\/parkmoeglichkeiten\/"},"modified":"2023-04-19T12:44:42","modified_gmt":"2023-04-19T10:44:42","slug":"parkmoeglichkeiten","status":"publish","type":"page","link":"https:\/\/www.prokol.com\/de\/anwendungen\/wohnen-immobiliensektor\/parkmoeglichkeiten\/","title":{"rendered":"Parkm\u00f6glichkeiten"},"content":{"rendered":"<div id='full_slider_1'  class='avia-fullwidth-slider main_color avia-shadow   avia-builder-el-0  el_before_av_three_fifth  avia-builder-el-first  vervolgslide  container_wrap fullsize'  >\n<style type=\"text\/css\" data-created_by=\"avia_inline_auto\" id=\"style-css-av-k4179f0p-acede921c93825f4aeea30d99a7ef583\">\n#top #wrap_all .avia-slideshow .av-slideshow-caption.av-k4179f0p-acede921c93825f4aeea30d99a7ef583__0 .avia-caption-title{\nfont-size:50px;\n}\n#top .avia-slideshow .av-slideshow-caption.av-k4179f0p-acede921c93825f4aeea30d99a7ef583__0 .avia-caption-content{\nfont-size:18px;\n}\n#top .avia-slideshow .av-slideshow-caption.av-k4179f0p-acede921c93825f4aeea30d99a7ef583__0 .avia-caption-content p{\nfont-size:18px;\n}\n\n@media only screen and (min-width: 768px) and (max-width: 989px){ \n#top .avia-slideshow .av-slideshow-caption.av-k4179f0p-acede921c93825f4aeea30d99a7ef583__0 .avia-caption-content{\ndisplay:none;\n}\n#top .avia-slideshow .av-slideshow-caption.av-k4179f0p-acede921c93825f4aeea30d99a7ef583__0 .avia-caption-content p{\ndisplay:none;\n}\n}\n\n@media only screen and (min-width: 480px) and (max-width: 767px){ \n#top .avia-slideshow .av-slideshow-caption.av-k4179f0p-acede921c93825f4aeea30d99a7ef583__0 .avia-caption-content{\ndisplay:none;\n}\n#top .avia-slideshow .av-slideshow-caption.av-k4179f0p-acede921c93825f4aeea30d99a7ef583__0 .avia-caption-content p{\ndisplay:none;\n}\n}\n\n@media only screen and (max-width: 479px){ \n#top .avia-slideshow .av-slideshow-caption.av-k4179f0p-acede921c93825f4aeea30d99a7ef583__0 .avia-caption-content{\ndisplay:none;\n}\n#top .avia-slideshow .av-slideshow-caption.av-k4179f0p-acede921c93825f4aeea30d99a7ef583__0 .avia-caption-content p{\ndisplay:none;\n}\n}\n<\/style>\n<div  class='avia-slideshow av-k4179f0p-acede921c93825f4aeea30d99a7ef583 avia-slideshow-featured av_slideshow_full avia-fade-slider vervolgslide av-slideshow-ui av-control-minimal av-slideshow-autoplay av-loop-endless av-loop-manual-endless av-default-height-applied   avia-slideshow-1' data-slideshow-options=\"{&quot;animation&quot;:&quot;fade&quot;,&quot;autoplay&quot;:true,&quot;loop_autoplay&quot;:&quot;endless&quot;,&quot;interval&quot;:5,&quot;loop_manual&quot;:&quot;manual-endless&quot;,&quot;autoplay_stopper&quot;:false,&quot;noNavigation&quot;:false,&quot;bg_slider&quot;:false,&quot;keep_padding&quot;:false,&quot;hoverpause&quot;:false,&quot;show_slide_delay&quot;:0}\"  itemprop=\"image\" itemscope=\"itemscope\" itemtype=\"https:\/\/schema.org\/ImageObject\" ><ul class='avia-slideshow-inner ' style='padding-bottom: 28.666666666667%;'><li  class='avia-slideshow-slide av-k4179f0p-acede921c93825f4aeea30d99a7ef583__0  av-single-slide slide-1 slide-odd'><div data-rel='slideshow-1' class='avia-slide-wrap '   ><div class='av-slideshow-caption av-k4179f0p-acede921c93825f4aeea30d99a7ef583__0 caption_fullwidth caption_left'><div class=\"container caption_container\"><div class=\"slideshow_caption\"><div class=\"slideshow_inner_caption\"><div class=\"slideshow_align_caption\"><h2 class='avia-caption-title '  itemprop=\"name\" ><span style=\"color: #df4c23;\">-<\/span><br \/>\nParkm\u00f6glichkeiten<\/h2><div class='avia-caption-content '  itemprop=\"description\" ><p>Spezialisierung auf die Abdichtung und den Schutz von Parkh\u00e4usern im weitesten Sinn<\/p>\n<\/div><\/div><\/div><\/div><\/div><\/div><img decoding=\"async\" fetchpriority=\"high\" class=\"wp-image-3190 avia-img-lazy-loading-not-3190\"  src=\"https:\/\/www.prokol.com\/wp-content\/uploads\/2020\/08\/Banner_parkeergelegenheden-1500x430.jpg\" width=\"1500\" height=\"430\" title='Parkm\u00f6glichkeiten' alt=''  itemprop=\"thumbnailUrl\" srcset=\"https:\/\/www.prokol.com\/wp-content\/uploads\/2020\/08\/Banner_parkeergelegenheden.jpg 1500w, https:\/\/www.prokol.com\/wp-content\/uploads\/2020\/08\/Banner_parkeergelegenheden-600x172.jpg 600w, https:\/\/www.prokol.com\/wp-content\/uploads\/2020\/08\/Banner_parkeergelegenheden-300x86.jpg 300w, https:\/\/www.prokol.com\/wp-content\/uploads\/2020\/08\/Banner_parkeergelegenheden-1030x295.jpg 1030w, https:\/\/www.prokol.com\/wp-content\/uploads\/2020\/08\/Banner_parkeergelegenheden-768x220.jpg 768w, https:\/\/www.prokol.com\/wp-content\/uploads\/2020\/08\/Banner_parkeergelegenheden-705x202.jpg 705w\" sizes=\"(max-width: 1500px) 100vw, 1500px\" \/><div class='av-section-color-overlay' style='opacity: 0.5; background-image: url(https:\/\/www.prokol.com\/wp-content\/uploads\/2019\/12\/Overlay.png); background-repeat: repeat;'><\/div><\/div><\/li><\/ul><\/div><\/div><div id='after_full_slider_1'  class='main_color av_default_container_wrap container_wrap fullsize'  ><div class='container av-section-cont-open' ><div class='template-page content  av-content-full alpha units'><div class='post-entry post-entry-type-page post-entry-19045'><div class='entry-content-wrapper clearfix'>\n\n<style type=\"text\/css\" data-created_by=\"avia_inline_auto\" id=\"style-css-av-j2p5d-f35002da9f1d12d3d28898db0b2cbb15\">\n.flex_column.av-j2p5d-f35002da9f1d12d3d28898db0b2cbb15{\nborder-radius:0px 0px 0px 0px;\npadding:0px 0px 0px 0px;\n}\n<\/style>\n<div  class='flex_column av-j2p5d-f35002da9f1d12d3d28898db0b2cbb15 av_three_fifth  avia-builder-el-1  el_after_av_slideshow_full  el_before_av_two_fifth  avia-builder-el-first  first flex_column_div av-zero-column-padding  '     ><section  class='av_textblock_section av-ka86yxbp-aba731d6be339aa46ad7f98839883f6d '   itemscope=\"itemscope\" itemtype=\"https:\/\/schema.org\/CreativeWork\" ><div class='avia_textblock'  itemprop=\"text\" ><h5>Viel zu ertragen<\/h5>\n<p>Parkh\u00e4user m\u00fcssen viel aushalten. Durchdrehende R\u00e4der, Beschleunigung, Bremsen und dazu noch die Belastung durch Weichmacher aus Reifen, Tausalzen, \u00d6len und anderen freigesetzten Stoffen. All dies sind regelm\u00e4\u00dfige Erscheinungen, die bei der Wahl eines (Boden-)Belags ber\u00fccksichtigt werden m\u00fcssen.<\/p>\n<h5>W\u00fcnsche und Anforderungen<\/h5>\n<p>Ein Bodenbelag in einem Parkhaus darf unter keinen Umst\u00e4nden rutschig sein und muss in der Regel den Richtlinien der AS SIKB 6700 entsprechen. Diese Erkl\u00e4rung zur fl\u00fcssigkeitsdichten Anlage (ehemals CUR\/PBV-44) kann nur ausgestellt werden, wenn eine unabh\u00e4ngige Sichtpr\u00fcfung durch einen Fachmann durchgef\u00fchrt worden ist.<\/p>\n<p>H\u00e4ufig ist es erw\u00fcnscht, einen ger\u00e4uscharmen Bodenbelag f\u00fcr Innenb\u00f6den zu verwenden. Das l\u00e4stige \u201eQuietschen\u201c von Reifen auf einer glatten Oberfl\u00e4che ist ein h\u00e4ufiger Schockeffekt f\u00fcr den ahnungslosen Besucher.<\/p>\n<h5>L\u00f6sungen<\/h5>\n<p>Prokol bietet hierf\u00fcr verschiedene L\u00f6sungen an. Langlebig, mechanisch und chemisch best\u00e4ndig, leicht zu reinigen, rutschfest, riss\u00fcberbr\u00fcckend und in mehr als 2.000 Farben erh\u00e4ltlich sind einige der Merkmale dieser Systeme.<\/p>\n<\/div><\/section><\/div>\n\n<style type=\"text\/css\" data-created_by=\"avia_inline_auto\" id=\"style-css-av-hgjsh-4ad6bf0d2fc62696990cb6c5e6302c63\">\n.flex_column.av-hgjsh-4ad6bf0d2fc62696990cb6c5e6302c63{\nborder-radius:0px 0px 0px 0px;\npadding:0px 0px 0px 0px;\n}\n<\/style>\n<div  class='flex_column av-hgjsh-4ad6bf0d2fc62696990cb6c5e6302c63 av_two_fifth  avia-builder-el-3  el_after_av_three_fifth  avia-builder-el-last  flex_column_div av-zero-column-padding  '     ><p>\n<style type=\"text\/css\" data-created_by=\"avia_inline_auto\" id=\"style-css-av-kde9de9x-a756d0c0e2fb40db582558d830e37f9c\">\n.avia-image-container.av-kde9de9x-a756d0c0e2fb40db582558d830e37f9c img.avia_image{\nbox-shadow:none;\n}\n.avia-image-container.av-kde9de9x-a756d0c0e2fb40db582558d830e37f9c .av-image-caption-overlay-center{\ncolor:#ffffff;\nfont-size:12px;\n}\n<\/style>\n<div  class='avia-image-container av-kde9de9x-a756d0c0e2fb40db582558d830e37f9c av-styling- avia-align-left  avia-builder-el-4  el_before_av_image  avia-builder-el-first '   itemprop=\"image\" itemscope=\"itemscope\" itemtype=\"https:\/\/schema.org\/ImageObject\" ><div class=\"avia-image-container-inner\"><div class=\"avia-image-overlay-wrap\"><a href=\"https:\/\/www.prokol.com\/wp-content\/uploads\/Parkeergelegenheden_04-1030x773.jpg\" data-srcset=\"https:\/\/www.prokol.com\/wp-content\/uploads\/Parkeergelegenheden_04-1030x773.jpg 1030w, https:\/\/www.prokol.com\/wp-content\/uploads\/Parkeergelegenheden_04-scaled-600x450.jpg 600w, https:\/\/www.prokol.com\/wp-content\/uploads\/Parkeergelegenheden_04-300x225.jpg 300w, https:\/\/www.prokol.com\/wp-content\/uploads\/Parkeergelegenheden_04-768x576.jpg 768w, https:\/\/www.prokol.com\/wp-content\/uploads\/Parkeergelegenheden_04-1536x1152.jpg 1536w, https:\/\/www.prokol.com\/wp-content\/uploads\/Parkeergelegenheden_04-2048x1536.jpg 2048w, https:\/\/www.prokol.com\/wp-content\/uploads\/Parkeergelegenheden_04-1500x1125.jpg 1500w, https:\/\/www.prokol.com\/wp-content\/uploads\/Parkeergelegenheden_04-705x529.jpg 705w, https:\/\/www.prokol.com\/wp-content\/uploads\/Parkeergelegenheden_04-24x18.jpg 24w, https:\/\/www.prokol.com\/wp-content\/uploads\/Parkeergelegenheden_04-36x27.jpg 36w, https:\/\/www.prokol.com\/wp-content\/uploads\/Parkeergelegenheden_04-48x36.jpg 48w\" data-sizes=\"(max-width: 1030px) 100vw, 1030px\" class='avia_image' target=\"_blank\" rel=\"noopener noreferrer\" aria-label='Parkeergelegenheden_04'><img decoding=\"async\" fetchpriority=\"high\" class='wp-image-11040 avia-img-lazy-loading-not-11040 avia_image ' src=\"https:\/\/www.prokol.com\/wp-content\/uploads\/Parkeergelegenheden_04-180x180.jpg\" alt='' title='Parkeergelegenheden_04'  height=\"180\" width=\"180\"  itemprop=\"thumbnailUrl\" srcset=\"https:\/\/www.prokol.com\/wp-content\/uploads\/Parkeergelegenheden_04-180x180.jpg 180w, https:\/\/www.prokol.com\/wp-content\/uploads\/Parkeergelegenheden_04-scaled-300x300.jpg 300w, https:\/\/www.prokol.com\/wp-content\/uploads\/Parkeergelegenheden_04-scaled-100x100.jpg 100w, https:\/\/www.prokol.com\/wp-content\/uploads\/Parkeergelegenheden_04-80x80.jpg 80w, https:\/\/www.prokol.com\/wp-content\/uploads\/Parkeergelegenheden_04-36x36.jpg 36w\" sizes=\"(max-width: 180px) 100vw, 180px\" \/><\/a><\/div><\/div><\/div><br \/>\n\n<style type=\"text\/css\" data-created_by=\"avia_inline_auto\" id=\"style-css-av-kde9de9x-8f4f125c119eb6f69e17093459807caa\">\n.avia-image-container.av-kde9de9x-8f4f125c119eb6f69e17093459807caa img.avia_image{\nbox-shadow:none;\n}\n.avia-image-container.av-kde9de9x-8f4f125c119eb6f69e17093459807caa .av-image-caption-overlay-center{\ncolor:#ffffff;\nfont-size:12px;\n}\n<\/style>\n<div  class='avia-image-container av-kde9de9x-8f4f125c119eb6f69e17093459807caa av-styling- avia-align-left  avia-builder-el-5  el_after_av_image  el_before_av_image '   itemprop=\"image\" itemscope=\"itemscope\" itemtype=\"https:\/\/schema.org\/ImageObject\" ><div class=\"avia-image-container-inner\"><div class=\"avia-image-overlay-wrap\"><a href=\"https:\/\/www.prokol.com\/wp-content\/uploads\/Parkeergelegenheden_02-1030x773.jpg\" data-srcset=\"https:\/\/www.prokol.com\/wp-content\/uploads\/Parkeergelegenheden_02-1030x773.jpg 1030w, https:\/\/www.prokol.com\/wp-content\/uploads\/Parkeergelegenheden_02-scaled-600x450.jpg 600w, https:\/\/www.prokol.com\/wp-content\/uploads\/Parkeergelegenheden_02-300x225.jpg 300w, https:\/\/www.prokol.com\/wp-content\/uploads\/Parkeergelegenheden_02-768x576.jpg 768w, https:\/\/www.prokol.com\/wp-content\/uploads\/Parkeergelegenheden_02-1536x1152.jpg 1536w, https:\/\/www.prokol.com\/wp-content\/uploads\/Parkeergelegenheden_02-2048x1536.jpg 2048w, https:\/\/www.prokol.com\/wp-content\/uploads\/Parkeergelegenheden_02-1500x1125.jpg 1500w, https:\/\/www.prokol.com\/wp-content\/uploads\/Parkeergelegenheden_02-705x529.jpg 705w, https:\/\/www.prokol.com\/wp-content\/uploads\/Parkeergelegenheden_02-24x18.jpg 24w, https:\/\/www.prokol.com\/wp-content\/uploads\/Parkeergelegenheden_02-36x27.jpg 36w, https:\/\/www.prokol.com\/wp-content\/uploads\/Parkeergelegenheden_02-48x36.jpg 48w\" data-sizes=\"(max-width: 1030px) 100vw, 1030px\" class='avia_image' target=\"_blank\" rel=\"noopener noreferrer\" aria-label='OLYMPUS DIGITAL CAMERA'><img decoding=\"async\" fetchpriority=\"high\" class='wp-image-11032 avia-img-lazy-loading-not-11032 avia_image ' src=\"https:\/\/www.prokol.com\/wp-content\/uploads\/Parkeergelegenheden_02-180x180.jpg\" alt='' title='OLYMPUS DIGITAL CAMERA'  height=\"180\" width=\"180\"  itemprop=\"thumbnailUrl\" srcset=\"https:\/\/www.prokol.com\/wp-content\/uploads\/Parkeergelegenheden_02-180x180.jpg 180w, https:\/\/www.prokol.com\/wp-content\/uploads\/Parkeergelegenheden_02-scaled-300x300.jpg 300w, https:\/\/www.prokol.com\/wp-content\/uploads\/Parkeergelegenheden_02-scaled-100x100.jpg 100w, https:\/\/www.prokol.com\/wp-content\/uploads\/Parkeergelegenheden_02-80x80.jpg 80w, https:\/\/www.prokol.com\/wp-content\/uploads\/Parkeergelegenheden_02-36x36.jpg 36w\" sizes=\"(max-width: 180px) 100vw, 180px\" \/><\/a><\/div><\/div><\/div><br \/>\n\n<style type=\"text\/css\" data-created_by=\"avia_inline_auto\" id=\"style-css-av-kde9dv3w-ddd758d65c14ab9fc1b75986c121058f\">\n.avia-image-container.av-kde9dv3w-ddd758d65c14ab9fc1b75986c121058f img.avia_image{\nbox-shadow:none;\n}\n.avia-image-container.av-kde9dv3w-ddd758d65c14ab9fc1b75986c121058f .av-image-caption-overlay-center{\ncolor:#ffffff;\nfont-size:12px;\n}\n<\/style>\n<div  class='avia-image-container av-kde9dv3w-ddd758d65c14ab9fc1b75986c121058f av-styling- avia-align-left  avia-builder-el-6  el_after_av_image  el_before_av_image '   itemprop=\"image\" itemscope=\"itemscope\" itemtype=\"https:\/\/schema.org\/ImageObject\" ><div class=\"avia-image-container-inner\"><div class=\"avia-image-overlay-wrap\"><a href=\"https:\/\/www.prokol.com\/wp-content\/uploads\/2020\/06\/Banner-blad-1-1030x773.jpg\" data-srcset=\"https:\/\/www.prokol.com\/wp-content\/uploads\/2020\/06\/Banner-blad-1-1030x773.jpg 1030w, https:\/\/www.prokol.com\/wp-content\/uploads\/2020\/06\/Banner-blad-1-scaled-600x450.jpg 600w, https:\/\/www.prokol.com\/wp-content\/uploads\/2020\/06\/Banner-blad-1-300x225.jpg 300w, https:\/\/www.prokol.com\/wp-content\/uploads\/2020\/06\/Banner-blad-1-768x576.jpg 768w, https:\/\/www.prokol.com\/wp-content\/uploads\/2020\/06\/Banner-blad-1-1536x1152.jpg 1536w, https:\/\/www.prokol.com\/wp-content\/uploads\/2020\/06\/Banner-blad-1-2048x1536.jpg 2048w, https:\/\/www.prokol.com\/wp-content\/uploads\/2020\/06\/Banner-blad-1-1500x1125.jpg 1500w, https:\/\/www.prokol.com\/wp-content\/uploads\/2020\/06\/Banner-blad-1-705x529.jpg 705w\" data-sizes=\"(max-width: 1030px) 100vw, 1030px\" class='avia_image' target=\"_blank\" rel=\"noopener noreferrer\" aria-label='Banner blad 1'><img decoding=\"async\" fetchpriority=\"high\" class='wp-image-2176 avia-img-lazy-loading-not-2176 avia_image ' src=\"https:\/\/www.prokol.com\/wp-content\/uploads\/2020\/06\/Banner-blad-1-180x180.jpg\" alt='' title='Banner blad 1'  height=\"180\" width=\"180\"  itemprop=\"thumbnailUrl\" srcset=\"https:\/\/www.prokol.com\/wp-content\/uploads\/2020\/06\/Banner-blad-1-180x180.jpg 180w, https:\/\/www.prokol.com\/wp-content\/uploads\/2020\/06\/Banner-blad-1-scaled-300x300.jpg 300w, https:\/\/www.prokol.com\/wp-content\/uploads\/2020\/06\/Banner-blad-1-scaled-100x100.jpg 100w, https:\/\/www.prokol.com\/wp-content\/uploads\/2020\/06\/Banner-blad-1-80x80.jpg 80w, https:\/\/www.prokol.com\/wp-content\/uploads\/2020\/06\/Banner-blad-1-36x36.jpg 36w\" sizes=\"(max-width: 180px) 100vw, 180px\" \/><\/a><\/div><\/div><\/div><br \/>\n\n<style type=\"text\/css\" data-created_by=\"avia_inline_auto\" id=\"style-css-av-kde9de9x-3cb9b117975033ebc0043856a62cda5a\">\n.avia-image-container.av-kde9de9x-3cb9b117975033ebc0043856a62cda5a img.avia_image{\nbox-shadow:none;\n}\n.avia-image-container.av-kde9de9x-3cb9b117975033ebc0043856a62cda5a .av-image-caption-overlay-center{\ncolor:#ffffff;\nfont-size:12px;\n}\n<\/style>\n<div  class='avia-image-container av-kde9de9x-3cb9b117975033ebc0043856a62cda5a av-styling- avia-align-left  avia-builder-el-7  el_after_av_image  avia-builder-el-last '   itemprop=\"image\" itemscope=\"itemscope\" itemtype=\"https:\/\/schema.org\/ImageObject\" ><div class=\"avia-image-container-inner\"><div class=\"avia-image-overlay-wrap\"><a href=\"https:\/\/www.prokol.com\/wp-content\/uploads\/Parkeergelegenheden_01-1030x773.jpg\" data-srcset=\"https:\/\/www.prokol.com\/wp-content\/uploads\/Parkeergelegenheden_01-1030x773.jpg 1030w, https:\/\/www.prokol.com\/wp-content\/uploads\/Parkeergelegenheden_01-scaled-600x450.jpg 600w, https:\/\/www.prokol.com\/wp-content\/uploads\/Parkeergelegenheden_01-300x225.jpg 300w, https:\/\/www.prokol.com\/wp-content\/uploads\/Parkeergelegenheden_01-768x576.jpg 768w, https:\/\/www.prokol.com\/wp-content\/uploads\/Parkeergelegenheden_01-1536x1152.jpg 1536w, https:\/\/www.prokol.com\/wp-content\/uploads\/Parkeergelegenheden_01-2048x1536.jpg 2048w, https:\/\/www.prokol.com\/wp-content\/uploads\/Parkeergelegenheden_01-1500x1125.jpg 1500w, https:\/\/www.prokol.com\/wp-content\/uploads\/Parkeergelegenheden_01-705x529.jpg 705w, https:\/\/www.prokol.com\/wp-content\/uploads\/Parkeergelegenheden_01-24x18.jpg 24w, https:\/\/www.prokol.com\/wp-content\/uploads\/Parkeergelegenheden_01-36x27.jpg 36w, https:\/\/www.prokol.com\/wp-content\/uploads\/Parkeergelegenheden_01-48x36.jpg 48w\" data-sizes=\"(max-width: 1030px) 100vw, 1030px\" class='avia_image' target=\"_blank\" rel=\"noopener noreferrer\" aria-label='OLYMPUS DIGITAL CAMERA'><img decoding=\"async\" fetchpriority=\"high\" class='wp-image-11028 avia-img-lazy-loading-not-11028 avia_image ' src=\"https:\/\/www.prokol.com\/wp-content\/uploads\/Parkeergelegenheden_01-180x180.jpg\" alt='' title='OLYMPUS DIGITAL CAMERA'  height=\"180\" width=\"180\"  itemprop=\"thumbnailUrl\" srcset=\"https:\/\/www.prokol.com\/wp-content\/uploads\/Parkeergelegenheden_01-180x180.jpg 180w, https:\/\/www.prokol.com\/wp-content\/uploads\/Parkeergelegenheden_01-scaled-300x300.jpg 300w, https:\/\/www.prokol.com\/wp-content\/uploads\/Parkeergelegenheden_01-scaled-100x100.jpg 100w, https:\/\/www.prokol.com\/wp-content\/uploads\/Parkeergelegenheden_01-80x80.jpg 80w, https:\/\/www.prokol.com\/wp-content\/uploads\/Parkeergelegenheden_01-36x36.jpg 36w\" sizes=\"(max-width: 180px) 100vw, 180px\" \/><\/a><\/div><\/div><\/div><\/p><\/div>\n","protected":false},"excerpt":{"rendered":"","protected":false},"author":1,"featured_media":0,"parent":19305,"menu_order":0,"comment_status":"closed","ping_status":"closed","template":"","meta":{"inline_featured_image":false,"footnotes":""},"tags":[],"class_list":["post-19045","page","type-page","status-publish","hentry"],"yoast_head":"<!-- This site is optimized with the Yoast SEO plugin v27.2 - https:\/\/yoast.com\/product\/yoast-seo-wordpress\/ -->\n<title>Parkm\u00f6glichkeiten | Spezialisierung auf die Abdichtung und den Schutz von Parkh\u00e4usern im weitesten Sinn<\/title>\n<meta name=\"description\" content=\"Parkm\u00f6glichkeiten | Spezialisierung auf die Abdichtung und den Schutz von Parkh\u00e4usern im weitesten Sinn\" \/>\n<meta name=\"robots\" content=\"index, follow, max-snippet:-1, max-image-preview:large, max-video-preview:-1\" \/>\n<link rel=\"canonical\" href=\"https:\/\/www.prokol.com\/de\/anwendungen\/wohnen-immobiliensektor\/parkmoeglichkeiten\/\" \/>\n<meta property=\"og:locale\" content=\"de_DE\" \/>\n<meta property=\"og:type\" content=\"article\" \/>\n<meta property=\"og:title\" content=\"Parkm\u00f6glichkeiten | Spezialisierung auf die Abdichtung und den Schutz von Parkh\u00e4usern im weitesten Sinn\" \/>\n<meta property=\"og:description\" content=\"Parkm\u00f6glichkeiten | Spezialisierung auf die Abdichtung und den Schutz von Parkh\u00e4usern im weitesten Sinn\" \/>\n<meta property=\"og:url\" content=\"https:\/\/www.prokol.com\/de\/anwendungen\/wohnen-immobiliensektor\/parkmoeglichkeiten\/\" \/>\n<meta property=\"og:site_name\" content=\"Prokol Protective Coatings\" \/>\n<meta property=\"article:modified_time\" content=\"2023-04-19T10:44:42+00:00\" \/>\n<meta name=\"twitter:card\" content=\"summary_large_image\" \/>\n<meta name=\"twitter:label1\" content=\"Gesch\u00e4tzte Lesezeit\" \/>\n\t<meta name=\"twitter:data1\" content=\"5\u00a0Minuten\" \/>\n<script type=\"application\/ld+json\" class=\"yoast-schema-graph\">{\"@context\":\"https:\/\/schema.org\",\"@graph\":[{\"@type\":\"WebPage\",\"@id\":\"https:\/\/www.prokol.com\/de\/anwendungen\/wohnen-immobiliensektor\/parkmoeglichkeiten\/\",\"url\":\"https:\/\/www.prokol.com\/de\/anwendungen\/wohnen-immobiliensektor\/parkmoeglichkeiten\/\",\"name\":\"Parkm\u00f6glichkeiten | Spezialisierung auf die Abdichtung und den Schutz von Parkh\u00e4usern im weitesten Sinn\",\"isPartOf\":{\"@id\":\"https:\/\/www.prokol.com\/de\/#website\"},\"datePublished\":\"2022-03-31T07:53:05+00:00\",\"dateModified\":\"2023-04-19T10:44:42+00:00\",\"description\":\"Parkm\u00f6glichkeiten | Spezialisierung auf die Abdichtung und den Schutz von Parkh\u00e4usern im weitesten Sinn\",\"breadcrumb\":{\"@id\":\"https:\/\/www.prokol.com\/de\/anwendungen\/wohnen-immobiliensektor\/parkmoeglichkeiten\/#breadcrumb\"},\"inLanguage\":\"de\",\"potentialAction\":[{\"@type\":\"ReadAction\",\"target\":[\"https:\/\/www.prokol.com\/de\/anwendungen\/wohnen-immobiliensektor\/parkmoeglichkeiten\/\"]}]},{\"@type\":\"BreadcrumbList\",\"@id\":\"https:\/\/www.prokol.com\/de\/anwendungen\/wohnen-immobiliensektor\/parkmoeglichkeiten\/#breadcrumb\",\"itemListElement\":[{\"@type\":\"ListItem\",\"position\":1,\"name\":\"Home\",\"item\":\"https:\/\/www.prokol.com\/de\/prokol-home-de\/\"},{\"@type\":\"ListItem\",\"position\":2,\"name\":\"Anwendungen\",\"item\":\"https:\/\/www.prokol.com\/de\/anwendungen\/\"},{\"@type\":\"ListItem\",\"position\":3,\"name\":\"Wohnen | Immobiliensektor\",\"item\":\"https:\/\/www.prokol.com\/de\/anwendungen\/wohnen-immobiliensektor\/\"},{\"@type\":\"ListItem\",\"position\":4,\"name\":\"Parkm\u00f6glichkeiten\"}]},{\"@type\":\"WebSite\",\"@id\":\"https:\/\/www.prokol.com\/de\/#website\",\"url\":\"https:\/\/www.prokol.com\/de\/\",\"name\":\"Prokol Protective Coatings\",\"description\":\"POLYUREA HOTSPRAY, GIETVLOEREN EN PARKEERGARAGE COATINGS, VLOEIBARE NAADLOZE KUNSTSTOFFEN\",\"potentialAction\":[{\"@type\":\"SearchAction\",\"target\":{\"@type\":\"EntryPoint\",\"urlTemplate\":\"https:\/\/www.prokol.com\/de\/?s={search_term_string}\"},\"query-input\":{\"@type\":\"PropertyValueSpecification\",\"valueRequired\":true,\"valueName\":\"search_term_string\"}}],\"inLanguage\":\"de\"}]}<\/script>\n<!-- \/ Yoast SEO plugin. -->","yoast_head_json":{"title":"Parkm\u00f6glichkeiten | Spezialisierung auf die Abdichtung und den Schutz von Parkh\u00e4usern im weitesten Sinn","description":"Parkm\u00f6glichkeiten | Spezialisierung auf die Abdichtung und den Schutz von Parkh\u00e4usern im weitesten Sinn","robots":{"index":"index","follow":"follow","max-snippet":"max-snippet:-1","max-image-preview":"max-image-preview:large","max-video-preview":"max-video-preview:-1"},"canonical":"https:\/\/www.prokol.com\/de\/anwendungen\/wohnen-immobiliensektor\/parkmoeglichkeiten\/","og_locale":"de_DE","og_type":"article","og_title":"Parkm\u00f6glichkeiten | Spezialisierung auf die Abdichtung und den Schutz von Parkh\u00e4usern im weitesten Sinn","og_description":"Parkm\u00f6glichkeiten | Spezialisierung auf die Abdichtung und den Schutz von Parkh\u00e4usern im weitesten Sinn","og_url":"https:\/\/www.prokol.com\/de\/anwendungen\/wohnen-immobiliensektor\/parkmoeglichkeiten\/","og_site_name":"Prokol Protective Coatings","article_modified_time":"2023-04-19T10:44:42+00:00","twitter_card":"summary_large_image","twitter_misc":{"Gesch\u00e4tzte Lesezeit":"5\u00a0Minuten"},"schema":{"@context":"https:\/\/schema.org","@graph":[{"@type":"WebPage","@id":"https:\/\/www.prokol.com\/de\/anwendungen\/wohnen-immobiliensektor\/parkmoeglichkeiten\/","url":"https:\/\/www.prokol.com\/de\/anwendungen\/wohnen-immobiliensektor\/parkmoeglichkeiten\/","name":"Parkm\u00f6glichkeiten | Spezialisierung auf die Abdichtung und den Schutz von Parkh\u00e4usern im weitesten Sinn","isPartOf":{"@id":"https:\/\/www.prokol.com\/de\/#website"},"datePublished":"2022-03-31T07:53:05+00:00","dateModified":"2023-04-19T10:44:42+00:00","description":"Parkm\u00f6glichkeiten | Spezialisierung auf die Abdichtung und den Schutz von Parkh\u00e4usern im weitesten Sinn","breadcrumb":{"@id":"https:\/\/www.prokol.com\/de\/anwendungen\/wohnen-immobiliensektor\/parkmoeglichkeiten\/#breadcrumb"},"inLanguage":"de","potentialAction":[{"@type":"ReadAction","target":["https:\/\/www.prokol.com\/de\/anwendungen\/wohnen-immobiliensektor\/parkmoeglichkeiten\/"]}]},{"@type":"BreadcrumbList","@id":"https:\/\/www.prokol.com\/de\/anwendungen\/wohnen-immobiliensektor\/parkmoeglichkeiten\/#breadcrumb","itemListElement":[{"@type":"ListItem","position":1,"name":"Home","item":"https:\/\/www.prokol.com\/de\/prokol-home-de\/"},{"@type":"ListItem","position":2,"name":"Anwendungen","item":"https:\/\/www.prokol.com\/de\/anwendungen\/"},{"@type":"ListItem","position":3,"name":"Wohnen | Immobiliensektor","item":"https:\/\/www.prokol.com\/de\/anwendungen\/wohnen-immobiliensektor\/"},{"@type":"ListItem","position":4,"name":"Parkm\u00f6glichkeiten"}]},{"@type":"WebSite","@id":"https:\/\/www.prokol.com\/de\/#website","url":"https:\/\/www.prokol.com\/de\/","name":"Prokol Protective Coatings","description":"POLYUREA HOTSPRAY, GIETVLOEREN EN PARKEERGARAGE COATINGS, VLOEIBARE NAADLOZE KUNSTSTOFFEN","potentialAction":[{"@type":"SearchAction","target":{"@type":"EntryPoint","urlTemplate":"https:\/\/www.prokol.com\/de\/?s={search_term_string}"},"query-input":{"@type":"PropertyValueSpecification","valueRequired":true,"valueName":"search_term_string"}}],"inLanguage":"de"}]}},"_links":{"self":[{"href":"https:\/\/www.prokol.com\/de\/wp-json\/wp\/v2\/pages\/19045","targetHints":{"allow":["GET"]}}],"collection":[{"href":"https:\/\/www.prokol.com\/de\/wp-json\/wp\/v2\/pages"}],"about":[{"href":"https:\/\/www.prokol.com\/de\/wp-json\/wp\/v2\/types\/page"}],"author":[{"embeddable":true,"href":"https:\/\/www.prokol.com\/de\/wp-json\/wp\/v2\/users\/1"}],"replies":[{"embeddable":true,"href":"https:\/\/www.prokol.com\/de\/wp-json\/wp\/v2\/comments?post=19045"}],"version-history":[{"count":4,"href":"https:\/\/www.prokol.com\/de\/wp-json\/wp\/v2\/pages\/19045\/revisions"}],"predecessor-version":[{"id":19196,"href":"https:\/\/www.prokol.com\/de\/wp-json\/wp\/v2\/pages\/19045\/revisions\/19196"}],"up":[{"embeddable":true,"href":"https:\/\/www.prokol.com\/de\/wp-json\/wp\/v2\/pages\/19305"}],"wp:attachment":[{"href":"https:\/\/www.prokol.com\/de\/wp-json\/wp\/v2\/media?parent=19045"}],"wp:term":[{"taxonomy":"post_tag","embeddable":true,"href":"https:\/\/www.prokol.com\/de\/wp-json\/wp\/v2\/tags?post=19045"}],"curies":[{"name":"wp","href":"https:\/\/api.w.org\/{rel}","templated":true}]}}