{"id":19052,"date":"2022-03-31T10:24:06","date_gmt":"2022-03-31T08:24:06","guid":{"rendered":"https:\/\/www.prokol.com\/treppenhaeuser\/"},"modified":"2023-04-19T12:44:44","modified_gmt":"2023-04-19T10:44:44","slug":"treppenhaeuser","status":"publish","type":"page","link":"https:\/\/www.prokol.com\/de\/anwendungen\/wohnen-immobiliensektor\/treppenhaeuser\/","title":{"rendered":"Treppenh\u00e4user"},"content":{"rendered":"<div id='full_slider_1'  class='avia-fullwidth-slider main_color avia-shadow   avia-builder-el-0  el_before_av_three_fifth  avia-builder-el-first  vervolgslide  container_wrap fullsize'  >\n<style type=\"text\/css\" data-created_by=\"avia_inline_auto\" id=\"style-css-av-k4179f0p-acede921c93825f4aeea30d99a7ef583\">\n#top #wrap_all .avia-slideshow .av-slideshow-caption.av-k4179f0p-acede921c93825f4aeea30d99a7ef583__0 .avia-caption-title{\nfont-size:50px;\n}\n#top .avia-slideshow .av-slideshow-caption.av-k4179f0p-acede921c93825f4aeea30d99a7ef583__0 .avia-caption-content{\nfont-size:18px;\n}\n#top .avia-slideshow .av-slideshow-caption.av-k4179f0p-acede921c93825f4aeea30d99a7ef583__0 .avia-caption-content p{\nfont-size:18px;\n}\n\n@media only screen and (min-width: 768px) and (max-width: 989px){ \n#top .avia-slideshow .av-slideshow-caption.av-k4179f0p-acede921c93825f4aeea30d99a7ef583__0 .avia-caption-content{\ndisplay:none;\n}\n#top .avia-slideshow .av-slideshow-caption.av-k4179f0p-acede921c93825f4aeea30d99a7ef583__0 .avia-caption-content p{\ndisplay:none;\n}\n}\n\n@media only screen and (min-width: 480px) and (max-width: 767px){ \n#top .avia-slideshow .av-slideshow-caption.av-k4179f0p-acede921c93825f4aeea30d99a7ef583__0 .avia-caption-content{\ndisplay:none;\n}\n#top .avia-slideshow .av-slideshow-caption.av-k4179f0p-acede921c93825f4aeea30d99a7ef583__0 .avia-caption-content p{\ndisplay:none;\n}\n}\n\n@media only screen and (max-width: 479px){ \n#top .avia-slideshow .av-slideshow-caption.av-k4179f0p-acede921c93825f4aeea30d99a7ef583__0 .avia-caption-content{\ndisplay:none;\n}\n#top .avia-slideshow .av-slideshow-caption.av-k4179f0p-acede921c93825f4aeea30d99a7ef583__0 .avia-caption-content p{\ndisplay:none;\n}\n}\n<\/style>\n<div  class='avia-slideshow av-k4179f0p-acede921c93825f4aeea30d99a7ef583 avia-slideshow-featured av_slideshow_full avia-fade-slider vervolgslide av-slideshow-ui av-control-minimal av-slideshow-autoplay av-loop-endless av-loop-manual-endless av-default-height-applied   avia-slideshow-1' data-slideshow-options=\"{&quot;animation&quot;:&quot;fade&quot;,&quot;autoplay&quot;:true,&quot;loop_autoplay&quot;:&quot;endless&quot;,&quot;interval&quot;:5,&quot;loop_manual&quot;:&quot;manual-endless&quot;,&quot;autoplay_stopper&quot;:false,&quot;noNavigation&quot;:false,&quot;bg_slider&quot;:false,&quot;keep_padding&quot;:false,&quot;hoverpause&quot;:false,&quot;show_slide_delay&quot;:0}\"  itemprop=\"image\" itemscope=\"itemscope\" itemtype=\"https:\/\/schema.org\/ImageObject\" ><ul class='avia-slideshow-inner ' style='padding-bottom: 28.666666666667%;'><li  class='avia-slideshow-slide av-k4179f0p-acede921c93825f4aeea30d99a7ef583__0  av-single-slide slide-1 slide-odd'><div data-rel='slideshow-1' class='avia-slide-wrap '   ><div class='av-slideshow-caption av-k4179f0p-acede921c93825f4aeea30d99a7ef583__0 caption_fullwidth caption_left'><div class=\"container caption_container\"><div class=\"slideshow_caption\"><div class=\"slideshow_inner_caption\"><div class=\"slideshow_align_caption\"><h2 class='avia-caption-title '  itemprop=\"name\" ><span style=\"color: #df4c23;\">-<\/span><br \/>\nTreppenh\u00e4user<\/h2><div class='avia-caption-content '  itemprop=\"description\" ><p>Beschichtungen f\u00fcr zus\u00e4tzlichen Halt in Treppenh\u00e4usern<\/p>\n<\/div><\/div><\/div><\/div><\/div><\/div><img decoding=\"async\" fetchpriority=\"high\" class=\"wp-image-10182 avia-img-lazy-loading-not-10182\"  src=\"https:\/\/www.prokol.com\/wp-content\/uploads\/Banner_Trappenhuizen-1500x430.jpg\" width=\"1500\" height=\"430\" title='Treppenh\u00e4user' alt=''  itemprop=\"thumbnailUrl\" srcset=\"https:\/\/www.prokol.com\/wp-content\/uploads\/Banner_Trappenhuizen.jpg 1500w, https:\/\/www.prokol.com\/wp-content\/uploads\/Banner_Trappenhuizen-600x172.jpg 600w, https:\/\/www.prokol.com\/wp-content\/uploads\/Banner_Trappenhuizen-300x86.jpg 300w, https:\/\/www.prokol.com\/wp-content\/uploads\/Banner_Trappenhuizen-1030x295.jpg 1030w, https:\/\/www.prokol.com\/wp-content\/uploads\/Banner_Trappenhuizen-768x220.jpg 768w, https:\/\/www.prokol.com\/wp-content\/uploads\/Banner_Trappenhuizen-705x202.jpg 705w, https:\/\/www.prokol.com\/wp-content\/uploads\/Banner_Trappenhuizen-24x7.jpg 24w, https:\/\/www.prokol.com\/wp-content\/uploads\/Banner_Trappenhuizen-36x10.jpg 36w, https:\/\/www.prokol.com\/wp-content\/uploads\/Banner_Trappenhuizen-48x14.jpg 48w\" sizes=\"(max-width: 1500px) 100vw, 1500px\" \/><div class='av-section-color-overlay' style='opacity: 0.5; background-image: url(https:\/\/www.prokol.com\/wp-content\/uploads\/2019\/12\/Overlay.png); background-repeat: repeat;'><\/div><\/div><\/li><\/ul><\/div><\/div><div id='after_full_slider_1'  class='main_color av_default_container_wrap container_wrap fullsize'  ><div class='container av-section-cont-open' ><div class='template-page content  av-content-full alpha units'><div class='post-entry post-entry-type-page post-entry-19052'><div class='entry-content-wrapper clearfix'>\n\n<style type=\"text\/css\" data-created_by=\"avia_inline_auto\" id=\"style-css-av-mir7d-076b1aa2e9a00ad00d5728ea181b7e4d\">\n.flex_column.av-mir7d-076b1aa2e9a00ad00d5728ea181b7e4d{\nborder-radius:0px 0px 0px 0px;\npadding:0px 0px 0px 0px;\n}\n<\/style>\n<div  class='flex_column av-mir7d-076b1aa2e9a00ad00d5728ea181b7e4d av_three_fifth  avia-builder-el-1  el_after_av_slideshow_full  el_before_av_two_fifth  avia-builder-el-first  first flex_column_div av-zero-column-padding  '     ><section  class='av_textblock_section av-kde9cj1t-733622bddd2480cffdd6c27dc22482a0 '   itemscope=\"itemscope\" itemtype=\"https:\/\/schema.org\/CreativeWork\" ><div class='avia_textblock'  itemprop=\"text\" ><p>Wenn man an ein Treppenhaus denkt, kommt einem oft das Bild einer tristen grauen Betonmasse in den Sinn. Ein Treppenhaus ist oft der einzige Raum, der Zugang zu einer Wohnung, einem B\u00fcro oder einem anderen Geb\u00e4ude bietet. Dies macht es nicht einfach, diese R\u00e4ume in einen freundlichen Raum zu verwandeln.<\/p>\n<h5>Farbenfrohes Ganzes<\/h5>\n<p>Die Produktpalette von Prokol umfasst eine Reihe von Produkten, mit denen sich ein Treppenhaus in kurzer Zeit in einen angenehmen Raum verwandeln l\u00e4sst. So k\u00f6nnen zum Beispiel Fu\u00dfb\u00f6den und Treppen mit einer schnell trocknenden, fugenlosen Oberfl\u00e4che versehen werden, und fast jede Farbe ist m\u00f6glich.<\/p>\n<h5>Feuerfestes Beschichtungssystem<\/h5>\n<p>Treppenh\u00e4user sind oft auch wichtige Fluchtwege. Daher ist es wichtig, dass sie im Falle eines Brandes leicht zug\u00e4nglich bleiben. Die Rauchentwicklung muss daher so weit wie m\u00f6glich verhindert werden. Prokol hat zu diesem Zweck ein Produkt namens Prokol FireGuard Pro 200 entwickelt, das von Warington Fire getestet wurde und die Brandklasse A2-s1,d0 aufweist. Diese Beschichtung kann sowohl auf B\u00f6den als auch auf W\u00e4nde aufgetragen werden. Das Produkt ist in RAL-Farben erh\u00e4ltlich, sehr verschlei\u00df- und kratzfest, absolut farbecht und kann auch in rutschhemmender Form hergestellt werden.<\/p>\n<h5>Hotspray-Technik<\/h5>\n<p>Manchmal kann es angenehm sein, Treppen so zu bearbeiten, dass sie mit Hochdruck gereinigt werden k\u00f6nnen. Eine gute L\u00f6sung hierf\u00fcr ist die Wahl einer nahtlos gespritzten Auskleidung auf der Basis von farbechtem Polyurea. Mit einer speziellen Spr\u00fchtechnik kann auch eine rutschhemmende Beschichtung aufgebracht werden.<\/p>\n<\/div><\/section><\/div>\n\n<style type=\"text\/css\" data-created_by=\"avia_inline_auto\" id=\"style-css-av-hgjsh-4ad6bf0d2fc62696990cb6c5e6302c63\">\n.flex_column.av-hgjsh-4ad6bf0d2fc62696990cb6c5e6302c63{\nborder-radius:0px 0px 0px 0px;\npadding:0px 0px 0px 0px;\n}\n<\/style>\n<div  class='flex_column av-hgjsh-4ad6bf0d2fc62696990cb6c5e6302c63 av_two_fifth  avia-builder-el-3  el_after_av_three_fifth  avia-builder-el-last  flex_column_div av-zero-column-padding  '     ><p>\n<style type=\"text\/css\" data-created_by=\"avia_inline_auto\" id=\"style-css-av-kde9de9x-855b65fbf3617a92a53a0b8163c5b446\">\n.avia-image-container.av-kde9de9x-855b65fbf3617a92a53a0b8163c5b446 img.avia_image{\nbox-shadow:none;\n}\n.avia-image-container.av-kde9de9x-855b65fbf3617a92a53a0b8163c5b446 .av-image-caption-overlay-center{\ncolor:#ffffff;\n}\n<\/style>\n<div  class='avia-image-container av-kde9de9x-855b65fbf3617a92a53a0b8163c5b446 av-styling- avia-align-left  avia-builder-el-4  el_before_av_image  avia-builder-el-first '   itemprop=\"image\" itemscope=\"itemscope\" itemtype=\"https:\/\/schema.org\/ImageObject\" ><div class=\"avia-image-container-inner\"><div class=\"avia-image-overlay-wrap\"><a href=\"https:\/\/www.prokol.com\/wp-content\/uploads\/Trappenhuizen_04-773x1030.jpg\" data-srcset=\"https:\/\/www.prokol.com\/wp-content\/uploads\/Trappenhuizen_04-773x1030.jpg 773w, https:\/\/www.prokol.com\/wp-content\/uploads\/Trappenhuizen_04-600x800.jpg 600w, https:\/\/www.prokol.com\/wp-content\/uploads\/Trappenhuizen_04-225x300.jpg 225w, https:\/\/www.prokol.com\/wp-content\/uploads\/Trappenhuizen_04-768x1024.jpg 768w, https:\/\/www.prokol.com\/wp-content\/uploads\/Trappenhuizen_04-1152x1536.jpg 1152w, https:\/\/www.prokol.com\/wp-content\/uploads\/Trappenhuizen_04-1125x1500.jpg 1125w, https:\/\/www.prokol.com\/wp-content\/uploads\/Trappenhuizen_04-529x705.jpg 529w, https:\/\/www.prokol.com\/wp-content\/uploads\/Trappenhuizen_04-18x24.jpg 18w, https:\/\/www.prokol.com\/wp-content\/uploads\/Trappenhuizen_04-27x36.jpg 27w, https:\/\/www.prokol.com\/wp-content\/uploads\/Trappenhuizen_04-36x48.jpg 36w, https:\/\/www.prokol.com\/wp-content\/uploads\/Trappenhuizen_04.jpg 1224w\" data-sizes=\"(max-width: 773px) 100vw, 773px\" class='avia_image'  aria-label='Treppenh\u00e4user'><img decoding=\"async\" fetchpriority=\"high\" class='wp-image-11698 avia-img-lazy-loading-not-11698 avia_image ' src=\"https:\/\/www.prokol.com\/wp-content\/uploads\/Trappenhuizen_04-180x180.jpg\" alt='' title='Treppenh\u00e4user'  height=\"180\" width=\"180\"  itemprop=\"thumbnailUrl\" srcset=\"https:\/\/www.prokol.com\/wp-content\/uploads\/Trappenhuizen_04-180x180.jpg 180w, https:\/\/www.prokol.com\/wp-content\/uploads\/Trappenhuizen_04-300x300.jpg 300w, https:\/\/www.prokol.com\/wp-content\/uploads\/Trappenhuizen_04-100x100.jpg 100w, https:\/\/www.prokol.com\/wp-content\/uploads\/Trappenhuizen_04-80x80.jpg 80w, https:\/\/www.prokol.com\/wp-content\/uploads\/Trappenhuizen_04-36x36.jpg 36w\" sizes=\"(max-width: 180px) 100vw, 180px\" \/><\/a><\/div><\/div><\/div><br \/>\n\n<style type=\"text\/css\" data-created_by=\"avia_inline_auto\" id=\"style-css-av-kde9de9x-17d81ae2195bf468812ab894aa844872\">\n.avia-image-container.av-kde9de9x-17d81ae2195bf468812ab894aa844872 img.avia_image{\nbox-shadow:none;\n}\n.avia-image-container.av-kde9de9x-17d81ae2195bf468812ab894aa844872 .av-image-caption-overlay-center{\ncolor:#ffffff;\n}\n<\/style>\n<div  class='avia-image-container av-kde9de9x-17d81ae2195bf468812ab894aa844872 av-styling- avia-align-left  avia-builder-el-5  el_after_av_image  el_before_av_image '   itemprop=\"image\" itemscope=\"itemscope\" itemtype=\"https:\/\/schema.org\/ImageObject\" ><div class=\"avia-image-container-inner\"><div class=\"avia-image-overlay-wrap\"><a href=\"https:\/\/www.prokol.com\/wp-content\/uploads\/Trappenhuizen_03-690x1030.jpg\" data-srcset=\"https:\/\/www.prokol.com\/wp-content\/uploads\/Trappenhuizen_03-690x1030.jpg 690w, https:\/\/www.prokol.com\/wp-content\/uploads\/Trappenhuizen_03-scaled-600x896.jpg 600w, https:\/\/www.prokol.com\/wp-content\/uploads\/Trappenhuizen_03-201x300.jpg 201w, https:\/\/www.prokol.com\/wp-content\/uploads\/Trappenhuizen_03-768x1147.jpg 768w, https:\/\/www.prokol.com\/wp-content\/uploads\/Trappenhuizen_03-1028x1536.jpg 1028w, https:\/\/www.prokol.com\/wp-content\/uploads\/Trappenhuizen_03-1371x2048.jpg 1371w, https:\/\/www.prokol.com\/wp-content\/uploads\/Trappenhuizen_03-1004x1500.jpg 1004w, https:\/\/www.prokol.com\/wp-content\/uploads\/Trappenhuizen_03-472x705.jpg 472w, https:\/\/www.prokol.com\/wp-content\/uploads\/Trappenhuizen_03-16x24.jpg 16w, https:\/\/www.prokol.com\/wp-content\/uploads\/Trappenhuizen_03-24x36.jpg 24w, https:\/\/www.prokol.com\/wp-content\/uploads\/Trappenhuizen_03-32x48.jpg 32w, https:\/\/www.prokol.com\/wp-content\/uploads\/Trappenhuizen_03-scaled.jpg 1714w\" data-sizes=\"(max-width: 690px) 100vw, 690px\" class='avia_image'  aria-label='Treppenh\u00e4user'><img decoding=\"async\" fetchpriority=\"high\" class='wp-image-11694 avia-img-lazy-loading-not-11694 avia_image ' src=\"https:\/\/www.prokol.com\/wp-content\/uploads\/Trappenhuizen_03-180x180.jpg\" alt='' title='Treppenh\u00e4user'  height=\"180\" width=\"180\"  itemprop=\"thumbnailUrl\" srcset=\"https:\/\/www.prokol.com\/wp-content\/uploads\/Trappenhuizen_03-180x180.jpg 180w, https:\/\/www.prokol.com\/wp-content\/uploads\/Trappenhuizen_03-scaled-300x300.jpg 300w, https:\/\/www.prokol.com\/wp-content\/uploads\/Trappenhuizen_03-scaled-100x100.jpg 100w, https:\/\/www.prokol.com\/wp-content\/uploads\/Trappenhuizen_03-80x80.jpg 80w, https:\/\/www.prokol.com\/wp-content\/uploads\/Trappenhuizen_03-36x36.jpg 36w\" sizes=\"(max-width: 180px) 100vw, 180px\" \/><\/a><\/div><\/div><\/div><br \/>\n\n<style type=\"text\/css\" data-created_by=\"avia_inline_auto\" id=\"style-css-av-kde9de9x-08788d58d4d61f1043b9cb4b19f7157c\">\n.avia-image-container.av-kde9de9x-08788d58d4d61f1043b9cb4b19f7157c img.avia_image{\nbox-shadow:none;\n}\n.avia-image-container.av-kde9de9x-08788d58d4d61f1043b9cb4b19f7157c .av-image-caption-overlay-center{\ncolor:#ffffff;\n}\n<\/style>\n<div  class='avia-image-container av-kde9de9x-08788d58d4d61f1043b9cb4b19f7157c av-styling- avia-align-left  avia-builder-el-6  el_after_av_image  el_before_av_image '   itemprop=\"image\" itemscope=\"itemscope\" itemtype=\"https:\/\/schema.org\/ImageObject\" ><div class=\"avia-image-container-inner\"><div class=\"avia-image-overlay-wrap\"><a href=\"https:\/\/www.prokol.com\/wp-content\/uploads\/Trappenhuizen_02-690x1030.jpg\" data-srcset=\"https:\/\/www.prokol.com\/wp-content\/uploads\/Trappenhuizen_02-690x1030.jpg 690w, https:\/\/www.prokol.com\/wp-content\/uploads\/Trappenhuizen_02-scaled-600x896.jpg 600w, https:\/\/www.prokol.com\/wp-content\/uploads\/Trappenhuizen_02-201x300.jpg 201w, https:\/\/www.prokol.com\/wp-content\/uploads\/Trappenhuizen_02-768x1147.jpg 768w, https:\/\/www.prokol.com\/wp-content\/uploads\/Trappenhuizen_02-1028x1536.jpg 1028w, https:\/\/www.prokol.com\/wp-content\/uploads\/Trappenhuizen_02-1371x2048.jpg 1371w, https:\/\/www.prokol.com\/wp-content\/uploads\/Trappenhuizen_02-1004x1500.jpg 1004w, https:\/\/www.prokol.com\/wp-content\/uploads\/Trappenhuizen_02-472x705.jpg 472w, https:\/\/www.prokol.com\/wp-content\/uploads\/Trappenhuizen_02-16x24.jpg 16w, https:\/\/www.prokol.com\/wp-content\/uploads\/Trappenhuizen_02-24x36.jpg 24w, https:\/\/www.prokol.com\/wp-content\/uploads\/Trappenhuizen_02-32x48.jpg 32w, https:\/\/www.prokol.com\/wp-content\/uploads\/Trappenhuizen_02-scaled.jpg 1714w\" data-sizes=\"(max-width: 690px) 100vw, 690px\" class='avia_image'  aria-label='Treppenh\u00e4user'><img decoding=\"async\" fetchpriority=\"high\" class='wp-image-11690 avia-img-lazy-loading-not-11690 avia_image ' src=\"https:\/\/www.prokol.com\/wp-content\/uploads\/Trappenhuizen_02-180x180.jpg\" alt='' title='Treppenh\u00e4user'  height=\"180\" width=\"180\"  itemprop=\"thumbnailUrl\" srcset=\"https:\/\/www.prokol.com\/wp-content\/uploads\/Trappenhuizen_02-180x180.jpg 180w, https:\/\/www.prokol.com\/wp-content\/uploads\/Trappenhuizen_02-scaled-300x300.jpg 300w, https:\/\/www.prokol.com\/wp-content\/uploads\/Trappenhuizen_02-scaled-100x100.jpg 100w, https:\/\/www.prokol.com\/wp-content\/uploads\/Trappenhuizen_02-80x80.jpg 80w, https:\/\/www.prokol.com\/wp-content\/uploads\/Trappenhuizen_02-36x36.jpg 36w\" sizes=\"(max-width: 180px) 100vw, 180px\" \/><\/a><\/div><\/div><\/div><br \/>\n\n<style type=\"text\/css\" data-created_by=\"avia_inline_auto\" id=\"style-css-av-kde9de9x-674caa04cd3ea9285cf8586d32dd187a\">\n.avia-image-container.av-kde9de9x-674caa04cd3ea9285cf8586d32dd187a img.avia_image{\nbox-shadow:none;\n}\n.avia-image-container.av-kde9de9x-674caa04cd3ea9285cf8586d32dd187a .av-image-caption-overlay-center{\ncolor:#ffffff;\n}\n<\/style>\n<div  class='avia-image-container av-kde9de9x-674caa04cd3ea9285cf8586d32dd187a av-styling- avia-align-left  avia-builder-el-7  el_after_av_image  avia-builder-el-last '   itemprop=\"image\" itemscope=\"itemscope\" itemtype=\"https:\/\/schema.org\/ImageObject\" ><div class=\"avia-image-container-inner\"><div class=\"avia-image-overlay-wrap\"><a href=\"https:\/\/www.prokol.com\/wp-content\/uploads\/Trappenhuizen_01-773x1030.jpg\" data-srcset=\"https:\/\/www.prokol.com\/wp-content\/uploads\/Trappenhuizen_01-773x1030.jpg 773w, https:\/\/www.prokol.com\/wp-content\/uploads\/Trappenhuizen_01-scaled-600x800.jpg 600w, https:\/\/www.prokol.com\/wp-content\/uploads\/Trappenhuizen_01-225x300.jpg 225w, https:\/\/www.prokol.com\/wp-content\/uploads\/Trappenhuizen_01-768x1024.jpg 768w, https:\/\/www.prokol.com\/wp-content\/uploads\/Trappenhuizen_01-1152x1536.jpg 1152w, https:\/\/www.prokol.com\/wp-content\/uploads\/Trappenhuizen_01-1536x2048.jpg 1536w, https:\/\/www.prokol.com\/wp-content\/uploads\/Trappenhuizen_01-1125x1500.jpg 1125w, https:\/\/www.prokol.com\/wp-content\/uploads\/Trappenhuizen_01-529x705.jpg 529w, https:\/\/www.prokol.com\/wp-content\/uploads\/Trappenhuizen_01-18x24.jpg 18w, https:\/\/www.prokol.com\/wp-content\/uploads\/Trappenhuizen_01-27x36.jpg 27w, https:\/\/www.prokol.com\/wp-content\/uploads\/Trappenhuizen_01-36x48.jpg 36w, https:\/\/www.prokol.com\/wp-content\/uploads\/Trappenhuizen_01-scaled.jpg 1920w\" data-sizes=\"(max-width: 773px) 100vw, 773px\" class='avia_image'  aria-label='Treppenh\u00e4user'><img decoding=\"async\" fetchpriority=\"high\" class='wp-image-11686 avia-img-lazy-loading-not-11686 avia_image ' src=\"https:\/\/www.prokol.com\/wp-content\/uploads\/Trappenhuizen_01-180x180.jpg\" alt='' title='Treppenh\u00e4user'  height=\"180\" width=\"180\"  itemprop=\"thumbnailUrl\" srcset=\"https:\/\/www.prokol.com\/wp-content\/uploads\/Trappenhuizen_01-180x180.jpg 180w, https:\/\/www.prokol.com\/wp-content\/uploads\/Trappenhuizen_01-scaled-300x300.jpg 300w, https:\/\/www.prokol.com\/wp-content\/uploads\/Trappenhuizen_01-scaled-100x100.jpg 100w, https:\/\/www.prokol.com\/wp-content\/uploads\/Trappenhuizen_01-80x80.jpg 80w, https:\/\/www.prokol.com\/wp-content\/uploads\/Trappenhuizen_01-36x36.jpg 36w\" sizes=\"(max-width: 180px) 100vw, 180px\" \/><\/a><\/div><\/div><\/div><\/p><\/div>\n","protected":false},"excerpt":{"rendered":"","protected":false},"author":1,"featured_media":0,"parent":19305,"menu_order":0,"comment_status":"closed","ping_status":"closed","template":"","meta":{"inline_featured_image":false,"footnotes":""},"tags":[],"class_list":["post-19052","page","type-page","status-publish","hentry"],"yoast_head":"<!-- This site is optimized with the Yoast SEO plugin v27.2 - https:\/\/yoast.com\/product\/yoast-seo-wordpress\/ -->\n<title>Treppenh\u00e4user | Beschichtungen f\u00fcr zus\u00e4tzlichen Halt in Treppenh\u00e4usern<\/title>\n<meta name=\"description\" content=\"Treppenh\u00e4user | Beschichtungen f\u00fcr zus\u00e4tzlichen Halt in Treppenh\u00e4usern\" \/>\n<meta name=\"robots\" content=\"index, follow, max-snippet:-1, max-image-preview:large, max-video-preview:-1\" \/>\n<link rel=\"canonical\" href=\"https:\/\/www.prokol.com\/de\/anwendungen\/wohnen-immobiliensektor\/treppenhaeuser\/\" \/>\n<meta property=\"og:locale\" content=\"de_DE\" \/>\n<meta property=\"og:type\" content=\"article\" \/>\n<meta property=\"og:title\" content=\"Treppenh\u00e4user | Beschichtungen f\u00fcr zus\u00e4tzlichen Halt in Treppenh\u00e4usern\" \/>\n<meta property=\"og:description\" content=\"Treppenh\u00e4user | Beschichtungen f\u00fcr zus\u00e4tzlichen Halt in Treppenh\u00e4usern\" \/>\n<meta property=\"og:url\" content=\"https:\/\/www.prokol.com\/de\/anwendungen\/wohnen-immobiliensektor\/treppenhaeuser\/\" \/>\n<meta property=\"og:site_name\" content=\"Prokol Protective Coatings\" \/>\n<meta property=\"article:modified_time\" content=\"2023-04-19T10:44:44+00:00\" \/>\n<meta name=\"twitter:card\" content=\"summary_large_image\" \/>\n<meta name=\"twitter:label1\" content=\"Gesch\u00e4tzte Lesezeit\" \/>\n\t<meta name=\"twitter:data1\" content=\"5\u00a0Minuten\" \/>\n<script type=\"application\/ld+json\" class=\"yoast-schema-graph\">{\"@context\":\"https:\/\/schema.org\",\"@graph\":[{\"@type\":\"WebPage\",\"@id\":\"https:\/\/www.prokol.com\/de\/anwendungen\/wohnen-immobiliensektor\/treppenhaeuser\/\",\"url\":\"https:\/\/www.prokol.com\/de\/anwendungen\/wohnen-immobiliensektor\/treppenhaeuser\/\",\"name\":\"Treppenh\u00e4user | Beschichtungen f\u00fcr zus\u00e4tzlichen Halt in Treppenh\u00e4usern\",\"isPartOf\":{\"@id\":\"https:\/\/www.prokol.com\/de\/#website\"},\"datePublished\":\"2022-03-31T08:24:06+00:00\",\"dateModified\":\"2023-04-19T10:44:44+00:00\",\"description\":\"Treppenh\u00e4user | Beschichtungen f\u00fcr zus\u00e4tzlichen Halt in Treppenh\u00e4usern\",\"breadcrumb\":{\"@id\":\"https:\/\/www.prokol.com\/de\/anwendungen\/wohnen-immobiliensektor\/treppenhaeuser\/#breadcrumb\"},\"inLanguage\":\"de\",\"potentialAction\":[{\"@type\":\"ReadAction\",\"target\":[\"https:\/\/www.prokol.com\/de\/anwendungen\/wohnen-immobiliensektor\/treppenhaeuser\/\"]}]},{\"@type\":\"BreadcrumbList\",\"@id\":\"https:\/\/www.prokol.com\/de\/anwendungen\/wohnen-immobiliensektor\/treppenhaeuser\/#breadcrumb\",\"itemListElement\":[{\"@type\":\"ListItem\",\"position\":1,\"name\":\"Home\",\"item\":\"https:\/\/www.prokol.com\/de\/prokol-home-de\/\"},{\"@type\":\"ListItem\",\"position\":2,\"name\":\"Anwendungen\",\"item\":\"https:\/\/www.prokol.com\/de\/anwendungen\/\"},{\"@type\":\"ListItem\",\"position\":3,\"name\":\"Wohnen | Immobiliensektor\",\"item\":\"https:\/\/www.prokol.com\/de\/anwendungen\/wohnen-immobiliensektor\/\"},{\"@type\":\"ListItem\",\"position\":4,\"name\":\"Treppenh\u00e4user\"}]},{\"@type\":\"WebSite\",\"@id\":\"https:\/\/www.prokol.com\/de\/#website\",\"url\":\"https:\/\/www.prokol.com\/de\/\",\"name\":\"Prokol Protective Coatings\",\"description\":\"POLYUREA HOTSPRAY, GIETVLOEREN EN PARKEERGARAGE COATINGS, VLOEIBARE NAADLOZE KUNSTSTOFFEN\",\"potentialAction\":[{\"@type\":\"SearchAction\",\"target\":{\"@type\":\"EntryPoint\",\"urlTemplate\":\"https:\/\/www.prokol.com\/de\/?s={search_term_string}\"},\"query-input\":{\"@type\":\"PropertyValueSpecification\",\"valueRequired\":true,\"valueName\":\"search_term_string\"}}],\"inLanguage\":\"de\"}]}<\/script>\n<!-- \/ Yoast SEO plugin. -->","yoast_head_json":{"title":"Treppenh\u00e4user | Beschichtungen f\u00fcr zus\u00e4tzlichen Halt in Treppenh\u00e4usern","description":"Treppenh\u00e4user | Beschichtungen f\u00fcr zus\u00e4tzlichen Halt in Treppenh\u00e4usern","robots":{"index":"index","follow":"follow","max-snippet":"max-snippet:-1","max-image-preview":"max-image-preview:large","max-video-preview":"max-video-preview:-1"},"canonical":"https:\/\/www.prokol.com\/de\/anwendungen\/wohnen-immobiliensektor\/treppenhaeuser\/","og_locale":"de_DE","og_type":"article","og_title":"Treppenh\u00e4user | Beschichtungen f\u00fcr zus\u00e4tzlichen Halt in Treppenh\u00e4usern","og_description":"Treppenh\u00e4user | Beschichtungen f\u00fcr zus\u00e4tzlichen Halt in Treppenh\u00e4usern","og_url":"https:\/\/www.prokol.com\/de\/anwendungen\/wohnen-immobiliensektor\/treppenhaeuser\/","og_site_name":"Prokol Protective Coatings","article_modified_time":"2023-04-19T10:44:44+00:00","twitter_card":"summary_large_image","twitter_misc":{"Gesch\u00e4tzte Lesezeit":"5\u00a0Minuten"},"schema":{"@context":"https:\/\/schema.org","@graph":[{"@type":"WebPage","@id":"https:\/\/www.prokol.com\/de\/anwendungen\/wohnen-immobiliensektor\/treppenhaeuser\/","url":"https:\/\/www.prokol.com\/de\/anwendungen\/wohnen-immobiliensektor\/treppenhaeuser\/","name":"Treppenh\u00e4user | Beschichtungen f\u00fcr zus\u00e4tzlichen Halt in Treppenh\u00e4usern","isPartOf":{"@id":"https:\/\/www.prokol.com\/de\/#website"},"datePublished":"2022-03-31T08:24:06+00:00","dateModified":"2023-04-19T10:44:44+00:00","description":"Treppenh\u00e4user | Beschichtungen f\u00fcr zus\u00e4tzlichen Halt in Treppenh\u00e4usern","breadcrumb":{"@id":"https:\/\/www.prokol.com\/de\/anwendungen\/wohnen-immobiliensektor\/treppenhaeuser\/#breadcrumb"},"inLanguage":"de","potentialAction":[{"@type":"ReadAction","target":["https:\/\/www.prokol.com\/de\/anwendungen\/wohnen-immobiliensektor\/treppenhaeuser\/"]}]},{"@type":"BreadcrumbList","@id":"https:\/\/www.prokol.com\/de\/anwendungen\/wohnen-immobiliensektor\/treppenhaeuser\/#breadcrumb","itemListElement":[{"@type":"ListItem","position":1,"name":"Home","item":"https:\/\/www.prokol.com\/de\/prokol-home-de\/"},{"@type":"ListItem","position":2,"name":"Anwendungen","item":"https:\/\/www.prokol.com\/de\/anwendungen\/"},{"@type":"ListItem","position":3,"name":"Wohnen | Immobiliensektor","item":"https:\/\/www.prokol.com\/de\/anwendungen\/wohnen-immobiliensektor\/"},{"@type":"ListItem","position":4,"name":"Treppenh\u00e4user"}]},{"@type":"WebSite","@id":"https:\/\/www.prokol.com\/de\/#website","url":"https:\/\/www.prokol.com\/de\/","name":"Prokol Protective Coatings","description":"POLYUREA HOTSPRAY, GIETVLOEREN EN PARKEERGARAGE COATINGS, VLOEIBARE NAADLOZE KUNSTSTOFFEN","potentialAction":[{"@type":"SearchAction","target":{"@type":"EntryPoint","urlTemplate":"https:\/\/www.prokol.com\/de\/?s={search_term_string}"},"query-input":{"@type":"PropertyValueSpecification","valueRequired":true,"valueName":"search_term_string"}}],"inLanguage":"de"}]}},"_links":{"self":[{"href":"https:\/\/www.prokol.com\/de\/wp-json\/wp\/v2\/pages\/19052","targetHints":{"allow":["GET"]}}],"collection":[{"href":"https:\/\/www.prokol.com\/de\/wp-json\/wp\/v2\/pages"}],"about":[{"href":"https:\/\/www.prokol.com\/de\/wp-json\/wp\/v2\/types\/page"}],"author":[{"embeddable":true,"href":"https:\/\/www.prokol.com\/de\/wp-json\/wp\/v2\/users\/1"}],"replies":[{"embeddable":true,"href":"https:\/\/www.prokol.com\/de\/wp-json\/wp\/v2\/comments?post=19052"}],"version-history":[{"count":3,"href":"https:\/\/www.prokol.com\/de\/wp-json\/wp\/v2\/pages\/19052\/revisions"}],"predecessor-version":[{"id":19214,"href":"https:\/\/www.prokol.com\/de\/wp-json\/wp\/v2\/pages\/19052\/revisions\/19214"}],"up":[{"embeddable":true,"href":"https:\/\/www.prokol.com\/de\/wp-json\/wp\/v2\/pages\/19305"}],"wp:attachment":[{"href":"https:\/\/www.prokol.com\/de\/wp-json\/wp\/v2\/media?parent=19052"}],"wp:term":[{"taxonomy":"post_tag","embeddable":true,"href":"https:\/\/www.prokol.com\/de\/wp-json\/wp\/v2\/tags?post=19052"}],"curies":[{"name":"wp","href":"https:\/\/api.w.org\/{rel}","templated":true}]}}