{"id":19055,"date":"2022-03-31T10:26:16","date_gmt":"2022-03-31T08:26:16","guid":{"rendered":"https:\/\/www.prokol.com\/hausflure\/"},"modified":"2023-04-19T12:44:41","modified_gmt":"2023-04-19T10:44:41","slug":"hausflure","status":"publish","type":"page","link":"https:\/\/www.prokol.com\/de\/anwendungen\/wohnen-immobiliensektor\/hausflure\/","title":{"rendered":"Hausflure"},"content":{"rendered":"<div id='full_slider_1'  class='avia-fullwidth-slider main_color avia-shadow   avia-builder-el-0  el_before_av_three_fifth  avia-builder-el-first  vervolgslide  container_wrap fullsize'  >\n<style type=\"text\/css\" data-created_by=\"avia_inline_auto\" id=\"style-css-av-k4179f0p-acede921c93825f4aeea30d99a7ef583\">\n#top #wrap_all .avia-slideshow .av-slideshow-caption.av-k4179f0p-acede921c93825f4aeea30d99a7ef583__0 .avia-caption-title{\nfont-size:50px;\n}\n#top .avia-slideshow .av-slideshow-caption.av-k4179f0p-acede921c93825f4aeea30d99a7ef583__0 .avia-caption-content{\nfont-size:18px;\n}\n#top .avia-slideshow .av-slideshow-caption.av-k4179f0p-acede921c93825f4aeea30d99a7ef583__0 .avia-caption-content p{\nfont-size:18px;\n}\n\n@media only screen and (min-width: 768px) and (max-width: 989px){ \n#top .avia-slideshow .av-slideshow-caption.av-k4179f0p-acede921c93825f4aeea30d99a7ef583__0 .avia-caption-content{\ndisplay:none;\n}\n#top .avia-slideshow .av-slideshow-caption.av-k4179f0p-acede921c93825f4aeea30d99a7ef583__0 .avia-caption-content p{\ndisplay:none;\n}\n}\n\n@media only screen and (min-width: 480px) and (max-width: 767px){ \n#top .avia-slideshow .av-slideshow-caption.av-k4179f0p-acede921c93825f4aeea30d99a7ef583__0 .avia-caption-content{\ndisplay:none;\n}\n#top .avia-slideshow .av-slideshow-caption.av-k4179f0p-acede921c93825f4aeea30d99a7ef583__0 .avia-caption-content p{\ndisplay:none;\n}\n}\n\n@media only screen and (max-width: 479px){ \n#top .avia-slideshow .av-slideshow-caption.av-k4179f0p-acede921c93825f4aeea30d99a7ef583__0 .avia-caption-content{\ndisplay:none;\n}\n#top .avia-slideshow .av-slideshow-caption.av-k4179f0p-acede921c93825f4aeea30d99a7ef583__0 .avia-caption-content p{\ndisplay:none;\n}\n}\n<\/style>\n<div  class='avia-slideshow av-k4179f0p-acede921c93825f4aeea30d99a7ef583 avia-slideshow-featured av_slideshow_full avia-fade-slider vervolgslide av-slideshow-ui av-control-minimal av-slideshow-autoplay av-loop-endless av-loop-manual-endless av-default-height-applied   avia-slideshow-1' data-slideshow-options=\"{&quot;animation&quot;:&quot;fade&quot;,&quot;autoplay&quot;:true,&quot;loop_autoplay&quot;:&quot;endless&quot;,&quot;interval&quot;:5,&quot;loop_manual&quot;:&quot;manual-endless&quot;,&quot;autoplay_stopper&quot;:false,&quot;noNavigation&quot;:false,&quot;bg_slider&quot;:false,&quot;keep_padding&quot;:false,&quot;hoverpause&quot;:false,&quot;show_slide_delay&quot;:0}\"  itemprop=\"image\" itemscope=\"itemscope\" itemtype=\"https:\/\/schema.org\/ImageObject\" ><ul class='avia-slideshow-inner ' style='padding-bottom: 28.666666666667%;'><li  class='avia-slideshow-slide av-k4179f0p-acede921c93825f4aeea30d99a7ef583__0  av-single-slide slide-1 slide-odd'><div data-rel='slideshow-1' class='avia-slide-wrap '   ><div class='av-slideshow-caption av-k4179f0p-acede921c93825f4aeea30d99a7ef583__0 caption_fullwidth caption_left'><div class=\"container caption_container\"><div class=\"slideshow_caption\"><div class=\"slideshow_inner_caption\"><div class=\"slideshow_align_caption\"><h2 class='avia-caption-title '  itemprop=\"name\" ><span style=\"color: #df4c23;\">-<\/span><br \/>\nHausflure<\/h2><div class='avia-caption-content '  itemprop=\"description\" ><p>Gussb\u00f6den von h\u00f6chster Qualit\u00e4t, basierend auf 25 Jahren Erfahrung<\/p>\n<\/div><\/div><\/div><\/div><\/div><\/div><img decoding=\"async\" fetchpriority=\"high\" class=\"wp-image-9939 avia-img-lazy-loading-not-9939\"  src=\"https:\/\/www.prokol.com\/wp-content\/uploads\/Banner_woonvloerenkopie-1500x430.jpg\" width=\"1500\" height=\"430\" title='Hausflure' alt=''  itemprop=\"thumbnailUrl\" srcset=\"https:\/\/www.prokol.com\/wp-content\/uploads\/Banner_woonvloerenkopie.jpg 1500w, https:\/\/www.prokol.com\/wp-content\/uploads\/Banner_woonvloerenkopie-600x172.jpg 600w, https:\/\/www.prokol.com\/wp-content\/uploads\/Banner_woonvloerenkopie-300x86.jpg 300w, https:\/\/www.prokol.com\/wp-content\/uploads\/Banner_woonvloerenkopie-1030x295.jpg 1030w, https:\/\/www.prokol.com\/wp-content\/uploads\/Banner_woonvloerenkopie-768x220.jpg 768w, https:\/\/www.prokol.com\/wp-content\/uploads\/Banner_woonvloerenkopie-705x202.jpg 705w, https:\/\/www.prokol.com\/wp-content\/uploads\/Banner_woonvloerenkopie-24x7.jpg 24w, https:\/\/www.prokol.com\/wp-content\/uploads\/Banner_woonvloerenkopie-36x10.jpg 36w, https:\/\/www.prokol.com\/wp-content\/uploads\/Banner_woonvloerenkopie-48x14.jpg 48w\" sizes=\"(max-width: 1500px) 100vw, 1500px\" \/><div class='av-section-color-overlay' style='opacity: 0.5; background-image: url(https:\/\/www.prokol.com\/wp-content\/uploads\/2019\/12\/Overlay.png); background-repeat: repeat;'><\/div><\/div><\/li><\/ul><\/div><\/div><div id='after_full_slider_1'  class='main_color av_default_container_wrap container_wrap fullsize'  ><div class='container av-section-cont-open' ><div class='template-page content  av-content-full alpha units'><div class='post-entry post-entry-type-page post-entry-19055'><div class='entry-content-wrapper clearfix'>\n\n<style type=\"text\/css\" data-created_by=\"avia_inline_auto\" id=\"style-css-av-mir7d-076b1aa2e9a00ad00d5728ea181b7e4d\">\n.flex_column.av-mir7d-076b1aa2e9a00ad00d5728ea181b7e4d{\nborder-radius:0px 0px 0px 0px;\npadding:0px 0px 0px 0px;\n}\n<\/style>\n<div  class='flex_column av-mir7d-076b1aa2e9a00ad00d5728ea181b7e4d av_three_fifth  avia-builder-el-1  el_after_av_slideshow_full  el_before_av_two_fifth  avia-builder-el-first  first flex_column_div av-zero-column-padding  '     ><section  class='av_textblock_section av-kde9cj1t-733622bddd2480cffdd6c27dc22482a0 '   itemscope=\"itemscope\" itemtype=\"https:\/\/schema.org\/CreativeWork\" ><div class='avia_textblock'  itemprop=\"text\" ><h5>Von einem Haus zu einem Zuhause<\/h5>\n<p>Wenn Sie Ihr Haus betreten, m\u00f6chten Sie wahrscheinlich das Gef\u00fchl haben, \u201enach Hause zu kommen\u201c. Das Gef\u00fchl, dass Ihr Haus Sie umarmt und Sie willkommen hei\u00dft. Der Fu\u00dfboden in Ihrer Wohnung ist die Basis, auf der sich alles abspielt. Sie stellen Ihre M\u00f6bel und Einrichtungsgegenst\u00e4nde darauf, um Ihre eigene Atmosph\u00e4re zu schaffen.<\/p>\n<h5>Nat\u00fcrliche Rohstoffe<\/h5>\n<p>Unsere Gussb\u00f6den basieren meist auf hochwertigen sogenannten \u201enachwachsenden emissionsfreien Polyurethanen\u201c oder nat\u00fcrlichen Rohstoffen. Dieses Material ist die ideale Grundlage f\u00fcr die Verlegung eines Kunststoffbodens mit maximalem Komfort.<br \/>\nProkol liefert zwei Arten von synthetischen Polyurethan-Bodenbel\u00e4gen:<\/p>\n<ul>\n<li>Aromatische Polyurethane; diese verf\u00e4rben sich unter dem Einfluss von UV-Licht.<\/li>\n<li>Aliphatische Polyurethane; diese verf\u00e4rben sich nicht unter dem Einfluss von UV-Licht.<\/li>\n<\/ul>\n<h5>Die perfekte Basis<\/h5>\n<p>Wir sind \u00fcberzeugt, dass unser Gussboden die perfekte Grundlage f\u00fcr Ihr Zuhause ist. Es ist wichtig, dass Sie bei Ihrer Wahl gut beraten werden. Als Hersteller von selbstnivellierenden B\u00f6den ist dies in unserem Interesse. Es ist wichtig zu wissen, dass Prokol die Verlegung von Kunststoffb\u00f6den nicht selbst vornimmt. Wir arbeiten mit spezialisierten Unternehmen in diesem Bereich zusammen. Selbstverst\u00e4ndlich stellt Prokol gerne den Kontakt zu diesen Spezialisten her.<\/p>\n<p>Eigenschaften eines Polyurethan-Gussbodens:<\/p>\n<ul>\n<li>Nahtlos und dekorativ<\/li>\n<li>F\u00fchlt sich warm an und hat einen \u201eSoft-Touch-Effekt\u201c<\/li>\n<li>Leicht zu pflegen<\/li>\n<li>Praktisch jede Farbe m\u00f6glich<\/li>\n<li>Sehr gut geeignet f\u00fcr Allergiker<\/li>\n<li>Best\u00e4ndig gegen verschiedene Haushaltschemikalien<\/li>\n<li>Geeignet f\u00fcr fast alle Untergr\u00fcnde<\/li>\n<li>Geeignet f\u00fcr Fu\u00dfbodenheizung<\/li>\n<li>Tr\u00e4gt nicht zur Brandausbreitung bei<\/li>\n<li>Rutschhemmend (falls f\u00fcr Nassbereiche erforderlich)<\/li>\n<li>Durchgef\u00e4rbt<\/li>\n<\/ul>\n<\/div><\/section><\/div>\n\n<style type=\"text\/css\" data-created_by=\"avia_inline_auto\" id=\"style-css-av-hgjsh-4ad6bf0d2fc62696990cb6c5e6302c63\">\n.flex_column.av-hgjsh-4ad6bf0d2fc62696990cb6c5e6302c63{\nborder-radius:0px 0px 0px 0px;\npadding:0px 0px 0px 0px;\n}\n<\/style>\n<div  class='flex_column av-hgjsh-4ad6bf0d2fc62696990cb6c5e6302c63 av_two_fifth  avia-builder-el-3  el_after_av_three_fifth  avia-builder-el-last  flex_column_div av-zero-column-padding  '     ><p>\n<style type=\"text\/css\" data-created_by=\"avia_inline_auto\" id=\"style-css-av-kde9de9x-17390106fca058604ca58372491e11c9\">\n.avia-image-container.av-kde9de9x-17390106fca058604ca58372491e11c9 img.avia_image{\nbox-shadow:none;\n}\n.avia-image-container.av-kde9de9x-17390106fca058604ca58372491e11c9 .av-image-caption-overlay-center{\ncolor:#ffffff;\n}\n<\/style>\n<div  class='avia-image-container av-kde9de9x-17390106fca058604ca58372491e11c9 av-styling- avia-align-left  avia-builder-el-4  el_before_av_image  avia-builder-el-first '   itemprop=\"image\" itemscope=\"itemscope\" itemtype=\"https:\/\/schema.org\/ImageObject\" ><div class=\"avia-image-container-inner\"><div class=\"avia-image-overlay-wrap\"><a href=\"https:\/\/www.prokol.com\/wp-content\/uploads\/Woonvloeren_03-1030x773.jpg\" data-srcset=\"https:\/\/www.prokol.com\/wp-content\/uploads\/Woonvloeren_03-1030x773.jpg 1030w, https:\/\/www.prokol.com\/wp-content\/uploads\/Woonvloeren_03-scaled-600x450.jpg 600w, https:\/\/www.prokol.com\/wp-content\/uploads\/Woonvloeren_03-300x225.jpg 300w, https:\/\/www.prokol.com\/wp-content\/uploads\/Woonvloeren_03-768x576.jpg 768w, https:\/\/www.prokol.com\/wp-content\/uploads\/Woonvloeren_03-1536x1152.jpg 1536w, https:\/\/www.prokol.com\/wp-content\/uploads\/Woonvloeren_03-2048x1536.jpg 2048w, https:\/\/www.prokol.com\/wp-content\/uploads\/Woonvloeren_03-1500x1125.jpg 1500w, https:\/\/www.prokol.com\/wp-content\/uploads\/Woonvloeren_03-705x529.jpg 705w, https:\/\/www.prokol.com\/wp-content\/uploads\/Woonvloeren_03-24x18.jpg 24w, https:\/\/www.prokol.com\/wp-content\/uploads\/Woonvloeren_03-36x27.jpg 36w, https:\/\/www.prokol.com\/wp-content\/uploads\/Woonvloeren_03-48x36.jpg 48w\" data-sizes=\"(max-width: 1030px) 100vw, 1030px\" class='avia_image'  aria-label='OLYMPUS DIGITAL CAMERA'><img decoding=\"async\" fetchpriority=\"high\" class='wp-image-11968 avia-img-lazy-loading-not-11968 avia_image ' src=\"https:\/\/www.prokol.com\/wp-content\/uploads\/Woonvloeren_03-180x180.jpg\" alt='' title='OLYMPUS DIGITAL CAMERA'  height=\"180\" width=\"180\"  itemprop=\"thumbnailUrl\" srcset=\"https:\/\/www.prokol.com\/wp-content\/uploads\/Woonvloeren_03-180x180.jpg 180w, https:\/\/www.prokol.com\/wp-content\/uploads\/Woonvloeren_03-scaled-300x300.jpg 300w, https:\/\/www.prokol.com\/wp-content\/uploads\/Woonvloeren_03-scaled-100x100.jpg 100w, https:\/\/www.prokol.com\/wp-content\/uploads\/Woonvloeren_03-80x80.jpg 80w, https:\/\/www.prokol.com\/wp-content\/uploads\/Woonvloeren_03-36x36.jpg 36w\" sizes=\"(max-width: 180px) 100vw, 180px\" \/><\/a><\/div><\/div><\/div><br \/>\n\n<style type=\"text\/css\" data-created_by=\"avia_inline_auto\" id=\"style-css-av-kde9de9x-275953c3792d947ece2087c9755ebf40\">\n.avia-image-container.av-kde9de9x-275953c3792d947ece2087c9755ebf40 img.avia_image{\nbox-shadow:none;\n}\n.avia-image-container.av-kde9de9x-275953c3792d947ece2087c9755ebf40 .av-image-caption-overlay-center{\ncolor:#ffffff;\n}\n<\/style>\n<div  class='avia-image-container av-kde9de9x-275953c3792d947ece2087c9755ebf40 av-styling- avia-align-left  avia-builder-el-5  el_after_av_image  el_before_av_image '   itemprop=\"image\" itemscope=\"itemscope\" itemtype=\"https:\/\/schema.org\/ImageObject\" ><div class=\"avia-image-container-inner\"><div class=\"avia-image-overlay-wrap\"><a href=\"https:\/\/www.prokol.com\/wp-content\/uploads\/Woonvloeren_02-1030x773.jpg\" data-srcset=\"https:\/\/www.prokol.com\/wp-content\/uploads\/Woonvloeren_02-1030x773.jpg 1030w, https:\/\/www.prokol.com\/wp-content\/uploads\/Woonvloeren_02-600x450.jpg 600w, https:\/\/www.prokol.com\/wp-content\/uploads\/Woonvloeren_02-300x225.jpg 300w, https:\/\/www.prokol.com\/wp-content\/uploads\/Woonvloeren_02-768x576.jpg 768w, https:\/\/www.prokol.com\/wp-content\/uploads\/Woonvloeren_02-1536x1152.jpg 1536w, https:\/\/www.prokol.com\/wp-content\/uploads\/Woonvloeren_02-1500x1125.jpg 1500w, https:\/\/www.prokol.com\/wp-content\/uploads\/Woonvloeren_02-705x529.jpg 705w, https:\/\/www.prokol.com\/wp-content\/uploads\/Woonvloeren_02-24x18.jpg 24w, https:\/\/www.prokol.com\/wp-content\/uploads\/Woonvloeren_02-36x27.jpg 36w, https:\/\/www.prokol.com\/wp-content\/uploads\/Woonvloeren_02-48x36.jpg 48w, https:\/\/www.prokol.com\/wp-content\/uploads\/Woonvloeren_02.jpg 1600w\" data-sizes=\"(max-width: 1030px) 100vw, 1030px\" class='avia_image'  aria-label='Woonvloeren_02'><img decoding=\"async\" fetchpriority=\"high\" class='wp-image-11964 avia-img-lazy-loading-not-11964 avia_image ' src=\"https:\/\/www.prokol.com\/wp-content\/uploads\/Woonvloeren_02-180x180.jpg\" alt='' title='Woonvloeren_02'  height=\"180\" width=\"180\"  itemprop=\"thumbnailUrl\" srcset=\"https:\/\/www.prokol.com\/wp-content\/uploads\/Woonvloeren_02-180x180.jpg 180w, https:\/\/www.prokol.com\/wp-content\/uploads\/Woonvloeren_02-300x300.jpg 300w, https:\/\/www.prokol.com\/wp-content\/uploads\/Woonvloeren_02-100x100.jpg 100w, https:\/\/www.prokol.com\/wp-content\/uploads\/Woonvloeren_02-80x80.jpg 80w, https:\/\/www.prokol.com\/wp-content\/uploads\/Woonvloeren_02-36x36.jpg 36w\" sizes=\"(max-width: 180px) 100vw, 180px\" \/><\/a><\/div><\/div><\/div><br \/>\n\n<style type=\"text\/css\" data-created_by=\"avia_inline_auto\" id=\"style-css-av-kde9de9x-8ebbf560d37eeb72ed0e9dfa8ca28a54\">\n.avia-image-container.av-kde9de9x-8ebbf560d37eeb72ed0e9dfa8ca28a54 img.avia_image{\nbox-shadow:none;\n}\n.avia-image-container.av-kde9de9x-8ebbf560d37eeb72ed0e9dfa8ca28a54 .av-image-caption-overlay-center{\ncolor:#ffffff;\n}\n<\/style>\n<div  class='avia-image-container av-kde9de9x-8ebbf560d37eeb72ed0e9dfa8ca28a54 av-styling- avia-align-left  avia-builder-el-6  el_after_av_image  el_before_av_image '   itemprop=\"image\" itemscope=\"itemscope\" itemtype=\"https:\/\/schema.org\/ImageObject\" ><div class=\"avia-image-container-inner\"><div class=\"avia-image-overlay-wrap\"><a href=\"https:\/\/www.prokol.com\/wp-content\/uploads\/Woonvloeren_04-1030x773.jpg\" data-srcset=\"https:\/\/www.prokol.com\/wp-content\/uploads\/Woonvloeren_04-1030x773.jpg 1030w, https:\/\/www.prokol.com\/wp-content\/uploads\/Woonvloeren_04-600x450.jpg 600w, https:\/\/www.prokol.com\/wp-content\/uploads\/Woonvloeren_04-300x225.jpg 300w, https:\/\/www.prokol.com\/wp-content\/uploads\/Woonvloeren_04-768x576.jpg 768w, https:\/\/www.prokol.com\/wp-content\/uploads\/Woonvloeren_04-1536x1152.jpg 1536w, https:\/\/www.prokol.com\/wp-content\/uploads\/Woonvloeren_04-1500x1125.jpg 1500w, https:\/\/www.prokol.com\/wp-content\/uploads\/Woonvloeren_04-705x529.jpg 705w, https:\/\/www.prokol.com\/wp-content\/uploads\/Woonvloeren_04-24x18.jpg 24w, https:\/\/www.prokol.com\/wp-content\/uploads\/Woonvloeren_04-36x27.jpg 36w, https:\/\/www.prokol.com\/wp-content\/uploads\/Woonvloeren_04-48x36.jpg 48w, https:\/\/www.prokol.com\/wp-content\/uploads\/Woonvloeren_04.jpg 1600w\" data-sizes=\"(max-width: 1030px) 100vw, 1030px\" class='avia_image'  aria-label='Woonvloeren_04'><img decoding=\"async\" fetchpriority=\"high\" class='wp-image-11972 avia-img-lazy-loading-not-11972 avia_image ' src=\"https:\/\/www.prokol.com\/wp-content\/uploads\/Woonvloeren_04-180x180.jpg\" alt='' title='Woonvloeren_04'  height=\"180\" width=\"180\"  itemprop=\"thumbnailUrl\" srcset=\"https:\/\/www.prokol.com\/wp-content\/uploads\/Woonvloeren_04-180x180.jpg 180w, https:\/\/www.prokol.com\/wp-content\/uploads\/Woonvloeren_04-300x300.jpg 300w, https:\/\/www.prokol.com\/wp-content\/uploads\/Woonvloeren_04-100x100.jpg 100w, https:\/\/www.prokol.com\/wp-content\/uploads\/Woonvloeren_04-80x80.jpg 80w, https:\/\/www.prokol.com\/wp-content\/uploads\/Woonvloeren_04-36x36.jpg 36w\" sizes=\"(max-width: 180px) 100vw, 180px\" \/><\/a><\/div><\/div><\/div><br \/>\n\n<style type=\"text\/css\" data-created_by=\"avia_inline_auto\" id=\"style-css-av-kde9de9x-92e8152fb8386c004d4329ef534a1954\">\n.avia-image-container.av-kde9de9x-92e8152fb8386c004d4329ef534a1954 img.avia_image{\nbox-shadow:none;\n}\n.avia-image-container.av-kde9de9x-92e8152fb8386c004d4329ef534a1954 .av-image-caption-overlay-center{\ncolor:#ffffff;\n}\n<\/style>\n<div  class='avia-image-container av-kde9de9x-92e8152fb8386c004d4329ef534a1954 av-styling- avia-align-left  avia-builder-el-7  el_after_av_image  avia-builder-el-last '   itemprop=\"image\" itemscope=\"itemscope\" itemtype=\"https:\/\/schema.org\/ImageObject\" ><div class=\"avia-image-container-inner\"><div class=\"avia-image-overlay-wrap\"><a href=\"https:\/\/www.prokol.com\/wp-content\/uploads\/Woonvloeren_01-1030x773.jpg\" data-srcset=\"https:\/\/www.prokol.com\/wp-content\/uploads\/Woonvloeren_01-1030x773.jpg 1030w, https:\/\/www.prokol.com\/wp-content\/uploads\/Woonvloeren_01-scaled-600x450.jpg 600w, https:\/\/www.prokol.com\/wp-content\/uploads\/Woonvloeren_01-300x225.jpg 300w, https:\/\/www.prokol.com\/wp-content\/uploads\/Woonvloeren_01-768x576.jpg 768w, https:\/\/www.prokol.com\/wp-content\/uploads\/Woonvloeren_01-1536x1152.jpg 1536w, https:\/\/www.prokol.com\/wp-content\/uploads\/Woonvloeren_01-2048x1536.jpg 2048w, https:\/\/www.prokol.com\/wp-content\/uploads\/Woonvloeren_01-1500x1125.jpg 1500w, https:\/\/www.prokol.com\/wp-content\/uploads\/Woonvloeren_01-705x529.jpg 705w, https:\/\/www.prokol.com\/wp-content\/uploads\/Woonvloeren_01-24x18.jpg 24w, https:\/\/www.prokol.com\/wp-content\/uploads\/Woonvloeren_01-36x27.jpg 36w, https:\/\/www.prokol.com\/wp-content\/uploads\/Woonvloeren_01-48x36.jpg 48w\" data-sizes=\"(max-width: 1030px) 100vw, 1030px\" class='avia_image'  aria-label='OLYMPUS DIGITAL CAMERA'><img decoding=\"async\" fetchpriority=\"high\" class='wp-image-11960 avia-img-lazy-loading-not-11960 avia_image ' src=\"https:\/\/www.prokol.com\/wp-content\/uploads\/Woonvloeren_01-180x180.jpg\" alt='' title='OLYMPUS DIGITAL CAMERA'  height=\"180\" width=\"180\"  itemprop=\"thumbnailUrl\" srcset=\"https:\/\/www.prokol.com\/wp-content\/uploads\/Woonvloeren_01-180x180.jpg 180w, https:\/\/www.prokol.com\/wp-content\/uploads\/Woonvloeren_01-scaled-300x300.jpg 300w, https:\/\/www.prokol.com\/wp-content\/uploads\/Woonvloeren_01-scaled-100x100.jpg 100w, https:\/\/www.prokol.com\/wp-content\/uploads\/Woonvloeren_01-80x80.jpg 80w, https:\/\/www.prokol.com\/wp-content\/uploads\/Woonvloeren_01-36x36.jpg 36w\" sizes=\"(max-width: 180px) 100vw, 180px\" \/><\/a><\/div><\/div><\/div><\/p><\/div>\n","protected":false},"excerpt":{"rendered":"","protected":false},"author":1,"featured_media":0,"parent":19305,"menu_order":0,"comment_status":"closed","ping_status":"closed","template":"","meta":{"inline_featured_image":false,"footnotes":""},"tags":[],"class_list":["post-19055","page","type-page","status-publish","hentry"],"yoast_head":"<!-- This site is optimized with the Yoast SEO plugin v27.2 - https:\/\/yoast.com\/product\/yoast-seo-wordpress\/ -->\n<title>Hausflure | Gussb\u00f6den von h\u00f6chster Qualit\u00e4t, basierend auf 25 Jahren Erfahrung<\/title>\n<meta name=\"description\" content=\"Hausflure | Gussb\u00f6den von h\u00f6chster Qualit\u00e4t, basierend auf 25 Jahren Erfahrung\" \/>\n<meta name=\"robots\" content=\"index, follow, max-snippet:-1, max-image-preview:large, max-video-preview:-1\" \/>\n<link rel=\"canonical\" href=\"https:\/\/www.prokol.com\/de\/anwendungen\/wohnen-immobiliensektor\/hausflure\/\" \/>\n<meta property=\"og:locale\" content=\"de_DE\" \/>\n<meta property=\"og:type\" content=\"article\" \/>\n<meta property=\"og:title\" content=\"Hausflure | Gussb\u00f6den von h\u00f6chster Qualit\u00e4t, basierend auf 25 Jahren Erfahrung\" \/>\n<meta property=\"og:description\" content=\"Hausflure | Gussb\u00f6den von h\u00f6chster Qualit\u00e4t, basierend auf 25 Jahren Erfahrung\" \/>\n<meta property=\"og:url\" content=\"https:\/\/www.prokol.com\/de\/anwendungen\/wohnen-immobiliensektor\/hausflure\/\" \/>\n<meta property=\"og:site_name\" content=\"Prokol Protective Coatings\" \/>\n<meta property=\"article:modified_time\" content=\"2023-04-19T10:44:41+00:00\" \/>\n<meta name=\"twitter:card\" content=\"summary_large_image\" \/>\n<meta name=\"twitter:label1\" content=\"Gesch\u00e4tzte Lesezeit\" \/>\n\t<meta name=\"twitter:data1\" content=\"6\u00a0Minuten\" \/>\n<script type=\"application\/ld+json\" class=\"yoast-schema-graph\">{\"@context\":\"https:\/\/schema.org\",\"@graph\":[{\"@type\":\"WebPage\",\"@id\":\"https:\/\/www.prokol.com\/de\/anwendungen\/wohnen-immobiliensektor\/hausflure\/\",\"url\":\"https:\/\/www.prokol.com\/de\/anwendungen\/wohnen-immobiliensektor\/hausflure\/\",\"name\":\"Hausflure | Gussb\u00f6den von h\u00f6chster Qualit\u00e4t, basierend auf 25 Jahren Erfahrung\",\"isPartOf\":{\"@id\":\"https:\/\/www.prokol.com\/de\/#website\"},\"datePublished\":\"2022-03-31T08:26:16+00:00\",\"dateModified\":\"2023-04-19T10:44:41+00:00\",\"description\":\"Hausflure | Gussb\u00f6den von h\u00f6chster Qualit\u00e4t, basierend auf 25 Jahren Erfahrung\",\"breadcrumb\":{\"@id\":\"https:\/\/www.prokol.com\/de\/anwendungen\/wohnen-immobiliensektor\/hausflure\/#breadcrumb\"},\"inLanguage\":\"de\",\"potentialAction\":[{\"@type\":\"ReadAction\",\"target\":[\"https:\/\/www.prokol.com\/de\/anwendungen\/wohnen-immobiliensektor\/hausflure\/\"]}]},{\"@type\":\"BreadcrumbList\",\"@id\":\"https:\/\/www.prokol.com\/de\/anwendungen\/wohnen-immobiliensektor\/hausflure\/#breadcrumb\",\"itemListElement\":[{\"@type\":\"ListItem\",\"position\":1,\"name\":\"Home\",\"item\":\"https:\/\/www.prokol.com\/de\/prokol-home-de\/\"},{\"@type\":\"ListItem\",\"position\":2,\"name\":\"Anwendungen\",\"item\":\"https:\/\/www.prokol.com\/de\/anwendungen\/\"},{\"@type\":\"ListItem\",\"position\":3,\"name\":\"Wohnen | Immobiliensektor\",\"item\":\"https:\/\/www.prokol.com\/de\/anwendungen\/wohnen-immobiliensektor\/\"},{\"@type\":\"ListItem\",\"position\":4,\"name\":\"Hausflure\"}]},{\"@type\":\"WebSite\",\"@id\":\"https:\/\/www.prokol.com\/de\/#website\",\"url\":\"https:\/\/www.prokol.com\/de\/\",\"name\":\"Prokol Protective Coatings\",\"description\":\"POLYUREA HOTSPRAY, GIETVLOEREN EN PARKEERGARAGE COATINGS, VLOEIBARE NAADLOZE KUNSTSTOFFEN\",\"potentialAction\":[{\"@type\":\"SearchAction\",\"target\":{\"@type\":\"EntryPoint\",\"urlTemplate\":\"https:\/\/www.prokol.com\/de\/?s={search_term_string}\"},\"query-input\":{\"@type\":\"PropertyValueSpecification\",\"valueRequired\":true,\"valueName\":\"search_term_string\"}}],\"inLanguage\":\"de\"}]}<\/script>\n<!-- \/ Yoast SEO plugin. -->","yoast_head_json":{"title":"Hausflure | Gussb\u00f6den von h\u00f6chster Qualit\u00e4t, basierend auf 25 Jahren Erfahrung","description":"Hausflure | Gussb\u00f6den von h\u00f6chster Qualit\u00e4t, basierend auf 25 Jahren Erfahrung","robots":{"index":"index","follow":"follow","max-snippet":"max-snippet:-1","max-image-preview":"max-image-preview:large","max-video-preview":"max-video-preview:-1"},"canonical":"https:\/\/www.prokol.com\/de\/anwendungen\/wohnen-immobiliensektor\/hausflure\/","og_locale":"de_DE","og_type":"article","og_title":"Hausflure | Gussb\u00f6den von h\u00f6chster Qualit\u00e4t, basierend auf 25 Jahren Erfahrung","og_description":"Hausflure | Gussb\u00f6den von h\u00f6chster Qualit\u00e4t, basierend auf 25 Jahren Erfahrung","og_url":"https:\/\/www.prokol.com\/de\/anwendungen\/wohnen-immobiliensektor\/hausflure\/","og_site_name":"Prokol Protective Coatings","article_modified_time":"2023-04-19T10:44:41+00:00","twitter_card":"summary_large_image","twitter_misc":{"Gesch\u00e4tzte Lesezeit":"6\u00a0Minuten"},"schema":{"@context":"https:\/\/schema.org","@graph":[{"@type":"WebPage","@id":"https:\/\/www.prokol.com\/de\/anwendungen\/wohnen-immobiliensektor\/hausflure\/","url":"https:\/\/www.prokol.com\/de\/anwendungen\/wohnen-immobiliensektor\/hausflure\/","name":"Hausflure | Gussb\u00f6den von h\u00f6chster Qualit\u00e4t, basierend auf 25 Jahren Erfahrung","isPartOf":{"@id":"https:\/\/www.prokol.com\/de\/#website"},"datePublished":"2022-03-31T08:26:16+00:00","dateModified":"2023-04-19T10:44:41+00:00","description":"Hausflure | Gussb\u00f6den von h\u00f6chster Qualit\u00e4t, basierend auf 25 Jahren Erfahrung","breadcrumb":{"@id":"https:\/\/www.prokol.com\/de\/anwendungen\/wohnen-immobiliensektor\/hausflure\/#breadcrumb"},"inLanguage":"de","potentialAction":[{"@type":"ReadAction","target":["https:\/\/www.prokol.com\/de\/anwendungen\/wohnen-immobiliensektor\/hausflure\/"]}]},{"@type":"BreadcrumbList","@id":"https:\/\/www.prokol.com\/de\/anwendungen\/wohnen-immobiliensektor\/hausflure\/#breadcrumb","itemListElement":[{"@type":"ListItem","position":1,"name":"Home","item":"https:\/\/www.prokol.com\/de\/prokol-home-de\/"},{"@type":"ListItem","position":2,"name":"Anwendungen","item":"https:\/\/www.prokol.com\/de\/anwendungen\/"},{"@type":"ListItem","position":3,"name":"Wohnen | Immobiliensektor","item":"https:\/\/www.prokol.com\/de\/anwendungen\/wohnen-immobiliensektor\/"},{"@type":"ListItem","position":4,"name":"Hausflure"}]},{"@type":"WebSite","@id":"https:\/\/www.prokol.com\/de\/#website","url":"https:\/\/www.prokol.com\/de\/","name":"Prokol Protective Coatings","description":"POLYUREA HOTSPRAY, GIETVLOEREN EN PARKEERGARAGE COATINGS, VLOEIBARE NAADLOZE KUNSTSTOFFEN","potentialAction":[{"@type":"SearchAction","target":{"@type":"EntryPoint","urlTemplate":"https:\/\/www.prokol.com\/de\/?s={search_term_string}"},"query-input":{"@type":"PropertyValueSpecification","valueRequired":true,"valueName":"search_term_string"}}],"inLanguage":"de"}]}},"_links":{"self":[{"href":"https:\/\/www.prokol.com\/de\/wp-json\/wp\/v2\/pages\/19055","targetHints":{"allow":["GET"]}}],"collection":[{"href":"https:\/\/www.prokol.com\/de\/wp-json\/wp\/v2\/pages"}],"about":[{"href":"https:\/\/www.prokol.com\/de\/wp-json\/wp\/v2\/types\/page"}],"author":[{"embeddable":true,"href":"https:\/\/www.prokol.com\/de\/wp-json\/wp\/v2\/users\/1"}],"replies":[{"embeddable":true,"href":"https:\/\/www.prokol.com\/de\/wp-json\/wp\/v2\/comments?post=19055"}],"version-history":[{"count":5,"href":"https:\/\/www.prokol.com\/de\/wp-json\/wp\/v2\/pages\/19055\/revisions"}],"predecessor-version":[{"id":19171,"href":"https:\/\/www.prokol.com\/de\/wp-json\/wp\/v2\/pages\/19055\/revisions\/19171"}],"up":[{"embeddable":true,"href":"https:\/\/www.prokol.com\/de\/wp-json\/wp\/v2\/pages\/19305"}],"wp:attachment":[{"href":"https:\/\/www.prokol.com\/de\/wp-json\/wp\/v2\/media?parent=19055"}],"wp:term":[{"taxonomy":"post_tag","embeddable":true,"href":"https:\/\/www.prokol.com\/de\/wp-json\/wp\/v2\/tags?post=19055"}],"curies":[{"name":"wp","href":"https:\/\/api.w.org\/{rel}","templated":true}]}}