{"id":19058,"date":"2022-03-31T10:27:22","date_gmt":"2022-03-31T08:27:22","guid":{"rendered":"https:\/\/www.prokol.com\/blob-architektur\/"},"modified":"2023-05-16T11:57:08","modified_gmt":"2023-05-16T09:57:08","slug":"blob-architektur","status":"publish","type":"page","link":"https:\/\/www.prokol.com\/de\/anwendungen\/specials-design\/blob-architektur\/","title":{"rendered":"BLOB-Architektur"},"content":{"rendered":"<div id='full_slider_1'  class='avia-fullwidth-slider main_color avia-shadow   avia-builder-el-0  el_before_av_three_fifth  avia-builder-el-first  vervolgslide  container_wrap fullsize'  >\n<style type=\"text\/css\" data-created_by=\"avia_inline_auto\" id=\"style-css-av-k4179f0p-acede921c93825f4aeea30d99a7ef583\">\n#top #wrap_all .avia-slideshow .av-slideshow-caption.av-k4179f0p-acede921c93825f4aeea30d99a7ef583__0 .avia-caption-title{\nfont-size:50px;\n}\n#top .avia-slideshow .av-slideshow-caption.av-k4179f0p-acede921c93825f4aeea30d99a7ef583__0 .avia-caption-content{\nfont-size:18px;\n}\n#top .avia-slideshow .av-slideshow-caption.av-k4179f0p-acede921c93825f4aeea30d99a7ef583__0 .avia-caption-content p{\nfont-size:18px;\n}\n\n@media only screen and (min-width: 768px) and (max-width: 989px){ \n#top .avia-slideshow .av-slideshow-caption.av-k4179f0p-acede921c93825f4aeea30d99a7ef583__0 .avia-caption-content{\ndisplay:none;\n}\n#top .avia-slideshow .av-slideshow-caption.av-k4179f0p-acede921c93825f4aeea30d99a7ef583__0 .avia-caption-content p{\ndisplay:none;\n}\n}\n\n@media only screen and (min-width: 480px) and (max-width: 767px){ \n#top .avia-slideshow .av-slideshow-caption.av-k4179f0p-acede921c93825f4aeea30d99a7ef583__0 .avia-caption-content{\ndisplay:none;\n}\n#top .avia-slideshow .av-slideshow-caption.av-k4179f0p-acede921c93825f4aeea30d99a7ef583__0 .avia-caption-content p{\ndisplay:none;\n}\n}\n\n@media only screen and (max-width: 479px){ \n#top .avia-slideshow .av-slideshow-caption.av-k4179f0p-acede921c93825f4aeea30d99a7ef583__0 .avia-caption-content{\ndisplay:none;\n}\n#top .avia-slideshow .av-slideshow-caption.av-k4179f0p-acede921c93825f4aeea30d99a7ef583__0 .avia-caption-content p{\ndisplay:none;\n}\n}\n<\/style>\n<div  class='avia-slideshow av-k4179f0p-acede921c93825f4aeea30d99a7ef583 avia-slideshow-featured av_slideshow_full avia-fade-slider vervolgslide av-slideshow-ui av-control-minimal av-slideshow-autoplay av-loop-endless av-loop-manual-endless av-default-height-applied   avia-slideshow-1' data-slideshow-options=\"{&quot;animation&quot;:&quot;fade&quot;,&quot;autoplay&quot;:true,&quot;loop_autoplay&quot;:&quot;endless&quot;,&quot;interval&quot;:5,&quot;loop_manual&quot;:&quot;manual-endless&quot;,&quot;autoplay_stopper&quot;:false,&quot;noNavigation&quot;:false,&quot;bg_slider&quot;:false,&quot;keep_padding&quot;:false,&quot;hoverpause&quot;:false,&quot;show_slide_delay&quot;:0}\"  itemprop=\"image\" itemscope=\"itemscope\" itemtype=\"https:\/\/schema.org\/ImageObject\" ><ul class='avia-slideshow-inner ' style='padding-bottom: 28.666666666667%;'><li  class='avia-slideshow-slide av-k4179f0p-acede921c93825f4aeea30d99a7ef583__0  av-single-slide slide-1 slide-odd'><div data-rel='slideshow-1' class='avia-slide-wrap '   ><div class='av-slideshow-caption av-k4179f0p-acede921c93825f4aeea30d99a7ef583__0 caption_fullwidth caption_left'><div class=\"container caption_container\"><div class=\"slideshow_caption\"><div class=\"slideshow_inner_caption\"><div class=\"slideshow_align_caption\"><h2 class='avia-caption-title '  itemprop=\"name\" ><span style=\"color: #df4c23;\">-<\/span><br \/>\nBLOB-Architektur<\/h2><div class='avia-caption-content '  itemprop=\"description\" ><p>Nahtlose Abdichtung und Schutz ohne Zugest\u00e4ndnisse!<\/p>\n<\/div><\/div><\/div><\/div><\/div><\/div><img decoding=\"async\" fetchpriority=\"high\" class=\"wp-image-9646 avia-img-lazy-loading-not-9646\"  src=\"https:\/\/www.prokol.com\/wp-content\/uploads\/blob_banner-1500x430.jpg\" width=\"1500\" height=\"430\" title='BLOB-Architektur' alt=''  itemprop=\"thumbnailUrl\" srcset=\"https:\/\/www.prokol.com\/wp-content\/uploads\/blob_banner.jpg 1500w, https:\/\/www.prokol.com\/wp-content\/uploads\/blob_banner-600x172.jpg 600w, https:\/\/www.prokol.com\/wp-content\/uploads\/blob_banner-300x86.jpg 300w, https:\/\/www.prokol.com\/wp-content\/uploads\/blob_banner-1030x295.jpg 1030w, https:\/\/www.prokol.com\/wp-content\/uploads\/blob_banner-768x220.jpg 768w, https:\/\/www.prokol.com\/wp-content\/uploads\/blob_banner-705x202.jpg 705w, https:\/\/www.prokol.com\/wp-content\/uploads\/blob_banner-24x7.jpg 24w, https:\/\/www.prokol.com\/wp-content\/uploads\/blob_banner-36x10.jpg 36w, https:\/\/www.prokol.com\/wp-content\/uploads\/blob_banner-48x14.jpg 48w\" sizes=\"(max-width: 1500px) 100vw, 1500px\" \/><div class='av-section-color-overlay' style='opacity: 0.5; background-image: url(https:\/\/www.prokol.com\/wp-content\/uploads\/2019\/12\/Overlay.png); background-repeat: repeat;'><\/div><\/div><\/li><\/ul><\/div><\/div><div id='after_full_slider_1'  class='main_color av_default_container_wrap container_wrap fullsize'  ><div class='container av-section-cont-open' ><div class='template-page content  av-content-full alpha units'><div class='post-entry post-entry-type-page post-entry-19058'><div class='entry-content-wrapper clearfix'>\n\n<style type=\"text\/css\" data-created_by=\"avia_inline_auto\" id=\"style-css-av-j2p5d-f35002da9f1d12d3d28898db0b2cbb15\">\n.flex_column.av-j2p5d-f35002da9f1d12d3d28898db0b2cbb15{\nborder-radius:0px 0px 0px 0px;\npadding:0px 0px 0px 0px;\n}\n<\/style>\n<div  class='flex_column av-j2p5d-f35002da9f1d12d3d28898db0b2cbb15 av_three_fifth  avia-builder-el-1  el_after_av_slideshow_full  el_before_av_two_fifth  avia-builder-el-first  first flex_column_div av-zero-column-padding  '     ><section  class='av_textblock_section av-ka86yxbp-aba731d6be339aa46ad7f98839883f6d '   itemscope=\"itemscope\" itemtype=\"https:\/\/schema.org\/CreativeWork\" ><div class='avia_textblock'  itemprop=\"text\" ><h5>Woher kommt der Begriff BLOB?<\/h5>\n<p>Ein BLOB, Binary Large Object, ist eine am\u00f6benartige Geb\u00e4udeform. Eine Form, die aus einer unregelm\u00e4\u00dfig gekr\u00fcmmten Oberfl\u00e4che besteht. Der Begriff BLOB stammt von dem amerikanischen Architekten Greg Lynn. Er verwendete diesen Begriff 1995, um die Form zu beschreiben, die nach dem Anklicken einer Wolke zuf\u00e4lliger Punkte in einem CAD-Computerprogramm entstand.<\/p>\n<p>Eine der ersten BLOBs, die gebaut wurden, war der Wasserpavillon (1997) auf der Oosterscheldekering von Kas Oosterhuis und Lars Spuybroek. Vor allem Spuybroek hat seither viele Entw\u00fcrfe f\u00fcr BLOB-\u00e4hnliche Strukturen gemacht. (Quelle: Architectenweb)<\/p>\n<p>BLOBs werden h\u00e4ufig f\u00fcr kleine Pavillons oder gro\u00dfe Geb\u00e4ude mit einer kulturellen Funktion verwendet. Kritiker der BLOB-Formen weisen darauf hin, dass sie komplizierter zu entwerfen und zu erstellen sind als unbedingt notwendig.<\/p>\n<h5>Das Abdichten eines BLOB ist eine Herausforderung<\/h5>\n<p>Abdichtung und Verarbeitung von BLOB-Designs k\u00f6nnen manchmal sehr schwierig sein. F\u00fcr diese Anwendung hat Prokol unter anderem eine Reihe von Polyurea-Hotspray-Beschichtungen entwickelt, die sich durch eine kurze Trocknungszeit von 5 Sekunden auszeichnen. Diese kurzen Trocknungszeiten in Kombination mit speziellen Spr\u00fchtechniken erm\u00f6glichen es, diese Sonderkonstruktionen v\u00f6llig nahtlos zu versiegeln.<\/p>\n<\/div><\/section><\/div>\n\n<style type=\"text\/css\" data-created_by=\"avia_inline_auto\" id=\"style-css-av-hgjsh-4ad6bf0d2fc62696990cb6c5e6302c63\">\n.flex_column.av-hgjsh-4ad6bf0d2fc62696990cb6c5e6302c63{\nborder-radius:0px 0px 0px 0px;\npadding:0px 0px 0px 0px;\n}\n<\/style>\n<div  class='flex_column av-hgjsh-4ad6bf0d2fc62696990cb6c5e6302c63 av_two_fifth  avia-builder-el-3  el_after_av_three_fifth  avia-builder-el-last  flex_column_div av-zero-column-padding  '     ><p>\n<style type=\"text\/css\" data-created_by=\"avia_inline_auto\" id=\"style-css-av-kde9de9x-b441a4652e5defde1a2e14f83cbb8542\">\n.avia-image-container.av-kde9de9x-b441a4652e5defde1a2e14f83cbb8542 img.avia_image{\nbox-shadow:none;\n}\n.avia-image-container.av-kde9de9x-b441a4652e5defde1a2e14f83cbb8542 .av-image-caption-overlay-center{\ncolor:#ffffff;\n}\n<\/style>\n<div  class='avia-image-container av-kde9de9x-b441a4652e5defde1a2e14f83cbb8542 av-styling- avia-align-left  avia-builder-el-4  el_before_av_image  avia-builder-el-first '   itemprop=\"image\" itemscope=\"itemscope\" itemtype=\"https:\/\/schema.org\/ImageObject\" ><div class=\"avia-image-container-inner\"><div class=\"avia-image-overlay-wrap\"><a href=\"https:\/\/www.prokol.com\/wp-content\/uploads\/Blob_02-1030x703.jpg\" data-srcset=\"https:\/\/www.prokol.com\/wp-content\/uploads\/Blob_02-1030x703.jpg 1030w, https:\/\/www.prokol.com\/wp-content\/uploads\/Blob_02-scaled-600x410.jpg 600w, https:\/\/www.prokol.com\/wp-content\/uploads\/Blob_02-300x205.jpg 300w, https:\/\/www.prokol.com\/wp-content\/uploads\/Blob_02-768x524.jpg 768w, https:\/\/www.prokol.com\/wp-content\/uploads\/Blob_02-1536x1049.jpg 1536w, https:\/\/www.prokol.com\/wp-content\/uploads\/Blob_02-2048x1398.jpg 2048w, https:\/\/www.prokol.com\/wp-content\/uploads\/Blob_02-1500x1024.jpg 1500w, https:\/\/www.prokol.com\/wp-content\/uploads\/Blob_02-705x481.jpg 705w, https:\/\/www.prokol.com\/wp-content\/uploads\/Blob_02-220x150.jpg 220w, https:\/\/www.prokol.com\/wp-content\/uploads\/Blob_02-24x16.jpg 24w, https:\/\/www.prokol.com\/wp-content\/uploads\/Blob_02-36x25.jpg 36w, https:\/\/www.prokol.com\/wp-content\/uploads\/Blob_02-48x33.jpg 48w\" data-sizes=\"(max-width: 1030px) 100vw, 1030px\" class='avia_image'  aria-label='Blob_02'><img decoding=\"async\" fetchpriority=\"high\" class='wp-image-11341 avia-img-lazy-loading-not-11341 avia_image ' src=\"https:\/\/www.prokol.com\/wp-content\/uploads\/Blob_02-180x180.jpg\" alt='' title='Blob_02'  height=\"180\" width=\"180\"  itemprop=\"thumbnailUrl\" srcset=\"https:\/\/www.prokol.com\/wp-content\/uploads\/Blob_02-180x180.jpg 180w, https:\/\/www.prokol.com\/wp-content\/uploads\/Blob_02-scaled-300x300.jpg 300w, https:\/\/www.prokol.com\/wp-content\/uploads\/Blob_02-scaled-100x100.jpg 100w, https:\/\/www.prokol.com\/wp-content\/uploads\/Blob_02-80x80.jpg 80w, https:\/\/www.prokol.com\/wp-content\/uploads\/Blob_02-36x36.jpg 36w\" sizes=\"(max-width: 180px) 100vw, 180px\" \/><\/a><\/div><\/div><\/div><br \/>\n\n<style type=\"text\/css\" data-created_by=\"avia_inline_auto\" id=\"style-css-av-kde9de9x-9d555ff325f24082544a7023742af834\">\n.avia-image-container.av-kde9de9x-9d555ff325f24082544a7023742af834 img.avia_image{\nbox-shadow:none;\n}\n.avia-image-container.av-kde9de9x-9d555ff325f24082544a7023742af834 .av-image-caption-overlay-center{\ncolor:#ffffff;\n}\n<\/style>\n<div  class='avia-image-container av-kde9de9x-9d555ff325f24082544a7023742af834 av-styling- avia-align-left  avia-builder-el-5  el_after_av_image  el_before_av_image '   itemprop=\"image\" itemscope=\"itemscope\" itemtype=\"https:\/\/schema.org\/ImageObject\" ><div class=\"avia-image-container-inner\"><div class=\"avia-image-overlay-wrap\"><a href=\"https:\/\/www.prokol.com\/wp-content\/uploads\/Blob_04.jpg\" data-srcset=\"https:\/\/www.prokol.com\/wp-content\/uploads\/Blob_04.jpg 717w, https:\/\/www.prokol.com\/wp-content\/uploads\/Blob_04-600x396.jpg 600w, https:\/\/www.prokol.com\/wp-content\/uploads\/Blob_04-300x198.jpg 300w, https:\/\/www.prokol.com\/wp-content\/uploads\/Blob_04-705x465.jpg 705w, https:\/\/www.prokol.com\/wp-content\/uploads\/Blob_04-24x16.jpg 24w, https:\/\/www.prokol.com\/wp-content\/uploads\/Blob_04-36x24.jpg 36w, https:\/\/www.prokol.com\/wp-content\/uploads\/Blob_04-48x32.jpg 48w\" data-sizes=\"(max-width: 717px) 100vw, 717px\" class='avia_image'  aria-label='Blob_04'><img decoding=\"async\" fetchpriority=\"high\" class='wp-image-11349 avia-img-lazy-loading-not-11349 avia_image ' src=\"https:\/\/www.prokol.com\/wp-content\/uploads\/Blob_04-180x180.jpg\" alt='' title='Blob_04'  height=\"180\" width=\"180\"  itemprop=\"thumbnailUrl\" srcset=\"https:\/\/www.prokol.com\/wp-content\/uploads\/Blob_04-180x180.jpg 180w, https:\/\/www.prokol.com\/wp-content\/uploads\/Blob_04-300x300.jpg 300w, https:\/\/www.prokol.com\/wp-content\/uploads\/Blob_04-100x100.jpg 100w, https:\/\/www.prokol.com\/wp-content\/uploads\/Blob_04-80x80.jpg 80w, https:\/\/www.prokol.com\/wp-content\/uploads\/Blob_04-36x36.jpg 36w\" sizes=\"(max-width: 180px) 100vw, 180px\" \/><\/a><\/div><\/div><\/div><br \/>\n\n<style type=\"text\/css\" data-created_by=\"avia_inline_auto\" id=\"style-css-av-kde9dv3w-4cc813153243b971bfd038f13d833127\">\n.avia-image-container.av-kde9dv3w-4cc813153243b971bfd038f13d833127 img.avia_image{\nbox-shadow:none;\n}\n.avia-image-container.av-kde9dv3w-4cc813153243b971bfd038f13d833127 .av-image-caption-overlay-center{\ncolor:#ffffff;\n}\n<\/style>\n<div  class='avia-image-container av-kde9dv3w-4cc813153243b971bfd038f13d833127 av-styling- avia-align-left  avia-builder-el-6  el_after_av_image  el_before_av_image '   itemprop=\"image\" itemscope=\"itemscope\" itemtype=\"https:\/\/schema.org\/ImageObject\" ><div class=\"avia-image-container-inner\"><div class=\"avia-image-overlay-wrap\"><a href=\"https:\/\/www.prokol.com\/wp-content\/uploads\/Blob_03-1030x690.jpg\" data-srcset=\"https:\/\/www.prokol.com\/wp-content\/uploads\/Blob_03-1030x690.jpg 1030w, https:\/\/www.prokol.com\/wp-content\/uploads\/Blob_03-scaled-600x402.jpg 600w, https:\/\/www.prokol.com\/wp-content\/uploads\/Blob_03-300x201.jpg 300w, https:\/\/www.prokol.com\/wp-content\/uploads\/Blob_03-768x514.jpg 768w, https:\/\/www.prokol.com\/wp-content\/uploads\/Blob_03-1536x1028.jpg 1536w, https:\/\/www.prokol.com\/wp-content\/uploads\/Blob_03-2048x1371.jpg 2048w, https:\/\/www.prokol.com\/wp-content\/uploads\/Blob_03-1500x1004.jpg 1500w, https:\/\/www.prokol.com\/wp-content\/uploads\/Blob_03-705x472.jpg 705w, https:\/\/www.prokol.com\/wp-content\/uploads\/Blob_03-24x16.jpg 24w, https:\/\/www.prokol.com\/wp-content\/uploads\/Blob_03-36x24.jpg 36w, https:\/\/www.prokol.com\/wp-content\/uploads\/Blob_03-48x32.jpg 48w\" data-sizes=\"(max-width: 1030px) 100vw, 1030px\" class='avia_image'  aria-label='Blob_03'><img decoding=\"async\" fetchpriority=\"high\" class='wp-image-11345 avia-img-lazy-loading-not-11345 avia_image ' src=\"https:\/\/www.prokol.com\/wp-content\/uploads\/Blob_03-180x180.jpg\" alt='' title='Blob_03'  height=\"180\" width=\"180\"  itemprop=\"thumbnailUrl\" srcset=\"https:\/\/www.prokol.com\/wp-content\/uploads\/Blob_03-180x180.jpg 180w, https:\/\/www.prokol.com\/wp-content\/uploads\/Blob_03-scaled-300x300.jpg 300w, https:\/\/www.prokol.com\/wp-content\/uploads\/Blob_03-scaled-100x100.jpg 100w, https:\/\/www.prokol.com\/wp-content\/uploads\/Blob_03-80x80.jpg 80w, https:\/\/www.prokol.com\/wp-content\/uploads\/Blob_03-36x36.jpg 36w\" sizes=\"(max-width: 180px) 100vw, 180px\" \/><\/a><\/div><\/div><\/div><br \/>\n\n<style type=\"text\/css\" data-created_by=\"avia_inline_auto\" id=\"style-css-av-kde9de9x-afbbcacfe651986318f05d90b80bfbc1\">\n.avia-image-container.av-kde9de9x-afbbcacfe651986318f05d90b80bfbc1 img.avia_image{\nbox-shadow:none;\n}\n.avia-image-container.av-kde9de9x-afbbcacfe651986318f05d90b80bfbc1 .av-image-caption-overlay-center{\ncolor:#ffffff;\n}\n<\/style>\n<div  class='avia-image-container av-kde9de9x-afbbcacfe651986318f05d90b80bfbc1 av-styling- avia-align-left  avia-builder-el-7  el_after_av_image  avia-builder-el-last '   itemprop=\"image\" itemscope=\"itemscope\" itemtype=\"https:\/\/schema.org\/ImageObject\" ><div class=\"avia-image-container-inner\"><div class=\"avia-image-overlay-wrap\"><a href=\"https:\/\/www.prokol.com\/wp-content\/uploads\/Blob_01.jpg\" data-srcset=\"https:\/\/www.prokol.com\/wp-content\/uploads\/Blob_01.jpg 717w, https:\/\/www.prokol.com\/wp-content\/uploads\/Blob_01-600x408.jpg 600w, https:\/\/www.prokol.com\/wp-content\/uploads\/Blob_01-300x204.jpg 300w, https:\/\/www.prokol.com\/wp-content\/uploads\/Blob_01-705x479.jpg 705w, https:\/\/www.prokol.com\/wp-content\/uploads\/Blob_01-220x150.jpg 220w, https:\/\/www.prokol.com\/wp-content\/uploads\/Blob_01-24x16.jpg 24w, https:\/\/www.prokol.com\/wp-content\/uploads\/Blob_01-36x24.jpg 36w, https:\/\/www.prokol.com\/wp-content\/uploads\/Blob_01-48x33.jpg 48w\" data-sizes=\"(max-width: 717px) 100vw, 717px\" class='avia_image'  aria-label='Blob_01'><img decoding=\"async\" fetchpriority=\"high\" class='wp-image-11337 avia-img-lazy-loading-not-11337 avia_image ' src=\"https:\/\/www.prokol.com\/wp-content\/uploads\/Blob_01-180x180.jpg\" alt='' title='Blob_01'  height=\"180\" width=\"180\"  itemprop=\"thumbnailUrl\" srcset=\"https:\/\/www.prokol.com\/wp-content\/uploads\/Blob_01-180x180.jpg 180w, https:\/\/www.prokol.com\/wp-content\/uploads\/Blob_01-300x300.jpg 300w, https:\/\/www.prokol.com\/wp-content\/uploads\/Blob_01-100x100.jpg 100w, https:\/\/www.prokol.com\/wp-content\/uploads\/Blob_01-80x80.jpg 80w, https:\/\/www.prokol.com\/wp-content\/uploads\/Blob_01-36x36.jpg 36w\" sizes=\"(max-width: 180px) 100vw, 180px\" \/><\/a><\/div><\/div><\/div><\/p><\/div>\n","protected":false},"excerpt":{"rendered":"","protected":false},"author":1,"featured_media":0,"parent":19308,"menu_order":0,"comment_status":"closed","ping_status":"closed","template":"","meta":{"inline_featured_image":false,"footnotes":""},"tags":[],"class_list":["post-19058","page","type-page","status-publish","hentry"],"yoast_head":"<!-- This site is optimized with the Yoast SEO plugin v27.2 - https:\/\/yoast.com\/product\/yoast-seo-wordpress\/ -->\n<title>BLOB-Architektur | Nahtlose Abdichtung und Schutz ohne Zugest\u00e4ndnisse!<\/title>\n<meta name=\"robots\" content=\"index, follow, max-snippet:-1, max-image-preview:large, max-video-preview:-1\" \/>\n<link rel=\"canonical\" href=\"https:\/\/www.prokol.com\/de\/anwendungen\/specials-design\/blob-architektur\/\" \/>\n<meta property=\"og:locale\" content=\"de_DE\" \/>\n<meta property=\"og:type\" content=\"article\" \/>\n<meta property=\"og:title\" content=\"BLOB-Architektur | Nahtlose Abdichtung und Schutz ohne Zugest\u00e4ndnisse!\" \/>\n<meta property=\"og:url\" content=\"https:\/\/www.prokol.com\/de\/anwendungen\/specials-design\/blob-architektur\/\" \/>\n<meta property=\"og:site_name\" content=\"Prokol Protective Coatings\" \/>\n<meta property=\"article:modified_time\" content=\"2023-05-16T09:57:08+00:00\" \/>\n<meta name=\"twitter:card\" content=\"summary_large_image\" \/>\n<meta name=\"twitter:label1\" content=\"Gesch\u00e4tzte Lesezeit\" \/>\n\t<meta name=\"twitter:data1\" content=\"5\u00a0Minuten\" \/>\n<script type=\"application\/ld+json\" class=\"yoast-schema-graph\">{\"@context\":\"https:\/\/schema.org\",\"@graph\":[{\"@type\":\"WebPage\",\"@id\":\"https:\/\/www.prokol.com\/de\/anwendungen\/specials-design\/blob-architektur\/\",\"url\":\"https:\/\/www.prokol.com\/de\/anwendungen\/specials-design\/blob-architektur\/\",\"name\":\"BLOB-Architektur | Nahtlose Abdichtung und Schutz ohne Zugest\u00e4ndnisse!\",\"isPartOf\":{\"@id\":\"https:\/\/www.prokol.com\/de\/#website\"},\"datePublished\":\"2022-03-31T08:27:22+00:00\",\"dateModified\":\"2023-05-16T09:57:08+00:00\",\"breadcrumb\":{\"@id\":\"https:\/\/www.prokol.com\/de\/anwendungen\/specials-design\/blob-architektur\/#breadcrumb\"},\"inLanguage\":\"de\",\"potentialAction\":[{\"@type\":\"ReadAction\",\"target\":[\"https:\/\/www.prokol.com\/de\/anwendungen\/specials-design\/blob-architektur\/\"]}]},{\"@type\":\"BreadcrumbList\",\"@id\":\"https:\/\/www.prokol.com\/de\/anwendungen\/specials-design\/blob-architektur\/#breadcrumb\",\"itemListElement\":[{\"@type\":\"ListItem\",\"position\":1,\"name\":\"Home\",\"item\":\"https:\/\/www.prokol.com\/de\/prokol-home-de\/\"},{\"@type\":\"ListItem\",\"position\":2,\"name\":\"Anwendungen\",\"item\":\"https:\/\/www.prokol.com\/de\/anwendungen\/\"},{\"@type\":\"ListItem\",\"position\":3,\"name\":\"Specials | Design\",\"item\":\"https:\/\/www.prokol.com\/de\/anwendungen\/specials-design\/\"},{\"@type\":\"ListItem\",\"position\":4,\"name\":\"BLOB-Architektur\"}]},{\"@type\":\"WebSite\",\"@id\":\"https:\/\/www.prokol.com\/de\/#website\",\"url\":\"https:\/\/www.prokol.com\/de\/\",\"name\":\"Prokol Protective Coatings\",\"description\":\"POLYUREA HOTSPRAY, GIETVLOEREN EN PARKEERGARAGE COATINGS, VLOEIBARE NAADLOZE KUNSTSTOFFEN\",\"potentialAction\":[{\"@type\":\"SearchAction\",\"target\":{\"@type\":\"EntryPoint\",\"urlTemplate\":\"https:\/\/www.prokol.com\/de\/?s={search_term_string}\"},\"query-input\":{\"@type\":\"PropertyValueSpecification\",\"valueRequired\":true,\"valueName\":\"search_term_string\"}}],\"inLanguage\":\"de\"}]}<\/script>\n<!-- \/ Yoast SEO plugin. -->","yoast_head_json":{"title":"BLOB-Architektur | Nahtlose Abdichtung und Schutz ohne Zugest\u00e4ndnisse!","robots":{"index":"index","follow":"follow","max-snippet":"max-snippet:-1","max-image-preview":"max-image-preview:large","max-video-preview":"max-video-preview:-1"},"canonical":"https:\/\/www.prokol.com\/de\/anwendungen\/specials-design\/blob-architektur\/","og_locale":"de_DE","og_type":"article","og_title":"BLOB-Architektur | Nahtlose Abdichtung und Schutz ohne Zugest\u00e4ndnisse!","og_url":"https:\/\/www.prokol.com\/de\/anwendungen\/specials-design\/blob-architektur\/","og_site_name":"Prokol Protective Coatings","article_modified_time":"2023-05-16T09:57:08+00:00","twitter_card":"summary_large_image","twitter_misc":{"Gesch\u00e4tzte Lesezeit":"5\u00a0Minuten"},"schema":{"@context":"https:\/\/schema.org","@graph":[{"@type":"WebPage","@id":"https:\/\/www.prokol.com\/de\/anwendungen\/specials-design\/blob-architektur\/","url":"https:\/\/www.prokol.com\/de\/anwendungen\/specials-design\/blob-architektur\/","name":"BLOB-Architektur | Nahtlose Abdichtung und Schutz ohne Zugest\u00e4ndnisse!","isPartOf":{"@id":"https:\/\/www.prokol.com\/de\/#website"},"datePublished":"2022-03-31T08:27:22+00:00","dateModified":"2023-05-16T09:57:08+00:00","breadcrumb":{"@id":"https:\/\/www.prokol.com\/de\/anwendungen\/specials-design\/blob-architektur\/#breadcrumb"},"inLanguage":"de","potentialAction":[{"@type":"ReadAction","target":["https:\/\/www.prokol.com\/de\/anwendungen\/specials-design\/blob-architektur\/"]}]},{"@type":"BreadcrumbList","@id":"https:\/\/www.prokol.com\/de\/anwendungen\/specials-design\/blob-architektur\/#breadcrumb","itemListElement":[{"@type":"ListItem","position":1,"name":"Home","item":"https:\/\/www.prokol.com\/de\/prokol-home-de\/"},{"@type":"ListItem","position":2,"name":"Anwendungen","item":"https:\/\/www.prokol.com\/de\/anwendungen\/"},{"@type":"ListItem","position":3,"name":"Specials | Design","item":"https:\/\/www.prokol.com\/de\/anwendungen\/specials-design\/"},{"@type":"ListItem","position":4,"name":"BLOB-Architektur"}]},{"@type":"WebSite","@id":"https:\/\/www.prokol.com\/de\/#website","url":"https:\/\/www.prokol.com\/de\/","name":"Prokol Protective Coatings","description":"POLYUREA HOTSPRAY, GIETVLOEREN EN PARKEERGARAGE COATINGS, VLOEIBARE NAADLOZE KUNSTSTOFFEN","potentialAction":[{"@type":"SearchAction","target":{"@type":"EntryPoint","urlTemplate":"https:\/\/www.prokol.com\/de\/?s={search_term_string}"},"query-input":{"@type":"PropertyValueSpecification","valueRequired":true,"valueName":"search_term_string"}}],"inLanguage":"de"}]}},"_links":{"self":[{"href":"https:\/\/www.prokol.com\/de\/wp-json\/wp\/v2\/pages\/19058","targetHints":{"allow":["GET"]}}],"collection":[{"href":"https:\/\/www.prokol.com\/de\/wp-json\/wp\/v2\/pages"}],"about":[{"href":"https:\/\/www.prokol.com\/de\/wp-json\/wp\/v2\/types\/page"}],"author":[{"embeddable":true,"href":"https:\/\/www.prokol.com\/de\/wp-json\/wp\/v2\/users\/1"}],"replies":[{"embeddable":true,"href":"https:\/\/www.prokol.com\/de\/wp-json\/wp\/v2\/comments?post=19058"}],"version-history":[{"count":5,"href":"https:\/\/www.prokol.com\/de\/wp-json\/wp\/v2\/pages\/19058\/revisions"}],"predecessor-version":[{"id":19141,"href":"https:\/\/www.prokol.com\/de\/wp-json\/wp\/v2\/pages\/19058\/revisions\/19141"}],"up":[{"embeddable":true,"href":"https:\/\/www.prokol.com\/de\/wp-json\/wp\/v2\/pages\/19308"}],"wp:attachment":[{"href":"https:\/\/www.prokol.com\/de\/wp-json\/wp\/v2\/media?parent=19058"}],"wp:term":[{"taxonomy":"post_tag","embeddable":true,"href":"https:\/\/www.prokol.com\/de\/wp-json\/wp\/v2\/tags?post=19058"}],"curies":[{"name":"wp","href":"https:\/\/api.w.org\/{rel}","templated":true}]}}