{"id":19061,"date":"2022-03-31T10:29:21","date_gmt":"2022-03-31T08:29:21","guid":{"rendered":"https:\/\/www.prokol.com\/freizeit-und-unterhaltungssektor\/"},"modified":"2024-09-23T16:33:49","modified_gmt":"2024-09-23T14:33:49","slug":"freizeit-und-unterhaltungssektor","status":"publish","type":"page","link":"https:\/\/www.prokol.com\/de\/anwendungen\/specials-design\/freizeit-und-unterhaltungssektor\/","title":{"rendered":"Freizeit- und Unterhaltungssektor"},"content":{"rendered":"<div id='full_slider_1'  class='avia-fullwidth-slider main_color avia-shadow   avia-builder-el-0  el_before_av_three_fifth  avia-builder-el-first  vervolgslide  container_wrap fullsize'  >\n<style type=\"text\/css\" data-created_by=\"avia_inline_auto\" id=\"style-css-av-k4179f0p-e3c864bb8be7cc2d595efd9b907e2fff\">\n#top #wrap_all .avia-slideshow .av-slideshow-caption.av-k4179f0p-e3c864bb8be7cc2d595efd9b907e2fff__0 .avia-caption-title{\nfont-size:50px;\n}\n#top .avia-slideshow .av-slideshow-caption.av-k4179f0p-e3c864bb8be7cc2d595efd9b907e2fff__0 .avia-caption-content{\nfont-size:18px;\n}\n#top .avia-slideshow .av-slideshow-caption.av-k4179f0p-e3c864bb8be7cc2d595efd9b907e2fff__0 .avia-caption-content p{\nfont-size:18px;\n}\n\n@media only screen and (min-width: 768px) and (max-width: 989px){ \n#top .avia-slideshow .av-slideshow-caption.av-k4179f0p-e3c864bb8be7cc2d595efd9b907e2fff__0 .avia-caption-content{\ndisplay:none;\n}\n#top .avia-slideshow .av-slideshow-caption.av-k4179f0p-e3c864bb8be7cc2d595efd9b907e2fff__0 .avia-caption-content p{\ndisplay:none;\n}\n}\n\n@media only screen and (min-width: 480px) and (max-width: 767px){ \n#top .avia-slideshow .av-slideshow-caption.av-k4179f0p-e3c864bb8be7cc2d595efd9b907e2fff__0 .avia-caption-content{\ndisplay:none;\n}\n#top .avia-slideshow .av-slideshow-caption.av-k4179f0p-e3c864bb8be7cc2d595efd9b907e2fff__0 .avia-caption-content p{\ndisplay:none;\n}\n}\n\n@media only screen and (max-width: 479px){ \n#top .avia-slideshow .av-slideshow-caption.av-k4179f0p-e3c864bb8be7cc2d595efd9b907e2fff__0 .avia-caption-content{\ndisplay:none;\n}\n#top .avia-slideshow .av-slideshow-caption.av-k4179f0p-e3c864bb8be7cc2d595efd9b907e2fff__0 .avia-caption-content p{\ndisplay:none;\n}\n}\n<\/style>\n<div  class='avia-slideshow av-k4179f0p-e3c864bb8be7cc2d595efd9b907e2fff avia-slideshow-featured av_slideshow_full avia-fade-slider vervolgslide av-slideshow-ui av-control-minimal av-slideshow-autoplay av-loop-endless av-loop-manual-endless av-default-height-applied   avia-slideshow-1' data-slideshow-options=\"{&quot;animation&quot;:&quot;fade&quot;,&quot;autoplay&quot;:true,&quot;loop_autoplay&quot;:&quot;endless&quot;,&quot;interval&quot;:5,&quot;loop_manual&quot;:&quot;manual-endless&quot;,&quot;autoplay_stopper&quot;:false,&quot;noNavigation&quot;:false,&quot;bg_slider&quot;:false,&quot;keep_padding&quot;:false,&quot;hoverpause&quot;:false,&quot;show_slide_delay&quot;:0}\"  itemprop=\"image\" itemscope=\"itemscope\" itemtype=\"https:\/\/schema.org\/ImageObject\" ><ul class='avia-slideshow-inner ' style='padding-bottom: 28.666666666667%;'><li  class='avia-slideshow-slide av-k4179f0p-e3c864bb8be7cc2d595efd9b907e2fff__0  av-single-slide slide-1 slide-odd'><div data-rel='slideshow-1' class='avia-slide-wrap '   ><div class='av-slideshow-caption av-k4179f0p-e3c864bb8be7cc2d595efd9b907e2fff__0 caption_fullwidth caption_left'><div class=\"container caption_container\"><div class=\"slideshow_caption\"><div class=\"slideshow_inner_caption\"><div class=\"slideshow_align_caption\"><h2 class='avia-caption-title '  itemprop=\"name\" ><span style=\"color: #df4c23;\">-<\/span><br \/>\nFreizeit- und Unterhaltungssektor<\/h2><div class='avia-caption-content '  itemprop=\"description\" ><p>Lassen Sie Ihrer Kreativit\u00e4t mit einer Hotspray-Beschichtung freien Lauf!<\/p>\n<\/div><\/div><\/div><\/div><\/div><\/div><img decoding=\"async\" fetchpriority=\"high\" class=\"wp-image-26717 avia-img-lazy-loading-not-26717\"  src=\"https:\/\/www.prokol.com\/wp-content\/uploads\/Banner_Leisure.jpg\" width=\"1500\" height=\"430\" title='Banner_Leisure' alt=''  itemprop=\"thumbnailUrl\" srcset=\"https:\/\/www.prokol.com\/wp-content\/uploads\/Banner_Leisure.jpg 1500w, https:\/\/www.prokol.com\/wp-content\/uploads\/Banner_Leisure-300x86.jpg 300w, https:\/\/www.prokol.com\/wp-content\/uploads\/Banner_Leisure-1030x295.jpg 1030w, https:\/\/www.prokol.com\/wp-content\/uploads\/Banner_Leisure-768x220.jpg 768w, https:\/\/www.prokol.com\/wp-content\/uploads\/Banner_Leisure-705x202.jpg 705w, https:\/\/www.prokol.com\/wp-content\/uploads\/Banner_Leisure-450x129.jpg 450w, https:\/\/www.prokol.com\/wp-content\/uploads\/Banner_Leisure-24x7.jpg 24w, https:\/\/www.prokol.com\/wp-content\/uploads\/Banner_Leisure-36x10.jpg 36w, https:\/\/www.prokol.com\/wp-content\/uploads\/Banner_Leisure-48x14.jpg 48w, https:\/\/www.prokol.com\/wp-content\/uploads\/Banner_Leisure-600x172.jpg 600w\" sizes=\"(max-width: 1500px) 100vw, 1500px\" \/><div class='av-section-color-overlay' style='opacity: 0.5; background-image: url(https:\/\/www.prokol.com\/wp-content\/uploads\/2019\/12\/Overlay.png); background-repeat: repeat;'><\/div><\/div><\/li><\/ul><\/div><\/div><div id='after_full_slider_1'  class='main_color av_default_container_wrap container_wrap fullsize'  ><div class='container av-section-cont-open' ><div class='template-page content  av-content-full alpha units'><div class='post-entry post-entry-type-page post-entry-19061'><div class='entry-content-wrapper clearfix'>\n\n<style type=\"text\/css\" data-created_by=\"avia_inline_auto\" id=\"style-css-av-mir7d-076b1aa2e9a00ad00d5728ea181b7e4d\">\n.flex_column.av-mir7d-076b1aa2e9a00ad00d5728ea181b7e4d{\nborder-radius:0px 0px 0px 0px;\npadding:0px 0px 0px 0px;\n}\n<\/style>\n<div  class='flex_column av-mir7d-076b1aa2e9a00ad00d5728ea181b7e4d av_three_fifth  avia-builder-el-1  el_after_av_slideshow_full  el_before_av_two_fifth  avia-builder-el-first  first flex_column_div av-zero-column-padding  '     ><section  class='av_textblock_section av-kde9cj1t-733622bddd2480cffdd6c27dc22482a0 '   itemscope=\"itemscope\" itemtype=\"https:\/\/schema.org\/CreativeWork\" ><div class='avia_textblock'  itemprop=\"text\" ><h5>Freizeit<\/h5>\n<p>Freizeitparks, Spielpl\u00e4tze und Zoos verwenden h\u00e4ufig Prokol-Hotspray-Beschichtungen, um alle Arten von Formen, Tiergehegen und Becken zu beschichten.<\/p>\n<p>Unsere Beschichtungen passen sich nahtlos an den Untergrund an, sodass Form und Aussehen intakt bleiben. Dar\u00fcber hinaus sind sie wasserfest und sicher f\u00fcr Mensch, Tier und Umwelt. Unsere Beschichtungen sind zertifiziert und k\u00f6nnen in Umgebungen eingesetzt werden, in denen sie mit lebenden Organismen in Kontakt kommen.<\/p>\n<h5>Unterhaltungsobjekte<\/h5>\n<p>Viele Unterhaltungsprojekte drehen sich um ein bestimmtes Thema. EPS wird h\u00e4ufig passend zum gew\u00e4hlten Thema bearbeitet. Das k\u00f6nnen Figuren oder Vergr\u00f6\u00dferungen von B\u00fcchern oder anderen Dingen sein. EPS ist im Grunde ein zerbrechliches Material, das nicht einfach so verwendet werden kann. Mithilfe einer aufgespr\u00fchten Hotspray-Beschichtung wird es oft mit einer harten Schale versehen. Anschlie\u00dfend kann diese mit einer Beschichtung in verschiedenen Farben behandelt werden, um das gew\u00fcnschte Endergebnis zu erzielen.<\/p>\n<p>Unter anderem haben bereits folgende Organisationen und Fernsehformate von dieser Kombination Gebrauch gemacht:<\/p>\n<ul>\n<li>Efteling<\/li>\n<li>Plopsaland<\/li>\n<li>Burgers Zoo<\/li>\n<li>Artis<\/li>\n<li>Tomorrowland<\/li>\n<li>Een goed stel hersens<\/li>\n<li>Ninja Warriors<\/li>\n<li>The Voice of Holland<\/li>\n<\/ul>\n<\/div><\/section><\/div>\n\n<style type=\"text\/css\" data-created_by=\"avia_inline_auto\" id=\"style-css-av-hgjsh-4ad6bf0d2fc62696990cb6c5e6302c63\">\n.flex_column.av-hgjsh-4ad6bf0d2fc62696990cb6c5e6302c63{\nborder-radius:0px 0px 0px 0px;\npadding:0px 0px 0px 0px;\n}\n<\/style>\n<div  class='flex_column av-hgjsh-4ad6bf0d2fc62696990cb6c5e6302c63 av_two_fifth  avia-builder-el-3  el_after_av_three_fifth  avia-builder-el-last  flex_column_div av-zero-column-padding  '     ><p>\n<style type=\"text\/css\" data-created_by=\"avia_inline_auto\" id=\"style-css-av-kde9de9x-572399fb054bd4ee399e304c9f283967\">\n.avia-image-container.av-kde9de9x-572399fb054bd4ee399e304c9f283967 img.avia_image{\nbox-shadow:none;\n}\n.avia-image-container.av-kde9de9x-572399fb054bd4ee399e304c9f283967 .av-image-caption-overlay-center{\ncolor:#ffffff;\n}\n<\/style>\n<div  class='avia-image-container av-kde9de9x-572399fb054bd4ee399e304c9f283967 av-styling- avia-align-left  avia-builder-el-4  el_before_av_image  avia-builder-el-first '   itemprop=\"image\" itemscope=\"itemscope\" itemtype=\"https:\/\/schema.org\/ImageObject\" ><div class=\"avia-image-container-inner\"><div class=\"avia-image-overlay-wrap\"><a href=\"https:\/\/www.prokol.com\/wp-content\/uploads\/Entertainment-sector_02-773x1030.jpg\" data-srcset=\"https:\/\/www.prokol.com\/wp-content\/uploads\/Entertainment-sector_02-773x1030.jpg 773w, https:\/\/www.prokol.com\/wp-content\/uploads\/Entertainment-sector_02-600x800.jpg 600w, https:\/\/www.prokol.com\/wp-content\/uploads\/Entertainment-sector_02-225x300.jpg 225w, https:\/\/www.prokol.com\/wp-content\/uploads\/Entertainment-sector_02-768x1024.jpg 768w, https:\/\/www.prokol.com\/wp-content\/uploads\/Entertainment-sector_02-1152x1536.jpg 1152w, https:\/\/www.prokol.com\/wp-content\/uploads\/Entertainment-sector_02-1536x2048.jpg 1536w, https:\/\/www.prokol.com\/wp-content\/uploads\/Entertainment-sector_02-1125x1500.jpg 1125w, https:\/\/www.prokol.com\/wp-content\/uploads\/Entertainment-sector_02-529x705.jpg 529w, https:\/\/www.prokol.com\/wp-content\/uploads\/Entertainment-sector_02-18x24.jpg 18w, https:\/\/www.prokol.com\/wp-content\/uploads\/Entertainment-sector_02-27x36.jpg 27w, https:\/\/www.prokol.com\/wp-content\/uploads\/Entertainment-sector_02-36x48.jpg 36w, https:\/\/www.prokol.com\/wp-content\/uploads\/Entertainment-sector_02.jpg 1920w\" data-sizes=\"(max-width: 773px) 100vw, 773px\" class='avia_image'  aria-label='Freizeit- und Unterhaltungssektor'><img decoding=\"async\" fetchpriority=\"high\" class='wp-image-11379 avia-img-lazy-loading-not-11379 avia_image ' src=\"https:\/\/www.prokol.com\/wp-content\/uploads\/Entertainment-sector_02-180x180.jpg\" alt='' title='Freizeit- und Unterhaltungssektor'  height=\"180\" width=\"180\"  itemprop=\"thumbnailUrl\" srcset=\"https:\/\/www.prokol.com\/wp-content\/uploads\/Entertainment-sector_02-180x180.jpg 180w, https:\/\/www.prokol.com\/wp-content\/uploads\/Entertainment-sector_02-300x300.jpg 300w, https:\/\/www.prokol.com\/wp-content\/uploads\/Entertainment-sector_02-100x100.jpg 100w, https:\/\/www.prokol.com\/wp-content\/uploads\/Entertainment-sector_02-80x80.jpg 80w, https:\/\/www.prokol.com\/wp-content\/uploads\/Entertainment-sector_02-36x36.jpg 36w\" sizes=\"(max-width: 180px) 100vw, 180px\" \/><\/a><\/div><\/div><\/div><br \/>\n\n<style type=\"text\/css\" data-created_by=\"avia_inline_auto\" id=\"style-css-av-kde9de9x-2-d172588375d96e3d8a0a9eaee8c175b9\">\n.avia-image-container.av-kde9de9x-2-d172588375d96e3d8a0a9eaee8c175b9 img.avia_image{\nbox-shadow:none;\n}\n.avia-image-container.av-kde9de9x-2-d172588375d96e3d8a0a9eaee8c175b9 .av-image-caption-overlay-center{\ncolor:#ffffff;\n}\n<\/style>\n<div  class='avia-image-container av-kde9de9x-2-d172588375d96e3d8a0a9eaee8c175b9 av-styling- avia-align-left  avia-builder-el-5  el_after_av_image  el_before_av_image '   itemprop=\"image\" itemscope=\"itemscope\" itemtype=\"https:\/\/schema.org\/ImageObject\" ><div class=\"avia-image-container-inner\"><div class=\"avia-image-overlay-wrap\"><a href=\"https:\/\/www.prokol.com\/wp-content\/uploads\/2020\/08\/Banner_festivals-1030x295.jpg\" data-srcset=\"https:\/\/www.prokol.com\/wp-content\/uploads\/2020\/08\/Banner_festivals-1030x295.jpg 1030w, https:\/\/www.prokol.com\/wp-content\/uploads\/2020\/08\/Banner_festivals-600x172.jpg 600w, https:\/\/www.prokol.com\/wp-content\/uploads\/2020\/08\/Banner_festivals-300x86.jpg 300w, https:\/\/www.prokol.com\/wp-content\/uploads\/2020\/08\/Banner_festivals-768x220.jpg 768w, https:\/\/www.prokol.com\/wp-content\/uploads\/2020\/08\/Banner_festivals.jpg 1500w, https:\/\/www.prokol.com\/wp-content\/uploads\/2020\/08\/Banner_festivals-705x202.jpg 705w\" data-sizes=\"(max-width: 1030px) 100vw, 1030px\" class='avia_image'  aria-label='Banner_festivals'><img decoding=\"async\" fetchpriority=\"high\" class='wp-image-3261 avia-img-lazy-loading-not-3261 avia_image ' src=\"https:\/\/www.prokol.com\/wp-content\/uploads\/2020\/08\/Banner_festivals-180x180.jpg\" alt='' title='Banner_festivals'  height=\"180\" width=\"180\"  itemprop=\"thumbnailUrl\" srcset=\"https:\/\/www.prokol.com\/wp-content\/uploads\/2020\/08\/Banner_festivals-180x180.jpg 180w, https:\/\/www.prokol.com\/wp-content\/uploads\/2020\/08\/Banner_festivals-300x300.jpg 300w, https:\/\/www.prokol.com\/wp-content\/uploads\/2020\/08\/Banner_festivals-100x100.jpg 100w, https:\/\/www.prokol.com\/wp-content\/uploads\/2020\/08\/Banner_festivals-80x80.jpg 80w, https:\/\/www.prokol.com\/wp-content\/uploads\/2020\/08\/Banner_festivals-36x36.jpg 36w\" sizes=\"(max-width: 180px) 100vw, 180px\" \/><\/a><\/div><\/div><\/div><br \/>\n\n<style type=\"text\/css\" data-created_by=\"avia_inline_auto\" id=\"style-css-av-kde9dv3w-c655ef7b9b461169960805eefc37d641\">\n.avia-image-container.av-kde9dv3w-c655ef7b9b461169960805eefc37d641 img.avia_image{\nbox-shadow:none;\n}\n.avia-image-container.av-kde9dv3w-c655ef7b9b461169960805eefc37d641 .av-image-caption-overlay-center{\ncolor:#ffffff;\n}\n<\/style>\n<div  class='avia-image-container av-kde9dv3w-c655ef7b9b461169960805eefc37d641 av-styling- avia-align-left  avia-builder-el-6  el_after_av_image  el_before_av_image '   itemprop=\"image\" itemscope=\"itemscope\" itemtype=\"https:\/\/schema.org\/ImageObject\" ><div class=\"avia-image-container-inner\"><div class=\"avia-image-overlay-wrap\"><a href=\"https:\/\/www.prokol.com\/wp-content\/uploads\/Entertainment-sector_01-773x1030.jpg\" data-srcset=\"https:\/\/www.prokol.com\/wp-content\/uploads\/Entertainment-sector_01-773x1030.jpg 773w, https:\/\/www.prokol.com\/wp-content\/uploads\/Entertainment-sector_01-600x800.jpg 600w, https:\/\/www.prokol.com\/wp-content\/uploads\/Entertainment-sector_01-225x300.jpg 225w, https:\/\/www.prokol.com\/wp-content\/uploads\/Entertainment-sector_01-768x1024.jpg 768w, https:\/\/www.prokol.com\/wp-content\/uploads\/Entertainment-sector_01-1152x1536.jpg 1152w, https:\/\/www.prokol.com\/wp-content\/uploads\/Entertainment-sector_01-1536x2048.jpg 1536w, https:\/\/www.prokol.com\/wp-content\/uploads\/Entertainment-sector_01-1125x1500.jpg 1125w, https:\/\/www.prokol.com\/wp-content\/uploads\/Entertainment-sector_01-529x705.jpg 529w, https:\/\/www.prokol.com\/wp-content\/uploads\/Entertainment-sector_01-18x24.jpg 18w, https:\/\/www.prokol.com\/wp-content\/uploads\/Entertainment-sector_01-27x36.jpg 27w, https:\/\/www.prokol.com\/wp-content\/uploads\/Entertainment-sector_01-36x48.jpg 36w, https:\/\/www.prokol.com\/wp-content\/uploads\/Entertainment-sector_01.jpg 1920w\" data-sizes=\"(max-width: 773px) 100vw, 773px\" class='avia_image'  aria-label='Freizeit- und Unterhaltungssektor'><img decoding=\"async\" fetchpriority=\"high\" class='wp-image-11375 avia-img-lazy-loading-not-11375 avia_image ' src=\"https:\/\/www.prokol.com\/wp-content\/uploads\/Entertainment-sector_01-180x180.jpg\" alt='' title='Freizeit- und Unterhaltungssektor'  height=\"180\" width=\"180\"  itemprop=\"thumbnailUrl\" srcset=\"https:\/\/www.prokol.com\/wp-content\/uploads\/Entertainment-sector_01-180x180.jpg 180w, https:\/\/www.prokol.com\/wp-content\/uploads\/Entertainment-sector_01-300x300.jpg 300w, https:\/\/www.prokol.com\/wp-content\/uploads\/Entertainment-sector_01-100x100.jpg 100w, https:\/\/www.prokol.com\/wp-content\/uploads\/Entertainment-sector_01-80x80.jpg 80w, https:\/\/www.prokol.com\/wp-content\/uploads\/Entertainment-sector_01-36x36.jpg 36w\" sizes=\"(max-width: 180px) 100vw, 180px\" \/><\/a><\/div><\/div><\/div><br \/>\n\n<style type=\"text\/css\" data-created_by=\"avia_inline_auto\" id=\"style-css-av-kde9de9x-1-af2eb80733131c12938a8bb61bc60c06\">\n.avia-image-container.av-kde9de9x-1-af2eb80733131c12938a8bb61bc60c06 img.avia_image{\nbox-shadow:none;\n}\n.avia-image-container.av-kde9de9x-1-af2eb80733131c12938a8bb61bc60c06 .av-image-caption-overlay-center{\ncolor:#ffffff;\n}\n<\/style>\n<div  class='avia-image-container av-kde9de9x-1-af2eb80733131c12938a8bb61bc60c06 av-styling- avia-align-left  avia-builder-el-7  el_after_av_image  avia-builder-el-last '   itemprop=\"image\" itemscope=\"itemscope\" itemtype=\"https:\/\/schema.org\/ImageObject\" ><div class=\"avia-image-container-inner\"><div class=\"avia-image-overlay-wrap\"><a href=\"https:\/\/www.prokol.com\/wp-content\/uploads\/Entertainment-sector_04-1030x773.jpg\" data-srcset=\"https:\/\/www.prokol.com\/wp-content\/uploads\/Entertainment-sector_04-1030x773.jpg 1030w, https:\/\/www.prokol.com\/wp-content\/uploads\/Entertainment-sector_04-600x450.jpg 600w, https:\/\/www.prokol.com\/wp-content\/uploads\/Entertainment-sector_04-300x225.jpg 300w, https:\/\/www.prokol.com\/wp-content\/uploads\/Entertainment-sector_04-768x576.jpg 768w, https:\/\/www.prokol.com\/wp-content\/uploads\/Entertainment-sector_04-1536x1152.jpg 1536w, https:\/\/www.prokol.com\/wp-content\/uploads\/Entertainment-sector_04-1500x1125.jpg 1500w, https:\/\/www.prokol.com\/wp-content\/uploads\/Entertainment-sector_04-705x529.jpg 705w, https:\/\/www.prokol.com\/wp-content\/uploads\/Entertainment-sector_04-24x18.jpg 24w, https:\/\/www.prokol.com\/wp-content\/uploads\/Entertainment-sector_04-36x27.jpg 36w, https:\/\/www.prokol.com\/wp-content\/uploads\/Entertainment-sector_04-48x36.jpg 48w, https:\/\/www.prokol.com\/wp-content\/uploads\/Entertainment-sector_04.jpg 1600w\" data-sizes=\"(max-width: 1030px) 100vw, 1030px\" class='avia_image'  aria-label='Freizeit- und Unterhaltungssektor'><img decoding=\"async\" fetchpriority=\"high\" class='wp-image-11387 avia-img-lazy-loading-not-11387 avia_image ' src=\"https:\/\/www.prokol.com\/wp-content\/uploads\/Entertainment-sector_04-180x180.jpg\" alt='' title='Freizeit- und Unterhaltungssektor'  height=\"180\" width=\"180\"  itemprop=\"thumbnailUrl\" srcset=\"https:\/\/www.prokol.com\/wp-content\/uploads\/Entertainment-sector_04-180x180.jpg 180w, https:\/\/www.prokol.com\/wp-content\/uploads\/Entertainment-sector_04-300x300.jpg 300w, https:\/\/www.prokol.com\/wp-content\/uploads\/Entertainment-sector_04-100x100.jpg 100w, https:\/\/www.prokol.com\/wp-content\/uploads\/Entertainment-sector_04-80x80.jpg 80w, https:\/\/www.prokol.com\/wp-content\/uploads\/Entertainment-sector_04-36x36.jpg 36w\" sizes=\"(max-width: 180px) 100vw, 180px\" \/><\/a><\/div><\/div><\/div><\/p><\/div>\n","protected":false},"excerpt":{"rendered":"","protected":false},"author":3,"featured_media":0,"parent":19308,"menu_order":0,"comment_status":"closed","ping_status":"closed","template":"","meta":{"inline_featured_image":false,"footnotes":""},"tags":[],"class_list":["post-19061","page","type-page","status-publish","hentry"],"yoast_head":"<!-- This site is optimized with the Yoast SEO plugin v27.2 - https:\/\/yoast.com\/product\/yoast-seo-wordpress\/ -->\n<title>Freizeit- und Unterhaltungssektor - Prokol Protective Coatings<\/title>\n<meta name=\"robots\" content=\"index, follow, max-snippet:-1, max-image-preview:large, max-video-preview:-1\" \/>\n<link rel=\"canonical\" href=\"https:\/\/www.prokol.com\/de\/anwendungen\/specials-design\/freizeit-und-unterhaltungssektor\/\" \/>\n<meta property=\"og:locale\" content=\"de_DE\" \/>\n<meta property=\"og:type\" content=\"article\" \/>\n<meta property=\"og:title\" content=\"Freizeit- und Unterhaltungssektor - Prokol Protective Coatings\" \/>\n<meta property=\"og:url\" content=\"https:\/\/www.prokol.com\/de\/anwendungen\/specials-design\/freizeit-und-unterhaltungssektor\/\" \/>\n<meta property=\"og:site_name\" content=\"Prokol Protective Coatings\" \/>\n<meta property=\"article:modified_time\" content=\"2024-09-23T14:33:49+00:00\" \/>\n<meta name=\"twitter:card\" content=\"summary_large_image\" \/>\n<meta name=\"twitter:label1\" content=\"Gesch\u00e4tzte Lesezeit\" \/>\n\t<meta name=\"twitter:data1\" content=\"7\u00a0Minuten\" \/>\n<script type=\"application\/ld+json\" class=\"yoast-schema-graph\">{\"@context\":\"https:\/\/schema.org\",\"@graph\":[{\"@type\":\"WebPage\",\"@id\":\"https:\/\/www.prokol.com\/de\/anwendungen\/specials-design\/freizeit-und-unterhaltungssektor\/\",\"url\":\"https:\/\/www.prokol.com\/de\/anwendungen\/specials-design\/freizeit-und-unterhaltungssektor\/\",\"name\":\"Freizeit- und Unterhaltungssektor - Prokol Protective Coatings\",\"isPartOf\":{\"@id\":\"https:\/\/www.prokol.com\/de\/#website\"},\"datePublished\":\"2022-03-31T08:29:21+00:00\",\"dateModified\":\"2024-09-23T14:33:49+00:00\",\"breadcrumb\":{\"@id\":\"https:\/\/www.prokol.com\/de\/anwendungen\/specials-design\/freizeit-und-unterhaltungssektor\/#breadcrumb\"},\"inLanguage\":\"de\",\"potentialAction\":[{\"@type\":\"ReadAction\",\"target\":[\"https:\/\/www.prokol.com\/de\/anwendungen\/specials-design\/freizeit-und-unterhaltungssektor\/\"]}]},{\"@type\":\"BreadcrumbList\",\"@id\":\"https:\/\/www.prokol.com\/de\/anwendungen\/specials-design\/freizeit-und-unterhaltungssektor\/#breadcrumb\",\"itemListElement\":[{\"@type\":\"ListItem\",\"position\":1,\"name\":\"Home\",\"item\":\"https:\/\/www.prokol.com\/de\/prokol-home-de\/\"},{\"@type\":\"ListItem\",\"position\":2,\"name\":\"Anwendungen\",\"item\":\"https:\/\/www.prokol.com\/de\/anwendungen\/\"},{\"@type\":\"ListItem\",\"position\":3,\"name\":\"Specials | Design\",\"item\":\"https:\/\/www.prokol.com\/de\/anwendungen\/specials-design\/\"},{\"@type\":\"ListItem\",\"position\":4,\"name\":\"Freizeit- und Unterhaltungssektor\"}]},{\"@type\":\"WebSite\",\"@id\":\"https:\/\/www.prokol.com\/de\/#website\",\"url\":\"https:\/\/www.prokol.com\/de\/\",\"name\":\"Prokol Protective Coatings\",\"description\":\"POLYUREA HOTSPRAY, GIETVLOEREN EN PARKEERGARAGE COATINGS, VLOEIBARE NAADLOZE KUNSTSTOFFEN\",\"potentialAction\":[{\"@type\":\"SearchAction\",\"target\":{\"@type\":\"EntryPoint\",\"urlTemplate\":\"https:\/\/www.prokol.com\/de\/?s={search_term_string}\"},\"query-input\":{\"@type\":\"PropertyValueSpecification\",\"valueRequired\":true,\"valueName\":\"search_term_string\"}}],\"inLanguage\":\"de\"}]}<\/script>\n<!-- \/ Yoast SEO plugin. -->","yoast_head_json":{"title":"Freizeit- und Unterhaltungssektor - Prokol Protective Coatings","robots":{"index":"index","follow":"follow","max-snippet":"max-snippet:-1","max-image-preview":"max-image-preview:large","max-video-preview":"max-video-preview:-1"},"canonical":"https:\/\/www.prokol.com\/de\/anwendungen\/specials-design\/freizeit-und-unterhaltungssektor\/","og_locale":"de_DE","og_type":"article","og_title":"Freizeit- und Unterhaltungssektor - Prokol Protective Coatings","og_url":"https:\/\/www.prokol.com\/de\/anwendungen\/specials-design\/freizeit-und-unterhaltungssektor\/","og_site_name":"Prokol Protective Coatings","article_modified_time":"2024-09-23T14:33:49+00:00","twitter_card":"summary_large_image","twitter_misc":{"Gesch\u00e4tzte Lesezeit":"7\u00a0Minuten"},"schema":{"@context":"https:\/\/schema.org","@graph":[{"@type":"WebPage","@id":"https:\/\/www.prokol.com\/de\/anwendungen\/specials-design\/freizeit-und-unterhaltungssektor\/","url":"https:\/\/www.prokol.com\/de\/anwendungen\/specials-design\/freizeit-und-unterhaltungssektor\/","name":"Freizeit- und Unterhaltungssektor - Prokol Protective Coatings","isPartOf":{"@id":"https:\/\/www.prokol.com\/de\/#website"},"datePublished":"2022-03-31T08:29:21+00:00","dateModified":"2024-09-23T14:33:49+00:00","breadcrumb":{"@id":"https:\/\/www.prokol.com\/de\/anwendungen\/specials-design\/freizeit-und-unterhaltungssektor\/#breadcrumb"},"inLanguage":"de","potentialAction":[{"@type":"ReadAction","target":["https:\/\/www.prokol.com\/de\/anwendungen\/specials-design\/freizeit-und-unterhaltungssektor\/"]}]},{"@type":"BreadcrumbList","@id":"https:\/\/www.prokol.com\/de\/anwendungen\/specials-design\/freizeit-und-unterhaltungssektor\/#breadcrumb","itemListElement":[{"@type":"ListItem","position":1,"name":"Home","item":"https:\/\/www.prokol.com\/de\/prokol-home-de\/"},{"@type":"ListItem","position":2,"name":"Anwendungen","item":"https:\/\/www.prokol.com\/de\/anwendungen\/"},{"@type":"ListItem","position":3,"name":"Specials | Design","item":"https:\/\/www.prokol.com\/de\/anwendungen\/specials-design\/"},{"@type":"ListItem","position":4,"name":"Freizeit- und Unterhaltungssektor"}]},{"@type":"WebSite","@id":"https:\/\/www.prokol.com\/de\/#website","url":"https:\/\/www.prokol.com\/de\/","name":"Prokol Protective Coatings","description":"POLYUREA HOTSPRAY, GIETVLOEREN EN PARKEERGARAGE COATINGS, VLOEIBARE NAADLOZE KUNSTSTOFFEN","potentialAction":[{"@type":"SearchAction","target":{"@type":"EntryPoint","urlTemplate":"https:\/\/www.prokol.com\/de\/?s={search_term_string}"},"query-input":{"@type":"PropertyValueSpecification","valueRequired":true,"valueName":"search_term_string"}}],"inLanguage":"de"}]}},"_links":{"self":[{"href":"https:\/\/www.prokol.com\/de\/wp-json\/wp\/v2\/pages\/19061","targetHints":{"allow":["GET"]}}],"collection":[{"href":"https:\/\/www.prokol.com\/de\/wp-json\/wp\/v2\/pages"}],"about":[{"href":"https:\/\/www.prokol.com\/de\/wp-json\/wp\/v2\/types\/page"}],"author":[{"embeddable":true,"href":"https:\/\/www.prokol.com\/de\/wp-json\/wp\/v2\/users\/3"}],"replies":[{"embeddable":true,"href":"https:\/\/www.prokol.com\/de\/wp-json\/wp\/v2\/comments?post=19061"}],"version-history":[{"count":8,"href":"https:\/\/www.prokol.com\/de\/wp-json\/wp\/v2\/pages\/19061\/revisions"}],"predecessor-version":[{"id":19168,"href":"https:\/\/www.prokol.com\/de\/wp-json\/wp\/v2\/pages\/19061\/revisions\/19168"}],"up":[{"embeddable":true,"href":"https:\/\/www.prokol.com\/de\/wp-json\/wp\/v2\/pages\/19308"}],"wp:attachment":[{"href":"https:\/\/www.prokol.com\/de\/wp-json\/wp\/v2\/media?parent=19061"}],"wp:term":[{"taxonomy":"post_tag","embeddable":true,"href":"https:\/\/www.prokol.com\/de\/wp-json\/wp\/v2\/tags?post=19061"}],"curies":[{"name":"wp","href":"https:\/\/api.w.org\/{rel}","templated":true}]}}