{"id":19078,"date":"2022-03-31T14:52:57","date_gmt":"2022-03-31T12:52:57","guid":{"rendered":"https:\/\/www.prokol.com\/roro-decks\/"},"modified":"2023-05-16T11:57:04","modified_gmt":"2023-05-16T09:57:04","slug":"roro-decks","status":"publish","type":"page","link":"https:\/\/www.prokol.com\/de\/anwendungen\/maritim\/roro-decks\/","title":{"rendered":"RoRo-Decks"},"content":{"rendered":"<div id='full_slider_1'  class='avia-fullwidth-slider main_color avia-shadow   avia-builder-el-0  el_before_av_three_fifth  avia-builder-el-first  vervolgslide  container_wrap fullsize'  >\n<style type=\"text\/css\" data-created_by=\"avia_inline_auto\" id=\"style-css-av-k4179f0p-acede921c93825f4aeea30d99a7ef583\">\n#top #wrap_all .avia-slideshow .av-slideshow-caption.av-k4179f0p-acede921c93825f4aeea30d99a7ef583__0 .avia-caption-title{\nfont-size:50px;\n}\n#top .avia-slideshow .av-slideshow-caption.av-k4179f0p-acede921c93825f4aeea30d99a7ef583__0 .avia-caption-content{\nfont-size:18px;\n}\n#top .avia-slideshow .av-slideshow-caption.av-k4179f0p-acede921c93825f4aeea30d99a7ef583__0 .avia-caption-content p{\nfont-size:18px;\n}\n\n@media only screen and (min-width: 768px) and (max-width: 989px){ \n#top .avia-slideshow .av-slideshow-caption.av-k4179f0p-acede921c93825f4aeea30d99a7ef583__0 .avia-caption-content{\ndisplay:none;\n}\n#top .avia-slideshow .av-slideshow-caption.av-k4179f0p-acede921c93825f4aeea30d99a7ef583__0 .avia-caption-content p{\ndisplay:none;\n}\n}\n\n@media only screen and (min-width: 480px) and (max-width: 767px){ \n#top .avia-slideshow .av-slideshow-caption.av-k4179f0p-acede921c93825f4aeea30d99a7ef583__0 .avia-caption-content{\ndisplay:none;\n}\n#top .avia-slideshow .av-slideshow-caption.av-k4179f0p-acede921c93825f4aeea30d99a7ef583__0 .avia-caption-content p{\ndisplay:none;\n}\n}\n\n@media only screen and (max-width: 479px){ \n#top .avia-slideshow .av-slideshow-caption.av-k4179f0p-acede921c93825f4aeea30d99a7ef583__0 .avia-caption-content{\ndisplay:none;\n}\n#top .avia-slideshow .av-slideshow-caption.av-k4179f0p-acede921c93825f4aeea30d99a7ef583__0 .avia-caption-content p{\ndisplay:none;\n}\n}\n<\/style>\n<div  class='avia-slideshow av-k4179f0p-acede921c93825f4aeea30d99a7ef583 avia-slideshow-featured av_slideshow_full avia-fade-slider vervolgslide av-slideshow-ui av-control-minimal av-slideshow-autoplay av-loop-endless av-loop-manual-endless av-default-height-applied   avia-slideshow-1' data-slideshow-options=\"{&quot;animation&quot;:&quot;fade&quot;,&quot;autoplay&quot;:true,&quot;loop_autoplay&quot;:&quot;endless&quot;,&quot;interval&quot;:5,&quot;loop_manual&quot;:&quot;manual-endless&quot;,&quot;autoplay_stopper&quot;:false,&quot;noNavigation&quot;:false,&quot;bg_slider&quot;:false,&quot;keep_padding&quot;:false,&quot;hoverpause&quot;:false,&quot;show_slide_delay&quot;:0}\"  itemprop=\"image\" itemscope=\"itemscope\" itemtype=\"https:\/\/schema.org\/ImageObject\" ><ul class='avia-slideshow-inner ' style='padding-bottom: 28.666666666667%;'><li  class='avia-slideshow-slide av-k4179f0p-acede921c93825f4aeea30d99a7ef583__0  av-single-slide slide-1 slide-odd'><div data-rel='slideshow-1' class='avia-slide-wrap '   ><div class='av-slideshow-caption av-k4179f0p-acede921c93825f4aeea30d99a7ef583__0 caption_fullwidth caption_left'><div class=\"container caption_container\"><div class=\"slideshow_caption\"><div class=\"slideshow_inner_caption\"><div class=\"slideshow_align_caption\"><h2 class='avia-caption-title '  itemprop=\"name\" ><span style=\"color: #df4c23;\">-<\/span><br \/>\nRoRo-Decks<\/h2><div class='avia-caption-content '  itemprop=\"description\" ><p>Mit Grip sicher auf die andere Seite!<\/p>\n<\/div><\/div><\/div><\/div><\/div><\/div><img decoding=\"async\" fetchpriority=\"high\" class=\"wp-image-3297 avia-img-lazy-loading-not-3297\"  src=\"https:\/\/www.prokol.com\/wp-content\/uploads\/2020\/08\/Banner_roro-dekken-1500x430.jpg\" width=\"1500\" height=\"430\" title='Banner_roro-dekken' alt=''  itemprop=\"thumbnailUrl\" srcset=\"https:\/\/www.prokol.com\/wp-content\/uploads\/2020\/08\/Banner_roro-dekken.jpg 1500w, https:\/\/www.prokol.com\/wp-content\/uploads\/2020\/08\/Banner_roro-dekken-600x172.jpg 600w, https:\/\/www.prokol.com\/wp-content\/uploads\/2020\/08\/Banner_roro-dekken-300x86.jpg 300w, https:\/\/www.prokol.com\/wp-content\/uploads\/2020\/08\/Banner_roro-dekken-1030x295.jpg 1030w, https:\/\/www.prokol.com\/wp-content\/uploads\/2020\/08\/Banner_roro-dekken-768x220.jpg 768w, https:\/\/www.prokol.com\/wp-content\/uploads\/2020\/08\/Banner_roro-dekken-705x202.jpg 705w\" sizes=\"(max-width: 1500px) 100vw, 1500px\" \/><div class='av-section-color-overlay' style='opacity: 0.5; background-image: url(https:\/\/www.prokol.com\/wp-content\/uploads\/2019\/12\/Overlay.png); background-repeat: repeat;'><\/div><\/div><\/li><\/ul><\/div><\/div><div id='after_full_slider_1'  class='main_color av_default_container_wrap container_wrap fullsize'  ><div class='container av-section-cont-open' ><div class='template-page content  av-content-full alpha units'><div class='post-entry post-entry-type-page post-entry-19078'><div class='entry-content-wrapper clearfix'>\n\n<style type=\"text\/css\" data-created_by=\"avia_inline_auto\" id=\"style-css-av-mir7d-076b1aa2e9a00ad00d5728ea181b7e4d\">\n.flex_column.av-mir7d-076b1aa2e9a00ad00d5728ea181b7e4d{\nborder-radius:0px 0px 0px 0px;\npadding:0px 0px 0px 0px;\n}\n<\/style>\n<div  class='flex_column av-mir7d-076b1aa2e9a00ad00d5728ea181b7e4d av_three_fifth  avia-builder-el-1  el_after_av_slideshow_full  el_before_av_two_fifth  avia-builder-el-first  first flex_column_div av-zero-column-padding  '     ><section  class='av_textblock_section av-kde9cj1t-733622bddd2480cffdd6c27dc22482a0 '   itemscope=\"itemscope\" itemtype=\"https:\/\/schema.org\/CreativeWork\" ><div class='avia_textblock'  itemprop=\"text\" ><h5>Rollende Ladung<\/h5>\n<div>Roll-on-Roll-off-Schiff, ist ein Schiffstyp, der in mehrere horizontale Abteile (Decks) unterteilt ist. Alle Decks sind \u00fcber die Hauptrampe und eine oder mehrere interne Rampen zug\u00e4nglich. Im maritimen Bereich werden diese Rampen als \u201eRamp\u201c bezeichnet.<\/div>\n<div><\/div>\n<div>Diese Decks erm\u00f6glichen es, alle Arten von rollender Ladung wie Autos, Lieferwagen oder Lastwagen auf das Schiff zu fahren. Auf diese Weise geht es oft schneller und billiger.<\/div>\n<div><\/div>\n<div>Da diese B\u00f6den st\u00e4ndig Wasser und allen m\u00f6glichen Belastungen ausgesetzt sind, m\u00fcssen sie eine sichere Oberfl\u00e4che haben. Ein sicheres und funktionierendes Deckssystem ist unerl\u00e4sslich.<\/div>\n<div><\/div>\n<div>Ein Deck muss die folgenden Anforderungen erf\u00fcllen:<\/div>\n<div><\/div>\n<ul>\n<li>Wasser- und fl\u00fcssigkeitsdicht<\/li>\n<li>Widerstandsf\u00e4higkeit bei trockener und nasser Anwendung<\/li>\n<li>Belastung durch S\u00fc\u00df- und Salzwasser standhalten<\/li>\n<li>Widerstandsf\u00e4hig gegen Chemikalien und Temperatur<\/li>\n<li>Flexibel\/elastisch<\/li>\n<li>Reduzierung von L\u00e4rm und Vibrationen<\/li>\n<li>Ausreichend widerstandsf\u00e4hig gegen Verschlei\u00df<\/li>\n<\/ul>\n<\/div><\/section><\/div>\n\n<style type=\"text\/css\" data-created_by=\"avia_inline_auto\" id=\"style-css-av-hgjsh-4ad6bf0d2fc62696990cb6c5e6302c63\">\n.flex_column.av-hgjsh-4ad6bf0d2fc62696990cb6c5e6302c63{\nborder-radius:0px 0px 0px 0px;\npadding:0px 0px 0px 0px;\n}\n<\/style>\n<div  class='flex_column av-hgjsh-4ad6bf0d2fc62696990cb6c5e6302c63 av_two_fifth  avia-builder-el-3  el_after_av_three_fifth  avia-builder-el-last  flex_column_div av-zero-column-padding  '     ><p>\n<style type=\"text\/css\" data-created_by=\"avia_inline_auto\" id=\"style-css-av-kde9de9x-f5c2b517fda656254b4816389fb79446\">\n.avia-image-container.av-kde9de9x-f5c2b517fda656254b4816389fb79446 img.avia_image{\nbox-shadow:none;\n}\n.avia-image-container.av-kde9de9x-f5c2b517fda656254b4816389fb79446 .av-image-caption-overlay-center{\ncolor:#ffffff;\n}\n<\/style>\n<div  class='avia-image-container av-kde9de9x-f5c2b517fda656254b4816389fb79446 av-styling- avia-align-left  avia-builder-el-4  el_before_av_image  avia-builder-el-first '   itemprop=\"image\" itemscope=\"itemscope\" itemtype=\"https:\/\/schema.org\/ImageObject\" ><div class=\"avia-image-container-inner\"><div class=\"avia-image-overlay-wrap\"><a href=\"https:\/\/www.prokol.com\/wp-content\/uploads\/Roro_01-1030x772.jpg\" data-srcset=\"https:\/\/www.prokol.com\/wp-content\/uploads\/Roro_01-1030x772.jpg 1030w, https:\/\/www.prokol.com\/wp-content\/uploads\/Roro_01-600x450.jpg 600w, https:\/\/www.prokol.com\/wp-content\/uploads\/Roro_01-300x225.jpg 300w, https:\/\/www.prokol.com\/wp-content\/uploads\/Roro_01-768x576.jpg 768w, https:\/\/www.prokol.com\/wp-content\/uploads\/Roro_01-1536x1152.jpg 1536w, https:\/\/www.prokol.com\/wp-content\/uploads\/Roro_01-2048x1535.jpg 2048w, https:\/\/www.prokol.com\/wp-content\/uploads\/Roro_01-1500x1125.jpg 1500w, https:\/\/www.prokol.com\/wp-content\/uploads\/Roro_01-705x529.jpg 705w, https:\/\/www.prokol.com\/wp-content\/uploads\/Roro_01-24x18.jpg 24w, https:\/\/www.prokol.com\/wp-content\/uploads\/Roro_01-36x27.jpg 36w, https:\/\/www.prokol.com\/wp-content\/uploads\/Roro_01-48x36.jpg 48w\" data-sizes=\"(max-width: 1030px) 100vw, 1030px\" class='avia_image'  aria-label='Aerial view of large RORO Vehicle carrier vessel parking for loa'><img decoding=\"async\" fetchpriority=\"high\" class='wp-image-12336 avia-img-lazy-loading-not-12336 avia_image ' src=\"https:\/\/www.prokol.com\/wp-content\/uploads\/Roro_01-180x180.jpg\" alt='' title='Aerial view of large RORO Vehicle carrier vessel parking for loa'  height=\"180\" width=\"180\"  itemprop=\"thumbnailUrl\" srcset=\"https:\/\/www.prokol.com\/wp-content\/uploads\/Roro_01-180x180.jpg 180w, https:\/\/www.prokol.com\/wp-content\/uploads\/Roro_01-300x300.jpg 300w, https:\/\/www.prokol.com\/wp-content\/uploads\/Roro_01-100x100.jpg 100w, https:\/\/www.prokol.com\/wp-content\/uploads\/Roro_01-80x80.jpg 80w, https:\/\/www.prokol.com\/wp-content\/uploads\/Roro_01-36x36.jpg 36w\" sizes=\"(max-width: 180px) 100vw, 180px\" \/><\/a><\/div><\/div><\/div><br \/>\n\n<style type=\"text\/css\" data-created_by=\"avia_inline_auto\" id=\"style-css-av-kde9de9x-dd59a8c519ca07b349c907a73025b010\">\n.avia-image-container.av-kde9de9x-dd59a8c519ca07b349c907a73025b010 img.avia_image{\nbox-shadow:none;\n}\n.avia-image-container.av-kde9de9x-dd59a8c519ca07b349c907a73025b010 .av-image-caption-overlay-center{\ncolor:#ffffff;\n}\n<\/style>\n<div  class='avia-image-container av-kde9de9x-dd59a8c519ca07b349c907a73025b010 av-styling- avia-align-left  avia-builder-el-5  el_after_av_image  avia-builder-el-last '   itemprop=\"image\" itemscope=\"itemscope\" itemtype=\"https:\/\/schema.org\/ImageObject\" ><div class=\"avia-image-container-inner\"><div class=\"avia-image-overlay-wrap\"><a href=\"https:\/\/www.prokol.com\/wp-content\/uploads\/Roro_02.jpg\" data-srcset=\"https:\/\/www.prokol.com\/wp-content\/uploads\/Roro_02.jpg 749w, https:\/\/www.prokol.com\/wp-content\/uploads\/Roro_02-600x392.jpg 600w, https:\/\/www.prokol.com\/wp-content\/uploads\/Roro_02-300x196.jpg 300w, https:\/\/www.prokol.com\/wp-content\/uploads\/Roro_02-705x460.jpg 705w, https:\/\/www.prokol.com\/wp-content\/uploads\/Roro_02-24x16.jpg 24w, https:\/\/www.prokol.com\/wp-content\/uploads\/Roro_02-36x24.jpg 36w, https:\/\/www.prokol.com\/wp-content\/uploads\/Roro_02-48x31.jpg 48w\" data-sizes=\"(max-width: 749px) 100vw, 749px\" class='avia_image'  aria-label='Roro_02'><img decoding=\"async\" fetchpriority=\"high\" class='wp-image-12340 avia-img-lazy-loading-not-12340 avia_image ' src=\"https:\/\/www.prokol.com\/wp-content\/uploads\/Roro_02-180x180.jpg\" alt='' title='Roro_02'  height=\"180\" width=\"180\"  itemprop=\"thumbnailUrl\" srcset=\"https:\/\/www.prokol.com\/wp-content\/uploads\/Roro_02-180x180.jpg 180w, https:\/\/www.prokol.com\/wp-content\/uploads\/Roro_02-300x300.jpg 300w, https:\/\/www.prokol.com\/wp-content\/uploads\/Roro_02-100x100.jpg 100w, https:\/\/www.prokol.com\/wp-content\/uploads\/Roro_02-80x80.jpg 80w, https:\/\/www.prokol.com\/wp-content\/uploads\/Roro_02-36x36.jpg 36w\" sizes=\"(max-width: 180px) 100vw, 180px\" \/><\/a><\/div><\/div><\/div><\/p><\/div>\n","protected":false},"excerpt":{"rendered":"","protected":false},"author":3,"featured_media":0,"parent":19311,"menu_order":0,"comment_status":"closed","ping_status":"closed","template":"","meta":{"inline_featured_image":false,"footnotes":""},"tags":[],"class_list":["post-19078","page","type-page","status-publish","hentry"],"yoast_head":"<!-- This site is optimized with the Yoast SEO plugin v27.2 - https:\/\/yoast.com\/product\/yoast-seo-wordpress\/ -->\n<title>RoRo-Decks - Prokol Protective Coatings<\/title>\n<meta name=\"robots\" content=\"index, follow, max-snippet:-1, max-image-preview:large, max-video-preview:-1\" \/>\n<link rel=\"canonical\" href=\"https:\/\/www.prokol.com\/de\/anwendungen\/maritim\/roro-decks\/\" \/>\n<meta property=\"og:locale\" content=\"de_DE\" \/>\n<meta property=\"og:type\" content=\"article\" \/>\n<meta property=\"og:title\" content=\"RoRo-Decks - Prokol Protective Coatings\" \/>\n<meta property=\"og:url\" content=\"https:\/\/www.prokol.com\/de\/anwendungen\/maritim\/roro-decks\/\" \/>\n<meta property=\"og:site_name\" content=\"Prokol Protective Coatings\" \/>\n<meta property=\"article:modified_time\" content=\"2023-05-16T09:57:04+00:00\" \/>\n<meta name=\"twitter:card\" content=\"summary_large_image\" \/>\n<meta name=\"twitter:label1\" content=\"Gesch\u00e4tzte Lesezeit\" \/>\n\t<meta name=\"twitter:data1\" content=\"4\u00a0Minuten\" \/>\n<script type=\"application\/ld+json\" class=\"yoast-schema-graph\">{\"@context\":\"https:\/\/schema.org\",\"@graph\":[{\"@type\":\"WebPage\",\"@id\":\"https:\/\/www.prokol.com\/de\/anwendungen\/maritim\/roro-decks\/\",\"url\":\"https:\/\/www.prokol.com\/de\/anwendungen\/maritim\/roro-decks\/\",\"name\":\"RoRo-Decks - Prokol Protective Coatings\",\"isPartOf\":{\"@id\":\"https:\/\/www.prokol.com\/de\/#website\"},\"datePublished\":\"2022-03-31T12:52:57+00:00\",\"dateModified\":\"2023-05-16T09:57:04+00:00\",\"breadcrumb\":{\"@id\":\"https:\/\/www.prokol.com\/de\/anwendungen\/maritim\/roro-decks\/#breadcrumb\"},\"inLanguage\":\"de\",\"potentialAction\":[{\"@type\":\"ReadAction\",\"target\":[\"https:\/\/www.prokol.com\/de\/anwendungen\/maritim\/roro-decks\/\"]}]},{\"@type\":\"BreadcrumbList\",\"@id\":\"https:\/\/www.prokol.com\/de\/anwendungen\/maritim\/roro-decks\/#breadcrumb\",\"itemListElement\":[{\"@type\":\"ListItem\",\"position\":1,\"name\":\"Home\",\"item\":\"https:\/\/www.prokol.com\/de\/prokol-home-de\/\"},{\"@type\":\"ListItem\",\"position\":2,\"name\":\"Anwendungen\",\"item\":\"https:\/\/www.prokol.com\/de\/anwendungen\/\"},{\"@type\":\"ListItem\",\"position\":3,\"name\":\"Maritim\",\"item\":\"https:\/\/www.prokol.com\/de\/anwendungen\/maritim\/\"},{\"@type\":\"ListItem\",\"position\":4,\"name\":\"RoRo-Decks\"}]},{\"@type\":\"WebSite\",\"@id\":\"https:\/\/www.prokol.com\/de\/#website\",\"url\":\"https:\/\/www.prokol.com\/de\/\",\"name\":\"Prokol Protective Coatings\",\"description\":\"POLYUREA HOTSPRAY, GIETVLOEREN EN PARKEERGARAGE COATINGS, VLOEIBARE NAADLOZE KUNSTSTOFFEN\",\"potentialAction\":[{\"@type\":\"SearchAction\",\"target\":{\"@type\":\"EntryPoint\",\"urlTemplate\":\"https:\/\/www.prokol.com\/de\/?s={search_term_string}\"},\"query-input\":{\"@type\":\"PropertyValueSpecification\",\"valueRequired\":true,\"valueName\":\"search_term_string\"}}],\"inLanguage\":\"de\"}]}<\/script>\n<!-- \/ Yoast SEO plugin. -->","yoast_head_json":{"title":"RoRo-Decks - Prokol Protective Coatings","robots":{"index":"index","follow":"follow","max-snippet":"max-snippet:-1","max-image-preview":"max-image-preview:large","max-video-preview":"max-video-preview:-1"},"canonical":"https:\/\/www.prokol.com\/de\/anwendungen\/maritim\/roro-decks\/","og_locale":"de_DE","og_type":"article","og_title":"RoRo-Decks - Prokol Protective Coatings","og_url":"https:\/\/www.prokol.com\/de\/anwendungen\/maritim\/roro-decks\/","og_site_name":"Prokol Protective Coatings","article_modified_time":"2023-05-16T09:57:04+00:00","twitter_card":"summary_large_image","twitter_misc":{"Gesch\u00e4tzte Lesezeit":"4\u00a0Minuten"},"schema":{"@context":"https:\/\/schema.org","@graph":[{"@type":"WebPage","@id":"https:\/\/www.prokol.com\/de\/anwendungen\/maritim\/roro-decks\/","url":"https:\/\/www.prokol.com\/de\/anwendungen\/maritim\/roro-decks\/","name":"RoRo-Decks - Prokol Protective Coatings","isPartOf":{"@id":"https:\/\/www.prokol.com\/de\/#website"},"datePublished":"2022-03-31T12:52:57+00:00","dateModified":"2023-05-16T09:57:04+00:00","breadcrumb":{"@id":"https:\/\/www.prokol.com\/de\/anwendungen\/maritim\/roro-decks\/#breadcrumb"},"inLanguage":"de","potentialAction":[{"@type":"ReadAction","target":["https:\/\/www.prokol.com\/de\/anwendungen\/maritim\/roro-decks\/"]}]},{"@type":"BreadcrumbList","@id":"https:\/\/www.prokol.com\/de\/anwendungen\/maritim\/roro-decks\/#breadcrumb","itemListElement":[{"@type":"ListItem","position":1,"name":"Home","item":"https:\/\/www.prokol.com\/de\/prokol-home-de\/"},{"@type":"ListItem","position":2,"name":"Anwendungen","item":"https:\/\/www.prokol.com\/de\/anwendungen\/"},{"@type":"ListItem","position":3,"name":"Maritim","item":"https:\/\/www.prokol.com\/de\/anwendungen\/maritim\/"},{"@type":"ListItem","position":4,"name":"RoRo-Decks"}]},{"@type":"WebSite","@id":"https:\/\/www.prokol.com\/de\/#website","url":"https:\/\/www.prokol.com\/de\/","name":"Prokol Protective Coatings","description":"POLYUREA HOTSPRAY, GIETVLOEREN EN PARKEERGARAGE COATINGS, VLOEIBARE NAADLOZE KUNSTSTOFFEN","potentialAction":[{"@type":"SearchAction","target":{"@type":"EntryPoint","urlTemplate":"https:\/\/www.prokol.com\/de\/?s={search_term_string}"},"query-input":{"@type":"PropertyValueSpecification","valueRequired":true,"valueName":"search_term_string"}}],"inLanguage":"de"}]}},"_links":{"self":[{"href":"https:\/\/www.prokol.com\/de\/wp-json\/wp\/v2\/pages\/19078","targetHints":{"allow":["GET"]}}],"collection":[{"href":"https:\/\/www.prokol.com\/de\/wp-json\/wp\/v2\/pages"}],"about":[{"href":"https:\/\/www.prokol.com\/de\/wp-json\/wp\/v2\/types\/page"}],"author":[{"embeddable":true,"href":"https:\/\/www.prokol.com\/de\/wp-json\/wp\/v2\/users\/3"}],"replies":[{"embeddable":true,"href":"https:\/\/www.prokol.com\/de\/wp-json\/wp\/v2\/comments?post=19078"}],"version-history":[{"count":4,"href":"https:\/\/www.prokol.com\/de\/wp-json\/wp\/v2\/pages\/19078\/revisions"}],"predecessor-version":[{"id":19204,"href":"https:\/\/www.prokol.com\/de\/wp-json\/wp\/v2\/pages\/19078\/revisions\/19204"}],"up":[{"embeddable":true,"href":"https:\/\/www.prokol.com\/de\/wp-json\/wp\/v2\/pages\/19311"}],"wp:attachment":[{"href":"https:\/\/www.prokol.com\/de\/wp-json\/wp\/v2\/media?parent=19078"}],"wp:term":[{"taxonomy":"post_tag","embeddable":true,"href":"https:\/\/www.prokol.com\/de\/wp-json\/wp\/v2\/tags?post=19078"}],"curies":[{"name":"wp","href":"https:\/\/api.w.org\/{rel}","templated":true}]}}