{"id":19084,"date":"2022-03-31T14:58:35","date_gmt":"2022-03-31T12:58:35","guid":{"rendered":"https:\/\/www.prokol.com\/bruecken-und-viadukte\/"},"modified":"2023-05-16T11:57:11","modified_gmt":"2023-05-16T09:57:11","slug":"bruecken-und-viadukte","status":"publish","type":"page","link":"https:\/\/www.prokol.com\/de\/anwendungen\/tiefbau-infrastruktur-schienenverkehr\/bruecken-und-viadukte\/","title":{"rendered":"Br\u00fccken und Viadukte"},"content":{"rendered":"<div id='full_slider_1'  class='avia-fullwidth-slider main_color avia-shadow   avia-builder-el-0  el_before_av_three_fifth  avia-builder-el-first  vervolgslide  container_wrap fullsize'  >\n<style type=\"text\/css\" data-created_by=\"avia_inline_auto\" id=\"style-css-av-k4179f0p-acede921c93825f4aeea30d99a7ef583\">\n#top #wrap_all .avia-slideshow .av-slideshow-caption.av-k4179f0p-acede921c93825f4aeea30d99a7ef583__0 .avia-caption-title{\nfont-size:50px;\n}\n#top .avia-slideshow .av-slideshow-caption.av-k4179f0p-acede921c93825f4aeea30d99a7ef583__0 .avia-caption-content{\nfont-size:18px;\n}\n#top .avia-slideshow .av-slideshow-caption.av-k4179f0p-acede921c93825f4aeea30d99a7ef583__0 .avia-caption-content p{\nfont-size:18px;\n}\n\n@media only screen and (min-width: 768px) and (max-width: 989px){ \n#top .avia-slideshow .av-slideshow-caption.av-k4179f0p-acede921c93825f4aeea30d99a7ef583__0 .avia-caption-content{\ndisplay:none;\n}\n#top .avia-slideshow .av-slideshow-caption.av-k4179f0p-acede921c93825f4aeea30d99a7ef583__0 .avia-caption-content p{\ndisplay:none;\n}\n}\n\n@media only screen and (min-width: 480px) and (max-width: 767px){ \n#top .avia-slideshow .av-slideshow-caption.av-k4179f0p-acede921c93825f4aeea30d99a7ef583__0 .avia-caption-content{\ndisplay:none;\n}\n#top .avia-slideshow .av-slideshow-caption.av-k4179f0p-acede921c93825f4aeea30d99a7ef583__0 .avia-caption-content p{\ndisplay:none;\n}\n}\n\n@media only screen and (max-width: 479px){ \n#top .avia-slideshow .av-slideshow-caption.av-k4179f0p-acede921c93825f4aeea30d99a7ef583__0 .avia-caption-content{\ndisplay:none;\n}\n#top .avia-slideshow .av-slideshow-caption.av-k4179f0p-acede921c93825f4aeea30d99a7ef583__0 .avia-caption-content p{\ndisplay:none;\n}\n}\n<\/style>\n<div  class='avia-slideshow av-k4179f0p-acede921c93825f4aeea30d99a7ef583 avia-slideshow-featured av_slideshow_full avia-fade-slider vervolgslide av-slideshow-ui av-control-minimal av-slideshow-autoplay av-loop-endless av-loop-manual-endless av-default-height-applied   avia-slideshow-1' data-slideshow-options=\"{&quot;animation&quot;:&quot;fade&quot;,&quot;autoplay&quot;:true,&quot;loop_autoplay&quot;:&quot;endless&quot;,&quot;interval&quot;:5,&quot;loop_manual&quot;:&quot;manual-endless&quot;,&quot;autoplay_stopper&quot;:false,&quot;noNavigation&quot;:false,&quot;bg_slider&quot;:false,&quot;keep_padding&quot;:false,&quot;hoverpause&quot;:false,&quot;show_slide_delay&quot;:0}\"  itemprop=\"image\" itemscope=\"itemscope\" itemtype=\"https:\/\/schema.org\/ImageObject\" ><ul class='avia-slideshow-inner ' style='padding-bottom: 28.666666666667%;'><li  class='avia-slideshow-slide av-k4179f0p-acede921c93825f4aeea30d99a7ef583__0  av-single-slide slide-1 slide-odd'><div data-rel='slideshow-1' class='avia-slide-wrap '   ><div class='av-slideshow-caption av-k4179f0p-acede921c93825f4aeea30d99a7ef583__0 caption_fullwidth caption_left'><div class=\"container caption_container\"><div class=\"slideshow_caption\"><div class=\"slideshow_inner_caption\"><div class=\"slideshow_align_caption\"><h2 class='avia-caption-title '  itemprop=\"name\" ><span style=\"color: #df4c23;\">-<\/span><br \/>\nBr\u00fccken und Viadukte<\/h2><div class='avia-caption-content '  itemprop=\"description\" ><p>Mit Zuversicht auf die andere Seite<\/p>\n<\/div><\/div><\/div><\/div><\/div><\/div><img decoding=\"async\" fetchpriority=\"high\" class=\"wp-image-10107 avia-img-lazy-loading-not-10107\"  src=\"https:\/\/www.prokol.com\/wp-content\/uploads\/Banner_Bruggen_viaducten-1500x430.jpg\" width=\"1500\" height=\"430\" title='Br\u00fccken und Viadukte' alt=''  itemprop=\"thumbnailUrl\" srcset=\"https:\/\/www.prokol.com\/wp-content\/uploads\/Banner_Bruggen_viaducten.jpg 1500w, https:\/\/www.prokol.com\/wp-content\/uploads\/Banner_Bruggen_viaducten-600x172.jpg 600w, https:\/\/www.prokol.com\/wp-content\/uploads\/Banner_Bruggen_viaducten-300x86.jpg 300w, https:\/\/www.prokol.com\/wp-content\/uploads\/Banner_Bruggen_viaducten-1030x295.jpg 1030w, https:\/\/www.prokol.com\/wp-content\/uploads\/Banner_Bruggen_viaducten-768x220.jpg 768w, https:\/\/www.prokol.com\/wp-content\/uploads\/Banner_Bruggen_viaducten-705x202.jpg 705w, https:\/\/www.prokol.com\/wp-content\/uploads\/Banner_Bruggen_viaducten-24x7.jpg 24w, https:\/\/www.prokol.com\/wp-content\/uploads\/Banner_Bruggen_viaducten-36x10.jpg 36w, https:\/\/www.prokol.com\/wp-content\/uploads\/Banner_Bruggen_viaducten-48x14.jpg 48w\" sizes=\"(max-width: 1500px) 100vw, 1500px\" \/><div class='av-section-color-overlay' style='opacity: 0.5; background-image: url(https:\/\/www.prokol.com\/wp-content\/uploads\/2019\/12\/Overlay.png); background-repeat: repeat;'><\/div><\/div><\/li><\/ul><\/div><\/div><div id='after_full_slider_1'  class='main_color av_default_container_wrap container_wrap fullsize'  ><div class='container av-section-cont-open' ><div class='template-page content  av-content-full alpha units'><div class='post-entry post-entry-type-page post-entry-19084'><div class='entry-content-wrapper clearfix'>\n\n<style type=\"text\/css\" data-created_by=\"avia_inline_auto\" id=\"style-css-av-mir7d-076b1aa2e9a00ad00d5728ea181b7e4d\">\n.flex_column.av-mir7d-076b1aa2e9a00ad00d5728ea181b7e4d{\nborder-radius:0px 0px 0px 0px;\npadding:0px 0px 0px 0px;\n}\n<\/style>\n<div  class='flex_column av-mir7d-076b1aa2e9a00ad00d5728ea181b7e4d av_three_fifth  avia-builder-el-1  el_after_av_slideshow_full  el_before_av_two_fifth  avia-builder-el-first  first flex_column_div av-zero-column-padding  '     ><section  class='av_textblock_section av-kde9cj1t-733622bddd2480cffdd6c27dc22482a0 '   itemscope=\"itemscope\" itemtype=\"https:\/\/schema.org\/CreativeWork\" ><div class='avia_textblock'  itemprop=\"text\" ><p>In einem Land, das so wasserreich ist wie die Niederlande, gibt es Br\u00fccken in allen Formen und Gr\u00f6\u00dfen. Alle diese Br\u00fccken haben ein gemeinsames Ziel: Sie sollen gew\u00e4hrleisten, dass der Verkehr sicher auf die andere Seite gelangt. Eine wichtige Voraussetzung ist, dass sie unter sehr unterschiedlichen Bedingungen befahrbar bleiben.<\/p>\n<h5>Wartung<\/h5>\n<p>Die Wartung ist sehr wichtig. Br\u00fccken sind fast immer unverzichtbar. Sie wurden geschaffen, weil es keine Stra\u00dfe oder einen extrem langen Umweg auf die andere Seite gibt.<\/p>\n<p>Rettungsdienste nutzen die Br\u00fccken dankbar, was sogar lebensrettend sein kann. Das bedeutet auch, dass sie nur teilweise oder f\u00fcr eine sehr kurze Zeit au\u00dfer Betrieb genommen werden k\u00f6nnen.<\/p>\n<p>Neben festen Br\u00fccken haben wir es oft auch mit Zugbr\u00fccken zu tun. Die Instandhaltung von Zugbr\u00fccken ist mit zus\u00e4tzlichen Schwierigkeiten verbunden. Schlie\u00dflich muss der Schiffsverkehr auch w\u00e4hrend der Wartungsarbeiten stattfinden k\u00f6nnen.<\/p>\n<h5>Prokol-Br\u00fcckendecksysteme<\/h5>\n<p>Als Spezialist f\u00fcr schnelle Systeme hat Prokol daf\u00fcr verschiedene L\u00f6sungen. Diese L\u00f6sungen stellen sicher, dass Br\u00fccken ohne gr\u00f6\u00dfere Behinderungen behandelt und sofort nach Fertigstellung wieder ge\u00f6ffnet werden k\u00f6nnen.<br \/>\nProkol-Br\u00fcckendecksysteme sind f\u00fcr Br\u00fccken aus Beton, Stahl und Holz geeignet. Falls erforderlich, k\u00f6nnen Zugbr\u00fccken w\u00e4hrend der Bauarbeiten ge\u00f6ffnet werden, um den Schiffsverkehr durchzulassen. Die Br\u00fcckendecksysteme von Prokol bieten ein optimales Finish in Bezug auf Schnelligkeit, Verschlei\u00dffestigkeit und Wasserdichtigkeit, sodass die darunter liegende Struktur \u00fcber Jahre hinweg gesch\u00fctzt bleibt.<\/p>\n<\/div><\/section><\/div>\n\n<style type=\"text\/css\" data-created_by=\"avia_inline_auto\" id=\"style-css-av-hgjsh-4ad6bf0d2fc62696990cb6c5e6302c63\">\n.flex_column.av-hgjsh-4ad6bf0d2fc62696990cb6c5e6302c63{\nborder-radius:0px 0px 0px 0px;\npadding:0px 0px 0px 0px;\n}\n<\/style>\n<div  class='flex_column av-hgjsh-4ad6bf0d2fc62696990cb6c5e6302c63 av_two_fifth  avia-builder-el-3  el_after_av_three_fifth  avia-builder-el-last  flex_column_div av-zero-column-padding  '     ><p>\n<style type=\"text\/css\" data-created_by=\"avia_inline_auto\" id=\"style-css-av-kde9de9x-6f32b3fd46b45b23af11063b56e8fde6\">\n.avia-image-container.av-kde9de9x-6f32b3fd46b45b23af11063b56e8fde6 img.avia_image{\nbox-shadow:none;\n}\n.avia-image-container.av-kde9de9x-6f32b3fd46b45b23af11063b56e8fde6 .av-image-caption-overlay-center{\ncolor:#ffffff;\n}\n<\/style>\n<div  class='avia-image-container av-kde9de9x-6f32b3fd46b45b23af11063b56e8fde6 av-styling- avia-align-left  avia-builder-el-4  el_before_av_image  avia-builder-el-first '   itemprop=\"image\" itemscope=\"itemscope\" itemtype=\"https:\/\/schema.org\/ImageObject\" ><div class=\"avia-image-container-inner\"><div class=\"avia-image-overlay-wrap\"><a href=\"https:\/\/www.prokol.com\/wp-content\/uploads\/Bruggen_viaducten_04-1030x773.jpg\" data-srcset=\"https:\/\/www.prokol.com\/wp-content\/uploads\/Bruggen_viaducten_04-1030x773.jpg 1030w, https:\/\/www.prokol.com\/wp-content\/uploads\/Bruggen_viaducten_04-scaled-600x450.jpg 600w, https:\/\/www.prokol.com\/wp-content\/uploads\/Bruggen_viaducten_04-300x225.jpg 300w, https:\/\/www.prokol.com\/wp-content\/uploads\/Bruggen_viaducten_04-768x576.jpg 768w, https:\/\/www.prokol.com\/wp-content\/uploads\/Bruggen_viaducten_04-1536x1152.jpg 1536w, https:\/\/www.prokol.com\/wp-content\/uploads\/Bruggen_viaducten_04-2048x1536.jpg 2048w, https:\/\/www.prokol.com\/wp-content\/uploads\/Bruggen_viaducten_04-1500x1125.jpg 1500w, https:\/\/www.prokol.com\/wp-content\/uploads\/Bruggen_viaducten_04-705x529.jpg 705w, https:\/\/www.prokol.com\/wp-content\/uploads\/Bruggen_viaducten_04-24x18.jpg 24w, https:\/\/www.prokol.com\/wp-content\/uploads\/Bruggen_viaducten_04-36x27.jpg 36w, https:\/\/www.prokol.com\/wp-content\/uploads\/Bruggen_viaducten_04-48x36.jpg 48w\" data-sizes=\"(max-width: 1030px) 100vw, 1030px\" class='avia_image'  aria-label='Bruggen_viaducten_04'><img decoding=\"async\" fetchpriority=\"high\" class='wp-image-11008 avia-img-lazy-loading-not-11008 avia_image ' src=\"https:\/\/www.prokol.com\/wp-content\/uploads\/Bruggen_viaducten_04-180x180.jpg\" alt='' title='Bruggen_viaducten_04'  height=\"180\" width=\"180\"  itemprop=\"thumbnailUrl\" srcset=\"https:\/\/www.prokol.com\/wp-content\/uploads\/Bruggen_viaducten_04-180x180.jpg 180w, https:\/\/www.prokol.com\/wp-content\/uploads\/Bruggen_viaducten_04-scaled-300x300.jpg 300w, https:\/\/www.prokol.com\/wp-content\/uploads\/Bruggen_viaducten_04-scaled-100x100.jpg 100w, https:\/\/www.prokol.com\/wp-content\/uploads\/Bruggen_viaducten_04-80x80.jpg 80w, https:\/\/www.prokol.com\/wp-content\/uploads\/Bruggen_viaducten_04-36x36.jpg 36w\" sizes=\"(max-width: 180px) 100vw, 180px\" \/><\/a><\/div><\/div><\/div><br \/>\n\n<style type=\"text\/css\" data-created_by=\"avia_inline_auto\" id=\"style-css-av-kde9de9x-7da42952cda8175cae21db26b50ae34e\">\n.avia-image-container.av-kde9de9x-7da42952cda8175cae21db26b50ae34e img.avia_image{\nbox-shadow:none;\n}\n.avia-image-container.av-kde9de9x-7da42952cda8175cae21db26b50ae34e .av-image-caption-overlay-center{\ncolor:#ffffff;\n}\n<\/style>\n<div  class='avia-image-container av-kde9de9x-7da42952cda8175cae21db26b50ae34e av-styling- avia-align-left  avia-builder-el-5  el_after_av_image  el_before_av_image '   itemprop=\"image\" itemscope=\"itemscope\" itemtype=\"https:\/\/schema.org\/ImageObject\" ><div class=\"avia-image-container-inner\"><div class=\"avia-image-overlay-wrap\"><a href=\"https:\/\/www.prokol.com\/wp-content\/uploads\/Bruggen_viaducten_03-1030x773.jpg\" data-srcset=\"https:\/\/www.prokol.com\/wp-content\/uploads\/Bruggen_viaducten_03-1030x773.jpg 1030w, https:\/\/www.prokol.com\/wp-content\/uploads\/Bruggen_viaducten_03-scaled-600x450.jpg 600w, https:\/\/www.prokol.com\/wp-content\/uploads\/Bruggen_viaducten_03-300x225.jpg 300w, https:\/\/www.prokol.com\/wp-content\/uploads\/Bruggen_viaducten_03-768x576.jpg 768w, https:\/\/www.prokol.com\/wp-content\/uploads\/Bruggen_viaducten_03-1536x1152.jpg 1536w, https:\/\/www.prokol.com\/wp-content\/uploads\/Bruggen_viaducten_03-2048x1536.jpg 2048w, https:\/\/www.prokol.com\/wp-content\/uploads\/Bruggen_viaducten_03-1500x1125.jpg 1500w, https:\/\/www.prokol.com\/wp-content\/uploads\/Bruggen_viaducten_03-705x529.jpg 705w, https:\/\/www.prokol.com\/wp-content\/uploads\/Bruggen_viaducten_03-24x18.jpg 24w, https:\/\/www.prokol.com\/wp-content\/uploads\/Bruggen_viaducten_03-36x27.jpg 36w, https:\/\/www.prokol.com\/wp-content\/uploads\/Bruggen_viaducten_03-48x36.jpg 48w\" data-sizes=\"(max-width: 1030px) 100vw, 1030px\" class='avia_image'  aria-label='Bruggen_viaducten_03'><img decoding=\"async\" fetchpriority=\"high\" class='wp-image-11004 avia-img-lazy-loading-not-11004 avia_image ' src=\"https:\/\/www.prokol.com\/wp-content\/uploads\/Bruggen_viaducten_03-180x180.jpg\" alt='' title='Bruggen_viaducten_03'  height=\"180\" width=\"180\"  itemprop=\"thumbnailUrl\" srcset=\"https:\/\/www.prokol.com\/wp-content\/uploads\/Bruggen_viaducten_03-180x180.jpg 180w, https:\/\/www.prokol.com\/wp-content\/uploads\/Bruggen_viaducten_03-scaled-300x300.jpg 300w, https:\/\/www.prokol.com\/wp-content\/uploads\/Bruggen_viaducten_03-scaled-100x100.jpg 100w, https:\/\/www.prokol.com\/wp-content\/uploads\/Bruggen_viaducten_03-80x80.jpg 80w, https:\/\/www.prokol.com\/wp-content\/uploads\/Bruggen_viaducten_03-36x36.jpg 36w\" sizes=\"(max-width: 180px) 100vw, 180px\" \/><\/a><\/div><\/div><\/div><br \/>\n\n<style type=\"text\/css\" data-created_by=\"avia_inline_auto\" id=\"style-css-av-kde9dv3w-2ac15d8ec87ab6f6b7ca072ac390312f\">\n.avia-image-container.av-kde9dv3w-2ac15d8ec87ab6f6b7ca072ac390312f img.avia_image{\nbox-shadow:none;\n}\n.avia-image-container.av-kde9dv3w-2ac15d8ec87ab6f6b7ca072ac390312f .av-image-caption-overlay-center{\ncolor:#ffffff;\n}\n<\/style>\n<div  class='avia-image-container av-kde9dv3w-2ac15d8ec87ab6f6b7ca072ac390312f av-styling- avia-align-left  avia-builder-el-6  el_after_av_image  el_before_av_image '   itemprop=\"image\" itemscope=\"itemscope\" itemtype=\"https:\/\/schema.org\/ImageObject\" ><div class=\"avia-image-container-inner\"><div class=\"avia-image-overlay-wrap\"><a href=\"https:\/\/www.prokol.com\/wp-content\/uploads\/Bruggen_viaducten_02-773x1030.jpg\" data-srcset=\"https:\/\/www.prokol.com\/wp-content\/uploads\/Bruggen_viaducten_02-773x1030.jpg 773w, https:\/\/www.prokol.com\/wp-content\/uploads\/Bruggen_viaducten_02-scaled-600x800.jpg 600w, https:\/\/www.prokol.com\/wp-content\/uploads\/Bruggen_viaducten_02-225x300.jpg 225w, https:\/\/www.prokol.com\/wp-content\/uploads\/Bruggen_viaducten_02-768x1024.jpg 768w, https:\/\/www.prokol.com\/wp-content\/uploads\/Bruggen_viaducten_02-1152x1536.jpg 1152w, https:\/\/www.prokol.com\/wp-content\/uploads\/Bruggen_viaducten_02-1536x2048.jpg 1536w, https:\/\/www.prokol.com\/wp-content\/uploads\/Bruggen_viaducten_02-1125x1500.jpg 1125w, https:\/\/www.prokol.com\/wp-content\/uploads\/Bruggen_viaducten_02-529x705.jpg 529w, https:\/\/www.prokol.com\/wp-content\/uploads\/Bruggen_viaducten_02-18x24.jpg 18w, https:\/\/www.prokol.com\/wp-content\/uploads\/Bruggen_viaducten_02-27x36.jpg 27w, https:\/\/www.prokol.com\/wp-content\/uploads\/Bruggen_viaducten_02-36x48.jpg 36w, https:\/\/www.prokol.com\/wp-content\/uploads\/Bruggen_viaducten_02-scaled.jpg 1920w\" data-sizes=\"(max-width: 773px) 100vw, 773px\" class='avia_image'  aria-label='Bruggen_viaducten_02'><img decoding=\"async\" fetchpriority=\"high\" class='wp-image-11000 avia-img-lazy-loading-not-11000 avia_image ' src=\"https:\/\/www.prokol.com\/wp-content\/uploads\/Bruggen_viaducten_02-180x180.jpg\" alt='Bruggen &amp; viaducten' title='Bruggen_viaducten_02'  height=\"180\" width=\"180\"  itemprop=\"thumbnailUrl\" srcset=\"https:\/\/www.prokol.com\/wp-content\/uploads\/Bruggen_viaducten_02-180x180.jpg 180w, https:\/\/www.prokol.com\/wp-content\/uploads\/Bruggen_viaducten_02-scaled-300x300.jpg 300w, https:\/\/www.prokol.com\/wp-content\/uploads\/Bruggen_viaducten_02-scaled-100x100.jpg 100w, https:\/\/www.prokol.com\/wp-content\/uploads\/Bruggen_viaducten_02-80x80.jpg 80w, https:\/\/www.prokol.com\/wp-content\/uploads\/Bruggen_viaducten_02-36x36.jpg 36w\" sizes=\"(max-width: 180px) 100vw, 180px\" \/><\/a><\/div><\/div><\/div><br \/>\n\n<style type=\"text\/css\" data-created_by=\"avia_inline_auto\" id=\"style-css-av-kde9de9x-2bd0bee117cf4199458459fa592481ad\">\n.avia-image-container.av-kde9de9x-2bd0bee117cf4199458459fa592481ad img.avia_image{\nbox-shadow:none;\n}\n.avia-image-container.av-kde9de9x-2bd0bee117cf4199458459fa592481ad .av-image-caption-overlay-center{\ncolor:#ffffff;\n}\n<\/style>\n<div  class='avia-image-container av-kde9de9x-2bd0bee117cf4199458459fa592481ad av-styling- avia-align-left  avia-builder-el-7  el_after_av_image  avia-builder-el-last '   itemprop=\"image\" itemscope=\"itemscope\" itemtype=\"https:\/\/schema.org\/ImageObject\" ><div class=\"avia-image-container-inner\"><div class=\"avia-image-overlay-wrap\"><a href=\"https:\/\/www.prokol.com\/wp-content\/uploads\/Bruggen_viaducten_01-773x1030.jpg\" data-srcset=\"https:\/\/www.prokol.com\/wp-content\/uploads\/Bruggen_viaducten_01-773x1030.jpg 773w, https:\/\/www.prokol.com\/wp-content\/uploads\/Bruggen_viaducten_01-scaled-600x800.jpg 600w, https:\/\/www.prokol.com\/wp-content\/uploads\/Bruggen_viaducten_01-225x300.jpg 225w, https:\/\/www.prokol.com\/wp-content\/uploads\/Bruggen_viaducten_01-768x1024.jpg 768w, https:\/\/www.prokol.com\/wp-content\/uploads\/Bruggen_viaducten_01-1152x1536.jpg 1152w, https:\/\/www.prokol.com\/wp-content\/uploads\/Bruggen_viaducten_01-1536x2048.jpg 1536w, https:\/\/www.prokol.com\/wp-content\/uploads\/Bruggen_viaducten_01-1125x1500.jpg 1125w, https:\/\/www.prokol.com\/wp-content\/uploads\/Bruggen_viaducten_01-529x705.jpg 529w, https:\/\/www.prokol.com\/wp-content\/uploads\/Bruggen_viaducten_01-18x24.jpg 18w, https:\/\/www.prokol.com\/wp-content\/uploads\/Bruggen_viaducten_01-27x36.jpg 27w, https:\/\/www.prokol.com\/wp-content\/uploads\/Bruggen_viaducten_01-36x48.jpg 36w, https:\/\/www.prokol.com\/wp-content\/uploads\/Bruggen_viaducten_01-scaled.jpg 1920w\" data-sizes=\"(max-width: 773px) 100vw, 773px\" class='avia_image'  aria-label='Bruggen_viaducten_01'><img decoding=\"async\" fetchpriority=\"high\" class='wp-image-10996 avia-img-lazy-loading-not-10996 avia_image ' src=\"https:\/\/www.prokol.com\/wp-content\/uploads\/Bruggen_viaducten_01-180x180.jpg\" alt='Bruggen &amp; viaducte' title='Bruggen_viaducten_01'  height=\"180\" width=\"180\"  itemprop=\"thumbnailUrl\" srcset=\"https:\/\/www.prokol.com\/wp-content\/uploads\/Bruggen_viaducten_01-180x180.jpg 180w, https:\/\/www.prokol.com\/wp-content\/uploads\/Bruggen_viaducten_01-scaled-300x300.jpg 300w, https:\/\/www.prokol.com\/wp-content\/uploads\/Bruggen_viaducten_01-scaled-100x100.jpg 100w, https:\/\/www.prokol.com\/wp-content\/uploads\/Bruggen_viaducten_01-80x80.jpg 80w, https:\/\/www.prokol.com\/wp-content\/uploads\/Bruggen_viaducten_01-36x36.jpg 36w\" sizes=\"(max-width: 180px) 100vw, 180px\" \/><\/a><\/div><\/div><\/div><\/p><\/div>\n","protected":false},"excerpt":{"rendered":"","protected":false},"author":1,"featured_media":0,"parent":19317,"menu_order":0,"comment_status":"closed","ping_status":"closed","template":"","meta":{"inline_featured_image":false,"footnotes":""},"tags":[],"class_list":["post-19084","page","type-page","status-publish","hentry"],"yoast_head":"<!-- This site is optimized with the Yoast SEO plugin v27.2 - https:\/\/yoast.com\/product\/yoast-seo-wordpress\/ -->\n<title>Br\u00fccken und Viadukte | Mit Zuversicht auf die andere Seite<\/title>\n<meta name=\"description\" content=\"Br\u00fccken und Viadukte | Mit Zuversicht auf die andere Seite\" \/>\n<meta name=\"robots\" content=\"index, follow, max-snippet:-1, max-image-preview:large, max-video-preview:-1\" \/>\n<link rel=\"canonical\" href=\"https:\/\/www.prokol.com\/de\/anwendungen\/tiefbau-infrastruktur-schienenverkehr\/bruecken-und-viadukte\/\" \/>\n<meta property=\"og:locale\" content=\"de_DE\" \/>\n<meta property=\"og:type\" content=\"article\" \/>\n<meta property=\"og:title\" content=\"Br\u00fccken und Viadukte | Mit Zuversicht auf die andere Seite\" \/>\n<meta property=\"og:description\" content=\"Br\u00fccken und Viadukte | Mit Zuversicht auf die andere Seite\" \/>\n<meta property=\"og:url\" content=\"https:\/\/www.prokol.com\/de\/anwendungen\/tiefbau-infrastruktur-schienenverkehr\/bruecken-und-viadukte\/\" \/>\n<meta property=\"og:site_name\" content=\"Prokol Protective Coatings\" \/>\n<meta property=\"article:modified_time\" content=\"2023-05-16T09:57:11+00:00\" \/>\n<meta name=\"twitter:card\" content=\"summary_large_image\" \/>\n<meta name=\"twitter:label1\" content=\"Gesch\u00e4tzte Lesezeit\" \/>\n\t<meta name=\"twitter:data1\" content=\"6\u00a0Minuten\" \/>\n<script type=\"application\/ld+json\" class=\"yoast-schema-graph\">{\"@context\":\"https:\/\/schema.org\",\"@graph\":[{\"@type\":\"WebPage\",\"@id\":\"https:\/\/www.prokol.com\/de\/anwendungen\/tiefbau-infrastruktur-schienenverkehr\/bruecken-und-viadukte\/\",\"url\":\"https:\/\/www.prokol.com\/de\/anwendungen\/tiefbau-infrastruktur-schienenverkehr\/bruecken-und-viadukte\/\",\"name\":\"Br\u00fccken und Viadukte | Mit Zuversicht auf die andere Seite\",\"isPartOf\":{\"@id\":\"https:\/\/www.prokol.com\/de\/#website\"},\"datePublished\":\"2022-03-31T12:58:35+00:00\",\"dateModified\":\"2023-05-16T09:57:11+00:00\",\"description\":\"Br\u00fccken und Viadukte | Mit Zuversicht auf die andere Seite\",\"breadcrumb\":{\"@id\":\"https:\/\/www.prokol.com\/de\/anwendungen\/tiefbau-infrastruktur-schienenverkehr\/bruecken-und-viadukte\/#breadcrumb\"},\"inLanguage\":\"de\",\"potentialAction\":[{\"@type\":\"ReadAction\",\"target\":[\"https:\/\/www.prokol.com\/de\/anwendungen\/tiefbau-infrastruktur-schienenverkehr\/bruecken-und-viadukte\/\"]}]},{\"@type\":\"BreadcrumbList\",\"@id\":\"https:\/\/www.prokol.com\/de\/anwendungen\/tiefbau-infrastruktur-schienenverkehr\/bruecken-und-viadukte\/#breadcrumb\",\"itemListElement\":[{\"@type\":\"ListItem\",\"position\":1,\"name\":\"Home\",\"item\":\"https:\/\/www.prokol.com\/de\/prokol-home-de\/\"},{\"@type\":\"ListItem\",\"position\":2,\"name\":\"Anwendungen\",\"item\":\"https:\/\/www.prokol.com\/de\/anwendungen\/\"},{\"@type\":\"ListItem\",\"position\":3,\"name\":\"Tiefbau | Infrastruktur | Schienenverkehr\",\"item\":\"https:\/\/www.prokol.com\/de\/anwendungen\/tiefbau-infrastruktur-schienenverkehr\/\"},{\"@type\":\"ListItem\",\"position\":4,\"name\":\"Br\u00fccken und Viadukte\"}]},{\"@type\":\"WebSite\",\"@id\":\"https:\/\/www.prokol.com\/de\/#website\",\"url\":\"https:\/\/www.prokol.com\/de\/\",\"name\":\"Prokol Protective Coatings\",\"description\":\"POLYUREA HOTSPRAY, GIETVLOEREN EN PARKEERGARAGE COATINGS, VLOEIBARE NAADLOZE KUNSTSTOFFEN\",\"potentialAction\":[{\"@type\":\"SearchAction\",\"target\":{\"@type\":\"EntryPoint\",\"urlTemplate\":\"https:\/\/www.prokol.com\/de\/?s={search_term_string}\"},\"query-input\":{\"@type\":\"PropertyValueSpecification\",\"valueRequired\":true,\"valueName\":\"search_term_string\"}}],\"inLanguage\":\"de\"}]}<\/script>\n<!-- \/ Yoast SEO plugin. -->","yoast_head_json":{"title":"Br\u00fccken und Viadukte | Mit Zuversicht auf die andere Seite","description":"Br\u00fccken und Viadukte | Mit Zuversicht auf die andere Seite","robots":{"index":"index","follow":"follow","max-snippet":"max-snippet:-1","max-image-preview":"max-image-preview:large","max-video-preview":"max-video-preview:-1"},"canonical":"https:\/\/www.prokol.com\/de\/anwendungen\/tiefbau-infrastruktur-schienenverkehr\/bruecken-und-viadukte\/","og_locale":"de_DE","og_type":"article","og_title":"Br\u00fccken und Viadukte | Mit Zuversicht auf die andere Seite","og_description":"Br\u00fccken und Viadukte | Mit Zuversicht auf die andere Seite","og_url":"https:\/\/www.prokol.com\/de\/anwendungen\/tiefbau-infrastruktur-schienenverkehr\/bruecken-und-viadukte\/","og_site_name":"Prokol Protective Coatings","article_modified_time":"2023-05-16T09:57:11+00:00","twitter_card":"summary_large_image","twitter_misc":{"Gesch\u00e4tzte Lesezeit":"6\u00a0Minuten"},"schema":{"@context":"https:\/\/schema.org","@graph":[{"@type":"WebPage","@id":"https:\/\/www.prokol.com\/de\/anwendungen\/tiefbau-infrastruktur-schienenverkehr\/bruecken-und-viadukte\/","url":"https:\/\/www.prokol.com\/de\/anwendungen\/tiefbau-infrastruktur-schienenverkehr\/bruecken-und-viadukte\/","name":"Br\u00fccken und Viadukte | Mit Zuversicht auf die andere Seite","isPartOf":{"@id":"https:\/\/www.prokol.com\/de\/#website"},"datePublished":"2022-03-31T12:58:35+00:00","dateModified":"2023-05-16T09:57:11+00:00","description":"Br\u00fccken und Viadukte | Mit Zuversicht auf die andere Seite","breadcrumb":{"@id":"https:\/\/www.prokol.com\/de\/anwendungen\/tiefbau-infrastruktur-schienenverkehr\/bruecken-und-viadukte\/#breadcrumb"},"inLanguage":"de","potentialAction":[{"@type":"ReadAction","target":["https:\/\/www.prokol.com\/de\/anwendungen\/tiefbau-infrastruktur-schienenverkehr\/bruecken-und-viadukte\/"]}]},{"@type":"BreadcrumbList","@id":"https:\/\/www.prokol.com\/de\/anwendungen\/tiefbau-infrastruktur-schienenverkehr\/bruecken-und-viadukte\/#breadcrumb","itemListElement":[{"@type":"ListItem","position":1,"name":"Home","item":"https:\/\/www.prokol.com\/de\/prokol-home-de\/"},{"@type":"ListItem","position":2,"name":"Anwendungen","item":"https:\/\/www.prokol.com\/de\/anwendungen\/"},{"@type":"ListItem","position":3,"name":"Tiefbau | Infrastruktur | Schienenverkehr","item":"https:\/\/www.prokol.com\/de\/anwendungen\/tiefbau-infrastruktur-schienenverkehr\/"},{"@type":"ListItem","position":4,"name":"Br\u00fccken und Viadukte"}]},{"@type":"WebSite","@id":"https:\/\/www.prokol.com\/de\/#website","url":"https:\/\/www.prokol.com\/de\/","name":"Prokol Protective Coatings","description":"POLYUREA HOTSPRAY, GIETVLOEREN EN PARKEERGARAGE COATINGS, VLOEIBARE NAADLOZE KUNSTSTOFFEN","potentialAction":[{"@type":"SearchAction","target":{"@type":"EntryPoint","urlTemplate":"https:\/\/www.prokol.com\/de\/?s={search_term_string}"},"query-input":{"@type":"PropertyValueSpecification","valueRequired":true,"valueName":"search_term_string"}}],"inLanguage":"de"}]}},"_links":{"self":[{"href":"https:\/\/www.prokol.com\/de\/wp-json\/wp\/v2\/pages\/19084","targetHints":{"allow":["GET"]}}],"collection":[{"href":"https:\/\/www.prokol.com\/de\/wp-json\/wp\/v2\/pages"}],"about":[{"href":"https:\/\/www.prokol.com\/de\/wp-json\/wp\/v2\/types\/page"}],"author":[{"embeddable":true,"href":"https:\/\/www.prokol.com\/de\/wp-json\/wp\/v2\/users\/1"}],"replies":[{"embeddable":true,"href":"https:\/\/www.prokol.com\/de\/wp-json\/wp\/v2\/comments?post=19084"}],"version-history":[{"count":5,"href":"https:\/\/www.prokol.com\/de\/wp-json\/wp\/v2\/pages\/19084\/revisions"}],"predecessor-version":[{"id":19144,"href":"https:\/\/www.prokol.com\/de\/wp-json\/wp\/v2\/pages\/19084\/revisions\/19144"}],"up":[{"embeddable":true,"href":"https:\/\/www.prokol.com\/de\/wp-json\/wp\/v2\/pages\/19317"}],"wp:attachment":[{"href":"https:\/\/www.prokol.com\/de\/wp-json\/wp\/v2\/media?parent=19084"}],"wp:term":[{"taxonomy":"post_tag","embeddable":true,"href":"https:\/\/www.prokol.com\/de\/wp-json\/wp\/v2\/tags?post=19084"}],"curies":[{"name":"wp","href":"https:\/\/api.w.org\/{rel}","templated":true}]}}