{"id":19090,"date":"2022-03-31T15:01:30","date_gmt":"2022-03-31T13:01:30","guid":{"rendered":"https:\/\/www.prokol.com\/rohrleitungen\/"},"modified":"2023-05-16T11:57:12","modified_gmt":"2023-05-16T09:57:12","slug":"rohrleitungen","status":"publish","type":"page","link":"https:\/\/www.prokol.com\/de\/anwendungen\/tiefbau-infrastruktur-schienenverkehr\/rohrleitungen\/","title":{"rendered":"Rohrleitungen"},"content":{"rendered":"<div id='full_slider_1'  class='avia-fullwidth-slider main_color avia-shadow   avia-builder-el-0  el_before_av_three_fifth  avia-builder-el-first  vervolgslide  container_wrap fullsize'  >\n<style type=\"text\/css\" data-created_by=\"avia_inline_auto\" id=\"style-css-av-k4179f0p-acede921c93825f4aeea30d99a7ef583\">\n#top #wrap_all .avia-slideshow .av-slideshow-caption.av-k4179f0p-acede921c93825f4aeea30d99a7ef583__0 .avia-caption-title{\nfont-size:50px;\n}\n#top .avia-slideshow .av-slideshow-caption.av-k4179f0p-acede921c93825f4aeea30d99a7ef583__0 .avia-caption-content{\nfont-size:18px;\n}\n#top .avia-slideshow .av-slideshow-caption.av-k4179f0p-acede921c93825f4aeea30d99a7ef583__0 .avia-caption-content p{\nfont-size:18px;\n}\n\n@media only screen and (min-width: 768px) and (max-width: 989px){ \n#top .avia-slideshow .av-slideshow-caption.av-k4179f0p-acede921c93825f4aeea30d99a7ef583__0 .avia-caption-content{\ndisplay:none;\n}\n#top .avia-slideshow .av-slideshow-caption.av-k4179f0p-acede921c93825f4aeea30d99a7ef583__0 .avia-caption-content p{\ndisplay:none;\n}\n}\n\n@media only screen and (min-width: 480px) and (max-width: 767px){ \n#top .avia-slideshow .av-slideshow-caption.av-k4179f0p-acede921c93825f4aeea30d99a7ef583__0 .avia-caption-content{\ndisplay:none;\n}\n#top .avia-slideshow .av-slideshow-caption.av-k4179f0p-acede921c93825f4aeea30d99a7ef583__0 .avia-caption-content p{\ndisplay:none;\n}\n}\n\n@media only screen and (max-width: 479px){ \n#top .avia-slideshow .av-slideshow-caption.av-k4179f0p-acede921c93825f4aeea30d99a7ef583__0 .avia-caption-content{\ndisplay:none;\n}\n#top .avia-slideshow .av-slideshow-caption.av-k4179f0p-acede921c93825f4aeea30d99a7ef583__0 .avia-caption-content p{\ndisplay:none;\n}\n}\n<\/style>\n<div  class='avia-slideshow av-k4179f0p-acede921c93825f4aeea30d99a7ef583 avia-slideshow-featured av_slideshow_full avia-fade-slider vervolgslide av-slideshow-ui av-control-minimal av-slideshow-autoplay av-loop-endless av-loop-manual-endless av-default-height-applied   avia-slideshow-1' data-slideshow-options=\"{&quot;animation&quot;:&quot;fade&quot;,&quot;autoplay&quot;:true,&quot;loop_autoplay&quot;:&quot;endless&quot;,&quot;interval&quot;:5,&quot;loop_manual&quot;:&quot;manual-endless&quot;,&quot;autoplay_stopper&quot;:false,&quot;noNavigation&quot;:false,&quot;bg_slider&quot;:false,&quot;keep_padding&quot;:false,&quot;hoverpause&quot;:false,&quot;show_slide_delay&quot;:0}\"  itemprop=\"image\" itemscope=\"itemscope\" itemtype=\"https:\/\/schema.org\/ImageObject\" ><ul class='avia-slideshow-inner ' style='padding-bottom: 28.666666666667%;'><li  class='avia-slideshow-slide av-k4179f0p-acede921c93825f4aeea30d99a7ef583__0  av-single-slide slide-1 slide-odd'><div data-rel='slideshow-1' class='avia-slide-wrap '   ><div class='av-slideshow-caption av-k4179f0p-acede921c93825f4aeea30d99a7ef583__0 caption_fullwidth caption_left'><div class=\"container caption_container\"><div class=\"slideshow_caption\"><div class=\"slideshow_inner_caption\"><div class=\"slideshow_align_caption\"><h2 class='avia-caption-title '  itemprop=\"name\" ><span style=\"color: #df4c23;\">-<\/span><br \/>\nRohrleitungen<\/h2><div class='avia-caption-content '  itemprop=\"description\" ><p>Sch\u00fctzen Sie Ihre Rohrleitungen vor Witterung, Korrosion, Rost und Leckagen<\/p>\n<\/div><\/div><\/div><\/div><\/div><\/div><img decoding=\"async\" fetchpriority=\"high\" class=\"wp-image-3393 avia-img-lazy-loading-not-3393\"  src=\"https:\/\/www.prokol.com\/wp-content\/uploads\/2020\/08\/Banner_pijpleidingen-1500x430.jpg\" width=\"1500\" height=\"430\" title='Banner_pijpleidingen' alt=''  itemprop=\"thumbnailUrl\" srcset=\"https:\/\/www.prokol.com\/wp-content\/uploads\/2020\/08\/Banner_pijpleidingen.jpg 1500w, https:\/\/www.prokol.com\/wp-content\/uploads\/2020\/08\/Banner_pijpleidingen-600x172.jpg 600w, https:\/\/www.prokol.com\/wp-content\/uploads\/2020\/08\/Banner_pijpleidingen-300x86.jpg 300w, https:\/\/www.prokol.com\/wp-content\/uploads\/2020\/08\/Banner_pijpleidingen-1030x295.jpg 1030w, https:\/\/www.prokol.com\/wp-content\/uploads\/2020\/08\/Banner_pijpleidingen-768x220.jpg 768w, https:\/\/www.prokol.com\/wp-content\/uploads\/2020\/08\/Banner_pijpleidingen-705x202.jpg 705w\" sizes=\"(max-width: 1500px) 100vw, 1500px\" \/><div class='av-section-color-overlay' style='opacity: 0.5; background-image: url(https:\/\/www.prokol.com\/wp-content\/uploads\/2019\/12\/Overlay.png); background-repeat: repeat;'><\/div><\/div><\/li><\/ul><\/div><\/div><div id='after_full_slider_1'  class='main_color av_default_container_wrap container_wrap fullsize'  ><div class='container av-section-cont-open' ><div class='template-page content  av-content-full alpha units'><div class='post-entry post-entry-type-page post-entry-19090'><div class='entry-content-wrapper clearfix'>\n\n<style type=\"text\/css\" data-created_by=\"avia_inline_auto\" id=\"style-css-av-mir7d-076b1aa2e9a00ad00d5728ea181b7e4d\">\n.flex_column.av-mir7d-076b1aa2e9a00ad00d5728ea181b7e4d{\nborder-radius:0px 0px 0px 0px;\npadding:0px 0px 0px 0px;\n}\n<\/style>\n<div  class='flex_column av-mir7d-076b1aa2e9a00ad00d5728ea181b7e4d av_three_fifth  avia-builder-el-1  el_after_av_slideshow_full  el_before_av_two_fifth  avia-builder-el-first  first flex_column_div av-zero-column-padding  '     ><section  class='av_textblock_section av-kde9cj1t-733622bddd2480cffdd6c27dc22482a0 '   itemscope=\"itemscope\" itemtype=\"https:\/\/schema.org\/CreativeWork\" ><div class='avia_textblock'  itemprop=\"text\" ><h5>Sch\u00e4den an Rohrleitungen verhindern<\/h5>\n<p>Die Beschichtung von Rohrleitungen ist ein wichtiges Gut. Rohrleitungen, ob in der \u00d6lindustrie oder f\u00fcr den Durchfluss von Wasser, m\u00fcssen viel aushalten. Nehmen wir zum Beispiel den Transport von (gef\u00e4hrlichen) Stoffen, eine st\u00e4ndige Beanspruchung des Materials und Druck von au\u00dfen.<\/p>\n<p>Rohrleitungen, die st\u00e4ndig atmosph\u00e4rischen, chemischen und mechanischen Einfl\u00fcssen ausgesetzt sind, werden irgendwann entweder von innen oder von au\u00dfen besch\u00e4digt. Ohne Behandlung steigt die Wahrscheinlichkeit von Leckagen und Defekten mit allen damit verbundenen Folgen.<\/p>\n<h5>Au\u00dfenbeschichtung<\/h5>\n<p>Die Produktpalette umfasst verschiedene Systeme zur Behandlung der Au\u00dfenseite von Rohren, die von den Korrosionsklassen C1 bis C5 reichen. Es kann zwischen einem FerroTeQ-System auf Basis der Polyaspartic-Technologie oder einem Hotspray-System auf Basis von Polyurea gew\u00e4hlt werden.<\/p>\n<h5>Innenbeschichtung<\/h5>\n<p>Die Innenbeschichtung von Rohren wird immer h\u00e4ufiger eingesetzt. In vielen F\u00e4llen k\u00f6nnen unterirdische oder geb\u00e4udeeigene Rohrleitungen nicht ersetzt werden, sodass eine Innenbehandlung die einzige M\u00f6glichkeit darstellt. Prokol verf\u00fcgt \u00fcber dieses Wissen und diese Technologie. Bei diesem Verfahren wird eine D\u00fcse in die Vorderseite eines Rohrs eingef\u00fchrt und langsam zur\u00fcckgezogen. Die Beschichtung trocknet schnell, sodass die Rohrleitung relativ schnell wieder in Betrieb genommen werden kann. Diese Technik ist sowohl f\u00fcr d\u00fcnne als auch f\u00fcr dicke Rohre geeignet. Auf diese Weise k\u00f6nnen zum Beispiel die vorhandenen Abflussrohre von Altbauten wieder abgedichtet werden.<\/p>\n<\/div><\/section><\/div>\n\n<style type=\"text\/css\" data-created_by=\"avia_inline_auto\" id=\"style-css-av-hgjsh-4ad6bf0d2fc62696990cb6c5e6302c63\">\n.flex_column.av-hgjsh-4ad6bf0d2fc62696990cb6c5e6302c63{\nborder-radius:0px 0px 0px 0px;\npadding:0px 0px 0px 0px;\n}\n<\/style>\n<div  class='flex_column av-hgjsh-4ad6bf0d2fc62696990cb6c5e6302c63 av_two_fifth  avia-builder-el-3  el_after_av_three_fifth  avia-builder-el-last  flex_column_div av-zero-column-padding  '     ><p>\n<style type=\"text\/css\" data-created_by=\"avia_inline_auto\" id=\"style-css-av-kde9de9x-47898501601b90c43bd6d91cdd6bd2c1\">\n.avia-image-container.av-kde9de9x-47898501601b90c43bd6d91cdd6bd2c1 img.avia_image{\nbox-shadow:none;\n}\n.avia-image-container.av-kde9de9x-47898501601b90c43bd6d91cdd6bd2c1 .av-image-caption-overlay-center{\ncolor:#ffffff;\n}\n<\/style>\n<div  class='avia-image-container av-kde9de9x-47898501601b90c43bd6d91cdd6bd2c1 av-styling- avia-align-left  avia-builder-el-4  el_before_av_image  avia-builder-el-first '   itemprop=\"image\" itemscope=\"itemscope\" itemtype=\"https:\/\/schema.org\/ImageObject\" ><div class=\"avia-image-container-inner\"><div class=\"avia-image-overlay-wrap\"><a href=\"https:\/\/www.prokol.com\/wp-content\/uploads\/Pijpleidingen_01-1030x773.jpg\" data-srcset=\"https:\/\/www.prokol.com\/wp-content\/uploads\/Pijpleidingen_01-1030x773.jpg 1030w, https:\/\/www.prokol.com\/wp-content\/uploads\/Pijpleidingen_01-scaled-600x450.jpg 600w, https:\/\/www.prokol.com\/wp-content\/uploads\/Pijpleidingen_01-300x225.jpg 300w, https:\/\/www.prokol.com\/wp-content\/uploads\/Pijpleidingen_01-768x576.jpg 768w, https:\/\/www.prokol.com\/wp-content\/uploads\/Pijpleidingen_01-1536x1152.jpg 1536w, https:\/\/www.prokol.com\/wp-content\/uploads\/Pijpleidingen_01-2048x1536.jpg 2048w, https:\/\/www.prokol.com\/wp-content\/uploads\/Pijpleidingen_01-1500x1125.jpg 1500w, https:\/\/www.prokol.com\/wp-content\/uploads\/Pijpleidingen_01-705x529.jpg 705w, https:\/\/www.prokol.com\/wp-content\/uploads\/Pijpleidingen_01-24x18.jpg 24w, https:\/\/www.prokol.com\/wp-content\/uploads\/Pijpleidingen_01-36x27.jpg 36w, https:\/\/www.prokol.com\/wp-content\/uploads\/Pijpleidingen_01-48x36.jpg 48w\" data-sizes=\"(max-width: 1030px) 100vw, 1030px\" class='avia_image'  aria-label='Pijpleidingen_01'><img decoding=\"async\" fetchpriority=\"high\" class='wp-image-13155 avia-img-lazy-loading-not-13155 avia_image ' src=\"https:\/\/www.prokol.com\/wp-content\/uploads\/Pijpleidingen_01-180x180.jpg\" alt='' title='Pijpleidingen_01'  height=\"180\" width=\"180\"  itemprop=\"thumbnailUrl\" srcset=\"https:\/\/www.prokol.com\/wp-content\/uploads\/Pijpleidingen_01-180x180.jpg 180w, https:\/\/www.prokol.com\/wp-content\/uploads\/Pijpleidingen_01-scaled-300x300.jpg 300w, https:\/\/www.prokol.com\/wp-content\/uploads\/Pijpleidingen_01-scaled-100x100.jpg 100w, https:\/\/www.prokol.com\/wp-content\/uploads\/Pijpleidingen_01-80x80.jpg 80w, https:\/\/www.prokol.com\/wp-content\/uploads\/Pijpleidingen_01-36x36.jpg 36w\" sizes=\"(max-width: 180px) 100vw, 180px\" \/><\/a><\/div><\/div><\/div><br \/>\n\n<style type=\"text\/css\" data-created_by=\"avia_inline_auto\" id=\"style-css-av-kpsc3mh4-d77807e7275238161bbe909f38922ad9\">\n.avia-image-container.av-kpsc3mh4-d77807e7275238161bbe909f38922ad9 img.avia_image{\nbox-shadow:none;\n}\n.avia-image-container.av-kpsc3mh4-d77807e7275238161bbe909f38922ad9 .av-image-caption-overlay-center{\ncolor:#ffffff;\n}\n<\/style>\n<div  class='avia-image-container av-kpsc3mh4-d77807e7275238161bbe909f38922ad9 av-styling- avia-align-left  avia-builder-el-5  el_after_av_image  avia-builder-el-last '   itemprop=\"image\" itemscope=\"itemscope\" itemtype=\"https:\/\/schema.org\/ImageObject\" ><div class=\"avia-image-container-inner\"><div class=\"avia-image-overlay-wrap\"><a href=\"https:\/\/www.prokol.com\/wp-content\/uploads\/Pijpleidingen_02-686x1030.jpg\" data-srcset=\"https:\/\/www.prokol.com\/wp-content\/uploads\/Pijpleidingen_02-686x1030.jpg 686w, https:\/\/www.prokol.com\/wp-content\/uploads\/Pijpleidingen_02-600x900.jpg 600w, https:\/\/www.prokol.com\/wp-content\/uploads\/Pijpleidingen_02-200x300.jpg 200w, https:\/\/www.prokol.com\/wp-content\/uploads\/Pijpleidingen_02-768x1152.jpg 768w, https:\/\/www.prokol.com\/wp-content\/uploads\/Pijpleidingen_02-1024x1536.jpg 1024w, https:\/\/www.prokol.com\/wp-content\/uploads\/Pijpleidingen_02-1365x2048.jpg 1365w, https:\/\/www.prokol.com\/wp-content\/uploads\/Pijpleidingen_02-1000x1500.jpg 1000w, https:\/\/www.prokol.com\/wp-content\/uploads\/Pijpleidingen_02-470x705.jpg 470w, https:\/\/www.prokol.com\/wp-content\/uploads\/Pijpleidingen_02-16x24.jpg 16w, https:\/\/www.prokol.com\/wp-content\/uploads\/Pijpleidingen_02-24x36.jpg 24w, https:\/\/www.prokol.com\/wp-content\/uploads\/Pijpleidingen_02-32x48.jpg 32w, https:\/\/www.prokol.com\/wp-content\/uploads\/Pijpleidingen_02.jpg 1672w\" data-sizes=\"(max-width: 686px) 100vw, 686px\" class='avia_image'  aria-label='18705704 - pipeline'><img decoding=\"async\" fetchpriority=\"high\" class='wp-image-13260 avia-img-lazy-loading-not-13260 avia_image ' src=\"https:\/\/www.prokol.com\/wp-content\/uploads\/Pijpleidingen_02-180x180.jpg\" alt='' title='18705704 - pipeline'  height=\"180\" width=\"180\"  itemprop=\"thumbnailUrl\" srcset=\"https:\/\/www.prokol.com\/wp-content\/uploads\/Pijpleidingen_02-180x180.jpg 180w, https:\/\/www.prokol.com\/wp-content\/uploads\/Pijpleidingen_02-300x300.jpg 300w, https:\/\/www.prokol.com\/wp-content\/uploads\/Pijpleidingen_02-100x100.jpg 100w, https:\/\/www.prokol.com\/wp-content\/uploads\/Pijpleidingen_02-80x80.jpg 80w, https:\/\/www.prokol.com\/wp-content\/uploads\/Pijpleidingen_02-36x36.jpg 36w\" sizes=\"(max-width: 180px) 100vw, 180px\" \/><\/a><\/div><\/div><\/div><\/p><\/div>\n","protected":false},"excerpt":{"rendered":"","protected":false},"author":3,"featured_media":0,"parent":19317,"menu_order":0,"comment_status":"closed","ping_status":"closed","template":"","meta":{"inline_featured_image":false,"footnotes":""},"tags":[],"class_list":["post-19090","page","type-page","status-publish","hentry"],"yoast_head":"<!-- This site is optimized with the Yoast SEO plugin v27.2 - https:\/\/yoast.com\/product\/yoast-seo-wordpress\/ -->\n<title>Rohrleitungen - Prokol Protective Coatings<\/title>\n<meta name=\"robots\" content=\"index, follow, max-snippet:-1, max-image-preview:large, max-video-preview:-1\" \/>\n<link rel=\"canonical\" href=\"https:\/\/www.prokol.com\/de\/anwendungen\/tiefbau-infrastruktur-schienenverkehr\/rohrleitungen\/\" \/>\n<meta property=\"og:locale\" content=\"de_DE\" \/>\n<meta property=\"og:type\" content=\"article\" \/>\n<meta property=\"og:title\" content=\"Rohrleitungen - Prokol Protective Coatings\" \/>\n<meta property=\"og:url\" content=\"https:\/\/www.prokol.com\/de\/anwendungen\/tiefbau-infrastruktur-schienenverkehr\/rohrleitungen\/\" \/>\n<meta property=\"og:site_name\" content=\"Prokol Protective Coatings\" \/>\n<meta property=\"article:modified_time\" content=\"2023-05-16T09:57:12+00:00\" \/>\n<meta name=\"twitter:card\" content=\"summary_large_image\" \/>\n<meta name=\"twitter:label1\" content=\"Gesch\u00e4tzte Lesezeit\" \/>\n\t<meta name=\"twitter:data1\" content=\"5\u00a0Minuten\" \/>\n<script type=\"application\/ld+json\" class=\"yoast-schema-graph\">{\"@context\":\"https:\/\/schema.org\",\"@graph\":[{\"@type\":\"WebPage\",\"@id\":\"https:\/\/www.prokol.com\/de\/anwendungen\/tiefbau-infrastruktur-schienenverkehr\/rohrleitungen\/\",\"url\":\"https:\/\/www.prokol.com\/de\/anwendungen\/tiefbau-infrastruktur-schienenverkehr\/rohrleitungen\/\",\"name\":\"Rohrleitungen - Prokol Protective Coatings\",\"isPartOf\":{\"@id\":\"https:\/\/www.prokol.com\/de\/#website\"},\"datePublished\":\"2022-03-31T13:01:30+00:00\",\"dateModified\":\"2023-05-16T09:57:12+00:00\",\"breadcrumb\":{\"@id\":\"https:\/\/www.prokol.com\/de\/anwendungen\/tiefbau-infrastruktur-schienenverkehr\/rohrleitungen\/#breadcrumb\"},\"inLanguage\":\"de\",\"potentialAction\":[{\"@type\":\"ReadAction\",\"target\":[\"https:\/\/www.prokol.com\/de\/anwendungen\/tiefbau-infrastruktur-schienenverkehr\/rohrleitungen\/\"]}]},{\"@type\":\"BreadcrumbList\",\"@id\":\"https:\/\/www.prokol.com\/de\/anwendungen\/tiefbau-infrastruktur-schienenverkehr\/rohrleitungen\/#breadcrumb\",\"itemListElement\":[{\"@type\":\"ListItem\",\"position\":1,\"name\":\"Home\",\"item\":\"https:\/\/www.prokol.com\/de\/prokol-home-de\/\"},{\"@type\":\"ListItem\",\"position\":2,\"name\":\"Anwendungen\",\"item\":\"https:\/\/www.prokol.com\/de\/anwendungen\/\"},{\"@type\":\"ListItem\",\"position\":3,\"name\":\"Tiefbau | Infrastruktur | Schienenverkehr\",\"item\":\"https:\/\/www.prokol.com\/de\/anwendungen\/tiefbau-infrastruktur-schienenverkehr\/\"},{\"@type\":\"ListItem\",\"position\":4,\"name\":\"Rohrleitungen\"}]},{\"@type\":\"WebSite\",\"@id\":\"https:\/\/www.prokol.com\/de\/#website\",\"url\":\"https:\/\/www.prokol.com\/de\/\",\"name\":\"Prokol Protective Coatings\",\"description\":\"POLYUREA HOTSPRAY, GIETVLOEREN EN PARKEERGARAGE COATINGS, VLOEIBARE NAADLOZE KUNSTSTOFFEN\",\"potentialAction\":[{\"@type\":\"SearchAction\",\"target\":{\"@type\":\"EntryPoint\",\"urlTemplate\":\"https:\/\/www.prokol.com\/de\/?s={search_term_string}\"},\"query-input\":{\"@type\":\"PropertyValueSpecification\",\"valueRequired\":true,\"valueName\":\"search_term_string\"}}],\"inLanguage\":\"de\"}]}<\/script>\n<!-- \/ Yoast SEO plugin. -->","yoast_head_json":{"title":"Rohrleitungen - Prokol Protective Coatings","robots":{"index":"index","follow":"follow","max-snippet":"max-snippet:-1","max-image-preview":"max-image-preview:large","max-video-preview":"max-video-preview:-1"},"canonical":"https:\/\/www.prokol.com\/de\/anwendungen\/tiefbau-infrastruktur-schienenverkehr\/rohrleitungen\/","og_locale":"de_DE","og_type":"article","og_title":"Rohrleitungen - Prokol Protective Coatings","og_url":"https:\/\/www.prokol.com\/de\/anwendungen\/tiefbau-infrastruktur-schienenverkehr\/rohrleitungen\/","og_site_name":"Prokol Protective Coatings","article_modified_time":"2023-05-16T09:57:12+00:00","twitter_card":"summary_large_image","twitter_misc":{"Gesch\u00e4tzte Lesezeit":"5\u00a0Minuten"},"schema":{"@context":"https:\/\/schema.org","@graph":[{"@type":"WebPage","@id":"https:\/\/www.prokol.com\/de\/anwendungen\/tiefbau-infrastruktur-schienenverkehr\/rohrleitungen\/","url":"https:\/\/www.prokol.com\/de\/anwendungen\/tiefbau-infrastruktur-schienenverkehr\/rohrleitungen\/","name":"Rohrleitungen - Prokol Protective Coatings","isPartOf":{"@id":"https:\/\/www.prokol.com\/de\/#website"},"datePublished":"2022-03-31T13:01:30+00:00","dateModified":"2023-05-16T09:57:12+00:00","breadcrumb":{"@id":"https:\/\/www.prokol.com\/de\/anwendungen\/tiefbau-infrastruktur-schienenverkehr\/rohrleitungen\/#breadcrumb"},"inLanguage":"de","potentialAction":[{"@type":"ReadAction","target":["https:\/\/www.prokol.com\/de\/anwendungen\/tiefbau-infrastruktur-schienenverkehr\/rohrleitungen\/"]}]},{"@type":"BreadcrumbList","@id":"https:\/\/www.prokol.com\/de\/anwendungen\/tiefbau-infrastruktur-schienenverkehr\/rohrleitungen\/#breadcrumb","itemListElement":[{"@type":"ListItem","position":1,"name":"Home","item":"https:\/\/www.prokol.com\/de\/prokol-home-de\/"},{"@type":"ListItem","position":2,"name":"Anwendungen","item":"https:\/\/www.prokol.com\/de\/anwendungen\/"},{"@type":"ListItem","position":3,"name":"Tiefbau | Infrastruktur | Schienenverkehr","item":"https:\/\/www.prokol.com\/de\/anwendungen\/tiefbau-infrastruktur-schienenverkehr\/"},{"@type":"ListItem","position":4,"name":"Rohrleitungen"}]},{"@type":"WebSite","@id":"https:\/\/www.prokol.com\/de\/#website","url":"https:\/\/www.prokol.com\/de\/","name":"Prokol Protective Coatings","description":"POLYUREA HOTSPRAY, GIETVLOEREN EN PARKEERGARAGE COATINGS, VLOEIBARE NAADLOZE KUNSTSTOFFEN","potentialAction":[{"@type":"SearchAction","target":{"@type":"EntryPoint","urlTemplate":"https:\/\/www.prokol.com\/de\/?s={search_term_string}"},"query-input":{"@type":"PropertyValueSpecification","valueRequired":true,"valueName":"search_term_string"}}],"inLanguage":"de"}]}},"_links":{"self":[{"href":"https:\/\/www.prokol.com\/de\/wp-json\/wp\/v2\/pages\/19090","targetHints":{"allow":["GET"]}}],"collection":[{"href":"https:\/\/www.prokol.com\/de\/wp-json\/wp\/v2\/pages"}],"about":[{"href":"https:\/\/www.prokol.com\/de\/wp-json\/wp\/v2\/types\/page"}],"author":[{"embeddable":true,"href":"https:\/\/www.prokol.com\/de\/wp-json\/wp\/v2\/users\/3"}],"replies":[{"embeddable":true,"href":"https:\/\/www.prokol.com\/de\/wp-json\/wp\/v2\/comments?post=19090"}],"version-history":[{"count":4,"href":"https:\/\/www.prokol.com\/de\/wp-json\/wp\/v2\/pages\/19090\/revisions"}],"predecessor-version":[{"id":19202,"href":"https:\/\/www.prokol.com\/de\/wp-json\/wp\/v2\/pages\/19090\/revisions\/19202"}],"up":[{"embeddable":true,"href":"https:\/\/www.prokol.com\/de\/wp-json\/wp\/v2\/pages\/19317"}],"wp:attachment":[{"href":"https:\/\/www.prokol.com\/de\/wp-json\/wp\/v2\/media?parent=19090"}],"wp:term":[{"taxonomy":"post_tag","embeddable":true,"href":"https:\/\/www.prokol.com\/de\/wp-json\/wp\/v2\/tags?post=19090"}],"curies":[{"name":"wp","href":"https:\/\/api.w.org\/{rel}","templated":true}]}}