{"id":19093,"date":"2022-03-31T15:05:59","date_gmt":"2022-03-31T13:05:59","guid":{"rendered":"https:\/\/www.prokol.com\/tunnelausbau-innen-und-aussen\/"},"modified":"2023-05-16T11:57:13","modified_gmt":"2023-05-16T09:57:13","slug":"tunnelausbau-innen-und-aussen","status":"publish","type":"page","link":"https:\/\/www.prokol.com\/de\/anwendungen\/tiefbau-infrastruktur-schienenverkehr\/tunnelausbau-innen-und-aussen\/","title":{"rendered":"Tunnelausbau innen und au\u00dfen"},"content":{"rendered":"<div id='full_slider_1'  class='avia-fullwidth-slider main_color avia-shadow   avia-builder-el-0  el_before_av_three_fifth  avia-builder-el-first  vervolgslide  container_wrap fullsize'  >\n<style type=\"text\/css\" data-created_by=\"avia_inline_auto\" id=\"style-css-av-k4179f0p-acede921c93825f4aeea30d99a7ef583\">\n#top #wrap_all .avia-slideshow .av-slideshow-caption.av-k4179f0p-acede921c93825f4aeea30d99a7ef583__0 .avia-caption-title{\nfont-size:50px;\n}\n#top .avia-slideshow .av-slideshow-caption.av-k4179f0p-acede921c93825f4aeea30d99a7ef583__0 .avia-caption-content{\nfont-size:18px;\n}\n#top .avia-slideshow .av-slideshow-caption.av-k4179f0p-acede921c93825f4aeea30d99a7ef583__0 .avia-caption-content p{\nfont-size:18px;\n}\n\n@media only screen and (min-width: 768px) and (max-width: 989px){ \n#top .avia-slideshow .av-slideshow-caption.av-k4179f0p-acede921c93825f4aeea30d99a7ef583__0 .avia-caption-content{\ndisplay:none;\n}\n#top .avia-slideshow .av-slideshow-caption.av-k4179f0p-acede921c93825f4aeea30d99a7ef583__0 .avia-caption-content p{\ndisplay:none;\n}\n}\n\n@media only screen and (min-width: 480px) and (max-width: 767px){ \n#top .avia-slideshow .av-slideshow-caption.av-k4179f0p-acede921c93825f4aeea30d99a7ef583__0 .avia-caption-content{\ndisplay:none;\n}\n#top .avia-slideshow .av-slideshow-caption.av-k4179f0p-acede921c93825f4aeea30d99a7ef583__0 .avia-caption-content p{\ndisplay:none;\n}\n}\n\n@media only screen and (max-width: 479px){ \n#top .avia-slideshow .av-slideshow-caption.av-k4179f0p-acede921c93825f4aeea30d99a7ef583__0 .avia-caption-content{\ndisplay:none;\n}\n#top .avia-slideshow .av-slideshow-caption.av-k4179f0p-acede921c93825f4aeea30d99a7ef583__0 .avia-caption-content p{\ndisplay:none;\n}\n}\n<\/style>\n<div  class='avia-slideshow av-k4179f0p-acede921c93825f4aeea30d99a7ef583 avia-slideshow-featured av_slideshow_full avia-fade-slider vervolgslide av-slideshow-ui av-control-minimal av-slideshow-autoplay av-loop-endless av-loop-manual-endless av-default-height-applied   avia-slideshow-1' data-slideshow-options=\"{&quot;animation&quot;:&quot;fade&quot;,&quot;autoplay&quot;:true,&quot;loop_autoplay&quot;:&quot;endless&quot;,&quot;interval&quot;:5,&quot;loop_manual&quot;:&quot;manual-endless&quot;,&quot;autoplay_stopper&quot;:false,&quot;noNavigation&quot;:false,&quot;bg_slider&quot;:false,&quot;keep_padding&quot;:false,&quot;hoverpause&quot;:false,&quot;show_slide_delay&quot;:0}\"  itemprop=\"image\" itemscope=\"itemscope\" itemtype=\"https:\/\/schema.org\/ImageObject\" ><ul class='avia-slideshow-inner ' style='padding-bottom: 28.666666666667%;'><li  class='avia-slideshow-slide av-k4179f0p-acede921c93825f4aeea30d99a7ef583__0  av-single-slide slide-1 slide-odd'><div data-rel='slideshow-1' class='avia-slide-wrap '   ><div class='av-slideshow-caption av-k4179f0p-acede921c93825f4aeea30d99a7ef583__0 caption_fullwidth caption_left'><div class=\"container caption_container\"><div class=\"slideshow_caption\"><div class=\"slideshow_inner_caption\"><div class=\"slideshow_align_caption\"><h2 class='avia-caption-title '  itemprop=\"name\" ><span style=\"color: #df4c23;\">-<\/span><br \/>\nTunnelausbau<\/h2><div class='avia-caption-content '  itemprop=\"description\" ><p>Wasserdichte Beschichtung und feuerfeste Ausf\u00fchrung!<\/p>\n<\/div><\/div><\/div><\/div><\/div><\/div><img decoding=\"async\" fetchpriority=\"high\" class=\"wp-image-12429 avia-img-lazy-loading-not-12429\"  src=\"https:\/\/www.prokol.com\/wp-content\/uploads\/Banner_tunnelskopie-1500x430.jpg\" width=\"1500\" height=\"430\" title='Tunnel' alt=''  itemprop=\"thumbnailUrl\" srcset=\"https:\/\/www.prokol.com\/wp-content\/uploads\/Banner_tunnelskopie.jpg 1500w, https:\/\/www.prokol.com\/wp-content\/uploads\/Banner_tunnelskopie-600x172.jpg 600w, https:\/\/www.prokol.com\/wp-content\/uploads\/Banner_tunnelskopie-300x86.jpg 300w, https:\/\/www.prokol.com\/wp-content\/uploads\/Banner_tunnelskopie-1030x295.jpg 1030w, https:\/\/www.prokol.com\/wp-content\/uploads\/Banner_tunnelskopie-768x220.jpg 768w, https:\/\/www.prokol.com\/wp-content\/uploads\/Banner_tunnelskopie-705x202.jpg 705w, https:\/\/www.prokol.com\/wp-content\/uploads\/Banner_tunnelskopie-24x7.jpg 24w, https:\/\/www.prokol.com\/wp-content\/uploads\/Banner_tunnelskopie-36x10.jpg 36w, https:\/\/www.prokol.com\/wp-content\/uploads\/Banner_tunnelskopie-48x14.jpg 48w\" sizes=\"(max-width: 1500px) 100vw, 1500px\" \/><div class='av-section-color-overlay' style='opacity: 0.5; background-image: url(https:\/\/www.prokol.com\/wp-content\/uploads\/2019\/12\/Overlay.png); background-repeat: repeat;'><\/div><\/div><\/li><\/ul><\/div><\/div><div id='after_full_slider_1'  class='main_color av_default_container_wrap container_wrap fullsize'  ><div class='container av-section-cont-open' ><div class='template-page content  av-content-full alpha units'><div class='post-entry post-entry-type-page post-entry-19093'><div class='entry-content-wrapper clearfix'>\n\n<style type=\"text\/css\" data-created_by=\"avia_inline_auto\" id=\"style-css-av-mir7d-076b1aa2e9a00ad00d5728ea181b7e4d\">\n.flex_column.av-mir7d-076b1aa2e9a00ad00d5728ea181b7e4d{\nborder-radius:0px 0px 0px 0px;\npadding:0px 0px 0px 0px;\n}\n<\/style>\n<div  class='flex_column av-mir7d-076b1aa2e9a00ad00d5728ea181b7e4d av_three_fifth  avia-builder-el-1  el_after_av_slideshow_full  el_before_av_two_fifth  avia-builder-el-first  first flex_column_div av-zero-column-padding  '     ><section  class='av_textblock_section av-kde9cj1t-733622bddd2480cffdd6c27dc22482a0 '   itemscope=\"itemscope\" itemtype=\"https:\/\/schema.org\/CreativeWork\" ><div class='avia_textblock'  itemprop=\"text\" ><p>Die Produktpalette von Prokol umfasst verschiedene L\u00f6sungen f\u00fcr die dauerhafte Abdichtung und den Ausbau von Tunneln.<\/p>\n<h5>Zuverl\u00e4ssige Abdichtung an der Au\u00dfenseite<\/h5>\n<p>F\u00fcr den Au\u00dfenbereich verwenden wir haupts\u00e4chlich Spr\u00fchsysteme auf der Basis von Rocathaan Hotspray PA 136-T, die von SGS in \u00dcbereinstimmung mit NEN-EN 1504-2 unabh\u00e4ngig zertifiziert wurden. Dieses Polyurea-System hat sich in den letzten 25 Jahren als \u00e4u\u00dferst langlebig erwiesen. Das System hat sehr verschlei\u00dffeste Eigenschaften und ist riss\u00fcberbr\u00fcckend. Dadurch kann es Bewegungen im Untergrund aufnehmen, ohne dass die Abdichtung verloren geht. Dazu kommen durchdachte Detaill\u00f6sungen, die daf\u00fcr sorgen, dass auch alle Details zuverl\u00e4ssig abgedichtet sind.<\/p>\n<h5>Sichere dekorative Verarbeitung auf der Innenseite<\/h5>\n<p>F\u00fcr den Innenausbau hat Prokol eine dekorative Beschichtung mit feuersicheren Eigenschaften namens FireGuard Pro 200. Dieses Produkt wurde von Warrington Fire gem\u00e4\u00df EN 13823:2010+A!:2014 \/ EN 13501-1:2007+A1:2009 getestet und hat die Brandklasse A2-s1,d0.<\/p>\n<p>FireGuard ist \u00e4u\u00dferst widerstandsf\u00e4hig gegen Verschlei\u00df, Kratzer und Farbver\u00e4nderungen. Das Produkt ist leicht zu reinigen, Verunreinigungen durch beispielsweise Abgase haften nicht an diesem Produkt.<\/p>\n<\/div><\/section><\/div>\n\n<style type=\"text\/css\" data-created_by=\"avia_inline_auto\" id=\"style-css-av-hgjsh-4ad6bf0d2fc62696990cb6c5e6302c63\">\n.flex_column.av-hgjsh-4ad6bf0d2fc62696990cb6c5e6302c63{\nborder-radius:0px 0px 0px 0px;\npadding:0px 0px 0px 0px;\n}\n<\/style>\n<div  class='flex_column av-hgjsh-4ad6bf0d2fc62696990cb6c5e6302c63 av_two_fifth  avia-builder-el-3  el_after_av_three_fifth  avia-builder-el-last  flex_column_div av-zero-column-padding  '     ><p>\n<style type=\"text\/css\" data-created_by=\"avia_inline_auto\" id=\"style-css-av-kde9de9x-a1fa5baab169c47d9e914c2b5fef9f4f\">\n.avia-image-container.av-kde9de9x-a1fa5baab169c47d9e914c2b5fef9f4f img.avia_image{\nbox-shadow:none;\n}\n.avia-image-container.av-kde9de9x-a1fa5baab169c47d9e914c2b5fef9f4f .av-image-caption-overlay-center{\ncolor:#ffffff;\n}\n<\/style>\n<div  class='avia-image-container av-kde9de9x-a1fa5baab169c47d9e914c2b5fef9f4f av-styling- avia-align-left  avia-builder-el-4  el_before_av_image  avia-builder-el-first '   itemprop=\"image\" itemscope=\"itemscope\" itemtype=\"https:\/\/schema.org\/ImageObject\" ><div class=\"avia-image-container-inner\"><div class=\"avia-image-overlay-wrap\"><a href=\"https:\/\/www.prokol.com\/wp-content\/uploads\/Tunnels_05-1030x773.jpg\" data-srcset=\"https:\/\/www.prokol.com\/wp-content\/uploads\/Tunnels_05-1030x773.jpg 1030w, https:\/\/www.prokol.com\/wp-content\/uploads\/Tunnels_05-scaled-600x450.jpg 600w, https:\/\/www.prokol.com\/wp-content\/uploads\/Tunnels_05-300x225.jpg 300w, https:\/\/www.prokol.com\/wp-content\/uploads\/Tunnels_05-768x576.jpg 768w, https:\/\/www.prokol.com\/wp-content\/uploads\/Tunnels_05-1536x1152.jpg 1536w, https:\/\/www.prokol.com\/wp-content\/uploads\/Tunnels_05-2048x1536.jpg 2048w, https:\/\/www.prokol.com\/wp-content\/uploads\/Tunnels_05-1500x1125.jpg 1500w, https:\/\/www.prokol.com\/wp-content\/uploads\/Tunnels_05-705x529.jpg 705w, https:\/\/www.prokol.com\/wp-content\/uploads\/Tunnels_05-24x18.jpg 24w, https:\/\/www.prokol.com\/wp-content\/uploads\/Tunnels_05-36x27.jpg 36w, https:\/\/www.prokol.com\/wp-content\/uploads\/Tunnels_05-48x36.jpg 48w\" data-sizes=\"(max-width: 1030px) 100vw, 1030px\" class='avia_image'  aria-label='Tunnels_05'><img decoding=\"async\" fetchpriority=\"high\" class='wp-image-12422 avia-img-lazy-loading-not-12422 avia_image ' src=\"https:\/\/www.prokol.com\/wp-content\/uploads\/Tunnels_05-180x180.jpg\" alt='' title='Tunnels_05'  height=\"180\" width=\"180\"  itemprop=\"thumbnailUrl\" srcset=\"https:\/\/www.prokol.com\/wp-content\/uploads\/Tunnels_05-180x180.jpg 180w, https:\/\/www.prokol.com\/wp-content\/uploads\/Tunnels_05-scaled-300x300.jpg 300w, https:\/\/www.prokol.com\/wp-content\/uploads\/Tunnels_05-scaled-100x100.jpg 100w, https:\/\/www.prokol.com\/wp-content\/uploads\/Tunnels_05-80x80.jpg 80w, https:\/\/www.prokol.com\/wp-content\/uploads\/Tunnels_05-36x36.jpg 36w\" sizes=\"(max-width: 180px) 100vw, 180px\" \/><\/a><\/div><\/div><\/div><br \/>\n\n<style type=\"text\/css\" data-created_by=\"avia_inline_auto\" id=\"style-css-av-kde9de9x-62be3943cfee583dadfcf5180fb31070\">\n.avia-image-container.av-kde9de9x-62be3943cfee583dadfcf5180fb31070 img.avia_image{\nbox-shadow:none;\n}\n.avia-image-container.av-kde9de9x-62be3943cfee583dadfcf5180fb31070 .av-image-caption-overlay-center{\ncolor:#ffffff;\n}\n<\/style>\n<div  class='avia-image-container av-kde9de9x-62be3943cfee583dadfcf5180fb31070 av-styling- avia-align-left  avia-builder-el-5  el_after_av_image  el_before_av_image '   itemprop=\"image\" itemscope=\"itemscope\" itemtype=\"https:\/\/schema.org\/ImageObject\" ><div class=\"avia-image-container-inner\"><div class=\"avia-image-overlay-wrap\"><a href=\"https:\/\/www.prokol.com\/wp-content\/uploads\/Tunnels_01-1030x687.jpg\" data-srcset=\"https:\/\/www.prokol.com\/wp-content\/uploads\/Tunnels_01-1030x687.jpg 1030w, https:\/\/www.prokol.com\/wp-content\/uploads\/Tunnels_01-scaled-600x400.jpg 600w, https:\/\/www.prokol.com\/wp-content\/uploads\/Tunnels_01-300x200.jpg 300w, https:\/\/www.prokol.com\/wp-content\/uploads\/Tunnels_01-768x512.jpg 768w, https:\/\/www.prokol.com\/wp-content\/uploads\/Tunnels_01-1536x1024.jpg 1536w, https:\/\/www.prokol.com\/wp-content\/uploads\/Tunnels_01-2048x1365.jpg 2048w, https:\/\/www.prokol.com\/wp-content\/uploads\/Tunnels_01-1500x1000.jpg 1500w, https:\/\/www.prokol.com\/wp-content\/uploads\/Tunnels_01-705x470.jpg 705w, https:\/\/www.prokol.com\/wp-content\/uploads\/Tunnels_01-24x16.jpg 24w, https:\/\/www.prokol.com\/wp-content\/uploads\/Tunnels_01-36x24.jpg 36w, https:\/\/www.prokol.com\/wp-content\/uploads\/Tunnels_01-48x32.jpg 48w\" data-sizes=\"(max-width: 1030px) 100vw, 1030px\" class='avia_image'  aria-label='Road tunnel in Arinsal village, Andorra'><img decoding=\"async\" fetchpriority=\"high\" class='wp-image-12406 avia-img-lazy-loading-not-12406 avia_image ' src=\"https:\/\/www.prokol.com\/wp-content\/uploads\/Tunnels_01-180x180.jpg\" alt='' title='Road tunnel in Arinsal village, Andorra'  height=\"180\" width=\"180\"  itemprop=\"thumbnailUrl\" srcset=\"https:\/\/www.prokol.com\/wp-content\/uploads\/Tunnels_01-180x180.jpg 180w, https:\/\/www.prokol.com\/wp-content\/uploads\/Tunnels_01-scaled-300x300.jpg 300w, https:\/\/www.prokol.com\/wp-content\/uploads\/Tunnels_01-scaled-100x100.jpg 100w, https:\/\/www.prokol.com\/wp-content\/uploads\/Tunnels_01-80x80.jpg 80w, https:\/\/www.prokol.com\/wp-content\/uploads\/Tunnels_01-36x36.jpg 36w\" sizes=\"(max-width: 180px) 100vw, 180px\" \/><\/a><\/div><\/div><\/div><br \/>\n\n<style type=\"text\/css\" data-created_by=\"avia_inline_auto\" id=\"style-css-av-kde9de9x-7bcf0876ee16a5c8652dcf9a24dcb0f8\">\n.avia-image-container.av-kde9de9x-7bcf0876ee16a5c8652dcf9a24dcb0f8 img.avia_image{\nbox-shadow:none;\n}\n.avia-image-container.av-kde9de9x-7bcf0876ee16a5c8652dcf9a24dcb0f8 .av-image-caption-overlay-center{\ncolor:#ffffff;\n}\n<\/style>\n<div  class='avia-image-container av-kde9de9x-7bcf0876ee16a5c8652dcf9a24dcb0f8 av-styling- avia-align-left  avia-builder-el-6  el_after_av_image  el_before_av_image '   itemprop=\"image\" itemscope=\"itemscope\" itemtype=\"https:\/\/schema.org\/ImageObject\" ><div class=\"avia-image-container-inner\"><div class=\"avia-image-overlay-wrap\"><a href=\"https:\/\/www.prokol.com\/wp-content\/uploads\/Tunnels_04-1030x773.jpg\" data-srcset=\"https:\/\/www.prokol.com\/wp-content\/uploads\/Tunnels_04-1030x773.jpg 1030w, https:\/\/www.prokol.com\/wp-content\/uploads\/Tunnels_04-scaled-600x450.jpg 600w, https:\/\/www.prokol.com\/wp-content\/uploads\/Tunnels_04-300x225.jpg 300w, https:\/\/www.prokol.com\/wp-content\/uploads\/Tunnels_04-768x576.jpg 768w, https:\/\/www.prokol.com\/wp-content\/uploads\/Tunnels_04-1536x1152.jpg 1536w, https:\/\/www.prokol.com\/wp-content\/uploads\/Tunnels_04-2048x1536.jpg 2048w, https:\/\/www.prokol.com\/wp-content\/uploads\/Tunnels_04-1500x1125.jpg 1500w, https:\/\/www.prokol.com\/wp-content\/uploads\/Tunnels_04-705x529.jpg 705w, https:\/\/www.prokol.com\/wp-content\/uploads\/Tunnels_04-24x18.jpg 24w, https:\/\/www.prokol.com\/wp-content\/uploads\/Tunnels_04-36x27.jpg 36w, https:\/\/www.prokol.com\/wp-content\/uploads\/Tunnels_04-48x36.jpg 48w\" data-sizes=\"(max-width: 1030px) 100vw, 1030px\" class='avia_image'  aria-label='Tunnels_04'><img decoding=\"async\" fetchpriority=\"high\" class='wp-image-12418 avia-img-lazy-loading-not-12418 avia_image ' src=\"https:\/\/www.prokol.com\/wp-content\/uploads\/Tunnels_04-180x180.jpg\" alt='' title='Tunnels_04'  height=\"180\" width=\"180\"  itemprop=\"thumbnailUrl\" srcset=\"https:\/\/www.prokol.com\/wp-content\/uploads\/Tunnels_04-180x180.jpg 180w, https:\/\/www.prokol.com\/wp-content\/uploads\/Tunnels_04-scaled-300x300.jpg 300w, https:\/\/www.prokol.com\/wp-content\/uploads\/Tunnels_04-scaled-100x100.jpg 100w, https:\/\/www.prokol.com\/wp-content\/uploads\/Tunnels_04-80x80.jpg 80w, https:\/\/www.prokol.com\/wp-content\/uploads\/Tunnels_04-36x36.jpg 36w\" sizes=\"(max-width: 180px) 100vw, 180px\" \/><\/a><\/div><\/div><\/div><br \/>\n\n<style type=\"text\/css\" data-created_by=\"avia_inline_auto\" id=\"style-css-av-kde9de9x-c944de3098d9e46ec7473eae40e8f64e\">\n.avia-image-container.av-kde9de9x-c944de3098d9e46ec7473eae40e8f64e img.avia_image{\nbox-shadow:none;\n}\n.avia-image-container.av-kde9de9x-c944de3098d9e46ec7473eae40e8f64e .av-image-caption-overlay-center{\ncolor:#ffffff;\n}\n<\/style>\n<div  class='avia-image-container av-kde9de9x-c944de3098d9e46ec7473eae40e8f64e av-styling- avia-align-left  avia-builder-el-7  el_after_av_image  avia-builder-el-last '   itemprop=\"image\" itemscope=\"itemscope\" itemtype=\"https:\/\/schema.org\/ImageObject\" ><div class=\"avia-image-container-inner\"><div class=\"avia-image-overlay-wrap\"><a href=\"https:\/\/www.prokol.com\/wp-content\/uploads\/Tunnels_03-1030x773.jpg\" data-srcset=\"https:\/\/www.prokol.com\/wp-content\/uploads\/Tunnels_03-1030x773.jpg 1030w, https:\/\/www.prokol.com\/wp-content\/uploads\/Tunnels_03-scaled-600x450.jpg 600w, https:\/\/www.prokol.com\/wp-content\/uploads\/Tunnels_03-300x225.jpg 300w, https:\/\/www.prokol.com\/wp-content\/uploads\/Tunnels_03-768x576.jpg 768w, https:\/\/www.prokol.com\/wp-content\/uploads\/Tunnels_03-1536x1152.jpg 1536w, https:\/\/www.prokol.com\/wp-content\/uploads\/Tunnels_03-2048x1536.jpg 2048w, https:\/\/www.prokol.com\/wp-content\/uploads\/Tunnels_03-1500x1125.jpg 1500w, https:\/\/www.prokol.com\/wp-content\/uploads\/Tunnels_03-705x529.jpg 705w, https:\/\/www.prokol.com\/wp-content\/uploads\/Tunnels_03-24x18.jpg 24w, https:\/\/www.prokol.com\/wp-content\/uploads\/Tunnels_03-36x27.jpg 36w, https:\/\/www.prokol.com\/wp-content\/uploads\/Tunnels_03-48x36.jpg 48w\" data-sizes=\"(max-width: 1030px) 100vw, 1030px\" class='avia_image'  aria-label='Tunnels_03'><img decoding=\"async\" fetchpriority=\"high\" class='wp-image-12414 avia-img-lazy-loading-not-12414 avia_image ' src=\"https:\/\/www.prokol.com\/wp-content\/uploads\/Tunnels_03-180x180.jpg\" alt='' title='Tunnels_03'  height=\"180\" width=\"180\"  itemprop=\"thumbnailUrl\" srcset=\"https:\/\/www.prokol.com\/wp-content\/uploads\/Tunnels_03-180x180.jpg 180w, https:\/\/www.prokol.com\/wp-content\/uploads\/Tunnels_03-scaled-300x300.jpg 300w, https:\/\/www.prokol.com\/wp-content\/uploads\/Tunnels_03-scaled-100x100.jpg 100w, https:\/\/www.prokol.com\/wp-content\/uploads\/Tunnels_03-80x80.jpg 80w, https:\/\/www.prokol.com\/wp-content\/uploads\/Tunnels_03-36x36.jpg 36w\" sizes=\"(max-width: 180px) 100vw, 180px\" \/><\/a><\/div><\/div><\/div><\/p><\/div>\n","protected":false},"excerpt":{"rendered":"","protected":false},"author":3,"featured_media":0,"parent":19317,"menu_order":0,"comment_status":"closed","ping_status":"closed","template":"","meta":{"inline_featured_image":false,"footnotes":""},"tags":[],"class_list":["post-19093","page","type-page","status-publish","hentry"],"yoast_head":"<!-- This site is optimized with the Yoast SEO plugin v27.2 - https:\/\/yoast.com\/product\/yoast-seo-wordpress\/ -->\n<title>Tunnelausbau innen und au\u00dfen - Prokol Protective Coatings<\/title>\n<meta name=\"robots\" content=\"index, follow, max-snippet:-1, max-image-preview:large, max-video-preview:-1\" \/>\n<link rel=\"canonical\" href=\"https:\/\/www.prokol.com\/de\/anwendungen\/tiefbau-infrastruktur-schienenverkehr\/tunnelausbau-innen-und-aussen\/\" \/>\n<meta property=\"og:locale\" content=\"de_DE\" \/>\n<meta property=\"og:type\" content=\"article\" \/>\n<meta property=\"og:title\" content=\"Tunnelausbau innen und au\u00dfen - Prokol Protective Coatings\" \/>\n<meta property=\"og:url\" content=\"https:\/\/www.prokol.com\/de\/anwendungen\/tiefbau-infrastruktur-schienenverkehr\/tunnelausbau-innen-und-aussen\/\" \/>\n<meta property=\"og:site_name\" content=\"Prokol Protective Coatings\" \/>\n<meta property=\"article:modified_time\" content=\"2023-05-16T09:57:13+00:00\" \/>\n<meta name=\"twitter:card\" content=\"summary_large_image\" \/>\n<meta name=\"twitter:label1\" content=\"Gesch\u00e4tzte Lesezeit\" \/>\n\t<meta name=\"twitter:data1\" content=\"5\u00a0Minuten\" \/>\n<script type=\"application\/ld+json\" class=\"yoast-schema-graph\">{\"@context\":\"https:\/\/schema.org\",\"@graph\":[{\"@type\":\"WebPage\",\"@id\":\"https:\/\/www.prokol.com\/de\/anwendungen\/tiefbau-infrastruktur-schienenverkehr\/tunnelausbau-innen-und-aussen\/\",\"url\":\"https:\/\/www.prokol.com\/de\/anwendungen\/tiefbau-infrastruktur-schienenverkehr\/tunnelausbau-innen-und-aussen\/\",\"name\":\"Tunnelausbau innen und au\u00dfen - Prokol Protective Coatings\",\"isPartOf\":{\"@id\":\"https:\/\/www.prokol.com\/de\/#website\"},\"datePublished\":\"2022-03-31T13:05:59+00:00\",\"dateModified\":\"2023-05-16T09:57:13+00:00\",\"breadcrumb\":{\"@id\":\"https:\/\/www.prokol.com\/de\/anwendungen\/tiefbau-infrastruktur-schienenverkehr\/tunnelausbau-innen-und-aussen\/#breadcrumb\"},\"inLanguage\":\"de\",\"potentialAction\":[{\"@type\":\"ReadAction\",\"target\":[\"https:\/\/www.prokol.com\/de\/anwendungen\/tiefbau-infrastruktur-schienenverkehr\/tunnelausbau-innen-und-aussen\/\"]}]},{\"@type\":\"BreadcrumbList\",\"@id\":\"https:\/\/www.prokol.com\/de\/anwendungen\/tiefbau-infrastruktur-schienenverkehr\/tunnelausbau-innen-und-aussen\/#breadcrumb\",\"itemListElement\":[{\"@type\":\"ListItem\",\"position\":1,\"name\":\"Home\",\"item\":\"https:\/\/www.prokol.com\/de\/prokol-home-de\/\"},{\"@type\":\"ListItem\",\"position\":2,\"name\":\"Anwendungen\",\"item\":\"https:\/\/www.prokol.com\/de\/anwendungen\/\"},{\"@type\":\"ListItem\",\"position\":3,\"name\":\"Tiefbau | Infrastruktur | Schienenverkehr\",\"item\":\"https:\/\/www.prokol.com\/de\/anwendungen\/tiefbau-infrastruktur-schienenverkehr\/\"},{\"@type\":\"ListItem\",\"position\":4,\"name\":\"Tunnelausbau innen und au\u00dfen\"}]},{\"@type\":\"WebSite\",\"@id\":\"https:\/\/www.prokol.com\/de\/#website\",\"url\":\"https:\/\/www.prokol.com\/de\/\",\"name\":\"Prokol Protective Coatings\",\"description\":\"POLYUREA HOTSPRAY, GIETVLOEREN EN PARKEERGARAGE COATINGS, VLOEIBARE NAADLOZE KUNSTSTOFFEN\",\"potentialAction\":[{\"@type\":\"SearchAction\",\"target\":{\"@type\":\"EntryPoint\",\"urlTemplate\":\"https:\/\/www.prokol.com\/de\/?s={search_term_string}\"},\"query-input\":{\"@type\":\"PropertyValueSpecification\",\"valueRequired\":true,\"valueName\":\"search_term_string\"}}],\"inLanguage\":\"de\"}]}<\/script>\n<!-- \/ Yoast SEO plugin. -->","yoast_head_json":{"title":"Tunnelausbau innen und au\u00dfen - Prokol Protective Coatings","robots":{"index":"index","follow":"follow","max-snippet":"max-snippet:-1","max-image-preview":"max-image-preview:large","max-video-preview":"max-video-preview:-1"},"canonical":"https:\/\/www.prokol.com\/de\/anwendungen\/tiefbau-infrastruktur-schienenverkehr\/tunnelausbau-innen-und-aussen\/","og_locale":"de_DE","og_type":"article","og_title":"Tunnelausbau innen und au\u00dfen - Prokol Protective Coatings","og_url":"https:\/\/www.prokol.com\/de\/anwendungen\/tiefbau-infrastruktur-schienenverkehr\/tunnelausbau-innen-und-aussen\/","og_site_name":"Prokol Protective Coatings","article_modified_time":"2023-05-16T09:57:13+00:00","twitter_card":"summary_large_image","twitter_misc":{"Gesch\u00e4tzte Lesezeit":"5\u00a0Minuten"},"schema":{"@context":"https:\/\/schema.org","@graph":[{"@type":"WebPage","@id":"https:\/\/www.prokol.com\/de\/anwendungen\/tiefbau-infrastruktur-schienenverkehr\/tunnelausbau-innen-und-aussen\/","url":"https:\/\/www.prokol.com\/de\/anwendungen\/tiefbau-infrastruktur-schienenverkehr\/tunnelausbau-innen-und-aussen\/","name":"Tunnelausbau innen und au\u00dfen - Prokol Protective Coatings","isPartOf":{"@id":"https:\/\/www.prokol.com\/de\/#website"},"datePublished":"2022-03-31T13:05:59+00:00","dateModified":"2023-05-16T09:57:13+00:00","breadcrumb":{"@id":"https:\/\/www.prokol.com\/de\/anwendungen\/tiefbau-infrastruktur-schienenverkehr\/tunnelausbau-innen-und-aussen\/#breadcrumb"},"inLanguage":"de","potentialAction":[{"@type":"ReadAction","target":["https:\/\/www.prokol.com\/de\/anwendungen\/tiefbau-infrastruktur-schienenverkehr\/tunnelausbau-innen-und-aussen\/"]}]},{"@type":"BreadcrumbList","@id":"https:\/\/www.prokol.com\/de\/anwendungen\/tiefbau-infrastruktur-schienenverkehr\/tunnelausbau-innen-und-aussen\/#breadcrumb","itemListElement":[{"@type":"ListItem","position":1,"name":"Home","item":"https:\/\/www.prokol.com\/de\/prokol-home-de\/"},{"@type":"ListItem","position":2,"name":"Anwendungen","item":"https:\/\/www.prokol.com\/de\/anwendungen\/"},{"@type":"ListItem","position":3,"name":"Tiefbau | Infrastruktur | Schienenverkehr","item":"https:\/\/www.prokol.com\/de\/anwendungen\/tiefbau-infrastruktur-schienenverkehr\/"},{"@type":"ListItem","position":4,"name":"Tunnelausbau innen und au\u00dfen"}]},{"@type":"WebSite","@id":"https:\/\/www.prokol.com\/de\/#website","url":"https:\/\/www.prokol.com\/de\/","name":"Prokol Protective Coatings","description":"POLYUREA HOTSPRAY, GIETVLOEREN EN PARKEERGARAGE COATINGS, VLOEIBARE NAADLOZE KUNSTSTOFFEN","potentialAction":[{"@type":"SearchAction","target":{"@type":"EntryPoint","urlTemplate":"https:\/\/www.prokol.com\/de\/?s={search_term_string}"},"query-input":{"@type":"PropertyValueSpecification","valueRequired":true,"valueName":"search_term_string"}}],"inLanguage":"de"}]}},"_links":{"self":[{"href":"https:\/\/www.prokol.com\/de\/wp-json\/wp\/v2\/pages\/19093","targetHints":{"allow":["GET"]}}],"collection":[{"href":"https:\/\/www.prokol.com\/de\/wp-json\/wp\/v2\/pages"}],"about":[{"href":"https:\/\/www.prokol.com\/de\/wp-json\/wp\/v2\/types\/page"}],"author":[{"embeddable":true,"href":"https:\/\/www.prokol.com\/de\/wp-json\/wp\/v2\/users\/3"}],"replies":[{"embeddable":true,"href":"https:\/\/www.prokol.com\/de\/wp-json\/wp\/v2\/comments?post=19093"}],"version-history":[{"count":4,"href":"https:\/\/www.prokol.com\/de\/wp-json\/wp\/v2\/pages\/19093\/revisions"}],"predecessor-version":[{"id":19217,"href":"https:\/\/www.prokol.com\/de\/wp-json\/wp\/v2\/pages\/19093\/revisions\/19217"}],"up":[{"embeddable":true,"href":"https:\/\/www.prokol.com\/de\/wp-json\/wp\/v2\/pages\/19317"}],"wp:attachment":[{"href":"https:\/\/www.prokol.com\/de\/wp-json\/wp\/v2\/media?parent=19093"}],"wp:term":[{"taxonomy":"post_tag","embeddable":true,"href":"https:\/\/www.prokol.com\/de\/wp-json\/wp\/v2\/tags?post=19093"}],"curies":[{"name":"wp","href":"https:\/\/api.w.org\/{rel}","templated":true}]}}