{"id":19096,"date":"2022-03-31T15:45:58","date_gmt":"2022-03-31T13:45:58","guid":{"rendered":"https:\/\/www.prokol.com\/justizvollzugsanstalten\/"},"modified":"2023-05-16T11:57:06","modified_gmt":"2023-05-16T09:57:06","slug":"justizvollzugsanstalten","status":"publish","type":"page","link":"https:\/\/www.prokol.com\/de\/anwendungen\/regierung\/justizvollzugsanstalten\/","title":{"rendered":"Justizvollzugsanstalten"},"content":{"rendered":"<div id='full_slider_1'  class='avia-fullwidth-slider main_color avia-shadow   avia-builder-el-0  el_before_av_three_fifth  avia-builder-el-first  vervolgslide  container_wrap fullsize'  >\n<style type=\"text\/css\" data-created_by=\"avia_inline_auto\" id=\"style-css-av-k4179f0p-acede921c93825f4aeea30d99a7ef583\">\n#top #wrap_all .avia-slideshow .av-slideshow-caption.av-k4179f0p-acede921c93825f4aeea30d99a7ef583__0 .avia-caption-title{\nfont-size:50px;\n}\n#top .avia-slideshow .av-slideshow-caption.av-k4179f0p-acede921c93825f4aeea30d99a7ef583__0 .avia-caption-content{\nfont-size:18px;\n}\n#top .avia-slideshow .av-slideshow-caption.av-k4179f0p-acede921c93825f4aeea30d99a7ef583__0 .avia-caption-content p{\nfont-size:18px;\n}\n\n@media only screen and (min-width: 768px) and (max-width: 989px){ \n#top .avia-slideshow .av-slideshow-caption.av-k4179f0p-acede921c93825f4aeea30d99a7ef583__0 .avia-caption-content{\ndisplay:none;\n}\n#top .avia-slideshow .av-slideshow-caption.av-k4179f0p-acede921c93825f4aeea30d99a7ef583__0 .avia-caption-content p{\ndisplay:none;\n}\n}\n\n@media only screen and (min-width: 480px) and (max-width: 767px){ \n#top .avia-slideshow .av-slideshow-caption.av-k4179f0p-acede921c93825f4aeea30d99a7ef583__0 .avia-caption-content{\ndisplay:none;\n}\n#top .avia-slideshow .av-slideshow-caption.av-k4179f0p-acede921c93825f4aeea30d99a7ef583__0 .avia-caption-content p{\ndisplay:none;\n}\n}\n\n@media only screen and (max-width: 479px){ \n#top .avia-slideshow .av-slideshow-caption.av-k4179f0p-acede921c93825f4aeea30d99a7ef583__0 .avia-caption-content{\ndisplay:none;\n}\n#top .avia-slideshow .av-slideshow-caption.av-k4179f0p-acede921c93825f4aeea30d99a7ef583__0 .avia-caption-content p{\ndisplay:none;\n}\n}\n<\/style>\n<div  class='avia-slideshow av-k4179f0p-acede921c93825f4aeea30d99a7ef583 avia-slideshow-featured av_slideshow_full avia-fade-slider vervolgslide av-slideshow-ui av-control-minimal av-slideshow-autoplay av-loop-endless av-loop-manual-endless av-default-height-applied   avia-slideshow-1' data-slideshow-options=\"{&quot;animation&quot;:&quot;fade&quot;,&quot;autoplay&quot;:true,&quot;loop_autoplay&quot;:&quot;endless&quot;,&quot;interval&quot;:5,&quot;loop_manual&quot;:&quot;manual-endless&quot;,&quot;autoplay_stopper&quot;:false,&quot;noNavigation&quot;:false,&quot;bg_slider&quot;:false,&quot;keep_padding&quot;:false,&quot;hoverpause&quot;:false,&quot;show_slide_delay&quot;:0}\"  itemprop=\"image\" itemscope=\"itemscope\" itemtype=\"https:\/\/schema.org\/ImageObject\" ><ul class='avia-slideshow-inner ' style='padding-bottom: 28.666666666667%;'><li  class='avia-slideshow-slide av-k4179f0p-acede921c93825f4aeea30d99a7ef583__0  av-single-slide slide-1 slide-odd'><div data-rel='slideshow-1' class='avia-slide-wrap '   ><div class='av-slideshow-caption av-k4179f0p-acede921c93825f4aeea30d99a7ef583__0 caption_fullwidth caption_left'><div class=\"container caption_container\"><div class=\"slideshow_caption\"><div class=\"slideshow_inner_caption\"><div class=\"slideshow_align_caption\"><h2 class='avia-caption-title '  itemprop=\"name\" ><span style=\"color: #df4c23;\">-<\/span><br \/>\nJustizvollzugsanstalten<\/h2><div class='avia-caption-content '  itemprop=\"description\" ><p>H\u00e4ftlinge und ihr Lebensumfeld!<\/p>\n<\/div><\/div><\/div><\/div><\/div><\/div><img decoding=\"async\" fetchpriority=\"high\" class=\"wp-image-10226 avia-img-lazy-loading-not-10226\"  src=\"https:\/\/www.prokol.com\/wp-content\/uploads\/Banner_gevangenissen-1500x430.jpg\" width=\"1500\" height=\"430\" title='Banner_gevangenissen' alt=''  itemprop=\"thumbnailUrl\" srcset=\"https:\/\/www.prokol.com\/wp-content\/uploads\/Banner_gevangenissen.jpg 1500w, https:\/\/www.prokol.com\/wp-content\/uploads\/Banner_gevangenissen-600x172.jpg 600w, https:\/\/www.prokol.com\/wp-content\/uploads\/Banner_gevangenissen-300x86.jpg 300w, https:\/\/www.prokol.com\/wp-content\/uploads\/Banner_gevangenissen-1030x295.jpg 1030w, https:\/\/www.prokol.com\/wp-content\/uploads\/Banner_gevangenissen-768x220.jpg 768w, https:\/\/www.prokol.com\/wp-content\/uploads\/Banner_gevangenissen-705x202.jpg 705w, https:\/\/www.prokol.com\/wp-content\/uploads\/Banner_gevangenissen-24x7.jpg 24w, https:\/\/www.prokol.com\/wp-content\/uploads\/Banner_gevangenissen-36x10.jpg 36w, https:\/\/www.prokol.com\/wp-content\/uploads\/Banner_gevangenissen-48x14.jpg 48w\" sizes=\"(max-width: 1500px) 100vw, 1500px\" \/><div class='av-section-color-overlay' style='opacity: 0.5; background-image: url(https:\/\/www.prokol.com\/wp-content\/uploads\/2019\/12\/Overlay.png); background-repeat: repeat;'><\/div><\/div><\/li><\/ul><\/div><\/div><div id='after_full_slider_1'  class='main_color av_default_container_wrap container_wrap fullsize'  ><div class='container av-section-cont-open' ><div class='template-page content  av-content-full alpha units'><div class='post-entry post-entry-type-page post-entry-19096'><div class='entry-content-wrapper clearfix'>\n\n<style type=\"text\/css\" data-created_by=\"avia_inline_auto\" id=\"style-css-av-mir7d-076b1aa2e9a00ad00d5728ea181b7e4d\">\n.flex_column.av-mir7d-076b1aa2e9a00ad00d5728ea181b7e4d{\nborder-radius:0px 0px 0px 0px;\npadding:0px 0px 0px 0px;\n}\n<\/style>\n<div  class='flex_column av-mir7d-076b1aa2e9a00ad00d5728ea181b7e4d av_three_fifth  avia-builder-el-1  el_after_av_slideshow_full  el_before_av_two_fifth  avia-builder-el-first  first flex_column_div av-zero-column-padding  '     ><section  class='av_textblock_section av-kde9cj1t-733622bddd2480cffdd6c27dc22482a0 '   itemscope=\"itemscope\" itemtype=\"https:\/\/schema.org\/CreativeWork\" ><div class='avia_textblock'  itemprop=\"text\" ><p>Ein synthetischer Boden- oder Wandbelag f\u00fcr eine Justizvollzugsanstalt erfordert besondere Eigenschaften. Manchmal leben Menschen jahrelang auf dieser relativ kleinen Fl\u00e4che. F\u00fcr jede T\u00e4tigkeit und jeden Bereich in einer Justizvollzugsanstalt gibt es eine spezifische L\u00f6sung. Diese L\u00f6sungen sind langlebig, verschlei\u00dffest und leicht zu reinigen.<\/p>\n<p>Das Design und die Farbe dieser Einrichtungsgegenst\u00e4nde haben oft einen gro\u00dfen Einfluss auf die Stimmung der Menschen, die sich dort aufhalten. Denken Sie dabei sowohl an das Wachpersonal als auch an Mitarbeiter, H\u00e4ftlinge und Besucher. Die Prokol-Systeme sind daher in praktisch jeder RAL-Farbe erh\u00e4ltlich.<\/p>\n<h5>Materialauswahl<\/h5>\n<p>Es ist wichtig, dass die Materialien sorgf\u00e4ltig ausgew\u00e4hlt werden. Prokol unterst\u00fctzt Sie gerne bei der Auswahl von Wand- und Bodenbel\u00e4gen und Abdichtungen. Neben Systemen f\u00fcr B\u00f6den und W\u00e4nde bietet Prokol auch L\u00f6sungen f\u00fcr die \u201efreundliche\u201c Gestaltung von Isolierzellen an, um den sicheren Aufenthalt von Menschen in diesen Zellen zu gew\u00e4hrleisten.<\/p>\n<p>Prokol bietet Spraysysteme als dauerhafte Alternative zu Fliesen f\u00fcr die nahtlose Verkleidung von B\u00f6den und W\u00e4nden in Waschr\u00e4umen und Duschen.<\/p>\n<\/div><\/section><\/div>\n\n<style type=\"text\/css\" data-created_by=\"avia_inline_auto\" id=\"style-css-av-hgjsh-4ad6bf0d2fc62696990cb6c5e6302c63\">\n.flex_column.av-hgjsh-4ad6bf0d2fc62696990cb6c5e6302c63{\nborder-radius:0px 0px 0px 0px;\npadding:0px 0px 0px 0px;\n}\n<\/style>\n<div  class='flex_column av-hgjsh-4ad6bf0d2fc62696990cb6c5e6302c63 av_two_fifth  avia-builder-el-3  el_after_av_three_fifth  avia-builder-el-last  flex_column_div av-zero-column-padding  '     ><p>\n<style type=\"text\/css\" data-created_by=\"avia_inline_auto\" id=\"style-css-av-kde9de9x-72013b288098f6cb7e43e475cf7fc40f\">\n.avia-image-container.av-kde9de9x-72013b288098f6cb7e43e475cf7fc40f img.avia_image{\nbox-shadow:none;\n}\n.avia-image-container.av-kde9de9x-72013b288098f6cb7e43e475cf7fc40f .av-image-caption-overlay-center{\ncolor:#ffffff;\n}\n<\/style>\n<div  class='avia-image-container av-kde9de9x-72013b288098f6cb7e43e475cf7fc40f av-styling- avia-align-left  avia-builder-el-4  el_before_av_image  avia-builder-el-first '   itemprop=\"image\" itemscope=\"itemscope\" itemtype=\"https:\/\/schema.org\/ImageObject\" ><div class=\"avia-image-container-inner\"><div class=\"avia-image-overlay-wrap\"><a href=\"https:\/\/www.prokol.com\/wp-content\/uploads\/6651406_m-1030x773.jpg\" data-srcset=\"https:\/\/www.prokol.com\/wp-content\/uploads\/6651406_m-1030x773.jpg 1030w, https:\/\/www.prokol.com\/wp-content\/uploads\/6651406_m-600x450.jpg 600w, https:\/\/www.prokol.com\/wp-content\/uploads\/6651406_m-300x225.jpg 300w, https:\/\/www.prokol.com\/wp-content\/uploads\/6651406_m-768x576.jpg 768w, https:\/\/www.prokol.com\/wp-content\/uploads\/6651406_m-1536x1152.jpg 1536w, https:\/\/www.prokol.com\/wp-content\/uploads\/6651406_m-2048x1536.jpg 2048w, https:\/\/www.prokol.com\/wp-content\/uploads\/6651406_m-1500x1125.jpg 1500w, https:\/\/www.prokol.com\/wp-content\/uploads\/6651406_m-705x529.jpg 705w, https:\/\/www.prokol.com\/wp-content\/uploads\/6651406_m-24x18.jpg 24w, https:\/\/www.prokol.com\/wp-content\/uploads\/6651406_m-36x27.jpg 36w, https:\/\/www.prokol.com\/wp-content\/uploads\/6651406_m-48x36.jpg 48w\" data-sizes=\"(max-width: 1030px) 100vw, 1030px\" class='avia_image'  aria-label='Justizvollzugsanstalten'><img decoding=\"async\" fetchpriority=\"high\" class='wp-image-13719 avia-img-lazy-loading-not-13719 avia_image ' src=\"https:\/\/www.prokol.com\/wp-content\/uploads\/6651406_m-180x180.jpg\" alt='' title='Justizvollzugsanstalten'  height=\"180\" width=\"180\"  itemprop=\"thumbnailUrl\" srcset=\"https:\/\/www.prokol.com\/wp-content\/uploads\/6651406_m-180x180.jpg 180w, https:\/\/www.prokol.com\/wp-content\/uploads\/6651406_m-300x300.jpg 300w, https:\/\/www.prokol.com\/wp-content\/uploads\/6651406_m-100x100.jpg 100w, https:\/\/www.prokol.com\/wp-content\/uploads\/6651406_m-80x80.jpg 80w, https:\/\/www.prokol.com\/wp-content\/uploads\/6651406_m-36x36.jpg 36w\" sizes=\"(max-width: 180px) 100vw, 180px\" \/><\/a><\/div><\/div><\/div><br \/>\n\n<style type=\"text\/css\" data-created_by=\"avia_inline_auto\" id=\"style-css-av-kq6je5we-b4dd2b6fe32caca5b297335aa09d9393\">\n.avia-image-container.av-kq6je5we-b4dd2b6fe32caca5b297335aa09d9393 img.avia_image{\nbox-shadow:none;\n}\n.avia-image-container.av-kq6je5we-b4dd2b6fe32caca5b297335aa09d9393 .av-image-caption-overlay-center{\ncolor:#ffffff;\n}\n<\/style>\n<div  class='avia-image-container av-kq6je5we-b4dd2b6fe32caca5b297335aa09d9393 av-styling- avia-align-left  avia-builder-el-5  el_after_av_image  avia-builder-el-last '   itemprop=\"image\" itemscope=\"itemscope\" itemtype=\"https:\/\/schema.org\/ImageObject\" ><div class=\"avia-image-container-inner\"><div class=\"avia-image-overlay-wrap\"><a href=\"https:\/\/www.prokol.com\/wp-content\/uploads\/90053903_m-1030x773.jpg\" data-srcset=\"https:\/\/www.prokol.com\/wp-content\/uploads\/90053903_m-1030x773.jpg 1030w, https:\/\/www.prokol.com\/wp-content\/uploads\/90053903_m-600x450.jpg 600w, https:\/\/www.prokol.com\/wp-content\/uploads\/90053903_m-300x225.jpg 300w, https:\/\/www.prokol.com\/wp-content\/uploads\/90053903_m-768x576.jpg 768w, https:\/\/www.prokol.com\/wp-content\/uploads\/90053903_m-1536x1152.jpg 1536w, https:\/\/www.prokol.com\/wp-content\/uploads\/90053903_m-2048x1536.jpg 2048w, https:\/\/www.prokol.com\/wp-content\/uploads\/90053903_m-1500x1125.jpg 1500w, https:\/\/www.prokol.com\/wp-content\/uploads\/90053903_m-705x529.jpg 705w, https:\/\/www.prokol.com\/wp-content\/uploads\/90053903_m-24x18.jpg 24w, https:\/\/www.prokol.com\/wp-content\/uploads\/90053903_m-36x27.jpg 36w, https:\/\/www.prokol.com\/wp-content\/uploads\/90053903_m-48x36.jpg 48w\" data-sizes=\"(max-width: 1030px) 100vw, 1030px\" class='avia_image'  aria-label='Justizvollzugsanstalten'><img decoding=\"async\" fetchpriority=\"high\" class='wp-image-13714 avia-img-lazy-loading-not-13714 avia_image ' src=\"https:\/\/www.prokol.com\/wp-content\/uploads\/90053903_m-180x180.jpg\" alt='' title='Justizvollzugsanstalten'  height=\"180\" width=\"180\"  itemprop=\"thumbnailUrl\" srcset=\"https:\/\/www.prokol.com\/wp-content\/uploads\/90053903_m-180x180.jpg 180w, https:\/\/www.prokol.com\/wp-content\/uploads\/90053903_m-300x300.jpg 300w, https:\/\/www.prokol.com\/wp-content\/uploads\/90053903_m-100x100.jpg 100w, https:\/\/www.prokol.com\/wp-content\/uploads\/90053903_m-80x80.jpg 80w, https:\/\/www.prokol.com\/wp-content\/uploads\/90053903_m-36x36.jpg 36w\" sizes=\"(max-width: 180px) 100vw, 180px\" \/><\/a><\/div><\/div><\/div><\/p><\/div>\n","protected":false},"excerpt":{"rendered":"","protected":false},"author":3,"featured_media":0,"parent":19320,"menu_order":0,"comment_status":"closed","ping_status":"closed","template":"","meta":{"inline_featured_image":false,"footnotes":""},"tags":[],"class_list":["post-19096","page","type-page","status-publish","hentry"],"yoast_head":"<!-- This site is optimized with the Yoast SEO plugin v27.2 - https:\/\/yoast.com\/product\/yoast-seo-wordpress\/ -->\n<title>Justizvollzugsanstalten | H\u00e4ftlinge und ihr Lebensumfeld!<\/title>\n<meta name=\"description\" content=\"Justizvollzugsanstalten | H\u00e4ftlinge und ihr Lebensumfeld!\" \/>\n<meta name=\"robots\" content=\"index, follow, max-snippet:-1, max-image-preview:large, max-video-preview:-1\" \/>\n<link rel=\"canonical\" href=\"https:\/\/www.prokol.com\/de\/anwendungen\/regierung\/justizvollzugsanstalten\/\" \/>\n<meta property=\"og:locale\" content=\"de_DE\" \/>\n<meta property=\"og:type\" content=\"article\" \/>\n<meta property=\"og:title\" content=\"Justizvollzugsanstalten | H\u00e4ftlinge und ihr Lebensumfeld!\" \/>\n<meta property=\"og:description\" content=\"Justizvollzugsanstalten | H\u00e4ftlinge und ihr Lebensumfeld!\" \/>\n<meta property=\"og:url\" content=\"https:\/\/www.prokol.com\/de\/anwendungen\/regierung\/justizvollzugsanstalten\/\" \/>\n<meta property=\"og:site_name\" content=\"Prokol Protective Coatings\" \/>\n<meta property=\"article:modified_time\" content=\"2023-05-16T09:57:06+00:00\" \/>\n<meta name=\"twitter:card\" content=\"summary_large_image\" \/>\n<meta name=\"twitter:label1\" content=\"Gesch\u00e4tzte Lesezeit\" \/>\n\t<meta name=\"twitter:data1\" content=\"4\u00a0Minuten\" \/>\n<script type=\"application\/ld+json\" class=\"yoast-schema-graph\">{\"@context\":\"https:\/\/schema.org\",\"@graph\":[{\"@type\":\"WebPage\",\"@id\":\"https:\/\/www.prokol.com\/de\/anwendungen\/regierung\/justizvollzugsanstalten\/\",\"url\":\"https:\/\/www.prokol.com\/de\/anwendungen\/regierung\/justizvollzugsanstalten\/\",\"name\":\"Justizvollzugsanstalten | H\u00e4ftlinge und ihr Lebensumfeld!\",\"isPartOf\":{\"@id\":\"https:\/\/www.prokol.com\/de\/#website\"},\"datePublished\":\"2022-03-31T13:45:58+00:00\",\"dateModified\":\"2023-05-16T09:57:06+00:00\",\"description\":\"Justizvollzugsanstalten | H\u00e4ftlinge und ihr Lebensumfeld!\",\"breadcrumb\":{\"@id\":\"https:\/\/www.prokol.com\/de\/anwendungen\/regierung\/justizvollzugsanstalten\/#breadcrumb\"},\"inLanguage\":\"de\",\"potentialAction\":[{\"@type\":\"ReadAction\",\"target\":[\"https:\/\/www.prokol.com\/de\/anwendungen\/regierung\/justizvollzugsanstalten\/\"]}]},{\"@type\":\"BreadcrumbList\",\"@id\":\"https:\/\/www.prokol.com\/de\/anwendungen\/regierung\/justizvollzugsanstalten\/#breadcrumb\",\"itemListElement\":[{\"@type\":\"ListItem\",\"position\":1,\"name\":\"Home\",\"item\":\"https:\/\/www.prokol.com\/de\/prokol-home-de\/\"},{\"@type\":\"ListItem\",\"position\":2,\"name\":\"Anwendungen\",\"item\":\"https:\/\/www.prokol.com\/de\/anwendungen\/\"},{\"@type\":\"ListItem\",\"position\":3,\"name\":\"Regierung\",\"item\":\"https:\/\/www.prokol.com\/de\/anwendungen\/regierung\/\"},{\"@type\":\"ListItem\",\"position\":4,\"name\":\"Justizvollzugsanstalten\"}]},{\"@type\":\"WebSite\",\"@id\":\"https:\/\/www.prokol.com\/de\/#website\",\"url\":\"https:\/\/www.prokol.com\/de\/\",\"name\":\"Prokol Protective Coatings\",\"description\":\"POLYUREA HOTSPRAY, GIETVLOEREN EN PARKEERGARAGE COATINGS, VLOEIBARE NAADLOZE KUNSTSTOFFEN\",\"potentialAction\":[{\"@type\":\"SearchAction\",\"target\":{\"@type\":\"EntryPoint\",\"urlTemplate\":\"https:\/\/www.prokol.com\/de\/?s={search_term_string}\"},\"query-input\":{\"@type\":\"PropertyValueSpecification\",\"valueRequired\":true,\"valueName\":\"search_term_string\"}}],\"inLanguage\":\"de\"}]}<\/script>\n<!-- \/ Yoast SEO plugin. -->","yoast_head_json":{"title":"Justizvollzugsanstalten | H\u00e4ftlinge und ihr Lebensumfeld!","description":"Justizvollzugsanstalten | H\u00e4ftlinge und ihr Lebensumfeld!","robots":{"index":"index","follow":"follow","max-snippet":"max-snippet:-1","max-image-preview":"max-image-preview:large","max-video-preview":"max-video-preview:-1"},"canonical":"https:\/\/www.prokol.com\/de\/anwendungen\/regierung\/justizvollzugsanstalten\/","og_locale":"de_DE","og_type":"article","og_title":"Justizvollzugsanstalten | H\u00e4ftlinge und ihr Lebensumfeld!","og_description":"Justizvollzugsanstalten | H\u00e4ftlinge und ihr Lebensumfeld!","og_url":"https:\/\/www.prokol.com\/de\/anwendungen\/regierung\/justizvollzugsanstalten\/","og_site_name":"Prokol Protective Coatings","article_modified_time":"2023-05-16T09:57:06+00:00","twitter_card":"summary_large_image","twitter_misc":{"Gesch\u00e4tzte Lesezeit":"4\u00a0Minuten"},"schema":{"@context":"https:\/\/schema.org","@graph":[{"@type":"WebPage","@id":"https:\/\/www.prokol.com\/de\/anwendungen\/regierung\/justizvollzugsanstalten\/","url":"https:\/\/www.prokol.com\/de\/anwendungen\/regierung\/justizvollzugsanstalten\/","name":"Justizvollzugsanstalten | H\u00e4ftlinge und ihr Lebensumfeld!","isPartOf":{"@id":"https:\/\/www.prokol.com\/de\/#website"},"datePublished":"2022-03-31T13:45:58+00:00","dateModified":"2023-05-16T09:57:06+00:00","description":"Justizvollzugsanstalten | H\u00e4ftlinge und ihr Lebensumfeld!","breadcrumb":{"@id":"https:\/\/www.prokol.com\/de\/anwendungen\/regierung\/justizvollzugsanstalten\/#breadcrumb"},"inLanguage":"de","potentialAction":[{"@type":"ReadAction","target":["https:\/\/www.prokol.com\/de\/anwendungen\/regierung\/justizvollzugsanstalten\/"]}]},{"@type":"BreadcrumbList","@id":"https:\/\/www.prokol.com\/de\/anwendungen\/regierung\/justizvollzugsanstalten\/#breadcrumb","itemListElement":[{"@type":"ListItem","position":1,"name":"Home","item":"https:\/\/www.prokol.com\/de\/prokol-home-de\/"},{"@type":"ListItem","position":2,"name":"Anwendungen","item":"https:\/\/www.prokol.com\/de\/anwendungen\/"},{"@type":"ListItem","position":3,"name":"Regierung","item":"https:\/\/www.prokol.com\/de\/anwendungen\/regierung\/"},{"@type":"ListItem","position":4,"name":"Justizvollzugsanstalten"}]},{"@type":"WebSite","@id":"https:\/\/www.prokol.com\/de\/#website","url":"https:\/\/www.prokol.com\/de\/","name":"Prokol Protective Coatings","description":"POLYUREA HOTSPRAY, GIETVLOEREN EN PARKEERGARAGE COATINGS, VLOEIBARE NAADLOZE KUNSTSTOFFEN","potentialAction":[{"@type":"SearchAction","target":{"@type":"EntryPoint","urlTemplate":"https:\/\/www.prokol.com\/de\/?s={search_term_string}"},"query-input":{"@type":"PropertyValueSpecification","valueRequired":true,"valueName":"search_term_string"}}],"inLanguage":"de"}]}},"_links":{"self":[{"href":"https:\/\/www.prokol.com\/de\/wp-json\/wp\/v2\/pages\/19096","targetHints":{"allow":["GET"]}}],"collection":[{"href":"https:\/\/www.prokol.com\/de\/wp-json\/wp\/v2\/pages"}],"about":[{"href":"https:\/\/www.prokol.com\/de\/wp-json\/wp\/v2\/types\/page"}],"author":[{"embeddable":true,"href":"https:\/\/www.prokol.com\/de\/wp-json\/wp\/v2\/users\/3"}],"replies":[{"embeddable":true,"href":"https:\/\/www.prokol.com\/de\/wp-json\/wp\/v2\/comments?post=19096"}],"version-history":[{"count":4,"href":"https:\/\/www.prokol.com\/de\/wp-json\/wp\/v2\/pages\/19096\/revisions"}],"predecessor-version":[{"id":19177,"href":"https:\/\/www.prokol.com\/de\/wp-json\/wp\/v2\/pages\/19096\/revisions\/19177"}],"up":[{"embeddable":true,"href":"https:\/\/www.prokol.com\/de\/wp-json\/wp\/v2\/pages\/19320"}],"wp:attachment":[{"href":"https:\/\/www.prokol.com\/de\/wp-json\/wp\/v2\/media?parent=19096"}],"wp:term":[{"taxonomy":"post_tag","embeddable":true,"href":"https:\/\/www.prokol.com\/de\/wp-json\/wp\/v2\/tags?post=19096"}],"curies":[{"name":"wp","href":"https:\/\/api.w.org\/{rel}","templated":true}]}}