{"id":19099,"date":"2022-03-31T15:47:50","date_gmt":"2022-03-31T13:47:50","guid":{"rendered":"https:\/\/www.prokol.com\/schutz-vor-anschlaegen\/"},"modified":"2023-05-16T11:57:07","modified_gmt":"2023-05-16T09:57:07","slug":"schutz-vor-anschlaegen","status":"publish","type":"page","link":"https:\/\/www.prokol.com\/de\/anwendungen\/regierung\/schutz-vor-anschlaegen\/","title":{"rendered":"Schutz vor Anschl\u00e4gen"},"content":{"rendered":"<div id='full_slider_1'  class='avia-fullwidth-slider main_color avia-shadow   avia-builder-el-0  el_before_av_three_fifth  avia-builder-el-first  vervolgslide  container_wrap fullsize'  >\n<style type=\"text\/css\" data-created_by=\"avia_inline_auto\" id=\"style-css-av-k4179f0p-acede921c93825f4aeea30d99a7ef583\">\n#top #wrap_all .avia-slideshow .av-slideshow-caption.av-k4179f0p-acede921c93825f4aeea30d99a7ef583__0 .avia-caption-title{\nfont-size:50px;\n}\n#top .avia-slideshow .av-slideshow-caption.av-k4179f0p-acede921c93825f4aeea30d99a7ef583__0 .avia-caption-content{\nfont-size:18px;\n}\n#top .avia-slideshow .av-slideshow-caption.av-k4179f0p-acede921c93825f4aeea30d99a7ef583__0 .avia-caption-content p{\nfont-size:18px;\n}\n\n@media only screen and (min-width: 768px) and (max-width: 989px){ \n#top .avia-slideshow .av-slideshow-caption.av-k4179f0p-acede921c93825f4aeea30d99a7ef583__0 .avia-caption-content{\ndisplay:none;\n}\n#top .avia-slideshow .av-slideshow-caption.av-k4179f0p-acede921c93825f4aeea30d99a7ef583__0 .avia-caption-content p{\ndisplay:none;\n}\n}\n\n@media only screen and (min-width: 480px) and (max-width: 767px){ \n#top .avia-slideshow .av-slideshow-caption.av-k4179f0p-acede921c93825f4aeea30d99a7ef583__0 .avia-caption-content{\ndisplay:none;\n}\n#top .avia-slideshow .av-slideshow-caption.av-k4179f0p-acede921c93825f4aeea30d99a7ef583__0 .avia-caption-content p{\ndisplay:none;\n}\n}\n\n@media only screen and (max-width: 479px){ \n#top .avia-slideshow .av-slideshow-caption.av-k4179f0p-acede921c93825f4aeea30d99a7ef583__0 .avia-caption-content{\ndisplay:none;\n}\n#top .avia-slideshow .av-slideshow-caption.av-k4179f0p-acede921c93825f4aeea30d99a7ef583__0 .avia-caption-content p{\ndisplay:none;\n}\n}\n<\/style>\n<div  class='avia-slideshow av-k4179f0p-acede921c93825f4aeea30d99a7ef583 avia-slideshow-featured av_slideshow_full avia-fade-slider vervolgslide av-slideshow-ui av-control-minimal av-slideshow-autoplay av-loop-endless av-loop-manual-endless av-default-height-applied   avia-slideshow-1' data-slideshow-options=\"{&quot;animation&quot;:&quot;fade&quot;,&quot;autoplay&quot;:true,&quot;loop_autoplay&quot;:&quot;endless&quot;,&quot;interval&quot;:5,&quot;loop_manual&quot;:&quot;manual-endless&quot;,&quot;autoplay_stopper&quot;:false,&quot;noNavigation&quot;:false,&quot;bg_slider&quot;:false,&quot;keep_padding&quot;:false,&quot;hoverpause&quot;:false,&quot;show_slide_delay&quot;:0}\"  itemprop=\"image\" itemscope=\"itemscope\" itemtype=\"https:\/\/schema.org\/ImageObject\" ><ul class='avia-slideshow-inner ' style='padding-bottom: 28.666666666667%;'><li  class='avia-slideshow-slide av-k4179f0p-acede921c93825f4aeea30d99a7ef583__0  av-single-slide slide-1 slide-odd'><div data-rel='slideshow-1' class='avia-slide-wrap '   ><div class='av-slideshow-caption av-k4179f0p-acede921c93825f4aeea30d99a7ef583__0 caption_fullwidth caption_left'><div class=\"container caption_container\"><div class=\"slideshow_caption\"><div class=\"slideshow_inner_caption\"><div class=\"slideshow_align_caption\"><h2 class='avia-caption-title '  itemprop=\"name\" ><span style=\"color: #df4c23;\">-<\/span><br \/>\nSchutz vor Anschl\u00e4gen<\/h2><div class='avia-caption-content '  itemprop=\"description\" ><p>Prokol-Bodenbeschichtungen sind in feuerhemmender Form erh\u00e4ltlich<\/p>\n<\/div><\/div><\/div><\/div><\/div><\/div><img decoding=\"async\" fetchpriority=\"high\" class=\"wp-image-9652 avia-img-lazy-loading-not-9652\"  src=\"https:\/\/www.prokol.com\/wp-content\/uploads\/bescherming_aanslag_banner-1500x430.jpg\" width=\"1500\" height=\"430\" title='Schutz vor Anschl\u00e4gen' alt=''  itemprop=\"thumbnailUrl\" srcset=\"https:\/\/www.prokol.com\/wp-content\/uploads\/bescherming_aanslag_banner.jpg 1500w, https:\/\/www.prokol.com\/wp-content\/uploads\/bescherming_aanslag_banner-600x172.jpg 600w, https:\/\/www.prokol.com\/wp-content\/uploads\/bescherming_aanslag_banner-300x86.jpg 300w, https:\/\/www.prokol.com\/wp-content\/uploads\/bescherming_aanslag_banner-1030x295.jpg 1030w, https:\/\/www.prokol.com\/wp-content\/uploads\/bescherming_aanslag_banner-768x220.jpg 768w, https:\/\/www.prokol.com\/wp-content\/uploads\/bescherming_aanslag_banner-705x202.jpg 705w, https:\/\/www.prokol.com\/wp-content\/uploads\/bescherming_aanslag_banner-24x7.jpg 24w, https:\/\/www.prokol.com\/wp-content\/uploads\/bescherming_aanslag_banner-36x10.jpg 36w, https:\/\/www.prokol.com\/wp-content\/uploads\/bescherming_aanslag_banner-48x14.jpg 48w\" sizes=\"(max-width: 1500px) 100vw, 1500px\" \/><div class='av-section-color-overlay' style='opacity: 0.5; background-image: url(https:\/\/www.prokol.com\/wp-content\/uploads\/2019\/12\/Overlay.png); background-repeat: repeat;'><\/div><\/div><\/li><\/ul><\/div><\/div><div id='after_full_slider_1'  class='main_color av_default_container_wrap container_wrap fullsize'  ><div class='container av-section-cont-open' ><div class='template-page content  av-content-full alpha units'><div class='post-entry post-entry-type-page post-entry-19099'><div class='entry-content-wrapper clearfix'>\n\n<style type=\"text\/css\" data-created_by=\"avia_inline_auto\" id=\"style-css-av-mir7d-076b1aa2e9a00ad00d5728ea181b7e4d\">\n.flex_column.av-mir7d-076b1aa2e9a00ad00d5728ea181b7e4d{\nborder-radius:0px 0px 0px 0px;\npadding:0px 0px 0px 0px;\n}\n<\/style>\n<div  class='flex_column av-mir7d-076b1aa2e9a00ad00d5728ea181b7e4d av_three_fifth  avia-builder-el-1  el_after_av_slideshow_full  el_before_av_two_fifth  avia-builder-el-first  first flex_column_div av-zero-column-padding  '     ><section  class='av_textblock_section av-kde9cj1t-733622bddd2480cffdd6c27dc22482a0 '   itemscope=\"itemscope\" itemtype=\"https:\/\/schema.org\/CreativeWork\" ><div class='avia_textblock'  itemprop=\"text\" ><h5>Die Bedrohungen nehmen weiter zu<\/h5>\n<p>Anschl\u00e4ge werden immer h\u00e4ufiger. Umso wichtiger ist es, dass wir uns so gut wie m\u00f6glich vor ihnen sch\u00fctzen. Wir beobachten, dass an von der \u00d6ffentlichkeit frequentierten Orten Betonbl\u00f6cke aufgestellt werden, um Angriffe durch Fahrzeuge zu verhindern.<\/p>\n<p>Geb\u00e4ude werden immer h\u00e4ufiger so gebaut, dass der Schaden im Falle eines Angriffs so gering wie m\u00f6glich ist. Eine L\u00f6sung, die immer h\u00e4ufiger gew\u00e4hlt wird, ist das Auftragen eines Polyurea-Systems auf \u201ekritische Fassaden\u201c. Durch das Aufbringen dieser z\u00e4helastischen Schicht wird die Ausbreitung von Tr\u00fcmmern so weit wie m\u00f6glich eingeschr\u00e4nkt. Oft verursachen umherfliegende Tr\u00fcmmer genauso viel, wenn nicht sogar mehr, Schaden als der Angriff selbst.<\/p>\n<h5>Wie funktioniert das?<\/h5>\n<p>Ein Angriff von au\u00dfen f\u00fchrt dazu, dass sich eine Fassade nach innen bewegt, wodurch Tr\u00fcmmerteile umherfliegen und die Fassade zusammenbricht. Wenn die Innenseite mit einem Rocathaan PA-System ausgestattet ist, sorgt diese z\u00e4helastische Membran daf\u00fcr, dass die Energie des Angriffs absorbiert wird. Die elastische Membran bewegt sich nach innen, bleibt aber intakt, sodass keine oder kaum Tr\u00fcmmer (mit Wucht) nach innen fliegen. Der Aufprall im Inneren des Raums ist wesentlich geringer, sodass die Zahl der Opfer auf ein Minimum reduziert wird. Dies h\u00e4ngt auch von der Gesamtkonstruktion und der Schwere des Anschlags ab.<\/p>\n<p>Anwendungsbereiche:<\/p>\n<ul>\n<li>Regierungsgeb\u00e4ude<\/li>\n<li>Verschiedene Bankgeb\u00e4ude<\/li>\n<li>Milit\u00e4rfahrzeuge<\/li>\n<li>ME-Fahrzeuge<\/li>\n<\/ul>\n<\/div><\/section><\/div>\n\n<style type=\"text\/css\" data-created_by=\"avia_inline_auto\" id=\"style-css-av-hgjsh-4ad6bf0d2fc62696990cb6c5e6302c63\">\n.flex_column.av-hgjsh-4ad6bf0d2fc62696990cb6c5e6302c63{\nborder-radius:0px 0px 0px 0px;\npadding:0px 0px 0px 0px;\n}\n<\/style>\n<div  class='flex_column av-hgjsh-4ad6bf0d2fc62696990cb6c5e6302c63 av_two_fifth  avia-builder-el-3  el_after_av_three_fifth  avia-builder-el-last  flex_column_div av-zero-column-padding  '     ><p>\n<style type=\"text\/css\" data-created_by=\"avia_inline_auto\" id=\"style-css-av-kde9de9x-1f6ca3cd0c5337d5b8d6e539af0266a4\">\n.avia-image-container.av-kde9de9x-1f6ca3cd0c5337d5b8d6e539af0266a4 img.avia_image{\nbox-shadow:none;\n}\n.avia-image-container.av-kde9de9x-1f6ca3cd0c5337d5b8d6e539af0266a4 .av-image-caption-overlay-center{\ncolor:#ffffff;\n}\n<\/style>\n<div  class='avia-image-container av-kde9de9x-1f6ca3cd0c5337d5b8d6e539af0266a4 av-styling- avia-align-left  avia-builder-el-4  el_before_av_image  avia-builder-el-first '   itemprop=\"image\" itemscope=\"itemscope\" itemtype=\"https:\/\/schema.org\/ImageObject\" ><div class=\"avia-image-container-inner\"><div class=\"avia-image-overlay-wrap\"><a href=\"https:\/\/www.prokol.com\/wp-content\/uploads\/aanslagen_02-773x1030.jpg\" data-srcset=\"https:\/\/www.prokol.com\/wp-content\/uploads\/aanslagen_02-773x1030.jpg 773w, https:\/\/www.prokol.com\/wp-content\/uploads\/aanslagen_02-600x800.jpg 600w, https:\/\/www.prokol.com\/wp-content\/uploads\/aanslagen_02-225x300.jpg 225w, https:\/\/www.prokol.com\/wp-content\/uploads\/aanslagen_02-768x1024.jpg 768w, https:\/\/www.prokol.com\/wp-content\/uploads\/aanslagen_02-1152x1536.jpg 1152w, https:\/\/www.prokol.com\/wp-content\/uploads\/aanslagen_02-1125x1500.jpg 1125w, https:\/\/www.prokol.com\/wp-content\/uploads\/aanslagen_02-529x705.jpg 529w, https:\/\/www.prokol.com\/wp-content\/uploads\/aanslagen_02-18x24.jpg 18w, https:\/\/www.prokol.com\/wp-content\/uploads\/aanslagen_02-27x36.jpg 27w, https:\/\/www.prokol.com\/wp-content\/uploads\/aanslagen_02-36x48.jpg 36w, https:\/\/www.prokol.com\/wp-content\/uploads\/aanslagen_02.jpg 1200w\" data-sizes=\"(max-width: 773px) 100vw, 773px\" class='avia_image'  aria-label='aanslagen_02'><img decoding=\"async\" fetchpriority=\"high\" class='wp-image-13292 avia-img-lazy-loading-not-13292 avia_image ' src=\"https:\/\/www.prokol.com\/wp-content\/uploads\/aanslagen_02-180x180.jpg\" alt='' title='aanslagen_02'  height=\"180\" width=\"180\"  itemprop=\"thumbnailUrl\" srcset=\"https:\/\/www.prokol.com\/wp-content\/uploads\/aanslagen_02-180x180.jpg 180w, https:\/\/www.prokol.com\/wp-content\/uploads\/aanslagen_02-300x300.jpg 300w, https:\/\/www.prokol.com\/wp-content\/uploads\/aanslagen_02-100x100.jpg 100w, https:\/\/www.prokol.com\/wp-content\/uploads\/aanslagen_02-80x80.jpg 80w, https:\/\/www.prokol.com\/wp-content\/uploads\/aanslagen_02-36x36.jpg 36w\" sizes=\"(max-width: 180px) 100vw, 180px\" \/><\/a><\/div><\/div><\/div><br \/>\n\n<style type=\"text\/css\" data-created_by=\"avia_inline_auto\" id=\"style-css-av-kpsbzc57-8ea7632433b4f78d31c161bb76b3fc03\">\n.avia-image-container.av-kpsbzc57-8ea7632433b4f78d31c161bb76b3fc03 img.avia_image{\nbox-shadow:none;\n}\n.avia-image-container.av-kpsbzc57-8ea7632433b4f78d31c161bb76b3fc03 .av-image-caption-overlay-center{\ncolor:#ffffff;\n}\n<\/style>\n<div  class='avia-image-container av-kpsbzc57-8ea7632433b4f78d31c161bb76b3fc03 av-styling- avia-align-left  avia-builder-el-5  el_after_av_image  avia-builder-el-last '   itemprop=\"image\" itemscope=\"itemscope\" itemtype=\"https:\/\/schema.org\/ImageObject\" ><div class=\"avia-image-container-inner\"><div class=\"avia-image-overlay-wrap\"><a href=\"https:\/\/www.prokol.com\/wp-content\/uploads\/aanslagen_01-773x1030.jpg\" data-srcset=\"https:\/\/www.prokol.com\/wp-content\/uploads\/aanslagen_01-773x1030.jpg 773w, https:\/\/www.prokol.com\/wp-content\/uploads\/aanslagen_01-600x800.jpg 600w, https:\/\/www.prokol.com\/wp-content\/uploads\/aanslagen_01-225x300.jpg 225w, https:\/\/www.prokol.com\/wp-content\/uploads\/aanslagen_01-768x1024.jpg 768w, https:\/\/www.prokol.com\/wp-content\/uploads\/aanslagen_01-1152x1536.jpg 1152w, https:\/\/www.prokol.com\/wp-content\/uploads\/aanslagen_01-1125x1500.jpg 1125w, https:\/\/www.prokol.com\/wp-content\/uploads\/aanslagen_01-529x705.jpg 529w, https:\/\/www.prokol.com\/wp-content\/uploads\/aanslagen_01-18x24.jpg 18w, https:\/\/www.prokol.com\/wp-content\/uploads\/aanslagen_01-27x36.jpg 27w, https:\/\/www.prokol.com\/wp-content\/uploads\/aanslagen_01-36x48.jpg 36w, https:\/\/www.prokol.com\/wp-content\/uploads\/aanslagen_01.jpg 1200w\" data-sizes=\"(max-width: 773px) 100vw, 773px\" class='avia_image'  aria-label='aanslagen_01'><img decoding=\"async\" fetchpriority=\"high\" class='wp-image-13288 avia-img-lazy-loading-not-13288 avia_image ' src=\"https:\/\/www.prokol.com\/wp-content\/uploads\/aanslagen_01-180x180.jpg\" alt='' title='aanslagen_01'  height=\"180\" width=\"180\"  itemprop=\"thumbnailUrl\" srcset=\"https:\/\/www.prokol.com\/wp-content\/uploads\/aanslagen_01-180x180.jpg 180w, https:\/\/www.prokol.com\/wp-content\/uploads\/aanslagen_01-300x300.jpg 300w, https:\/\/www.prokol.com\/wp-content\/uploads\/aanslagen_01-100x100.jpg 100w, https:\/\/www.prokol.com\/wp-content\/uploads\/aanslagen_01-80x80.jpg 80w, https:\/\/www.prokol.com\/wp-content\/uploads\/aanslagen_01-36x36.jpg 36w\" sizes=\"(max-width: 180px) 100vw, 180px\" \/><\/a><\/div><\/div><\/div><\/p><\/div>\n","protected":false},"excerpt":{"rendered":"","protected":false},"author":3,"featured_media":0,"parent":19320,"menu_order":0,"comment_status":"closed","ping_status":"closed","template":"","meta":{"inline_featured_image":false,"footnotes":""},"tags":[],"class_list":["post-19099","page","type-page","status-publish","hentry"],"yoast_head":"<!-- This site is optimized with the Yoast SEO plugin v27.2 - https:\/\/yoast.com\/product\/yoast-seo-wordpress\/ -->\n<title>Schutz vor Anschl\u00e4gen - Prokol Protective Coatings<\/title>\n<meta name=\"robots\" content=\"index, follow, max-snippet:-1, max-image-preview:large, max-video-preview:-1\" \/>\n<link rel=\"canonical\" href=\"https:\/\/www.prokol.com\/de\/anwendungen\/regierung\/schutz-vor-anschlaegen\/\" \/>\n<meta property=\"og:locale\" content=\"de_DE\" \/>\n<meta property=\"og:type\" content=\"article\" \/>\n<meta property=\"og:title\" content=\"Schutz vor Anschl\u00e4gen - Prokol Protective Coatings\" \/>\n<meta property=\"og:url\" content=\"https:\/\/www.prokol.com\/de\/anwendungen\/regierung\/schutz-vor-anschlaegen\/\" \/>\n<meta property=\"og:site_name\" content=\"Prokol Protective Coatings\" \/>\n<meta property=\"article:modified_time\" content=\"2023-05-16T09:57:07+00:00\" \/>\n<meta name=\"twitter:card\" content=\"summary_large_image\" \/>\n<meta name=\"twitter:label1\" content=\"Gesch\u00e4tzte Lesezeit\" \/>\n\t<meta name=\"twitter:data1\" content=\"5\u00a0Minuten\" \/>\n<script type=\"application\/ld+json\" class=\"yoast-schema-graph\">{\"@context\":\"https:\/\/schema.org\",\"@graph\":[{\"@type\":\"WebPage\",\"@id\":\"https:\/\/www.prokol.com\/de\/anwendungen\/regierung\/schutz-vor-anschlaegen\/\",\"url\":\"https:\/\/www.prokol.com\/de\/anwendungen\/regierung\/schutz-vor-anschlaegen\/\",\"name\":\"Schutz vor Anschl\u00e4gen - Prokol Protective Coatings\",\"isPartOf\":{\"@id\":\"https:\/\/www.prokol.com\/de\/#website\"},\"datePublished\":\"2022-03-31T13:47:50+00:00\",\"dateModified\":\"2023-05-16T09:57:07+00:00\",\"breadcrumb\":{\"@id\":\"https:\/\/www.prokol.com\/de\/anwendungen\/regierung\/schutz-vor-anschlaegen\/#breadcrumb\"},\"inLanguage\":\"de\",\"potentialAction\":[{\"@type\":\"ReadAction\",\"target\":[\"https:\/\/www.prokol.com\/de\/anwendungen\/regierung\/schutz-vor-anschlaegen\/\"]}]},{\"@type\":\"BreadcrumbList\",\"@id\":\"https:\/\/www.prokol.com\/de\/anwendungen\/regierung\/schutz-vor-anschlaegen\/#breadcrumb\",\"itemListElement\":[{\"@type\":\"ListItem\",\"position\":1,\"name\":\"Home\",\"item\":\"https:\/\/www.prokol.com\/de\/prokol-home-de\/\"},{\"@type\":\"ListItem\",\"position\":2,\"name\":\"Anwendungen\",\"item\":\"https:\/\/www.prokol.com\/de\/anwendungen\/\"},{\"@type\":\"ListItem\",\"position\":3,\"name\":\"Regierung\",\"item\":\"https:\/\/www.prokol.com\/de\/anwendungen\/regierung\/\"},{\"@type\":\"ListItem\",\"position\":4,\"name\":\"Schutz vor Anschl\u00e4gen\"}]},{\"@type\":\"WebSite\",\"@id\":\"https:\/\/www.prokol.com\/de\/#website\",\"url\":\"https:\/\/www.prokol.com\/de\/\",\"name\":\"Prokol Protective Coatings\",\"description\":\"POLYUREA HOTSPRAY, GIETVLOEREN EN PARKEERGARAGE COATINGS, VLOEIBARE NAADLOZE KUNSTSTOFFEN\",\"potentialAction\":[{\"@type\":\"SearchAction\",\"target\":{\"@type\":\"EntryPoint\",\"urlTemplate\":\"https:\/\/www.prokol.com\/de\/?s={search_term_string}\"},\"query-input\":{\"@type\":\"PropertyValueSpecification\",\"valueRequired\":true,\"valueName\":\"search_term_string\"}}],\"inLanguage\":\"de\"}]}<\/script>\n<!-- \/ Yoast SEO plugin. -->","yoast_head_json":{"title":"Schutz vor Anschl\u00e4gen - Prokol Protective Coatings","robots":{"index":"index","follow":"follow","max-snippet":"max-snippet:-1","max-image-preview":"max-image-preview:large","max-video-preview":"max-video-preview:-1"},"canonical":"https:\/\/www.prokol.com\/de\/anwendungen\/regierung\/schutz-vor-anschlaegen\/","og_locale":"de_DE","og_type":"article","og_title":"Schutz vor Anschl\u00e4gen - Prokol Protective Coatings","og_url":"https:\/\/www.prokol.com\/de\/anwendungen\/regierung\/schutz-vor-anschlaegen\/","og_site_name":"Prokol Protective Coatings","article_modified_time":"2023-05-16T09:57:07+00:00","twitter_card":"summary_large_image","twitter_misc":{"Gesch\u00e4tzte Lesezeit":"5\u00a0Minuten"},"schema":{"@context":"https:\/\/schema.org","@graph":[{"@type":"WebPage","@id":"https:\/\/www.prokol.com\/de\/anwendungen\/regierung\/schutz-vor-anschlaegen\/","url":"https:\/\/www.prokol.com\/de\/anwendungen\/regierung\/schutz-vor-anschlaegen\/","name":"Schutz vor Anschl\u00e4gen - Prokol Protective Coatings","isPartOf":{"@id":"https:\/\/www.prokol.com\/de\/#website"},"datePublished":"2022-03-31T13:47:50+00:00","dateModified":"2023-05-16T09:57:07+00:00","breadcrumb":{"@id":"https:\/\/www.prokol.com\/de\/anwendungen\/regierung\/schutz-vor-anschlaegen\/#breadcrumb"},"inLanguage":"de","potentialAction":[{"@type":"ReadAction","target":["https:\/\/www.prokol.com\/de\/anwendungen\/regierung\/schutz-vor-anschlaegen\/"]}]},{"@type":"BreadcrumbList","@id":"https:\/\/www.prokol.com\/de\/anwendungen\/regierung\/schutz-vor-anschlaegen\/#breadcrumb","itemListElement":[{"@type":"ListItem","position":1,"name":"Home","item":"https:\/\/www.prokol.com\/de\/prokol-home-de\/"},{"@type":"ListItem","position":2,"name":"Anwendungen","item":"https:\/\/www.prokol.com\/de\/anwendungen\/"},{"@type":"ListItem","position":3,"name":"Regierung","item":"https:\/\/www.prokol.com\/de\/anwendungen\/regierung\/"},{"@type":"ListItem","position":4,"name":"Schutz vor Anschl\u00e4gen"}]},{"@type":"WebSite","@id":"https:\/\/www.prokol.com\/de\/#website","url":"https:\/\/www.prokol.com\/de\/","name":"Prokol Protective Coatings","description":"POLYUREA HOTSPRAY, GIETVLOEREN EN PARKEERGARAGE COATINGS, VLOEIBARE NAADLOZE KUNSTSTOFFEN","potentialAction":[{"@type":"SearchAction","target":{"@type":"EntryPoint","urlTemplate":"https:\/\/www.prokol.com\/de\/?s={search_term_string}"},"query-input":{"@type":"PropertyValueSpecification","valueRequired":true,"valueName":"search_term_string"}}],"inLanguage":"de"}]}},"_links":{"self":[{"href":"https:\/\/www.prokol.com\/de\/wp-json\/wp\/v2\/pages\/19099","targetHints":{"allow":["GET"]}}],"collection":[{"href":"https:\/\/www.prokol.com\/de\/wp-json\/wp\/v2\/pages"}],"about":[{"href":"https:\/\/www.prokol.com\/de\/wp-json\/wp\/v2\/types\/page"}],"author":[{"embeddable":true,"href":"https:\/\/www.prokol.com\/de\/wp-json\/wp\/v2\/users\/3"}],"replies":[{"embeddable":true,"href":"https:\/\/www.prokol.com\/de\/wp-json\/wp\/v2\/comments?post=19099"}],"version-history":[{"count":3,"href":"https:\/\/www.prokol.com\/de\/wp-json\/wp\/v2\/pages\/19099\/revisions"}],"predecessor-version":[{"id":19207,"href":"https:\/\/www.prokol.com\/de\/wp-json\/wp\/v2\/pages\/19099\/revisions\/19207"}],"up":[{"embeddable":true,"href":"https:\/\/www.prokol.com\/de\/wp-json\/wp\/v2\/pages\/19320"}],"wp:attachment":[{"href":"https:\/\/www.prokol.com\/de\/wp-json\/wp\/v2\/media?parent=19099"}],"wp:term":[{"taxonomy":"post_tag","embeddable":true,"href":"https:\/\/www.prokol.com\/de\/wp-json\/wp\/v2\/tags?post=19099"}],"curies":[{"name":"wp","href":"https:\/\/api.w.org\/{rel}","templated":true}]}}