{"id":19102,"date":"2022-03-31T15:48:43","date_gmt":"2022-03-31T13:48:43","guid":{"rendered":"https:\/\/www.prokol.com\/bunker-und-munitionsdepots\/"},"modified":"2023-05-16T11:57:06","modified_gmt":"2023-05-16T09:57:06","slug":"bunker-und-munitionsdepots","status":"publish","type":"page","link":"https:\/\/www.prokol.com\/de\/anwendungen\/regierung\/bunker-und-munitionsdepots\/","title":{"rendered":"Bunker und Munitionsdepots"},"content":{"rendered":"<div id='full_slider_1'  class='avia-fullwidth-slider main_color avia-shadow   avia-builder-el-0  el_before_av_three_fifth  avia-builder-el-first  vervolgslide  container_wrap fullsize'  >\n<style type=\"text\/css\" data-created_by=\"avia_inline_auto\" id=\"style-css-av-k4179f0p-acede921c93825f4aeea30d99a7ef583\">\n#top #wrap_all .avia-slideshow .av-slideshow-caption.av-k4179f0p-acede921c93825f4aeea30d99a7ef583__0 .avia-caption-title{\nfont-size:50px;\n}\n#top .avia-slideshow .av-slideshow-caption.av-k4179f0p-acede921c93825f4aeea30d99a7ef583__0 .avia-caption-content{\nfont-size:18px;\n}\n#top .avia-slideshow .av-slideshow-caption.av-k4179f0p-acede921c93825f4aeea30d99a7ef583__0 .avia-caption-content p{\nfont-size:18px;\n}\n\n@media only screen and (min-width: 768px) and (max-width: 989px){ \n#top .avia-slideshow .av-slideshow-caption.av-k4179f0p-acede921c93825f4aeea30d99a7ef583__0 .avia-caption-content{\ndisplay:none;\n}\n#top .avia-slideshow .av-slideshow-caption.av-k4179f0p-acede921c93825f4aeea30d99a7ef583__0 .avia-caption-content p{\ndisplay:none;\n}\n}\n\n@media only screen and (min-width: 480px) and (max-width: 767px){ \n#top .avia-slideshow .av-slideshow-caption.av-k4179f0p-acede921c93825f4aeea30d99a7ef583__0 .avia-caption-content{\ndisplay:none;\n}\n#top .avia-slideshow .av-slideshow-caption.av-k4179f0p-acede921c93825f4aeea30d99a7ef583__0 .avia-caption-content p{\ndisplay:none;\n}\n}\n\n@media only screen and (max-width: 479px){ \n#top .avia-slideshow .av-slideshow-caption.av-k4179f0p-acede921c93825f4aeea30d99a7ef583__0 .avia-caption-content{\ndisplay:none;\n}\n#top .avia-slideshow .av-slideshow-caption.av-k4179f0p-acede921c93825f4aeea30d99a7ef583__0 .avia-caption-content p{\ndisplay:none;\n}\n}\n<\/style>\n<div  class='avia-slideshow av-k4179f0p-acede921c93825f4aeea30d99a7ef583 avia-slideshow-featured av_slideshow_full avia-fade-slider vervolgslide av-slideshow-ui av-control-minimal av-slideshow-autoplay av-loop-endless av-loop-manual-endless av-default-height-applied   avia-slideshow-1' data-slideshow-options=\"{&quot;animation&quot;:&quot;fade&quot;,&quot;autoplay&quot;:true,&quot;loop_autoplay&quot;:&quot;endless&quot;,&quot;interval&quot;:5,&quot;loop_manual&quot;:&quot;manual-endless&quot;,&quot;autoplay_stopper&quot;:false,&quot;noNavigation&quot;:false,&quot;bg_slider&quot;:false,&quot;keep_padding&quot;:false,&quot;hoverpause&quot;:false,&quot;show_slide_delay&quot;:0}\"  itemprop=\"image\" itemscope=\"itemscope\" itemtype=\"https:\/\/schema.org\/ImageObject\" ><ul class='avia-slideshow-inner ' style='padding-bottom: 28.666666666667%;'><li  class='avia-slideshow-slide av-k4179f0p-acede921c93825f4aeea30d99a7ef583__0  av-single-slide slide-1 slide-odd'><div data-rel='slideshow-1' class='avia-slide-wrap '   ><div class='av-slideshow-caption av-k4179f0p-acede921c93825f4aeea30d99a7ef583__0 caption_fullwidth caption_left'><div class=\"container caption_container\"><div class=\"slideshow_caption\"><div class=\"slideshow_inner_caption\"><div class=\"slideshow_align_caption\"><h2 class='avia-caption-title '  itemprop=\"name\" ><span style=\"color: #df4c23;\">-<\/span><br \/>\nBunker und Munitionsdepots<\/h2><div class='avia-caption-content '  itemprop=\"description\" ><p>Schutz bei extremen (Witterungs-)Bedingungen<\/p>\n<\/div><\/div><\/div><\/div><\/div><\/div><img decoding=\"async\" fetchpriority=\"high\" class=\"wp-image-9658 avia-img-lazy-loading-not-9658\"  src=\"https:\/\/www.prokol.com\/wp-content\/uploads\/bunker_banner-1500x430.jpg\" width=\"1500\" height=\"430\" title='bunker' alt=''  itemprop=\"thumbnailUrl\" srcset=\"https:\/\/www.prokol.com\/wp-content\/uploads\/bunker_banner.jpg 1500w, https:\/\/www.prokol.com\/wp-content\/uploads\/bunker_banner-600x172.jpg 600w, https:\/\/www.prokol.com\/wp-content\/uploads\/bunker_banner-300x86.jpg 300w, https:\/\/www.prokol.com\/wp-content\/uploads\/bunker_banner-1030x295.jpg 1030w, https:\/\/www.prokol.com\/wp-content\/uploads\/bunker_banner-768x220.jpg 768w, https:\/\/www.prokol.com\/wp-content\/uploads\/bunker_banner-705x202.jpg 705w, https:\/\/www.prokol.com\/wp-content\/uploads\/bunker_banner-24x7.jpg 24w, https:\/\/www.prokol.com\/wp-content\/uploads\/bunker_banner-36x10.jpg 36w, https:\/\/www.prokol.com\/wp-content\/uploads\/bunker_banner-48x14.jpg 48w\" sizes=\"(max-width: 1500px) 100vw, 1500px\" \/><div class='av-section-color-overlay' style='opacity: 0.5; background-image: url(https:\/\/www.prokol.com\/wp-content\/uploads\/2019\/12\/Overlay.png); background-repeat: repeat;'><\/div><\/div><\/li><\/ul><\/div><\/div><div id='after_full_slider_1'  class='main_color av_default_container_wrap container_wrap fullsize'  ><div class='container av-section-cont-open' ><div class='template-page content  av-content-full alpha units'><div class='post-entry post-entry-type-page post-entry-19102'><div class='entry-content-wrapper clearfix'>\n\n<style type=\"text\/css\" data-created_by=\"avia_inline_auto\" id=\"style-css-av-mir7d-076b1aa2e9a00ad00d5728ea181b7e4d\">\n.flex_column.av-mir7d-076b1aa2e9a00ad00d5728ea181b7e4d{\nborder-radius:0px 0px 0px 0px;\npadding:0px 0px 0px 0px;\n}\n<\/style>\n<div  class='flex_column av-mir7d-076b1aa2e9a00ad00d5728ea181b7e4d av_three_fifth  avia-builder-el-1  el_after_av_slideshow_full  el_before_av_two_fifth  avia-builder-el-first  first flex_column_div av-zero-column-padding  '     ><section  class='av_textblock_section av-kde9cj1t-733622bddd2480cffdd6c27dc22482a0 '   itemscope=\"itemscope\" itemtype=\"https:\/\/schema.org\/CreativeWork\" ><div class='avia_textblock'  itemprop=\"text\" ><h5>Bunker f\u00fcr Lagerung und Schutz<\/h5>\n<p>\u00dcberall auf der Welt gibt es Bunker, in denen gef\u00e4hrdete G\u00fcter gelagert werden oder die Menschen im Falle extremer Katastrophen Schutz bieten. Diese k\u00f6nnen sowohl ober- als auch unterirdisch sein und bestehen in der Regel aus Beton.<\/p>\n<p>F\u00fcr den Erhalt der Bunker selbst, der G\u00fcter und der Menschen in diesen Bunkern ist es wichtig, dass sie dauerhaft abgedichtet sind. Mit Rocathaan Hotspray von Prokol ist die Abdichtung f\u00fcr lange Zeit garantiert. Diese riss\u00fcberbr\u00fcckende Schicht kann sowohl horizontal als auch vertikal aufgetragen werden und hat eine Trocknungszeit von 3 Sekunden. Dadurch ist es m\u00f6glich, jedes Detail nahtlos in die Versiegelung einzubeziehen. Das Geb\u00e4ude erh\u00e4lt so eine millimeterdicke, nahtlose, elastische Haut in der gew\u00fcnschten Farbe.<\/p>\n<\/div><\/section><\/div>\n\n<style type=\"text\/css\" data-created_by=\"avia_inline_auto\" id=\"style-css-av-hgjsh-4ad6bf0d2fc62696990cb6c5e6302c63\">\n.flex_column.av-hgjsh-4ad6bf0d2fc62696990cb6c5e6302c63{\nborder-radius:0px 0px 0px 0px;\npadding:0px 0px 0px 0px;\n}\n<\/style>\n<div  class='flex_column av-hgjsh-4ad6bf0d2fc62696990cb6c5e6302c63 av_two_fifth  avia-builder-el-3  el_after_av_three_fifth  avia-builder-el-last  flex_column_div av-zero-column-padding  '     ><style type=\"text\/css\" data-created_by=\"avia_inline_auto\" id=\"style-css-av-kde9de9x-80a29eb2157a167e12487bba99f26061\">\n.avia-image-container.av-kde9de9x-80a29eb2157a167e12487bba99f26061 img.avia_image{\nbox-shadow:none;\n}\n.avia-image-container.av-kde9de9x-80a29eb2157a167e12487bba99f26061 .av-image-caption-overlay-center{\ncolor:#ffffff;\n}\n<\/style>\n<div  class='avia-image-container av-kde9de9x-80a29eb2157a167e12487bba99f26061 av-styling- avia-align-left  avia-builder-el-4  avia-builder-el-no-sibling '   itemprop=\"image\" itemscope=\"itemscope\" itemtype=\"https:\/\/schema.org\/ImageObject\" ><div class=\"avia-image-container-inner\"><div class=\"avia-image-overlay-wrap\"><a href=\"https:\/\/www.prokol.com\/wp-content\/uploads\/bunker_01-1030x690.jpg\" data-srcset=\"https:\/\/www.prokol.com\/wp-content\/uploads\/bunker_01-1030x690.jpg 1030w, https:\/\/www.prokol.com\/wp-content\/uploads\/bunker_01-600x402.jpg 600w, https:\/\/www.prokol.com\/wp-content\/uploads\/bunker_01-300x201.jpg 300w, https:\/\/www.prokol.com\/wp-content\/uploads\/bunker_01-768x514.jpg 768w, https:\/\/www.prokol.com\/wp-content\/uploads\/bunker_01-1536x1029.jpg 1536w, https:\/\/www.prokol.com\/wp-content\/uploads\/bunker_01-2048x1371.jpg 2048w, https:\/\/www.prokol.com\/wp-content\/uploads\/bunker_01-1500x1004.jpg 1500w, https:\/\/www.prokol.com\/wp-content\/uploads\/bunker_01-705x472.jpg 705w, https:\/\/www.prokol.com\/wp-content\/uploads\/bunker_01-24x16.jpg 24w, https:\/\/www.prokol.com\/wp-content\/uploads\/bunker_01-36x24.jpg 36w, https:\/\/www.prokol.com\/wp-content\/uploads\/bunker_01-48x32.jpg 48w\" data-sizes=\"(max-width: 1030px) 100vw, 1030px\" class='avia_image'  aria-label='WWII era blast door in a former Salzburg bomb shelter'><img decoding=\"async\" fetchpriority=\"high\" class='wp-image-13296 avia-img-lazy-loading-not-13296 avia_image ' src=\"https:\/\/www.prokol.com\/wp-content\/uploads\/bunker_01-180x180.jpg\" alt='' title='WWII era blast door in a former Salzburg bomb shelter'  height=\"180\" width=\"180\"  itemprop=\"thumbnailUrl\" srcset=\"https:\/\/www.prokol.com\/wp-content\/uploads\/bunker_01-180x180.jpg 180w, https:\/\/www.prokol.com\/wp-content\/uploads\/bunker_01-300x300.jpg 300w, https:\/\/www.prokol.com\/wp-content\/uploads\/bunker_01-100x100.jpg 100w, https:\/\/www.prokol.com\/wp-content\/uploads\/bunker_01-80x80.jpg 80w, https:\/\/www.prokol.com\/wp-content\/uploads\/bunker_01-36x36.jpg 36w\" sizes=\"(max-width: 180px) 100vw, 180px\" \/><\/a><\/div><\/div><\/div><\/div>\n","protected":false},"excerpt":{"rendered":"","protected":false},"author":3,"featured_media":0,"parent":19320,"menu_order":0,"comment_status":"closed","ping_status":"closed","template":"","meta":{"inline_featured_image":false,"footnotes":""},"tags":[],"class_list":["post-19102","page","type-page","status-publish","hentry"],"yoast_head":"<!-- This site is optimized with the Yoast SEO plugin v27.2 - https:\/\/yoast.com\/product\/yoast-seo-wordpress\/ -->\n<title>Bunker und Munitionsdepots - Prokol Protective Coatings<\/title>\n<meta name=\"robots\" content=\"index, follow, max-snippet:-1, max-image-preview:large, max-video-preview:-1\" \/>\n<link rel=\"canonical\" href=\"https:\/\/www.prokol.com\/de\/anwendungen\/regierung\/bunker-und-munitionsdepots\/\" \/>\n<meta property=\"og:locale\" content=\"de_DE\" \/>\n<meta property=\"og:type\" content=\"article\" \/>\n<meta property=\"og:title\" content=\"Bunker und Munitionsdepots - Prokol Protective Coatings\" \/>\n<meta property=\"og:url\" content=\"https:\/\/www.prokol.com\/de\/anwendungen\/regierung\/bunker-und-munitionsdepots\/\" \/>\n<meta property=\"og:site_name\" content=\"Prokol Protective Coatings\" \/>\n<meta property=\"article:modified_time\" content=\"2023-05-16T09:57:06+00:00\" \/>\n<meta name=\"twitter:card\" content=\"summary_large_image\" \/>\n<meta name=\"twitter:label1\" content=\"Gesch\u00e4tzte Lesezeit\" \/>\n\t<meta name=\"twitter:data1\" content=\"4\u00a0Minuten\" \/>\n<script type=\"application\/ld+json\" class=\"yoast-schema-graph\">{\"@context\":\"https:\/\/schema.org\",\"@graph\":[{\"@type\":\"WebPage\",\"@id\":\"https:\/\/www.prokol.com\/de\/anwendungen\/regierung\/bunker-und-munitionsdepots\/\",\"url\":\"https:\/\/www.prokol.com\/de\/anwendungen\/regierung\/bunker-und-munitionsdepots\/\",\"name\":\"Bunker und Munitionsdepots - Prokol Protective Coatings\",\"isPartOf\":{\"@id\":\"https:\/\/www.prokol.com\/de\/#website\"},\"datePublished\":\"2022-03-31T13:48:43+00:00\",\"dateModified\":\"2023-05-16T09:57:06+00:00\",\"breadcrumb\":{\"@id\":\"https:\/\/www.prokol.com\/de\/anwendungen\/regierung\/bunker-und-munitionsdepots\/#breadcrumb\"},\"inLanguage\":\"de\",\"potentialAction\":[{\"@type\":\"ReadAction\",\"target\":[\"https:\/\/www.prokol.com\/de\/anwendungen\/regierung\/bunker-und-munitionsdepots\/\"]}]},{\"@type\":\"BreadcrumbList\",\"@id\":\"https:\/\/www.prokol.com\/de\/anwendungen\/regierung\/bunker-und-munitionsdepots\/#breadcrumb\",\"itemListElement\":[{\"@type\":\"ListItem\",\"position\":1,\"name\":\"Home\",\"item\":\"https:\/\/www.prokol.com\/de\/prokol-home-de\/\"},{\"@type\":\"ListItem\",\"position\":2,\"name\":\"Anwendungen\",\"item\":\"https:\/\/www.prokol.com\/de\/anwendungen\/\"},{\"@type\":\"ListItem\",\"position\":3,\"name\":\"Regierung\",\"item\":\"https:\/\/www.prokol.com\/de\/anwendungen\/regierung\/\"},{\"@type\":\"ListItem\",\"position\":4,\"name\":\"Bunker und Munitionsdepots\"}]},{\"@type\":\"WebSite\",\"@id\":\"https:\/\/www.prokol.com\/de\/#website\",\"url\":\"https:\/\/www.prokol.com\/de\/\",\"name\":\"Prokol Protective Coatings\",\"description\":\"POLYUREA HOTSPRAY, GIETVLOEREN EN PARKEERGARAGE COATINGS, VLOEIBARE NAADLOZE KUNSTSTOFFEN\",\"potentialAction\":[{\"@type\":\"SearchAction\",\"target\":{\"@type\":\"EntryPoint\",\"urlTemplate\":\"https:\/\/www.prokol.com\/de\/?s={search_term_string}\"},\"query-input\":{\"@type\":\"PropertyValueSpecification\",\"valueRequired\":true,\"valueName\":\"search_term_string\"}}],\"inLanguage\":\"de\"}]}<\/script>\n<!-- \/ Yoast SEO plugin. -->","yoast_head_json":{"title":"Bunker und Munitionsdepots - Prokol Protective Coatings","robots":{"index":"index","follow":"follow","max-snippet":"max-snippet:-1","max-image-preview":"max-image-preview:large","max-video-preview":"max-video-preview:-1"},"canonical":"https:\/\/www.prokol.com\/de\/anwendungen\/regierung\/bunker-und-munitionsdepots\/","og_locale":"de_DE","og_type":"article","og_title":"Bunker und Munitionsdepots - Prokol Protective Coatings","og_url":"https:\/\/www.prokol.com\/de\/anwendungen\/regierung\/bunker-und-munitionsdepots\/","og_site_name":"Prokol Protective Coatings","article_modified_time":"2023-05-16T09:57:06+00:00","twitter_card":"summary_large_image","twitter_misc":{"Gesch\u00e4tzte Lesezeit":"4\u00a0Minuten"},"schema":{"@context":"https:\/\/schema.org","@graph":[{"@type":"WebPage","@id":"https:\/\/www.prokol.com\/de\/anwendungen\/regierung\/bunker-und-munitionsdepots\/","url":"https:\/\/www.prokol.com\/de\/anwendungen\/regierung\/bunker-und-munitionsdepots\/","name":"Bunker und Munitionsdepots - Prokol Protective Coatings","isPartOf":{"@id":"https:\/\/www.prokol.com\/de\/#website"},"datePublished":"2022-03-31T13:48:43+00:00","dateModified":"2023-05-16T09:57:06+00:00","breadcrumb":{"@id":"https:\/\/www.prokol.com\/de\/anwendungen\/regierung\/bunker-und-munitionsdepots\/#breadcrumb"},"inLanguage":"de","potentialAction":[{"@type":"ReadAction","target":["https:\/\/www.prokol.com\/de\/anwendungen\/regierung\/bunker-und-munitionsdepots\/"]}]},{"@type":"BreadcrumbList","@id":"https:\/\/www.prokol.com\/de\/anwendungen\/regierung\/bunker-und-munitionsdepots\/#breadcrumb","itemListElement":[{"@type":"ListItem","position":1,"name":"Home","item":"https:\/\/www.prokol.com\/de\/prokol-home-de\/"},{"@type":"ListItem","position":2,"name":"Anwendungen","item":"https:\/\/www.prokol.com\/de\/anwendungen\/"},{"@type":"ListItem","position":3,"name":"Regierung","item":"https:\/\/www.prokol.com\/de\/anwendungen\/regierung\/"},{"@type":"ListItem","position":4,"name":"Bunker und Munitionsdepots"}]},{"@type":"WebSite","@id":"https:\/\/www.prokol.com\/de\/#website","url":"https:\/\/www.prokol.com\/de\/","name":"Prokol Protective Coatings","description":"POLYUREA HOTSPRAY, GIETVLOEREN EN PARKEERGARAGE COATINGS, VLOEIBARE NAADLOZE KUNSTSTOFFEN","potentialAction":[{"@type":"SearchAction","target":{"@type":"EntryPoint","urlTemplate":"https:\/\/www.prokol.com\/de\/?s={search_term_string}"},"query-input":{"@type":"PropertyValueSpecification","valueRequired":true,"valueName":"search_term_string"}}],"inLanguage":"de"}]}},"_links":{"self":[{"href":"https:\/\/www.prokol.com\/de\/wp-json\/wp\/v2\/pages\/19102","targetHints":{"allow":["GET"]}}],"collection":[{"href":"https:\/\/www.prokol.com\/de\/wp-json\/wp\/v2\/pages"}],"about":[{"href":"https:\/\/www.prokol.com\/de\/wp-json\/wp\/v2\/types\/page"}],"author":[{"embeddable":true,"href":"https:\/\/www.prokol.com\/de\/wp-json\/wp\/v2\/users\/3"}],"replies":[{"embeddable":true,"href":"https:\/\/www.prokol.com\/de\/wp-json\/wp\/v2\/comments?post=19102"}],"version-history":[{"count":5,"href":"https:\/\/www.prokol.com\/de\/wp-json\/wp\/v2\/pages\/19102\/revisions"}],"predecessor-version":[{"id":19147,"href":"https:\/\/www.prokol.com\/de\/wp-json\/wp\/v2\/pages\/19102\/revisions\/19147"}],"up":[{"embeddable":true,"href":"https:\/\/www.prokol.com\/de\/wp-json\/wp\/v2\/pages\/19320"}],"wp:attachment":[{"href":"https:\/\/www.prokol.com\/de\/wp-json\/wp\/v2\/media?parent=19102"}],"wp:term":[{"taxonomy":"post_tag","embeddable":true,"href":"https:\/\/www.prokol.com\/de\/wp-json\/wp\/v2\/tags?post=19102"}],"curies":[{"name":"wp","href":"https:\/\/api.w.org\/{rel}","templated":true}]}}