{"id":19105,"date":"2022-03-31T15:52:27","date_gmt":"2022-03-31T13:52:27","guid":{"rendered":"https:\/\/www.prokol.com\/bauwesen-hotspray\/"},"modified":"2023-04-19T12:49:15","modified_gmt":"2023-04-19T10:49:15","slug":"bauwesen-hotspray","status":"publish","type":"page","link":"https:\/\/www.prokol.com\/de\/was-ist-hotspray\/bauwesen-hotspray\/","title":{"rendered":"Bauwesen | Hotspray"},"content":{"rendered":"<div id='full_slider_1'  class='avia-fullwidth-slider main_color avia-shadow   avia-builder-el-0  el_before_av_three_fifth  avia-builder-el-first  vervolgslide  container_wrap fullsize'  >\n<style type=\"text\/css\" data-created_by=\"avia_inline_auto\" id=\"style-css-av-k4179f0p-acede921c93825f4aeea30d99a7ef583\">\n#top #wrap_all .avia-slideshow .av-slideshow-caption.av-k4179f0p-acede921c93825f4aeea30d99a7ef583__0 .avia-caption-title{\nfont-size:50px;\n}\n#top .avia-slideshow .av-slideshow-caption.av-k4179f0p-acede921c93825f4aeea30d99a7ef583__0 .avia-caption-content{\nfont-size:18px;\n}\n#top .avia-slideshow .av-slideshow-caption.av-k4179f0p-acede921c93825f4aeea30d99a7ef583__0 .avia-caption-content p{\nfont-size:18px;\n}\n\n@media only screen and (min-width: 768px) and (max-width: 989px){ \n#top .avia-slideshow .av-slideshow-caption.av-k4179f0p-acede921c93825f4aeea30d99a7ef583__0 .avia-caption-content{\ndisplay:none;\n}\n#top .avia-slideshow .av-slideshow-caption.av-k4179f0p-acede921c93825f4aeea30d99a7ef583__0 .avia-caption-content p{\ndisplay:none;\n}\n}\n\n@media only screen and (min-width: 480px) and (max-width: 767px){ \n#top .avia-slideshow .av-slideshow-caption.av-k4179f0p-acede921c93825f4aeea30d99a7ef583__0 .avia-caption-content{\ndisplay:none;\n}\n#top .avia-slideshow .av-slideshow-caption.av-k4179f0p-acede921c93825f4aeea30d99a7ef583__0 .avia-caption-content p{\ndisplay:none;\n}\n}\n\n@media only screen and (max-width: 479px){ \n#top .avia-slideshow .av-slideshow-caption.av-k4179f0p-acede921c93825f4aeea30d99a7ef583__0 .avia-caption-content{\ndisplay:none;\n}\n#top .avia-slideshow .av-slideshow-caption.av-k4179f0p-acede921c93825f4aeea30d99a7ef583__0 .avia-caption-content p{\ndisplay:none;\n}\n}\n<\/style>\n<div  class='avia-slideshow av-k4179f0p-acede921c93825f4aeea30d99a7ef583 avia-slideshow-featured av_slideshow_full avia-fade-slider vervolgslide av-slideshow-ui av-control-minimal av-slideshow-autoplay av-loop-endless av-loop-manual-endless av-default-height-applied   avia-slideshow-1' data-slideshow-options=\"{&quot;animation&quot;:&quot;fade&quot;,&quot;autoplay&quot;:true,&quot;loop_autoplay&quot;:&quot;endless&quot;,&quot;interval&quot;:5,&quot;loop_manual&quot;:&quot;manual-endless&quot;,&quot;autoplay_stopper&quot;:false,&quot;noNavigation&quot;:false,&quot;bg_slider&quot;:false,&quot;keep_padding&quot;:false,&quot;hoverpause&quot;:false,&quot;show_slide_delay&quot;:0}\"  itemprop=\"image\" itemscope=\"itemscope\" itemtype=\"https:\/\/schema.org\/ImageObject\" ><ul class='avia-slideshow-inner ' style='padding-bottom: 28.743315508021%;'><li  class='avia-slideshow-slide av-k4179f0p-acede921c93825f4aeea30d99a7ef583__0  av-single-slide slide-1 slide-odd'><div data-rel='slideshow-1' class='avia-slide-wrap '   ><div class='av-slideshow-caption av-k4179f0p-acede921c93825f4aeea30d99a7ef583__0 caption_fullwidth caption_left'><div class=\"container caption_container\"><div class=\"slideshow_caption\"><div class=\"slideshow_inner_caption\"><div class=\"slideshow_align_caption\"><h2 class='avia-caption-title '  itemprop=\"name\" ><span style=\"color: red;\">-<\/span><br \/>\nBauwesen<\/h2><div class='avia-caption-content '  itemprop=\"description\" ><p>Hotspray-Anwendungen in der Bauindustrie<\/p>\n<\/div><\/div><\/div><\/div><\/div><\/div><img decoding=\"async\" fetchpriority=\"high\" class=\"wp-image-9290 avia-img-lazy-loading-not-9290\"  src=\"https:\/\/www.prokol.com\/wp-content\/uploads\/bouw_banner-1496x430-1.jpg\" width=\"1496\" height=\"430\" title='bouw_banner-1496x430' alt=''  itemprop=\"thumbnailUrl\" srcset=\"https:\/\/www.prokol.com\/wp-content\/uploads\/bouw_banner-1496x430-1.jpg 1496w, https:\/\/www.prokol.com\/wp-content\/uploads\/bouw_banner-1496x430-1-600x172.jpg 600w, https:\/\/www.prokol.com\/wp-content\/uploads\/bouw_banner-1496x430-1-300x86.jpg 300w, https:\/\/www.prokol.com\/wp-content\/uploads\/bouw_banner-1496x430-1-1030x296.jpg 1030w, https:\/\/www.prokol.com\/wp-content\/uploads\/bouw_banner-1496x430-1-768x221.jpg 768w, https:\/\/www.prokol.com\/wp-content\/uploads\/bouw_banner-1496x430-1-705x203.jpg 705w, https:\/\/www.prokol.com\/wp-content\/uploads\/bouw_banner-1496x430-1-24x7.jpg 24w, https:\/\/www.prokol.com\/wp-content\/uploads\/bouw_banner-1496x430-1-36x10.jpg 36w, https:\/\/www.prokol.com\/wp-content\/uploads\/bouw_banner-1496x430-1-48x14.jpg 48w\" sizes=\"(max-width: 1496px) 100vw, 1496px\" \/><div class='av-section-color-overlay' style='opacity: 0.5; background-image: url(https:\/\/www.prokol.com\/wp-content\/uploads\/2019\/12\/Overlay.png); background-repeat: repeat;'><\/div><\/div><\/li><\/ul><\/div><\/div><div id='after_full_slider_1'  class='main_color av_default_container_wrap container_wrap fullsize'  ><div class='container av-section-cont-open' ><div class='template-page content  av-content-full alpha units'><div class='post-entry post-entry-type-page post-entry-19105'><div class='entry-content-wrapper clearfix'>\n\n<style type=\"text\/css\" data-created_by=\"avia_inline_auto\" id=\"style-css-av-mir7d-076b1aa2e9a00ad00d5728ea181b7e4d\">\n.flex_column.av-mir7d-076b1aa2e9a00ad00d5728ea181b7e4d{\nborder-radius:0px 0px 0px 0px;\npadding:0px 0px 0px 0px;\n}\n<\/style>\n<div  class='flex_column av-mir7d-076b1aa2e9a00ad00d5728ea181b7e4d av_three_fifth  avia-builder-el-1  el_after_av_slideshow_full  el_before_av_two_fifth  avia-builder-el-first  first flex_column_div av-zero-column-padding  '     ><section  class='av_textblock_section av-kde9cj1t-733622bddd2480cffdd6c27dc22482a0 '   itemscope=\"itemscope\" itemtype=\"https:\/\/schema.org\/CreativeWork\" ><div class='avia_textblock'  itemprop=\"text\" ><h5>Polyurea-Bauprodukte<\/h5>\n<p>Im (industriellen) Bauwesen werden Polyurea-Beschichtungen haupts\u00e4chlich zur Abdichtung und zum Schutz von Konstruktionen und Tanks verwendet. Die Eigenschaften von Polyurea machen das Produkt besonders langlebig. Je nach Anwendung betr\u00e4gt die erwartete Lebensdauer bis zu 50 Jahre mit einer Garantie von bis zu 30 Jahren.<\/p>\n<h5>Anwendungen im (Industrie-)Bauwesen<\/h5>\n<p>Das Bauwesen ist sehr vielseitig. Wir finden daher in diesem Marktsegment sehr unterschiedliche Anwendungen. Polyurea-Produkte haben oft eine abdichtende und sch\u00fctzende Funktion.<\/p>\n<ul>\n<li>Polyurea unter Fliesen oder als befahrbares System auf Parkd\u00e4chern<\/li>\n<li>Polyurea unter Asphalt auf Br\u00fccken und Viadukten<\/li>\n<li>Polyurea in Kl\u00e4ranlagen<\/li>\n<li>Polyurea in Auffangwannen in der Industrie<\/li>\n<li>Polyurea auf der Innenseite von Tanks<\/li>\n<li>Polyurea als fugenlose Dachabdichtung (Verarbeitung ohne Feuer)<\/li>\n<li>Polyurea in Trinkwasseranwendungen<\/li>\n<li>Polyurea in der Abwasserbehandlung<\/li>\n<li>Polyurea in Siloauskleidungen (verschlei\u00dffest)<\/li>\n<li>Abdichtung und Auskleidung von Tanks<\/li>\n<li>Kanalsanierung auf der Basis von Polyurea<\/li>\n<li>Fertigstellung und Abdichtung von architektonisch gestalteten Geb\u00e4uden (<a href=\"https:\/\/www.prokol.com\/de\/blob-architektur\/\">BLOB<\/a>)<\/li>\n<li>Abdichtung von Kellern und Tunneln auf der Basis von Polyurea<\/li>\n<li>Abdichtung von Becken und Wasserbecken mit Geotextil und Polyurea auf einem Sandbett<\/li>\n<\/ul>\n<h5>Reines Polyurea ist wirklich 100 % Polyurea<\/h5>\n<p>Prokol liefert viele Produkte und Systeme f\u00fcr baunahe Anwendungen. Diese sind auf die Nutzung und die entsprechenden Eigenschaften zugeschnitten. Sie verf\u00fcgen \u00fcber die notwendige Zertifizierung, um unabh\u00e4ngig nachweisen zu k\u00f6nnen, dass sie halten, was wir versprechen. Wenn wir vollwertiges Polyurea versprechen, dann liefern wir auch vollwertiges Polyurea und kein modifiziertes Polyurea, das eigentlich ein Hybrid ist.<br \/>\nBei Prokol sind wir bestrebt, komplette Systeme zu liefern. Unsere Produkte sind aufeinander abgestimmt und funktionieren in Abh\u00e4ngigkeit voneinander. Auf diese Weise k\u00f6nnen wir garantieren, dass unsere Systeme ordnungsgem\u00e4\u00df funktionieren. Unsere Produkte werden nach strengen Protokollen hergestellt und auf ihre Qualit\u00e4t gepr\u00fcft. Unser eigenes Labor ist mit den modernsten Ger\u00e4ten ausgestattet. So kontrollieren wir alle eingehenden Rohstoffe und ausgehenden Produkte auf ihre Qualit\u00e4t. Wir wissen, ob sie den Anforderungen entsprechen, bevor sie unser Werk verlassen. Als zus\u00e4tzliche Sicherheit besucht SGS Intron regelm\u00e4\u00dfig unsere Produktionsst\u00e4tte und unser Labor, um dies zu \u00fcberwachen.<\/p>\n<\/div><\/section><\/div>\n\n<style type=\"text\/css\" data-created_by=\"avia_inline_auto\" id=\"style-css-av-hgjsh-4ad6bf0d2fc62696990cb6c5e6302c63\">\n.flex_column.av-hgjsh-4ad6bf0d2fc62696990cb6c5e6302c63{\nborder-radius:0px 0px 0px 0px;\npadding:0px 0px 0px 0px;\n}\n<\/style>\n<div  class='flex_column av-hgjsh-4ad6bf0d2fc62696990cb6c5e6302c63 av_two_fifth  avia-builder-el-3  el_after_av_three_fifth  avia-builder-el-last  flex_column_div av-zero-column-padding  '     ><p>\n<style type=\"text\/css\" data-created_by=\"avia_inline_auto\" id=\"style-css-av-kde9de9x-0c083ff27744eeb2d4f94f7c275d7658\">\n.avia-image-container.av-kde9de9x-0c083ff27744eeb2d4f94f7c275d7658 img.avia_image{\nbox-shadow:none;\n}\n.avia-image-container.av-kde9de9x-0c083ff27744eeb2d4f94f7c275d7658 .av-image-caption-overlay-center{\ncolor:#ffffff;\n}\n<\/style>\n<div  class='avia-image-container av-kde9de9x-0c083ff27744eeb2d4f94f7c275d7658 av-styling- avia-align-left  avia-builder-el-4  el_before_av_image  avia-builder-el-first '   itemprop=\"image\" itemscope=\"itemscope\" itemtype=\"https:\/\/schema.org\/ImageObject\" ><div class=\"avia-image-container-inner\"><div class=\"avia-image-overlay-wrap\"><a href=\"https:\/\/www.prokol.com\/wp-content\/uploads\/Bouw_04-1030x773.jpg\" data-srcset=\"https:\/\/www.prokol.com\/wp-content\/uploads\/Bouw_04-1030x773.jpg 1030w, https:\/\/www.prokol.com\/wp-content\/uploads\/Bouw_04-scaled-600x450.jpg 600w, https:\/\/www.prokol.com\/wp-content\/uploads\/Bouw_04-300x225.jpg 300w, https:\/\/www.prokol.com\/wp-content\/uploads\/Bouw_04-768x576.jpg 768w, https:\/\/www.prokol.com\/wp-content\/uploads\/Bouw_04-1536x1152.jpg 1536w, https:\/\/www.prokol.com\/wp-content\/uploads\/Bouw_04-2048x1536.jpg 2048w, https:\/\/www.prokol.com\/wp-content\/uploads\/Bouw_04-1500x1125.jpg 1500w, https:\/\/www.prokol.com\/wp-content\/uploads\/Bouw_04-705x529.jpg 705w, https:\/\/www.prokol.com\/wp-content\/uploads\/Bouw_04-24x18.jpg 24w, https:\/\/www.prokol.com\/wp-content\/uploads\/Bouw_04-36x27.jpg 36w, https:\/\/www.prokol.com\/wp-content\/uploads\/Bouw_04-48x36.jpg 48w\" data-sizes=\"(max-width: 1030px) 100vw, 1030px\" class='avia_image'  aria-label='Bouw_04'><img decoding=\"async\" fetchpriority=\"high\" class='wp-image-11106 avia-img-lazy-loading-not-11106 avia_image ' src=\"https:\/\/www.prokol.com\/wp-content\/uploads\/Bouw_04-180x180.jpg\" alt='' title='Bouw_04'  height=\"180\" width=\"180\"  itemprop=\"thumbnailUrl\" srcset=\"https:\/\/www.prokol.com\/wp-content\/uploads\/Bouw_04-180x180.jpg 180w, https:\/\/www.prokol.com\/wp-content\/uploads\/Bouw_04-scaled-300x300.jpg 300w, https:\/\/www.prokol.com\/wp-content\/uploads\/Bouw_04-scaled-100x100.jpg 100w, https:\/\/www.prokol.com\/wp-content\/uploads\/Bouw_04-80x80.jpg 80w, https:\/\/www.prokol.com\/wp-content\/uploads\/Bouw_04-36x36.jpg 36w\" sizes=\"(max-width: 180px) 100vw, 180px\" \/><\/a><\/div><\/div><\/div><br \/>\n\n<style type=\"text\/css\" data-created_by=\"avia_inline_auto\" id=\"style-css-av-kde9de9x-38537cef0cb018276a944e544e2320e6\">\n.avia-image-container.av-kde9de9x-38537cef0cb018276a944e544e2320e6 img.avia_image{\nbox-shadow:none;\n}\n.avia-image-container.av-kde9de9x-38537cef0cb018276a944e544e2320e6 .av-image-caption-overlay-center{\ncolor:#ffffff;\n}\n<\/style>\n<div  class='avia-image-container av-kde9de9x-38537cef0cb018276a944e544e2320e6 av-styling- avia-align-left  avia-builder-el-5  el_after_av_image  el_before_av_image '   itemprop=\"image\" itemscope=\"itemscope\" itemtype=\"https:\/\/schema.org\/ImageObject\" ><div class=\"avia-image-container-inner\"><div class=\"avia-image-overlay-wrap\"><a href=\"https:\/\/www.prokol.com\/wp-content\/uploads\/Bouw_03-1030x773.jpg\" data-srcset=\"https:\/\/www.prokol.com\/wp-content\/uploads\/Bouw_03-1030x773.jpg 1030w, https:\/\/www.prokol.com\/wp-content\/uploads\/Bouw_03-scaled-600x450.jpg 600w, https:\/\/www.prokol.com\/wp-content\/uploads\/Bouw_03-300x225.jpg 300w, https:\/\/www.prokol.com\/wp-content\/uploads\/Bouw_03-768x576.jpg 768w, https:\/\/www.prokol.com\/wp-content\/uploads\/Bouw_03-1536x1152.jpg 1536w, https:\/\/www.prokol.com\/wp-content\/uploads\/Bouw_03-2048x1536.jpg 2048w, https:\/\/www.prokol.com\/wp-content\/uploads\/Bouw_03-1500x1125.jpg 1500w, https:\/\/www.prokol.com\/wp-content\/uploads\/Bouw_03-705x529.jpg 705w, https:\/\/www.prokol.com\/wp-content\/uploads\/Bouw_03-24x18.jpg 24w, https:\/\/www.prokol.com\/wp-content\/uploads\/Bouw_03-36x27.jpg 36w, https:\/\/www.prokol.com\/wp-content\/uploads\/Bouw_03-48x36.jpg 48w\" data-sizes=\"(max-width: 1030px) 100vw, 1030px\" class='avia_image'  aria-label='Bouw_03'><img decoding=\"async\" fetchpriority=\"high\" class='wp-image-11102 avia-img-lazy-loading-not-11102 avia_image ' src=\"https:\/\/www.prokol.com\/wp-content\/uploads\/Bouw_03-180x180.jpg\" alt='' title='Bouw_03'  height=\"180\" width=\"180\"  itemprop=\"thumbnailUrl\" srcset=\"https:\/\/www.prokol.com\/wp-content\/uploads\/Bouw_03-180x180.jpg 180w, https:\/\/www.prokol.com\/wp-content\/uploads\/Bouw_03-scaled-300x300.jpg 300w, https:\/\/www.prokol.com\/wp-content\/uploads\/Bouw_03-scaled-100x100.jpg 100w, https:\/\/www.prokol.com\/wp-content\/uploads\/Bouw_03-80x80.jpg 80w, https:\/\/www.prokol.com\/wp-content\/uploads\/Bouw_03-36x36.jpg 36w\" sizes=\"(max-width: 180px) 100vw, 180px\" \/><\/a><\/div><\/div><\/div><br \/>\n\n<style type=\"text\/css\" data-created_by=\"avia_inline_auto\" id=\"style-css-av-kde9dv3w-ecd723c10ba31b29bac4d461b0fec42d\">\n.avia-image-container.av-kde9dv3w-ecd723c10ba31b29bac4d461b0fec42d img.avia_image{\nbox-shadow:none;\n}\n.avia-image-container.av-kde9dv3w-ecd723c10ba31b29bac4d461b0fec42d .av-image-caption-overlay-center{\ncolor:#ffffff;\n}\n<\/style>\n<div  class='avia-image-container av-kde9dv3w-ecd723c10ba31b29bac4d461b0fec42d av-styling- avia-align-left  avia-builder-el-6  el_after_av_image  el_before_av_image '   itemprop=\"image\" itemscope=\"itemscope\" itemtype=\"https:\/\/schema.org\/ImageObject\" ><div class=\"avia-image-container-inner\"><div class=\"avia-image-overlay-wrap\"><a href=\"https:\/\/www.prokol.com\/wp-content\/uploads\/Bouw_02-1030x690.jpg\" data-srcset=\"https:\/\/www.prokol.com\/wp-content\/uploads\/Bouw_02-1030x690.jpg 1030w, https:\/\/www.prokol.com\/wp-content\/uploads\/Bouw_02-scaled-600x402.jpg 600w, https:\/\/www.prokol.com\/wp-content\/uploads\/Bouw_02-300x201.jpg 300w, https:\/\/www.prokol.com\/wp-content\/uploads\/Bouw_02-768x514.jpg 768w, https:\/\/www.prokol.com\/wp-content\/uploads\/Bouw_02-1536x1028.jpg 1536w, https:\/\/www.prokol.com\/wp-content\/uploads\/Bouw_02-2048x1371.jpg 2048w, https:\/\/www.prokol.com\/wp-content\/uploads\/Bouw_02-1500x1004.jpg 1500w, https:\/\/www.prokol.com\/wp-content\/uploads\/Bouw_02-705x472.jpg 705w, https:\/\/www.prokol.com\/wp-content\/uploads\/Bouw_02-24x16.jpg 24w, https:\/\/www.prokol.com\/wp-content\/uploads\/Bouw_02-36x24.jpg 36w, https:\/\/www.prokol.com\/wp-content\/uploads\/Bouw_02-48x32.jpg 48w\" data-sizes=\"(max-width: 1030px) 100vw, 1030px\" class='avia_image'  aria-label='SONY DSC'><img decoding=\"async\" fetchpriority=\"high\" class='wp-image-11098 avia-img-lazy-loading-not-11098 avia_image ' src=\"https:\/\/www.prokol.com\/wp-content\/uploads\/Bouw_02-180x180.jpg\" alt='' title='SONY DSC'  height=\"180\" width=\"180\"  itemprop=\"thumbnailUrl\" srcset=\"https:\/\/www.prokol.com\/wp-content\/uploads\/Bouw_02-180x180.jpg 180w, https:\/\/www.prokol.com\/wp-content\/uploads\/Bouw_02-scaled-300x300.jpg 300w, https:\/\/www.prokol.com\/wp-content\/uploads\/Bouw_02-scaled-100x100.jpg 100w, https:\/\/www.prokol.com\/wp-content\/uploads\/Bouw_02-80x80.jpg 80w, https:\/\/www.prokol.com\/wp-content\/uploads\/Bouw_02-36x36.jpg 36w\" sizes=\"(max-width: 180px) 100vw, 180px\" \/><\/a><\/div><\/div><\/div><br \/>\n\n<style type=\"text\/css\" data-created_by=\"avia_inline_auto\" id=\"style-css-av-kde9de9x-4acec20672b039890d18aac8e07b7254\">\n.avia-image-container.av-kde9de9x-4acec20672b039890d18aac8e07b7254 img.avia_image{\nbox-shadow:none;\n}\n.avia-image-container.av-kde9de9x-4acec20672b039890d18aac8e07b7254 .av-image-caption-overlay-center{\ncolor:#ffffff;\n}\n<\/style>\n<div  class='avia-image-container av-kde9de9x-4acec20672b039890d18aac8e07b7254 av-styling- avia-align-left  avia-builder-el-7  el_after_av_image  avia-builder-el-last '   itemprop=\"image\" itemscope=\"itemscope\" itemtype=\"https:\/\/schema.org\/ImageObject\" ><div class=\"avia-image-container-inner\"><div class=\"avia-image-overlay-wrap\"><a href=\"https:\/\/www.prokol.com\/wp-content\/uploads\/Bouw_01-1030x773.jpg\" data-srcset=\"https:\/\/www.prokol.com\/wp-content\/uploads\/Bouw_01-1030x773.jpg 1030w, https:\/\/www.prokol.com\/wp-content\/uploads\/Bouw_01-scaled-600x450.jpg 600w, https:\/\/www.prokol.com\/wp-content\/uploads\/Bouw_01-300x225.jpg 300w, https:\/\/www.prokol.com\/wp-content\/uploads\/Bouw_01-768x576.jpg 768w, https:\/\/www.prokol.com\/wp-content\/uploads\/Bouw_01-1536x1152.jpg 1536w, https:\/\/www.prokol.com\/wp-content\/uploads\/Bouw_01-2048x1536.jpg 2048w, https:\/\/www.prokol.com\/wp-content\/uploads\/Bouw_01-1500x1125.jpg 1500w, https:\/\/www.prokol.com\/wp-content\/uploads\/Bouw_01-705x529.jpg 705w, https:\/\/www.prokol.com\/wp-content\/uploads\/Bouw_01-24x18.jpg 24w, https:\/\/www.prokol.com\/wp-content\/uploads\/Bouw_01-36x27.jpg 36w, https:\/\/www.prokol.com\/wp-content\/uploads\/Bouw_01-48x36.jpg 48w\" data-sizes=\"(max-width: 1030px) 100vw, 1030px\" class='avia_image'  aria-label='Bouw_01'><img decoding=\"async\" fetchpriority=\"high\" class='wp-image-11094 avia-img-lazy-loading-not-11094 avia_image ' src=\"https:\/\/www.prokol.com\/wp-content\/uploads\/Bouw_01-180x180.jpg\" alt='' title='Bouw_01'  height=\"180\" width=\"180\"  itemprop=\"thumbnailUrl\" srcset=\"https:\/\/www.prokol.com\/wp-content\/uploads\/Bouw_01-180x180.jpg 180w, https:\/\/www.prokol.com\/wp-content\/uploads\/Bouw_01-scaled-300x300.jpg 300w, https:\/\/www.prokol.com\/wp-content\/uploads\/Bouw_01-scaled-100x100.jpg 100w, https:\/\/www.prokol.com\/wp-content\/uploads\/Bouw_01-80x80.jpg 80w, https:\/\/www.prokol.com\/wp-content\/uploads\/Bouw_01-36x36.jpg 36w\" sizes=\"(max-width: 180px) 100vw, 180px\" \/><\/a><\/div><\/div><\/div><\/p><\/div>\n","protected":false},"excerpt":{"rendered":"","protected":false},"author":3,"featured_media":0,"parent":19223,"menu_order":0,"comment_status":"closed","ping_status":"closed","template":"","meta":{"inline_featured_image":false,"footnotes":""},"tags":[],"class_list":["post-19105","page","type-page","status-publish","hentry"],"yoast_head":"<!-- This site is optimized with the Yoast SEO plugin v27.2 - https:\/\/yoast.com\/product\/yoast-seo-wordpress\/ -->\n<title>Bauwesen | Hotspray - Prokol Protective Coatings<\/title>\n<meta name=\"robots\" content=\"index, follow, max-snippet:-1, max-image-preview:large, max-video-preview:-1\" \/>\n<link rel=\"canonical\" href=\"https:\/\/www.prokol.com\/de\/was-ist-hotspray\/bauwesen-hotspray\/\" \/>\n<meta property=\"og:locale\" content=\"de_DE\" \/>\n<meta property=\"og:type\" content=\"article\" \/>\n<meta property=\"og:title\" content=\"Bauwesen | Hotspray - Prokol Protective Coatings\" \/>\n<meta property=\"og:url\" content=\"https:\/\/www.prokol.com\/de\/was-ist-hotspray\/bauwesen-hotspray\/\" \/>\n<meta property=\"og:site_name\" content=\"Prokol Protective Coatings\" \/>\n<meta property=\"article:modified_time\" content=\"2023-04-19T10:49:15+00:00\" \/>\n<meta name=\"twitter:card\" content=\"summary_large_image\" \/>\n<meta name=\"twitter:label1\" content=\"Gesch\u00e4tzte Lesezeit\" \/>\n\t<meta name=\"twitter:data1\" content=\"6\u00a0Minuten\" \/>\n<script type=\"application\/ld+json\" class=\"yoast-schema-graph\">{\"@context\":\"https:\/\/schema.org\",\"@graph\":[{\"@type\":\"WebPage\",\"@id\":\"https:\/\/www.prokol.com\/de\/was-ist-hotspray\/bauwesen-hotspray\/\",\"url\":\"https:\/\/www.prokol.com\/de\/was-ist-hotspray\/bauwesen-hotspray\/\",\"name\":\"Bauwesen | Hotspray - Prokol Protective Coatings\",\"isPartOf\":{\"@id\":\"https:\/\/www.prokol.com\/de\/#website\"},\"datePublished\":\"2022-03-31T13:52:27+00:00\",\"dateModified\":\"2023-04-19T10:49:15+00:00\",\"breadcrumb\":{\"@id\":\"https:\/\/www.prokol.com\/de\/was-ist-hotspray\/bauwesen-hotspray\/#breadcrumb\"},\"inLanguage\":\"de\",\"potentialAction\":[{\"@type\":\"ReadAction\",\"target\":[\"https:\/\/www.prokol.com\/de\/was-ist-hotspray\/bauwesen-hotspray\/\"]}]},{\"@type\":\"BreadcrumbList\",\"@id\":\"https:\/\/www.prokol.com\/de\/was-ist-hotspray\/bauwesen-hotspray\/#breadcrumb\",\"itemListElement\":[{\"@type\":\"ListItem\",\"position\":1,\"name\":\"Home\",\"item\":\"https:\/\/www.prokol.com\/de\/prokol-home-de\/\"},{\"@type\":\"ListItem\",\"position\":2,\"name\":\"Was ist Hotspray?\",\"item\":\"https:\/\/www.prokol.com\/de\/was-ist-hotspray\/\"},{\"@type\":\"ListItem\",\"position\":3,\"name\":\"Bauwesen | Hotspray\"}]},{\"@type\":\"WebSite\",\"@id\":\"https:\/\/www.prokol.com\/de\/#website\",\"url\":\"https:\/\/www.prokol.com\/de\/\",\"name\":\"Prokol Protective Coatings\",\"description\":\"POLYUREA HOTSPRAY, GIETVLOEREN EN PARKEERGARAGE COATINGS, VLOEIBARE NAADLOZE KUNSTSTOFFEN\",\"potentialAction\":[{\"@type\":\"SearchAction\",\"target\":{\"@type\":\"EntryPoint\",\"urlTemplate\":\"https:\/\/www.prokol.com\/de\/?s={search_term_string}\"},\"query-input\":{\"@type\":\"PropertyValueSpecification\",\"valueRequired\":true,\"valueName\":\"search_term_string\"}}],\"inLanguage\":\"de\"}]}<\/script>\n<!-- \/ Yoast SEO plugin. -->","yoast_head_json":{"title":"Bauwesen | Hotspray - Prokol Protective Coatings","robots":{"index":"index","follow":"follow","max-snippet":"max-snippet:-1","max-image-preview":"max-image-preview:large","max-video-preview":"max-video-preview:-1"},"canonical":"https:\/\/www.prokol.com\/de\/was-ist-hotspray\/bauwesen-hotspray\/","og_locale":"de_DE","og_type":"article","og_title":"Bauwesen | Hotspray - Prokol Protective Coatings","og_url":"https:\/\/www.prokol.com\/de\/was-ist-hotspray\/bauwesen-hotspray\/","og_site_name":"Prokol Protective Coatings","article_modified_time":"2023-04-19T10:49:15+00:00","twitter_card":"summary_large_image","twitter_misc":{"Gesch\u00e4tzte Lesezeit":"6\u00a0Minuten"},"schema":{"@context":"https:\/\/schema.org","@graph":[{"@type":"WebPage","@id":"https:\/\/www.prokol.com\/de\/was-ist-hotspray\/bauwesen-hotspray\/","url":"https:\/\/www.prokol.com\/de\/was-ist-hotspray\/bauwesen-hotspray\/","name":"Bauwesen | Hotspray - Prokol Protective Coatings","isPartOf":{"@id":"https:\/\/www.prokol.com\/de\/#website"},"datePublished":"2022-03-31T13:52:27+00:00","dateModified":"2023-04-19T10:49:15+00:00","breadcrumb":{"@id":"https:\/\/www.prokol.com\/de\/was-ist-hotspray\/bauwesen-hotspray\/#breadcrumb"},"inLanguage":"de","potentialAction":[{"@type":"ReadAction","target":["https:\/\/www.prokol.com\/de\/was-ist-hotspray\/bauwesen-hotspray\/"]}]},{"@type":"BreadcrumbList","@id":"https:\/\/www.prokol.com\/de\/was-ist-hotspray\/bauwesen-hotspray\/#breadcrumb","itemListElement":[{"@type":"ListItem","position":1,"name":"Home","item":"https:\/\/www.prokol.com\/de\/prokol-home-de\/"},{"@type":"ListItem","position":2,"name":"Was ist Hotspray?","item":"https:\/\/www.prokol.com\/de\/was-ist-hotspray\/"},{"@type":"ListItem","position":3,"name":"Bauwesen | Hotspray"}]},{"@type":"WebSite","@id":"https:\/\/www.prokol.com\/de\/#website","url":"https:\/\/www.prokol.com\/de\/","name":"Prokol Protective Coatings","description":"POLYUREA HOTSPRAY, GIETVLOEREN EN PARKEERGARAGE COATINGS, VLOEIBARE NAADLOZE KUNSTSTOFFEN","potentialAction":[{"@type":"SearchAction","target":{"@type":"EntryPoint","urlTemplate":"https:\/\/www.prokol.com\/de\/?s={search_term_string}"},"query-input":{"@type":"PropertyValueSpecification","valueRequired":true,"valueName":"search_term_string"}}],"inLanguage":"de"}]}},"_links":{"self":[{"href":"https:\/\/www.prokol.com\/de\/wp-json\/wp\/v2\/pages\/19105","targetHints":{"allow":["GET"]}}],"collection":[{"href":"https:\/\/www.prokol.com\/de\/wp-json\/wp\/v2\/pages"}],"about":[{"href":"https:\/\/www.prokol.com\/de\/wp-json\/wp\/v2\/types\/page"}],"author":[{"embeddable":true,"href":"https:\/\/www.prokol.com\/de\/wp-json\/wp\/v2\/users\/3"}],"replies":[{"embeddable":true,"href":"https:\/\/www.prokol.com\/de\/wp-json\/wp\/v2\/comments?post=19105"}],"version-history":[{"count":5,"href":"https:\/\/www.prokol.com\/de\/wp-json\/wp\/v2\/pages\/19105\/revisions"}],"predecessor-version":[{"id":19135,"href":"https:\/\/www.prokol.com\/de\/wp-json\/wp\/v2\/pages\/19105\/revisions\/19135"}],"up":[{"embeddable":true,"href":"https:\/\/www.prokol.com\/de\/wp-json\/wp\/v2\/pages\/19223"}],"wp:attachment":[{"href":"https:\/\/www.prokol.com\/de\/wp-json\/wp\/v2\/media?parent=19105"}],"wp:term":[{"taxonomy":"post_tag","embeddable":true,"href":"https:\/\/www.prokol.com\/de\/wp-json\/wp\/v2\/tags?post=19105"}],"curies":[{"name":"wp","href":"https:\/\/api.w.org\/{rel}","templated":true}]}}