{"id":19108,"date":"2022-03-31T16:01:34","date_gmt":"2022-03-31T14:01:34","guid":{"rendered":"https:\/\/www.prokol.com\/industrie-hotspray\/"},"modified":"2023-04-19T12:49:16","modified_gmt":"2023-04-19T10:49:16","slug":"industrie-hotspray","status":"publish","type":"page","link":"https:\/\/www.prokol.com\/de\/was-ist-hotspray\/industrie-hotspray\/","title":{"rendered":"Industrie | Hotspray"},"content":{"rendered":"<div id='full_slider_1'  class='avia-fullwidth-slider main_color avia-shadow   avia-builder-el-0  el_before_av_three_fifth  avia-builder-el-first  vervolgslide  container_wrap fullsize'  >\n<style type=\"text\/css\" data-created_by=\"avia_inline_auto\" id=\"style-css-av-k4179f0p-acede921c93825f4aeea30d99a7ef583\">\n#top #wrap_all .avia-slideshow .av-slideshow-caption.av-k4179f0p-acede921c93825f4aeea30d99a7ef583__0 .avia-caption-title{\nfont-size:50px;\n}\n#top .avia-slideshow .av-slideshow-caption.av-k4179f0p-acede921c93825f4aeea30d99a7ef583__0 .avia-caption-content{\nfont-size:18px;\n}\n#top .avia-slideshow .av-slideshow-caption.av-k4179f0p-acede921c93825f4aeea30d99a7ef583__0 .avia-caption-content p{\nfont-size:18px;\n}\n\n@media only screen and (min-width: 768px) and (max-width: 989px){ \n#top .avia-slideshow .av-slideshow-caption.av-k4179f0p-acede921c93825f4aeea30d99a7ef583__0 .avia-caption-content{\ndisplay:none;\n}\n#top .avia-slideshow .av-slideshow-caption.av-k4179f0p-acede921c93825f4aeea30d99a7ef583__0 .avia-caption-content p{\ndisplay:none;\n}\n}\n\n@media only screen and (min-width: 480px) and (max-width: 767px){ \n#top .avia-slideshow .av-slideshow-caption.av-k4179f0p-acede921c93825f4aeea30d99a7ef583__0 .avia-caption-content{\ndisplay:none;\n}\n#top .avia-slideshow .av-slideshow-caption.av-k4179f0p-acede921c93825f4aeea30d99a7ef583__0 .avia-caption-content p{\ndisplay:none;\n}\n}\n\n@media only screen and (max-width: 479px){ \n#top .avia-slideshow .av-slideshow-caption.av-k4179f0p-acede921c93825f4aeea30d99a7ef583__0 .avia-caption-content{\ndisplay:none;\n}\n#top .avia-slideshow .av-slideshow-caption.av-k4179f0p-acede921c93825f4aeea30d99a7ef583__0 .avia-caption-content p{\ndisplay:none;\n}\n}\n<\/style>\n<div  class='avia-slideshow av-k4179f0p-acede921c93825f4aeea30d99a7ef583 avia-slideshow-featured av_slideshow_full avia-fade-slider vervolgslide av-slideshow-ui av-control-minimal av-slideshow-autoplay av-loop-endless av-loop-manual-endless av-default-height-applied   avia-slideshow-1' data-slideshow-options=\"{&quot;animation&quot;:&quot;fade&quot;,&quot;autoplay&quot;:true,&quot;loop_autoplay&quot;:&quot;endless&quot;,&quot;interval&quot;:5,&quot;loop_manual&quot;:&quot;manual-endless&quot;,&quot;autoplay_stopper&quot;:false,&quot;noNavigation&quot;:false,&quot;bg_slider&quot;:false,&quot;keep_padding&quot;:false,&quot;hoverpause&quot;:false,&quot;show_slide_delay&quot;:0}\"  itemprop=\"image\" itemscope=\"itemscope\" itemtype=\"https:\/\/schema.org\/ImageObject\" ><ul class='avia-slideshow-inner ' style='padding-bottom: 28.6%;'><li  class='avia-slideshow-slide av-k4179f0p-acede921c93825f4aeea30d99a7ef583__0  av-single-slide slide-1 slide-odd'><div data-rel='slideshow-1' class='avia-slide-wrap '   ><div class='av-slideshow-caption av-k4179f0p-acede921c93825f4aeea30d99a7ef583__0 caption_fullwidth caption_left'><div class=\"container caption_container\"><div class=\"slideshow_caption\"><div class=\"slideshow_inner_caption\"><div class=\"slideshow_align_caption\"><h2 class='avia-caption-title '  itemprop=\"name\" ><span style=\"color: red;\">-<\/span><br \/>\nIndustrie<\/h2><div class='avia-caption-content '  itemprop=\"description\" ><p>Hotspray-Anwendungen in der Industrie<\/p>\n<\/div><\/div><\/div><\/div><\/div><\/div><img decoding=\"async\" fetchpriority=\"high\" class=\"wp-image-9348 avia-img-lazy-loading-not-9348\"  src=\"https:\/\/www.prokol.com\/wp-content\/uploads\/industrie_toepassingen_banner-1500x429-1.jpg\" width=\"1500\" height=\"429\" title='industrie_toepassingen_banner-1500x429' alt=''  itemprop=\"thumbnailUrl\" srcset=\"https:\/\/www.prokol.com\/wp-content\/uploads\/industrie_toepassingen_banner-1500x429-1.jpg 1500w, https:\/\/www.prokol.com\/wp-content\/uploads\/industrie_toepassingen_banner-1500x429-1-600x172.jpg 600w, https:\/\/www.prokol.com\/wp-content\/uploads\/industrie_toepassingen_banner-1500x429-1-300x86.jpg 300w, https:\/\/www.prokol.com\/wp-content\/uploads\/industrie_toepassingen_banner-1500x429-1-1030x295.jpg 1030w, https:\/\/www.prokol.com\/wp-content\/uploads\/industrie_toepassingen_banner-1500x429-1-768x220.jpg 768w, https:\/\/www.prokol.com\/wp-content\/uploads\/industrie_toepassingen_banner-1500x429-1-705x202.jpg 705w, https:\/\/www.prokol.com\/wp-content\/uploads\/industrie_toepassingen_banner-1500x429-1-24x7.jpg 24w, https:\/\/www.prokol.com\/wp-content\/uploads\/industrie_toepassingen_banner-1500x429-1-36x10.jpg 36w, https:\/\/www.prokol.com\/wp-content\/uploads\/industrie_toepassingen_banner-1500x429-1-48x14.jpg 48w\" sizes=\"(max-width: 1500px) 100vw, 1500px\" \/><div class='av-section-color-overlay' style='opacity: 0.5; background-image: url(https:\/\/www.prokol.com\/wp-content\/uploads\/2019\/12\/Overlay.png); background-repeat: repeat;'><\/div><\/div><\/li><\/ul><\/div><\/div><div id='after_full_slider_1'  class='main_color av_default_container_wrap container_wrap fullsize'  ><div class='container av-section-cont-open' ><div class='template-page content  av-content-full alpha units'><div class='post-entry post-entry-type-page post-entry-19108'><div class='entry-content-wrapper clearfix'>\n\n<style type=\"text\/css\" data-created_by=\"avia_inline_auto\" id=\"style-css-av-mir7d-076b1aa2e9a00ad00d5728ea181b7e4d\">\n.flex_column.av-mir7d-076b1aa2e9a00ad00d5728ea181b7e4d{\nborder-radius:0px 0px 0px 0px;\npadding:0px 0px 0px 0px;\n}\n<\/style>\n<div  class='flex_column av-mir7d-076b1aa2e9a00ad00d5728ea181b7e4d av_three_fifth  avia-builder-el-1  el_after_av_slideshow_full  el_before_av_two_fifth  avia-builder-el-first  first flex_column_div av-zero-column-padding  '     ><section  class='av_textblock_section av-kde9cj1t-733622bddd2480cffdd6c27dc22482a0 '   itemscope=\"itemscope\" itemtype=\"https:\/\/schema.org\/CreativeWork\" ><div class='avia_textblock'  itemprop=\"text\" ><h5>Polyurea wird zunehmend in der Industrie eingesetzt<\/h5>\n<p>Die Zahl der Anwendungen in der Industrie, bei denen Polyurea eine unterst\u00fctzende oder sogar eine f\u00fchrende Rolle spielt, nimmt zu. Prokol entwickelt und produziert diese Spezialbeschichtungen seit mehr als 30 Jahren. Das macht Prokol zu Ihrem idealen Entwicklungspartner in der Branche.<\/p>\n<h5>Industrieanwendungen f\u00fcr Polyurea<\/h5>\n<p>Die wachsende Zahl spezifischer Anwendungen f\u00fcr Polyurea in der Industrie erh\u00f6ht auch die Zahl der Anforderungen. Jeder Prozess ist praktisch einzigartig, was bedeutet, dass (oft) ein ma\u00dfgeschneidertes Produkt erforderlich ist. Prokol verf\u00fcgt \u00fcber einen umfangreichen \u201eSetzkasten\u201c von Bausteinen, Wissen und Erfahrung, um alle Anforderungen zu erf\u00fcllen.<\/p>\n<h5>Polyurea gibt es in vielen Formen<\/h5>\n<p>Die Palette der Polyurea-Industrieprodukte ist \u00e4u\u00dferst vielf\u00e4ltig. Die Art und Weise der Verarbeitung h\u00e4ngt stark von dem zu erreichenden Ziel ab. Im Folgenden haben wir einige Formen aufgelistet.<\/p>\n<ul>\n<li>Cold- und Hotspray-Polyurea-Elastomere oder Dickschichtsysteme<\/li>\n<li>Cold- und Hotspray-Polyurea-Beschichtungen oder D\u00fcnnschichtsysteme<\/li>\n<li>Gie\u00dfsysteme auf Basis von Polyurea-Elastomeren<\/li>\n<li>Durch den Einsatz von Polyurea-Elastomeren und -Beschichtungen in der Industrie k\u00f6nnen in einer Vielzahl von Produktionsprozessen wichtige Vorteile erzielt werden. Die Durchlaufzeiten k\u00f6nnen oft erheblich verk\u00fcrzt werden, wodurch die Produktkapazit\u00e4t enorm gesteigert werden kann. Die Polyurea-Produkte von Prokol bieten auch andere Vorteile in Bezug auf Umwelt und Sicherheit. Denken Sie an die Reduzierung von L\u00f6sungsmitteln oder die Verringerung der Anzahl von Beschichtungsschichten. Sogar mit einem besseren Endergebnis.<\/li>\n<\/ul>\n<p>Ein Beispiel daf\u00fcr ist die Polyesterindustrie. Diese Branche nutzt dankbar die Polyesterersatzstoffe von Prokol, darunter auch Alternativen zu herk\u00f6mmlichen Gelcoats. Prokol bietet eine haltbarere, schnellere und brandsichere Alternative. Sie werden erstaunt sein, wie viele Branchen die Polyurea-Industrietechniken von Prokol mehr oder weniger stark nutzen. Wir k\u00f6nnen Ihnen Beispiele von Unternehmen nennen, die dank unserer Produkte ihre Produktionskapazit\u00e4t praktisch verdoppeln konnten oder Einsparungen von bis zu 30 % erzielt haben.<\/p>\n<h5>Die Herausforderung gemeinsam angehen<\/h5>\n<p>Wir m\u00f6chten Ihnen helfen, Ihren Prozess zu optimieren. Wir pr\u00fcfen nicht nur die Anwendung, sondern helfen Ihnen gemeinsam mit unseren Partnern auch bei der Einrichtung oder Verbesserung Ihrer Prozesse. Bei Prokol haben wir umfangreiche Erfahrungen in der automatisierten Verarbeitung von Polyurea gesammelt und daf\u00fcr die besten strategischen Partner ausgew\u00e4hlt.<\/p>\n<p>Wir gehen gerne eine Partnerschaft mit Ihnen ein, um eine Win-Win-Situation f\u00fcr alle Beteiligten zu erreichen, mit dem Ziel, eine langfristige Beziehung aufzubauen.<\/p>\n<\/div><\/section><\/div>\n\n<style type=\"text\/css\" data-created_by=\"avia_inline_auto\" id=\"style-css-av-hgjsh-4ad6bf0d2fc62696990cb6c5e6302c63\">\n.flex_column.av-hgjsh-4ad6bf0d2fc62696990cb6c5e6302c63{\nborder-radius:0px 0px 0px 0px;\npadding:0px 0px 0px 0px;\n}\n<\/style>\n<div  class='flex_column av-hgjsh-4ad6bf0d2fc62696990cb6c5e6302c63 av_two_fifth  avia-builder-el-3  el_after_av_three_fifth  avia-builder-el-last  flex_column_div av-zero-column-padding  '     ><p>\n<style type=\"text\/css\" data-created_by=\"avia_inline_auto\" id=\"style-css-av-kde9de9x-16a9072cde0e0c70b864ac59783b0856\">\n.avia-image-container.av-kde9de9x-16a9072cde0e0c70b864ac59783b0856 img.avia_image{\nbox-shadow:none;\n}\n.avia-image-container.av-kde9de9x-16a9072cde0e0c70b864ac59783b0856 .av-image-caption-overlay-center{\ncolor:#ffffff;\n}\n<\/style>\n<div  class='avia-image-container av-kde9de9x-16a9072cde0e0c70b864ac59783b0856 av-styling- avia-align-left  avia-builder-el-4  el_before_av_image  avia-builder-el-first '   itemprop=\"image\" itemscope=\"itemscope\" itemtype=\"https:\/\/schema.org\/ImageObject\" ><div class=\"avia-image-container-inner\"><div class=\"avia-image-overlay-wrap\"><a href=\"https:\/\/www.prokol.com\/wp-content\/uploads\/Industrie_01.jpg\" data-srcset=\"https:\/\/www.prokol.com\/wp-content\/uploads\/Industrie_01.jpg 827w, https:\/\/www.prokol.com\/wp-content\/uploads\/Industrie_01-600x420.jpg 600w, https:\/\/www.prokol.com\/wp-content\/uploads\/Industrie_01-300x210.jpg 300w, https:\/\/www.prokol.com\/wp-content\/uploads\/Industrie_01-768x538.jpg 768w, https:\/\/www.prokol.com\/wp-content\/uploads\/Industrie_01-705x494.jpg 705w, https:\/\/www.prokol.com\/wp-content\/uploads\/Industrie_01-24x17.jpg 24w, https:\/\/www.prokol.com\/wp-content\/uploads\/Industrie_01-36x25.jpg 36w, https:\/\/www.prokol.com\/wp-content\/uploads\/Industrie_01-48x34.jpg 48w\" data-sizes=\"(max-width: 827px) 100vw, 827px\" class='avia_image'  aria-label='Industrie'><img decoding=\"async\" fetchpriority=\"high\" class='wp-image-11077 avia-img-lazy-loading-not-11077 avia_image ' src=\"https:\/\/www.prokol.com\/wp-content\/uploads\/Industrie_01-180x180.jpg\" alt='' title='Industrie'  height=\"180\" width=\"180\"  itemprop=\"thumbnailUrl\" srcset=\"https:\/\/www.prokol.com\/wp-content\/uploads\/Industrie_01-180x180.jpg 180w, https:\/\/www.prokol.com\/wp-content\/uploads\/Industrie_01-300x300.jpg 300w, https:\/\/www.prokol.com\/wp-content\/uploads\/Industrie_01-100x100.jpg 100w, https:\/\/www.prokol.com\/wp-content\/uploads\/Industrie_01-80x80.jpg 80w, https:\/\/www.prokol.com\/wp-content\/uploads\/Industrie_01-36x36.jpg 36w\" sizes=\"(max-width: 180px) 100vw, 180px\" \/><\/a><\/div><\/div><\/div><br \/>\n\n<style type=\"text\/css\" data-created_by=\"avia_inline_auto\" id=\"style-css-av-kde9de9x-059dce778a1fc553da9b23df7e5eb31a\">\n.avia-image-container.av-kde9de9x-059dce778a1fc553da9b23df7e5eb31a img.avia_image{\nbox-shadow:none;\n}\n.avia-image-container.av-kde9de9x-059dce778a1fc553da9b23df7e5eb31a .av-image-caption-overlay-center{\ncolor:#ffffff;\n}\n<\/style>\n<div  class='avia-image-container av-kde9de9x-059dce778a1fc553da9b23df7e5eb31a av-styling- avia-align-left  avia-builder-el-5  el_after_av_image  el_before_av_image '   itemprop=\"image\" itemscope=\"itemscope\" itemtype=\"https:\/\/schema.org\/ImageObject\" ><div class=\"avia-image-container-inner\"><div class=\"avia-image-overlay-wrap\"><a href=\"https:\/\/www.prokol.com\/wp-content\/uploads\/Industrie_02.jpg\" data-srcset=\"https:\/\/www.prokol.com\/wp-content\/uploads\/Industrie_02.jpg 847w, https:\/\/www.prokol.com\/wp-content\/uploads\/Industrie_02-600x400.jpg 600w, https:\/\/www.prokol.com\/wp-content\/uploads\/Industrie_02-300x200.jpg 300w, https:\/\/www.prokol.com\/wp-content\/uploads\/Industrie_02-768x512.jpg 768w, https:\/\/www.prokol.com\/wp-content\/uploads\/Industrie_02-845x565.jpg 845w, https:\/\/www.prokol.com\/wp-content\/uploads\/Industrie_02-705x470.jpg 705w, https:\/\/www.prokol.com\/wp-content\/uploads\/Industrie_02-24x16.jpg 24w, https:\/\/www.prokol.com\/wp-content\/uploads\/Industrie_02-36x24.jpg 36w, https:\/\/www.prokol.com\/wp-content\/uploads\/Industrie_02-48x32.jpg 48w\" data-sizes=\"(max-width: 847px) 100vw, 847px\" class='avia_image'  aria-label='Industrie'><img decoding=\"async\" fetchpriority=\"high\" class='wp-image-11081 avia-img-lazy-loading-not-11081 avia_image ' src=\"https:\/\/www.prokol.com\/wp-content\/uploads\/Industrie_02-180x180.jpg\" alt='' title='Industrie'  height=\"180\" width=\"180\"  itemprop=\"thumbnailUrl\" srcset=\"https:\/\/www.prokol.com\/wp-content\/uploads\/Industrie_02-180x180.jpg 180w, https:\/\/www.prokol.com\/wp-content\/uploads\/Industrie_02-300x300.jpg 300w, https:\/\/www.prokol.com\/wp-content\/uploads\/Industrie_02-100x100.jpg 100w, https:\/\/www.prokol.com\/wp-content\/uploads\/Industrie_02-80x80.jpg 80w, https:\/\/www.prokol.com\/wp-content\/uploads\/Industrie_02-36x36.jpg 36w\" sizes=\"(max-width: 180px) 100vw, 180px\" \/><\/a><\/div><\/div><\/div><br \/>\n\n<style type=\"text\/css\" data-created_by=\"avia_inline_auto\" id=\"style-css-av-kde9dv3w-7a39a614a7d9a33e9488d8efca1987de\">\n.avia-image-container.av-kde9dv3w-7a39a614a7d9a33e9488d8efca1987de img.avia_image{\nbox-shadow:none;\n}\n.avia-image-container.av-kde9dv3w-7a39a614a7d9a33e9488d8efca1987de .av-image-caption-overlay-center{\ncolor:#ffffff;\n}\n<\/style>\n<div  class='avia-image-container av-kde9dv3w-7a39a614a7d9a33e9488d8efca1987de av-styling- avia-align-left  avia-builder-el-6  el_after_av_image  el_before_av_image '   itemprop=\"image\" itemscope=\"itemscope\" itemtype=\"https:\/\/schema.org\/ImageObject\" ><div class=\"avia-image-container-inner\"><div class=\"avia-image-overlay-wrap\"><a href=\"https:\/\/www.prokol.com\/wp-content\/uploads\/Industrie_03.jpg\" data-srcset=\"https:\/\/www.prokol.com\/wp-content\/uploads\/Industrie_03.jpg 888w, https:\/\/www.prokol.com\/wp-content\/uploads\/Industrie_03-600x364.jpg 600w, https:\/\/www.prokol.com\/wp-content\/uploads\/Industrie_03-300x182.jpg 300w, https:\/\/www.prokol.com\/wp-content\/uploads\/Industrie_03-768x466.jpg 768w, https:\/\/www.prokol.com\/wp-content\/uploads\/Industrie_03-705x428.jpg 705w, https:\/\/www.prokol.com\/wp-content\/uploads\/Industrie_03-24x15.jpg 24w, https:\/\/www.prokol.com\/wp-content\/uploads\/Industrie_03-36x22.jpg 36w, https:\/\/www.prokol.com\/wp-content\/uploads\/Industrie_03-48x29.jpg 48w\" data-sizes=\"(max-width: 888px) 100vw, 888px\" class='avia_image'  aria-label='Industrie'><img decoding=\"async\" fetchpriority=\"high\" class='wp-image-11085 avia-img-lazy-loading-not-11085 avia_image ' src=\"https:\/\/www.prokol.com\/wp-content\/uploads\/Industrie_03-180x180.jpg\" alt='' title='Industrie'  height=\"180\" width=\"180\"  itemprop=\"thumbnailUrl\" srcset=\"https:\/\/www.prokol.com\/wp-content\/uploads\/Industrie_03-180x180.jpg 180w, https:\/\/www.prokol.com\/wp-content\/uploads\/Industrie_03-300x300.jpg 300w, https:\/\/www.prokol.com\/wp-content\/uploads\/Industrie_03-100x100.jpg 100w, https:\/\/www.prokol.com\/wp-content\/uploads\/Industrie_03-80x80.jpg 80w, https:\/\/www.prokol.com\/wp-content\/uploads\/Industrie_03-36x36.jpg 36w\" sizes=\"(max-width: 180px) 100vw, 180px\" \/><\/a><\/div><\/div><\/div><br \/>\n\n<style type=\"text\/css\" data-created_by=\"avia_inline_auto\" id=\"style-css-av-kde9de9x-64ddbe0436a925026e7dd8fbd6f352a1\">\n.avia-image-container.av-kde9de9x-64ddbe0436a925026e7dd8fbd6f352a1 img.avia_image{\nbox-shadow:none;\n}\n.avia-image-container.av-kde9de9x-64ddbe0436a925026e7dd8fbd6f352a1 .av-image-caption-overlay-center{\ncolor:#ffffff;\n}\n<\/style>\n<div  class='avia-image-container av-kde9de9x-64ddbe0436a925026e7dd8fbd6f352a1 av-styling- avia-align-left  avia-builder-el-7  el_after_av_image  avia-builder-el-last '   itemprop=\"image\" itemscope=\"itemscope\" itemtype=\"https:\/\/schema.org\/ImageObject\" ><div class=\"avia-image-container-inner\"><div class=\"avia-image-overlay-wrap\"><a href=\"https:\/\/www.prokol.com\/wp-content\/uploads\/Industrie_04.jpg\" data-srcset=\"https:\/\/www.prokol.com\/wp-content\/uploads\/Industrie_04.jpg 847w, https:\/\/www.prokol.com\/wp-content\/uploads\/Industrie_04-600x400.jpg 600w, https:\/\/www.prokol.com\/wp-content\/uploads\/Industrie_04-300x200.jpg 300w, https:\/\/www.prokol.com\/wp-content\/uploads\/Industrie_04-768x512.jpg 768w, https:\/\/www.prokol.com\/wp-content\/uploads\/Industrie_04-845x565.jpg 845w, https:\/\/www.prokol.com\/wp-content\/uploads\/Industrie_04-705x470.jpg 705w, https:\/\/www.prokol.com\/wp-content\/uploads\/Industrie_04-24x16.jpg 24w, https:\/\/www.prokol.com\/wp-content\/uploads\/Industrie_04-36x24.jpg 36w, https:\/\/www.prokol.com\/wp-content\/uploads\/Industrie_04-48x32.jpg 48w\" data-sizes=\"(max-width: 847px) 100vw, 847px\" class='avia_image'  aria-label='Industrie'><img decoding=\"async\" fetchpriority=\"high\" class='wp-image-11089 avia-img-lazy-loading-not-11089 avia_image ' src=\"https:\/\/www.prokol.com\/wp-content\/uploads\/Industrie_04-180x180.jpg\" alt='' title='Industrie'  height=\"180\" width=\"180\"  itemprop=\"thumbnailUrl\" srcset=\"https:\/\/www.prokol.com\/wp-content\/uploads\/Industrie_04-180x180.jpg 180w, https:\/\/www.prokol.com\/wp-content\/uploads\/Industrie_04-300x300.jpg 300w, https:\/\/www.prokol.com\/wp-content\/uploads\/Industrie_04-100x100.jpg 100w, https:\/\/www.prokol.com\/wp-content\/uploads\/Industrie_04-80x80.jpg 80w, https:\/\/www.prokol.com\/wp-content\/uploads\/Industrie_04-36x36.jpg 36w\" sizes=\"(max-width: 180px) 100vw, 180px\" \/><\/a><\/div><\/div><\/div><\/p><\/div>\n","protected":false},"excerpt":{"rendered":"","protected":false},"author":3,"featured_media":0,"parent":19223,"menu_order":0,"comment_status":"closed","ping_status":"closed","template":"","meta":{"inline_featured_image":false,"footnotes":""},"tags":[],"class_list":["post-19108","page","type-page","status-publish","hentry"],"yoast_head":"<!-- This site is optimized with the Yoast SEO plugin v27.2 - https:\/\/yoast.com\/product\/yoast-seo-wordpress\/ -->\n<title>Industrie | Hotspray - Prokol Protective Coatings<\/title>\n<meta name=\"robots\" content=\"index, follow, max-snippet:-1, max-image-preview:large, max-video-preview:-1\" \/>\n<link rel=\"canonical\" href=\"https:\/\/www.prokol.com\/de\/was-ist-hotspray\/industrie-hotspray\/\" \/>\n<meta property=\"og:locale\" content=\"de_DE\" \/>\n<meta property=\"og:type\" content=\"article\" \/>\n<meta property=\"og:title\" content=\"Industrie | Hotspray - Prokol Protective Coatings\" \/>\n<meta property=\"og:url\" content=\"https:\/\/www.prokol.com\/de\/was-ist-hotspray\/industrie-hotspray\/\" \/>\n<meta property=\"og:site_name\" content=\"Prokol Protective Coatings\" \/>\n<meta property=\"article:modified_time\" content=\"2023-04-19T10:49:16+00:00\" \/>\n<meta name=\"twitter:card\" content=\"summary_large_image\" \/>\n<meta name=\"twitter:label1\" content=\"Gesch\u00e4tzte Lesezeit\" \/>\n\t<meta name=\"twitter:data1\" content=\"6\u00a0Minuten\" \/>\n<script type=\"application\/ld+json\" class=\"yoast-schema-graph\">{\"@context\":\"https:\/\/schema.org\",\"@graph\":[{\"@type\":\"WebPage\",\"@id\":\"https:\/\/www.prokol.com\/de\/was-ist-hotspray\/industrie-hotspray\/\",\"url\":\"https:\/\/www.prokol.com\/de\/was-ist-hotspray\/industrie-hotspray\/\",\"name\":\"Industrie | Hotspray - Prokol Protective Coatings\",\"isPartOf\":{\"@id\":\"https:\/\/www.prokol.com\/de\/#website\"},\"datePublished\":\"2022-03-31T14:01:34+00:00\",\"dateModified\":\"2023-04-19T10:49:16+00:00\",\"breadcrumb\":{\"@id\":\"https:\/\/www.prokol.com\/de\/was-ist-hotspray\/industrie-hotspray\/#breadcrumb\"},\"inLanguage\":\"de\",\"potentialAction\":[{\"@type\":\"ReadAction\",\"target\":[\"https:\/\/www.prokol.com\/de\/was-ist-hotspray\/industrie-hotspray\/\"]}]},{\"@type\":\"BreadcrumbList\",\"@id\":\"https:\/\/www.prokol.com\/de\/was-ist-hotspray\/industrie-hotspray\/#breadcrumb\",\"itemListElement\":[{\"@type\":\"ListItem\",\"position\":1,\"name\":\"Home\",\"item\":\"https:\/\/www.prokol.com\/de\/prokol-home-de\/\"},{\"@type\":\"ListItem\",\"position\":2,\"name\":\"Was ist Hotspray?\",\"item\":\"https:\/\/www.prokol.com\/de\/was-ist-hotspray\/\"},{\"@type\":\"ListItem\",\"position\":3,\"name\":\"Industrie | Hotspray\"}]},{\"@type\":\"WebSite\",\"@id\":\"https:\/\/www.prokol.com\/de\/#website\",\"url\":\"https:\/\/www.prokol.com\/de\/\",\"name\":\"Prokol Protective Coatings\",\"description\":\"POLYUREA HOTSPRAY, GIETVLOEREN EN PARKEERGARAGE COATINGS, VLOEIBARE NAADLOZE KUNSTSTOFFEN\",\"potentialAction\":[{\"@type\":\"SearchAction\",\"target\":{\"@type\":\"EntryPoint\",\"urlTemplate\":\"https:\/\/www.prokol.com\/de\/?s={search_term_string}\"},\"query-input\":{\"@type\":\"PropertyValueSpecification\",\"valueRequired\":true,\"valueName\":\"search_term_string\"}}],\"inLanguage\":\"de\"}]}<\/script>\n<!-- \/ Yoast SEO plugin. -->","yoast_head_json":{"title":"Industrie | Hotspray - Prokol Protective Coatings","robots":{"index":"index","follow":"follow","max-snippet":"max-snippet:-1","max-image-preview":"max-image-preview:large","max-video-preview":"max-video-preview:-1"},"canonical":"https:\/\/www.prokol.com\/de\/was-ist-hotspray\/industrie-hotspray\/","og_locale":"de_DE","og_type":"article","og_title":"Industrie | Hotspray - Prokol Protective Coatings","og_url":"https:\/\/www.prokol.com\/de\/was-ist-hotspray\/industrie-hotspray\/","og_site_name":"Prokol Protective Coatings","article_modified_time":"2023-04-19T10:49:16+00:00","twitter_card":"summary_large_image","twitter_misc":{"Gesch\u00e4tzte Lesezeit":"6\u00a0Minuten"},"schema":{"@context":"https:\/\/schema.org","@graph":[{"@type":"WebPage","@id":"https:\/\/www.prokol.com\/de\/was-ist-hotspray\/industrie-hotspray\/","url":"https:\/\/www.prokol.com\/de\/was-ist-hotspray\/industrie-hotspray\/","name":"Industrie | Hotspray - Prokol Protective Coatings","isPartOf":{"@id":"https:\/\/www.prokol.com\/de\/#website"},"datePublished":"2022-03-31T14:01:34+00:00","dateModified":"2023-04-19T10:49:16+00:00","breadcrumb":{"@id":"https:\/\/www.prokol.com\/de\/was-ist-hotspray\/industrie-hotspray\/#breadcrumb"},"inLanguage":"de","potentialAction":[{"@type":"ReadAction","target":["https:\/\/www.prokol.com\/de\/was-ist-hotspray\/industrie-hotspray\/"]}]},{"@type":"BreadcrumbList","@id":"https:\/\/www.prokol.com\/de\/was-ist-hotspray\/industrie-hotspray\/#breadcrumb","itemListElement":[{"@type":"ListItem","position":1,"name":"Home","item":"https:\/\/www.prokol.com\/de\/prokol-home-de\/"},{"@type":"ListItem","position":2,"name":"Was ist Hotspray?","item":"https:\/\/www.prokol.com\/de\/was-ist-hotspray\/"},{"@type":"ListItem","position":3,"name":"Industrie | Hotspray"}]},{"@type":"WebSite","@id":"https:\/\/www.prokol.com\/de\/#website","url":"https:\/\/www.prokol.com\/de\/","name":"Prokol Protective Coatings","description":"POLYUREA HOTSPRAY, GIETVLOEREN EN PARKEERGARAGE COATINGS, VLOEIBARE NAADLOZE KUNSTSTOFFEN","potentialAction":[{"@type":"SearchAction","target":{"@type":"EntryPoint","urlTemplate":"https:\/\/www.prokol.com\/de\/?s={search_term_string}"},"query-input":{"@type":"PropertyValueSpecification","valueRequired":true,"valueName":"search_term_string"}}],"inLanguage":"de"}]}},"_links":{"self":[{"href":"https:\/\/www.prokol.com\/de\/wp-json\/wp\/v2\/pages\/19108","targetHints":{"allow":["GET"]}}],"collection":[{"href":"https:\/\/www.prokol.com\/de\/wp-json\/wp\/v2\/pages"}],"about":[{"href":"https:\/\/www.prokol.com\/de\/wp-json\/wp\/v2\/types\/page"}],"author":[{"embeddable":true,"href":"https:\/\/www.prokol.com\/de\/wp-json\/wp\/v2\/users\/3"}],"replies":[{"embeddable":true,"href":"https:\/\/www.prokol.com\/de\/wp-json\/wp\/v2\/comments?post=19108"}],"version-history":[{"count":5,"href":"https:\/\/www.prokol.com\/de\/wp-json\/wp\/v2\/pages\/19108\/revisions"}],"predecessor-version":[{"id":19174,"href":"https:\/\/www.prokol.com\/de\/wp-json\/wp\/v2\/pages\/19108\/revisions\/19174"}],"up":[{"embeddable":true,"href":"https:\/\/www.prokol.com\/de\/wp-json\/wp\/v2\/pages\/19223"}],"wp:attachment":[{"href":"https:\/\/www.prokol.com\/de\/wp-json\/wp\/v2\/media?parent=19108"}],"wp:term":[{"taxonomy":"post_tag","embeddable":true,"href":"https:\/\/www.prokol.com\/de\/wp-json\/wp\/v2\/tags?post=19108"}],"curies":[{"name":"wp","href":"https:\/\/api.w.org\/{rel}","templated":true}]}}