{"id":19228,"date":"2022-04-01T14:54:28","date_gmt":"2022-04-01T12:54:28","guid":{"rendered":"https:\/\/www.prokol.com\/was-ist-hotspray\/polyurea-typen\/"},"modified":"2023-05-23T11:22:40","modified_gmt":"2023-05-23T09:22:40","slug":"polyurea-typen","status":"publish","type":"page","link":"https:\/\/www.prokol.com\/de\/was-ist-hotspray\/polyurea-typen\/","title":{"rendered":"Polyurea-Typen"},"content":{"rendered":"<div id='full_slider_1'  class='avia-fullwidth-slider main_color avia-shadow   avia-builder-el-0  el_before_av_three_fifth  avia-builder-el-first  vervolgslide  container_wrap fullsize'  >\n<style type=\"text\/css\" data-created_by=\"avia_inline_auto\" id=\"style-css-av-k4179f0p-3426b5f223bb0fe45a39107e53ee47b8\">\n#top #wrap_all .avia-slideshow .av-slideshow-caption.av-k4179f0p-3426b5f223bb0fe45a39107e53ee47b8__0 .avia-caption-title{\nfont-size:50px;\n}\n#top .avia-slideshow .av-slideshow-caption.av-k4179f0p-3426b5f223bb0fe45a39107e53ee47b8__0 .avia-caption-content{\nfont-size:18px;\n}\n#top .avia-slideshow .av-slideshow-caption.av-k4179f0p-3426b5f223bb0fe45a39107e53ee47b8__0 .avia-caption-content p{\nfont-size:18px;\n}\n\n@media only screen and (min-width: 768px) and (max-width: 989px){ \n#top .avia-slideshow .av-slideshow-caption.av-k4179f0p-3426b5f223bb0fe45a39107e53ee47b8__0 .avia-caption-content{\ndisplay:none;\n}\n#top .avia-slideshow .av-slideshow-caption.av-k4179f0p-3426b5f223bb0fe45a39107e53ee47b8__0 .avia-caption-content p{\ndisplay:none;\n}\n}\n\n@media only screen and (min-width: 480px) and (max-width: 767px){ \n#top .avia-slideshow .av-slideshow-caption.av-k4179f0p-3426b5f223bb0fe45a39107e53ee47b8__0 .avia-caption-content{\ndisplay:none;\n}\n#top .avia-slideshow .av-slideshow-caption.av-k4179f0p-3426b5f223bb0fe45a39107e53ee47b8__0 .avia-caption-content p{\ndisplay:none;\n}\n}\n\n@media only screen and (max-width: 479px){ \n#top .avia-slideshow .av-slideshow-caption.av-k4179f0p-3426b5f223bb0fe45a39107e53ee47b8__0 .avia-caption-content{\ndisplay:none;\n}\n#top .avia-slideshow .av-slideshow-caption.av-k4179f0p-3426b5f223bb0fe45a39107e53ee47b8__0 .avia-caption-content p{\ndisplay:none;\n}\n}\n<\/style>\n<div  class='avia-slideshow av-k4179f0p-3426b5f223bb0fe45a39107e53ee47b8 avia-slideshow-featured av_slideshow_full avia-fade-slider vervolgslide av-slideshow-ui av-control-minimal av-slideshow-autoplay av-loop-endless av-loop-manual-endless av-default-height-applied   avia-slideshow-1' data-slideshow-options=\"{&quot;animation&quot;:&quot;fade&quot;,&quot;autoplay&quot;:true,&quot;loop_autoplay&quot;:&quot;endless&quot;,&quot;interval&quot;:5,&quot;loop_manual&quot;:&quot;manual-endless&quot;,&quot;autoplay_stopper&quot;:false,&quot;noNavigation&quot;:false,&quot;bg_slider&quot;:false,&quot;keep_padding&quot;:false,&quot;hoverpause&quot;:false,&quot;show_slide_delay&quot;:0}\"  itemprop=\"image\" itemscope=\"itemscope\" itemtype=\"https:\/\/schema.org\/ImageObject\" ><ul class='avia-slideshow-inner ' style='padding-bottom: 28.936742934051%;'><li  class='avia-slideshow-slide av-k4179f0p-3426b5f223bb0fe45a39107e53ee47b8__0  av-single-slide slide-1 slide-odd'><div data-rel='slideshow-1' class='avia-slide-wrap '   ><div class='av-slideshow-caption av-k4179f0p-3426b5f223bb0fe45a39107e53ee47b8__0 caption_fullwidth caption_left'><div class=\"container caption_container\"><div class=\"slideshow_caption\"><div class=\"slideshow_inner_caption\"><div class=\"slideshow_align_caption\"><h2 class='avia-caption-title '  itemprop=\"name\" ><span style=\"color: #df4c23;\">-<\/span>Polyurea-Typen<\/h2><div class='avia-caption-content '  itemprop=\"description\" ><p>Polyurea-Produkte, von der Beschichtung bis zur Abdichtung!<\/p>\n<\/div><\/div><\/div><\/div><\/div><\/div><img decoding=\"async\" fetchpriority=\"high\" class=\"wp-image-9363 avia-img-lazy-loading-not-9363\"  src=\"https:\/\/www.prokol.com\/wp-content\/uploads\/hotspray-products-1486x430-1.jpg\" width=\"1486\" height=\"430\" title='Hotspray' alt=''  itemprop=\"thumbnailUrl\" srcset=\"https:\/\/www.prokol.com\/wp-content\/uploads\/hotspray-products-1486x430-1.jpg 1486w, https:\/\/www.prokol.com\/wp-content\/uploads\/hotspray-products-1486x430-1-600x174.jpg 600w, https:\/\/www.prokol.com\/wp-content\/uploads\/hotspray-products-1486x430-1-300x87.jpg 300w, https:\/\/www.prokol.com\/wp-content\/uploads\/hotspray-products-1486x430-1-1030x298.jpg 1030w, https:\/\/www.prokol.com\/wp-content\/uploads\/hotspray-products-1486x430-1-768x222.jpg 768w, https:\/\/www.prokol.com\/wp-content\/uploads\/hotspray-products-1486x430-1-705x204.jpg 705w, https:\/\/www.prokol.com\/wp-content\/uploads\/hotspray-products-1486x430-1-24x7.jpg 24w, https:\/\/www.prokol.com\/wp-content\/uploads\/hotspray-products-1486x430-1-36x10.jpg 36w, https:\/\/www.prokol.com\/wp-content\/uploads\/hotspray-products-1486x430-1-48x14.jpg 48w\" sizes=\"(max-width: 1486px) 100vw, 1486px\" \/><div class='av-section-color-overlay' style='opacity: 0.5; background-image: url(https:\/\/www.prokol.com\/wp-content\/uploads\/2019\/12\/Overlay.png); background-repeat: repeat;'><\/div><\/div><\/li><\/ul><\/div><\/div><div id='after_full_slider_1'  class='main_color av_default_container_wrap container_wrap fullsize'  ><div class='container av-section-cont-open' ><div class='template-page content  av-content-full alpha units'><div class='post-entry post-entry-type-page post-entry-19228'><div class='entry-content-wrapper clearfix'>\n\n<style type=\"text\/css\" data-created_by=\"avia_inline_auto\" id=\"style-css-av-3mnvl4-872631e767d8c91cb1d21771b7fd4b09\">\n.flex_column.av-3mnvl4-872631e767d8c91cb1d21771b7fd4b09{\nborder-radius:0px 0px 0px 0px;\npadding:0px 0px 0px 0px;\n}\n<\/style>\n<div  class='flex_column av-3mnvl4-872631e767d8c91cb1d21771b7fd4b09 av_three_fifth  avia-builder-el-1  el_after_av_slideshow_full  el_before_av_two_fifth  avia-builder-el-first  first flex_column_div av-zero-column-padding  '     ><section  class='av_textblock_section av-ke40nl1v-a9a2dcecc79be29bc06fd9fcef1d86ca '   itemscope=\"itemscope\" itemtype=\"https:\/\/schema.org\/CreativeWork\" ><div class='avia_textblock'  itemprop=\"text\" ><h5>Polyurea-Produkte<\/h5>\n<p>Auf der Grundlage der Polyurea-Chemie bietet Prokol eine breite Palette von Produkten an, darunter:<span class=\"Apple-converted-space\">\u00a0<\/span><\/p>\n<ul>\n<li>Primer<\/li>\n<li>Liner\/Membranen<\/li>\n<li>Deckschichten<\/li>\n<li>Dichtungsmittel<\/li>\n<li>Spachtelmasse<\/li>\n<\/ul>\n<p>Auf dieser Grundlage k\u00f6nnen komplette Systeme mit der Schnellheit und Qualit\u00e4t von Polyurea zusammengestellt werden.<\/p>\n<h5>Hotspray-Anwendung unter hohem Druck<\/h5>\n<p>Prokol verf\u00fcgt \u00fcber ein komplettes Sortiment an Polyurea-Hotsprays. Die Entscheidung f\u00fcr einen bestimmten Typ h\u00e4ngt von der Anwendung und den gew\u00fcnschten Eigenschaften ab. Diese Produkte sind in 3 Gruppen unterteilt.<\/p>\n<ul>\n<li>Weiche Beschichtungen<\/li>\n<li>Mittlere Beschichtungen<\/li>\n<li>Harte Beschichtungen<\/li>\n<\/ul>\n<p>Sie alle werden mit einer speziellen Hotspray-Apparatur verarbeitet.<\/p>\n<h5>Coldspray-Anwendungen unter niedrigem Druck<\/h5>\n<p>Prokol liefert auch verschiedene Polyurea-Produkte, die in so genannten 2-Komponenten-Kartuschen mit 1500 ml Inhalt verpackt sind. Diese werden kalt bis leicht erw\u00e4rmt in Kombination mit einer speziellen 2-K-Spritzpistole verarbeitet, die einfach an einen Kompressor angeschlossen wird. Diese Produkte sind besonders f\u00fcr kleinere Anwendungen oder Reparaturen geeignet. Die folgenden Produkte sind verf\u00fcgbar.<\/p>\n<h5>Kalte und manuelle Verarbeitung<\/h5>\n<p>Zus\u00e4tzlich zu den gespritzten Produkten liefert Prokol auch verschiedene von Hand verarbeitbare Produkte auf Polyurea-Basis wie Primer, Membranen und Deckbeschichtungen.<\/p>\n<\/div><\/section><\/div>\n\n<style type=\"text\/css\" data-created_by=\"avia_inline_auto\" id=\"style-css-av-2dgv20-0d315108fe664808dfff6484c5e25f35\">\n.flex_column.av-2dgv20-0d315108fe664808dfff6484c5e25f35{\nborder-radius:0px 0px 0px 0px;\npadding:0px 0px 0px 0px;\n}\n<\/style>\n<div  class='flex_column av-2dgv20-0d315108fe664808dfff6484c5e25f35 av_two_fifth  avia-builder-el-3  el_after_av_three_fifth  avia-builder-el-last  flex_column_div av-zero-column-padding  '     ><p>\n<style type=\"text\/css\" data-created_by=\"avia_inline_auto\" id=\"style-css-av-ke40qdti-4a71707a7dc2afcc225050f27d971c55\">\n.avia-image-container.av-ke40qdti-4a71707a7dc2afcc225050f27d971c55 img.avia_image{\nbox-shadow:none;\n}\n.avia-image-container.av-ke40qdti-4a71707a7dc2afcc225050f27d971c55 .av-image-caption-overlay-center{\ncolor:#ffffff;\n}\n<\/style>\n<div  class='avia-image-container av-ke40qdti-4a71707a7dc2afcc225050f27d971c55 av-styling- avia-align-center  avia-builder-el-4  el_before_av_image  avia-builder-el-first '   itemprop=\"image\" itemscope=\"itemscope\" itemtype=\"https:\/\/schema.org\/ImageObject\" ><div class=\"avia-image-container-inner\"><div class=\"avia-image-overlay-wrap\"><img decoding=\"async\" fetchpriority=\"high\" class='wp-image-4124 avia-img-lazy-loading-not-4124 avia_image ' src=\"https:\/\/www.prokol.com\/wp-content\/uploads\/2020\/08\/polyurea_product.jpg\" alt='' title='Hotspray'  height=\"488\" width=\"600\"  itemprop=\"thumbnailUrl\" srcset=\"https:\/\/www.prokol.com\/wp-content\/uploads\/2020\/08\/polyurea_product.jpg 600w, https:\/\/www.prokol.com\/wp-content\/uploads\/2020\/08\/polyurea_product-300x244.jpg 300w\" sizes=\"(max-width: 600px) 100vw, 600px\" \/><\/div><\/div><\/div><br \/>\n\n<style type=\"text\/css\" data-created_by=\"avia_inline_auto\" id=\"style-css-av-ke40qkdc-b24ebe0ca7e51d82f744676693204283\">\n.avia-image-container.av-ke40qkdc-b24ebe0ca7e51d82f744676693204283 img.avia_image{\nbox-shadow:none;\n}\n.avia-image-container.av-ke40qkdc-b24ebe0ca7e51d82f744676693204283 .av-image-caption-overlay-center{\ncolor:#ffffff;\n}\n<\/style>\n<div  class='avia-image-container av-ke40qkdc-b24ebe0ca7e51d82f744676693204283 av-styling- avia-align-center  avia-builder-el-5  el_after_av_image  el_before_av_hr '   itemprop=\"image\" itemscope=\"itemscope\" itemtype=\"https:\/\/schema.org\/ImageObject\" ><div class=\"avia-image-container-inner\"><div class=\"avia-image-overlay-wrap\"><img decoding=\"async\" fetchpriority=\"high\" class='wp-image-4128 avia-img-lazy-loading-not-4128 avia_image ' src=\"https:\/\/www.prokol.com\/wp-content\/uploads\/2020\/08\/polyurea_product2.png\" alt='' title='Hotspray'  height=\"159\" width=\"300\"  itemprop=\"thumbnailUrl\"  \/><\/div><\/div><\/div><br \/>\n\n<style type=\"text\/css\" data-created_by=\"avia_inline_auto\" id=\"style-css-av-ke41hm6g-1654e0ca55af628f8367993c2c55bb46\">\n#top .hr.hr-invisible.av-ke41hm6g-1654e0ca55af628f8367993c2c55bb46{\nheight:50px;\n}\n<\/style>\n<div  class='hr av-ke41hm6g-1654e0ca55af628f8367993c2c55bb46 hr-invisible  avia-builder-el-6  el_after_av_image  el_before_av_video '><span class='hr-inner '><span class=\"hr-inner-style\"><\/span><\/span><\/div><br \/>\n<div  class='avia-video av-ke40nulu-049255abe39698c34459f6a9473ab476 avia-video-16-9 av-no-preview-image avia-video-load-always av-lazyload-immediate av-lazyload-video-embed'  itemprop=\"video\" itemtype=\"https:\/\/schema.org\/VideoObject\"  data-original_url='https:\/\/www.youtube.com\/watch?v=hlRbj3nss6k&amp;t=13s'><script type='text\/html' class='av-video-tmpl'><div class='avia-iframe-wrap'><iframe loading=\"lazy\" title=\"Old roof with applied PA 260 FR from Prokol\" width=\"1500\" height=\"844\" src=\"https:\/\/www.youtube.com\/embed\/hlRbj3nss6k?start=13&feature=oembed&enablejsapi=1&origin=https:\/\/www.prokol.com&autoplay=0&loop=0&controls=1&mute=0\" frameborder=\"0\" allow=\"accelerometer; autoplay; clipboard-write; encrypted-media; gyroscope; picture-in-picture\" allowfullscreen><\/iframe><\/div><\/script><div class='av-click-to-play-overlay'><div class=\"avia_playpause_icon\"><\/div><\/div><\/div><\/p><\/div>\n","protected":false},"excerpt":{"rendered":"","protected":false},"author":3,"featured_media":0,"parent":19223,"menu_order":0,"comment_status":"closed","ping_status":"closed","template":"","meta":{"inline_featured_image":false,"footnotes":""},"tags":[],"class_list":["post-19228","page","type-page","status-publish","hentry"],"yoast_head":"<!-- This site is optimized with the Yoast SEO plugin v27.2 - https:\/\/yoast.com\/product\/yoast-seo-wordpress\/ -->\n<title>Polyurea coating, coating polyurea - Prokol Protective Coatings<\/title>\n<meta name=\"description\" content=\"Polyurea-Anwendungen nehmen st\u00e4ndig zu. Immer mehr Unternehmen entwickeln Anwendungen, bei denen Polyharnstoff eine unterst\u00fctzende oder sogar eine f\u00fchrende Rolle spielt. Prokol entwickelt und produziert diese Spezialbeschichtungen seit mehr als 30 Jahren. Auch f\u00fcr Polyharnstoff-Beschichtungen und Beschichtungs-Polyharnstoff.\" \/>\n<meta name=\"robots\" content=\"index, follow, max-snippet:-1, max-image-preview:large, max-video-preview:-1\" \/>\n<link rel=\"canonical\" href=\"https:\/\/www.prokol.com\/de\/was-ist-hotspray\/polyurea-typen\/\" \/>\n<meta property=\"og:locale\" content=\"de_DE\" \/>\n<meta property=\"og:type\" content=\"article\" \/>\n<meta property=\"og:title\" content=\"Polyurea coating, coating polyurea - Prokol Protective Coatings\" \/>\n<meta property=\"og:description\" content=\"Polyurea-Anwendungen nehmen st\u00e4ndig zu. Immer mehr Unternehmen entwickeln Anwendungen, bei denen Polyharnstoff eine unterst\u00fctzende oder sogar eine f\u00fchrende Rolle spielt. Prokol entwickelt und produziert diese Spezialbeschichtungen seit mehr als 30 Jahren. Auch f\u00fcr Polyharnstoff-Beschichtungen und Beschichtungs-Polyharnstoff.\" \/>\n<meta property=\"og:url\" content=\"https:\/\/www.prokol.com\/de\/was-ist-hotspray\/polyurea-typen\/\" \/>\n<meta property=\"og:site_name\" content=\"Prokol Protective Coatings\" \/>\n<meta property=\"article:modified_time\" content=\"2023-05-23T09:22:40+00:00\" \/>\n<meta name=\"twitter:card\" content=\"summary_large_image\" \/>\n<meta name=\"twitter:label1\" content=\"Gesch\u00e4tzte Lesezeit\" \/>\n\t<meta name=\"twitter:data1\" content=\"5\u00a0Minuten\" \/>\n<script type=\"application\/ld+json\" class=\"yoast-schema-graph\">{\"@context\":\"https:\/\/schema.org\",\"@graph\":[{\"@type\":\"WebPage\",\"@id\":\"https:\/\/www.prokol.com\/de\/was-ist-hotspray\/polyurea-typen\/\",\"url\":\"https:\/\/www.prokol.com\/de\/was-ist-hotspray\/polyurea-typen\/\",\"name\":\"Polyurea coating, coating polyurea - Prokol Protective Coatings\",\"isPartOf\":{\"@id\":\"https:\/\/www.prokol.com\/de\/#website\"},\"datePublished\":\"2022-04-01T12:54:28+00:00\",\"dateModified\":\"2023-05-23T09:22:40+00:00\",\"description\":\"Polyurea-Anwendungen nehmen st\u00e4ndig zu. Immer mehr Unternehmen entwickeln Anwendungen, bei denen Polyharnstoff eine unterst\u00fctzende oder sogar eine f\u00fchrende Rolle spielt. Prokol entwickelt und produziert diese Spezialbeschichtungen seit mehr als 30 Jahren. Auch f\u00fcr Polyharnstoff-Beschichtungen und Beschichtungs-Polyharnstoff.\",\"breadcrumb\":{\"@id\":\"https:\/\/www.prokol.com\/de\/was-ist-hotspray\/polyurea-typen\/#breadcrumb\"},\"inLanguage\":\"de\",\"potentialAction\":[{\"@type\":\"ReadAction\",\"target\":[\"https:\/\/www.prokol.com\/de\/was-ist-hotspray\/polyurea-typen\/\"]}]},{\"@type\":\"BreadcrumbList\",\"@id\":\"https:\/\/www.prokol.com\/de\/was-ist-hotspray\/polyurea-typen\/#breadcrumb\",\"itemListElement\":[{\"@type\":\"ListItem\",\"position\":1,\"name\":\"Home\",\"item\":\"https:\/\/www.prokol.com\/de\/prokol-home-de\/\"},{\"@type\":\"ListItem\",\"position\":2,\"name\":\"Was ist Hotspray?\",\"item\":\"https:\/\/www.prokol.com\/de\/was-ist-hotspray\/\"},{\"@type\":\"ListItem\",\"position\":3,\"name\":\"Polyurea-Typen\"}]},{\"@type\":\"WebSite\",\"@id\":\"https:\/\/www.prokol.com\/de\/#website\",\"url\":\"https:\/\/www.prokol.com\/de\/\",\"name\":\"Prokol Protective Coatings\",\"description\":\"POLYUREA HOTSPRAY, GIETVLOEREN EN PARKEERGARAGE COATINGS, VLOEIBARE NAADLOZE KUNSTSTOFFEN\",\"potentialAction\":[{\"@type\":\"SearchAction\",\"target\":{\"@type\":\"EntryPoint\",\"urlTemplate\":\"https:\/\/www.prokol.com\/de\/?s={search_term_string}\"},\"query-input\":{\"@type\":\"PropertyValueSpecification\",\"valueRequired\":true,\"valueName\":\"search_term_string\"}}],\"inLanguage\":\"de\"}]}<\/script>\n<!-- \/ Yoast SEO plugin. -->","yoast_head_json":{"title":"Polyurea coating, coating polyurea - Prokol Protective Coatings","description":"Polyurea-Anwendungen nehmen st\u00e4ndig zu. Immer mehr Unternehmen entwickeln Anwendungen, bei denen Polyharnstoff eine unterst\u00fctzende oder sogar eine f\u00fchrende Rolle spielt. Prokol entwickelt und produziert diese Spezialbeschichtungen seit mehr als 30 Jahren. Auch f\u00fcr Polyharnstoff-Beschichtungen und Beschichtungs-Polyharnstoff.","robots":{"index":"index","follow":"follow","max-snippet":"max-snippet:-1","max-image-preview":"max-image-preview:large","max-video-preview":"max-video-preview:-1"},"canonical":"https:\/\/www.prokol.com\/de\/was-ist-hotspray\/polyurea-typen\/","og_locale":"de_DE","og_type":"article","og_title":"Polyurea coating, coating polyurea - Prokol Protective Coatings","og_description":"Polyurea-Anwendungen nehmen st\u00e4ndig zu. Immer mehr Unternehmen entwickeln Anwendungen, bei denen Polyharnstoff eine unterst\u00fctzende oder sogar eine f\u00fchrende Rolle spielt. Prokol entwickelt und produziert diese Spezialbeschichtungen seit mehr als 30 Jahren. Auch f\u00fcr Polyharnstoff-Beschichtungen und Beschichtungs-Polyharnstoff.","og_url":"https:\/\/www.prokol.com\/de\/was-ist-hotspray\/polyurea-typen\/","og_site_name":"Prokol Protective Coatings","article_modified_time":"2023-05-23T09:22:40+00:00","twitter_card":"summary_large_image","twitter_misc":{"Gesch\u00e4tzte Lesezeit":"5\u00a0Minuten"},"schema":{"@context":"https:\/\/schema.org","@graph":[{"@type":"WebPage","@id":"https:\/\/www.prokol.com\/de\/was-ist-hotspray\/polyurea-typen\/","url":"https:\/\/www.prokol.com\/de\/was-ist-hotspray\/polyurea-typen\/","name":"Polyurea coating, coating polyurea - Prokol Protective Coatings","isPartOf":{"@id":"https:\/\/www.prokol.com\/de\/#website"},"datePublished":"2022-04-01T12:54:28+00:00","dateModified":"2023-05-23T09:22:40+00:00","description":"Polyurea-Anwendungen nehmen st\u00e4ndig zu. Immer mehr Unternehmen entwickeln Anwendungen, bei denen Polyharnstoff eine unterst\u00fctzende oder sogar eine f\u00fchrende Rolle spielt. Prokol entwickelt und produziert diese Spezialbeschichtungen seit mehr als 30 Jahren. Auch f\u00fcr Polyharnstoff-Beschichtungen und Beschichtungs-Polyharnstoff.","breadcrumb":{"@id":"https:\/\/www.prokol.com\/de\/was-ist-hotspray\/polyurea-typen\/#breadcrumb"},"inLanguage":"de","potentialAction":[{"@type":"ReadAction","target":["https:\/\/www.prokol.com\/de\/was-ist-hotspray\/polyurea-typen\/"]}]},{"@type":"BreadcrumbList","@id":"https:\/\/www.prokol.com\/de\/was-ist-hotspray\/polyurea-typen\/#breadcrumb","itemListElement":[{"@type":"ListItem","position":1,"name":"Home","item":"https:\/\/www.prokol.com\/de\/prokol-home-de\/"},{"@type":"ListItem","position":2,"name":"Was ist Hotspray?","item":"https:\/\/www.prokol.com\/de\/was-ist-hotspray\/"},{"@type":"ListItem","position":3,"name":"Polyurea-Typen"}]},{"@type":"WebSite","@id":"https:\/\/www.prokol.com\/de\/#website","url":"https:\/\/www.prokol.com\/de\/","name":"Prokol Protective Coatings","description":"POLYUREA HOTSPRAY, GIETVLOEREN EN PARKEERGARAGE COATINGS, VLOEIBARE NAADLOZE KUNSTSTOFFEN","potentialAction":[{"@type":"SearchAction","target":{"@type":"EntryPoint","urlTemplate":"https:\/\/www.prokol.com\/de\/?s={search_term_string}"},"query-input":{"@type":"PropertyValueSpecification","valueRequired":true,"valueName":"search_term_string"}}],"inLanguage":"de"}]}},"_links":{"self":[{"href":"https:\/\/www.prokol.com\/de\/wp-json\/wp\/v2\/pages\/19228","targetHints":{"allow":["GET"]}}],"collection":[{"href":"https:\/\/www.prokol.com\/de\/wp-json\/wp\/v2\/pages"}],"about":[{"href":"https:\/\/www.prokol.com\/de\/wp-json\/wp\/v2\/types\/page"}],"author":[{"embeddable":true,"href":"https:\/\/www.prokol.com\/de\/wp-json\/wp\/v2\/users\/3"}],"replies":[{"embeddable":true,"href":"https:\/\/www.prokol.com\/de\/wp-json\/wp\/v2\/comments?post=19228"}],"version-history":[{"count":13,"href":"https:\/\/www.prokol.com\/de\/wp-json\/wp\/v2\/pages\/19228\/revisions"}],"predecessor-version":[{"id":19231,"href":"https:\/\/www.prokol.com\/de\/wp-json\/wp\/v2\/pages\/19228\/revisions\/19231"}],"up":[{"embeddable":true,"href":"https:\/\/www.prokol.com\/de\/wp-json\/wp\/v2\/pages\/19223"}],"wp:attachment":[{"href":"https:\/\/www.prokol.com\/de\/wp-json\/wp\/v2\/media?parent=19228"}],"wp:term":[{"taxonomy":"post_tag","embeddable":true,"href":"https:\/\/www.prokol.com\/de\/wp-json\/wp\/v2\/tags?post=19228"}],"curies":[{"name":"wp","href":"https:\/\/api.w.org\/{rel}","templated":true}]}}