{"id":19234,"date":"2022-04-01T15:02:39","date_gmt":"2022-04-01T13:02:39","guid":{"rendered":"https:\/\/www.prokol.com\/was-ist-hotspray\/verarbeiter\/"},"modified":"2023-04-19T12:49:17","modified_gmt":"2023-04-19T10:49:17","slug":"verarbeiter","status":"publish","type":"page","link":"https:\/\/www.prokol.com\/de\/was-ist-hotspray\/verarbeiter\/","title":{"rendered":"Verarbeiter"},"content":{"rendered":"<div id='full_slider_1'  class='avia-fullwidth-slider main_color avia-shadow   avia-builder-el-0  el_before_av_three_fifth  avia-builder-el-first  vervolgslide  container_wrap fullsize'  >\n<style type=\"text\/css\" data-created_by=\"avia_inline_auto\" id=\"style-css-av-k4179f0p-acede921c93825f4aeea30d99a7ef583\">\n#top #wrap_all .avia-slideshow .av-slideshow-caption.av-k4179f0p-acede921c93825f4aeea30d99a7ef583__0 .avia-caption-title{\nfont-size:50px;\n}\n#top .avia-slideshow .av-slideshow-caption.av-k4179f0p-acede921c93825f4aeea30d99a7ef583__0 .avia-caption-content{\nfont-size:18px;\n}\n#top .avia-slideshow .av-slideshow-caption.av-k4179f0p-acede921c93825f4aeea30d99a7ef583__0 .avia-caption-content p{\nfont-size:18px;\n}\n\n@media only screen and (min-width: 768px) and (max-width: 989px){ \n#top .avia-slideshow .av-slideshow-caption.av-k4179f0p-acede921c93825f4aeea30d99a7ef583__0 .avia-caption-content{\ndisplay:none;\n}\n#top .avia-slideshow .av-slideshow-caption.av-k4179f0p-acede921c93825f4aeea30d99a7ef583__0 .avia-caption-content p{\ndisplay:none;\n}\n}\n\n@media only screen and (min-width: 480px) and (max-width: 767px){ \n#top .avia-slideshow .av-slideshow-caption.av-k4179f0p-acede921c93825f4aeea30d99a7ef583__0 .avia-caption-content{\ndisplay:none;\n}\n#top .avia-slideshow .av-slideshow-caption.av-k4179f0p-acede921c93825f4aeea30d99a7ef583__0 .avia-caption-content p{\ndisplay:none;\n}\n}\n\n@media only screen and (max-width: 479px){ \n#top .avia-slideshow .av-slideshow-caption.av-k4179f0p-acede921c93825f4aeea30d99a7ef583__0 .avia-caption-content{\ndisplay:none;\n}\n#top .avia-slideshow .av-slideshow-caption.av-k4179f0p-acede921c93825f4aeea30d99a7ef583__0 .avia-caption-content p{\ndisplay:none;\n}\n}\n<\/style>\n<div  class='avia-slideshow av-k4179f0p-acede921c93825f4aeea30d99a7ef583 avia-slideshow-featured av_slideshow_full avia-fade-slider vervolgslide av-slideshow-ui av-control-minimal av-slideshow-autoplay av-loop-endless av-loop-manual-endless av-default-height-applied   avia-slideshow-1' data-slideshow-options=\"{&quot;animation&quot;:&quot;fade&quot;,&quot;autoplay&quot;:true,&quot;loop_autoplay&quot;:&quot;endless&quot;,&quot;interval&quot;:5,&quot;loop_manual&quot;:&quot;manual-endless&quot;,&quot;autoplay_stopper&quot;:false,&quot;noNavigation&quot;:false,&quot;bg_slider&quot;:false,&quot;keep_padding&quot;:false,&quot;hoverpause&quot;:false,&quot;show_slide_delay&quot;:0}\"  itemprop=\"image\" itemscope=\"itemscope\" itemtype=\"https:\/\/schema.org\/ImageObject\" ><ul class='avia-slideshow-inner ' style='padding-bottom: 28.657314629259%;'><li  class='avia-slideshow-slide av-k4179f0p-acede921c93825f4aeea30d99a7ef583__0  av-single-slide slide-1 slide-odd'><div data-rel='slideshow-1' class='avia-slide-wrap '   ><div class='av-slideshow-caption av-k4179f0p-acede921c93825f4aeea30d99a7ef583__0 caption_fullwidth caption_left'><div class=\"container caption_container\"><div class=\"slideshow_caption\"><div class=\"slideshow_inner_caption\"><div class=\"slideshow_align_caption\"><h2 class='avia-caption-title '  itemprop=\"name\" ><span style=\"color: red;\">-<\/span><br \/>\nVerarbeiter<\/h2><div class='avia-caption-content '  itemprop=\"description\" ><p>Die Arbeit mit Hotspray ist etwas f\u00fcr Fachleute<\/p>\n<\/div><\/div><\/div><\/div><\/div><\/div><img decoding=\"async\" fetchpriority=\"high\" class=\"wp-image-9369 avia-img-lazy-loading-not-9369\"  src=\"https:\/\/www.prokol.com\/wp-content\/uploads\/Applicateurs_hotspray_banner.jpg\" width=\"1497\" height=\"429\" title='Verarbeiter' alt=''  itemprop=\"thumbnailUrl\" srcset=\"https:\/\/www.prokol.com\/wp-content\/uploads\/Applicateurs_hotspray_banner.jpg 1497w, https:\/\/www.prokol.com\/wp-content\/uploads\/Applicateurs_hotspray_banner-600x172.jpg 600w, https:\/\/www.prokol.com\/wp-content\/uploads\/Applicateurs_hotspray_banner-300x86.jpg 300w, https:\/\/www.prokol.com\/wp-content\/uploads\/Applicateurs_hotspray_banner-1030x295.jpg 1030w, https:\/\/www.prokol.com\/wp-content\/uploads\/Applicateurs_hotspray_banner-768x220.jpg 768w, https:\/\/www.prokol.com\/wp-content\/uploads\/Applicateurs_hotspray_banner-705x202.jpg 705w, https:\/\/www.prokol.com\/wp-content\/uploads\/Applicateurs_hotspray_banner-24x7.jpg 24w, https:\/\/www.prokol.com\/wp-content\/uploads\/Applicateurs_hotspray_banner-36x10.jpg 36w, https:\/\/www.prokol.com\/wp-content\/uploads\/Applicateurs_hotspray_banner-48x14.jpg 48w\" sizes=\"(max-width: 1497px) 100vw, 1497px\" \/><div class='av-section-color-overlay' style='opacity: 0.5; background-image: url(https:\/\/www.prokol.com\/wp-content\/uploads\/2019\/12\/Overlay.png); background-repeat: repeat;'><\/div><\/div><\/li><\/ul><\/div><\/div><div id='after_full_slider_1'  class='main_color av_default_container_wrap container_wrap fullsize'  ><div class='container av-section-cont-open' ><div class='template-page content  av-content-full alpha units'><div class='post-entry post-entry-type-page post-entry-19234'><div class='entry-content-wrapper clearfix'>\n\n<style type=\"text\/css\" data-created_by=\"avia_inline_auto\" id=\"style-css-av-3yvwmo-b3dfe85cb86f0d4a96c7e94635572602\">\n.flex_column.av-3yvwmo-b3dfe85cb86f0d4a96c7e94635572602{\nborder-radius:0px 0px 0px 0px;\npadding:0px 0px 0px 0px;\n}\n<\/style>\n<div  class='flex_column av-3yvwmo-b3dfe85cb86f0d4a96c7e94635572602 av_three_fifth  avia-builder-el-1  el_after_av_slideshow_full  el_before_av_two_fifth  avia-builder-el-first  first flex_column_div av-zero-column-padding  '     ><section  class='av_textblock_section av-ke3ywv1g-45b4893d90656f9f10242367a7ef2eec '   itemscope=\"itemscope\" itemtype=\"https:\/\/schema.org\/CreativeWork\" ><div class='avia_textblock'  itemprop=\"text\" ><h5>Die Arbeit mit Polyurea ist etwas f\u00fcr Fachleute<\/h5>\n<p>Bei der Verwendung von Polyurea-Beschichtungen ist es wichtig, dass der Verarbeiter alle Aspekte seines Handwerks versteht. Dies h\u00e4ngt sehr stark von der Anwendung ab, wobei zwischen der Anwendung in der eigenen Fabrik und der Anwendung vor Ort unterschieden werden muss. Wenn ein Projekt vor Ort durchgef\u00fchrt werden soll, ist es wichtig, dass ein Verarbeiter verschiedene Aspekte ber\u00fccksichtigt, wie zum Beispiel:<\/p>\n<ul>\n<li>Umgebungstemperatur<\/li>\n<li>Luftfeuchtigkeit<\/li>\n<li>Feuchtigkeit im Untergrund<\/li>\n<li>Taupunkt<\/li>\n<li>Erwartete Wetterbedingungen<\/li>\n<li>Wurde der Untergrund vorbehandelt?<\/li>\n<li>Anschlussdetails und Untergrundvorbereitung<\/li>\n<li>Abschirmungseinrichtungen<\/li>\n<\/ul>\n<p>Dar\u00fcber hinaus gibt es weitere Aspekte, die wichtig sind, um sicherzustellen, dass die Anwendung eines Systems erfolgreich ist. Die Verarbeitung von Fl\u00fcssigkunststoffen unter Au\u00dfenbedingungen erfordert Erfahrung.<br \/>\nWenn es um die Anwendung von Polyurea-Beschichtungen unter kontrollierten Bedingungen geht, wird es einfacher. Auch dann m\u00fcssen mehrere Aspekte ber\u00fccksichtigt werden, aber zumindest fallen Witterungseinfl\u00fcsse weg.<\/p>\n<h5>Wir kennen den Verarbeiter<\/h5>\n<p>Da Prokol seit mehr als 30 Jahren Polyurea-Beschichtungen herstellt und liefert, haben wir inzwischen ein ganzes Netz von Spezialisten aufgebaut. Unsere Erfahrung zeigt, dass jeder Verarbeiter seine eigene Spezialit\u00e4t hat. Wir sagen Ihnen gerne, welche Unternehmen Ihnen bei einer bestimmten Anwendung helfen k\u00f6nnen. Ganz gleich, ob es sich um ein Geb\u00e4ude oder eine industrielle Anwendung handelt, wir k\u00f6nnen Sie mit den richtigen Leuten in Kontakt bringen.<\/p>\n<h5>Polyurea selbst verarbeiten<\/h5>\n<p>M\u00f6chten Sie unsere Produkte selbst verarbeiten? Wenn ja, helfen wir Ihnen gerne auf Ihrem Weg. Prokol bietet dazu einen Lehrgang an, der sowohl Theorie als auch Praxis umfasst. Die eigentliche Erfahrung sammelt man aber bei der Arbeit an Projekten.<\/p>\n<\/div><\/section><\/div>\n\n<style type=\"text\/css\" data-created_by=\"avia_inline_auto\" id=\"style-css-av-21emc0-a488f2d582f5e5bb402f82cba2b79f66\">\n.flex_column.av-21emc0-a488f2d582f5e5bb402f82cba2b79f66{\nborder-radius:0px 0px 0px 0px;\npadding:0px 0px 0px 0px;\n}\n<\/style>\n<div  class='flex_column av-21emc0-a488f2d582f5e5bb402f82cba2b79f66 av_two_fifth  avia-builder-el-3  el_after_av_three_fifth  avia-builder-el-last  flex_column_div av-zero-column-padding  '     ><p><div  class='avia-video av-ke3yt3eb-ae69681a0c1f1baf64aa9932921628bc avia-video-16-9 av-no-preview-image avia-video-load-always av-lazyload-immediate av-lazyload-video-embed'  itemprop=\"video\" itemtype=\"https:\/\/schema.org\/VideoObject\"  data-original_url='https:\/\/youtu.be\/VadgZZoSCtE'><script type='text\/html' class='av-video-tmpl'><div class='avia-iframe-wrap'><iframe loading=\"lazy\" title=\"Prokol Roofspray PA-FR with solar pannels\" width=\"1500\" height=\"844\" src=\"https:\/\/www.youtube.com\/embed\/VadgZZoSCtE?feature=oembed&enablejsapi=1&origin=https:\/\/www.prokol.com&autoplay=0&loop=0&controls=1&mute=0\" frameborder=\"0\" allow=\"accelerometer; autoplay; clipboard-write; encrypted-media; gyroscope; picture-in-picture\" allowfullscreen><\/iframe><\/div><\/script><div class='av-click-to-play-overlay'><div class=\"avia_playpause_icon\"><\/div><\/div><\/div><br \/>\n<div  class='avia-video av-ke3yswd9-e66201b9ce526b028250f2e947f0232d avia-video-16-9 av-no-preview-image avia-video-load-always av-lazyload-immediate av-lazyload-video-embed'  itemprop=\"video\" itemtype=\"https:\/\/schema.org\/VideoObject\"  data-original_url='https:\/\/youtu.be\/dKcAYn4L2jQ'><script type='text\/html' class='av-video-tmpl'><div class='avia-iframe-wrap'><iframe loading=\"lazy\" title=\"QTS Prokol | Leeds Train Station\" width=\"1500\" height=\"844\" src=\"https:\/\/www.youtube.com\/embed\/dKcAYn4L2jQ?feature=oembed&enablejsapi=1&origin=https:\/\/www.prokol.com&autoplay=0&loop=0&controls=1&mute=0\" frameborder=\"0\" allow=\"accelerometer; autoplay; clipboard-write; encrypted-media; gyroscope; picture-in-picture\" allowfullscreen><\/iframe><\/div><\/script><div class='av-click-to-play-overlay'><div class=\"avia_playpause_icon\"><\/div><\/div><\/div><br \/>\n<div  class='avia-video av-ke3ysmln-74a345dc51c4a77f9adcc068558706e3 avia-video-16-9 av-no-preview-image avia-video-load-always av-lazyload-immediate av-lazyload-video-embed'  itemprop=\"video\" itemtype=\"https:\/\/schema.org\/VideoObject\"  data-original_url='https:\/\/youtu.be\/eNulgdgwd20'><script type='text\/html' class='av-video-tmpl'><div class='avia-iframe-wrap'><iframe loading=\"lazy\" title=\"Rocathaan Coldspray CS 100 2\" width=\"1500\" height=\"844\" src=\"https:\/\/www.youtube.com\/embed\/eNulgdgwd20?feature=oembed&enablejsapi=1&origin=https:\/\/www.prokol.com&autoplay=0&loop=0&controls=1&mute=0\" frameborder=\"0\" allow=\"accelerometer; autoplay; clipboard-write; encrypted-media; gyroscope; picture-in-picture\" allowfullscreen><\/iframe><\/div><\/script><div class='av-click-to-play-overlay'><div class=\"avia_playpause_icon\"><\/div><\/div><\/div><\/p><\/div>\n","protected":false},"excerpt":{"rendered":"","protected":false},"author":3,"featured_media":0,"parent":19223,"menu_order":0,"comment_status":"closed","ping_status":"closed","template":"","meta":{"inline_featured_image":false,"footnotes":""},"tags":[],"class_list":["post-19234","page","type-page","status-publish","hentry"],"yoast_head":"<!-- This site is optimized with the Yoast SEO plugin v27.2 - https:\/\/yoast.com\/product\/yoast-seo-wordpress\/ -->\n<title>Verarbeiter - Prokol Protective Coatings<\/title>\n<meta name=\"robots\" content=\"index, follow, max-snippet:-1, max-image-preview:large, max-video-preview:-1\" \/>\n<link rel=\"canonical\" href=\"https:\/\/www.prokol.com\/de\/was-ist-hotspray\/verarbeiter\/\" \/>\n<meta property=\"og:locale\" content=\"de_DE\" \/>\n<meta property=\"og:type\" content=\"article\" \/>\n<meta property=\"og:title\" content=\"Verarbeiter - Prokol Protective Coatings\" \/>\n<meta property=\"og:url\" content=\"https:\/\/www.prokol.com\/de\/was-ist-hotspray\/verarbeiter\/\" \/>\n<meta property=\"og:site_name\" content=\"Prokol Protective Coatings\" \/>\n<meta property=\"article:modified_time\" content=\"2023-04-19T10:49:17+00:00\" \/>\n<meta name=\"twitter:card\" content=\"summary_large_image\" \/>\n<meta name=\"twitter:label1\" content=\"Gesch\u00e4tzte Lesezeit\" \/>\n\t<meta name=\"twitter:data1\" content=\"4\u00a0Minuten\" \/>\n<script type=\"application\/ld+json\" class=\"yoast-schema-graph\">{\"@context\":\"https:\/\/schema.org\",\"@graph\":[{\"@type\":\"WebPage\",\"@id\":\"https:\/\/www.prokol.com\/de\/was-ist-hotspray\/verarbeiter\/\",\"url\":\"https:\/\/www.prokol.com\/de\/was-ist-hotspray\/verarbeiter\/\",\"name\":\"Verarbeiter - Prokol Protective Coatings\",\"isPartOf\":{\"@id\":\"https:\/\/www.prokol.com\/de\/#website\"},\"datePublished\":\"2022-04-01T13:02:39+00:00\",\"dateModified\":\"2023-04-19T10:49:17+00:00\",\"breadcrumb\":{\"@id\":\"https:\/\/www.prokol.com\/de\/was-ist-hotspray\/verarbeiter\/#breadcrumb\"},\"inLanguage\":\"de\",\"potentialAction\":[{\"@type\":\"ReadAction\",\"target\":[\"https:\/\/www.prokol.com\/de\/was-ist-hotspray\/verarbeiter\/\"]}]},{\"@type\":\"BreadcrumbList\",\"@id\":\"https:\/\/www.prokol.com\/de\/was-ist-hotspray\/verarbeiter\/#breadcrumb\",\"itemListElement\":[{\"@type\":\"ListItem\",\"position\":1,\"name\":\"Home\",\"item\":\"https:\/\/www.prokol.com\/de\/prokol-home-de\/\"},{\"@type\":\"ListItem\",\"position\":2,\"name\":\"Was ist Hotspray?\",\"item\":\"https:\/\/www.prokol.com\/de\/was-ist-hotspray\/\"},{\"@type\":\"ListItem\",\"position\":3,\"name\":\"Verarbeiter\"}]},{\"@type\":\"WebSite\",\"@id\":\"https:\/\/www.prokol.com\/de\/#website\",\"url\":\"https:\/\/www.prokol.com\/de\/\",\"name\":\"Prokol Protective Coatings\",\"description\":\"POLYUREA HOTSPRAY, GIETVLOEREN EN PARKEERGARAGE COATINGS, VLOEIBARE NAADLOZE KUNSTSTOFFEN\",\"potentialAction\":[{\"@type\":\"SearchAction\",\"target\":{\"@type\":\"EntryPoint\",\"urlTemplate\":\"https:\/\/www.prokol.com\/de\/?s={search_term_string}\"},\"query-input\":{\"@type\":\"PropertyValueSpecification\",\"valueRequired\":true,\"valueName\":\"search_term_string\"}}],\"inLanguage\":\"de\"}]}<\/script>\n<!-- \/ Yoast SEO plugin. -->","yoast_head_json":{"title":"Verarbeiter - Prokol Protective Coatings","robots":{"index":"index","follow":"follow","max-snippet":"max-snippet:-1","max-image-preview":"max-image-preview:large","max-video-preview":"max-video-preview:-1"},"canonical":"https:\/\/www.prokol.com\/de\/was-ist-hotspray\/verarbeiter\/","og_locale":"de_DE","og_type":"article","og_title":"Verarbeiter - Prokol Protective Coatings","og_url":"https:\/\/www.prokol.com\/de\/was-ist-hotspray\/verarbeiter\/","og_site_name":"Prokol Protective Coatings","article_modified_time":"2023-04-19T10:49:17+00:00","twitter_card":"summary_large_image","twitter_misc":{"Gesch\u00e4tzte Lesezeit":"4\u00a0Minuten"},"schema":{"@context":"https:\/\/schema.org","@graph":[{"@type":"WebPage","@id":"https:\/\/www.prokol.com\/de\/was-ist-hotspray\/verarbeiter\/","url":"https:\/\/www.prokol.com\/de\/was-ist-hotspray\/verarbeiter\/","name":"Verarbeiter - Prokol Protective Coatings","isPartOf":{"@id":"https:\/\/www.prokol.com\/de\/#website"},"datePublished":"2022-04-01T13:02:39+00:00","dateModified":"2023-04-19T10:49:17+00:00","breadcrumb":{"@id":"https:\/\/www.prokol.com\/de\/was-ist-hotspray\/verarbeiter\/#breadcrumb"},"inLanguage":"de","potentialAction":[{"@type":"ReadAction","target":["https:\/\/www.prokol.com\/de\/was-ist-hotspray\/verarbeiter\/"]}]},{"@type":"BreadcrumbList","@id":"https:\/\/www.prokol.com\/de\/was-ist-hotspray\/verarbeiter\/#breadcrumb","itemListElement":[{"@type":"ListItem","position":1,"name":"Home","item":"https:\/\/www.prokol.com\/de\/prokol-home-de\/"},{"@type":"ListItem","position":2,"name":"Was ist Hotspray?","item":"https:\/\/www.prokol.com\/de\/was-ist-hotspray\/"},{"@type":"ListItem","position":3,"name":"Verarbeiter"}]},{"@type":"WebSite","@id":"https:\/\/www.prokol.com\/de\/#website","url":"https:\/\/www.prokol.com\/de\/","name":"Prokol Protective Coatings","description":"POLYUREA HOTSPRAY, GIETVLOEREN EN PARKEERGARAGE COATINGS, VLOEIBARE NAADLOZE KUNSTSTOFFEN","potentialAction":[{"@type":"SearchAction","target":{"@type":"EntryPoint","urlTemplate":"https:\/\/www.prokol.com\/de\/?s={search_term_string}"},"query-input":{"@type":"PropertyValueSpecification","valueRequired":true,"valueName":"search_term_string"}}],"inLanguage":"de"}]}},"_links":{"self":[{"href":"https:\/\/www.prokol.com\/de\/wp-json\/wp\/v2\/pages\/19234","targetHints":{"allow":["GET"]}}],"collection":[{"href":"https:\/\/www.prokol.com\/de\/wp-json\/wp\/v2\/pages"}],"about":[{"href":"https:\/\/www.prokol.com\/de\/wp-json\/wp\/v2\/types\/page"}],"author":[{"embeddable":true,"href":"https:\/\/www.prokol.com\/de\/wp-json\/wp\/v2\/users\/3"}],"replies":[{"embeddable":true,"href":"https:\/\/www.prokol.com\/de\/wp-json\/wp\/v2\/comments?post=19234"}],"version-history":[{"count":4,"href":"https:\/\/www.prokol.com\/de\/wp-json\/wp\/v2\/pages\/19234\/revisions"}],"predecessor-version":[{"id":19238,"href":"https:\/\/www.prokol.com\/de\/wp-json\/wp\/v2\/pages\/19234\/revisions\/19238"}],"up":[{"embeddable":true,"href":"https:\/\/www.prokol.com\/de\/wp-json\/wp\/v2\/pages\/19223"}],"wp:attachment":[{"href":"https:\/\/www.prokol.com\/de\/wp-json\/wp\/v2\/media?parent=19234"}],"wp:term":[{"taxonomy":"post_tag","embeddable":true,"href":"https:\/\/www.prokol.com\/de\/wp-json\/wp\/v2\/tags?post=19234"}],"curies":[{"name":"wp","href":"https:\/\/api.w.org\/{rel}","templated":true}]}}