{"id":19240,"date":"2022-04-01T15:38:48","date_gmt":"2022-04-01T13:38:48","guid":{"rendered":"https:\/\/www.prokol.com\/systemblaetter\/"},"modified":"2024-10-31T13:11:37","modified_gmt":"2024-10-31T12:11:37","slug":"systemblaetter","status":"publish","type":"page","link":"https:\/\/www.prokol.com\/de\/systemblaetter\/","title":{"rendered":"Systembl\u00e4tter"},"content":{"rendered":"\n<style type=\"text\/css\" data-created_by=\"avia_inline_auto\" id=\"style-css-av-av_section-b9634910e83e6ea7e441881c1f7a75bd\">\n.avia-section.av-av_section-b9634910e83e6ea7e441881c1f7a75bd{\nbackground-color:#df4c23;\nbackground-image:unset;\n}\n.avia-section.av-av_section-b9634910e83e6ea7e441881c1f7a75bd .av-section-color-overlay{\nopacity:1;\nbackground-image:url(https:\/\/www.prokol.com\/wp-content\/uploads\/Overlay_grijs-1.png);\nbackground-repeat:repeat;\n}\n<\/style>\n<div id='av_section_1'  class='avia-section av-av_section-b9634910e83e6ea7e441881c1f7a75bd main_color avia-section-default avia-no-border-styling  avia-builder-el-0  el_before_av_three_fifth  avia-builder-el-first  avia-bg-style-fixed av-section-color-overlay-active av-minimum-height av-minimum-height-custom av-height-custom  container_wrap fullsize'   data-av_minimum_height_px='100'><div class=\"av-section-color-overlay-wrap\"><div class=\"av-section-color-overlay\"><\/div><div class='container av-section-cont-open' style='height:100px'><main  role=\"main\" itemprop=\"mainContentOfPage\"  class='template-page content  av-content-full alpha units'><div class='post-entry post-entry-type-page post-entry-19240'><div class='entry-content-wrapper clearfix'>\n\n<style type=\"text\/css\" data-created_by=\"avia_inline_auto\" id=\"style-css-av-av_hr-9b2b121a99ffa8714603556ad5fb033e\">\n#top .hr.av-av_hr-9b2b121a99ffa8714603556ad5fb033e{\nmargin-top:30px;\nmargin-bottom:0px;\n}\n.hr.av-av_hr-9b2b121a99ffa8714603556ad5fb033e .hr-inner{\nwidth:20px;\nborder-color:#df4c23;\n}\n<\/style>\n<div  class='hr av-av_hr-9b2b121a99ffa8714603556ad5fb033e hr-custom  avia-builder-el-1  el_before_av_heading  avia-builder-el-first  hr-left hr-icon-no'><span class='hr-inner inner-border-av-border-fat'><span class=\"hr-inner-style\"><\/span><\/span><\/div>\n\n<style type=\"text\/css\" data-created_by=\"avia_inline_auto\" id=\"style-css-av-lhrjaxcq-089ca654620368e388fe99777c6d9578\">\n#top .av-special-heading.av-lhrjaxcq-089ca654620368e388fe99777c6d9578{\npadding-bottom:10px;\ncolor:#ffffff;\n}\nbody .av-special-heading.av-lhrjaxcq-089ca654620368e388fe99777c6d9578 .av-special-heading-tag .heading-char{\nfont-size:25px;\n}\n.av-special-heading.av-lhrjaxcq-089ca654620368e388fe99777c6d9578 .special-heading-inner-border{\nborder-color:#ffffff;\n}\n.av-special-heading.av-lhrjaxcq-089ca654620368e388fe99777c6d9578 .av-subheading{\nfont-size:15px;\n}\n<\/style>\n<div  class='av-special-heading av-lhrjaxcq-089ca654620368e388fe99777c6d9578 av-special-heading-h1 custom-color-heading blockquote modern-quote  avia-builder-el-2  el_after_av_hr  avia-builder-el-last  av-linked-heading'><h1 class='av-special-heading-tag'  itemprop=\"headline\"  >Systembl\u00e4tter<\/h1><div class=\"special-heading-border\"><div class=\"special-heading-inner-border\"><\/div><\/div><\/div>\n<\/div><\/div><\/main><!-- close content main element --><\/div><\/div><\/div><div id='after_section_1'  class='main_color av_default_container_wrap container_wrap fullsize'  ><div class='container av-section-cont-open' ><div class='template-page content  av-content-full alpha units'><div class='post-entry post-entry-type-page post-entry-19240'><div class='entry-content-wrapper clearfix'>\n\n<style type=\"text\/css\" data-created_by=\"avia_inline_auto\" id=\"style-css-av-1cdjbo4-727d7553ce9a44c6bdfdf31e4dc4bc9d\">\n.flex_column.av-1cdjbo4-727d7553ce9a44c6bdfdf31e4dc4bc9d{\nborder-radius:0px 0px 0px 0px;\npadding:0px 0px 0px 0px;\n}\n<\/style>\n<div  class='flex_column av-1cdjbo4-727d7553ce9a44c6bdfdf31e4dc4bc9d av_three_fifth  avia-builder-el-3  el_after_av_section  el_before_av_one_fourth  avia-builder-el-first  first flex_column_div av-zero-column-padding  '     ><section  class='av_textblock_section av-kpwja3fu-66231dd03dd626be79edb6686121ece5 '   itemscope=\"itemscope\" itemtype=\"https:\/\/schema.org\/CreativeWork\" ><div class='avia_textblock'  itemprop=\"text\" ><h5>Finden Sie das richtige System f\u00fcr Ihr Projekt!<\/h5>\n<p>Prokol-Produkte werden (in der Regel) nicht einzeln verwendet, sondern sind Teil eines Systems, das speziell f\u00fcr eine bestimmte Anwendung entwickelt wurde. Jede Situation erfordert eine andere Auswahl und die Struktur des Systems ist f\u00fcr die Qualit\u00e4t des Endergebnisses entscheidend. Auf dieser Seite k\u00f6nnen Sie eine Auswahl treffen, die Ihren Anforderungen und Ihrem Projekt entspricht. W\u00e4hlen Sie ein System aus, um dessen genaue Eigenschaften, Materialien und Systemstruktur zu sehen. Wenn Sie die von Ihnen gew\u00fcnschte L\u00f6sung nicht finden k\u00f6nnen oder wenn Ihr Projekt andere Spezifikationen hat, nehmen Sie Kontakt zu uns auf. Kontaktieren Sie uns, um mehr \u00fcber die M\u00f6glichkeiten zu erfahren, oder f\u00fcr ein ma\u00dfgeschneidertes System.<\/p>\n<\/div><\/section><\/div>\n\n<style type=\"text\/css\" data-created_by=\"avia_inline_auto\" id=\"style-css-av-mw07as-df95c5f531dbfae84db7240e75dfb80f\">\n.flex_column.av-mw07as-df95c5f531dbfae84db7240e75dfb80f{\nborder-radius:0px 0px 0px 0px;\npadding:0px 0px 0px 0px;\n}\n<\/style>\n<div  class='flex_column av-mw07as-df95c5f531dbfae84db7240e75dfb80f av_one_fourth  avia-builder-el-5  el_after_av_three_fifth  el_before_av_hr  flex_column_div av-zero-column-padding  '     ><section  class='av_textblock_section av-kpwjauyg-be1d6f54d6aa9c5e970dc9ad13a5a6f7 '   itemscope=\"itemscope\" itemtype=\"https:\/\/schema.org\/CreativeWork\" ><div class='avia_textblock'  itemprop=\"text\" ><h5>Filter<\/h5>\n<p>W\u00e4hlen Sie unten Ihre Anforderungen oder die Spezifikationen f\u00fcr Ihr Projekt aus. Bitte beachten Sie: Sie sind nicht verpflichtet, f\u00fcr jede Kategorie eine Auswahl zu treffen. Die Auswahl einer Anwendung, eines Merkmals oder einer Materialart ist m\u00f6glich.<\/p>\n<\/div><\/section><\/div>\n<div  class='hr av-qt1sic-0a9c4c04694952c54978b2189b4d4c7e hr-default  avia-builder-el-7  el_after_av_one_fourth  el_before_av_three_fifth '><span class='hr-inner '><span class=\"hr-inner-style\"><\/span><\/span><\/div>\n\n<style type=\"text\/css\" data-created_by=\"avia_inline_auto\" id=\"style-css-av-vody5w-220967a1542990b5df7fa90a6c5885f9\">\n.flex_column.av-vody5w-220967a1542990b5df7fa90a6c5885f9{\nborder-radius:0px 0px 0px 0px;\npadding:0px 0px 0px 0px;\n}\n<\/style>\n<div  class='flex_column av-vody5w-220967a1542990b5df7fa90a6c5885f9 av_three_fifth  avia-builder-el-8  el_after_av_hr  el_before_av_two_fifth  first flex_column_div av-zero-column-padding  '     ><section  class='av_textblock_section av-kp6ug6ai-0741c07f15d790c1dd6c6c222b3b40a8 '   itemscope=\"itemscope\" itemtype=\"https:\/\/schema.org\/CreativeWork\" ><div class='avia_textblock'  itemprop=\"text\" >\n<\/div><\/section><\/div>\n<style type=\"text\/css\" data-created_by=\"avia_inline_auto\" id=\"style-css-av-syquyc-e139865ff8cd657f35d44ba31d61d03c\">\n.flex_column.av-syquyc-e139865ff8cd657f35d44ba31d61d03c{\nborder-radius:0px 0px 0px 0px;\npadding:0px 0px 0px 0px;\n}\n<\/style>\n<div  class='flex_column av-syquyc-e139865ff8cd657f35d44ba31d61d03c av_two_fifth  avia-builder-el-10  el_after_av_three_fifth  avia-builder-el-last  flex_column_div av-zero-column-padding  '     ><section  class='av_textblock_section av-ssyydw-f1b2b27d924483ca1d27a842441678b9 '   itemscope=\"itemscope\" itemtype=\"https:\/\/schema.org\/CreativeWork\" ><div class='avia_textblock'  itemprop=\"text\" ><form id=\"prokol_filter_form\" method=\"get\">\n    <select  name='material' id='material' class='postform'>\n\t<option value='' selected='selected'>W\u00e4hlen Sie ein Material<\/option>\n\t<option class=\"level-0\" value=\"407\">Epoxid<\/option>\n\t<option class=\"level-0\" value=\"408\">Polyurea<\/option>\n\t<option class=\"level-0\" value=\"409\">Polyurethan<\/option>\n\t<option class=\"level-0\" value=\"518\">Silikon<\/option>\n<\/select>\n<select  name='app' id='app' class='postform'>\n\t<option value='' selected='selected'>W\u00e4hlen Sie eine Anwendung aus<\/option>\n\t<option class=\"level-0\" value=\"434\">Abstellr\u00e4ume<\/option>\n\t<option class=\"level-0\" value=\"449\">Autowaschanlage<\/option>\n\t<option class=\"level-0\" value=\"410\">B\u00e4ckerei- und Metzgerei<\/option>\n\t<option class=\"level-0\" value=\"421\">Balkon, Terrasse &amp; Galerie<\/option>\n\t<option class=\"level-0\" value=\"411\">Biogasanlagen<\/option>\n\t<option class=\"level-0\" value=\"430\">BLOB-Architektur<\/option>\n\t<option class=\"level-0\" value=\"433\">Br\u00fccken und Viadukte<\/option>\n\t<option class=\"level-0\" value=\"436\">Bunker und Munitionsdepots<\/option>\n\t<option class=\"level-0\" value=\"412\">Chemische Industrie<\/option>\n\t<option class=\"level-0\" value=\"422\">D\u00e4cher und Dachg\u00e4rten<\/option>\n\t<option class=\"level-0\" value=\"413\">Druckereib\u00f6den<\/option>\n\t<option class=\"level-0\" value=\"438\">Elektrisch leitf\u00e4hige B\u00f6den<\/option>\n\t<option class=\"level-0\" value=\"414\">Energie<\/option>\n\t<option class=\"level-0\" value=\"437\">Freizeit- und Unterhaltungssektor<\/option>\n\t<option class=\"level-0\" value=\"431\">Fu\u00dfb\u00f6den<\/option>\n\t<option class=\"level-0\" value=\"429\">Hausflure<\/option>\n\t<option class=\"level-0\" value=\"419\">K\u00fchlh\u00e4user und Gefrierr\u00e4ume<\/option>\n\t<option class=\"level-0\" value=\"439\">Laboratorien<\/option>\n\t<option class=\"level-0\" value=\"446\">Lebensmittelindustrie<\/option>\n\t<option class=\"level-0\" value=\"432\">Maritim<\/option>\n\t<option class=\"level-0\" value=\"415\">Metallindustrie<\/option>\n\t<option class=\"level-0\" value=\"424\">\u00d6ffentliche Geb\u00e4ude<\/option>\n\t<option class=\"level-0\" value=\"416\">Papier- und Kartonindustrie<\/option>\n\t<option class=\"level-0\" value=\"425\">Parkh\u00e4user<\/option>\n\t<option class=\"level-0\" value=\"417\">Petrochemische Industrie<\/option>\n\t<option class=\"level-0\" value=\"447\">Promenaden<\/option>\n\t<option class=\"level-0\" value=\"440\">Reinr\u00e4ume<\/option>\n\t<option class=\"level-0\" value=\"441\">Restaurants und Kantinen<\/option>\n\t<option class=\"level-0\" value=\"443\">Schaur\u00e4ume<\/option>\n\t<option class=\"level-0\" value=\"442\">Schulen<\/option>\n\t<option class=\"level-0\" value=\"423\">Schwimmende Strukturen<\/option>\n\t<option class=\"level-0\" value=\"494\">Tanks<\/option>\n\t<option class=\"level-0\" value=\"426\">Technische R\u00e4ume<\/option>\n\t<option class=\"level-0\" value=\"444\">Terrassen<\/option>\n\t<option class=\"level-0\" value=\"523\">Thermische Speicherung<\/option>\n\t<option class=\"level-0\" value=\"428\">Transport<\/option>\n\t<option class=\"level-0\" value=\"427\">Treppenh\u00e4user<\/option>\n\t<option class=\"level-0\" value=\"445\">Trib\u00fcne<\/option>\n\t<option class=\"level-0\" value=\"418\">Trinkwasser und Abwasser<\/option>\n\t<option class=\"level-0\" value=\"435\">Tunnelausbau<\/option>\n\t<option class=\"level-0\" value=\"420\">Vertriebszentren<\/option>\n\t<option class=\"level-0\" value=\"448\">Werkst\u00e4tten<\/option>\n<\/select>\n<ul class=\"prokol-filter-checkbox\">\n<li id='in-eigenschap-406-1'><label class=\"selectit\"><input value=\"406\" type=\"checkbox\" name=\"tax_input[eigenschap][]\" id=\"in-eigenschap-406-2\"  \/> Abriebfest<\/label><\/li>\n\n<li id='in-eigenschap-387-1' class=\"popular-category\"><label class=\"selectit\"><input value=\"387\" type=\"checkbox\" name=\"tax_input[eigenschap][]\" id=\"in-eigenschap-387-2\"  \/> Anti-Rutsch<\/label><\/li>\n\n<li id='in-eigenschap-388-1'><label class=\"selectit\"><input value=\"388\" type=\"checkbox\" name=\"tax_input[eigenschap][]\" id=\"in-eigenschap-388-2\"  \/> Chemikalienresistenz<\/label><\/li>\n\n<li id='in-eigenschap-389-1'><label class=\"selectit\"><input value=\"389\" type=\"checkbox\" name=\"tax_input[eigenschap][]\" id=\"in-eigenschap-389-2\"  \/> Dampfoffen<\/label><\/li>\n\n<li id='in-eigenschap-390-1'><label class=\"selectit\"><input value=\"390\" type=\"checkbox\" name=\"tax_input[eigenschap][]\" id=\"in-eigenschap-390-2\"  \/> Dekorativ<\/label><\/li>\n\n<li id='in-eigenschap-391-1'><label class=\"selectit\"><input value=\"391\" type=\"checkbox\" name=\"tax_input[eigenschap][]\" id=\"in-eigenschap-391-2\"  \/> Elastisch<\/label><\/li>\n\n<li id='in-eigenschap-452-1' class=\"popular-category\"><label class=\"selectit\"><input value=\"452\" type=\"checkbox\" name=\"tax_input[eigenschap][]\" id=\"in-eigenschap-452-2\"  \/> Fl\u00fcssigkeitsdicht<\/label><\/li>\n\n<li id='in-eigenschap-393-1'><label class=\"selectit\"><input value=\"393\" type=\"checkbox\" name=\"tax_input[eigenschap][]\" id=\"in-eigenschap-393-2\"  \/> Glatte Oberfl\u00e4che<\/label><\/li>\n\n<li id='in-eigenschap-394-1' class=\"popular-category\"><label class=\"selectit\"><input value=\"394\" type=\"checkbox\" name=\"tax_input[eigenschap][]\" id=\"in-eigenschap-394-2\"  \/> Gute Reinigungseigenschaften<\/label><\/li>\n\n<li id='in-eigenschap-395-1' class=\"popular-category\"><label class=\"selectit\"><input value=\"395\" type=\"checkbox\" name=\"tax_input[eigenschap][]\" id=\"in-eigenschap-395-2\"  \/> HACCP<\/label><\/li>\n\n<li id='in-eigenschap-396-1'><label class=\"selectit\"><input value=\"396\" type=\"checkbox\" name=\"tax_input[eigenschap][]\" id=\"in-eigenschap-396-2\"  \/> Hitzetolerant<\/label><\/li>\n\n<li id='in-eigenschap-397-1' class=\"popular-category\"><label class=\"selectit\"><input value=\"397\" type=\"checkbox\" name=\"tax_input[eigenschap][]\" id=\"in-eigenschap-397-2\"  \/> Hygienisch<\/label><\/li>\n\n<li id='in-eigenschap-398-1' class=\"popular-category\"><label class=\"selectit\"><input value=\"398\" type=\"checkbox\" name=\"tax_input[eigenschap][]\" id=\"in-eigenschap-398-2\"  \/> Kann mechanisch belastet werden<\/label><\/li>\n\n<li id='in-eigenschap-493-1'><label class=\"selectit\"><input value=\"493\" type=\"checkbox\" name=\"tax_input[eigenschap][]\" id=\"in-eigenschap-493-2\"  \/> L\u00f6sungsmittelfrei<\/label><\/li>\n\n<li id='in-eigenschap-399-1' class=\"popular-category\"><label class=\"selectit\"><input value=\"399\" type=\"checkbox\" name=\"tax_input[eigenschap][]\" id=\"in-eigenschap-399-2\"  \/> Nahtlos<\/label><\/li>\n\n<li id='in-eigenschap-400-1' class=\"popular-category\"><label class=\"selectit\"><input value=\"400\" type=\"checkbox\" name=\"tax_input[eigenschap][]\" id=\"in-eigenschap-400-2\"  \/> \u00d6l- und fettbest\u00e4ndig<\/label><\/li>\n\n<li id='in-eigenschap-524-1'><label class=\"selectit\"><input value=\"524\" type=\"checkbox\" name=\"tax_input[eigenschap][]\" id=\"in-eigenschap-524-2\"  \/> Reflektierend<\/label><\/li>\n\n<li id='in-eigenschap-402-1'><label class=\"selectit\"><input value=\"402\" type=\"checkbox\" name=\"tax_input[eigenschap][]\" id=\"in-eigenschap-402-2\"  \/> Riss\u00fcberbr\u00fcckend<\/label><\/li>\n\n<li id='in-eigenschap-404-1'><label class=\"selectit\"><input value=\"404\" type=\"checkbox\" name=\"tax_input[eigenschap][]\" id=\"in-eigenschap-404-2\"  \/> Schlagfest<\/label><\/li>\n\n<li id='in-eigenschap-401-1'><label class=\"selectit\"><input value=\"401\" type=\"checkbox\" name=\"tax_input[eigenschap][]\" id=\"in-eigenschap-401-2\"  \/> Schleifbarkeit<\/label><\/li>\n\n<li id='in-eigenschap-403-1'><label class=\"selectit\"><input value=\"403\" type=\"checkbox\" name=\"tax_input[eigenschap][]\" id=\"in-eigenschap-403-2\"  \/> Schnellh\u00e4rtend<\/label><\/li>\n\n<li id='in-eigenschap-450-1' class=\"popular-category\"><label class=\"selectit\"><input value=\"450\" type=\"checkbox\" name=\"tax_input[eigenschap][]\" id=\"in-eigenschap-450-2\"  \/> Sicher<\/label><\/li>\n\n<li id='in-eigenschap-392-1'><label class=\"selectit\"><input value=\"392\" type=\"checkbox\" name=\"tax_input[eigenschap][]\" id=\"in-eigenschap-392-2\"  \/> Sschalldicht<\/label><\/li>\n\n<li id='in-eigenschap-405-1' class=\"popular-category\"><label class=\"selectit\"><input value=\"405\" type=\"checkbox\" name=\"tax_input[eigenschap][]\" id=\"in-eigenschap-405-2\"  \/> Staubfrei<\/label><\/li>\n\n<li id='in-eigenschap-463-1'><label class=\"selectit\"><input value=\"463\" type=\"checkbox\" name=\"tax_input[eigenschap][]\" id=\"in-eigenschap-463-2\"  \/> Strapazierf\u00e4hig<\/label><\/li>\n\n<li id='in-eigenschap-451-1'><label class=\"selectit\"><input value=\"451\" type=\"checkbox\" name=\"tax_input[eigenschap][]\" id=\"in-eigenschap-451-2\"  \/> UV-best\u00e4ndig\/farbecht<\/label><\/li>\n\n<li id='in-eigenschap-462-1'><label class=\"selectit\"><input value=\"462\" type=\"checkbox\" name=\"tax_input[eigenschap][]\" id=\"in-eigenschap-462-2\"  \/> Wasserfest<\/label><\/li>\n\n<li id='in-eigenschap-464-1'><label class=\"selectit\"><input value=\"464\" type=\"checkbox\" name=\"tax_input[eigenschap][]\" id=\"in-eigenschap-464-2\"  \/> Z\u00e4h-elastische<\/label><\/li>\n<\/ul>    <input type=\"hidden\" name=\"search\">\n\n<\/form>\n\n<\/div><\/section><\/div><\/p>\n","protected":false},"excerpt":{"rendered":"","protected":false},"author":10,"featured_media":0,"parent":0,"menu_order":0,"comment_status":"closed","ping_status":"closed","template":"","meta":{"inline_featured_image":false,"footnotes":""},"tags":[],"class_list":["post-19240","page","type-page","status-publish","hentry"],"yoast_head":"<!-- This site is optimized with the Yoast SEO plugin v27.2 - https:\/\/yoast.com\/product\/yoast-seo-wordpress\/ -->\n<title>Systembl\u00e4tter - Prokol Protective Coatings<\/title>\n<meta name=\"robots\" content=\"index, follow, max-snippet:-1, max-image-preview:large, max-video-preview:-1\" \/>\n<link rel=\"canonical\" href=\"https:\/\/www.prokol.com\/de\/systemblaetter\/\" \/>\n<meta property=\"og:locale\" content=\"de_DE\" \/>\n<meta property=\"og:type\" content=\"article\" \/>\n<meta property=\"og:title\" content=\"Systembl\u00e4tter - Prokol Protective Coatings\" \/>\n<meta property=\"og:url\" content=\"https:\/\/www.prokol.com\/de\/systemblaetter\/\" \/>\n<meta property=\"og:site_name\" content=\"Prokol Protective Coatings\" \/>\n<meta property=\"article:modified_time\" content=\"2024-10-31T12:11:37+00:00\" \/>\n<meta name=\"twitter:card\" content=\"summary_large_image\" \/>\n<meta name=\"twitter:label1\" content=\"Gesch\u00e4tzte Lesezeit\" \/>\n\t<meta name=\"twitter:data1\" content=\"6\u00a0Minuten\" \/>\n<script type=\"application\/ld+json\" class=\"yoast-schema-graph\">{\"@context\":\"https:\/\/schema.org\",\"@graph\":[{\"@type\":\"WebPage\",\"@id\":\"https:\/\/www.prokol.com\/de\/systemblaetter\/\",\"url\":\"https:\/\/www.prokol.com\/de\/systemblaetter\/\",\"name\":\"Systembl\u00e4tter - Prokol Protective Coatings\",\"isPartOf\":{\"@id\":\"https:\/\/www.prokol.com\/de\/#website\"},\"datePublished\":\"2022-04-01T13:38:48+00:00\",\"dateModified\":\"2024-10-31T12:11:37+00:00\",\"breadcrumb\":{\"@id\":\"https:\/\/www.prokol.com\/de\/systemblaetter\/#breadcrumb\"},\"inLanguage\":\"de\",\"potentialAction\":[{\"@type\":\"ReadAction\",\"target\":[\"https:\/\/www.prokol.com\/de\/systemblaetter\/\"]}]},{\"@type\":\"BreadcrumbList\",\"@id\":\"https:\/\/www.prokol.com\/de\/systemblaetter\/#breadcrumb\",\"itemListElement\":[{\"@type\":\"ListItem\",\"position\":1,\"name\":\"Home\",\"item\":\"https:\/\/www.prokol.com\/de\/prokol-home-de\/\"},{\"@type\":\"ListItem\",\"position\":2,\"name\":\"Systembl\u00e4tter\"}]},{\"@type\":\"WebSite\",\"@id\":\"https:\/\/www.prokol.com\/de\/#website\",\"url\":\"https:\/\/www.prokol.com\/de\/\",\"name\":\"Prokol Protective Coatings\",\"description\":\"POLYUREA HOTSPRAY, GIETVLOEREN EN PARKEERGARAGE COATINGS, VLOEIBARE NAADLOZE KUNSTSTOFFEN\",\"potentialAction\":[{\"@type\":\"SearchAction\",\"target\":{\"@type\":\"EntryPoint\",\"urlTemplate\":\"https:\/\/www.prokol.com\/de\/?s={search_term_string}\"},\"query-input\":{\"@type\":\"PropertyValueSpecification\",\"valueRequired\":true,\"valueName\":\"search_term_string\"}}],\"inLanguage\":\"de\"}]}<\/script>\n<!-- \/ Yoast SEO plugin. -->","yoast_head_json":{"title":"Systembl\u00e4tter - Prokol Protective Coatings","robots":{"index":"index","follow":"follow","max-snippet":"max-snippet:-1","max-image-preview":"max-image-preview:large","max-video-preview":"max-video-preview:-1"},"canonical":"https:\/\/www.prokol.com\/de\/systemblaetter\/","og_locale":"de_DE","og_type":"article","og_title":"Systembl\u00e4tter - Prokol Protective Coatings","og_url":"https:\/\/www.prokol.com\/de\/systemblaetter\/","og_site_name":"Prokol Protective Coatings","article_modified_time":"2024-10-31T12:11:37+00:00","twitter_card":"summary_large_image","twitter_misc":{"Gesch\u00e4tzte Lesezeit":"6\u00a0Minuten"},"schema":{"@context":"https:\/\/schema.org","@graph":[{"@type":"WebPage","@id":"https:\/\/www.prokol.com\/de\/systemblaetter\/","url":"https:\/\/www.prokol.com\/de\/systemblaetter\/","name":"Systembl\u00e4tter - Prokol Protective Coatings","isPartOf":{"@id":"https:\/\/www.prokol.com\/de\/#website"},"datePublished":"2022-04-01T13:38:48+00:00","dateModified":"2024-10-31T12:11:37+00:00","breadcrumb":{"@id":"https:\/\/www.prokol.com\/de\/systemblaetter\/#breadcrumb"},"inLanguage":"de","potentialAction":[{"@type":"ReadAction","target":["https:\/\/www.prokol.com\/de\/systemblaetter\/"]}]},{"@type":"BreadcrumbList","@id":"https:\/\/www.prokol.com\/de\/systemblaetter\/#breadcrumb","itemListElement":[{"@type":"ListItem","position":1,"name":"Home","item":"https:\/\/www.prokol.com\/de\/prokol-home-de\/"},{"@type":"ListItem","position":2,"name":"Systembl\u00e4tter"}]},{"@type":"WebSite","@id":"https:\/\/www.prokol.com\/de\/#website","url":"https:\/\/www.prokol.com\/de\/","name":"Prokol Protective Coatings","description":"POLYUREA HOTSPRAY, GIETVLOEREN EN PARKEERGARAGE COATINGS, VLOEIBARE NAADLOZE KUNSTSTOFFEN","potentialAction":[{"@type":"SearchAction","target":{"@type":"EntryPoint","urlTemplate":"https:\/\/www.prokol.com\/de\/?s={search_term_string}"},"query-input":{"@type":"PropertyValueSpecification","valueRequired":true,"valueName":"search_term_string"}}],"inLanguage":"de"}]}},"_links":{"self":[{"href":"https:\/\/www.prokol.com\/de\/wp-json\/wp\/v2\/pages\/19240","targetHints":{"allow":["GET"]}}],"collection":[{"href":"https:\/\/www.prokol.com\/de\/wp-json\/wp\/v2\/pages"}],"about":[{"href":"https:\/\/www.prokol.com\/de\/wp-json\/wp\/v2\/types\/page"}],"author":[{"embeddable":true,"href":"https:\/\/www.prokol.com\/de\/wp-json\/wp\/v2\/users\/10"}],"replies":[{"embeddable":true,"href":"https:\/\/www.prokol.com\/de\/wp-json\/wp\/v2\/comments?post=19240"}],"version-history":[{"count":6,"href":"https:\/\/www.prokol.com\/de\/wp-json\/wp\/v2\/pages\/19240\/revisions"}],"predecessor-version":[{"id":27283,"href":"https:\/\/www.prokol.com\/de\/wp-json\/wp\/v2\/pages\/19240\/revisions\/27283"}],"wp:attachment":[{"href":"https:\/\/www.prokol.com\/de\/wp-json\/wp\/v2\/media?parent=19240"}],"wp:term":[{"taxonomy":"post_tag","embeddable":true,"href":"https:\/\/www.prokol.com\/de\/wp-json\/wp\/v2\/tags?post=19240"}],"curies":[{"name":"wp","href":"https:\/\/api.w.org\/{rel}","templated":true}]}}