{"id":19249,"date":"2022-04-01T15:48:17","date_gmt":"2022-04-01T13:48:17","guid":{"rendered":"https:\/\/www.prokol.com\/wer-sind-wir\/"},"modified":"2023-04-19T12:49:18","modified_gmt":"2023-04-19T10:49:18","slug":"wer-sind-wir","status":"publish","type":"page","link":"https:\/\/www.prokol.com\/de\/wer-sind-wir\/","title":{"rendered":"Wer sind wir?"},"content":{"rendered":"\n<style type=\"text\/css\" data-created_by=\"avia_inline_auto\" id=\"style-css-av-k41c35sm-3770b77f6b1340feea4950ac8746e532\">\n.avia-section.av-k41c35sm-3770b77f6b1340feea4950ac8746e532{\nbackground-color:#df4c23;\nbackground-image:unset;\n}\n.avia-section.av-k41c35sm-3770b77f6b1340feea4950ac8746e532 .av-section-color-overlay{\nopacity:1;\nbackground-image:url(https:\/\/www.prokol.com\/wp-content\/uploads\/Overlay_grijs-1.png);\nbackground-repeat:repeat;\n}\n<\/style>\n<div id='av_section_1'  class='avia-section av-k41c35sm-3770b77f6b1340feea4950ac8746e532 main_color avia-section-default avia-no-border-styling  avia-builder-el-0  el_before_av_two_third  avia-builder-el-first  avia-bg-style-fixed av-section-color-overlay-active av-minimum-height av-minimum-height-custom av-height-custom  container_wrap fullsize'   data-av_minimum_height_px='100'><div class=\"av-section-color-overlay-wrap\"><div class=\"av-section-color-overlay\"><\/div><div class='container av-section-cont-open' style='height:100px'><main  role=\"main\" itemprop=\"mainContentOfPage\"  class='template-page content  av-content-full alpha units'><div class='post-entry post-entry-type-page post-entry-19249'><div class='entry-content-wrapper clearfix'>\n\n<style type=\"text\/css\" data-created_by=\"avia_inline_auto\" id=\"style-css-av-k41b79dh-6fa2b98ba6d8a0b7923794e14ef0e248\">\n#top .hr.av-k41b79dh-6fa2b98ba6d8a0b7923794e14ef0e248{\nmargin-top:30px;\nmargin-bottom:0px;\n}\n.hr.av-k41b79dh-6fa2b98ba6d8a0b7923794e14ef0e248 .hr-inner{\nwidth:20px;\nborder-color:#df4c23;\n}\n<\/style>\n<div  class='hr av-k41b79dh-6fa2b98ba6d8a0b7923794e14ef0e248 hr-custom  avia-builder-el-1  el_before_av_heading  avia-builder-el-first  hr-left hr-icon-no'><span class='hr-inner inner-border-av-border-fat'><span class=\"hr-inner-style\"><\/span><\/span><\/div>\n\n<style type=\"text\/css\" data-created_by=\"avia_inline_auto\" id=\"style-css-av-knoiqnp1-129b9012947bfab29bb9dcced46e1d1a\">\n#top .av-special-heading.av-knoiqnp1-129b9012947bfab29bb9dcced46e1d1a{\npadding-bottom:10px;\ncolor:#ffffff;\n}\nbody .av-special-heading.av-knoiqnp1-129b9012947bfab29bb9dcced46e1d1a .av-special-heading-tag .heading-char{\nfont-size:25px;\n}\n.av-special-heading.av-knoiqnp1-129b9012947bfab29bb9dcced46e1d1a .special-heading-inner-border{\nborder-color:#ffffff;\n}\n.av-special-heading.av-knoiqnp1-129b9012947bfab29bb9dcced46e1d1a .av-subheading{\nfont-size:15px;\n}\n<\/style>\n<div  class='av-special-heading av-knoiqnp1-129b9012947bfab29bb9dcced46e1d1a av-special-heading-h1 custom-color-heading blockquote modern-quote  avia-builder-el-2  el_after_av_hr  avia-builder-el-last  av-linked-heading'><h1 class='av-special-heading-tag'  itemprop=\"headline\"  >Wer sind wir?<\/h1><div class=\"special-heading-border\"><div class=\"special-heading-inner-border\"><\/div><\/div><\/div>\n<\/div><\/div><\/main><!-- close content main element --><\/div><\/div><\/div><div id='after_section_1'  class='main_color av_default_container_wrap container_wrap fullsize'  ><div class='container av-section-cont-open' ><div class='template-page content  av-content-full alpha units'><div class='post-entry post-entry-type-page post-entry-19249'><div class='entry-content-wrapper clearfix'>\n\n<style type=\"text\/css\" data-created_by=\"avia_inline_auto\" id=\"style-css-av-b7xi0-89d18181f19fd3fe9ed05e00c3d05ae1\">\n.flex_column.av-b7xi0-89d18181f19fd3fe9ed05e00c3d05ae1{\nborder-radius:0px 0px 0px 0px;\npadding:0px 0px 0px 0px;\n}\n<\/style>\n<div  class='flex_column av-b7xi0-89d18181f19fd3fe9ed05e00c3d05ae1 av_two_third  avia-builder-el-3  el_after_av_section  el_before_av_one_third  avia-builder-el-first  first flex_column_div av-zero-column-padding  '     ><section  class='av_textblock_section av-ukww-eac23a452351f1c8688a751d6378fa9a '   itemscope=\"itemscope\" itemtype=\"https:\/\/schema.org\/CreativeWork\" ><div class='avia_textblock'  itemprop=\"text\" ><h5>Wir stehen f\u00fcr innovative L\u00f6sungen!<\/h5>\n<p>Wir bei Prokol entwickeln und produzieren seit mehr als 30 Jahren Fl\u00fcssigkunststoffe. Unsere Produkte werden f\u00fcr den Ausbau und den Schutz von Geb\u00e4uden und Bauwerken verwendet. In den vergangenen 15 Jahren haben wir uns zu einem echten Spezialisten auf dem Gebiet der Polyurea-Systeme entwickelt. Neben den sogenannten Hotspray-Systemen umfasst unsere Produktpalette auch von Hand verarbeitbare Produkte auf Basis von Polyurea, Epoxid, Polyurethan und mehreren Varianten davon.<\/p>\n<h5>Gemeinsam sind wir stark!<\/h5>\n<p>Bei Prokol wollen wir unseren Kunden nahe sein. Deshalb legen wir gro\u00dfen Wert darauf, dass unsere Mitarbeiter unsere Kunden verstehen, und setzen dazu vor allem Mitarbeiter mit Praxiserfahrung ein. Die Tatsache, dass wir auch mit beiden Beinen fest auf dem Boden stehen, bedeutet einen erheblichen Mehrwert f\u00fcr unsere Kunden.<\/p>\n<h5>Weltweites Netzwerk<\/h5>\n<p>Die Produkte von Prokol werden von unseren technischen Spezialisten in unseren Niederlassungen in den Niederlanden, im Vereinigten K\u00f6nigreich und in den Vereinigten Staaten empfohlen. Dar\u00fcber hinaus haben wir inzwischen kompetente Partner in mehr als 30 L\u00e4ndern. Infolgedessen finden unsere Produkte nun ihren Weg durch einen gro\u00dfen Teil der Welt.<\/p>\n<h5>Experte<\/h5>\n<p>Nach 30 Jahren k\u00f6nnen wir bei Prokol mit Fug und Recht behaupten, dass wir wissen, was unsere Kunden bewegt. Wir wissen besser als jeder andere, dass jedes Problem eine andere L\u00f6sung erfordert. So erreichen wir das bestm\u00f6gliche Endergebnis f\u00fcr alle Beteiligten. Auf unserer Website geben wir Ihnen einen Eindruck von den M\u00f6glichkeiten. Wir schreiben bewusst \u201eEindruck\u201c, denn es ist unm\u00f6glich, alle L\u00f6sungen online zu pr\u00e4sentieren. Wir ziehen es vor, mit Ihnen zu sprechen und uns die Herausforderung, die Sie f\u00fcr uns haben, anzuh\u00f6ren.<\/p>\n<p>Wenn Sie Fragen haben, z\u00f6gern Sie nicht, uns zu kontaktieren. Rufen Sie +31 (0)85-78 200 20 an oder senden Sie eine E-Mail an info@prokol.nl.<\/p>\n<p><strong>Jan-Willem Koolen &amp; Ron Koolen\u00a0<\/strong><\/p>\n<\/div><\/section><\/div>\n<style type=\"text\/css\" data-created_by=\"avia_inline_auto\" id=\"style-css-av-4xle-db5ceb747b0478fb04d5e11f6fcbade2\">\n.flex_column.av-4xle-db5ceb747b0478fb04d5e11f6fcbade2{\nborder-radius:0px 0px 0px 0px;\npadding:0px 0px 0px 0px;\n}\n<\/style>\n<div  class='flex_column av-4xle-db5ceb747b0478fb04d5e11f6fcbade2 av_one_third  avia-builder-el-5  el_after_av_two_third  el_before_av_hr  flex_column_div av-zero-column-padding  '     ><p>\n<style type=\"text\/css\" data-created_by=\"avia_inline_auto\" id=\"style-css-av-kee98akr-67738aa4f206d2f1f25469462d19fdf2\">\n.av_font_icon.av-kee98akr-67738aa4f206d2f1f25469462d19fdf2{\ncolor:#000000;\nborder-color:#000000;\n}\n.av_font_icon.av-kee98akr-67738aa4f206d2f1f25469462d19fdf2 .av-icon-char{\nfont-size:90px;\nline-height:90px;\n}\n<\/style>\n<span  class='av_font_icon av-kee98akr-67738aa4f206d2f1f25469462d19fdf2 avia_animate_when_visible av-icon-style- avia-icon-pos-center avia-icon-animate'><span class='av-icon-char' aria-hidden='true' data-av_icon='\ue8b7' data-av_iconfont='entypo-fontello' ><\/span><\/span><br \/>\n\n<style type=\"text\/css\" data-created_by=\"avia_inline_auto\" id=\"style-css-av-kee9fjk6-25deade4a702a5cfc01982bd90b141d9\">\n#top .hr.hr-invisible.av-kee9fjk6-25deade4a702a5cfc01982bd90b141d9{\nheight:25px;\n}\n<\/style>\n<div  class='hr av-kee9fjk6-25deade4a702a5cfc01982bd90b141d9 hr-invisible  avia-builder-el-7  el_after_av_font_icon  el_before_av_animated_numbers '><span class='hr-inner '><span class=\"hr-inner-style\"><\/span><\/span><\/div><br \/>\n\n<style type=\"text\/css\" data-created_by=\"avia_inline_auto\" id=\"style-css-av-kee8uyr0-17407682a6b602728799a7ec9e759701\">\n#top .avia-animated-number.av-kee8uyr0-17407682a6b602728799a7ec9e759701 .avia-animated-number-title{\nfont-size:45px;\ncolor:#df4c23;\n}\n#top .avia-animated-number.av-kee8uyr0-17407682a6b602728799a7ec9e759701 .avia-animated-number-content{\nfont-size:28px;\n}\n<\/style>\n<div  class=\"avia-animated-number av-kee8uyr0-17407682a6b602728799a7ec9e759701 av-force-default-color avia_animate_when_visible  avia-builder-el-8  el_after_av_hr  el_before_av_textblock  avia-color-font-custom \" data-timer=\"3000\"><strong class=\"heading avia-animated-number-title\"><span class=\"avia-single-number __av-single-number\" data-number_format=\"\" data-number=\"3\" data-start_from=\"0\">3<\/span><\/strong><div class=\"avia-animated-number-content\"><\/div><\/div><br \/>\n<section  class='av_textblock_section av-kee9jjd2-67f8d496dfb00aa124b011be94f3de0c '   itemscope=\"itemscope\" itemtype=\"https:\/\/schema.org\/CreativeWork\" ><div class='avia_textblock'  itemprop=\"text\" ><p style=\"text-align: center;\">Prokol ist zu finden in den Niederlanden,<br \/>\ndas Vereinigte K\u00f6nigreich und<br \/>\nDie Vereinigten Staaten<\/p>\n<\/div><\/section><br \/>\n\n<style type=\"text\/css\" data-created_by=\"avia_inline_auto\" id=\"style-css-av-6eso-7e2842b2b70c94b5a8a04c8404a4533d\">\n#top .hr.hr-invisible.av-6eso-7e2842b2b70c94b5a8a04c8404a4533d{\nheight:30px;\n}\n<\/style>\n<div  class='hr av-6eso-7e2842b2b70c94b5a8a04c8404a4533d hr-invisible  avia-builder-el-10  el_after_av_textblock  el_before_av_font_icon '><span class='hr-inner '><span class=\"hr-inner-style\"><\/span><\/span><\/div><br \/>\n\n<style type=\"text\/css\" data-created_by=\"avia_inline_auto\" id=\"style-css-av-kee98akr-743b4a0f94c61e46ef2199a1843b29c6\">\n.av_font_icon.av-kee98akr-743b4a0f94c61e46ef2199a1843b29c6{\ncolor:#000000;\nborder-color:#000000;\n}\n.av_font_icon.av-kee98akr-743b4a0f94c61e46ef2199a1843b29c6 .av-icon-char{\nfont-size:90px;\nline-height:90px;\n}\n<\/style>\n<span  class='av_font_icon av-kee98akr-743b4a0f94c61e46ef2199a1843b29c6 avia_animate_when_visible av-icon-style- avia-icon-pos-center avia-icon-animate'><span class='av-icon-char' aria-hidden='true' data-av_icon='\ue80b' data-av_iconfont='entypo-fontello' ><\/span><\/span><br \/>\n\n<style type=\"text\/css\" data-created_by=\"avia_inline_auto\" id=\"style-css-av-6eso-7e2842b2b70c94b5a8a04c8404a4533d\">\n#top .hr.hr-invisible.av-6eso-7e2842b2b70c94b5a8a04c8404a4533d{\nheight:30px;\n}\n<\/style>\n<div  class='hr av-6eso-7e2842b2b70c94b5a8a04c8404a4533d hr-invisible  avia-builder-el-12  el_after_av_font_icon  el_before_av_animated_numbers '><span class='hr-inner '><span class=\"hr-inner-style\"><\/span><\/span><\/div><br \/>\n\n<style type=\"text\/css\" data-created_by=\"avia_inline_auto\" id=\"style-css-av-kee8uyr0-37decb40f58b63113cfe035f5e5690a5\">\n#top .avia-animated-number.av-kee8uyr0-37decb40f58b63113cfe035f5e5690a5 .avia-animated-number-title{\nfont-size:45px;\ncolor:#df4c23;\n}\n#top .avia-animated-number.av-kee8uyr0-37decb40f58b63113cfe035f5e5690a5 .avia-animated-number-content{\nfont-size:28px;\n}\n<\/style>\n<div  class=\"avia-animated-number av-kee8uyr0-37decb40f58b63113cfe035f5e5690a5 av-force-default-color avia_animate_when_visible  avia-builder-el-13  el_after_av_hr  el_before_av_textblock  avia-color-font-custom \" data-timer=\"3000\"><strong class=\"heading avia-animated-number-title\"><span class=\"avia-no-number\">Mehr als <\/span><span class=\"avia-single-number __av-single-number\" data-number_format=\"\" data-number=\"35\" data-start_from=\"0\">35<\/span><\/strong><div class=\"avia-animated-number-content\"><\/div><\/div><br \/>\n<section  class='av_textblock_section av-kee9jjd2-67f8d496dfb00aa124b011be94f3de0c '   itemscope=\"itemscope\" itemtype=\"https:\/\/schema.org\/CreativeWork\" ><div class='avia_textblock'  itemprop=\"text\" ><p style=\"text-align: center;\">Strategische Partner<br \/>\nweltweit<\/p>\n<\/div><\/section><br \/>\n\n<style type=\"text\/css\" data-created_by=\"avia_inline_auto\" id=\"style-css-av-6eso-7e2842b2b70c94b5a8a04c8404a4533d\">\n#top .hr.hr-invisible.av-6eso-7e2842b2b70c94b5a8a04c8404a4533d{\nheight:30px;\n}\n<\/style>\n<div  class='hr av-6eso-7e2842b2b70c94b5a8a04c8404a4533d hr-invisible  avia-builder-el-15  el_after_av_textblock  el_before_av_font_icon '><span class='hr-inner '><span class=\"hr-inner-style\"><\/span><\/span><\/div><br \/>\n\n<style type=\"text\/css\" data-created_by=\"avia_inline_auto\" id=\"style-css-av-kee98akr-4cadea15c097797cfc37605f86ee58a0\">\n.av_font_icon.av-kee98akr-4cadea15c097797cfc37605f86ee58a0{\ncolor:#000000;\nborder-color:#000000;\n}\n.av_font_icon.av-kee98akr-4cadea15c097797cfc37605f86ee58a0 .av-icon-char{\nfont-size:90px;\nline-height:90px;\n}\n<\/style>\n<span  class='av_font_icon av-kee98akr-4cadea15c097797cfc37605f86ee58a0 avia_animate_when_visible av-icon-style- avia-icon-pos-center avia-icon-animate'><span class='av-icon-char' aria-hidden='true' data-av_icon='\ue8cc' data-av_iconfont='entypo-fontello' ><\/span><\/span><br \/>\n\n<style type=\"text\/css\" data-created_by=\"avia_inline_auto\" id=\"style-css-av-6eso-7e2842b2b70c94b5a8a04c8404a4533d\">\n#top .hr.hr-invisible.av-6eso-7e2842b2b70c94b5a8a04c8404a4533d{\nheight:30px;\n}\n<\/style>\n<div  class='hr av-6eso-7e2842b2b70c94b5a8a04c8404a4533d hr-invisible  avia-builder-el-17  el_after_av_font_icon  el_before_av_animated_numbers '><span class='hr-inner '><span class=\"hr-inner-style\"><\/span><\/span><\/div><br \/>\n\n<style type=\"text\/css\" data-created_by=\"avia_inline_auto\" id=\"style-css-av-kee8uyr0-0c1e51e48023d5dfb0540db5ac813b97\">\n#top .avia-animated-number.av-kee8uyr0-0c1e51e48023d5dfb0540db5ac813b97 .avia-animated-number-title{\nfont-size:45px;\ncolor:#df4c23;\n}\n#top .avia-animated-number.av-kee8uyr0-0c1e51e48023d5dfb0540db5ac813b97 .avia-animated-number-content{\nfont-size:28px;\n}\n<\/style>\n<div  class=\"avia-animated-number av-kee8uyr0-0c1e51e48023d5dfb0540db5ac813b97 av-force-default-color avia_animate_when_visible  avia-builder-el-18  el_after_av_hr  el_before_av_textblock  avia-color-font-custom \" data-timer=\"3000\"><strong class=\"heading avia-animated-number-title\"><span class=\"avia-single-number __av-single-number\" data-number_format=\"\" data-number=\"7500000\" data-start_from=\"0\">7500000<\/span><\/strong><div class=\"avia-animated-number-content\"><\/div><\/div><br \/>\n<section  class='av_textblock_section av-kee9jjd2-67f8d496dfb00aa124b011be94f3de0c '   itemscope=\"itemscope\" itemtype=\"https:\/\/schema.org\/CreativeWork\" ><div class='avia_textblock'  itemprop=\"text\" ><p style=\"text-align: center;\">Quadratmeter Abdichtung<br \/>\nund endet<br \/>\nweltweit mit Prokol.-Produkten<\/p>\n<\/div><\/section><\/p><\/div><\/p>\n\n<style type=\"text\/css\" data-created_by=\"avia_inline_auto\" id=\"style-css-av-kieksmj9-67f56505a71066ca8eb2bf27f3d98009\">\n#top .hr.hr-invisible.av-kieksmj9-67f56505a71066ca8eb2bf27f3d98009{\nheight:50px;\n}\n<\/style>\n<div  class='hr av-kieksmj9-67f56505a71066ca8eb2bf27f3d98009 hr-invisible  avia-builder-el-20  el_after_av_one_third  avia-builder-el-last '><span class='hr-inner '><span class=\"hr-inner-style\"><\/span><\/span><\/div>\n","protected":false},"excerpt":{"rendered":"","protected":false},"author":1,"featured_media":0,"parent":0,"menu_order":0,"comment_status":"closed","ping_status":"closed","template":"","meta":{"inline_featured_image":false,"footnotes":""},"tags":[],"class_list":["post-19249","page","type-page","status-publish","hentry"],"yoast_head":"<!-- This site is optimized with the Yoast SEO plugin v27.2 - https:\/\/yoast.com\/product\/yoast-seo-wordpress\/ -->\n<title>Mehr \u00fcber Prokolo<\/title>\n<meta name=\"robots\" content=\"index, follow, max-snippet:-1, max-image-preview:large, max-video-preview:-1\" \/>\n<link rel=\"canonical\" href=\"https:\/\/www.prokol.com\/de\/wer-sind-wir\/\" \/>\n<meta property=\"og:locale\" content=\"de_DE\" \/>\n<meta property=\"og:type\" content=\"article\" \/>\n<meta property=\"og:title\" content=\"Mehr \u00fcber Prokolo\" \/>\n<meta property=\"og:url\" content=\"https:\/\/www.prokol.com\/de\/wer-sind-wir\/\" \/>\n<meta property=\"og:site_name\" content=\"Prokol Protective Coatings\" \/>\n<meta property=\"article:modified_time\" content=\"2023-04-19T10:49:18+00:00\" \/>\n<meta name=\"twitter:card\" content=\"summary_large_image\" \/>\n<meta name=\"twitter:label1\" content=\"Gesch\u00e4tzte Lesezeit\" \/>\n\t<meta name=\"twitter:data1\" content=\"9\u00a0Minuten\" \/>\n<script type=\"application\/ld+json\" class=\"yoast-schema-graph\">{\"@context\":\"https:\/\/schema.org\",\"@graph\":[{\"@type\":\"WebPage\",\"@id\":\"https:\/\/www.prokol.com\/de\/wer-sind-wir\/\",\"url\":\"https:\/\/www.prokol.com\/de\/wer-sind-wir\/\",\"name\":\"Mehr \u00fcber Prokolo\",\"isPartOf\":{\"@id\":\"https:\/\/www.prokol.com\/de\/#website\"},\"datePublished\":\"2022-04-01T13:48:17+00:00\",\"dateModified\":\"2023-04-19T10:49:18+00:00\",\"breadcrumb\":{\"@id\":\"https:\/\/www.prokol.com\/de\/wer-sind-wir\/#breadcrumb\"},\"inLanguage\":\"de\",\"potentialAction\":[{\"@type\":\"ReadAction\",\"target\":[\"https:\/\/www.prokol.com\/de\/wer-sind-wir\/\"]}]},{\"@type\":\"BreadcrumbList\",\"@id\":\"https:\/\/www.prokol.com\/de\/wer-sind-wir\/#breadcrumb\",\"itemListElement\":[{\"@type\":\"ListItem\",\"position\":1,\"name\":\"Home\",\"item\":\"https:\/\/www.prokol.com\/de\/prokol-home-de\/\"},{\"@type\":\"ListItem\",\"position\":2,\"name\":\"Wer sind wir?\"}]},{\"@type\":\"WebSite\",\"@id\":\"https:\/\/www.prokol.com\/de\/#website\",\"url\":\"https:\/\/www.prokol.com\/de\/\",\"name\":\"Prokol Protective Coatings\",\"description\":\"POLYUREA HOTSPRAY, GIETVLOEREN EN PARKEERGARAGE COATINGS, VLOEIBARE NAADLOZE KUNSTSTOFFEN\",\"potentialAction\":[{\"@type\":\"SearchAction\",\"target\":{\"@type\":\"EntryPoint\",\"urlTemplate\":\"https:\/\/www.prokol.com\/de\/?s={search_term_string}\"},\"query-input\":{\"@type\":\"PropertyValueSpecification\",\"valueRequired\":true,\"valueName\":\"search_term_string\"}}],\"inLanguage\":\"de\"}]}<\/script>\n<!-- \/ Yoast SEO plugin. -->","yoast_head_json":{"title":"Mehr \u00fcber Prokolo","robots":{"index":"index","follow":"follow","max-snippet":"max-snippet:-1","max-image-preview":"max-image-preview:large","max-video-preview":"max-video-preview:-1"},"canonical":"https:\/\/www.prokol.com\/de\/wer-sind-wir\/","og_locale":"de_DE","og_type":"article","og_title":"Mehr \u00fcber Prokolo","og_url":"https:\/\/www.prokol.com\/de\/wer-sind-wir\/","og_site_name":"Prokol Protective Coatings","article_modified_time":"2023-04-19T10:49:18+00:00","twitter_card":"summary_large_image","twitter_misc":{"Gesch\u00e4tzte Lesezeit":"9\u00a0Minuten"},"schema":{"@context":"https:\/\/schema.org","@graph":[{"@type":"WebPage","@id":"https:\/\/www.prokol.com\/de\/wer-sind-wir\/","url":"https:\/\/www.prokol.com\/de\/wer-sind-wir\/","name":"Mehr \u00fcber Prokolo","isPartOf":{"@id":"https:\/\/www.prokol.com\/de\/#website"},"datePublished":"2022-04-01T13:48:17+00:00","dateModified":"2023-04-19T10:49:18+00:00","breadcrumb":{"@id":"https:\/\/www.prokol.com\/de\/wer-sind-wir\/#breadcrumb"},"inLanguage":"de","potentialAction":[{"@type":"ReadAction","target":["https:\/\/www.prokol.com\/de\/wer-sind-wir\/"]}]},{"@type":"BreadcrumbList","@id":"https:\/\/www.prokol.com\/de\/wer-sind-wir\/#breadcrumb","itemListElement":[{"@type":"ListItem","position":1,"name":"Home","item":"https:\/\/www.prokol.com\/de\/prokol-home-de\/"},{"@type":"ListItem","position":2,"name":"Wer sind wir?"}]},{"@type":"WebSite","@id":"https:\/\/www.prokol.com\/de\/#website","url":"https:\/\/www.prokol.com\/de\/","name":"Prokol Protective Coatings","description":"POLYUREA HOTSPRAY, GIETVLOEREN EN PARKEERGARAGE COATINGS, VLOEIBARE NAADLOZE KUNSTSTOFFEN","potentialAction":[{"@type":"SearchAction","target":{"@type":"EntryPoint","urlTemplate":"https:\/\/www.prokol.com\/de\/?s={search_term_string}"},"query-input":{"@type":"PropertyValueSpecification","valueRequired":true,"valueName":"search_term_string"}}],"inLanguage":"de"}]}},"_links":{"self":[{"href":"https:\/\/www.prokol.com\/de\/wp-json\/wp\/v2\/pages\/19249","targetHints":{"allow":["GET"]}}],"collection":[{"href":"https:\/\/www.prokol.com\/de\/wp-json\/wp\/v2\/pages"}],"about":[{"href":"https:\/\/www.prokol.com\/de\/wp-json\/wp\/v2\/types\/page"}],"author":[{"embeddable":true,"href":"https:\/\/www.prokol.com\/de\/wp-json\/wp\/v2\/users\/1"}],"replies":[{"embeddable":true,"href":"https:\/\/www.prokol.com\/de\/wp-json\/wp\/v2\/comments?post=19249"}],"version-history":[{"count":4,"href":"https:\/\/www.prokol.com\/de\/wp-json\/wp\/v2\/pages\/19249\/revisions"}],"predecessor-version":[{"id":19898,"href":"https:\/\/www.prokol.com\/de\/wp-json\/wp\/v2\/pages\/19249\/revisions\/19898"}],"wp:attachment":[{"href":"https:\/\/www.prokol.com\/de\/wp-json\/wp\/v2\/media?parent=19249"}],"wp:term":[{"taxonomy":"post_tag","embeddable":true,"href":"https:\/\/www.prokol.com\/de\/wp-json\/wp\/v2\/tags?post=19249"}],"curies":[{"name":"wp","href":"https:\/\/api.w.org\/{rel}","templated":true}]}}