{"id":19258,"date":"2022-04-01T15:55:16","date_gmt":"2022-04-01T13:55:16","guid":{"rendered":"https:\/\/www.prokol.com\/wer-sind-wir\/soziale-verantwortung\/"},"modified":"2025-11-27T13:33:23","modified_gmt":"2025-11-27T12:33:23","slug":"soziale-verantwortung","status":"publish","type":"page","link":"https:\/\/www.prokol.com\/de\/wer-sind-wir\/soziale-verantwortung\/","title":{"rendered":"Soziale Verantwortung"},"content":{"rendered":"\n<style type=\"text\/css\" data-created_by=\"avia_inline_auto\" id=\"style-css-av-av_section-b9634910e83e6ea7e441881c1f7a75bd\">\n.avia-section.av-av_section-b9634910e83e6ea7e441881c1f7a75bd{\nbackground-color:#df4c23;\nbackground-image:unset;\n}\n.avia-section.av-av_section-b9634910e83e6ea7e441881c1f7a75bd .av-section-color-overlay{\nopacity:1;\nbackground-image:url(https:\/\/www.prokol.com\/wp-content\/uploads\/Overlay_grijs-1.png);\nbackground-repeat:repeat;\n}\n<\/style>\n<div id='av_section_1'  class='avia-section av-av_section-b9634910e83e6ea7e441881c1f7a75bd main_color avia-section-default avia-no-border-styling  avia-builder-el-0  el_before_av_textblock  avia-builder-el-first  avia-bg-style-fixed av-section-color-overlay-active av-minimum-height av-minimum-height-custom av-height-custom  container_wrap fullsize'   data-av_minimum_height_px='100'><div class=\"av-section-color-overlay-wrap\"><div class=\"av-section-color-overlay\"><\/div><div class='container av-section-cont-open' style='height:100px'><main  role=\"main\" itemprop=\"mainContentOfPage\"  class='template-page content  av-content-full alpha units'><div class='post-entry post-entry-type-page post-entry-19258'><div class='entry-content-wrapper clearfix'>\n\n<style type=\"text\/css\" data-created_by=\"avia_inline_auto\" id=\"style-css-av-av_hr-9b2b121a99ffa8714603556ad5fb033e\">\n#top .hr.av-av_hr-9b2b121a99ffa8714603556ad5fb033e{\nmargin-top:30px;\nmargin-bottom:0px;\n}\n.hr.av-av_hr-9b2b121a99ffa8714603556ad5fb033e .hr-inner{\nwidth:20px;\nborder-color:#df4c23;\n}\n<\/style>\n<div  class='hr av-av_hr-9b2b121a99ffa8714603556ad5fb033e hr-custom  avia-builder-el-1  el_before_av_heading  avia-builder-el-first  hr-left hr-icon-no'><span class='hr-inner inner-border-av-border-fat'><span class=\"hr-inner-style\"><\/span><\/span><\/div>\n\n<style type=\"text\/css\" data-created_by=\"avia_inline_auto\" id=\"style-css-av-lhrjpgjg-b50b13f30ac5d48d06dc10f33b59318a\">\n#top .av-special-heading.av-lhrjpgjg-b50b13f30ac5d48d06dc10f33b59318a{\npadding-bottom:10px;\ncolor:#ffffff;\n}\nbody .av-special-heading.av-lhrjpgjg-b50b13f30ac5d48d06dc10f33b59318a .av-special-heading-tag .heading-char{\nfont-size:25px;\n}\n.av-special-heading.av-lhrjpgjg-b50b13f30ac5d48d06dc10f33b59318a .special-heading-inner-border{\nborder-color:#ffffff;\n}\n.av-special-heading.av-lhrjpgjg-b50b13f30ac5d48d06dc10f33b59318a .av-subheading{\nfont-size:15px;\n}\n<\/style>\n<div  class='av-special-heading av-lhrjpgjg-b50b13f30ac5d48d06dc10f33b59318a av-special-heading-h1 custom-color-heading blockquote modern-quote  avia-builder-el-2  el_after_av_hr  avia-builder-el-last  av-linked-heading'><h1 class='av-special-heading-tag'  itemprop=\"headline\"  >Soziale Verantwortung<\/h1><div class=\"special-heading-border\"><div class=\"special-heading-inner-border\"><\/div><\/div><\/div>\n<\/div><\/div><\/main><!-- close content main element --><\/div><\/div><\/div><div id='after_section_1'  class='main_color av_default_container_wrap container_wrap fullsize'  ><div class='container av-section-cont-open' ><div class='template-page content  av-content-full alpha units'><div class='post-entry post-entry-type-page post-entry-19258'><div class='entry-content-wrapper clearfix'>\n<section  class='av_textblock_section av-k88rbqs7-31cb43224b4ce263ec64de21cd001916 '   itemscope=\"itemscope\" itemtype=\"https:\/\/schema.org\/CreativeWork\" ><div class='avia_textblock'  itemprop=\"text\" ><h5>Service und Qualit\u00e4t<\/h5>\n<p>Prokol strebt nach einer umfassenden Qualit\u00e4ts- und Servicekultur. Qualit\u00e4t steht an erster Stelle und ist der Ma\u00dfstab, an dem jeder Produktionsprozess, jeder Arbeitsplatz und jedes Teammitglied gemessen wird. Prokol verpflichtet sich, die h\u00f6chsten Arbeitsstandards einzuhalten und gleichzeitig so schnell und effizient wie m\u00f6glich auf die Bed\u00fcrfnisse und W\u00fcnsche der Kunden einzugehen.<\/p>\n<h5>Optimierte Prozesse f\u00fcr h\u00f6chste Qualit\u00e4t<\/h5>\n<p>Prokol fordert alle Partner dazu auf, stets ihr Bestes zu geben \u2013 insbesondere im Umgang mit Kunden. Erstklassige Qualit\u00e4t bildet die Grundlage f\u00fcr optimalen Kundenservice. Durch die konsequente Sicherung von Qualit\u00e4t und Effizienz strebt Prokol danach, das Vertrauen der Kunden zu bewahren und deren Zufriedenheit kontinuierlich zu steigern.<\/p>\n<h5>Bew\u00e4hrte Langlebigkeit<\/h5>\n<p>Prokol-Produkte gelangen erst dann auf den Markt, wenn ihre Eigenschaften, Anwendungen und ihre Best\u00e4ndigkeit umfassend gepr\u00fcft wurden. Die <a href=\"https:\/\/www.prokol.com\/de\/katalog\/\">Produkte<\/a> werden sowohl nach festgelegten Normen als auch unter realen Praxisbedingungen getestet \u2013 stets gem\u00e4\u00df definierten Prozessen. Erst wenn Prokol sicherstellen kann, dass die Produkte die von den Kunden erwartete Qualit\u00e4t erf\u00fcllen, werden sie eingef\u00fchrt.<\/p>\n<h5>Einhaltung von Leistungsversprechen<\/h5>\n<p>Prokol entwickelt und produziert nicht nur Produkte, sondern integriert auch Schulung als festen Bestandteil seiner Dienstleistungen. F\u00fcr jede Anwendung wird ein sorgf\u00e4ltiges Profil erstellt, um das am besten geeignete Produkt oder System zu liefern. Dar\u00fcber hinaus stellt Prokol technische Dokumentationen bereit, um eine sachgem\u00e4\u00dfe Anwendung der Produkte weitestgehend zu gew\u00e4hrleisten.<\/p>\n<h5>Umweltverantwortung<\/h5>\n<p>Prokol ist der \u00dcberzeugung, dass Umweltbewusstsein und Sicherheit integraler Bestandteil der Verantwortung jedes Mitarbeiters sind. Das Unternehmen legt gro\u00dfen Wert auf den Schutz der Umwelt und auf die Sicherheit aller Beteiligten.<\/p>\n<ul>\n<li>Forschung und Entwicklung<br \/>\nDie Produkte von Prokol befinden sich in st\u00e4ndiger Weiterentwicklung. Das Ziel ist ein vollst\u00e4ndig l\u00f6semittelfreies Produktsortiment \u2013 bereits heute erf\u00fcllen rund 95 % der Produkte diese Anforderung. Bei der Entwicklung bestehender und neuer Produkte setzt Prokol zunehmend auf biobasierte Rohstoffe.<\/li>\n<li>Einkauf, Produktion, Lagerung, Transport und Entsorgung<br \/>\nProkol achtet auf die Minimierung sowie die sachgerechte Behandlung und Entsorgung prozessbedingter Abfallstoffe. F\u00e4sser und IBC-Container werden recycelt oder wiederverwendet.<\/li>\n<li>Produktanwendungen in <a href=\"https:\/\/www.prokol.com\/de\/was-ist-hotspray\/bauwesen-hotspray\/\">bau<\/a> und <a href=\"https:\/\/www.prokol.com\/de\/was-ist-hotspray\/industrie-hotspray\/\">Industrie<\/a><br \/>\nProkol entwickelt langlebige Produkte mit nachhaltiger Funktionalit\u00e4t, die oftmals aufgewertet oder regeneriert werden k\u00f6nnen. Auch bestehende Materialien lassen sich h\u00e4ufig in ihrer Lebensdauer verl\u00e4ngern und tragen zur Reduzierung des Energieverbrauchs bei.<\/li>\n<li>Energie<br \/>\nProkol nutzt nachhaltige Energiequellen in Form von Solar- und Windenergie.<\/li>\n<\/ul>\n<h5>Nachhaltige Verpackungsmaterialien<\/h5>\n<p>Prokol w\u00e4hlt stets die verantwortungsvollsten und umweltfreundlichsten Verpackungsl\u00f6sungen, die verf\u00fcgbar sind. Die verwendeten Blechverpackungen entsprechen den geltenden gesetzlichen Vorschriften und sind so konzipiert, dass sie die Umwelt m\u00f6glichst wenig belasten. Eine zus\u00e4tzliche Beschichtung verl\u00e4ngert die Lebensdauer der Verpackungen.<\/p>\n<p>Die Produktetiketten von Prokol sind FSC-zertifiziert nach dem FSC Mix Credit Label. Sie werden aus Materialien hergestellt, die aus nachhaltig bewirtschafteten FSC-zertifizierten W\u00e4ldern, Recyclingquellen und kontrolliertem Holz stammen \u2013 sodass jede Verpackung nicht nur hochwertig, sondern auch ein Beitrag zu einer besseren Umwelt ist.<\/p>\n<h5>Zukunftsvision<\/h5>\n<p>Prokol bekennt sich uneingeschr\u00e4nkt zum weltweiten \u201eResponsible Care\u201c-Programm der chemischen Industrie. Das Unternehmen betrachtet die Herausforderung, \u00f6kologische Verbesserungen umzusetzen, als echte Marktchance. Heute sind Umwelt- und Nachhaltigkeitsthemen die treibende Kraft hinter rund 50 % aller Forschungs- und Entwicklungsprojekte.<\/p>\n<\/div><\/section>\n","protected":false},"excerpt":{"rendered":"","protected":false},"author":1,"featured_media":0,"parent":19249,"menu_order":0,"comment_status":"closed","ping_status":"closed","template":"","meta":{"inline_featured_image":false,"footnotes":""},"tags":[],"class_list":["post-19258","page","type-page","status-publish","hentry"],"yoast_head":"<!-- This site is optimized with the Yoast SEO plugin v27.2 - https:\/\/yoast.com\/product\/yoast-seo-wordpress\/ -->\n<title>Soziale Verantwortung - Prokol Protective Coatings<\/title>\n<meta name=\"robots\" content=\"index, follow, max-snippet:-1, max-image-preview:large, max-video-preview:-1\" \/>\n<link rel=\"canonical\" href=\"https:\/\/www.prokol.com\/de\/wer-sind-wir\/soziale-verantwortung\/\" \/>\n<meta property=\"og:locale\" content=\"de_DE\" \/>\n<meta property=\"og:type\" content=\"article\" \/>\n<meta property=\"og:title\" content=\"Soziale Verantwortung - Prokol Protective Coatings\" \/>\n<meta property=\"og:url\" content=\"https:\/\/www.prokol.com\/de\/wer-sind-wir\/soziale-verantwortung\/\" \/>\n<meta property=\"og:site_name\" content=\"Prokol Protective Coatings\" \/>\n<meta property=\"article:modified_time\" content=\"2025-11-27T12:33:23+00:00\" \/>\n<meta name=\"twitter:card\" content=\"summary_large_image\" \/>\n<meta name=\"twitter:label1\" content=\"Gesch\u00e4tzte Lesezeit\" \/>\n\t<meta name=\"twitter:data1\" content=\"5\u00a0Minuten\" \/>\n<script type=\"application\/ld+json\" class=\"yoast-schema-graph\">{\"@context\":\"https:\/\/schema.org\",\"@graph\":[{\"@type\":\"WebPage\",\"@id\":\"https:\/\/www.prokol.com\/de\/wer-sind-wir\/soziale-verantwortung\/\",\"url\":\"https:\/\/www.prokol.com\/de\/wer-sind-wir\/soziale-verantwortung\/\",\"name\":\"Soziale Verantwortung - Prokol Protective Coatings\",\"isPartOf\":{\"@id\":\"https:\/\/www.prokol.com\/de\/#website\"},\"datePublished\":\"2022-04-01T13:55:16+00:00\",\"dateModified\":\"2025-11-27T12:33:23+00:00\",\"breadcrumb\":{\"@id\":\"https:\/\/www.prokol.com\/de\/wer-sind-wir\/soziale-verantwortung\/#breadcrumb\"},\"inLanguage\":\"de\",\"potentialAction\":[{\"@type\":\"ReadAction\",\"target\":[\"https:\/\/www.prokol.com\/de\/wer-sind-wir\/soziale-verantwortung\/\"]}]},{\"@type\":\"BreadcrumbList\",\"@id\":\"https:\/\/www.prokol.com\/de\/wer-sind-wir\/soziale-verantwortung\/#breadcrumb\",\"itemListElement\":[{\"@type\":\"ListItem\",\"position\":1,\"name\":\"Home\",\"item\":\"https:\/\/www.prokol.com\/de\/prokol-home-de\/\"},{\"@type\":\"ListItem\",\"position\":2,\"name\":\"Wer sind wir?\",\"item\":\"https:\/\/www.prokol.com\/de\/wer-sind-wir\/\"},{\"@type\":\"ListItem\",\"position\":3,\"name\":\"Soziale Verantwortung\"}]},{\"@type\":\"WebSite\",\"@id\":\"https:\/\/www.prokol.com\/de\/#website\",\"url\":\"https:\/\/www.prokol.com\/de\/\",\"name\":\"Prokol Protective Coatings\",\"description\":\"POLYUREA HOTSPRAY, GIETVLOEREN EN PARKEERGARAGE COATINGS, VLOEIBARE NAADLOZE KUNSTSTOFFEN\",\"potentialAction\":[{\"@type\":\"SearchAction\",\"target\":{\"@type\":\"EntryPoint\",\"urlTemplate\":\"https:\/\/www.prokol.com\/de\/?s={search_term_string}\"},\"query-input\":{\"@type\":\"PropertyValueSpecification\",\"valueRequired\":true,\"valueName\":\"search_term_string\"}}],\"inLanguage\":\"de\"}]}<\/script>\n<!-- \/ Yoast SEO plugin. -->","yoast_head_json":{"title":"Soziale Verantwortung - Prokol Protective Coatings","robots":{"index":"index","follow":"follow","max-snippet":"max-snippet:-1","max-image-preview":"max-image-preview:large","max-video-preview":"max-video-preview:-1"},"canonical":"https:\/\/www.prokol.com\/de\/wer-sind-wir\/soziale-verantwortung\/","og_locale":"de_DE","og_type":"article","og_title":"Soziale Verantwortung - Prokol Protective Coatings","og_url":"https:\/\/www.prokol.com\/de\/wer-sind-wir\/soziale-verantwortung\/","og_site_name":"Prokol Protective Coatings","article_modified_time":"2025-11-27T12:33:23+00:00","twitter_card":"summary_large_image","twitter_misc":{"Gesch\u00e4tzte Lesezeit":"5\u00a0Minuten"},"schema":{"@context":"https:\/\/schema.org","@graph":[{"@type":"WebPage","@id":"https:\/\/www.prokol.com\/de\/wer-sind-wir\/soziale-verantwortung\/","url":"https:\/\/www.prokol.com\/de\/wer-sind-wir\/soziale-verantwortung\/","name":"Soziale Verantwortung - Prokol Protective Coatings","isPartOf":{"@id":"https:\/\/www.prokol.com\/de\/#website"},"datePublished":"2022-04-01T13:55:16+00:00","dateModified":"2025-11-27T12:33:23+00:00","breadcrumb":{"@id":"https:\/\/www.prokol.com\/de\/wer-sind-wir\/soziale-verantwortung\/#breadcrumb"},"inLanguage":"de","potentialAction":[{"@type":"ReadAction","target":["https:\/\/www.prokol.com\/de\/wer-sind-wir\/soziale-verantwortung\/"]}]},{"@type":"BreadcrumbList","@id":"https:\/\/www.prokol.com\/de\/wer-sind-wir\/soziale-verantwortung\/#breadcrumb","itemListElement":[{"@type":"ListItem","position":1,"name":"Home","item":"https:\/\/www.prokol.com\/de\/prokol-home-de\/"},{"@type":"ListItem","position":2,"name":"Wer sind wir?","item":"https:\/\/www.prokol.com\/de\/wer-sind-wir\/"},{"@type":"ListItem","position":3,"name":"Soziale Verantwortung"}]},{"@type":"WebSite","@id":"https:\/\/www.prokol.com\/de\/#website","url":"https:\/\/www.prokol.com\/de\/","name":"Prokol Protective Coatings","description":"POLYUREA HOTSPRAY, GIETVLOEREN EN PARKEERGARAGE COATINGS, VLOEIBARE NAADLOZE KUNSTSTOFFEN","potentialAction":[{"@type":"SearchAction","target":{"@type":"EntryPoint","urlTemplate":"https:\/\/www.prokol.com\/de\/?s={search_term_string}"},"query-input":{"@type":"PropertyValueSpecification","valueRequired":true,"valueName":"search_term_string"}}],"inLanguage":"de"}]}},"_links":{"self":[{"href":"https:\/\/www.prokol.com\/de\/wp-json\/wp\/v2\/pages\/19258","targetHints":{"allow":["GET"]}}],"collection":[{"href":"https:\/\/www.prokol.com\/de\/wp-json\/wp\/v2\/pages"}],"about":[{"href":"https:\/\/www.prokol.com\/de\/wp-json\/wp\/v2\/types\/page"}],"author":[{"embeddable":true,"href":"https:\/\/www.prokol.com\/de\/wp-json\/wp\/v2\/users\/1"}],"replies":[{"embeddable":true,"href":"https:\/\/www.prokol.com\/de\/wp-json\/wp\/v2\/comments?post=19258"}],"version-history":[{"count":5,"href":"https:\/\/www.prokol.com\/de\/wp-json\/wp\/v2\/pages\/19258\/revisions"}],"predecessor-version":[{"id":28567,"href":"https:\/\/www.prokol.com\/de\/wp-json\/wp\/v2\/pages\/19258\/revisions\/28567"}],"up":[{"embeddable":true,"href":"https:\/\/www.prokol.com\/de\/wp-json\/wp\/v2\/pages\/19249"}],"wp:attachment":[{"href":"https:\/\/www.prokol.com\/de\/wp-json\/wp\/v2\/media?parent=19258"}],"wp:term":[{"taxonomy":"post_tag","embeddable":true,"href":"https:\/\/www.prokol.com\/de\/wp-json\/wp\/v2\/tags?post=19258"}],"curies":[{"name":"wp","href":"https:\/\/api.w.org\/{rel}","templated":true}]}}