{"id":19261,"date":"2022-04-01T15:56:56","date_gmt":"2022-04-01T13:56:56","guid":{"rendered":"https:\/\/www.prokol.com\/wer-sind-wir\/zertifizierungen\/"},"modified":"2023-05-17T12:12:41","modified_gmt":"2023-05-17T10:12:41","slug":"zertifizierungen","status":"publish","type":"page","link":"https:\/\/www.prokol.com\/de\/wer-sind-wir\/zertifizierungen\/","title":{"rendered":"Zertifizierungen"},"content":{"rendered":"\n<style type=\"text\/css\" data-created_by=\"avia_inline_auto\" id=\"style-css-av-av_section-b9634910e83e6ea7e441881c1f7a75bd\">\n.avia-section.av-av_section-b9634910e83e6ea7e441881c1f7a75bd{\nbackground-color:#df4c23;\nbackground-image:unset;\n}\n.avia-section.av-av_section-b9634910e83e6ea7e441881c1f7a75bd .av-section-color-overlay{\nopacity:1;\nbackground-image:url(https:\/\/www.prokol.com\/wp-content\/uploads\/Overlay_grijs-1.png);\nbackground-repeat:repeat;\n}\n<\/style>\n<div id='av_section_1'  class='avia-section av-av_section-b9634910e83e6ea7e441881c1f7a75bd main_color avia-section-default avia-no-border-styling  avia-builder-el-0  el_before_av_textblock  avia-builder-el-first  avia-bg-style-fixed av-section-color-overlay-active av-minimum-height av-minimum-height-custom av-height-custom  container_wrap fullsize'   data-av_minimum_height_px='100'><div class=\"av-section-color-overlay-wrap\"><div class=\"av-section-color-overlay\"><\/div><div class='container av-section-cont-open' style='height:100px'><main  role=\"main\" itemprop=\"mainContentOfPage\"  class='template-page content  av-content-full alpha units'><div class='post-entry post-entry-type-page post-entry-19261'><div class='entry-content-wrapper clearfix'>\n\n<style type=\"text\/css\" data-created_by=\"avia_inline_auto\" id=\"style-css-av-av_hr-9b2b121a99ffa8714603556ad5fb033e\">\n#top .hr.av-av_hr-9b2b121a99ffa8714603556ad5fb033e{\nmargin-top:30px;\nmargin-bottom:0px;\n}\n.hr.av-av_hr-9b2b121a99ffa8714603556ad5fb033e .hr-inner{\nwidth:20px;\nborder-color:#df4c23;\n}\n<\/style>\n<div  class='hr av-av_hr-9b2b121a99ffa8714603556ad5fb033e hr-custom  avia-builder-el-1  el_before_av_heading  avia-builder-el-first  hr-left hr-icon-no'><span class='hr-inner inner-border-av-border-fat'><span class=\"hr-inner-style\"><\/span><\/span><\/div>\n\n<style type=\"text\/css\" data-created_by=\"avia_inline_auto\" id=\"style-css-av-lhrjnuvz-a65c268d2bedff80f8130c71f2440916\">\n#top .av-special-heading.av-lhrjnuvz-a65c268d2bedff80f8130c71f2440916{\npadding-bottom:10px;\ncolor:#ffffff;\n}\nbody .av-special-heading.av-lhrjnuvz-a65c268d2bedff80f8130c71f2440916 .av-special-heading-tag .heading-char{\nfont-size:25px;\n}\n.av-special-heading.av-lhrjnuvz-a65c268d2bedff80f8130c71f2440916 .special-heading-inner-border{\nborder-color:#ffffff;\n}\n.av-special-heading.av-lhrjnuvz-a65c268d2bedff80f8130c71f2440916 .av-subheading{\nfont-size:15px;\n}\n<\/style>\n<div  class='av-special-heading av-lhrjnuvz-a65c268d2bedff80f8130c71f2440916 av-special-heading-h1 custom-color-heading blockquote modern-quote  avia-builder-el-2  el_after_av_hr  avia-builder-el-last  av-linked-heading'><h1 class='av-special-heading-tag'  itemprop=\"headline\"  >Qualit\u00e4t und Zertifizierungen<\/h1><div class=\"special-heading-border\"><div class=\"special-heading-inner-border\"><\/div><\/div><\/div>\n<\/div><\/div><\/main><!-- close content main element --><\/div><\/div><\/div><div id='after_section_1'  class='main_color av_default_container_wrap container_wrap fullsize'  ><div class='container av-section-cont-open' ><div class='template-page content  av-content-full alpha units'><div class='post-entry post-entry-type-page post-entry-19261'><div class='entry-content-wrapper clearfix'><section  class='av_textblock_section av-k88rb42y-56e9dfc57f84b45304210f2d2de1491d '   itemscope=\"itemscope\" itemtype=\"https:\/\/schema.org\/CreativeWork\" ><div class='avia_textblock'  itemprop=\"text\" ><h5>Als Kunde k\u00f6nnen Sie sich auf die Qualit\u00e4t unserer Produkte verlassen!<\/h5>\n<p>Unsere Produkte werden nach strengen Protokollen hergestellt und unterliegen einer strengen Qualit\u00e4tskontrolle. Unser eigenes Labor ist mit den modernsten Ger\u00e4ten ausgestattet. Wir kontrollieren die Qualit\u00e4t aller eingehenden Rohmaterialien und ausgehenden Produkte. Wir wissen, ob das Produkt alle Spezifikationen erf\u00fcllt, bevor es unser Werk verl\u00e4sst. Um dies zu gew\u00e4hrleisten, kontrolliert SGS Intron regelm\u00e4\u00dfig unsere Produktionsst\u00e4tte und unser Labor.<\/p>\n<p>Dar\u00fcber hinaus sind unsere Produkte u. a. von CE, TNO, Warrington Fire und T\u00dcV zertifiziert. Als Prokol Coating Group sind wir seit 1999 auch Mitglied der Polyurea Development Association Europe (PDA Europe).<\/p>\n<p>Selbstverst\u00e4ndlich verf\u00fcgen unsere Produkte \u00fcber verschiedene Zertifikate, die sich an der Anwendung des Produkts orientieren.<\/p>\n<\/div><\/section><\/p>\n","protected":false},"excerpt":{"rendered":"","protected":false},"author":1,"featured_media":0,"parent":19249,"menu_order":0,"comment_status":"closed","ping_status":"closed","template":"","meta":{"inline_featured_image":false,"footnotes":""},"tags":[],"class_list":["post-19261","page","type-page","status-publish","hentry"],"yoast_head":"<!-- This site is optimized with the Yoast SEO plugin v27.2 - https:\/\/yoast.com\/product\/yoast-seo-wordpress\/ -->\n<title>Zertifizierungen - Prokol Protective Coatings<\/title>\n<meta name=\"robots\" content=\"index, follow, max-snippet:-1, max-image-preview:large, max-video-preview:-1\" \/>\n<link rel=\"canonical\" href=\"https:\/\/www.prokol.com\/de\/wer-sind-wir\/zertifizierungen\/\" \/>\n<meta property=\"og:locale\" content=\"de_DE\" \/>\n<meta property=\"og:type\" content=\"article\" \/>\n<meta property=\"og:title\" content=\"Zertifizierungen - Prokol Protective Coatings\" \/>\n<meta property=\"og:url\" content=\"https:\/\/www.prokol.com\/de\/wer-sind-wir\/zertifizierungen\/\" \/>\n<meta property=\"og:site_name\" content=\"Prokol Protective Coatings\" \/>\n<meta property=\"article:modified_time\" content=\"2023-05-17T10:12:41+00:00\" \/>\n<meta name=\"twitter:card\" content=\"summary_large_image\" \/>\n<meta name=\"twitter:label1\" content=\"Gesch\u00e4tzte Lesezeit\" \/>\n\t<meta name=\"twitter:data1\" content=\"2\u00a0Minuten\" \/>\n<script type=\"application\/ld+json\" class=\"yoast-schema-graph\">{\"@context\":\"https:\/\/schema.org\",\"@graph\":[{\"@type\":\"WebPage\",\"@id\":\"https:\/\/www.prokol.com\/de\/wer-sind-wir\/zertifizierungen\/\",\"url\":\"https:\/\/www.prokol.com\/de\/wer-sind-wir\/zertifizierungen\/\",\"name\":\"Zertifizierungen - Prokol Protective Coatings\",\"isPartOf\":{\"@id\":\"https:\/\/www.prokol.com\/de\/#website\"},\"datePublished\":\"2022-04-01T13:56:56+00:00\",\"dateModified\":\"2023-05-17T10:12:41+00:00\",\"breadcrumb\":{\"@id\":\"https:\/\/www.prokol.com\/de\/wer-sind-wir\/zertifizierungen\/#breadcrumb\"},\"inLanguage\":\"de\",\"potentialAction\":[{\"@type\":\"ReadAction\",\"target\":[\"https:\/\/www.prokol.com\/de\/wer-sind-wir\/zertifizierungen\/\"]}]},{\"@type\":\"BreadcrumbList\",\"@id\":\"https:\/\/www.prokol.com\/de\/wer-sind-wir\/zertifizierungen\/#breadcrumb\",\"itemListElement\":[{\"@type\":\"ListItem\",\"position\":1,\"name\":\"Home\",\"item\":\"https:\/\/www.prokol.com\/de\/prokol-home-de\/\"},{\"@type\":\"ListItem\",\"position\":2,\"name\":\"Wer sind wir?\",\"item\":\"https:\/\/www.prokol.com\/de\/wer-sind-wir\/\"},{\"@type\":\"ListItem\",\"position\":3,\"name\":\"Zertifizierungen\"}]},{\"@type\":\"WebSite\",\"@id\":\"https:\/\/www.prokol.com\/de\/#website\",\"url\":\"https:\/\/www.prokol.com\/de\/\",\"name\":\"Prokol Protective Coatings\",\"description\":\"POLYUREA HOTSPRAY, GIETVLOEREN EN PARKEERGARAGE COATINGS, VLOEIBARE NAADLOZE KUNSTSTOFFEN\",\"potentialAction\":[{\"@type\":\"SearchAction\",\"target\":{\"@type\":\"EntryPoint\",\"urlTemplate\":\"https:\/\/www.prokol.com\/de\/?s={search_term_string}\"},\"query-input\":{\"@type\":\"PropertyValueSpecification\",\"valueRequired\":true,\"valueName\":\"search_term_string\"}}],\"inLanguage\":\"de\"}]}<\/script>\n<!-- \/ Yoast SEO plugin. -->","yoast_head_json":{"title":"Zertifizierungen - Prokol Protective Coatings","robots":{"index":"index","follow":"follow","max-snippet":"max-snippet:-1","max-image-preview":"max-image-preview:large","max-video-preview":"max-video-preview:-1"},"canonical":"https:\/\/www.prokol.com\/de\/wer-sind-wir\/zertifizierungen\/","og_locale":"de_DE","og_type":"article","og_title":"Zertifizierungen - Prokol Protective Coatings","og_url":"https:\/\/www.prokol.com\/de\/wer-sind-wir\/zertifizierungen\/","og_site_name":"Prokol Protective Coatings","article_modified_time":"2023-05-17T10:12:41+00:00","twitter_card":"summary_large_image","twitter_misc":{"Gesch\u00e4tzte Lesezeit":"2\u00a0Minuten"},"schema":{"@context":"https:\/\/schema.org","@graph":[{"@type":"WebPage","@id":"https:\/\/www.prokol.com\/de\/wer-sind-wir\/zertifizierungen\/","url":"https:\/\/www.prokol.com\/de\/wer-sind-wir\/zertifizierungen\/","name":"Zertifizierungen - Prokol Protective Coatings","isPartOf":{"@id":"https:\/\/www.prokol.com\/de\/#website"},"datePublished":"2022-04-01T13:56:56+00:00","dateModified":"2023-05-17T10:12:41+00:00","breadcrumb":{"@id":"https:\/\/www.prokol.com\/de\/wer-sind-wir\/zertifizierungen\/#breadcrumb"},"inLanguage":"de","potentialAction":[{"@type":"ReadAction","target":["https:\/\/www.prokol.com\/de\/wer-sind-wir\/zertifizierungen\/"]}]},{"@type":"BreadcrumbList","@id":"https:\/\/www.prokol.com\/de\/wer-sind-wir\/zertifizierungen\/#breadcrumb","itemListElement":[{"@type":"ListItem","position":1,"name":"Home","item":"https:\/\/www.prokol.com\/de\/prokol-home-de\/"},{"@type":"ListItem","position":2,"name":"Wer sind wir?","item":"https:\/\/www.prokol.com\/de\/wer-sind-wir\/"},{"@type":"ListItem","position":3,"name":"Zertifizierungen"}]},{"@type":"WebSite","@id":"https:\/\/www.prokol.com\/de\/#website","url":"https:\/\/www.prokol.com\/de\/","name":"Prokol Protective Coatings","description":"POLYUREA HOTSPRAY, GIETVLOEREN EN PARKEERGARAGE COATINGS, VLOEIBARE NAADLOZE KUNSTSTOFFEN","potentialAction":[{"@type":"SearchAction","target":{"@type":"EntryPoint","urlTemplate":"https:\/\/www.prokol.com\/de\/?s={search_term_string}"},"query-input":{"@type":"PropertyValueSpecification","valueRequired":true,"valueName":"search_term_string"}}],"inLanguage":"de"}]}},"_links":{"self":[{"href":"https:\/\/www.prokol.com\/de\/wp-json\/wp\/v2\/pages\/19261","targetHints":{"allow":["GET"]}}],"collection":[{"href":"https:\/\/www.prokol.com\/de\/wp-json\/wp\/v2\/pages"}],"about":[{"href":"https:\/\/www.prokol.com\/de\/wp-json\/wp\/v2\/types\/page"}],"author":[{"embeddable":true,"href":"https:\/\/www.prokol.com\/de\/wp-json\/wp\/v2\/users\/1"}],"replies":[{"embeddable":true,"href":"https:\/\/www.prokol.com\/de\/wp-json\/wp\/v2\/comments?post=19261"}],"version-history":[{"count":4,"href":"https:\/\/www.prokol.com\/de\/wp-json\/wp\/v2\/pages\/19261\/revisions"}],"predecessor-version":[{"id":23552,"href":"https:\/\/www.prokol.com\/de\/wp-json\/wp\/v2\/pages\/19261\/revisions\/23552"}],"up":[{"embeddable":true,"href":"https:\/\/www.prokol.com\/de\/wp-json\/wp\/v2\/pages\/19249"}],"wp:attachment":[{"href":"https:\/\/www.prokol.com\/de\/wp-json\/wp\/v2\/media?parent=19261"}],"wp:term":[{"taxonomy":"post_tag","embeddable":true,"href":"https:\/\/www.prokol.com\/de\/wp-json\/wp\/v2\/tags?post=19261"}],"curies":[{"name":"wp","href":"https:\/\/api.w.org\/{rel}","templated":true}]}}