{"id":19305,"date":"2022-05-06T09:15:01","date_gmt":"2022-05-06T07:15:01","guid":{"rendered":"https:\/\/www.prokol.com\/wohnen-immobiliensektor\/"},"modified":"2023-07-27T08:55:26","modified_gmt":"2023-07-27T06:55:26","slug":"wohnen-immobiliensektor","status":"publish","type":"page","link":"https:\/\/www.prokol.com\/de\/anwendungen\/wohnen-immobiliensektor\/","title":{"rendered":"Wohnen | Immobiliensektor"},"content":{"rendered":"<div id='full_slider_1'  class='avia-fullwidth-slider main_color avia-shadow   avia-builder-el-0  el_before_av_one_half  avia-builder-el-first  vervolgslide  container_wrap fullsize'  >\n<style type=\"text\/css\" data-created_by=\"avia_inline_auto\" id=\"style-css-av-k4179f0p-3426b5f223bb0fe45a39107e53ee47b8\">\n#top #wrap_all .avia-slideshow .av-slideshow-caption.av-k4179f0p-3426b5f223bb0fe45a39107e53ee47b8__0 .avia-caption-title{\nfont-size:50px;\n}\n#top .avia-slideshow .av-slideshow-caption.av-k4179f0p-3426b5f223bb0fe45a39107e53ee47b8__0 .avia-caption-content{\nfont-size:18px;\n}\n#top .avia-slideshow .av-slideshow-caption.av-k4179f0p-3426b5f223bb0fe45a39107e53ee47b8__0 .avia-caption-content p{\nfont-size:18px;\n}\n\n@media only screen and (min-width: 768px) and (max-width: 989px){ \n#top .avia-slideshow .av-slideshow-caption.av-k4179f0p-3426b5f223bb0fe45a39107e53ee47b8__0 .avia-caption-content{\ndisplay:none;\n}\n#top .avia-slideshow .av-slideshow-caption.av-k4179f0p-3426b5f223bb0fe45a39107e53ee47b8__0 .avia-caption-content p{\ndisplay:none;\n}\n}\n\n@media only screen and (min-width: 480px) and (max-width: 767px){ \n#top .avia-slideshow .av-slideshow-caption.av-k4179f0p-3426b5f223bb0fe45a39107e53ee47b8__0 .avia-caption-content{\ndisplay:none;\n}\n#top .avia-slideshow .av-slideshow-caption.av-k4179f0p-3426b5f223bb0fe45a39107e53ee47b8__0 .avia-caption-content p{\ndisplay:none;\n}\n}\n\n@media only screen and (max-width: 479px){ \n#top .avia-slideshow .av-slideshow-caption.av-k4179f0p-3426b5f223bb0fe45a39107e53ee47b8__0 .avia-caption-content{\ndisplay:none;\n}\n#top .avia-slideshow .av-slideshow-caption.av-k4179f0p-3426b5f223bb0fe45a39107e53ee47b8__0 .avia-caption-content p{\ndisplay:none;\n}\n}\n<\/style>\n<div  class='avia-slideshow av-k4179f0p-3426b5f223bb0fe45a39107e53ee47b8 avia-slideshow-featured av_slideshow_full avia-fade-slider vervolgslide av-slideshow-ui av-control-minimal av-slideshow-autoplay av-loop-endless av-loop-manual-endless av-default-height-applied   avia-slideshow-1' data-slideshow-options=\"{&quot;animation&quot;:&quot;fade&quot;,&quot;autoplay&quot;:true,&quot;loop_autoplay&quot;:&quot;endless&quot;,&quot;interval&quot;:5,&quot;loop_manual&quot;:&quot;manual-endless&quot;,&quot;autoplay_stopper&quot;:false,&quot;noNavigation&quot;:false,&quot;bg_slider&quot;:false,&quot;keep_padding&quot;:false,&quot;hoverpause&quot;:false,&quot;show_slide_delay&quot;:0}\"  itemprop=\"image\" itemscope=\"itemscope\" itemtype=\"https:\/\/schema.org\/ImageObject\" ><ul class='avia-slideshow-inner ' style='padding-bottom: 28.666666666667%;'><li  class='avia-slideshow-slide av-k4179f0p-3426b5f223bb0fe45a39107e53ee47b8__0  av-single-slide slide-1 slide-odd'><div data-rel='slideshow-1' class='avia-slide-wrap '   ><div class='av-slideshow-caption av-k4179f0p-3426b5f223bb0fe45a39107e53ee47b8__0 caption_fullwidth caption_left'><div class=\"container caption_container\"><div class=\"slideshow_caption\"><div class=\"slideshow_inner_caption\"><div class=\"slideshow_align_caption\"><h2 class='avia-caption-title '  itemprop=\"name\" ><span style=\"color: #df4c23;\">-<\/span><br \/>\nWohnen | Immobiliensektor<\/h2><div class='avia-caption-content '  itemprop=\"description\" ><p>Sehen Sie sich alle Prokol-Optionen f\u00fcr Wohn- und Immobiliensektor an<\/p>\n<\/div><\/div><\/div><\/div><\/div><\/div><img decoding=\"async\" fetchpriority=\"high\" class=\"wp-image-10166 avia-img-lazy-loading-not-10166\"  src=\"https:\/\/www.prokol.com\/wp-content\/uploads\/Banner_onderwijs-1500x430.jpg\" width=\"1500\" height=\"430\" title='Bildung' alt=''  itemprop=\"thumbnailUrl\" srcset=\"https:\/\/www.prokol.com\/wp-content\/uploads\/Banner_onderwijs.jpg 1500w, https:\/\/www.prokol.com\/wp-content\/uploads\/Banner_onderwijs-600x172.jpg 600w, https:\/\/www.prokol.com\/wp-content\/uploads\/Banner_onderwijs-300x86.jpg 300w, https:\/\/www.prokol.com\/wp-content\/uploads\/Banner_onderwijs-1030x295.jpg 1030w, https:\/\/www.prokol.com\/wp-content\/uploads\/Banner_onderwijs-768x220.jpg 768w, https:\/\/www.prokol.com\/wp-content\/uploads\/Banner_onderwijs-705x202.jpg 705w, https:\/\/www.prokol.com\/wp-content\/uploads\/Banner_onderwijs-24x7.jpg 24w, https:\/\/www.prokol.com\/wp-content\/uploads\/Banner_onderwijs-36x10.jpg 36w, https:\/\/www.prokol.com\/wp-content\/uploads\/Banner_onderwijs-48x14.jpg 48w\" sizes=\"(max-width: 1500px) 100vw, 1500px\" \/><div class='av-section-color-overlay' style='opacity: 0.5; background-image: url(https:\/\/www.prokol.com\/wp-content\/uploads\/2019\/12\/Overlay.png); background-repeat: repeat;'><\/div><\/div><\/li><\/ul><\/div><\/div><div id='after_full_slider_1'  class='main_color av_default_container_wrap container_wrap fullsize'  ><div class='container av-section-cont-open' ><div class='template-page content  av-content-full alpha units'><div class='post-entry post-entry-type-page post-entry-19305'><div class='entry-content-wrapper clearfix'>\n\n<style type=\"text\/css\" data-created_by=\"avia_inline_auto\" id=\"style-css-av-4ov0w4-67f63d58f9d72a5d73e1d1850c08cb58\">\n.flex_column.av-4ov0w4-67f63d58f9d72a5d73e1d1850c08cb58{\nborder-radius:0px 0px 0px 0px;\npadding:0px 0px 0px 0px;\n}\n<\/style>\n<div  class='flex_column av-4ov0w4-67f63d58f9d72a5d73e1d1850c08cb58 av_one_half  avia-builder-el-1  el_after_av_slideshow_full  el_before_av_one_half  avia-builder-el-first  first flex_column_div av-zero-column-padding  '     ><p><section  class='av_textblock_section av-kqgb44az-bb5b97c2cad732fc905546571997aaa8 '   itemscope=\"itemscope\" itemtype=\"https:\/\/schema.org\/CreativeWork\" ><div class='avia_textblock'  itemprop=\"text\" ><p>Im Wohnungs- und Immobiliensektor gibt es zahlreiche Kategorien,, die unterschiedliche Anwendungen erfordern. Mit Eigenschaften wie Wasserdichtigkeit, Rutschfestigkeit und Sto\u00dffestigkeit hat Prokol f\u00fcr jede Wohn- und Immobiliensituation ein passendes Produkt.<\/p>\n<p>Die Produkte von Prokol sind f\u00fcr viele Bereiche geeignet. W\u00e4hlen Sie im Men\u00fc auf der rechten Seite einen bestimmten Bereich aus, um die M\u00f6glichkeiten zu sehen.<\/p>\n<p>Auf Wunsch pr\u00fcft ein technischer Berater gemeinsam mit Ihnen die M\u00f6glichkeiten.<\/p>\n<p>Rufen Sie uns direkt an unter +31 85 78 200 20, um einen Termin zu vereinbaren.<\/p>\n<\/div><\/section><br \/>\n\n<style type=\"text\/css\" data-created_by=\"avia_inline_auto\" id=\"style-css-av-kqgb50sz-1b991025dade0d774e61cfc2f4f033dc\">\n.avia-image-container.av-kqgb50sz-1b991025dade0d774e61cfc2f4f033dc img.avia_image{\nbox-shadow:none;\n}\n.avia-image-container.av-kqgb50sz-1b991025dade0d774e61cfc2f4f033dc .av-image-caption-overlay-center{\ncolor:#ffffff;\n}\n<\/style>\n<div  class='avia-image-container av-kqgb50sz-1b991025dade0d774e61cfc2f4f033dc av-styling- avia-align-center  avia-builder-el-3  el_after_av_textblock  avia-builder-el-last '   itemprop=\"image\" itemscope=\"itemscope\" itemtype=\"https:\/\/schema.org\/ImageObject\" ><div class=\"avia-image-container-inner\"><div class=\"avia-image-overlay-wrap\"><img decoding=\"async\" fetchpriority=\"high\" class='wp-image-19454 avia-img-lazy-loading-not-19454 avia_image ' src=\"https:\/\/www.prokol.com\/wp-content\/uploads\/Daktuinen-1-495x400.jpg\" alt='' title='Daktuinen'  height=\"400\" width=\"495\"  itemprop=\"thumbnailUrl\" srcset=\"https:\/\/www.prokol.com\/wp-content\/uploads\/Daktuinen-1-495x400.jpg 495w, https:\/\/www.prokol.com\/wp-content\/uploads\/Daktuinen-1-845x684.jpg 845w\" sizes=\"(max-width: 495px) 100vw, 495px\" \/><\/div><\/div><\/div><\/p><\/div>\n\n<style type=\"text\/css\" data-created_by=\"avia_inline_auto\" id=\"style-css-av-2hcdc4-c1261236456a844b1bddee5b7a7ddd7b\">\n.flex_column.av-2hcdc4-c1261236456a844b1bddee5b7a7ddd7b{\nborder-radius:0px 0px 0px 0px;\npadding:0px 0px 0px 0px;\n}\n<\/style>\n<div  class='flex_column av-2hcdc4-c1261236456a844b1bddee5b7a7ddd7b av_one_half  avia-builder-el-4  el_after_av_one_half  avia-builder-el-last  flex_column_div av-zero-column-padding  '     ><div  class='avia-icon-list-container av-kqgb1dxs-00921e41bdc4c03ed2c3637e7cad60a7  avia-builder-el-5  avia-builder-el-no-sibling '><ul class='avia-icon-list avia_animate_when_almost_visible avia-icon-list-left av-iconlist-big av-kqgb1dxs-00921e41bdc4c03ed2c3637e7cad60a7 avia-iconlist-animate'>\n<li><div class='iconlist_icon av-kqgb1ct8-d7e7be20e2fb8e929dd3909af97c9fdf avia-font-entypo-fontello'><span class='iconlist-char' aria-hidden='true' data-av_icon='\ue819' data-av_iconfont='entypo-fontello'><\/span><\/div><article class=\"article-icon-entry av-iconlist-empty\"  itemscope=\"itemscope\" itemtype=\"https:\/\/schema.org\/CreativeWork\" ><div class=\"iconlist_content_wrap\"><header class=\"entry-content-header\"><h4 class='av_iconlist_title iconlist_title  '  itemprop=\"headline\" ><a href='https:\/\/www.prokol.com\/de\/?page_id=19030' title='Balkon, Terrasse &amp; Galerie'>Balkon, Terrasse &amp; Galerie<\/a><\/h4><\/header><div class='iconlist_content '  itemprop=\"text\" ><\/div><\/div><footer class=\"entry-footer\"><\/footer><\/article><div class=\"iconlist-timeline\"><\/div><\/li>\n<li><div class='iconlist_icon av-kqgb1ct8-4e8f0a5d0f5204f2a0be9796c0458f86 avia-font-entypo-fontello'><span class='iconlist-char' aria-hidden='true' data-av_icon='\ue819' data-av_iconfont='entypo-fontello'><\/span><\/div><article class=\"article-icon-entry av-iconlist-empty\"  itemscope=\"itemscope\" itemtype=\"https:\/\/schema.org\/CreativeWork\" ><div class=\"iconlist_content_wrap\"><header class=\"entry-content-header\"><h4 class='av_iconlist_title iconlist_title  '  itemprop=\"headline\" ><a href='https:\/\/www.prokol.com\/de\/?page_id=19033' title='Abstellr\u00e4ume'>Abstellr\u00e4ume<\/a><\/h4><\/header><div class='iconlist_content '  itemprop=\"text\" ><\/div><\/div><footer class=\"entry-footer\"><\/footer><\/article><div class=\"iconlist-timeline\"><\/div><\/li>\n<li><div class='iconlist_icon av-kqgb1ct8-b15f9c14298e14d6dd849a4dfce0706c avia-font-entypo-fontello'><span class='iconlist-char' aria-hidden='true' data-av_icon='\ue819' data-av_iconfont='entypo-fontello'><\/span><\/div><article class=\"article-icon-entry av-iconlist-empty\"  itemscope=\"itemscope\" itemtype=\"https:\/\/schema.org\/CreativeWork\" ><div class=\"iconlist_content_wrap\"><header class=\"entry-content-header\"><h4 class='av_iconlist_title iconlist_title  '  itemprop=\"headline\" ><a href='https:\/\/www.prokol.com\/de\/?page_id=19036' title='Langlebige D\u00e4cher und Dachg\u00e4rten'>Langlebige D\u00e4cher und Dachg\u00e4rten<\/a><\/h4><\/header><div class='iconlist_content '  itemprop=\"text\" ><\/div><\/div><footer class=\"entry-footer\"><\/footer><\/article><div class=\"iconlist-timeline\"><\/div><\/li>\n<li><div class='iconlist_icon av-kqgb1ct8-82fdf69d5d7cc4494f439de8c09fac37 avia-font-entypo-fontello'><span class='iconlist-char' aria-hidden='true' data-av_icon='\ue819' data-av_iconfont='entypo-fontello'><\/span><\/div><article class=\"article-icon-entry av-iconlist-empty\"  itemscope=\"itemscope\" itemtype=\"https:\/\/schema.org\/CreativeWork\" ><div class=\"iconlist_content_wrap\"><header class=\"entry-content-header\"><h4 class='av_iconlist_title iconlist_title  '  itemprop=\"headline\" ><a href='https:\/\/www.prokol.com\/de\/?page_id=19039' title='Schwimmende Strukturen'>Schwimmende Strukturen<\/a><\/h4><\/header><div class='iconlist_content '  itemprop=\"text\" ><\/div><\/div><footer class=\"entry-footer\"><\/footer><\/article><div class=\"iconlist-timeline\"><\/div><\/li>\n<li><div class='iconlist_icon av-kqgb1ct8-8dd2a29e6ea33148429cb04f90ef9134 avia-font-entypo-fontello'><span class='iconlist-char' aria-hidden='true' data-av_icon='\ue819' data-av_iconfont='entypo-fontello'><\/span><\/div><article class=\"article-icon-entry av-iconlist-empty\"  itemscope=\"itemscope\" itemtype=\"https:\/\/schema.org\/CreativeWork\" ><div class=\"iconlist_content_wrap\"><header class=\"entry-content-header\"><h4 class='av_iconlist_title iconlist_title  '  itemprop=\"headline\" ><a href='https:\/\/www.prokol.com\/de\/?page_id=19042' title='\u00d6ffentliche Geb\u00e4ude'>\u00d6ffentliche Geb\u00e4ude<\/a><\/h4><\/header><div class='iconlist_content '  itemprop=\"text\" ><\/div><\/div><footer class=\"entry-footer\"><\/footer><\/article><div class=\"iconlist-timeline\"><\/div><\/li>\n<li><div class='iconlist_icon av-kqgb1ct8-a48cc7898d588dab5f1f1c90601fc66e avia-font-entypo-fontello'><span class='iconlist-char' aria-hidden='true' data-av_icon='\ue819' data-av_iconfont='entypo-fontello'><\/span><\/div><article class=\"article-icon-entry av-iconlist-empty\"  itemscope=\"itemscope\" itemtype=\"https:\/\/schema.org\/CreativeWork\" ><div class=\"iconlist_content_wrap\"><header class=\"entry-content-header\"><h4 class='av_iconlist_title iconlist_title  '  itemprop=\"headline\" ><a href='https:\/\/www.prokol.com\/de\/?page_id=19045' title='Parkh\u00e4user'>Parkh\u00e4user<\/a><\/h4><\/header><div class='iconlist_content '  itemprop=\"text\" ><\/div><\/div><footer class=\"entry-footer\"><\/footer><\/article><div class=\"iconlist-timeline\"><\/div><\/li>\n<li><div class='iconlist_icon av-kqgb1ct8-cbae48db2f162623dc40a02e018a556d avia-font-entypo-fontello'><span class='iconlist-char' aria-hidden='true' data-av_icon='\ue819' data-av_iconfont='entypo-fontello'><\/span><\/div><article class=\"article-icon-entry av-iconlist-empty\"  itemscope=\"itemscope\" itemtype=\"https:\/\/schema.org\/CreativeWork\" ><div class=\"iconlist_content_wrap\"><header class=\"entry-content-header\"><h4 class='av_iconlist_title iconlist_title  '  itemprop=\"headline\" ><a href='https:\/\/www.prokol.com\/de\/?page_id=19049' title='Technische R\u00e4ume'>Technische R\u00e4ume<\/a><\/h4><\/header><div class='iconlist_content '  itemprop=\"text\" ><\/div><\/div><footer class=\"entry-footer\"><\/footer><\/article><div class=\"iconlist-timeline\"><\/div><\/li>\n<li><div class='iconlist_icon av-kqgb1ct8-0cf3c1fba8b601d9385b94c549d2fe1a avia-font-entypo-fontello'><span class='iconlist-char' aria-hidden='true' data-av_icon='\ue819' data-av_iconfont='entypo-fontello'><\/span><\/div><article class=\"article-icon-entry av-iconlist-empty\"  itemscope=\"itemscope\" itemtype=\"https:\/\/schema.org\/CreativeWork\" ><div class=\"iconlist_content_wrap\"><header class=\"entry-content-header\"><h4 class='av_iconlist_title iconlist_title  '  itemprop=\"headline\" ><a href='https:\/\/www.prokol.com\/de\/?page_id=19052' title='Treppenh\u00e4user'>Treppenh\u00e4user<\/a><\/h4><\/header><div class='iconlist_content '  itemprop=\"text\" ><\/div><\/div><footer class=\"entry-footer\"><\/footer><\/article><div class=\"iconlist-timeline\"><\/div><\/li>\n<li><div class='iconlist_icon av-kqgb1ct8-ddfdba7f39928dca883dc7b3b32eef4c avia-font-entypo-fontello'><span class='iconlist-char' aria-hidden='true' data-av_icon='\ue819' data-av_iconfont='entypo-fontello'><\/span><\/div><article class=\"article-icon-entry av-iconlist-empty\"  itemscope=\"itemscope\" itemtype=\"https:\/\/schema.org\/CreativeWork\" ><div class=\"iconlist_content_wrap\"><header class=\"entry-content-header\"><h4 class='av_iconlist_title iconlist_title  '  itemprop=\"headline\" ><a href='https:\/\/www.prokol.com\/de\/?page_id=19055' title='Hausflure'>Hausflure<\/a><\/h4><\/header><div class='iconlist_content '  itemprop=\"text\" ><\/div><\/div><footer class=\"entry-footer\"><\/footer><\/article><div class=\"iconlist-timeline\"><\/div><\/li>\n<\/ul><\/div><\/div>\n","protected":false},"excerpt":{"rendered":"","protected":false},"author":3,"featured_media":0,"parent":19327,"menu_order":0,"comment_status":"closed","ping_status":"closed","template":"","meta":{"inline_featured_image":false,"footnotes":""},"tags":[],"class_list":["post-19305","page","type-page","status-publish","hentry"],"yoast_head":"<!-- This site is optimized with the Yoast SEO plugin v27.2 - https:\/\/yoast.com\/product\/yoast-seo-wordpress\/ -->\n<title>Wohnen | Immobiliensektor - Prokol Protective Coatings<\/title>\n<meta name=\"robots\" content=\"index, follow, max-snippet:-1, max-image-preview:large, max-video-preview:-1\" \/>\n<link rel=\"canonical\" href=\"https:\/\/www.prokol.com\/de\/anwendungen\/wohnen-immobiliensektor\/\" \/>\n<meta property=\"og:locale\" content=\"de_DE\" \/>\n<meta property=\"og:type\" content=\"article\" \/>\n<meta property=\"og:title\" content=\"Wohnen | Immobiliensektor - Prokol Protective Coatings\" \/>\n<meta property=\"og:url\" content=\"https:\/\/www.prokol.com\/de\/anwendungen\/wohnen-immobiliensektor\/\" \/>\n<meta property=\"og:site_name\" content=\"Prokol Protective Coatings\" \/>\n<meta property=\"article:modified_time\" content=\"2023-07-27T06:55:26+00:00\" \/>\n<meta name=\"twitter:card\" content=\"summary_large_image\" \/>\n<meta name=\"twitter:label1\" content=\"Gesch\u00e4tzte Lesezeit\" \/>\n\t<meta name=\"twitter:data1\" content=\"7\u00a0Minuten\" \/>\n<script type=\"application\/ld+json\" class=\"yoast-schema-graph\">{\"@context\":\"https:\/\/schema.org\",\"@graph\":[{\"@type\":\"WebPage\",\"@id\":\"https:\/\/www.prokol.com\/de\/anwendungen\/wohnen-immobiliensektor\/\",\"url\":\"https:\/\/www.prokol.com\/de\/anwendungen\/wohnen-immobiliensektor\/\",\"name\":\"Wohnen | Immobiliensektor - Prokol Protective Coatings\",\"isPartOf\":{\"@id\":\"https:\/\/www.prokol.com\/de\/#website\"},\"datePublished\":\"2022-05-06T07:15:01+00:00\",\"dateModified\":\"2023-07-27T06:55:26+00:00\",\"breadcrumb\":{\"@id\":\"https:\/\/www.prokol.com\/de\/anwendungen\/wohnen-immobiliensektor\/#breadcrumb\"},\"inLanguage\":\"de\",\"potentialAction\":[{\"@type\":\"ReadAction\",\"target\":[\"https:\/\/www.prokol.com\/de\/anwendungen\/wohnen-immobiliensektor\/\"]}]},{\"@type\":\"BreadcrumbList\",\"@id\":\"https:\/\/www.prokol.com\/de\/anwendungen\/wohnen-immobiliensektor\/#breadcrumb\",\"itemListElement\":[{\"@type\":\"ListItem\",\"position\":1,\"name\":\"Home\",\"item\":\"https:\/\/www.prokol.com\/de\/prokol-home-de\/\"},{\"@type\":\"ListItem\",\"position\":2,\"name\":\"Anwendungen\",\"item\":\"https:\/\/www.prokol.com\/de\/anwendungen\/\"},{\"@type\":\"ListItem\",\"position\":3,\"name\":\"Wohnen | Immobiliensektor\"}]},{\"@type\":\"WebSite\",\"@id\":\"https:\/\/www.prokol.com\/de\/#website\",\"url\":\"https:\/\/www.prokol.com\/de\/\",\"name\":\"Prokol Protective Coatings\",\"description\":\"POLYUREA HOTSPRAY, GIETVLOEREN EN PARKEERGARAGE COATINGS, VLOEIBARE NAADLOZE KUNSTSTOFFEN\",\"potentialAction\":[{\"@type\":\"SearchAction\",\"target\":{\"@type\":\"EntryPoint\",\"urlTemplate\":\"https:\/\/www.prokol.com\/de\/?s={search_term_string}\"},\"query-input\":{\"@type\":\"PropertyValueSpecification\",\"valueRequired\":true,\"valueName\":\"search_term_string\"}}],\"inLanguage\":\"de\"}]}<\/script>\n<!-- \/ Yoast SEO plugin. -->","yoast_head_json":{"title":"Wohnen | Immobiliensektor - Prokol Protective Coatings","robots":{"index":"index","follow":"follow","max-snippet":"max-snippet:-1","max-image-preview":"max-image-preview:large","max-video-preview":"max-video-preview:-1"},"canonical":"https:\/\/www.prokol.com\/de\/anwendungen\/wohnen-immobiliensektor\/","og_locale":"de_DE","og_type":"article","og_title":"Wohnen | Immobiliensektor - Prokol Protective Coatings","og_url":"https:\/\/www.prokol.com\/de\/anwendungen\/wohnen-immobiliensektor\/","og_site_name":"Prokol Protective Coatings","article_modified_time":"2023-07-27T06:55:26+00:00","twitter_card":"summary_large_image","twitter_misc":{"Gesch\u00e4tzte Lesezeit":"7\u00a0Minuten"},"schema":{"@context":"https:\/\/schema.org","@graph":[{"@type":"WebPage","@id":"https:\/\/www.prokol.com\/de\/anwendungen\/wohnen-immobiliensektor\/","url":"https:\/\/www.prokol.com\/de\/anwendungen\/wohnen-immobiliensektor\/","name":"Wohnen | Immobiliensektor - Prokol Protective Coatings","isPartOf":{"@id":"https:\/\/www.prokol.com\/de\/#website"},"datePublished":"2022-05-06T07:15:01+00:00","dateModified":"2023-07-27T06:55:26+00:00","breadcrumb":{"@id":"https:\/\/www.prokol.com\/de\/anwendungen\/wohnen-immobiliensektor\/#breadcrumb"},"inLanguage":"de","potentialAction":[{"@type":"ReadAction","target":["https:\/\/www.prokol.com\/de\/anwendungen\/wohnen-immobiliensektor\/"]}]},{"@type":"BreadcrumbList","@id":"https:\/\/www.prokol.com\/de\/anwendungen\/wohnen-immobiliensektor\/#breadcrumb","itemListElement":[{"@type":"ListItem","position":1,"name":"Home","item":"https:\/\/www.prokol.com\/de\/prokol-home-de\/"},{"@type":"ListItem","position":2,"name":"Anwendungen","item":"https:\/\/www.prokol.com\/de\/anwendungen\/"},{"@type":"ListItem","position":3,"name":"Wohnen | Immobiliensektor"}]},{"@type":"WebSite","@id":"https:\/\/www.prokol.com\/de\/#website","url":"https:\/\/www.prokol.com\/de\/","name":"Prokol Protective Coatings","description":"POLYUREA HOTSPRAY, GIETVLOEREN EN PARKEERGARAGE COATINGS, VLOEIBARE NAADLOZE KUNSTSTOFFEN","potentialAction":[{"@type":"SearchAction","target":{"@type":"EntryPoint","urlTemplate":"https:\/\/www.prokol.com\/de\/?s={search_term_string}"},"query-input":{"@type":"PropertyValueSpecification","valueRequired":true,"valueName":"search_term_string"}}],"inLanguage":"de"}]}},"_links":{"self":[{"href":"https:\/\/www.prokol.com\/de\/wp-json\/wp\/v2\/pages\/19305","targetHints":{"allow":["GET"]}}],"collection":[{"href":"https:\/\/www.prokol.com\/de\/wp-json\/wp\/v2\/pages"}],"about":[{"href":"https:\/\/www.prokol.com\/de\/wp-json\/wp\/v2\/types\/page"}],"author":[{"embeddable":true,"href":"https:\/\/www.prokol.com\/de\/wp-json\/wp\/v2\/users\/3"}],"replies":[{"embeddable":true,"href":"https:\/\/www.prokol.com\/de\/wp-json\/wp\/v2\/comments?post=19305"}],"version-history":[{"count":5,"href":"https:\/\/www.prokol.com\/de\/wp-json\/wp\/v2\/pages\/19305\/revisions"}],"predecessor-version":[{"id":23715,"href":"https:\/\/www.prokol.com\/de\/wp-json\/wp\/v2\/pages\/19305\/revisions\/23715"}],"up":[{"embeddable":true,"href":"https:\/\/www.prokol.com\/de\/wp-json\/wp\/v2\/pages\/19327"}],"wp:attachment":[{"href":"https:\/\/www.prokol.com\/de\/wp-json\/wp\/v2\/media?parent=19305"}],"wp:term":[{"taxonomy":"post_tag","embeddable":true,"href":"https:\/\/www.prokol.com\/de\/wp-json\/wp\/v2\/tags?post=19305"}],"curies":[{"name":"wp","href":"https:\/\/api.w.org\/{rel}","templated":true}]}}