{"id":19308,"date":"2022-05-06T09:24:32","date_gmt":"2022-05-06T07:24:32","guid":{"rendered":"https:\/\/www.prokol.com\/specials-design\/"},"modified":"2023-07-27T12:15:56","modified_gmt":"2023-07-27T10:15:56","slug":"specials-design","status":"publish","type":"page","link":"https:\/\/www.prokol.com\/de\/anwendungen\/specials-design\/","title":{"rendered":"Specials | Design"},"content":{"rendered":"<div id='full_slider_1'  class='avia-fullwidth-slider main_color avia-shadow   avia-builder-el-0  el_before_av_one_half  avia-builder-el-first  vervolgslide  container_wrap fullsize'  >\n<style type=\"text\/css\" data-created_by=\"avia_inline_auto\" id=\"style-css-av-k4179f0p-82f47a45c821749107be20c2682c4a38\">\n#top #wrap_all .avia-slideshow .av-slideshow-caption.av-k4179f0p-82f47a45c821749107be20c2682c4a38__0 .avia-caption-title{\nfont-size:50px;\n}\n#top .avia-slideshow .av-slideshow-caption.av-k4179f0p-82f47a45c821749107be20c2682c4a38__0 .avia-caption-content{\nfont-size:18px;\n}\n#top .avia-slideshow .av-slideshow-caption.av-k4179f0p-82f47a45c821749107be20c2682c4a38__0 .avia-caption-content p{\nfont-size:18px;\n}\n\n@media only screen and (min-width: 768px) and (max-width: 989px){ \n#top .avia-slideshow .av-slideshow-caption.av-k4179f0p-82f47a45c821749107be20c2682c4a38__0 .avia-caption-content{\ndisplay:none;\n}\n#top .avia-slideshow .av-slideshow-caption.av-k4179f0p-82f47a45c821749107be20c2682c4a38__0 .avia-caption-content p{\ndisplay:none;\n}\n}\n\n@media only screen and (min-width: 480px) and (max-width: 767px){ \n#top .avia-slideshow .av-slideshow-caption.av-k4179f0p-82f47a45c821749107be20c2682c4a38__0 .avia-caption-content{\ndisplay:none;\n}\n#top .avia-slideshow .av-slideshow-caption.av-k4179f0p-82f47a45c821749107be20c2682c4a38__0 .avia-caption-content p{\ndisplay:none;\n}\n}\n\n@media only screen and (max-width: 479px){ \n#top .avia-slideshow .av-slideshow-caption.av-k4179f0p-82f47a45c821749107be20c2682c4a38__0 .avia-caption-content{\ndisplay:none;\n}\n#top .avia-slideshow .av-slideshow-caption.av-k4179f0p-82f47a45c821749107be20c2682c4a38__0 .avia-caption-content p{\ndisplay:none;\n}\n}\n<\/style>\n<div  class='avia-slideshow av-k4179f0p-82f47a45c821749107be20c2682c4a38 avia-slideshow-featured av_slideshow_full avia-fade-slider vervolgslide av-slideshow-ui av-control-minimal av-slideshow-autoplay av-loop-endless av-loop-manual-endless av-default-height-applied   avia-slideshow-1' data-slideshow-options=\"{&quot;animation&quot;:&quot;fade&quot;,&quot;autoplay&quot;:true,&quot;loop_autoplay&quot;:&quot;endless&quot;,&quot;interval&quot;:5,&quot;loop_manual&quot;:&quot;manual-endless&quot;,&quot;autoplay_stopper&quot;:false,&quot;noNavigation&quot;:false,&quot;bg_slider&quot;:false,&quot;keep_padding&quot;:false,&quot;hoverpause&quot;:false,&quot;show_slide_delay&quot;:0}\"  itemprop=\"image\" itemscope=\"itemscope\" itemtype=\"https:\/\/schema.org\/ImageObject\" ><ul class='avia-slideshow-inner ' style='padding-bottom: 28.666666666667%;'><li  class='avia-slideshow-slide av-k4179f0p-82f47a45c821749107be20c2682c4a38__0  av-single-slide slide-1 slide-odd'><div data-rel='slideshow-1' class='avia-slide-wrap '   ><div class='av-slideshow-caption av-k4179f0p-82f47a45c821749107be20c2682c4a38__0 caption_fullwidth caption_left'><div class=\"container caption_container\"><div class=\"slideshow_caption\"><div class=\"slideshow_inner_caption\"><div class=\"slideshow_align_caption\"><h2 class='avia-caption-title '  itemprop=\"name\" ><span style=\"color: #df4c23;\">-<\/span><br \/>\nSpecials | Designs<\/h2><div class='avia-caption-content '  itemprop=\"description\" ><p>Alle Prokol-Optionen f\u00fcr Sonderausf\u00fchrungen anzeigen<\/p>\n<\/div><\/div><\/div><\/div><\/div><\/div><img decoding=\"async\" fetchpriority=\"high\" class=\"wp-image-3281 avia-img-lazy-loading-not-3281\"  src=\"https:\/\/www.prokol.com\/wp-content\/uploads\/2020\/08\/Banner_meubels-1-1500x430.jpg\" width=\"1500\" height=\"430\" title='Banner_meubels' alt=''  itemprop=\"thumbnailUrl\" srcset=\"https:\/\/www.prokol.com\/wp-content\/uploads\/2020\/08\/Banner_meubels-1.jpg 1500w, https:\/\/www.prokol.com\/wp-content\/uploads\/2020\/08\/Banner_meubels-1-600x172.jpg 600w, https:\/\/www.prokol.com\/wp-content\/uploads\/2020\/08\/Banner_meubels-1-300x86.jpg 300w, https:\/\/www.prokol.com\/wp-content\/uploads\/2020\/08\/Banner_meubels-1-1030x295.jpg 1030w, https:\/\/www.prokol.com\/wp-content\/uploads\/2020\/08\/Banner_meubels-1-768x220.jpg 768w, https:\/\/www.prokol.com\/wp-content\/uploads\/2020\/08\/Banner_meubels-1-705x202.jpg 705w\" sizes=\"(max-width: 1500px) 100vw, 1500px\" \/><div class='av-section-color-overlay' style='opacity: 0.5; background-image: url(https:\/\/www.prokol.com\/wp-content\/uploads\/2019\/12\/Overlay.png); background-repeat: repeat;'><\/div><\/div><\/li><\/ul><\/div><\/div><div id='after_full_slider_1'  class='main_color av_default_container_wrap container_wrap fullsize'  ><div class='container av-section-cont-open' ><div class='template-page content  av-content-full alpha units'><div class='post-entry post-entry-type-page post-entry-19308'><div class='entry-content-wrapper clearfix'>\n\n<style type=\"text\/css\" data-created_by=\"avia_inline_auto\" id=\"style-css-av-cwlsu-fbe150bef55378c938315058dde2e65f\">\n.flex_column.av-cwlsu-fbe150bef55378c938315058dde2e65f{\nborder-radius:0px 0px 0px 0px;\npadding:0px 0px 0px 0px;\n}\n<\/style>\n<div  class='flex_column av-cwlsu-fbe150bef55378c938315058dde2e65f av_one_half  avia-builder-el-1  el_after_av_slideshow_full  el_before_av_one_half  avia-builder-el-first  first flex_column_div av-zero-column-padding  '     ><p><section  class='av_textblock_section av-kqgbazit-82de19848407dfa660cc424b14a8898d '   itemscope=\"itemscope\" itemtype=\"https:\/\/schema.org\/CreativeWork\" ><div class='avia_textblock'  itemprop=\"text\" ><p>In Zusammenarbeit mit K\u00fcnstlern, Architekten und ausf\u00fchrenden Unternehmen entstehen die fantastischsten Designs. Ein wichtiger Teil der Entwicklung des endg\u00fcltigen Designs ist die Hotspray-Technik von Prokol. Formfreiheit ist hier das wichtigste Stichwort. In Kombination mit allen anderen Eigenschaften dieser einzigartigen Beschichtungen ergibt sich eine au\u00dfergew\u00f6hnliche Leistung. In diesem Zusammenhang wurden bereits Projekte f\u00fcr den Flughafen Schiphol (Privium VIP Lounge und Holland Boulevard), die Steuerbeh\u00f6rden, Free Record Shop, Brainwash Kappers, verschiedene Hochschulen und viele andere Unternehmen realisiert.<\/p>\n<p>Die Produkte von Prokol sind f\u00fcr viele Bereiche geeignet. W\u00e4hlen Sie im Men\u00fc auf der rechten Seite einen bestimmten Bereich aus, um die M\u00f6glichkeiten zu sehen.<\/p>\n<p>Auf Wunsch pr\u00fcft ein technischer Berater gemeinsam mit Ihnen die M\u00f6glichkeiten.<\/p>\n<p>Rufen Sie uns direkt an unter +31 85 78 200 20, um einen Termin zu vereinbaren.<\/p>\n<\/div><\/section><br \/>\n\n<style type=\"text\/css\" data-created_by=\"avia_inline_auto\" id=\"style-css-av-kqgbbffo-b912096e5f0ce02b475279642f5e5c94\">\n.avia-image-container.av-kqgbbffo-b912096e5f0ce02b475279642f5e5c94 img.avia_image{\nbox-shadow:none;\n}\n.avia-image-container.av-kqgbbffo-b912096e5f0ce02b475279642f5e5c94 .av-image-caption-overlay-center{\ncolor:#ffffff;\n}\n<\/style>\n<div  class='avia-image-container av-kqgbbffo-b912096e5f0ce02b475279642f5e5c94 av-styling- avia-align-center  avia-builder-el-3  el_after_av_textblock  avia-builder-el-last '   itemprop=\"image\" itemscope=\"itemscope\" itemtype=\"https:\/\/schema.org\/ImageObject\" ><div class=\"avia-image-container-inner\"><div class=\"avia-image-overlay-wrap\"><img decoding=\"async\" fetchpriority=\"high\" class='wp-image-11341 avia-img-lazy-loading-not-11341 avia_image ' src=\"https:\/\/www.prokol.com\/wp-content\/uploads\/Blob_02-1030x703.jpg\" alt='' title='Blob_02'  height=\"703\" width=\"1030\"  itemprop=\"thumbnailUrl\" srcset=\"https:\/\/www.prokol.com\/wp-content\/uploads\/Blob_02-1030x703.jpg 1030w, https:\/\/www.prokol.com\/wp-content\/uploads\/Blob_02-scaled-600x410.jpg 600w, https:\/\/www.prokol.com\/wp-content\/uploads\/Blob_02-300x205.jpg 300w, https:\/\/www.prokol.com\/wp-content\/uploads\/Blob_02-768x524.jpg 768w, https:\/\/www.prokol.com\/wp-content\/uploads\/Blob_02-1536x1049.jpg 1536w, https:\/\/www.prokol.com\/wp-content\/uploads\/Blob_02-2048x1398.jpg 2048w, https:\/\/www.prokol.com\/wp-content\/uploads\/Blob_02-1500x1024.jpg 1500w, https:\/\/www.prokol.com\/wp-content\/uploads\/Blob_02-705x481.jpg 705w, https:\/\/www.prokol.com\/wp-content\/uploads\/Blob_02-220x150.jpg 220w, https:\/\/www.prokol.com\/wp-content\/uploads\/Blob_02-24x16.jpg 24w, https:\/\/www.prokol.com\/wp-content\/uploads\/Blob_02-36x25.jpg 36w, https:\/\/www.prokol.com\/wp-content\/uploads\/Blob_02-48x33.jpg 48w\" sizes=\"(max-width: 1030px) 100vw, 1030px\" \/><\/div><\/div><\/div><\/p><\/div>\n\n<style type=\"text\/css\" data-created_by=\"avia_inline_auto\" id=\"style-css-av-bmsvq-3b53f3eca86a83c5aae94f20e3e5989d\">\n.flex_column.av-bmsvq-3b53f3eca86a83c5aae94f20e3e5989d{\nborder-radius:0px 0px 0px 0px;\npadding:0px 0px 0px 0px;\n}\n<\/style>\n<div  class='flex_column av-bmsvq-3b53f3eca86a83c5aae94f20e3e5989d av_one_half  avia-builder-el-4  el_after_av_one_half  avia-builder-el-last  flex_column_div av-zero-column-padding  '     ><div  class='avia-icon-list-container av-kqgb9egt-a3de8582eb3dfa0489c645543212219a  avia-builder-el-5  avia-builder-el-no-sibling '><ul class='avia-icon-list avia_animate_when_almost_visible avia-icon-list-left av-iconlist-big av-kqgb9egt-a3de8582eb3dfa0489c645543212219a avia-iconlist-animate'>\n<li><div class='iconlist_icon av-kqgb9dua-ea19fdc973fcdccdf9bb1e90ec5b7e49 avia-font-entypo-fontello'><span class='iconlist-char' aria-hidden='true' data-av_icon='\ue819' data-av_iconfont='entypo-fontello'><\/span><\/div><article class=\"article-icon-entry av-iconlist-empty\"  itemscope=\"itemscope\" itemtype=\"https:\/\/schema.org\/CreativeWork\" ><div class=\"iconlist_content_wrap\"><header class=\"entry-content-header\"><h4 class='av_iconlist_title iconlist_title  '  itemprop=\"headline\" ><a href='https:\/\/www.prokol.com\/de\/?page_id=19058' title='BLOB-Architektur'>BLOB-Architektur<\/a><\/h4><\/header><div class='iconlist_content '  itemprop=\"text\" ><\/div><\/div><footer class=\"entry-footer\"><\/footer><\/article><div class=\"iconlist-timeline\"><\/div><\/li>\n<li><div class='iconlist_icon av-kqgb9dua-391b5a0cb6cd8881f1ea8eb0250dc121 avia-font-entypo-fontello'><span class='iconlist-char' aria-hidden='true' data-av_icon='\ue819' data-av_iconfont='entypo-fontello'><\/span><\/div><article class=\"article-icon-entry av-iconlist-empty\"  itemscope=\"itemscope\" itemtype=\"https:\/\/schema.org\/CreativeWork\" ><div class=\"iconlist_content_wrap\"><header class=\"entry-content-header\"><h4 class='av_iconlist_title iconlist_title  '  itemprop=\"headline\" ><a href='https:\/\/www.prokol.com\/de\/?page_id=19039' title='Schwimmende Strukturen'>Schwimmende Strukturen<\/a><\/h4><\/header><div class='iconlist_content '  itemprop=\"text\" ><\/div><\/div><footer class=\"entry-footer\"><\/footer><\/article><div class=\"iconlist-timeline\"><\/div><\/li>\n<li><div class='iconlist_icon av-kqgb9dua-93089c1bf6f20d02e7ef25e8805848b8 avia-font-entypo-fontello'><span class='iconlist-char' aria-hidden='true' data-av_icon='\ue819' data-av_iconfont='entypo-fontello'><\/span><\/div><article class=\"article-icon-entry av-iconlist-empty\"  itemscope=\"itemscope\" itemtype=\"https:\/\/schema.org\/CreativeWork\" ><div class=\"iconlist_content_wrap\"><header class=\"entry-content-header\"><h4 class='av_iconlist_title iconlist_title  '  itemprop=\"headline\" ><a href='https:\/\/www.prokol.com\/de\/?page_id=19061' title='Freizeit- und Unterhaltungssektor'>Freizeit- und Unterhaltungssektor<\/a><\/h4><\/header><div class='iconlist_content '  itemprop=\"text\" ><\/div><\/div><footer class=\"entry-footer\"><\/footer><\/article><div class=\"iconlist-timeline\"><\/div><\/li>\n<\/ul><\/div><\/div>\n","protected":false},"excerpt":{"rendered":"","protected":false},"author":1,"featured_media":0,"parent":19327,"menu_order":0,"comment_status":"closed","ping_status":"closed","template":"","meta":{"inline_featured_image":false,"footnotes":""},"tags":[],"class_list":["post-19308","page","type-page","status-publish","hentry"],"yoast_head":"<!-- This site is optimized with the Yoast SEO plugin v27.2 - https:\/\/yoast.com\/product\/yoast-seo-wordpress\/ -->\n<title>Sonderausf\u00fchrungen und Anwendungen mit Prokol polyurea hotspray.<\/title>\n<meta name=\"robots\" content=\"index, follow, max-snippet:-1, max-image-preview:large, max-video-preview:-1\" \/>\n<link rel=\"canonical\" href=\"https:\/\/www.prokol.com\/de\/anwendungen\/specials-design\/\" \/>\n<meta property=\"og:locale\" content=\"de_DE\" \/>\n<meta property=\"og:type\" content=\"article\" \/>\n<meta property=\"og:title\" content=\"Sonderausf\u00fchrungen und Anwendungen mit Prokol polyurea hotspray.\" \/>\n<meta property=\"og:url\" content=\"https:\/\/www.prokol.com\/de\/anwendungen\/specials-design\/\" \/>\n<meta property=\"og:site_name\" content=\"Prokol Protective Coatings\" \/>\n<meta property=\"article:modified_time\" content=\"2023-07-27T10:15:56+00:00\" \/>\n<meta name=\"twitter:card\" content=\"summary_large_image\" \/>\n<meta name=\"twitter:label1\" content=\"Gesch\u00e4tzte Lesezeit\" \/>\n\t<meta name=\"twitter:data1\" content=\"5\u00a0Minuten\" \/>\n<script type=\"application\/ld+json\" class=\"yoast-schema-graph\">{\"@context\":\"https:\/\/schema.org\",\"@graph\":[{\"@type\":\"WebPage\",\"@id\":\"https:\/\/www.prokol.com\/de\/anwendungen\/specials-design\/\",\"url\":\"https:\/\/www.prokol.com\/de\/anwendungen\/specials-design\/\",\"name\":\"Sonderausf\u00fchrungen und Anwendungen mit Prokol polyurea hotspray.\",\"isPartOf\":{\"@id\":\"https:\/\/www.prokol.com\/de\/#website\"},\"datePublished\":\"2022-05-06T07:24:32+00:00\",\"dateModified\":\"2023-07-27T10:15:56+00:00\",\"breadcrumb\":{\"@id\":\"https:\/\/www.prokol.com\/de\/anwendungen\/specials-design\/#breadcrumb\"},\"inLanguage\":\"de\",\"potentialAction\":[{\"@type\":\"ReadAction\",\"target\":[\"https:\/\/www.prokol.com\/de\/anwendungen\/specials-design\/\"]}]},{\"@type\":\"BreadcrumbList\",\"@id\":\"https:\/\/www.prokol.com\/de\/anwendungen\/specials-design\/#breadcrumb\",\"itemListElement\":[{\"@type\":\"ListItem\",\"position\":1,\"name\":\"Home\",\"item\":\"https:\/\/www.prokol.com\/de\/prokol-home-de\/\"},{\"@type\":\"ListItem\",\"position\":2,\"name\":\"Anwendungen\",\"item\":\"https:\/\/www.prokol.com\/de\/anwendungen\/\"},{\"@type\":\"ListItem\",\"position\":3,\"name\":\"Specials | Design\"}]},{\"@type\":\"WebSite\",\"@id\":\"https:\/\/www.prokol.com\/de\/#website\",\"url\":\"https:\/\/www.prokol.com\/de\/\",\"name\":\"Prokol Protective Coatings\",\"description\":\"POLYUREA HOTSPRAY, GIETVLOEREN EN PARKEERGARAGE COATINGS, VLOEIBARE NAADLOZE KUNSTSTOFFEN\",\"potentialAction\":[{\"@type\":\"SearchAction\",\"target\":{\"@type\":\"EntryPoint\",\"urlTemplate\":\"https:\/\/www.prokol.com\/de\/?s={search_term_string}\"},\"query-input\":{\"@type\":\"PropertyValueSpecification\",\"valueRequired\":true,\"valueName\":\"search_term_string\"}}],\"inLanguage\":\"de\"}]}<\/script>\n<!-- \/ Yoast SEO plugin. -->","yoast_head_json":{"title":"Sonderausf\u00fchrungen und Anwendungen mit Prokol polyurea hotspray.","robots":{"index":"index","follow":"follow","max-snippet":"max-snippet:-1","max-image-preview":"max-image-preview:large","max-video-preview":"max-video-preview:-1"},"canonical":"https:\/\/www.prokol.com\/de\/anwendungen\/specials-design\/","og_locale":"de_DE","og_type":"article","og_title":"Sonderausf\u00fchrungen und Anwendungen mit Prokol polyurea hotspray.","og_url":"https:\/\/www.prokol.com\/de\/anwendungen\/specials-design\/","og_site_name":"Prokol Protective Coatings","article_modified_time":"2023-07-27T10:15:56+00:00","twitter_card":"summary_large_image","twitter_misc":{"Gesch\u00e4tzte Lesezeit":"5\u00a0Minuten"},"schema":{"@context":"https:\/\/schema.org","@graph":[{"@type":"WebPage","@id":"https:\/\/www.prokol.com\/de\/anwendungen\/specials-design\/","url":"https:\/\/www.prokol.com\/de\/anwendungen\/specials-design\/","name":"Sonderausf\u00fchrungen und Anwendungen mit Prokol polyurea hotspray.","isPartOf":{"@id":"https:\/\/www.prokol.com\/de\/#website"},"datePublished":"2022-05-06T07:24:32+00:00","dateModified":"2023-07-27T10:15:56+00:00","breadcrumb":{"@id":"https:\/\/www.prokol.com\/de\/anwendungen\/specials-design\/#breadcrumb"},"inLanguage":"de","potentialAction":[{"@type":"ReadAction","target":["https:\/\/www.prokol.com\/de\/anwendungen\/specials-design\/"]}]},{"@type":"BreadcrumbList","@id":"https:\/\/www.prokol.com\/de\/anwendungen\/specials-design\/#breadcrumb","itemListElement":[{"@type":"ListItem","position":1,"name":"Home","item":"https:\/\/www.prokol.com\/de\/prokol-home-de\/"},{"@type":"ListItem","position":2,"name":"Anwendungen","item":"https:\/\/www.prokol.com\/de\/anwendungen\/"},{"@type":"ListItem","position":3,"name":"Specials | Design"}]},{"@type":"WebSite","@id":"https:\/\/www.prokol.com\/de\/#website","url":"https:\/\/www.prokol.com\/de\/","name":"Prokol Protective Coatings","description":"POLYUREA HOTSPRAY, GIETVLOEREN EN PARKEERGARAGE COATINGS, VLOEIBARE NAADLOZE KUNSTSTOFFEN","potentialAction":[{"@type":"SearchAction","target":{"@type":"EntryPoint","urlTemplate":"https:\/\/www.prokol.com\/de\/?s={search_term_string}"},"query-input":{"@type":"PropertyValueSpecification","valueRequired":true,"valueName":"search_term_string"}}],"inLanguage":"de"}]}},"_links":{"self":[{"href":"https:\/\/www.prokol.com\/de\/wp-json\/wp\/v2\/pages\/19308","targetHints":{"allow":["GET"]}}],"collection":[{"href":"https:\/\/www.prokol.com\/de\/wp-json\/wp\/v2\/pages"}],"about":[{"href":"https:\/\/www.prokol.com\/de\/wp-json\/wp\/v2\/types\/page"}],"author":[{"embeddable":true,"href":"https:\/\/www.prokol.com\/de\/wp-json\/wp\/v2\/users\/1"}],"replies":[{"embeddable":true,"href":"https:\/\/www.prokol.com\/de\/wp-json\/wp\/v2\/comments?post=19308"}],"version-history":[{"count":4,"href":"https:\/\/www.prokol.com\/de\/wp-json\/wp\/v2\/pages\/19308\/revisions"}],"predecessor-version":[{"id":23726,"href":"https:\/\/www.prokol.com\/de\/wp-json\/wp\/v2\/pages\/19308\/revisions\/23726"}],"up":[{"embeddable":true,"href":"https:\/\/www.prokol.com\/de\/wp-json\/wp\/v2\/pages\/19327"}],"wp:attachment":[{"href":"https:\/\/www.prokol.com\/de\/wp-json\/wp\/v2\/media?parent=19308"}],"wp:term":[{"taxonomy":"post_tag","embeddable":true,"href":"https:\/\/www.prokol.com\/de\/wp-json\/wp\/v2\/tags?post=19308"}],"curies":[{"name":"wp","href":"https:\/\/api.w.org\/{rel}","templated":true}]}}