{"id":19311,"date":"2022-05-06T09:26:02","date_gmt":"2022-05-06T07:26:02","guid":{"rendered":"https:\/\/www.prokol.com\/maritim\/"},"modified":"2023-04-19T12:42:17","modified_gmt":"2023-04-19T10:42:17","slug":"maritim","status":"publish","type":"page","link":"https:\/\/www.prokol.com\/de\/anwendungen\/maritim\/","title":{"rendered":"Maritim"},"content":{"rendered":"<div id='full_slider_1'  class='avia-fullwidth-slider main_color avia-shadow   avia-builder-el-0  el_before_av_one_half  avia-builder-el-first  vervolgslide  container_wrap fullsize'  >\n<style type=\"text\/css\" data-created_by=\"avia_inline_auto\" id=\"style-css-av-k4179f0p-82f47a45c821749107be20c2682c4a38\">\n#top #wrap_all .avia-slideshow .av-slideshow-caption.av-k4179f0p-82f47a45c821749107be20c2682c4a38__0 .avia-caption-title{\nfont-size:50px;\n}\n#top .avia-slideshow .av-slideshow-caption.av-k4179f0p-82f47a45c821749107be20c2682c4a38__0 .avia-caption-content{\nfont-size:18px;\n}\n#top .avia-slideshow .av-slideshow-caption.av-k4179f0p-82f47a45c821749107be20c2682c4a38__0 .avia-caption-content p{\nfont-size:18px;\n}\n\n@media only screen and (min-width: 768px) and (max-width: 989px){ \n#top .avia-slideshow .av-slideshow-caption.av-k4179f0p-82f47a45c821749107be20c2682c4a38__0 .avia-caption-content{\ndisplay:none;\n}\n#top .avia-slideshow .av-slideshow-caption.av-k4179f0p-82f47a45c821749107be20c2682c4a38__0 .avia-caption-content p{\ndisplay:none;\n}\n}\n\n@media only screen and (min-width: 480px) and (max-width: 767px){ \n#top .avia-slideshow .av-slideshow-caption.av-k4179f0p-82f47a45c821749107be20c2682c4a38__0 .avia-caption-content{\ndisplay:none;\n}\n#top .avia-slideshow .av-slideshow-caption.av-k4179f0p-82f47a45c821749107be20c2682c4a38__0 .avia-caption-content p{\ndisplay:none;\n}\n}\n\n@media only screen and (max-width: 479px){ \n#top .avia-slideshow .av-slideshow-caption.av-k4179f0p-82f47a45c821749107be20c2682c4a38__0 .avia-caption-content{\ndisplay:none;\n}\n#top .avia-slideshow .av-slideshow-caption.av-k4179f0p-82f47a45c821749107be20c2682c4a38__0 .avia-caption-content p{\ndisplay:none;\n}\n}\n<\/style>\n<div  class='avia-slideshow av-k4179f0p-82f47a45c821749107be20c2682c4a38 avia-slideshow-featured av_slideshow_full avia-fade-slider vervolgslide av-slideshow-ui av-control-minimal av-slideshow-autoplay av-loop-endless av-loop-manual-endless av-default-height-applied   avia-slideshow-1' data-slideshow-options=\"{&quot;animation&quot;:&quot;fade&quot;,&quot;autoplay&quot;:true,&quot;loop_autoplay&quot;:&quot;endless&quot;,&quot;interval&quot;:5,&quot;loop_manual&quot;:&quot;manual-endless&quot;,&quot;autoplay_stopper&quot;:false,&quot;noNavigation&quot;:false,&quot;bg_slider&quot;:false,&quot;keep_padding&quot;:false,&quot;hoverpause&quot;:false,&quot;show_slide_delay&quot;:0}\"  itemprop=\"image\" itemscope=\"itemscope\" itemtype=\"https:\/\/schema.org\/ImageObject\" ><ul class='avia-slideshow-inner ' style='padding-bottom: 28.666666666667%;'><li  class='avia-slideshow-slide av-k4179f0p-82f47a45c821749107be20c2682c4a38__0  av-single-slide slide-1 slide-odd'><div data-rel='slideshow-1' class='avia-slide-wrap '   ><div class='av-slideshow-caption av-k4179f0p-82f47a45c821749107be20c2682c4a38__0 caption_fullwidth caption_left'><div class=\"container caption_container\"><div class=\"slideshow_caption\"><div class=\"slideshow_inner_caption\"><div class=\"slideshow_align_caption\"><h2 class='avia-caption-title '  itemprop=\"name\" >&lt;span style=&quot;color: #df4c23;&quot;&gt;-&lt;\/span&gt;&lt;br&gt;Maritim<\/h2><div class='avia-caption-content '  itemprop=\"description\" ><p>Sehen Sie sich alle Prokol-Optionen f\u00fcr den maritimen Sektor an.<\/p>\n<\/div><\/div><\/div><\/div><\/div><\/div><img decoding=\"async\" fetchpriority=\"high\" class=\"wp-image-8181 avia-img-lazy-loading-not-8181\"  src=\"https:\/\/www.prokol.com\/wp-content\/uploads\/Banner_ferries-1500x430.jpg\" width=\"1500\" height=\"430\" title='F\u00e4hren' alt=''  itemprop=\"thumbnailUrl\" srcset=\"https:\/\/www.prokol.com\/wp-content\/uploads\/Banner_ferries.jpg 1500w, https:\/\/www.prokol.com\/wp-content\/uploads\/Banner_ferries-600x172.jpg 600w, https:\/\/www.prokol.com\/wp-content\/uploads\/Banner_ferries-300x86.jpg 300w, https:\/\/www.prokol.com\/wp-content\/uploads\/Banner_ferries-1030x295.jpg 1030w, https:\/\/www.prokol.com\/wp-content\/uploads\/Banner_ferries-768x220.jpg 768w, https:\/\/www.prokol.com\/wp-content\/uploads\/Banner_ferries-705x202.jpg 705w, https:\/\/www.prokol.com\/wp-content\/uploads\/Banner_ferries-24x7.jpg 24w, https:\/\/www.prokol.com\/wp-content\/uploads\/Banner_ferries-36x10.jpg 36w, https:\/\/www.prokol.com\/wp-content\/uploads\/Banner_ferries-48x14.jpg 48w\" sizes=\"(max-width: 1500px) 100vw, 1500px\" \/><div class='av-section-color-overlay' style='opacity: 0.5; background-image: url(https:\/\/www.prokol.com\/wp-content\/uploads\/2019\/12\/Overlay.png); background-repeat: repeat;'><\/div><\/div><\/li><\/ul><\/div><\/div><div id='after_full_slider_1'  class='main_color av_default_container_wrap container_wrap fullsize'  ><div class='container av-section-cont-open' ><div class='template-page content  av-content-full alpha units'><div class='post-entry post-entry-type-page post-entry-19311'><div class='entry-content-wrapper clearfix'>\n\n<style type=\"text\/css\" data-created_by=\"avia_inline_auto\" id=\"style-css-av-3oz0ju-b410a3882693542cf0763f79fa0cb021\">\n.flex_column.av-3oz0ju-b410a3882693542cf0763f79fa0cb021{\nborder-radius:0px 0px 0px 0px;\npadding:0px 0px 0px 0px;\n}\n<\/style>\n<div  class='flex_column av-3oz0ju-b410a3882693542cf0763f79fa0cb021 av_one_half  avia-builder-el-1  el_after_av_slideshow_full  el_before_av_one_half  avia-builder-el-first  first flex_column_div av-zero-column-padding  '     ><p><section  class='av_textblock_section av-kqgbcft0-55c5126fb449620522e982c411abe451 '   itemscope=\"itemscope\" itemtype=\"https:\/\/schema.org\/CreativeWork\" ><div class='avia_textblock'  itemprop=\"text\" ><p>Der maritime Sektor hat immer mit einer starken Naturgewalt zu tun, und das ist das Wasser. Die ordnungsgem\u00e4\u00dfe Abdichtung von Fl\u00e4chen und R\u00e4umen ist daher eine der h\u00f6chsten Priorit\u00e4ten. Die Systeme und Produkte von Prokol eignen sich ideal f\u00fcr diesen Zweck und bieten dar\u00fcber hinaus Vorteile wie Schutz vor Rost und Korrosion.<\/p>\n<p>Die Produkte von Prokol sind f\u00fcr viele Bereiche geeignet. W\u00e4hlen Sie im Men\u00fc auf der rechten Seite einen bestimmten Bereich aus, um die M\u00f6glichkeiten zu sehen.<\/p>\n<p>Auf Wunsch pr\u00fcft ein technischer Berater gemeinsam mit Ihnen die M\u00f6glichkeiten.<\/p>\n<p>Rufen Sie uns direkt an unter +31 85 78 200 20, um einen Termin zu vereinbaren.<\/p>\n<\/div><\/section><br \/>\n\n<style type=\"text\/css\" data-created_by=\"avia_inline_auto\" id=\"style-css-av-kqgbegtg-4bfe2fcc7af7172eb86353fb051a029c\">\n.avia-image-container.av-kqgbegtg-4bfe2fcc7af7172eb86353fb051a029c img.avia_image{\nbox-shadow:none;\n}\n.avia-image-container.av-kqgbegtg-4bfe2fcc7af7172eb86353fb051a029c .av-image-caption-overlay-center{\ncolor:#ffffff;\n}\n<\/style>\n<div  class='avia-image-container av-kqgbegtg-4bfe2fcc7af7172eb86353fb051a029c av-styling- avia-align-center  avia-builder-el-3  el_after_av_textblock  avia-builder-el-last '   itemprop=\"image\" itemscope=\"itemscope\" itemtype=\"https:\/\/schema.org\/ImageObject\" ><div class=\"avia-image-container-inner\"><div class=\"avia-image-overlay-wrap\"><img decoding=\"async\" fetchpriority=\"high\" class='wp-image-12310 avia-img-lazy-loading-not-12310 avia_image ' src=\"https:\/\/www.prokol.com\/wp-content\/uploads\/Marineschepen_01-1030x687.jpg\" alt='' title='Marineschepen_01'  height=\"687\" width=\"1030\"  itemprop=\"thumbnailUrl\" srcset=\"https:\/\/www.prokol.com\/wp-content\/uploads\/Marineschepen_01-1030x687.jpg 1030w, https:\/\/www.prokol.com\/wp-content\/uploads\/Marineschepen_01-scaled-600x400.jpg 600w, https:\/\/www.prokol.com\/wp-content\/uploads\/Marineschepen_01-300x200.jpg 300w, https:\/\/www.prokol.com\/wp-content\/uploads\/Marineschepen_01-768x512.jpg 768w, https:\/\/www.prokol.com\/wp-content\/uploads\/Marineschepen_01-1536x1024.jpg 1536w, https:\/\/www.prokol.com\/wp-content\/uploads\/Marineschepen_01-2048x1365.jpg 2048w, https:\/\/www.prokol.com\/wp-content\/uploads\/Marineschepen_01-1500x1000.jpg 1500w, https:\/\/www.prokol.com\/wp-content\/uploads\/Marineschepen_01-705x470.jpg 705w, https:\/\/www.prokol.com\/wp-content\/uploads\/Marineschepen_01-24x16.jpg 24w, https:\/\/www.prokol.com\/wp-content\/uploads\/Marineschepen_01-36x24.jpg 36w, https:\/\/www.prokol.com\/wp-content\/uploads\/Marineschepen_01-48x32.jpg 48w\" sizes=\"(max-width: 1030px) 100vw, 1030px\" \/><\/div><\/div><\/div><\/p><\/div>\n\n<style type=\"text\/css\" data-created_by=\"avia_inline_auto\" id=\"style-css-av-9wpt6-f843ff02d78655bcfc3401a5901d6980\">\n.flex_column.av-9wpt6-f843ff02d78655bcfc3401a5901d6980{\nborder-radius:0px 0px 0px 0px;\npadding:0px 0px 0px 0px;\n}\n<\/style>\n<div  class='flex_column av-9wpt6-f843ff02d78655bcfc3401a5901d6980 av_one_half  avia-builder-el-4  el_after_av_one_half  avia-builder-el-last  flex_column_div av-zero-column-padding  '     ><div  class='avia-icon-list-container av-kqgbe66m-eef1943fc3dbb829bcd95b23ee5cf6f4  avia-builder-el-5  avia-builder-el-no-sibling '><ul class='avia-icon-list avia_animate_when_almost_visible avia-icon-list-left av-iconlist-big av-kqgbe66m-eef1943fc3dbb829bcd95b23ee5cf6f4 avia-iconlist-animate'>\n<li><div class='iconlist_icon av-kqgbd0bf-44c900886e5926b0c17657ad7fe813d5 avia-font-entypo-fontello'><span class='iconlist-char' aria-hidden='true' data-av_icon='\ue819' data-av_iconfont='entypo-fontello'><\/span><\/div><article class=\"article-icon-entry av-iconlist-empty\"  itemscope=\"itemscope\" itemtype=\"https:\/\/schema.org\/CreativeWork\" ><div class=\"iconlist_content_wrap\"><header class=\"entry-content-header\"><h4 class='av_iconlist_title iconlist_title  '  itemprop=\"headline\" ><a href='https:\/\/www.prokol.com\/de\/?page_id=19069' title='F\u00e4hren'>F\u00e4hren<\/a><\/h4><\/header><div class='iconlist_content '  itemprop=\"text\" ><\/div><\/div><footer class=\"entry-footer\"><\/footer><\/article><div class=\"iconlist-timeline\"><\/div><\/li>\n<li><div class='iconlist_icon av-kqgbd0bf-2463b32b48f84906106be4c203bd70a8 avia-font-entypo-fontello'><span class='iconlist-char' aria-hidden='true' data-av_icon='\ue819' data-av_iconfont='entypo-fontello'><\/span><\/div><article class=\"article-icon-entry av-iconlist-empty\"  itemscope=\"itemscope\" itemtype=\"https:\/\/schema.org\/CreativeWork\" ><div class=\"iconlist_content_wrap\"><header class=\"entry-content-header\"><h4 class='av_iconlist_title iconlist_title  '  itemprop=\"headline\" ><a href='https:\/\/www.prokol.com\/de\/?page_id=19072' title='Marineschiffe'>Marineschiffe<\/a><\/h4><\/header><div class='iconlist_content '  itemprop=\"text\" ><\/div><\/div><footer class=\"entry-footer\"><\/footer><\/article><div class=\"iconlist-timeline\"><\/div><\/li>\n<li><div class='iconlist_icon av-kqgbd0bf-8edda6d9441ec553a86fe8c97feec930 avia-font-entypo-fontello'><span class='iconlist-char' aria-hidden='true' data-av_icon='\ue819' data-av_iconfont='entypo-fontello'><\/span><\/div><article class=\"article-icon-entry av-iconlist-empty\"  itemscope=\"itemscope\" itemtype=\"https:\/\/schema.org\/CreativeWork\" ><div class=\"iconlist_content_wrap\"><header class=\"entry-content-header\"><h4 class='av_iconlist_title iconlist_title  '  itemprop=\"headline\" ><a href='https:\/\/www.prokol.com\/de\/?page_id=19075' title='Pontons'>Pontons<\/a><\/h4><\/header><div class='iconlist_content '  itemprop=\"text\" ><\/div><\/div><footer class=\"entry-footer\"><\/footer><\/article><div class=\"iconlist-timeline\"><\/div><\/li>\n<li><div class='iconlist_icon av-kqgbd0bf-d8bdbdce35f64e16e0a77606da03fc2f avia-font-entypo-fontello'><span class='iconlist-char' aria-hidden='true' data-av_icon='\ue819' data-av_iconfont='entypo-fontello'><\/span><\/div><article class=\"article-icon-entry av-iconlist-empty\"  itemscope=\"itemscope\" itemtype=\"https:\/\/schema.org\/CreativeWork\" ><div class=\"iconlist_content_wrap\"><header class=\"entry-content-header\"><h4 class='av_iconlist_title iconlist_title  '  itemprop=\"headline\" ><a href='https:\/\/www.prokol.com\/de\/?page_id=19078' title='RoRo-Decks'>RoRo-Decks<\/a><\/h4><\/header><div class='iconlist_content '  itemprop=\"text\" ><\/div><\/div><footer class=\"entry-footer\"><\/footer><\/article><div class=\"iconlist-timeline\"><\/div><\/li>\n<li><div class='iconlist_icon av-kqgbd0bf-78f886512985111c653e6109c8d47589 avia-font-entypo-fontello'><span class='iconlist-char' aria-hidden='true' data-av_icon='\ue819' data-av_iconfont='entypo-fontello'><\/span><\/div><article class=\"article-icon-entry av-iconlist-empty\"  itemscope=\"itemscope\" itemtype=\"https:\/\/schema.org\/CreativeWork\" ><div class=\"iconlist_content_wrap\"><header class=\"entry-content-header\"><h4 class='av_iconlist_title iconlist_title  '  itemprop=\"headline\" ><a href='https:\/\/www.prokol.com\/de\/?page_id=19081' title='Anwendungen in der Schifffahrt'>Anwendungen in der Schifffahrt<\/a><\/h4><\/header><div class='iconlist_content '  itemprop=\"text\" ><\/div><\/div><footer class=\"entry-footer\"><\/footer><\/article><div class=\"iconlist-timeline\"><\/div><\/li>\n<\/ul><\/div><\/div>\n","protected":false},"excerpt":{"rendered":"","protected":false},"author":3,"featured_media":0,"parent":19327,"menu_order":0,"comment_status":"closed","ping_status":"closed","template":"","meta":{"inline_featured_image":false,"footnotes":""},"tags":[],"class_list":["post-19311","page","type-page","status-publish","hentry"],"yoast_head":"<!-- This site is optimized with the Yoast SEO plugin v27.2 - https:\/\/yoast.com\/product\/yoast-seo-wordpress\/ -->\n<title>Maritim - Prokol Protective Coatings<\/title>\n<meta name=\"robots\" content=\"index, follow, max-snippet:-1, max-image-preview:large, max-video-preview:-1\" \/>\n<link rel=\"canonical\" href=\"https:\/\/www.prokol.com\/de\/anwendungen\/maritim\/\" \/>\n<meta property=\"og:locale\" content=\"de_DE\" \/>\n<meta property=\"og:type\" content=\"article\" \/>\n<meta property=\"og:title\" content=\"Maritim - Prokol Protective Coatings\" \/>\n<meta property=\"og:url\" content=\"https:\/\/www.prokol.com\/de\/anwendungen\/maritim\/\" \/>\n<meta property=\"og:site_name\" content=\"Prokol Protective Coatings\" \/>\n<meta property=\"article:modified_time\" content=\"2023-04-19T10:42:17+00:00\" \/>\n<meta name=\"twitter:card\" content=\"summary_large_image\" \/>\n<meta name=\"twitter:label1\" content=\"Gesch\u00e4tzte Lesezeit\" \/>\n\t<meta name=\"twitter:data1\" content=\"5\u00a0Minuten\" \/>\n<script type=\"application\/ld+json\" class=\"yoast-schema-graph\">{\"@context\":\"https:\/\/schema.org\",\"@graph\":[{\"@type\":\"WebPage\",\"@id\":\"https:\/\/www.prokol.com\/de\/anwendungen\/maritim\/\",\"url\":\"https:\/\/www.prokol.com\/de\/anwendungen\/maritim\/\",\"name\":\"Maritim - Prokol Protective Coatings\",\"isPartOf\":{\"@id\":\"https:\/\/www.prokol.com\/de\/#website\"},\"datePublished\":\"2022-05-06T07:26:02+00:00\",\"dateModified\":\"2023-04-19T10:42:17+00:00\",\"breadcrumb\":{\"@id\":\"https:\/\/www.prokol.com\/de\/anwendungen\/maritim\/#breadcrumb\"},\"inLanguage\":\"de\",\"potentialAction\":[{\"@type\":\"ReadAction\",\"target\":[\"https:\/\/www.prokol.com\/de\/anwendungen\/maritim\/\"]}]},{\"@type\":\"BreadcrumbList\",\"@id\":\"https:\/\/www.prokol.com\/de\/anwendungen\/maritim\/#breadcrumb\",\"itemListElement\":[{\"@type\":\"ListItem\",\"position\":1,\"name\":\"Home\",\"item\":\"https:\/\/www.prokol.com\/de\/prokol-home-de\/\"},{\"@type\":\"ListItem\",\"position\":2,\"name\":\"Anwendungen\",\"item\":\"https:\/\/www.prokol.com\/de\/anwendungen\/\"},{\"@type\":\"ListItem\",\"position\":3,\"name\":\"Maritim\"}]},{\"@type\":\"WebSite\",\"@id\":\"https:\/\/www.prokol.com\/de\/#website\",\"url\":\"https:\/\/www.prokol.com\/de\/\",\"name\":\"Prokol Protective Coatings\",\"description\":\"POLYUREA HOTSPRAY, GIETVLOEREN EN PARKEERGARAGE COATINGS, VLOEIBARE NAADLOZE KUNSTSTOFFEN\",\"potentialAction\":[{\"@type\":\"SearchAction\",\"target\":{\"@type\":\"EntryPoint\",\"urlTemplate\":\"https:\/\/www.prokol.com\/de\/?s={search_term_string}\"},\"query-input\":{\"@type\":\"PropertyValueSpecification\",\"valueRequired\":true,\"valueName\":\"search_term_string\"}}],\"inLanguage\":\"de\"}]}<\/script>\n<!-- \/ Yoast SEO plugin. -->","yoast_head_json":{"title":"Maritim - Prokol Protective Coatings","robots":{"index":"index","follow":"follow","max-snippet":"max-snippet:-1","max-image-preview":"max-image-preview:large","max-video-preview":"max-video-preview:-1"},"canonical":"https:\/\/www.prokol.com\/de\/anwendungen\/maritim\/","og_locale":"de_DE","og_type":"article","og_title":"Maritim - Prokol Protective Coatings","og_url":"https:\/\/www.prokol.com\/de\/anwendungen\/maritim\/","og_site_name":"Prokol Protective Coatings","article_modified_time":"2023-04-19T10:42:17+00:00","twitter_card":"summary_large_image","twitter_misc":{"Gesch\u00e4tzte Lesezeit":"5\u00a0Minuten"},"schema":{"@context":"https:\/\/schema.org","@graph":[{"@type":"WebPage","@id":"https:\/\/www.prokol.com\/de\/anwendungen\/maritim\/","url":"https:\/\/www.prokol.com\/de\/anwendungen\/maritim\/","name":"Maritim - Prokol Protective Coatings","isPartOf":{"@id":"https:\/\/www.prokol.com\/de\/#website"},"datePublished":"2022-05-06T07:26:02+00:00","dateModified":"2023-04-19T10:42:17+00:00","breadcrumb":{"@id":"https:\/\/www.prokol.com\/de\/anwendungen\/maritim\/#breadcrumb"},"inLanguage":"de","potentialAction":[{"@type":"ReadAction","target":["https:\/\/www.prokol.com\/de\/anwendungen\/maritim\/"]}]},{"@type":"BreadcrumbList","@id":"https:\/\/www.prokol.com\/de\/anwendungen\/maritim\/#breadcrumb","itemListElement":[{"@type":"ListItem","position":1,"name":"Home","item":"https:\/\/www.prokol.com\/de\/prokol-home-de\/"},{"@type":"ListItem","position":2,"name":"Anwendungen","item":"https:\/\/www.prokol.com\/de\/anwendungen\/"},{"@type":"ListItem","position":3,"name":"Maritim"}]},{"@type":"WebSite","@id":"https:\/\/www.prokol.com\/de\/#website","url":"https:\/\/www.prokol.com\/de\/","name":"Prokol Protective Coatings","description":"POLYUREA HOTSPRAY, GIETVLOEREN EN PARKEERGARAGE COATINGS, VLOEIBARE NAADLOZE KUNSTSTOFFEN","potentialAction":[{"@type":"SearchAction","target":{"@type":"EntryPoint","urlTemplate":"https:\/\/www.prokol.com\/de\/?s={search_term_string}"},"query-input":{"@type":"PropertyValueSpecification","valueRequired":true,"valueName":"search_term_string"}}],"inLanguage":"de"}]}},"_links":{"self":[{"href":"https:\/\/www.prokol.com\/de\/wp-json\/wp\/v2\/pages\/19311","targetHints":{"allow":["GET"]}}],"collection":[{"href":"https:\/\/www.prokol.com\/de\/wp-json\/wp\/v2\/pages"}],"about":[{"href":"https:\/\/www.prokol.com\/de\/wp-json\/wp\/v2\/types\/page"}],"author":[{"embeddable":true,"href":"https:\/\/www.prokol.com\/de\/wp-json\/wp\/v2\/users\/3"}],"replies":[{"embeddable":true,"href":"https:\/\/www.prokol.com\/de\/wp-json\/wp\/v2\/comments?post=19311"}],"version-history":[{"count":2,"href":"https:\/\/www.prokol.com\/de\/wp-json\/wp\/v2\/pages\/19311\/revisions"}],"predecessor-version":[{"id":19313,"href":"https:\/\/www.prokol.com\/de\/wp-json\/wp\/v2\/pages\/19311\/revisions\/19313"}],"up":[{"embeddable":true,"href":"https:\/\/www.prokol.com\/de\/wp-json\/wp\/v2\/pages\/19327"}],"wp:attachment":[{"href":"https:\/\/www.prokol.com\/de\/wp-json\/wp\/v2\/media?parent=19311"}],"wp:term":[{"taxonomy":"post_tag","embeddable":true,"href":"https:\/\/www.prokol.com\/de\/wp-json\/wp\/v2\/tags?post=19311"}],"curies":[{"name":"wp","href":"https:\/\/api.w.org\/{rel}","templated":true}]}}