{"id":19317,"date":"2022-05-06T09:33:26","date_gmt":"2022-05-06T07:33:26","guid":{"rendered":"https:\/\/www.prokol.com\/tiefbau-infrastruktur-schienenverkehr\/"},"modified":"2022-05-06T09:33:27","modified_gmt":"2022-05-06T07:33:27","slug":"tiefbau-infrastruktur-schienenverkehr","status":"publish","type":"page","link":"https:\/\/www.prokol.com\/de\/anwendungen\/tiefbau-infrastruktur-schienenverkehr\/","title":{"rendered":"Tiefbau | Infrastruktur | Schienenverkehr"},"content":{"rendered":"<div id='full_slider_1'  class='avia-fullwidth-slider main_color avia-shadow   avia-builder-el-0  el_before_av_one_half  avia-builder-el-first  vervolgslide  container_wrap fullsize'  >\n<style type=\"text\/css\" data-created_by=\"avia_inline_auto\" id=\"style-css-av-k4179f0p-82f47a45c821749107be20c2682c4a38\">\n#top #wrap_all .avia-slideshow .av-slideshow-caption.av-k4179f0p-82f47a45c821749107be20c2682c4a38__0 .avia-caption-title{\nfont-size:50px;\n}\n#top .avia-slideshow .av-slideshow-caption.av-k4179f0p-82f47a45c821749107be20c2682c4a38__0 .avia-caption-content{\nfont-size:18px;\n}\n#top .avia-slideshow .av-slideshow-caption.av-k4179f0p-82f47a45c821749107be20c2682c4a38__0 .avia-caption-content p{\nfont-size:18px;\n}\n\n@media only screen and (min-width: 768px) and (max-width: 989px){ \n#top .avia-slideshow .av-slideshow-caption.av-k4179f0p-82f47a45c821749107be20c2682c4a38__0 .avia-caption-content{\ndisplay:none;\n}\n#top .avia-slideshow .av-slideshow-caption.av-k4179f0p-82f47a45c821749107be20c2682c4a38__0 .avia-caption-content p{\ndisplay:none;\n}\n}\n\n@media only screen and (min-width: 480px) and (max-width: 767px){ \n#top .avia-slideshow .av-slideshow-caption.av-k4179f0p-82f47a45c821749107be20c2682c4a38__0 .avia-caption-content{\ndisplay:none;\n}\n#top .avia-slideshow .av-slideshow-caption.av-k4179f0p-82f47a45c821749107be20c2682c4a38__0 .avia-caption-content p{\ndisplay:none;\n}\n}\n\n@media only screen and (max-width: 479px){ \n#top .avia-slideshow .av-slideshow-caption.av-k4179f0p-82f47a45c821749107be20c2682c4a38__0 .avia-caption-content{\ndisplay:none;\n}\n#top .avia-slideshow .av-slideshow-caption.av-k4179f0p-82f47a45c821749107be20c2682c4a38__0 .avia-caption-content p{\ndisplay:none;\n}\n}\n<\/style>\n<div  class='avia-slideshow av-k4179f0p-82f47a45c821749107be20c2682c4a38 avia-slideshow-featured av_slideshow_full avia-fade-slider vervolgslide av-slideshow-ui av-control-minimal av-slideshow-autoplay av-loop-endless av-loop-manual-endless av-default-height-applied   avia-slideshow-1' data-slideshow-options=\"{&quot;animation&quot;:&quot;fade&quot;,&quot;autoplay&quot;:true,&quot;loop_autoplay&quot;:&quot;endless&quot;,&quot;interval&quot;:5,&quot;loop_manual&quot;:&quot;manual-endless&quot;,&quot;autoplay_stopper&quot;:false,&quot;noNavigation&quot;:false,&quot;bg_slider&quot;:false,&quot;keep_padding&quot;:false,&quot;hoverpause&quot;:false,&quot;show_slide_delay&quot;:0}\"  itemprop=\"image\" itemscope=\"itemscope\" itemtype=\"https:\/\/schema.org\/ImageObject\" ><ul class='avia-slideshow-inner ' style='padding-bottom: 28.666666666667%;'><li  class='avia-slideshow-slide av-k4179f0p-82f47a45c821749107be20c2682c4a38__0  av-single-slide slide-1 slide-odd'><div data-rel='slideshow-1' class='avia-slide-wrap '   ><div class='av-slideshow-caption av-k4179f0p-82f47a45c821749107be20c2682c4a38__0 caption_fullwidth caption_left'><div class=\"container caption_container\"><div class=\"slideshow_caption\"><div class=\"slideshow_inner_caption\"><div class=\"slideshow_align_caption\"><h2 class='avia-caption-title '  itemprop=\"name\" >&lt;span style=&quot;color: #df4c23;&quot;&gt;-&lt;\/span&gt;&lt;br \/&gt;Zivil | Schiene | Infrastruktur<\/h2><div class='avia-caption-content '  itemprop=\"description\" ><p>Alle Prokol-Optionen f\u00fcr Tiefbau, Infrastruktur und Schienenverkehr anzeigen<\/p>\n<\/div><\/div><\/div><\/div><\/div><\/div><img decoding=\"async\" fetchpriority=\"high\" class=\"wp-image-12429 avia-img-lazy-loading-not-12429\"  src=\"https:\/\/www.prokol.com\/wp-content\/uploads\/Banner_tunnelskopie-1500x430.jpg\" width=\"1500\" height=\"430\" title='Tunnel' alt=''  itemprop=\"thumbnailUrl\" srcset=\"https:\/\/www.prokol.com\/wp-content\/uploads\/Banner_tunnelskopie.jpg 1500w, https:\/\/www.prokol.com\/wp-content\/uploads\/Banner_tunnelskopie-600x172.jpg 600w, https:\/\/www.prokol.com\/wp-content\/uploads\/Banner_tunnelskopie-300x86.jpg 300w, https:\/\/www.prokol.com\/wp-content\/uploads\/Banner_tunnelskopie-1030x295.jpg 1030w, https:\/\/www.prokol.com\/wp-content\/uploads\/Banner_tunnelskopie-768x220.jpg 768w, https:\/\/www.prokol.com\/wp-content\/uploads\/Banner_tunnelskopie-705x202.jpg 705w, https:\/\/www.prokol.com\/wp-content\/uploads\/Banner_tunnelskopie-24x7.jpg 24w, https:\/\/www.prokol.com\/wp-content\/uploads\/Banner_tunnelskopie-36x10.jpg 36w, https:\/\/www.prokol.com\/wp-content\/uploads\/Banner_tunnelskopie-48x14.jpg 48w\" sizes=\"(max-width: 1500px) 100vw, 1500px\" \/><div class='av-section-color-overlay' style='opacity: 0.5; background-image: url(https:\/\/www.prokol.com\/wp-content\/uploads\/2019\/12\/Overlay.png); background-repeat: repeat;'><\/div><\/div><\/li><\/ul><\/div><\/div><div id='after_full_slider_1'  class='main_color av_default_container_wrap container_wrap fullsize'  ><div class='container av-section-cont-open' ><div class='template-page content  av-content-full alpha units'><div class='post-entry post-entry-type-page post-entry-19317'><div class='entry-content-wrapper clearfix'>\n\n<style type=\"text\/css\" data-created_by=\"avia_inline_auto\" id=\"style-css-av-goyth-749202358ce5ea9893b0668d4a9fd261\">\n.flex_column.av-goyth-749202358ce5ea9893b0668d4a9fd261{\nborder-radius:0px 0px 0px 0px;\npadding:0px 0px 0px 0px;\n}\n<\/style>\n<div  class='flex_column av-goyth-749202358ce5ea9893b0668d4a9fd261 av_one_half  avia-builder-el-1  el_after_av_slideshow_full  el_before_av_one_half  avia-builder-el-first  first flex_column_div av-zero-column-padding  '     ><p><section  class='av_textblock_section av-kqgcqgia-9988706eb4519de4bf2597fecf7ead90 '   itemscope=\"itemscope\" itemtype=\"https:\/\/schema.org\/CreativeWork\" ><div class='avia_textblock'  itemprop=\"text\" ><p>Das Stra\u00dfennetz in den Niederlanden wird immer st\u00e4rker belastet. Es werden mehr und mehr Br\u00fccken und Viadukte gebaut, aber wir bauen unser Netz auch unterirdisch weiter aus. All diese Konstruktionen m\u00fcssen gegen die Auswirkungen von Wasser gesch\u00fctzt werden.<br \/>\nAls Hersteller von Fl\u00fcssigdichtungen, spezialisiert auf Polyurea-Hotspray-Systeme, sind wir auf die Abdichtung und den Schutz dieser Konstruktionen spezialisiert.<\/p>\n<p>Die Produkte von Prokol sind f\u00fcr viele Bereiche geeignet. W\u00e4hlen Sie im Men\u00fc auf der rechten Seite einen bestimmten Bereich aus, um die M\u00f6glichkeiten zu sehen.<\/p>\n<p>Auf Wunsch pr\u00fcft ein technischer Berater gemeinsam mit Ihnen die M\u00f6glichkeiten.<\/p>\n<p>Rufen Sie uns direkt an unter +31 85 78 200 20, um einen Termin zu vereinbaren.<\/p>\n<\/div><\/section><br \/>\n\n<style type=\"text\/css\" data-created_by=\"avia_inline_auto\" id=\"style-css-av-kqgcqp60-24fdc2f6b59a99dc67f90657e56a485a\">\n.avia-image-container.av-kqgcqp60-24fdc2f6b59a99dc67f90657e56a485a img.avia_image{\nbox-shadow:none;\n}\n.avia-image-container.av-kqgcqp60-24fdc2f6b59a99dc67f90657e56a485a .av-image-caption-overlay-center{\ncolor:#ffffff;\n}\n<\/style>\n<div  class='avia-image-container av-kqgcqp60-24fdc2f6b59a99dc67f90657e56a485a av-styling- avia-align-center  avia-builder-el-3  el_after_av_textblock  avia-builder-el-last '   itemprop=\"image\" itemscope=\"itemscope\" itemtype=\"https:\/\/schema.org\/ImageObject\" ><div class=\"avia-image-container-inner\"><div class=\"avia-image-overlay-wrap\"><img decoding=\"async\" fetchpriority=\"high\" class='wp-image-12853 avia-img-lazy-loading-not-12853 avia_image ' src=\"https:\/\/www.prokol.com\/wp-content\/uploads\/05-1030x690.jpg\" alt='' title='10022780 - sydney harbour bridge at dusk with twilight background'  height=\"690\" width=\"1030\"  itemprop=\"thumbnailUrl\" srcset=\"https:\/\/www.prokol.com\/wp-content\/uploads\/05-1030x690.jpg 1030w, https:\/\/www.prokol.com\/wp-content\/uploads\/05-scaled-600x402.jpg 600w, https:\/\/www.prokol.com\/wp-content\/uploads\/05-300x201.jpg 300w, https:\/\/www.prokol.com\/wp-content\/uploads\/05-768x514.jpg 768w, https:\/\/www.prokol.com\/wp-content\/uploads\/05-1536x1028.jpg 1536w, https:\/\/www.prokol.com\/wp-content\/uploads\/05-2048x1371.jpg 2048w, https:\/\/www.prokol.com\/wp-content\/uploads\/05-1500x1004.jpg 1500w, https:\/\/www.prokol.com\/wp-content\/uploads\/05-705x472.jpg 705w, https:\/\/www.prokol.com\/wp-content\/uploads\/05-24x16.jpg 24w, https:\/\/www.prokol.com\/wp-content\/uploads\/05-36x24.jpg 36w, https:\/\/www.prokol.com\/wp-content\/uploads\/05-48x32.jpg 48w\" sizes=\"(max-width: 1030px) 100vw, 1030px\" \/><\/div><\/div><\/div><\/p><\/div>\n\n<style type=\"text\/css\" data-created_by=\"avia_inline_auto\" id=\"style-css-av-8bdkd-6d785f02380e6e78d0edf0a7e08a29cc\">\n.flex_column.av-8bdkd-6d785f02380e6e78d0edf0a7e08a29cc{\nborder-radius:0px 0px 0px 0px;\npadding:0px 0px 0px 0px;\n}\n<\/style>\n<div  class='flex_column av-8bdkd-6d785f02380e6e78d0edf0a7e08a29cc av_one_half  avia-builder-el-4  el_after_av_one_half  avia-builder-el-last  flex_column_div av-zero-column-padding  '     ><div  class='avia-icon-list-container av-kqgctgkd-57e4ab75d6cb566c5b2ac65fe54dc51c  avia-builder-el-5  avia-builder-el-no-sibling '><ul class='avia-icon-list avia_animate_when_almost_visible avia-icon-list-left av-iconlist-big av-kqgctgkd-57e4ab75d6cb566c5b2ac65fe54dc51c avia-iconlist-animate'>\n<li><div class='iconlist_icon av-kqgcr56w-6adc92c12cbfb549bcacac6c9b4e2d80 avia-font-entypo-fontello'><span class='iconlist-char' aria-hidden='true' data-av_icon='\ue819' data-av_iconfont='entypo-fontello'><\/span><\/div><article class=\"article-icon-entry av-iconlist-empty\"  itemscope=\"itemscope\" itemtype=\"https:\/\/schema.org\/CreativeWork\" ><div class=\"iconlist_content_wrap\"><header class=\"entry-content-header\"><h4 class='av_iconlist_title iconlist_title  '  itemprop=\"headline\" ><a href='https:\/\/www.prokol.com\/de\/?page_id=19084' title='Br\u00fccken und Viadukte'>Br\u00fccken und Viadukte<\/a><\/h4><\/header><div class='iconlist_content '  itemprop=\"text\" ><\/div><\/div><footer class=\"entry-footer\"><\/footer><\/article><div class=\"iconlist-timeline\"><\/div><\/li>\n<li><div class='iconlist_icon av-kqgcr56w-8d1ab0613f2926e9f128139a9bca75b1 avia-font-entypo-fontello'><span class='iconlist-char' aria-hidden='true' data-av_icon='\ue819' data-av_iconfont='entypo-fontello'><\/span><\/div><article class=\"article-icon-entry av-iconlist-empty\"  itemscope=\"itemscope\" itemtype=\"https:\/\/schema.org\/CreativeWork\" ><div class=\"iconlist_content_wrap\"><header class=\"entry-content-header\"><h4 class='av_iconlist_title iconlist_title  '  itemprop=\"headline\" ><a href='https:\/\/www.prokol.com\/de\/?page_id=19087' title='Markierungen'>Markierungen<\/a><\/h4><\/header><div class='iconlist_content '  itemprop=\"text\" ><\/div><\/div><footer class=\"entry-footer\"><\/footer><\/article><div class=\"iconlist-timeline\"><\/div><\/li>\n<li><div class='iconlist_icon av-kqgcr56w-aa31676cd4095417aa09f41280828940 avia-font-entypo-fontello'><span class='iconlist-char' aria-hidden='true' data-av_icon='\ue819' data-av_iconfont='entypo-fontello'><\/span><\/div><article class=\"article-icon-entry av-iconlist-empty\"  itemscope=\"itemscope\" itemtype=\"https:\/\/schema.org\/CreativeWork\" ><div class=\"iconlist_content_wrap\"><header class=\"entry-content-header\"><h4 class='av_iconlist_title iconlist_title  '  itemprop=\"headline\" ><a href='https:\/\/www.prokol.com\/de\/?page_id=19090' title='Rohrleitungen'>Rohrleitungen<\/a><\/h4><\/header><div class='iconlist_content '  itemprop=\"text\" ><\/div><\/div><footer class=\"entry-footer\"><\/footer><\/article><div class=\"iconlist-timeline\"><\/div><\/li>\n<li><div class='iconlist_icon av-kqgcr56w-3850a8656b56aaafb9ef6c5bbfdb6ca8 avia-font-entypo-fontello'><span class='iconlist-char' aria-hidden='true' data-av_icon='\ue819' data-av_iconfont='entypo-fontello'><\/span><\/div><article class=\"article-icon-entry av-iconlist-empty\"  itemscope=\"itemscope\" itemtype=\"https:\/\/schema.org\/CreativeWork\" ><div class=\"iconlist_content_wrap\"><header class=\"entry-content-header\"><h4 class='av_iconlist_title iconlist_title  '  itemprop=\"headline\" ><a href='https:\/\/www.prokol.com\/de\/?page_id=19093' title='Tunnelausbau innen und au\u00dfen'>Tunnelausbau innen und au\u00dfen<\/a><\/h4><\/header><div class='iconlist_content '  itemprop=\"text\" ><\/div><\/div><footer class=\"entry-footer\"><\/footer><\/article><div class=\"iconlist-timeline\"><\/div><\/li>\n<\/ul><\/div><\/div>\n","protected":false},"excerpt":{"rendered":"","protected":false},"author":1,"featured_media":0,"parent":19327,"menu_order":0,"comment_status":"closed","ping_status":"closed","template":"","meta":{"inline_featured_image":false,"footnotes":""},"tags":[],"class_list":["post-19317","page","type-page","status-publish","hentry"],"yoast_head":"<!-- This site is optimized with the Yoast SEO plugin v27.2 - https:\/\/yoast.com\/product\/yoast-seo-wordpress\/ -->\n<title>Alle Prokol-Optionen f\u00fcr Tiefbau, Infrastruktur und Schienenverkehr anzeigen<\/title>\n<meta name=\"description\" content=\"Alle Prokol-Optionen f\u00fcr Tiefbau, Infrastruktur und Schienenverkehr anzeigen\" \/>\n<meta name=\"robots\" content=\"index, follow, max-snippet:-1, max-image-preview:large, max-video-preview:-1\" \/>\n<link rel=\"canonical\" href=\"https:\/\/www.prokol.com\/de\/anwendungen\/tiefbau-infrastruktur-schienenverkehr\/\" \/>\n<meta property=\"og:locale\" content=\"de_DE\" \/>\n<meta property=\"og:type\" content=\"article\" \/>\n<meta property=\"og:title\" content=\"Alle Prokol-Optionen f\u00fcr Tiefbau, Infrastruktur und Schienenverkehr anzeigen\" \/>\n<meta property=\"og:description\" content=\"Alle Prokol-Optionen f\u00fcr Tiefbau, Infrastruktur und Schienenverkehr anzeigen\" \/>\n<meta property=\"og:url\" content=\"https:\/\/www.prokol.com\/de\/anwendungen\/tiefbau-infrastruktur-schienenverkehr\/\" \/>\n<meta property=\"og:site_name\" content=\"Prokol Protective Coatings\" \/>\n<meta property=\"article:modified_time\" content=\"2022-05-06T07:33:27+00:00\" \/>\n<meta name=\"twitter:card\" content=\"summary_large_image\" \/>\n<meta name=\"twitter:label1\" content=\"Gesch\u00e4tzte Lesezeit\" \/>\n\t<meta name=\"twitter:data1\" content=\"5\u00a0Minuten\" \/>\n<script type=\"application\/ld+json\" class=\"yoast-schema-graph\">{\"@context\":\"https:\/\/schema.org\",\"@graph\":[{\"@type\":\"WebPage\",\"@id\":\"https:\/\/www.prokol.com\/de\/anwendungen\/tiefbau-infrastruktur-schienenverkehr\/\",\"url\":\"https:\/\/www.prokol.com\/de\/anwendungen\/tiefbau-infrastruktur-schienenverkehr\/\",\"name\":\"Alle Prokol-Optionen f\u00fcr Tiefbau, Infrastruktur und Schienenverkehr anzeigen\",\"isPartOf\":{\"@id\":\"https:\/\/www.prokol.com\/de\/#website\"},\"datePublished\":\"2022-05-06T07:33:26+00:00\",\"dateModified\":\"2022-05-06T07:33:27+00:00\",\"description\":\"Alle Prokol-Optionen f\u00fcr Tiefbau, Infrastruktur und Schienenverkehr anzeigen\",\"breadcrumb\":{\"@id\":\"https:\/\/www.prokol.com\/de\/anwendungen\/tiefbau-infrastruktur-schienenverkehr\/#breadcrumb\"},\"inLanguage\":\"de\",\"potentialAction\":[{\"@type\":\"ReadAction\",\"target\":[\"https:\/\/www.prokol.com\/de\/anwendungen\/tiefbau-infrastruktur-schienenverkehr\/\"]}]},{\"@type\":\"BreadcrumbList\",\"@id\":\"https:\/\/www.prokol.com\/de\/anwendungen\/tiefbau-infrastruktur-schienenverkehr\/#breadcrumb\",\"itemListElement\":[{\"@type\":\"ListItem\",\"position\":1,\"name\":\"Home\",\"item\":\"https:\/\/www.prokol.com\/de\/prokol-home-de\/\"},{\"@type\":\"ListItem\",\"position\":2,\"name\":\"Anwendungen\",\"item\":\"https:\/\/www.prokol.com\/de\/anwendungen\/\"},{\"@type\":\"ListItem\",\"position\":3,\"name\":\"Tiefbau | Infrastruktur | Schienenverkehr\"}]},{\"@type\":\"WebSite\",\"@id\":\"https:\/\/www.prokol.com\/de\/#website\",\"url\":\"https:\/\/www.prokol.com\/de\/\",\"name\":\"Prokol Protective Coatings\",\"description\":\"POLYUREA HOTSPRAY, GIETVLOEREN EN PARKEERGARAGE COATINGS, VLOEIBARE NAADLOZE KUNSTSTOFFEN\",\"potentialAction\":[{\"@type\":\"SearchAction\",\"target\":{\"@type\":\"EntryPoint\",\"urlTemplate\":\"https:\/\/www.prokol.com\/de\/?s={search_term_string}\"},\"query-input\":{\"@type\":\"PropertyValueSpecification\",\"valueRequired\":true,\"valueName\":\"search_term_string\"}}],\"inLanguage\":\"de\"}]}<\/script>\n<!-- \/ Yoast SEO plugin. -->","yoast_head_json":{"title":"Alle Prokol-Optionen f\u00fcr Tiefbau, Infrastruktur und Schienenverkehr anzeigen","description":"Alle Prokol-Optionen f\u00fcr Tiefbau, Infrastruktur und Schienenverkehr anzeigen","robots":{"index":"index","follow":"follow","max-snippet":"max-snippet:-1","max-image-preview":"max-image-preview:large","max-video-preview":"max-video-preview:-1"},"canonical":"https:\/\/www.prokol.com\/de\/anwendungen\/tiefbau-infrastruktur-schienenverkehr\/","og_locale":"de_DE","og_type":"article","og_title":"Alle Prokol-Optionen f\u00fcr Tiefbau, Infrastruktur und Schienenverkehr anzeigen","og_description":"Alle Prokol-Optionen f\u00fcr Tiefbau, Infrastruktur und Schienenverkehr anzeigen","og_url":"https:\/\/www.prokol.com\/de\/anwendungen\/tiefbau-infrastruktur-schienenverkehr\/","og_site_name":"Prokol Protective Coatings","article_modified_time":"2022-05-06T07:33:27+00:00","twitter_card":"summary_large_image","twitter_misc":{"Gesch\u00e4tzte Lesezeit":"5\u00a0Minuten"},"schema":{"@context":"https:\/\/schema.org","@graph":[{"@type":"WebPage","@id":"https:\/\/www.prokol.com\/de\/anwendungen\/tiefbau-infrastruktur-schienenverkehr\/","url":"https:\/\/www.prokol.com\/de\/anwendungen\/tiefbau-infrastruktur-schienenverkehr\/","name":"Alle Prokol-Optionen f\u00fcr Tiefbau, Infrastruktur und Schienenverkehr anzeigen","isPartOf":{"@id":"https:\/\/www.prokol.com\/de\/#website"},"datePublished":"2022-05-06T07:33:26+00:00","dateModified":"2022-05-06T07:33:27+00:00","description":"Alle Prokol-Optionen f\u00fcr Tiefbau, Infrastruktur und Schienenverkehr anzeigen","breadcrumb":{"@id":"https:\/\/www.prokol.com\/de\/anwendungen\/tiefbau-infrastruktur-schienenverkehr\/#breadcrumb"},"inLanguage":"de","potentialAction":[{"@type":"ReadAction","target":["https:\/\/www.prokol.com\/de\/anwendungen\/tiefbau-infrastruktur-schienenverkehr\/"]}]},{"@type":"BreadcrumbList","@id":"https:\/\/www.prokol.com\/de\/anwendungen\/tiefbau-infrastruktur-schienenverkehr\/#breadcrumb","itemListElement":[{"@type":"ListItem","position":1,"name":"Home","item":"https:\/\/www.prokol.com\/de\/prokol-home-de\/"},{"@type":"ListItem","position":2,"name":"Anwendungen","item":"https:\/\/www.prokol.com\/de\/anwendungen\/"},{"@type":"ListItem","position":3,"name":"Tiefbau | Infrastruktur | Schienenverkehr"}]},{"@type":"WebSite","@id":"https:\/\/www.prokol.com\/de\/#website","url":"https:\/\/www.prokol.com\/de\/","name":"Prokol Protective Coatings","description":"POLYUREA HOTSPRAY, GIETVLOEREN EN PARKEERGARAGE COATINGS, VLOEIBARE NAADLOZE KUNSTSTOFFEN","potentialAction":[{"@type":"SearchAction","target":{"@type":"EntryPoint","urlTemplate":"https:\/\/www.prokol.com\/de\/?s={search_term_string}"},"query-input":{"@type":"PropertyValueSpecification","valueRequired":true,"valueName":"search_term_string"}}],"inLanguage":"de"}]}},"_links":{"self":[{"href":"https:\/\/www.prokol.com\/de\/wp-json\/wp\/v2\/pages\/19317","targetHints":{"allow":["GET"]}}],"collection":[{"href":"https:\/\/www.prokol.com\/de\/wp-json\/wp\/v2\/pages"}],"about":[{"href":"https:\/\/www.prokol.com\/de\/wp-json\/wp\/v2\/types\/page"}],"author":[{"embeddable":true,"href":"https:\/\/www.prokol.com\/de\/wp-json\/wp\/v2\/users\/1"}],"replies":[{"embeddable":true,"href":"https:\/\/www.prokol.com\/de\/wp-json\/wp\/v2\/comments?post=19317"}],"version-history":[{"count":2,"href":"https:\/\/www.prokol.com\/de\/wp-json\/wp\/v2\/pages\/19317\/revisions"}],"predecessor-version":[{"id":19319,"href":"https:\/\/www.prokol.com\/de\/wp-json\/wp\/v2\/pages\/19317\/revisions\/19319"}],"up":[{"embeddable":true,"href":"https:\/\/www.prokol.com\/de\/wp-json\/wp\/v2\/pages\/19327"}],"wp:attachment":[{"href":"https:\/\/www.prokol.com\/de\/wp-json\/wp\/v2\/media?parent=19317"}],"wp:term":[{"taxonomy":"post_tag","embeddable":true,"href":"https:\/\/www.prokol.com\/de\/wp-json\/wp\/v2\/tags?post=19317"}],"curies":[{"name":"wp","href":"https:\/\/api.w.org\/{rel}","templated":true}]}}