{"id":19323,"date":"2022-05-06T09:36:29","date_gmt":"2022-05-06T07:36:29","guid":{"rendered":"https:\/\/www.prokol.com\/haftungsausschluss\/"},"modified":"2022-05-06T09:36:29","modified_gmt":"2022-05-06T07:36:29","slug":"haftungsausschluss","status":"publish","type":"page","link":"https:\/\/www.prokol.com\/de\/haftungsausschluss\/","title":{"rendered":"Haftungsausschluss"},"content":{"rendered":"<h1>Haftungsausschluss<\/h1>\n<p>Anwendbarkeit der Nutzungsbedingungen der Website<\/p>\n<p>Die folgenden Nutzungsbedingungen gelten f\u00fcr die Nutzung der Prokol-Websites. Durch den Zugriff auf die Prokol-Website und deren Nutzung erkl\u00e4rt sich der Nutzer mit der Anwendbarkeit dieser Nutzungsbedingungen einverstanden.<\/p>\n<p>Haftungsausschluss Website<\/p>\n<p>Diese Website dient nur zu allgemeinen Informationszwecken und die bereitgestellten Informationen sind nicht als Empfehlungen f\u00fcr bestimmte F\u00e4lle gedacht. Die Informationen auf dieser Website werden von Prokol mit anhaltender Sorgfalt und Aufmerksamkeit zusammengestellt und verwaltet. Fehler lassen sich jedoch nicht immer vermeiden. Daher k\u00f6nnen aus den auf der Website bereitgestellten Informationen keinerlei Rechte abgeleitet werden. Prokol \u00fcbernimmt keine Haftung f\u00fcr Sch\u00e4den, die sich in irgendeiner Weise aus der Nutzung der Website oder aus der Unvollst\u00e4ndigkeit und\/oder Unrichtigkeit der auf der Website bereitgestellten Informationen ergeben, und\/oder f\u00fcr Sch\u00e4den, die sich aus der (vor\u00fcbergehenden) Nichtverf\u00fcgbarkeit der Website ergeben.<\/p>\n<p>Die Prokol-Website enth\u00e4lt Verweise und\/oder Hyperlinks zu anderen Websites, die nicht von Prokol verwaltet werden. Diese werden zur Information der Nutzer aufgenommen und in gutem Glauben f\u00fcr die Zielgruppen von Prokol ausgew\u00e4hlt. Prokol \u00fcbernimmt keine Garantie und Haftung f\u00fcr den Inhalt, die Nutzung und die Verf\u00fcgbarkeit solcher Websites.<\/p>\n<p>Prokol garantiert nicht, dass an sie gesendete E-Mails oder andere elektronische Nachrichten rechtzeitig empfangen und verarbeitet werden, und \u00fcbernimmt keine Haftung f\u00fcr die Folgen eines versp\u00e4teten Empfangs oder einer versp\u00e4teten Verarbeitung von gesendeten E-Mails oder anderen elektronischen Nachrichten.<\/p>\n<p>Rechte am geistigen Eigentum<\/p>\n<p>Alle Rechte am geistigen Eigentum, einschlie\u00dflich, aber nicht beschr\u00e4nkt auf Urheberrechte, Markenrechte und Datenbankrechte, an den Informationen, Texten, Bildern, Logos, Fotos und Illustrationen auf dieser Website sowie am Layout und Design dieser Website geh\u00f6ren Prokol und\/oder seinen Lizenzgebern. Die Informationen auf der Website sind nur f\u00fcr den pers\u00f6nlichen, nicht kommerziellen Gebrauch bestimmt. Die Vervielf\u00e4ltigung und Ver\u00f6ffentlichung (von Teilen) des Inhalts dieser Website f\u00fcr den nicht-pers\u00f6nlichen Gebrauch, in welcher Form und auf welche Weise auch immer, ist ohne vorherige schriftliche Zustimmung von Prokol nicht gestattet. Die Einrichtung eines Hyperlinks zu (einer beliebigen Seite) dieser Website ist nach schriftlicher Genehmigung durch Prokol gestattet. Prokol gestattet das Einf\u00fcgen eines Hyperlinks nicht, wenn der Inhalt, die Ausstrahlung oder der Ruf der Gastgeber-Website nach Ansicht von Prokol nicht mit dem Namen und dem Ruf von Prokol, seinen Dienstleistungen, Produkten oder dem Inhalt dieser Website \u00fcbereinstimmt.<\/p>\n<p>Datenschutz<\/p>\n<p>Prokol respektiert die Privatsph\u00e4re aller Nutzer seiner Website und stellt sicher, dass alle pers\u00f6nlichen Informationen, die der Nutzer Prokol (per E-Mail und\/oder Kontaktformular) zur Verf\u00fcgung stellt, immer vertraulich und in \u00dcbereinstimmung mit dem niederl\u00e4ndischen Gesetz zum Schutz personenbezogener Daten behandelt werden. Personenbezogene Daten, die Sie Prokol \u00fcber die Prokol-Website oder per E-Mail zur Verf\u00fcgung stellen, werden ausschlie\u00dflich f\u00fcr den angegebenen Zweck verwendet, beispielsweise zur Beantwortung von Informationsanfragen.<\/p>\n","protected":false},"excerpt":{"rendered":"<p>Haftungsausschluss Anwendbarkeit der Nutzungsbedingungen der Website Die folgenden Nutzungsbedingungen gelten f\u00fcr die Nutzung der Prokol-Websites. Durch den Zugriff auf die Prokol-Website und deren Nutzung erkl\u00e4rt sich der Nutzer mit der Anwendbarkeit dieser Nutzungsbedingungen einverstanden. Haftungsausschluss Website Diese Website dient nur zu allgemeinen Informationszwecken und die bereitgestellten Informationen sind nicht als Empfehlungen f\u00fcr bestimmte F\u00e4lle gedacht. [&hellip;]<\/p>\n","protected":false},"author":1,"featured_media":0,"parent":0,"menu_order":0,"comment_status":"closed","ping_status":"closed","template":"","meta":{"inline_featured_image":false,"footnotes":""},"tags":[],"class_list":["post-19323","page","type-page","status-publish","hentry"],"yoast_head":"<!-- This site is optimized with the Yoast SEO plugin v27.2 - https:\/\/yoast.com\/product\/yoast-seo-wordpress\/ -->\n<title>Haftungsausschluss - Prokol Protective Coatings<\/title>\n<meta name=\"robots\" content=\"index, follow, max-snippet:-1, max-image-preview:large, max-video-preview:-1\" \/>\n<link rel=\"canonical\" href=\"https:\/\/www.prokol.com\/de\/haftungsausschluss\/\" \/>\n<meta property=\"og:locale\" content=\"de_DE\" \/>\n<meta property=\"og:type\" content=\"article\" \/>\n<meta property=\"og:title\" content=\"Haftungsausschluss - Prokol Protective Coatings\" \/>\n<meta property=\"og:description\" content=\"Haftungsausschluss Anwendbarkeit der Nutzungsbedingungen der Website Die folgenden Nutzungsbedingungen gelten f\u00fcr die Nutzung der Prokol-Websites. Durch den Zugriff auf die Prokol-Website und deren Nutzung erkl\u00e4rt sich der Nutzer mit der Anwendbarkeit dieser Nutzungsbedingungen einverstanden. Haftungsausschluss Website Diese Website dient nur zu allgemeinen Informationszwecken und die bereitgestellten Informationen sind nicht als Empfehlungen f\u00fcr bestimmte F\u00e4lle gedacht. [&hellip;]\" \/>\n<meta property=\"og:url\" content=\"https:\/\/www.prokol.com\/de\/haftungsausschluss\/\" \/>\n<meta property=\"og:site_name\" content=\"Prokol Protective Coatings\" \/>\n<meta name=\"twitter:card\" content=\"summary_large_image\" \/>\n<meta name=\"twitter:label1\" content=\"Gesch\u00e4tzte Lesezeit\" \/>\n\t<meta name=\"twitter:data1\" content=\"2\u00a0Minuten\" \/>\n<script type=\"application\/ld+json\" class=\"yoast-schema-graph\">{\"@context\":\"https:\/\/schema.org\",\"@graph\":[{\"@type\":\"WebPage\",\"@id\":\"https:\/\/www.prokol.com\/de\/haftungsausschluss\/\",\"url\":\"https:\/\/www.prokol.com\/de\/haftungsausschluss\/\",\"name\":\"Haftungsausschluss - Prokol Protective Coatings\",\"isPartOf\":{\"@id\":\"https:\/\/www.prokol.com\/de\/#website\"},\"datePublished\":\"2022-05-06T07:36:29+00:00\",\"breadcrumb\":{\"@id\":\"https:\/\/www.prokol.com\/de\/haftungsausschluss\/#breadcrumb\"},\"inLanguage\":\"de\",\"potentialAction\":[{\"@type\":\"ReadAction\",\"target\":[\"https:\/\/www.prokol.com\/de\/haftungsausschluss\/\"]}]},{\"@type\":\"BreadcrumbList\",\"@id\":\"https:\/\/www.prokol.com\/de\/haftungsausschluss\/#breadcrumb\",\"itemListElement\":[{\"@type\":\"ListItem\",\"position\":1,\"name\":\"Home\",\"item\":\"https:\/\/www.prokol.com\/de\/prokol-home-de\/\"},{\"@type\":\"ListItem\",\"position\":2,\"name\":\"Haftungsausschluss\"}]},{\"@type\":\"WebSite\",\"@id\":\"https:\/\/www.prokol.com\/de\/#website\",\"url\":\"https:\/\/www.prokol.com\/de\/\",\"name\":\"Prokol Protective Coatings\",\"description\":\"POLYUREA HOTSPRAY, GIETVLOEREN EN PARKEERGARAGE COATINGS, VLOEIBARE NAADLOZE KUNSTSTOFFEN\",\"potentialAction\":[{\"@type\":\"SearchAction\",\"target\":{\"@type\":\"EntryPoint\",\"urlTemplate\":\"https:\/\/www.prokol.com\/de\/?s={search_term_string}\"},\"query-input\":{\"@type\":\"PropertyValueSpecification\",\"valueRequired\":true,\"valueName\":\"search_term_string\"}}],\"inLanguage\":\"de\"}]}<\/script>\n<!-- \/ Yoast SEO plugin. -->","yoast_head_json":{"title":"Haftungsausschluss - Prokol Protective Coatings","robots":{"index":"index","follow":"follow","max-snippet":"max-snippet:-1","max-image-preview":"max-image-preview:large","max-video-preview":"max-video-preview:-1"},"canonical":"https:\/\/www.prokol.com\/de\/haftungsausschluss\/","og_locale":"de_DE","og_type":"article","og_title":"Haftungsausschluss - Prokol Protective Coatings","og_description":"Haftungsausschluss Anwendbarkeit der Nutzungsbedingungen der Website Die folgenden Nutzungsbedingungen gelten f\u00fcr die Nutzung der Prokol-Websites. Durch den Zugriff auf die Prokol-Website und deren Nutzung erkl\u00e4rt sich der Nutzer mit der Anwendbarkeit dieser Nutzungsbedingungen einverstanden. Haftungsausschluss Website Diese Website dient nur zu allgemeinen Informationszwecken und die bereitgestellten Informationen sind nicht als Empfehlungen f\u00fcr bestimmte F\u00e4lle gedacht. [&hellip;]","og_url":"https:\/\/www.prokol.com\/de\/haftungsausschluss\/","og_site_name":"Prokol Protective Coatings","twitter_card":"summary_large_image","twitter_misc":{"Gesch\u00e4tzte Lesezeit":"2\u00a0Minuten"},"schema":{"@context":"https:\/\/schema.org","@graph":[{"@type":"WebPage","@id":"https:\/\/www.prokol.com\/de\/haftungsausschluss\/","url":"https:\/\/www.prokol.com\/de\/haftungsausschluss\/","name":"Haftungsausschluss - Prokol Protective Coatings","isPartOf":{"@id":"https:\/\/www.prokol.com\/de\/#website"},"datePublished":"2022-05-06T07:36:29+00:00","breadcrumb":{"@id":"https:\/\/www.prokol.com\/de\/haftungsausschluss\/#breadcrumb"},"inLanguage":"de","potentialAction":[{"@type":"ReadAction","target":["https:\/\/www.prokol.com\/de\/haftungsausschluss\/"]}]},{"@type":"BreadcrumbList","@id":"https:\/\/www.prokol.com\/de\/haftungsausschluss\/#breadcrumb","itemListElement":[{"@type":"ListItem","position":1,"name":"Home","item":"https:\/\/www.prokol.com\/de\/prokol-home-de\/"},{"@type":"ListItem","position":2,"name":"Haftungsausschluss"}]},{"@type":"WebSite","@id":"https:\/\/www.prokol.com\/de\/#website","url":"https:\/\/www.prokol.com\/de\/","name":"Prokol Protective Coatings","description":"POLYUREA HOTSPRAY, GIETVLOEREN EN PARKEERGARAGE COATINGS, VLOEIBARE NAADLOZE KUNSTSTOFFEN","potentialAction":[{"@type":"SearchAction","target":{"@type":"EntryPoint","urlTemplate":"https:\/\/www.prokol.com\/de\/?s={search_term_string}"},"query-input":{"@type":"PropertyValueSpecification","valueRequired":true,"valueName":"search_term_string"}}],"inLanguage":"de"}]}},"_links":{"self":[{"href":"https:\/\/www.prokol.com\/de\/wp-json\/wp\/v2\/pages\/19323","targetHints":{"allow":["GET"]}}],"collection":[{"href":"https:\/\/www.prokol.com\/de\/wp-json\/wp\/v2\/pages"}],"about":[{"href":"https:\/\/www.prokol.com\/de\/wp-json\/wp\/v2\/types\/page"}],"author":[{"embeddable":true,"href":"https:\/\/www.prokol.com\/de\/wp-json\/wp\/v2\/users\/1"}],"replies":[{"embeddable":true,"href":"https:\/\/www.prokol.com\/de\/wp-json\/wp\/v2\/comments?post=19323"}],"version-history":[{"count":0,"href":"https:\/\/www.prokol.com\/de\/wp-json\/wp\/v2\/pages\/19323\/revisions"}],"wp:attachment":[{"href":"https:\/\/www.prokol.com\/de\/wp-json\/wp\/v2\/media?parent=19323"}],"wp:term":[{"taxonomy":"post_tag","embeddable":true,"href":"https:\/\/www.prokol.com\/de\/wp-json\/wp\/v2\/tags?post=19323"}],"curies":[{"name":"wp","href":"https:\/\/api.w.org\/{rel}","templated":true}]}}