{"id":21217,"date":"2023-03-13T13:11:40","date_gmt":"2023-03-13T12:11:40","guid":{"rendered":"https:\/\/www.prokol.com\/systemblaetter\/rocapox-ep-vca-r-basis\/"},"modified":"2023-03-13T13:11:41","modified_gmt":"2023-03-13T12:11:41","slug":"rocapox-ep-vca-r-basis","status":"publish","type":"page","link":"https:\/\/www.prokol.com\/de\/systemblaetter\/rocapox-ep-vca-r-basis\/","title":{"rendered":"Rocapox | EP-VCA-R Basis"},"content":{"rendered":"\n<style type=\"text\/css\" data-created_by=\"avia_inline_auto\" id=\"style-css-av-k41c35sm-3770b77f6b1340feea4950ac8746e532\">\n.avia-section.av-k41c35sm-3770b77f6b1340feea4950ac8746e532{\nbackground-color:#df4c23;\nbackground-image:unset;\n}\n.avia-section.av-k41c35sm-3770b77f6b1340feea4950ac8746e532 .av-section-color-overlay{\nopacity:1;\nbackground-image:url(https:\/\/www.prokol.com\/wp-content\/uploads\/Overlay_grijs-1.png);\nbackground-repeat:repeat;\n}\n<\/style>\n<div id='av_section_1'  class='avia-section av-k41c35sm-3770b77f6b1340feea4950ac8746e532 main_color avia-section-default avia-no-border-styling  avia-builder-el-0  el_before_av_three_fifth  avia-builder-el-first  avia-bg-style-fixed av-section-color-overlay-active av-minimum-height av-minimum-height-custom av-height-custom  container_wrap fullsize'   data-av_minimum_height_px='100'><div class=\"av-section-color-overlay-wrap\"><div class=\"av-section-color-overlay\"><\/div><div class='container av-section-cont-open' style='height:100px'><main  role=\"main\" itemprop=\"mainContentOfPage\"  class='template-page content  av-content-full alpha units'><div class='post-entry post-entry-type-page post-entry-21217'><div class='entry-content-wrapper clearfix'>\n\n<style type=\"text\/css\" data-created_by=\"avia_inline_auto\" id=\"style-css-av-k41b79dh-6fa2b98ba6d8a0b7923794e14ef0e248\">\n#top .hr.av-k41b79dh-6fa2b98ba6d8a0b7923794e14ef0e248{\nmargin-top:30px;\nmargin-bottom:0px;\n}\n.hr.av-k41b79dh-6fa2b98ba6d8a0b7923794e14ef0e248 .hr-inner{\nwidth:20px;\nborder-color:#df4c23;\n}\n<\/style>\n<div  class='hr av-k41b79dh-6fa2b98ba6d8a0b7923794e14ef0e248 hr-custom  avia-builder-el-1  el_before_av_heading  avia-builder-el-first  hr-left hr-icon-no'><span class='hr-inner inner-border-av-border-fat'><span class=\"hr-inner-style\"><\/span><\/span><\/div>\n\n<style type=\"text\/css\" data-created_by=\"avia_inline_auto\" id=\"style-css-av-kemr8v3f-2a1919d07abe8c0f8b03f7efaf7897b3\">\n#top .av-special-heading.av-kemr8v3f-2a1919d07abe8c0f8b03f7efaf7897b3{\npadding-bottom:10px;\ncolor:#ffffff;\n}\nbody .av-special-heading.av-kemr8v3f-2a1919d07abe8c0f8b03f7efaf7897b3 .av-special-heading-tag .heading-char{\nfont-size:25px;\n}\n.av-special-heading.av-kemr8v3f-2a1919d07abe8c0f8b03f7efaf7897b3 .special-heading-inner-border{\nborder-color:#ffffff;\n}\n.av-special-heading.av-kemr8v3f-2a1919d07abe8c0f8b03f7efaf7897b3 .av-subheading{\nfont-size:15px;\n}\n<\/style>\n<div  class='av-special-heading av-kemr8v3f-2a1919d07abe8c0f8b03f7efaf7897b3 av-special-heading-h1 custom-color-heading blockquote modern-quote  avia-builder-el-2  el_after_av_hr  avia-builder-el-last  av-linked-heading'><h1 class='av-special-heading-tag'  itemprop=\"headline\"  >Rocapox | EP-VCA-R Basis<\/h1><div class=\"special-heading-border\"><div class=\"special-heading-inner-border\"><\/div><\/div><\/div>\n<\/div><\/div><\/main><!-- close content main element --><\/div><\/div><\/div><div id='after_section_1'  class='main_color av_default_container_wrap container_wrap fullsize'  ><div class='container av-section-cont-open' ><div class='template-page content  av-content-full alpha units'><div class='post-entry post-entry-type-page post-entry-21217'><div class='entry-content-wrapper clearfix'>\n\n<style type=\"text\/css\" data-created_by=\"avia_inline_auto\" id=\"style-css-av-9eqva-66220a1127daf069996efcf46e811b70\">\n.flex_column.av-9eqva-66220a1127daf069996efcf46e811b70{\nborder-radius:0px 0px 0px 0px;\npadding:0px 0px 0px 0px;\n}\n<\/style>\n<div  class='flex_column av-9eqva-66220a1127daf069996efcf46e811b70 av_three_fifth  avia-builder-el-3  el_after_av_section  el_before_av_section  avia-builder-el-no-sibling  first flex_column_div av-zero-column-padding  '     ><section  class='av_textblock_section av-kkwlqg3g-61196d3cab9b12cbad46ee62c00ae88e '   itemscope=\"itemscope\" itemtype=\"https:\/\/schema.org\/CreativeWork\" ><div class='avia_textblock'  itemprop=\"text\" ><p><b>Beschreibung<\/b><\/p>\n<p>Bodenbeschichtung mit rutschhemmender Wirkung auf Basis von l\u00f6sungsmittelfreiem Epoxid f\u00fcr B\u00f6den mit mittlerer Beanspruchung.<span class=\"Apple-converted-space\">\u00a0<\/span><\/p>\n<\/div><\/section><\/div>\n<\/div><\/div><\/div><!-- close content main div --><\/div><\/div>\n<style type=\"text\/css\" data-created_by=\"avia_inline_auto\" id=\"style-css-av-kkwlue26-c4ccf004ddcec7cbd2589472c59aeb9e\">\n.avia-section.av-kkwlue26-c4ccf004ddcec7cbd2589472c59aeb9e{\nbackground-color:#f6f6f6;\nbackground-image:unset;\nmargin-top:-30px;\nmargin-bottom:-30px;\n}\n<\/style>\n<div id='av_section_2'  class='avia-section av-kkwlue26-c4ccf004ddcec7cbd2589472c59aeb9e main_color avia-section-default avia-shadow  avia-builder-el-5  el_after_av_three_fifth  el_before_av_one_full  avia-bg-style-scroll container_wrap fullsize'  ><div class='container av-section-cont-open' ><div class='template-page content  av-content-full alpha units'><div class='post-entry post-entry-type-page post-entry-21217'><div class='entry-content-wrapper clearfix'>\n\n<style type=\"text\/css\" data-created_by=\"avia_inline_auto\" id=\"style-css-av-r5edq-4012e981e3de16a2a2132f3845e6893e\">\n#top .flex_column.av-r5edq-4012e981e3de16a2a2132f3845e6893e{\nmargin-top:0px;\nmargin-bottom:-50px;\n}\n.flex_column.av-r5edq-4012e981e3de16a2a2132f3845e6893e{\nborder-radius:0px 0px 0px 0px;\npadding:0px 0px 0px 0px;\n}\n.responsive #top #wrap_all .flex_column.av-r5edq-4012e981e3de16a2a2132f3845e6893e{\nmargin-top:0px;\nmargin-bottom:-50px;\n}\n<\/style>\n<div  class='flex_column av-r5edq-4012e981e3de16a2a2132f3845e6893e av_one_half  avia-builder-el-6  el_before_av_one_half  avia-builder-el-first  first flex_column_div av-zero-column-padding  '     ><p>\n<style type=\"text\/css\" data-created_by=\"avia_inline_auto\" id=\"style-css-av-kkwly7x8-d02b5aac148b86cc6927764d5507d5fd\">\n#top .hr.hr-invisible.av-kkwly7x8-d02b5aac148b86cc6927764d5507d5fd{\nheight:25px;\n}\n<\/style>\n<div  class='hr av-kkwly7x8-d02b5aac148b86cc6927764d5507d5fd hr-invisible  avia-builder-el-7  el_before_av_textblock  avia-builder-el-first '><span class='hr-inner '><span class=\"hr-inner-style\"><\/span><\/span><\/div><br \/>\n<section  class='av_textblock_section av-kkwlne9e-477ee9f8f49270f5b830170d579f3f8a '   itemscope=\"itemscope\" itemtype=\"https:\/\/schema.org\/CreativeWork\" ><div class='avia_textblock'  itemprop=\"text\" ><h5>Beispiel f\u00fcr das System<\/h5>\n<ol>\n<li>Bereiten Sie den Untergrund richtig vor<\/li>\n<li>Rocapox Resin 100<span class=\"Apple-converted-space\">\u00a0 <\/span>(\u00b1 0,30 kg\/m\u00b2\/Schicht)<\/li>\n<li>Rocapox Flooring R mit 3% Silbersand (\u00b1 0,25 kg\/m\u00b2\/Schicht)<\/li>\n<\/ol>\n<\/div><\/section><\/p><\/div>\n<style type=\"text\/css\" data-created_by=\"avia_inline_auto\" id=\"style-css-av-xb33a-8c56b1a18ad4d91f55c839470940bcc0\">\n#top .flex_column.av-xb33a-8c56b1a18ad4d91f55c839470940bcc0{\nmargin-top:0px;\nmargin-bottom:-50px;\n}\n.flex_column.av-xb33a-8c56b1a18ad4d91f55c839470940bcc0{\nborder-radius:0px 0px 0px 0px;\npadding:0px 0px 0px 0px;\nbackground-color:f6f6f6;\n}\n.responsive #top #wrap_all .flex_column.av-xb33a-8c56b1a18ad4d91f55c839470940bcc0{\nmargin-top:0px;\nmargin-bottom:-50px;\n}\n<\/style>\n<div  class='flex_column av-xb33a-8c56b1a18ad4d91f55c839470940bcc0 av_one_half  avia-builder-el-9  el_after_av_one_half  el_before_av_hr  flex_column_div av-zero-column-padding  '     ><style type=\"text\/css\" data-created_by=\"avia_inline_auto\" id=\"style-css-av-kkwloanf-388c711945cc2736098080ba136aca2c\">\n.avia-image-container.av-kkwloanf-388c711945cc2736098080ba136aca2c img.avia_image{\nbox-shadow:none;\n}\n.avia-image-container.av-kkwloanf-388c711945cc2736098080ba136aca2c .av-image-caption-overlay-center{\ncolor:#ffffff;\n}\n<\/style>\n<div  class='avia-image-container av-kkwloanf-388c711945cc2736098080ba136aca2c av-styling- avia-align-left  avia-builder-el-10  avia-builder-el-no-sibling '   itemprop=\"image\" itemscope=\"itemscope\" itemtype=\"https:\/\/schema.org\/ImageObject\" ><div class=\"avia-image-container-inner\"><div class=\"avia-image-overlay-wrap\"><a href=\"https:\/\/www.prokol.com\/wp-content\/uploads\/Lagentekening_rood-1030x954.png\" data-srcset=\"https:\/\/www.prokol.com\/wp-content\/uploads\/Lagentekening_rood-1030x954.png 1030w, https:\/\/www.prokol.com\/wp-content\/uploads\/Lagentekening_rood-600x556.png 600w, https:\/\/www.prokol.com\/wp-content\/uploads\/Lagentekening_rood-300x278.png 300w, https:\/\/www.prokol.com\/wp-content\/uploads\/Lagentekening_rood-768x711.png 768w, https:\/\/www.prokol.com\/wp-content\/uploads\/Lagentekening_rood-1536x1422.png 1536w, https:\/\/www.prokol.com\/wp-content\/uploads\/Lagentekening_rood-2048x1896.png 2048w, https:\/\/www.prokol.com\/wp-content\/uploads\/Lagentekening_rood-1500x1389.png 1500w, https:\/\/www.prokol.com\/wp-content\/uploads\/Lagentekening_rood-705x653.png 705w, https:\/\/www.prokol.com\/wp-content\/uploads\/Lagentekening_rood-24x22.png 24w, https:\/\/www.prokol.com\/wp-content\/uploads\/Lagentekening_rood-36x33.png 36w, https:\/\/www.prokol.com\/wp-content\/uploads\/Lagentekening_rood-48x44.png 48w\" data-sizes=\"(max-width: 1030px) 100vw, 1030px\" class='avia_image'  aria-label='Lagentekening_rood'><img decoding=\"async\" fetchpriority=\"high\" class='wp-image-15531 avia-img-lazy-loading-not-15531 avia_image ' src=\"https:\/\/www.prokol.com\/wp-content\/uploads\/Lagentekening_rood-300x278.png\" alt='' title='Lagentekening_rood'  height=\"278\" width=\"300\"  itemprop=\"thumbnailUrl\" srcset=\"https:\/\/www.prokol.com\/wp-content\/uploads\/Lagentekening_rood-300x278.png 300w, https:\/\/www.prokol.com\/wp-content\/uploads\/Lagentekening_rood-600x556.png 600w, https:\/\/www.prokol.com\/wp-content\/uploads\/Lagentekening_rood-1030x954.png 1030w, https:\/\/www.prokol.com\/wp-content\/uploads\/Lagentekening_rood-768x711.png 768w, https:\/\/www.prokol.com\/wp-content\/uploads\/Lagentekening_rood-1536x1422.png 1536w, https:\/\/www.prokol.com\/wp-content\/uploads\/Lagentekening_rood-2048x1896.png 2048w, https:\/\/www.prokol.com\/wp-content\/uploads\/Lagentekening_rood-1500x1389.png 1500w, https:\/\/www.prokol.com\/wp-content\/uploads\/Lagentekening_rood-705x653.png 705w, https:\/\/www.prokol.com\/wp-content\/uploads\/Lagentekening_rood-24x22.png 24w, https:\/\/www.prokol.com\/wp-content\/uploads\/Lagentekening_rood-36x33.png 36w, https:\/\/www.prokol.com\/wp-content\/uploads\/Lagentekening_rood-48x44.png 48w\" sizes=\"(max-width: 300px) 100vw, 300px\" \/><\/a><\/div><\/div><\/div><\/div><div  class='hr av-kkwlyhfr-bf67f718e63eaf52576def1ccba9cc83 hr-full  avia-builder-el-11  el_after_av_one_half  el_before_av_one_half  hr-no-shadow'><span class='hr-inner '><span class=\"hr-inner-style\"><\/span><\/span><\/div>\n\n<style type=\"text\/css\" data-created_by=\"avia_inline_auto\" id=\"style-css-av-kifra-b64ffb91d0e1a9520babd0b7365da3b7\">\n#top .flex_column.av-kifra-b64ffb91d0e1a9520babd0b7365da3b7{\nmargin-top:-50px;\nmargin-bottom:0px;\n}\n.flex_column.av-kifra-b64ffb91d0e1a9520babd0b7365da3b7{\nborder-radius:0px 0px 0px 0px;\npadding:0px 0px 0px 0px;\nbackground-color:#f6f6f6;\n}\n.responsive #top #wrap_all .flex_column.av-kifra-b64ffb91d0e1a9520babd0b7365da3b7{\nmargin-top:-50px;\nmargin-bottom:0px;\n}\n<\/style>\n<div  class='flex_column av-kifra-b64ffb91d0e1a9520babd0b7365da3b7 av_one_half  avia-builder-el-12  el_after_av_hr  el_before_av_one_half  first flex_column_div av-zero-column-padding  '     ><section  class='av_textblock_section av-kkwlnlw3-12b4438b91e0e5a247c71319cb451ce6 '   itemscope=\"itemscope\" itemtype=\"https:\/\/schema.org\/CreativeWork\" ><div class='avia_textblock'  itemprop=\"text\" ><p><b>Hauptmerkmale<\/b><\/p>\n<ul>\n<li>Kann mechanisch belastet werden<\/li>\n<li>Rutschhemmende Oberfl\u00e4che<\/li>\n<li>Innen- und Au\u00dfeneinsatz<\/li>\n<li>Ger\u00e4uscharm<\/li>\n<li>Gute Reinigungseigenschaften<\/li>\n<\/ul>\n<\/div><\/section><\/div>\n<style type=\"text\/css\" data-created_by=\"avia_inline_auto\" id=\"style-css-av-gf95a-4f676c2499c8a10b72c0956c515be29b\">\n#top .flex_column.av-gf95a-4f676c2499c8a10b72c0956c515be29b{\nmargin-top:-50px;\nmargin-bottom:0px;\n}\n.flex_column.av-gf95a-4f676c2499c8a10b72c0956c515be29b{\nborder-radius:0px 0px 0px 0px;\npadding:0px 0px 0px 0px;\nbackground-color:#f6f6f6;\n}\n.responsive #top #wrap_all .flex_column.av-gf95a-4f676c2499c8a10b72c0956c515be29b{\nmargin-top:-50px;\nmargin-bottom:0px;\n}\n<\/style>\n<div  class='flex_column av-gf95a-4f676c2499c8a10b72c0956c515be29b av_one_half  avia-builder-el-14  el_after_av_one_half  avia-builder-el-last  flex_column_div av-zero-column-padding  '     ><section  class='av_textblock_section av-kkwlnwl3-9a057e410eddfd49a9a49778d80434ab '   itemscope=\"itemscope\" itemtype=\"https:\/\/schema.org\/CreativeWork\" ><div class='avia_textblock'  itemprop=\"text\" ><p><b>Einige Anwendungen<\/b><\/p>\n<ul>\n<li>Werkst\u00e4tten<\/li>\n<\/ul>\n<ul>\n<li>Industrielle B\u00f6den<span class=\"Apple-converted-space\">\u00a0<\/span><\/li>\n<li>Lagerh\u00e4user<span class=\"Apple-converted-space\">\u00a0<\/span><\/li>\n<li>Vertriebszentren<span class=\"Apple-converted-space\">\u00a0<\/span><\/li>\n<li>Parkh\u00e4user<span class=\"Apple-converted-space\">\u00a0<\/span><\/li>\n<\/ul>\n<\/div><\/section><\/div>\n<\/div><\/div><\/div><!-- close content main div --><\/div><\/div><div id='after_section_2'  class='main_color av_default_container_wrap container_wrap fullsize'  ><div class='container av-section-cont-open' ><div class='template-page content  av-content-full alpha units'><div class='post-entry post-entry-type-page post-entry-21217'><div class='entry-content-wrapper clearfix'>\n\n<style type=\"text\/css\" data-created_by=\"avia_inline_auto\" id=\"style-css-av-a5ilq-6c67472055c60f97e1453ccff572e888\">\n.flex_column.av-a5ilq-6c67472055c60f97e1453ccff572e888{\nborder-radius:0px 0px 0px 0px;\npadding:0px 0px 0px 0px;\n}\n<\/style>\n<div  class='flex_column av-a5ilq-6c67472055c60f97e1453ccff572e888 av_one_full  avia-builder-el-16  el_after_av_section  el_before_av_hr  avia-builder-el-first  first flex_column_div av-zero-column-padding  '     ><section  class='av_textblock_section av-kkwln030-493974fd6e89ceba2833bbdfcbd91e09 '   itemscope=\"itemscope\" itemtype=\"https:\/\/schema.org\/CreativeWork\" ><div class='avia_textblock'  itemprop=\"text\" ><h5>Verwendung des Produkts<\/h5>\n<p>Konsultieren Sie vor der Anwendung dieses Systems die entsprechenden Produkt- und Informationsbl\u00e4tter und wenden Sie sich ggf. an Ihren technischen Berater.<\/p>\n<p>Die angegebenen Verbrauchswerte sind Richtwerte und basieren auf glatten, ebenen Untergr\u00fcnden. Der tats\u00e4chliche Verbrauch h\u00e4ngt von der Arbeitsmethode, der Rauheit und der Saugf\u00e4higkeit des Untergrunds ab.<\/p>\n<p>Aus den Angaben auf diesem Blatt k\u00f6nnen keine Rechte abgeleitet werden.<\/p>\n<\/div><\/section><\/div>\n<div  class='hr av-8eufi-18eb31b5422a2e28a1f0463e41274ef7 hr-default  avia-builder-el-18  el_after_av_one_full  el_before_av_textblock '><span class='hr-inner '><span class=\"hr-inner-style\"><\/span><\/span><\/div>\n<section  class='av_textblock_section av-kikabec5-adb8d28f66e99dd046d5873e42339320 '   itemscope=\"itemscope\" itemtype=\"https:\/\/schema.org\/CreativeWork\" ><div class='avia_textblock'  itemprop=\"text\" ><p><a href=\"https:\/\/www.prokol.com\/wp-content\/uploads\/Systemblatt-EP-VCA-R-Basis-DE.pdf\" target=\"_blank\" rel=\"noopener\">\u25ba Download als PDF-systeemblad<\/a><\/p>\n<\/div><\/section>\n","protected":false},"excerpt":{"rendered":"<p>Bodenbeschichtung mit rutschhemmender Wirkung auf Basis von l\u00f6sungsmittelfreiem Epoxid f\u00fcr B\u00f6den mit mittlerer Beanspruchung. <\/p>\n","protected":false},"author":3,"featured_media":15531,"parent":19240,"menu_order":0,"comment_status":"closed","ping_status":"closed","template":"","meta":{"inline_featured_image":false,"footnotes":""},"tags":[],"class_list":["post-21217","page","type-page","status-publish","has-post-thumbnail","hentry","eigenschap-anti-rutsch","eigenschap-gute-reinigungseigenschaften","eigenschap-kann-mechanisch-belastet-werden-de","eigenschap-sschalldicht","materiaal-epoxid","toepassing-abstellraume","toepassing-balkon-terrasse-galerie","toepassing-energie-de","toepassing-technische-raume","toepassing-treppenhauser"],"yoast_head":"<!-- This site is optimized with the Yoast SEO plugin v27.2 - https:\/\/yoast.com\/product\/yoast-seo-wordpress\/ -->\n<title>Rocapox | EP-VCA-R Basis - Prokol Protective Coatings<\/title>\n<meta name=\"robots\" content=\"index, follow, max-snippet:-1, max-image-preview:large, max-video-preview:-1\" \/>\n<link rel=\"canonical\" href=\"https:\/\/www.prokol.com\/de\/systemblaetter\/rocapox-ep-vca-r-basis\/\" \/>\n<meta property=\"og:locale\" content=\"de_DE\" \/>\n<meta property=\"og:type\" content=\"article\" \/>\n<meta property=\"og:title\" content=\"Rocapox | EP-VCA-R Basis - Prokol Protective Coatings\" \/>\n<meta property=\"og:description\" content=\"Bodenbeschichtung mit rutschhemmender Wirkung auf Basis von l\u00f6sungsmittelfreiem Epoxid f\u00fcr B\u00f6den mit mittlerer Beanspruchung.\" \/>\n<meta property=\"og:url\" content=\"https:\/\/www.prokol.com\/de\/systemblaetter\/rocapox-ep-vca-r-basis\/\" \/>\n<meta property=\"og:site_name\" content=\"Prokol Protective Coatings\" \/>\n<meta property=\"article:modified_time\" content=\"2023-03-13T12:11:41+00:00\" \/>\n<meta property=\"og:image\" content=\"https:\/\/www.prokol.com\/wp-content\/uploads\/Lagentekening_rood-1030x954.png\" \/>\n\t<meta property=\"og:image:width\" content=\"1030\" \/>\n\t<meta property=\"og:image:height\" content=\"954\" \/>\n\t<meta property=\"og:image:type\" content=\"image\/png\" \/>\n<meta name=\"twitter:card\" content=\"summary_large_image\" \/>\n<meta name=\"twitter:label1\" content=\"Gesch\u00e4tzte Lesezeit\" \/>\n\t<meta name=\"twitter:data1\" content=\"9\u00a0Minuten\" \/>\n<script type=\"application\/ld+json\" class=\"yoast-schema-graph\">{\"@context\":\"https:\/\/schema.org\",\"@graph\":[{\"@type\":\"WebPage\",\"@id\":\"https:\/\/www.prokol.com\/de\/systemblaetter\/rocapox-ep-vca-r-basis\/\",\"url\":\"https:\/\/www.prokol.com\/de\/systemblaetter\/rocapox-ep-vca-r-basis\/\",\"name\":\"Rocapox | EP-VCA-R Basis - Prokol Protective Coatings\",\"isPartOf\":{\"@id\":\"https:\/\/www.prokol.com\/de\/#website\"},\"primaryImageOfPage\":{\"@id\":\"https:\/\/www.prokol.com\/de\/systemblaetter\/rocapox-ep-vca-r-basis\/#primaryimage\"},\"image\":{\"@id\":\"https:\/\/www.prokol.com\/de\/systemblaetter\/rocapox-ep-vca-r-basis\/#primaryimage\"},\"thumbnailUrl\":\"https:\/\/www.prokol.com\/wp-content\/uploads\/Lagentekening_rood.png\",\"datePublished\":\"2023-03-13T12:11:40+00:00\",\"dateModified\":\"2023-03-13T12:11:41+00:00\",\"breadcrumb\":{\"@id\":\"https:\/\/www.prokol.com\/de\/systemblaetter\/rocapox-ep-vca-r-basis\/#breadcrumb\"},\"inLanguage\":\"de\",\"potentialAction\":[{\"@type\":\"ReadAction\",\"target\":[\"https:\/\/www.prokol.com\/de\/systemblaetter\/rocapox-ep-vca-r-basis\/\"]}]},{\"@type\":\"ImageObject\",\"inLanguage\":\"de\",\"@id\":\"https:\/\/www.prokol.com\/de\/systemblaetter\/rocapox-ep-vca-r-basis\/#primaryimage\",\"url\":\"https:\/\/www.prokol.com\/wp-content\/uploads\/Lagentekening_rood.png\",\"contentUrl\":\"https:\/\/www.prokol.com\/wp-content\/uploads\/Lagentekening_rood.png\",\"width\":2700,\"height\":2500},{\"@type\":\"BreadcrumbList\",\"@id\":\"https:\/\/www.prokol.com\/de\/systemblaetter\/rocapox-ep-vca-r-basis\/#breadcrumb\",\"itemListElement\":[{\"@type\":\"ListItem\",\"position\":1,\"name\":\"Home\",\"item\":\"https:\/\/www.prokol.com\/de\/prokol-home-de\/\"},{\"@type\":\"ListItem\",\"position\":2,\"name\":\"Systembl\u00e4tter\",\"item\":\"https:\/\/www.prokol.com\/de\/systemblaetter\/\"},{\"@type\":\"ListItem\",\"position\":3,\"name\":\"Rocapox | EP-VCA-R Basis\"}]},{\"@type\":\"WebSite\",\"@id\":\"https:\/\/www.prokol.com\/de\/#website\",\"url\":\"https:\/\/www.prokol.com\/de\/\",\"name\":\"Prokol Protective Coatings\",\"description\":\"POLYUREA HOTSPRAY, GIETVLOEREN EN PARKEERGARAGE COATINGS, VLOEIBARE NAADLOZE KUNSTSTOFFEN\",\"potentialAction\":[{\"@type\":\"SearchAction\",\"target\":{\"@type\":\"EntryPoint\",\"urlTemplate\":\"https:\/\/www.prokol.com\/de\/?s={search_term_string}\"},\"query-input\":{\"@type\":\"PropertyValueSpecification\",\"valueRequired\":true,\"valueName\":\"search_term_string\"}}],\"inLanguage\":\"de\"}]}<\/script>\n<!-- \/ Yoast SEO plugin. -->","yoast_head_json":{"title":"Rocapox | EP-VCA-R Basis - Prokol Protective Coatings","robots":{"index":"index","follow":"follow","max-snippet":"max-snippet:-1","max-image-preview":"max-image-preview:large","max-video-preview":"max-video-preview:-1"},"canonical":"https:\/\/www.prokol.com\/de\/systemblaetter\/rocapox-ep-vca-r-basis\/","og_locale":"de_DE","og_type":"article","og_title":"Rocapox | EP-VCA-R Basis - Prokol Protective Coatings","og_description":"Bodenbeschichtung mit rutschhemmender Wirkung auf Basis von l\u00f6sungsmittelfreiem Epoxid f\u00fcr B\u00f6den mit mittlerer Beanspruchung.","og_url":"https:\/\/www.prokol.com\/de\/systemblaetter\/rocapox-ep-vca-r-basis\/","og_site_name":"Prokol Protective Coatings","article_modified_time":"2023-03-13T12:11:41+00:00","og_image":[{"width":1030,"height":954,"url":"https:\/\/www.prokol.com\/wp-content\/uploads\/Lagentekening_rood-1030x954.png","type":"image\/png"}],"twitter_card":"summary_large_image","twitter_misc":{"Gesch\u00e4tzte Lesezeit":"9\u00a0Minuten"},"schema":{"@context":"https:\/\/schema.org","@graph":[{"@type":"WebPage","@id":"https:\/\/www.prokol.com\/de\/systemblaetter\/rocapox-ep-vca-r-basis\/","url":"https:\/\/www.prokol.com\/de\/systemblaetter\/rocapox-ep-vca-r-basis\/","name":"Rocapox | EP-VCA-R Basis - Prokol Protective Coatings","isPartOf":{"@id":"https:\/\/www.prokol.com\/de\/#website"},"primaryImageOfPage":{"@id":"https:\/\/www.prokol.com\/de\/systemblaetter\/rocapox-ep-vca-r-basis\/#primaryimage"},"image":{"@id":"https:\/\/www.prokol.com\/de\/systemblaetter\/rocapox-ep-vca-r-basis\/#primaryimage"},"thumbnailUrl":"https:\/\/www.prokol.com\/wp-content\/uploads\/Lagentekening_rood.png","datePublished":"2023-03-13T12:11:40+00:00","dateModified":"2023-03-13T12:11:41+00:00","breadcrumb":{"@id":"https:\/\/www.prokol.com\/de\/systemblaetter\/rocapox-ep-vca-r-basis\/#breadcrumb"},"inLanguage":"de","potentialAction":[{"@type":"ReadAction","target":["https:\/\/www.prokol.com\/de\/systemblaetter\/rocapox-ep-vca-r-basis\/"]}]},{"@type":"ImageObject","inLanguage":"de","@id":"https:\/\/www.prokol.com\/de\/systemblaetter\/rocapox-ep-vca-r-basis\/#primaryimage","url":"https:\/\/www.prokol.com\/wp-content\/uploads\/Lagentekening_rood.png","contentUrl":"https:\/\/www.prokol.com\/wp-content\/uploads\/Lagentekening_rood.png","width":2700,"height":2500},{"@type":"BreadcrumbList","@id":"https:\/\/www.prokol.com\/de\/systemblaetter\/rocapox-ep-vca-r-basis\/#breadcrumb","itemListElement":[{"@type":"ListItem","position":1,"name":"Home","item":"https:\/\/www.prokol.com\/de\/prokol-home-de\/"},{"@type":"ListItem","position":2,"name":"Systembl\u00e4tter","item":"https:\/\/www.prokol.com\/de\/systemblaetter\/"},{"@type":"ListItem","position":3,"name":"Rocapox | EP-VCA-R Basis"}]},{"@type":"WebSite","@id":"https:\/\/www.prokol.com\/de\/#website","url":"https:\/\/www.prokol.com\/de\/","name":"Prokol Protective Coatings","description":"POLYUREA HOTSPRAY, GIETVLOEREN EN PARKEERGARAGE COATINGS, VLOEIBARE NAADLOZE KUNSTSTOFFEN","potentialAction":[{"@type":"SearchAction","target":{"@type":"EntryPoint","urlTemplate":"https:\/\/www.prokol.com\/de\/?s={search_term_string}"},"query-input":{"@type":"PropertyValueSpecification","valueRequired":true,"valueName":"search_term_string"}}],"inLanguage":"de"}]}},"_links":{"self":[{"href":"https:\/\/www.prokol.com\/de\/wp-json\/wp\/v2\/pages\/21217","targetHints":{"allow":["GET"]}}],"collection":[{"href":"https:\/\/www.prokol.com\/de\/wp-json\/wp\/v2\/pages"}],"about":[{"href":"https:\/\/www.prokol.com\/de\/wp-json\/wp\/v2\/types\/page"}],"author":[{"embeddable":true,"href":"https:\/\/www.prokol.com\/de\/wp-json\/wp\/v2\/users\/3"}],"replies":[{"embeddable":true,"href":"https:\/\/www.prokol.com\/de\/wp-json\/wp\/v2\/comments?post=21217"}],"version-history":[{"count":2,"href":"https:\/\/www.prokol.com\/de\/wp-json\/wp\/v2\/pages\/21217\/revisions"}],"predecessor-version":[{"id":21219,"href":"https:\/\/www.prokol.com\/de\/wp-json\/wp\/v2\/pages\/21217\/revisions\/21219"}],"up":[{"embeddable":true,"href":"https:\/\/www.prokol.com\/de\/wp-json\/wp\/v2\/pages\/19240"}],"wp:featuredmedia":[{"embeddable":true,"href":"https:\/\/www.prokol.com\/de\/wp-json\/wp\/v2\/media\/15531"}],"wp:attachment":[{"href":"https:\/\/www.prokol.com\/de\/wp-json\/wp\/v2\/media?parent=21217"}],"wp:term":[{"taxonomy":"post_tag","embeddable":true,"href":"https:\/\/www.prokol.com\/de\/wp-json\/wp\/v2\/tags?post=21217"}],"curies":[{"name":"wp","href":"https:\/\/api.w.org\/{rel}","templated":true}]}}