{"id":21874,"date":"2023-03-27T14:11:21","date_gmt":"2023-03-27T12:11:21","guid":{"rendered":"https:\/\/www.prokol.com\/downloads\/"},"modified":"2025-11-14T13:33:39","modified_gmt":"2025-11-14T12:33:39","slug":"downloads","status":"publish","type":"page","link":"https:\/\/www.prokol.com\/de\/downloads\/","title":{"rendered":"Downloads"},"content":{"rendered":"\n<style type=\"text\/css\" data-created_by=\"avia_inline_auto\" id=\"style-css-av-k41c35sm-3770b77f6b1340feea4950ac8746e532\">\n.avia-section.av-k41c35sm-3770b77f6b1340feea4950ac8746e532{\nbackground-color:#df4c23;\nbackground-image:unset;\n}\n.avia-section.av-k41c35sm-3770b77f6b1340feea4950ac8746e532 .av-section-color-overlay{\nopacity:1;\nbackground-image:url(https:\/\/www.prokol.com\/wp-content\/uploads\/Overlay_grijs-1.png);\nbackground-repeat:repeat;\n}\n<\/style>\n<div id='av_section_1'  class='avia-section av-k41c35sm-3770b77f6b1340feea4950ac8746e532 main_color avia-section-default avia-no-border-styling  avia-builder-el-0  el_before_av_textblock  avia-builder-el-first  avia-bg-style-fixed av-section-color-overlay-active av-minimum-height av-minimum-height-custom av-height-custom  container_wrap fullsize'   data-av_minimum_height_px='100'><div class=\"av-section-color-overlay-wrap\"><div class=\"av-section-color-overlay\"><\/div><div class='container av-section-cont-open' style='height:100px'><main  role=\"main\" itemprop=\"mainContentOfPage\"  class='template-page content  av-content-full alpha units'><div class='post-entry post-entry-type-page post-entry-21874'><div class='entry-content-wrapper clearfix'>\n\n<style type=\"text\/css\" data-created_by=\"avia_inline_auto\" id=\"style-css-av-k41b79dh-6fa2b98ba6d8a0b7923794e14ef0e248\">\n#top .hr.av-k41b79dh-6fa2b98ba6d8a0b7923794e14ef0e248{\nmargin-top:30px;\nmargin-bottom:0px;\n}\n.hr.av-k41b79dh-6fa2b98ba6d8a0b7923794e14ef0e248 .hr-inner{\nwidth:20px;\nborder-color:#df4c23;\n}\n<\/style>\n<div  class='hr av-k41b79dh-6fa2b98ba6d8a0b7923794e14ef0e248 hr-custom  avia-builder-el-1  el_before_av_heading  avia-builder-el-first  hr-left hr-icon-no'><span class='hr-inner inner-border-av-border-fat'><span class=\"hr-inner-style\"><\/span><\/span><\/div>\n\n<style type=\"text\/css\" data-created_by=\"avia_inline_auto\" id=\"style-css-av-kenznhhd-1622df6aad12920f0afaa9f1ae867a76\">\n#top .av-special-heading.av-kenznhhd-1622df6aad12920f0afaa9f1ae867a76{\npadding-bottom:10px;\ncolor:#ffffff;\n}\nbody .av-special-heading.av-kenznhhd-1622df6aad12920f0afaa9f1ae867a76 .av-special-heading-tag .heading-char{\nfont-size:25px;\n}\n.av-special-heading.av-kenznhhd-1622df6aad12920f0afaa9f1ae867a76 .special-heading-inner-border{\nborder-color:#ffffff;\n}\n.av-special-heading.av-kenznhhd-1622df6aad12920f0afaa9f1ae867a76 .av-subheading{\nfont-size:15px;\n}\n<\/style>\n<div  class='av-special-heading av-kenznhhd-1622df6aad12920f0afaa9f1ae867a76 av-special-heading-h1 custom-color-heading blockquote modern-quote  avia-builder-el-2  el_after_av_hr  avia-builder-el-last  av-linked-heading'><h1 class='av-special-heading-tag'  itemprop=\"headline\"  >Informationen zum Download<\/h1><div class=\"special-heading-border\"><div class=\"special-heading-inner-border\"><\/div><\/div><\/div>\n<\/div><\/div><\/main><!-- close content main element --><\/div><\/div><\/div><div id='after_section_1'  class='main_color av_default_container_wrap container_wrap fullsize'  ><div class='container av-section-cont-open' ><div class='template-page content  av-content-full alpha units'><div class='post-entry post-entry-type-page post-entry-21874'><div class='entry-content-wrapper clearfix'>\n<section  class='av_textblock_section av-kenzsg2e-6c479e5e776411263a65bd343a047452 '   itemscope=\"itemscope\" itemtype=\"https:\/\/schema.org\/CreativeWork\" ><div class='avia_textblock'  itemprop=\"text\" ><p>Diese Seite enth\u00e4lt verschiedene allgemeine Dokumente, die f\u00fcr Sie von Interesse sein k\u00f6nnen. Wenn Sie andere Dokumente herunterladen m\u00f6chten, einschlie\u00dflich Produktdatenbl\u00e4tter (PDS) und Sicherheitsdatenbl\u00e4tter (MSDS\/SDS), finden Sie diese in der <a href=\"https:\/\/www.prokol.com\/de\/produktkatalog\/\">Produktkatalog<\/a>.<\/p>\n<\/div><\/section>\n<div  class='avia-icon-list-container av-kenz3oqk-6a56e6d88fc3f430c91f2cdcaaf02ebe  avia-builder-el-4  el_after_av_textblock  avia-builder-el-last '><ul class='avia-icon-list avia_animate_when_almost_visible avia-icon-list-left av-iconlist-big av-kenz3oqk-6a56e6d88fc3f430c91f2cdcaaf02ebe avia-iconlist-animate'>\n<li><div class='iconlist_icon av-m0r89-e1ae4a78c90b4d342fc3cd7b1cd74f2a avia-font-entypo-fontello'><span class='iconlist-char' aria-hidden='true' data-av_icon='\ue84c' data-av_iconfont='entypo-fontello'><\/span><\/div><article class=\"article-icon-entry \"  itemscope=\"itemscope\" itemtype=\"https:\/\/schema.org\/CreativeWork\" ><div class=\"iconlist_content_wrap\"><header class=\"entry-content-header\"><h4 class='av_iconlist_title iconlist_title  '  itemprop=\"headline\" >Allgemeine Informationen \u00fcber Prokol<\/h4><\/header><div class='iconlist_content '  itemprop=\"text\" ><ul>\n<li><a href=\"https:\/\/www.prokol.com\/wp-content\/uploads\/Prokol_Firmenbroschu\u0308re.pdf\" target=\"_blank\" rel=\"noopener\">Firmenbrosch\u00fcre Prokol<\/a><\/li>\n<li><a href=\"https:\/\/www.prokol.com\/wp-content\/uploads\/Datenschutzerklarung_Prokol.pdf\" target=\"_blank\" rel=\"noopener\">Datenschutzerklarung\u00a0Prokol<\/a><\/li>\n<\/ul>\n<\/div><\/div><footer class=\"entry-footer\"><\/footer><\/article><div class=\"iconlist-timeline\"><\/div><\/li>\n<li><div class='iconlist_icon av-yds29-d831ef87f27c9f3c26802c43f07b3130 avia-font-entypo-fontello'><span class='iconlist-char' aria-hidden='true' data-av_icon='\ue856' data-av_iconfont='entypo-fontello'><\/span><\/div><article class=\"article-icon-entry \"  itemscope=\"itemscope\" itemtype=\"https:\/\/schema.org\/CreativeWork\" ><div class=\"iconlist_content_wrap\"><header class=\"entry-content-header\"><h4 class='av_iconlist_title iconlist_title  '  itemprop=\"headline\" >Produktinformation<\/h4><\/header><div class='iconlist_content '  itemprop=\"text\" ><ul>\n<li><a href=\"https:\/\/www.prokol.com\/de\/produktkatalog\/\">Produktdatenbl\u00e4tter (PDS)<\/a><\/li>\n<li><a href=\"https:\/\/www.prokol.com\/de\/produktkatalog\/\">Sicherheitsdatenbl\u00e4tter (MSDS\/SDS)<\/a><\/li>\n<li><a href=\"https:\/\/www.prokol.com\/wp-content\/uploads\/DE_Product_catalogus_2023-_Online.pdf\" target=\"_blank\" rel=\"noopener\">Produktkatalog<\/a><br \/>\n<em>Dies ist eine \u00dcbersicht des vollst\u00e4ndigen (gedruckten) Produktkatalogs. F\u00fcr die aktuellsten Informationen schauen Sie bitte immer in den <a href=\"https:\/\/www.prokol.com\/de\/produktkatalog\/\">Online-Produktkatalog<\/a>.<\/em><\/li>\n<\/ul>\n<\/div><\/div><footer class=\"entry-footer\"><\/footer><\/article><div class=\"iconlist-timeline\"><\/div><\/li>\n<li><div class='iconlist_icon av-mhyu9r1i-6cbc6f64110dcf7e7eff99b7902b5b8d avia-font-entypo-fontello'><span class='iconlist-char' aria-hidden='true' data-av_icon='\ue896' data-av_iconfont='entypo-fontello'><\/span><\/div><article class=\"article-icon-entry \"  itemscope=\"itemscope\" itemtype=\"https:\/\/schema.org\/CreativeWork\" ><div class=\"iconlist_content_wrap\"><header class=\"entry-content-header\"><h4 class='av_iconlist_title iconlist_title  '  itemprop=\"headline\" >Anleitungen<\/h4><\/header><div class='iconlist_content '  itemprop=\"text\" ><ul>\n<li><a href=\"https:\/\/www.prokol.com\/wp-content\/uploads\/2025_Technische-Anleitung-zur-Untergrundvorbehandlung_DE-low-ress.pdf\" target=\"_blank\" rel=\"noopener\">Technische Anleitung zur Untergrundvorbehandlung<\/a><\/li>\n<\/ul>\n<\/div><\/div><footer class=\"entry-footer\"><\/footer><\/article><div class=\"iconlist-timeline\"><\/div><\/li>\n<li><div class='iconlist_icon av-qnnpt-2289b03aa74f1bd319f445609c215750 avia-font-entypo-fontello'><span class='iconlist-char' aria-hidden='true' data-av_icon='\ue8cc' data-av_iconfont='entypo-fontello'><\/span><\/div><article class=\"article-icon-entry \"  itemscope=\"itemscope\" itemtype=\"https:\/\/schema.org\/CreativeWork\" ><div class=\"iconlist_content_wrap\"><header class=\"entry-content-header\"><h4 class='av_iconlist_title iconlist_title  '  itemprop=\"headline\" >Hotspray<\/h4><\/header><div class='iconlist_content '  itemprop=\"text\" ><ul>\n<li><a href=\"https:\/\/www.prokol.com\/wp-content\/uploads\/130218_Prokol_BrochureHotspray_Duits_LR.pdf\" target=\"_blank\" rel=\"noopener\">Hotspray brosch\u00fcre<\/a><\/li>\n<\/ul>\n<\/div><\/div><footer class=\"entry-footer\"><\/footer><\/article><div class=\"iconlist-timeline\"><\/div><\/li>\n<li><div class='iconlist_icon av-bdyd5-4e64a252e35c9feeb71dd6917aa5d0ac avia-font-entypo-fontello'><span class='iconlist-char' aria-hidden='true' data-av_icon='\ue8ce' data-av_iconfont='entypo-fontello'><\/span><\/div><article class=\"article-icon-entry \"  itemscope=\"itemscope\" itemtype=\"https:\/\/schema.org\/CreativeWork\" ><div class=\"iconlist_content_wrap\"><header class=\"entry-content-header\"><h4 class='av_iconlist_title iconlist_title  '  itemprop=\"headline\" >Profast Polyurea coatings<\/h4><\/header><div class='iconlist_content '  itemprop=\"text\" ><ul>\n<li><a href=\"https:\/\/www.prokol.com\/wp-content\/uploads\/Mail-ProFast-DE.pdf\" target=\"_blank\" rel=\"noopener\">ProFast brosch\u00fcre<\/a><\/li>\n<\/ul>\n<\/div><\/div><footer class=\"entry-footer\"><\/footer><\/article><div class=\"iconlist-timeline\"><\/div><\/li>\n<li><div class='iconlist_icon av-9ogmp-935c1a5004a2b86437a5fbfeeae14bb4 avia-font-entypo-fontello'><span class='iconlist-char' aria-hidden='true' data-av_icon='\ue864' data-av_iconfont='entypo-fontello'><\/span><\/div><article class=\"article-icon-entry \"  itemscope=\"itemscope\" itemtype=\"https:\/\/schema.org\/CreativeWork\" ><div class=\"iconlist_content_wrap\"><header class=\"entry-content-header\"><h4 class='av_iconlist_title iconlist_title  '  itemprop=\"headline\" >Praktisch<\/h4><\/header><div class='iconlist_content '  itemprop=\"text\" ><ul>\n<li><a href=\"https:\/\/www.prokol.com\/wp-content\/uploads\/2025_Taupunkttabelle_DE.pdf\" target=\"_blank\" rel=\"noopener\">Taupunkttabelle<\/a><\/li>\n<li><a href=\"https:\/\/www.prokol.com\/wp-content\/uploads\/2023_Shore-Harteskala_DE-1.pdf\" target=\"_blank\" rel=\"noopener\">A Shore harteskala<\/a><\/li>\n<li><a href=\"https:\/\/www.prokol.com\/wp-content\/uploads\/2025_Primer-Auswahltabelle_DE.pdf.pdf\" target=\"_blank\" rel=\"noopener\">Primer-Auswahltabelle<\/a><\/li>\n<\/ul>\n<\/div><\/div><footer class=\"entry-footer\"><\/footer><\/article><div class=\"iconlist-timeline\"><\/div><\/li>\n<\/ul><\/div>\n","protected":false},"excerpt":{"rendered":"","protected":false},"author":1,"featured_media":0,"parent":0,"menu_order":0,"comment_status":"closed","ping_status":"closed","template":"","meta":{"inline_featured_image":false,"footnotes":""},"tags":[],"class_list":["post-21874","page","type-page","status-publish","hentry"],"yoast_head":"<!-- This site is optimized with the Yoast SEO plugin v27.2 - https:\/\/yoast.com\/product\/yoast-seo-wordpress\/ -->\n<title>Informationen zum Download<\/title>\n<meta name=\"description\" content=\"Laden Sie Ihre Informationen direkt von www.prokol.nl herunter.\" \/>\n<meta name=\"robots\" content=\"index, follow, max-snippet:-1, max-image-preview:large, max-video-preview:-1\" \/>\n<link rel=\"canonical\" href=\"https:\/\/www.prokol.com\/de\/downloads\/\" \/>\n<meta property=\"og:locale\" content=\"de_DE\" \/>\n<meta property=\"og:type\" content=\"article\" \/>\n<meta property=\"og:title\" content=\"Informationen zum Download\" \/>\n<meta property=\"og:description\" content=\"Laden Sie Ihre Informationen direkt von www.prokol.nl herunter.\" \/>\n<meta property=\"og:url\" content=\"https:\/\/www.prokol.com\/de\/downloads\/\" \/>\n<meta property=\"og:site_name\" content=\"Prokol Protective Coatings\" \/>\n<meta property=\"article:modified_time\" content=\"2025-11-14T12:33:39+00:00\" \/>\n<meta name=\"twitter:card\" content=\"summary_large_image\" \/>\n<meta name=\"twitter:label1\" content=\"Gesch\u00e4tzte Lesezeit\" \/>\n\t<meta name=\"twitter:data1\" content=\"4\u00a0Minuten\" \/>\n<script type=\"application\/ld+json\" class=\"yoast-schema-graph\">{\"@context\":\"https:\/\/schema.org\",\"@graph\":[{\"@type\":\"WebPage\",\"@id\":\"https:\/\/www.prokol.com\/de\/downloads\/\",\"url\":\"https:\/\/www.prokol.com\/de\/downloads\/\",\"name\":\"Informationen zum Download\",\"isPartOf\":{\"@id\":\"https:\/\/www.prokol.com\/de\/#website\"},\"datePublished\":\"2023-03-27T12:11:21+00:00\",\"dateModified\":\"2025-11-14T12:33:39+00:00\",\"description\":\"Laden Sie Ihre Informationen direkt von www.prokol.nl herunter.\",\"breadcrumb\":{\"@id\":\"https:\/\/www.prokol.com\/de\/downloads\/#breadcrumb\"},\"inLanguage\":\"de\",\"potentialAction\":[{\"@type\":\"ReadAction\",\"target\":[\"https:\/\/www.prokol.com\/de\/downloads\/\"]}]},{\"@type\":\"BreadcrumbList\",\"@id\":\"https:\/\/www.prokol.com\/de\/downloads\/#breadcrumb\",\"itemListElement\":[{\"@type\":\"ListItem\",\"position\":1,\"name\":\"Home\",\"item\":\"https:\/\/www.prokol.com\/de\/prokol-home-de\/\"},{\"@type\":\"ListItem\",\"position\":2,\"name\":\"Downloads\"}]},{\"@type\":\"WebSite\",\"@id\":\"https:\/\/www.prokol.com\/de\/#website\",\"url\":\"https:\/\/www.prokol.com\/de\/\",\"name\":\"Prokol Protective Coatings\",\"description\":\"POLYUREA HOTSPRAY, GIETVLOEREN EN PARKEERGARAGE COATINGS, VLOEIBARE NAADLOZE KUNSTSTOFFEN\",\"potentialAction\":[{\"@type\":\"SearchAction\",\"target\":{\"@type\":\"EntryPoint\",\"urlTemplate\":\"https:\/\/www.prokol.com\/de\/?s={search_term_string}\"},\"query-input\":{\"@type\":\"PropertyValueSpecification\",\"valueRequired\":true,\"valueName\":\"search_term_string\"}}],\"inLanguage\":\"de\"}]}<\/script>\n<!-- \/ Yoast SEO plugin. -->","yoast_head_json":{"title":"Informationen zum Download","description":"Laden Sie Ihre Informationen direkt von www.prokol.nl herunter.","robots":{"index":"index","follow":"follow","max-snippet":"max-snippet:-1","max-image-preview":"max-image-preview:large","max-video-preview":"max-video-preview:-1"},"canonical":"https:\/\/www.prokol.com\/de\/downloads\/","og_locale":"de_DE","og_type":"article","og_title":"Informationen zum Download","og_description":"Laden Sie Ihre Informationen direkt von www.prokol.nl herunter.","og_url":"https:\/\/www.prokol.com\/de\/downloads\/","og_site_name":"Prokol Protective Coatings","article_modified_time":"2025-11-14T12:33:39+00:00","twitter_card":"summary_large_image","twitter_misc":{"Gesch\u00e4tzte Lesezeit":"4\u00a0Minuten"},"schema":{"@context":"https:\/\/schema.org","@graph":[{"@type":"WebPage","@id":"https:\/\/www.prokol.com\/de\/downloads\/","url":"https:\/\/www.prokol.com\/de\/downloads\/","name":"Informationen zum Download","isPartOf":{"@id":"https:\/\/www.prokol.com\/de\/#website"},"datePublished":"2023-03-27T12:11:21+00:00","dateModified":"2025-11-14T12:33:39+00:00","description":"Laden Sie Ihre Informationen direkt von www.prokol.nl herunter.","breadcrumb":{"@id":"https:\/\/www.prokol.com\/de\/downloads\/#breadcrumb"},"inLanguage":"de","potentialAction":[{"@type":"ReadAction","target":["https:\/\/www.prokol.com\/de\/downloads\/"]}]},{"@type":"BreadcrumbList","@id":"https:\/\/www.prokol.com\/de\/downloads\/#breadcrumb","itemListElement":[{"@type":"ListItem","position":1,"name":"Home","item":"https:\/\/www.prokol.com\/de\/prokol-home-de\/"},{"@type":"ListItem","position":2,"name":"Downloads"}]},{"@type":"WebSite","@id":"https:\/\/www.prokol.com\/de\/#website","url":"https:\/\/www.prokol.com\/de\/","name":"Prokol Protective Coatings","description":"POLYUREA HOTSPRAY, GIETVLOEREN EN PARKEERGARAGE COATINGS, VLOEIBARE NAADLOZE KUNSTSTOFFEN","potentialAction":[{"@type":"SearchAction","target":{"@type":"EntryPoint","urlTemplate":"https:\/\/www.prokol.com\/de\/?s={search_term_string}"},"query-input":{"@type":"PropertyValueSpecification","valueRequired":true,"valueName":"search_term_string"}}],"inLanguage":"de"}]}},"_links":{"self":[{"href":"https:\/\/www.prokol.com\/de\/wp-json\/wp\/v2\/pages\/21874","targetHints":{"allow":["GET"]}}],"collection":[{"href":"https:\/\/www.prokol.com\/de\/wp-json\/wp\/v2\/pages"}],"about":[{"href":"https:\/\/www.prokol.com\/de\/wp-json\/wp\/v2\/types\/page"}],"author":[{"embeddable":true,"href":"https:\/\/www.prokol.com\/de\/wp-json\/wp\/v2\/users\/1"}],"replies":[{"embeddable":true,"href":"https:\/\/www.prokol.com\/de\/wp-json\/wp\/v2\/comments?post=21874"}],"version-history":[{"count":9,"href":"https:\/\/www.prokol.com\/de\/wp-json\/wp\/v2\/pages\/21874\/revisions"}],"predecessor-version":[{"id":28509,"href":"https:\/\/www.prokol.com\/de\/wp-json\/wp\/v2\/pages\/21874\/revisions\/28509"}],"wp:attachment":[{"href":"https:\/\/www.prokol.com\/de\/wp-json\/wp\/v2\/media?parent=21874"}],"wp:term":[{"taxonomy":"post_tag","embeddable":true,"href":"https:\/\/www.prokol.com\/de\/wp-json\/wp\/v2\/tags?post=21874"}],"curies":[{"name":"wp","href":"https:\/\/api.w.org\/{rel}","templated":true}]}}