{"id":21929,"date":"2023-03-31T11:41:46","date_gmt":"2023-03-31T09:41:46","guid":{"rendered":"https:\/\/www.prokol.com\/speakers-flight-cases\/"},"modified":"2023-03-31T11:56:44","modified_gmt":"2023-03-31T09:56:44","slug":"speakers-flight-cases","status":"publish","type":"page","link":"https:\/\/www.prokol.com\/de\/speakers-flight-cases\/","title":{"rendered":"Speakers &#038; flight cases"},"content":{"rendered":"<div id='full_slider_1'  class='avia-fullwidth-slider main_color avia-shadow   avia-builder-el-0  el_before_av_three_fifth  avia-builder-el-first  vervolgslide  container_wrap fullsize'  >\n<style type=\"text\/css\" data-created_by=\"avia_inline_auto\" id=\"style-css-av-k4179f0p-3426b5f223bb0fe45a39107e53ee47b8\">\n#top #wrap_all .avia-slideshow .av-slideshow-caption.av-k4179f0p-3426b5f223bb0fe45a39107e53ee47b8__0 .avia-caption-title{\nfont-size:50px;\n}\n#top .avia-slideshow .av-slideshow-caption.av-k4179f0p-3426b5f223bb0fe45a39107e53ee47b8__0 .avia-caption-content{\nfont-size:18px;\n}\n#top .avia-slideshow .av-slideshow-caption.av-k4179f0p-3426b5f223bb0fe45a39107e53ee47b8__0 .avia-caption-content p{\nfont-size:18px;\n}\n\n@media only screen and (min-width: 768px) and (max-width: 989px){ \n#top .avia-slideshow .av-slideshow-caption.av-k4179f0p-3426b5f223bb0fe45a39107e53ee47b8__0 .avia-caption-content{\ndisplay:none;\n}\n#top .avia-slideshow .av-slideshow-caption.av-k4179f0p-3426b5f223bb0fe45a39107e53ee47b8__0 .avia-caption-content p{\ndisplay:none;\n}\n}\n\n@media only screen and (min-width: 480px) and (max-width: 767px){ \n#top .avia-slideshow .av-slideshow-caption.av-k4179f0p-3426b5f223bb0fe45a39107e53ee47b8__0 .avia-caption-content{\ndisplay:none;\n}\n#top .avia-slideshow .av-slideshow-caption.av-k4179f0p-3426b5f223bb0fe45a39107e53ee47b8__0 .avia-caption-content p{\ndisplay:none;\n}\n}\n\n@media only screen and (max-width: 479px){ \n#top .avia-slideshow .av-slideshow-caption.av-k4179f0p-3426b5f223bb0fe45a39107e53ee47b8__0 .avia-caption-content{\ndisplay:none;\n}\n#top .avia-slideshow .av-slideshow-caption.av-k4179f0p-3426b5f223bb0fe45a39107e53ee47b8__0 .avia-caption-content p{\ndisplay:none;\n}\n}\n<\/style>\n<div  class='avia-slideshow av-k4179f0p-3426b5f223bb0fe45a39107e53ee47b8 avia-slideshow-featured av_slideshow_full avia-fade-slider vervolgslide av-slideshow-ui av-control-minimal av-slideshow-autoplay av-loop-endless av-loop-manual-endless av-default-height-applied   avia-slideshow-1' data-slideshow-options=\"{&quot;animation&quot;:&quot;fade&quot;,&quot;autoplay&quot;:true,&quot;loop_autoplay&quot;:&quot;endless&quot;,&quot;interval&quot;:5,&quot;loop_manual&quot;:&quot;manual-endless&quot;,&quot;autoplay_stopper&quot;:false,&quot;noNavigation&quot;:false,&quot;bg_slider&quot;:false,&quot;keep_padding&quot;:false,&quot;hoverpause&quot;:false,&quot;show_slide_delay&quot;:0}\"  itemprop=\"image\" itemscope=\"itemscope\" itemtype=\"https:\/\/schema.org\/ImageObject\" ><ul class='avia-slideshow-inner ' style='padding-bottom: 28.666666666667%;'><li  class='avia-slideshow-slide av-k4179f0p-3426b5f223bb0fe45a39107e53ee47b8__0  av-single-slide slide-1 slide-odd'><div data-rel='slideshow-1' class='avia-slide-wrap '   ><div class='av-slideshow-caption av-k4179f0p-3426b5f223bb0fe45a39107e53ee47b8__0 caption_fullwidth caption_left'><div class=\"container caption_container\"><div class=\"slideshow_caption\"><div class=\"slideshow_inner_caption\"><div class=\"slideshow_align_caption\"><h2 class='avia-caption-title '  itemprop=\"name\" >&lt;span style=&quot;color: #df4c23;&quot;&gt;-&lt;\/span&gt;&lt;br \/&gt;Speaker &amp; flight cases<\/h2><div class='avia-caption-content '  itemprop=\"description\" ><p>Unempfindlich gegen St\u00f6\u00dfe<span class=\"Apple-converted-space\">\u00a0<\/span><\/p>\n<\/div><\/div><\/div><\/div><\/div><\/div><img decoding=\"async\" fetchpriority=\"high\" class=\"wp-image-19731 avia-img-lazy-loading-not-19731\"  src=\"https:\/\/www.prokol.com\/wp-content\/uploads\/banner_speakers-1500x430.jpg\" width=\"1500\" height=\"430\" title='banner_speakers' alt=''  itemprop=\"thumbnailUrl\" srcset=\"https:\/\/www.prokol.com\/wp-content\/uploads\/banner_speakers.jpg 1500w, https:\/\/www.prokol.com\/wp-content\/uploads\/banner_speakers-600x172.jpg 600w, https:\/\/www.prokol.com\/wp-content\/uploads\/banner_speakers-300x86.jpg 300w, https:\/\/www.prokol.com\/wp-content\/uploads\/banner_speakers-1030x295.jpg 1030w, https:\/\/www.prokol.com\/wp-content\/uploads\/banner_speakers-768x220.jpg 768w, https:\/\/www.prokol.com\/wp-content\/uploads\/banner_speakers-705x202.jpg 705w, https:\/\/www.prokol.com\/wp-content\/uploads\/banner_speakers-450x129.jpg 450w, https:\/\/www.prokol.com\/wp-content\/uploads\/banner_speakers-24x7.jpg 24w, https:\/\/www.prokol.com\/wp-content\/uploads\/banner_speakers-36x10.jpg 36w, https:\/\/www.prokol.com\/wp-content\/uploads\/banner_speakers-48x14.jpg 48w\" sizes=\"(max-width: 1500px) 100vw, 1500px\" \/><div class='av-section-color-overlay' style='opacity: 0.5; background-image: url(https:\/\/www.prokol.com\/wp-content\/uploads\/2019\/12\/Overlay.png); background-repeat: repeat;'><\/div><\/div><\/li><\/ul><\/div><\/div><div id='after_full_slider_1'  class='main_color av_default_container_wrap container_wrap fullsize'  ><div class='container av-section-cont-open' ><div class='template-page content  av-content-full alpha units'><div class='post-entry post-entry-type-page post-entry-21929'><div class='entry-content-wrapper clearfix'>\n\n<style type=\"text\/css\" data-created_by=\"avia_inline_auto\" id=\"style-css-av-mir7d-076b1aa2e9a00ad00d5728ea181b7e4d\">\n.flex_column.av-mir7d-076b1aa2e9a00ad00d5728ea181b7e4d{\nborder-radius:0px 0px 0px 0px;\npadding:0px 0px 0px 0px;\n}\n<\/style>\n<div  class='flex_column av-mir7d-076b1aa2e9a00ad00d5728ea181b7e4d av_three_fifth  avia-builder-el-1  el_after_av_slideshow_full  el_before_av_two_fifth  avia-builder-el-first  first flex_column_div av-zero-column-padding  '     ><section  class='av_textblock_section av-kde9cj1t-9dfe7fc6f454dead592848b260a208c6 '   itemscope=\"itemscope\" itemtype=\"https:\/\/schema.org\/CreativeWork\" ><div class='avia_textblock'  itemprop=\"text\" ><h5>Unempfindlich gegen St\u00f6\u00dfe<span class=\"Apple-converted-space\">\u00a0<\/span><\/h5>\n<p>Im Unterhaltungssektor wird eine Hotspray-Beschichtung von Prokol h\u00e4ufig eingesetzt. Aufgrund der Flexibilit\u00e4t und Festigkeit eignet sich das Hotspray sehr gut als dauerhafte, nahtlose Oberfl\u00e4che f\u00fcr dekorative Objekte und den B\u00fchnenbau. Es ist jedoch auch f\u00fcr Ger\u00e4te sehr n\u00fctzlich.<span class=\"Apple-converted-space\">\u00a0<\/span><\/p>\n<p>Bei Gro\u00dfveranstaltungen und Festivals ist ein regelm\u00e4\u00dfiger B\u00fchnenumbau \u00fcblich. Innerhalb k\u00fcrzester Zeit m\u00fcssen Instrumente ein- und ausgepackt, Kabel verlegt und Lautsprecher versetzt werden, damit der n\u00e4chste Auftritt p\u00fcnktlich beginnen kann. Lautsprecher werden von B\u00fchnenk\u00fcnstlern oft als<\/p>\n<p>Podest benutzt, von dem aus sie \u00fcber das Publikum schauen oder von ihnen abspringen k\u00f6nnen. Dies setzt die Ger\u00e4te zwangsl\u00e4ufig St\u00f6\u00dfen und Einwirkungen von au\u00dfen aus. Umso wichtiger ist es, diese Objekte, (Instrumenten- und Lager-)Koffer, Lautsprecher und Flight Cases mit einem mit einer sto\u00df- und verschlei\u00dffesten, aber dennoch flexiblen Hotspray-Beschichtung von Prokol zu sch\u00fctzen.<\/p>\n<p>Sto\u00df- und verschlei\u00dffestes Hotspray ist sehr gut geeignet f\u00fcr:<span class=\"Apple-converted-space\">\u00a0<\/span><\/p>\n<ul>\n<li>Lagerkoffer<span class=\"Apple-converted-space\">\u00a0<\/span><\/li>\n<li>Flight Cases<span class=\"Apple-converted-space\">\u00a0<\/span><\/li>\n<li>stehende Lautsprecher<span class=\"Apple-converted-space\">\u00a0<\/span><\/li>\n<li>h\u00e4ngende Lautsprecher<span class=\"Apple-converted-space\">\u00a0<\/span><\/li>\n<li>Verst\u00e4rker<span class=\"Apple-converted-space\">\u00a0<\/span><\/li>\n<li>B\u00fchnenrequisiten<span class=\"Apple-converted-space\">\u00a0<\/span><\/li>\n<li>Instrumentenkoffer<span class=\"Apple-converted-space\">\u00a0<\/span><\/li>\n<li>Transportkoffer<span class=\"Apple-converted-space\">\u00a0<\/span><\/li>\n<li>Schlagzeug- und B\u00fchnenpodeste<span class=\"Apple-converted-space\">\u00a0<\/span><\/li>\n<li>Holzpaletten<span class=\"Apple-converted-space\">\u00a0<\/span><\/li>\n<\/ul>\n<\/div><\/section><\/div>\n<style type=\"text\/css\" data-created_by=\"avia_inline_auto\" id=\"style-css-av-hgjsh-4ad6bf0d2fc62696990cb6c5e6302c63\">\n.flex_column.av-hgjsh-4ad6bf0d2fc62696990cb6c5e6302c63{\nborder-radius:0px 0px 0px 0px;\npadding:0px 0px 0px 0px;\n}\n<\/style>\n<div  class='flex_column av-hgjsh-4ad6bf0d2fc62696990cb6c5e6302c63 av_two_fifth  avia-builder-el-3  el_after_av_three_fifth  avia-builder-el-last  flex_column_div av-zero-column-padding  '     ><p>\n<style type=\"text\/css\" data-created_by=\"avia_inline_auto\" id=\"style-css-av-kde9de9x-2b4acd4fbce42a28be40166d22efb0bf\">\n.avia-image-container.av-kde9de9x-2b4acd4fbce42a28be40166d22efb0bf img.avia_image{\nbox-shadow:none;\n}\n.avia-image-container.av-kde9de9x-2b4acd4fbce42a28be40166d22efb0bf .av-image-caption-overlay-center{\ncolor:#ffffff;\n}\n<\/style>\n<div  class='avia-image-container av-kde9de9x-2b4acd4fbce42a28be40166d22efb0bf av-styling- avia-align-left  avia-builder-el-4  el_before_av_image  avia-builder-el-first '   itemprop=\"image\" itemscope=\"itemscope\" itemtype=\"https:\/\/schema.org\/ImageObject\" ><div class=\"avia-image-container-inner\"><div class=\"avia-image-overlay-wrap\"><a href=\"https:\/\/www.prokol.com\/wp-content\/uploads\/speaker_03-1030x687.jpg\" data-srcset=\"https:\/\/www.prokol.com\/wp-content\/uploads\/speaker_03-1030x687.jpg 1030w, https:\/\/www.prokol.com\/wp-content\/uploads\/speaker_03-scaled-600x400.jpg 600w, https:\/\/www.prokol.com\/wp-content\/uploads\/speaker_03-300x200.jpg 300w, https:\/\/www.prokol.com\/wp-content\/uploads\/speaker_03-768x512.jpg 768w, https:\/\/www.prokol.com\/wp-content\/uploads\/speaker_03-1536x1024.jpg 1536w, https:\/\/www.prokol.com\/wp-content\/uploads\/speaker_03-2048x1365.jpg 2048w, https:\/\/www.prokol.com\/wp-content\/uploads\/speaker_03-1500x1000.jpg 1500w, https:\/\/www.prokol.com\/wp-content\/uploads\/speaker_03-705x470.jpg 705w, https:\/\/www.prokol.com\/wp-content\/uploads\/speaker_03-450x300.jpg 450w, https:\/\/www.prokol.com\/wp-content\/uploads\/speaker_03-24x16.jpg 24w, https:\/\/www.prokol.com\/wp-content\/uploads\/speaker_03-36x24.jpg 36w, https:\/\/www.prokol.com\/wp-content\/uploads\/speaker_03-48x32.jpg 48w\" data-sizes=\"(max-width: 1030px) 100vw, 1030px\" class='avia_image'  aria-label='cable case on the road'><img decoding=\"async\" fetchpriority=\"high\" class='wp-image-19727 avia-img-lazy-loading-not-19727 avia_image ' src=\"https:\/\/www.prokol.com\/wp-content\/uploads\/speaker_03-180x180.jpg\" alt='' title='cable case on the road'  height=\"180\" width=\"180\"  itemprop=\"thumbnailUrl\" srcset=\"https:\/\/www.prokol.com\/wp-content\/uploads\/speaker_03-180x180.jpg 180w, https:\/\/www.prokol.com\/wp-content\/uploads\/speaker_03-scaled-300x300.jpg 300w, https:\/\/www.prokol.com\/wp-content\/uploads\/speaker_03-scaled-100x100.jpg 100w, https:\/\/www.prokol.com\/wp-content\/uploads\/speaker_03-80x80.jpg 80w, https:\/\/www.prokol.com\/wp-content\/uploads\/speaker_03-36x36.jpg 36w, https:\/\/www.prokol.com\/wp-content\/uploads\/speaker_03-120x120.jpg 120w, https:\/\/www.prokol.com\/wp-content\/uploads\/speaker_03-450x450.jpg 450w\" sizes=\"(max-width: 180px) 100vw, 180px\" \/><\/a><\/div><\/div><\/div><br \/>\n\n<style type=\"text\/css\" data-created_by=\"avia_inline_auto\" id=\"style-css-av-kde9dv3w-ce59e2d1bc8640a409dbe8a69e9cc836\">\n.avia-image-container.av-kde9dv3w-ce59e2d1bc8640a409dbe8a69e9cc836 img.avia_image{\nbox-shadow:none;\n}\n.avia-image-container.av-kde9dv3w-ce59e2d1bc8640a409dbe8a69e9cc836 .av-image-caption-overlay-center{\ncolor:#ffffff;\n}\n<\/style>\n<div  class='avia-image-container av-kde9dv3w-ce59e2d1bc8640a409dbe8a69e9cc836 av-styling- avia-align-left  avia-builder-el-5  el_after_av_image  el_before_av_image '   itemprop=\"image\" itemscope=\"itemscope\" itemtype=\"https:\/\/schema.org\/ImageObject\" ><div class=\"avia-image-container-inner\"><div class=\"avia-image-overlay-wrap\"><a href=\"https:\/\/www.prokol.com\/wp-content\/uploads\/speaker_04-1030x618.jpg\" data-srcset=\"https:\/\/www.prokol.com\/wp-content\/uploads\/speaker_04-1030x618.jpg 1030w, https:\/\/www.prokol.com\/wp-content\/uploads\/speaker_04-scaled-600x360.jpg 600w, https:\/\/www.prokol.com\/wp-content\/uploads\/speaker_04-300x180.jpg 300w, https:\/\/www.prokol.com\/wp-content\/uploads\/speaker_04-768x461.jpg 768w, https:\/\/www.prokol.com\/wp-content\/uploads\/speaker_04-1536x922.jpg 1536w, https:\/\/www.prokol.com\/wp-content\/uploads\/speaker_04-2048x1229.jpg 2048w, https:\/\/www.prokol.com\/wp-content\/uploads\/speaker_04-1500x900.jpg 1500w, https:\/\/www.prokol.com\/wp-content\/uploads\/speaker_04-705x423.jpg 705w, https:\/\/www.prokol.com\/wp-content\/uploads\/speaker_04-450x270.jpg 450w, https:\/\/www.prokol.com\/wp-content\/uploads\/speaker_04-24x14.jpg 24w, https:\/\/www.prokol.com\/wp-content\/uploads\/speaker_04-36x22.jpg 36w, https:\/\/www.prokol.com\/wp-content\/uploads\/speaker_04-48x29.jpg 48w\" data-sizes=\"(max-width: 1030px) 100vw, 1030px\" class='avia_image'  aria-label='speaker_04'><img decoding=\"async\" fetchpriority=\"high\" class='wp-image-19735 avia-img-lazy-loading-not-19735 avia_image ' src=\"https:\/\/www.prokol.com\/wp-content\/uploads\/speaker_04-180x180.jpg\" alt='' title='speaker_04'  height=\"180\" width=\"180\"  itemprop=\"thumbnailUrl\" srcset=\"https:\/\/www.prokol.com\/wp-content\/uploads\/speaker_04-180x180.jpg 180w, https:\/\/www.prokol.com\/wp-content\/uploads\/speaker_04-scaled-300x300.jpg 300w, https:\/\/www.prokol.com\/wp-content\/uploads\/speaker_04-scaled-100x100.jpg 100w, https:\/\/www.prokol.com\/wp-content\/uploads\/speaker_04-80x80.jpg 80w, https:\/\/www.prokol.com\/wp-content\/uploads\/speaker_04-36x36.jpg 36w, https:\/\/www.prokol.com\/wp-content\/uploads\/speaker_04-120x120.jpg 120w, https:\/\/www.prokol.com\/wp-content\/uploads\/speaker_04-450x450.jpg 450w\" sizes=\"(max-width: 180px) 100vw, 180px\" \/><\/a><\/div><\/div><\/div><br \/>\n\n<style type=\"text\/css\" data-created_by=\"avia_inline_auto\" id=\"style-css-av-kde9de9x-1-1cf73c433dda4fc5a885574d19841779\">\n.avia-image-container.av-kde9de9x-1-1cf73c433dda4fc5a885574d19841779 img.avia_image{\nbox-shadow:none;\n}\n.avia-image-container.av-kde9de9x-1-1cf73c433dda4fc5a885574d19841779 .av-image-caption-overlay-center{\ncolor:#ffffff;\n}\n<\/style>\n<div  class='avia-image-container av-kde9de9x-1-1cf73c433dda4fc5a885574d19841779 av-styling- avia-align-left  avia-builder-el-6  el_after_av_image  avia-builder-el-last '   itemprop=\"image\" itemscope=\"itemscope\" itemtype=\"https:\/\/schema.org\/ImageObject\" ><div class=\"avia-image-container-inner\"><div class=\"avia-image-overlay-wrap\"><a href=\"https:\/\/www.prokol.com\/wp-content\/uploads\/speaker_02-1030x685.jpg\" data-srcset=\"https:\/\/www.prokol.com\/wp-content\/uploads\/speaker_02-1030x685.jpg 1030w, https:\/\/www.prokol.com\/wp-content\/uploads\/speaker_02-scaled-600x399.jpg 600w, https:\/\/www.prokol.com\/wp-content\/uploads\/speaker_02-300x199.jpg 300w, https:\/\/www.prokol.com\/wp-content\/uploads\/speaker_02-768x511.jpg 768w, https:\/\/www.prokol.com\/wp-content\/uploads\/speaker_02-1536x1021.jpg 1536w, https:\/\/www.prokol.com\/wp-content\/uploads\/speaker_02-2048x1362.jpg 2048w, https:\/\/www.prokol.com\/wp-content\/uploads\/speaker_02-1500x997.jpg 1500w, https:\/\/www.prokol.com\/wp-content\/uploads\/speaker_02-705x469.jpg 705w, https:\/\/www.prokol.com\/wp-content\/uploads\/speaker_02-450x299.jpg 450w, https:\/\/www.prokol.com\/wp-content\/uploads\/speaker_02-24x16.jpg 24w, https:\/\/www.prokol.com\/wp-content\/uploads\/speaker_02-36x24.jpg 36w, https:\/\/www.prokol.com\/wp-content\/uploads\/speaker_02-48x32.jpg 48w\" data-sizes=\"(max-width: 1030px) 100vw, 1030px\" class='avia_image'  aria-label='speakers hanging for an outdoor concert'><img decoding=\"async\" fetchpriority=\"high\" class='wp-image-19723 avia-img-lazy-loading-not-19723 avia_image ' src=\"https:\/\/www.prokol.com\/wp-content\/uploads\/speaker_02-180x180.jpg\" alt='' title='speakers hanging for an outdoor concert'  height=\"180\" width=\"180\"  itemprop=\"thumbnailUrl\" srcset=\"https:\/\/www.prokol.com\/wp-content\/uploads\/speaker_02-180x180.jpg 180w, https:\/\/www.prokol.com\/wp-content\/uploads\/speaker_02-scaled-300x300.jpg 300w, https:\/\/www.prokol.com\/wp-content\/uploads\/speaker_02-scaled-100x100.jpg 100w, https:\/\/www.prokol.com\/wp-content\/uploads\/speaker_02-80x80.jpg 80w, https:\/\/www.prokol.com\/wp-content\/uploads\/speaker_02-36x36.jpg 36w, https:\/\/www.prokol.com\/wp-content\/uploads\/speaker_02-120x120.jpg 120w, https:\/\/www.prokol.com\/wp-content\/uploads\/speaker_02-450x450.jpg 450w\" sizes=\"(max-width: 180px) 100vw, 180px\" \/><\/a><\/div><\/div><\/div><\/p><\/div><\/p>\n","protected":false},"excerpt":{"rendered":"","protected":false},"author":3,"featured_media":0,"parent":0,"menu_order":0,"comment_status":"closed","ping_status":"closed","template":"","meta":{"inline_featured_image":false,"footnotes":""},"tags":[],"class_list":["post-21929","page","type-page","status-publish","hentry"],"yoast_head":"<!-- This site is optimized with the Yoast SEO plugin v27.2 - https:\/\/yoast.com\/product\/yoast-seo-wordpress\/ -->\n<title>Speakers &amp; flight cases - Prokol Protective Coatings<\/title>\n<meta name=\"robots\" content=\"index, follow, max-snippet:-1, max-image-preview:large, max-video-preview:-1\" \/>\n<link rel=\"canonical\" href=\"https:\/\/www.prokol.com\/de\/speakers-flight-cases\/\" \/>\n<meta property=\"og:locale\" content=\"de_DE\" \/>\n<meta property=\"og:type\" content=\"article\" \/>\n<meta property=\"og:title\" content=\"Speakers &amp; flight cases - Prokol Protective Coatings\" \/>\n<meta property=\"og:url\" content=\"https:\/\/www.prokol.com\/de\/speakers-flight-cases\/\" \/>\n<meta property=\"og:site_name\" content=\"Prokol Protective Coatings\" \/>\n<meta property=\"article:modified_time\" content=\"2023-03-31T09:56:44+00:00\" \/>\n<meta name=\"twitter:card\" content=\"summary_large_image\" \/>\n<meta name=\"twitter:label1\" content=\"Gesch\u00e4tzte Lesezeit\" \/>\n\t<meta name=\"twitter:data1\" content=\"8\u00a0Minuten\" \/>\n<script type=\"application\/ld+json\" class=\"yoast-schema-graph\">{\"@context\":\"https:\/\/schema.org\",\"@graph\":[{\"@type\":\"WebPage\",\"@id\":\"https:\/\/www.prokol.com\/de\/speakers-flight-cases\/\",\"url\":\"https:\/\/www.prokol.com\/de\/speakers-flight-cases\/\",\"name\":\"Speakers & flight cases - Prokol Protective Coatings\",\"isPartOf\":{\"@id\":\"https:\/\/www.prokol.com\/de\/#website\"},\"datePublished\":\"2023-03-31T09:41:46+00:00\",\"dateModified\":\"2023-03-31T09:56:44+00:00\",\"breadcrumb\":{\"@id\":\"https:\/\/www.prokol.com\/de\/speakers-flight-cases\/#breadcrumb\"},\"inLanguage\":\"de\",\"potentialAction\":[{\"@type\":\"ReadAction\",\"target\":[\"https:\/\/www.prokol.com\/de\/speakers-flight-cases\/\"]}]},{\"@type\":\"BreadcrumbList\",\"@id\":\"https:\/\/www.prokol.com\/de\/speakers-flight-cases\/#breadcrumb\",\"itemListElement\":[{\"@type\":\"ListItem\",\"position\":1,\"name\":\"Home\",\"item\":\"https:\/\/www.prokol.com\/de\/prokol-home-de\/\"},{\"@type\":\"ListItem\",\"position\":2,\"name\":\"Speakers &#038; flight cases\"}]},{\"@type\":\"WebSite\",\"@id\":\"https:\/\/www.prokol.com\/de\/#website\",\"url\":\"https:\/\/www.prokol.com\/de\/\",\"name\":\"Prokol Protective Coatings\",\"description\":\"POLYUREA HOTSPRAY, GIETVLOEREN EN PARKEERGARAGE COATINGS, VLOEIBARE NAADLOZE KUNSTSTOFFEN\",\"potentialAction\":[{\"@type\":\"SearchAction\",\"target\":{\"@type\":\"EntryPoint\",\"urlTemplate\":\"https:\/\/www.prokol.com\/de\/?s={search_term_string}\"},\"query-input\":{\"@type\":\"PropertyValueSpecification\",\"valueRequired\":true,\"valueName\":\"search_term_string\"}}],\"inLanguage\":\"de\"}]}<\/script>\n<!-- \/ Yoast SEO plugin. -->","yoast_head_json":{"title":"Speakers & flight cases - Prokol Protective Coatings","robots":{"index":"index","follow":"follow","max-snippet":"max-snippet:-1","max-image-preview":"max-image-preview:large","max-video-preview":"max-video-preview:-1"},"canonical":"https:\/\/www.prokol.com\/de\/speakers-flight-cases\/","og_locale":"de_DE","og_type":"article","og_title":"Speakers & flight cases - Prokol Protective Coatings","og_url":"https:\/\/www.prokol.com\/de\/speakers-flight-cases\/","og_site_name":"Prokol Protective Coatings","article_modified_time":"2023-03-31T09:56:44+00:00","twitter_card":"summary_large_image","twitter_misc":{"Gesch\u00e4tzte Lesezeit":"8\u00a0Minuten"},"schema":{"@context":"https:\/\/schema.org","@graph":[{"@type":"WebPage","@id":"https:\/\/www.prokol.com\/de\/speakers-flight-cases\/","url":"https:\/\/www.prokol.com\/de\/speakers-flight-cases\/","name":"Speakers & flight cases - Prokol Protective Coatings","isPartOf":{"@id":"https:\/\/www.prokol.com\/de\/#website"},"datePublished":"2023-03-31T09:41:46+00:00","dateModified":"2023-03-31T09:56:44+00:00","breadcrumb":{"@id":"https:\/\/www.prokol.com\/de\/speakers-flight-cases\/#breadcrumb"},"inLanguage":"de","potentialAction":[{"@type":"ReadAction","target":["https:\/\/www.prokol.com\/de\/speakers-flight-cases\/"]}]},{"@type":"BreadcrumbList","@id":"https:\/\/www.prokol.com\/de\/speakers-flight-cases\/#breadcrumb","itemListElement":[{"@type":"ListItem","position":1,"name":"Home","item":"https:\/\/www.prokol.com\/de\/prokol-home-de\/"},{"@type":"ListItem","position":2,"name":"Speakers &#038; flight cases"}]},{"@type":"WebSite","@id":"https:\/\/www.prokol.com\/de\/#website","url":"https:\/\/www.prokol.com\/de\/","name":"Prokol Protective Coatings","description":"POLYUREA HOTSPRAY, GIETVLOEREN EN PARKEERGARAGE COATINGS, VLOEIBARE NAADLOZE KUNSTSTOFFEN","potentialAction":[{"@type":"SearchAction","target":{"@type":"EntryPoint","urlTemplate":"https:\/\/www.prokol.com\/de\/?s={search_term_string}"},"query-input":{"@type":"PropertyValueSpecification","valueRequired":true,"valueName":"search_term_string"}}],"inLanguage":"de"}]}},"_links":{"self":[{"href":"https:\/\/www.prokol.com\/de\/wp-json\/wp\/v2\/pages\/21929","targetHints":{"allow":["GET"]}}],"collection":[{"href":"https:\/\/www.prokol.com\/de\/wp-json\/wp\/v2\/pages"}],"about":[{"href":"https:\/\/www.prokol.com\/de\/wp-json\/wp\/v2\/types\/page"}],"author":[{"embeddable":true,"href":"https:\/\/www.prokol.com\/de\/wp-json\/wp\/v2\/users\/3"}],"replies":[{"embeddable":true,"href":"https:\/\/www.prokol.com\/de\/wp-json\/wp\/v2\/comments?post=21929"}],"version-history":[{"count":5,"href":"https:\/\/www.prokol.com\/de\/wp-json\/wp\/v2\/pages\/21929\/revisions"}],"predecessor-version":[{"id":21934,"href":"https:\/\/www.prokol.com\/de\/wp-json\/wp\/v2\/pages\/21929\/revisions\/21934"}],"wp:attachment":[{"href":"https:\/\/www.prokol.com\/de\/wp-json\/wp\/v2\/media?parent=21929"}],"wp:term":[{"taxonomy":"post_tag","embeddable":true,"href":"https:\/\/www.prokol.com\/de\/wp-json\/wp\/v2\/tags?post=21929"}],"curies":[{"name":"wp","href":"https:\/\/api.w.org\/{rel}","templated":true}]}}