{"id":23782,"date":"2023-08-15T11:07:58","date_gmt":"2023-08-15T09:07:58","guid":{"rendered":"https:\/\/www.prokol.com\/rocathaan-pa-hs-pu-136-t-35\/"},"modified":"2023-08-15T14:10:10","modified_gmt":"2023-08-15T12:10:10","slug":"rocathaan-pa-hs-pu-136-t-35","status":"publish","type":"page","link":"https:\/\/www.prokol.com\/de\/rocathaan-pa-hs-pu-136-t-35\/","title":{"rendered":"Rocathaan | PA-HS PU 136-T 35"},"content":{"rendered":"\n<style type=\"text\/css\" data-created_by=\"avia_inline_auto\" id=\"style-css-av-7za76k0-94057062e1b90e7e3148b07815307b13\">\n.avia-section.av-7za76k0-94057062e1b90e7e3148b07815307b13{\nbackground-color:#df4c23;\nbackground-image:unset;\n}\n.avia-section.av-7za76k0-94057062e1b90e7e3148b07815307b13 .av-section-color-overlay{\nopacity:1;\nbackground-image:url(https:\/\/www.prokol.com\/wp-content\/uploads\/Overlay_grijs-1.png);\nbackground-repeat:repeat;\n}\n<\/style>\n<div id='av_section_1'  class='avia-section av-7za76k0-94057062e1b90e7e3148b07815307b13 main_color avia-section-default avia-no-border-styling  avia-builder-el-0  el_before_av_three_fifth  avia-builder-el-first  avia-bg-style-fixed av-section-color-overlay-active av-minimum-height av-minimum-height-custom av-height-custom  container_wrap fullsize'   data-av_minimum_height_px='100'><div class=\"av-section-color-overlay-wrap\"><div class=\"av-section-color-overlay\"><\/div><div class='container av-section-cont-open' style='height:100px'><main  role=\"main\" itemprop=\"mainContentOfPage\"  class='template-page content  av-content-full alpha units'><div class='post-entry post-entry-type-page post-entry-23782'><div class='entry-content-wrapper clearfix'>\n\n<style type=\"text\/css\" data-created_by=\"avia_inline_auto\" id=\"style-css-av-7qtyofk-631c95f3e646cab5cf86d76fdfe070b7\">\n#top .hr.av-7qtyofk-631c95f3e646cab5cf86d76fdfe070b7{\nmargin-top:30px;\nmargin-bottom:0px;\n}\n.hr.av-7qtyofk-631c95f3e646cab5cf86d76fdfe070b7 .hr-inner{\nwidth:20px;\nborder-color:#df4c23;\n}\n<\/style>\n<div  class='hr av-7qtyofk-631c95f3e646cab5cf86d76fdfe070b7 hr-custom  avia-builder-el-1  el_before_av_heading  avia-builder-el-first  hr-left hr-icon-no'><span class='hr-inner inner-border-av-border-fat'><span class=\"hr-inner-style\"><\/span><\/span><\/div>\n\n<style type=\"text\/css\" data-created_by=\"avia_inline_auto\" id=\"style-css-av-llayej1u-400aed2d5f283acebc6c8d35a5d372ed\">\n#top .av-special-heading.av-llayej1u-400aed2d5f283acebc6c8d35a5d372ed{\npadding-bottom:10px;\ncolor:#ffffff;\n}\nbody .av-special-heading.av-llayej1u-400aed2d5f283acebc6c8d35a5d372ed .av-special-heading-tag .heading-char{\nfont-size:25px;\n}\n.av-special-heading.av-llayej1u-400aed2d5f283acebc6c8d35a5d372ed .special-heading-inner-border{\nborder-color:#ffffff;\n}\n.av-special-heading.av-llayej1u-400aed2d5f283acebc6c8d35a5d372ed .av-subheading{\nfont-size:15px;\n}\n<\/style>\n<div  class='av-special-heading av-llayej1u-400aed2d5f283acebc6c8d35a5d372ed av-special-heading-h1 custom-color-heading blockquote modern-quote  avia-builder-el-2  el_after_av_hr  avia-builder-el-last  av-linked-heading'><h1 class='av-special-heading-tag'  itemprop=\"headline\"  >Rocathaan | PA-HS PU 136-T 35<\/h1><div class=\"special-heading-border\"><div class=\"special-heading-inner-border\"><\/div><\/div><\/div>\n<\/div><\/div><\/main><!-- close content main element --><\/div><\/div><\/div><div id='after_section_1'  class='main_color av_default_container_wrap container_wrap fullsize'  ><div class='container av-section-cont-open' ><div class='template-page content  av-content-full alpha units'><div class='post-entry post-entry-type-page post-entry-23782'><div class='entry-content-wrapper clearfix'>\n\n<style type=\"text\/css\" data-created_by=\"avia_inline_auto\" id=\"style-css-av-7c8s7ps-3e01e65f099f21766bd9daf6aa194f9e\">\n.flex_column.av-7c8s7ps-3e01e65f099f21766bd9daf6aa194f9e{\nborder-radius:0px 0px 0px 0px;\npadding:0px 0px 0px 0px;\n}\n<\/style>\n<div  class='flex_column av-7c8s7ps-3e01e65f099f21766bd9daf6aa194f9e av_three_fifth  avia-builder-el-3  el_after_av_section  el_before_av_one_fifth  avia-builder-el-first  first flex_column_div av-zero-column-padding  '     ><section  class='av_textblock_section av-llayes64-53edc768a44ae36bfb4dbaf7d7ef6b54 '   itemscope=\"itemscope\" itemtype=\"https:\/\/schema.org\/CreativeWork\" ><div class='avia_textblock'  itemprop=\"text\" ><h5>Beschreibung<\/h5>\n<p>F\u00fcr die Verarbeitung von gespritzten Polyurethan-Isolierungen.<\/p>\n<\/div><\/section><\/div>\n\n<style type=\"text\/css\" data-created_by=\"avia_inline_auto\" id=\"style-css-av-6ll1gk0-f2d2632a3feb118c7bec05ff37e3b719\">\n.flex_column.av-6ll1gk0-f2d2632a3feb118c7bec05ff37e3b719{\nborder-radius:0px 0px 0px 0px;\npadding:0px 0px 0px 0px;\n}\n<\/style>\n<div  class='flex_column av-6ll1gk0-f2d2632a3feb118c7bec05ff37e3b719 av_one_fifth  avia-builder-el-5  el_after_av_three_fifth  el_before_av_section  avia-builder-el-last  flex_column_div av-zero-column-padding  '     ><div  class='avia-button-wrap av-mpa8fk-7527118279042a3899417610db807b71-wrap avia-button-center  avia-builder-el-6  avia-builder-el-no-sibling '><a href='https:\/\/www.prokol.com\/de\/systemblaetter\/'  class='avia-button av-mpa8fk-7527118279042a3899417610db807b71 avia-icon_select-no avia-size-large avia-position-center avia-color-dark'  ><span class='avia_iconbox_title' >Zur\u00fcck zu Filter <\/span><\/a><\/div><\/div>\n<\/div><\/div><\/div><!-- close content main div --><\/div><\/div>\n<style type=\"text\/css\" data-created_by=\"avia_inline_auto\" id=\"style-css-av-l1160g-7ac3c5308717ecf03486245831ffe22e\">\n.avia-section.av-l1160g-7ac3c5308717ecf03486245831ffe22e{\nbackground-color:#f6f6f6;\nbackground-image:unset;\nmargin-top:-30px;\nmargin-bottom:-30px;\n}\n<\/style>\n<div id='av_section_2'  class='avia-section av-l1160g-7ac3c5308717ecf03486245831ffe22e main_color avia-section-default avia-shadow  avia-builder-el-7  el_after_av_one_fifth  el_before_av_one_full  avia-bg-style-scroll container_wrap fullsize'  ><div class='container av-section-cont-open' ><div class='template-page content  av-content-full alpha units'><div class='post-entry post-entry-type-page post-entry-23782'><div class='entry-content-wrapper clearfix'>\n\n<style type=\"text\/css\" data-created_by=\"avia_inline_auto\" id=\"style-css-av-jka5tc-f85aeb0dbee0764108e1c0e5125463ff\">\n#top .flex_column.av-jka5tc-f85aeb0dbee0764108e1c0e5125463ff{\nmargin-top:0px;\nmargin-bottom:-50px;\n}\n.flex_column.av-jka5tc-f85aeb0dbee0764108e1c0e5125463ff{\nborder-radius:0px 0px 0px 0px;\npadding:0px 0px 0px 0px;\n}\n.responsive #top #wrap_all .flex_column.av-jka5tc-f85aeb0dbee0764108e1c0e5125463ff{\nmargin-top:0px;\nmargin-bottom:-50px;\n}\n<\/style>\n<div  class='flex_column av-jka5tc-f85aeb0dbee0764108e1c0e5125463ff av_one_half  avia-builder-el-8  el_before_av_one_half  avia-builder-el-first  first flex_column_div av-zero-column-padding  '     ><p>\n<style type=\"text\/css\" data-created_by=\"avia_inline_auto\" id=\"style-css-av-4n72gs0-3003da3a48313c8a0eb3e7837fa04587\">\n#top .hr.hr-invisible.av-4n72gs0-3003da3a48313c8a0eb3e7837fa04587{\nheight:25px;\n}\n<\/style>\n<div  class='hr av-4n72gs0-3003da3a48313c8a0eb3e7837fa04587 hr-invisible  avia-builder-el-9  el_before_av_textblock  avia-builder-el-first '><span class='hr-inner '><span class=\"hr-inner-style\"><\/span><\/span><\/div><br \/>\n<section  class='av_textblock_section av-4kgh300-168d0547b49f308fedfe7ac96fb232fa '   itemscope=\"itemscope\" itemtype=\"https:\/\/schema.org\/CreativeWork\" ><div class='avia_textblock'  itemprop=\"text\" ><p><strong>Beispiel f\u00fcr das System<\/strong><\/p>\n<ol>\n<li>D\u00e4mmstoffe mit der richtigen Pressung und Dichte<\/li>\n<li>Rocathaan Hotspray PA 136-T (2 \u20133 kg\/m\u00b2\/Schicht)<\/li>\n<li>Eine erste Schicht Rocathaan Topcoat 35 in der gew\u00fcnschten Farbe (\u00b1 0,20 kg\/m\u00b2\/Schicht)<\/li>\n<li>Eine zweite Schicht Rocathaan Topcoat 35 in der gew\u00fcnschten Farbe (\u00b1 0,15 kg\/m\u00b2\/Schicht)<\/li>\n<\/ol>\n<p><i>Bei Bedarf kann eine andere Marke und ein anderer Typ f\u00fcr die Deckschicht verwendet werden. Pr\u00fcfen Sie in diesem Fall die Kompatibilit\u00e4t mit der vorherigen Beschichtung.<\/i><\/p>\n<\/div><\/section><\/p><\/div>\n<style type=\"text\/css\" data-created_by=\"avia_inline_auto\" id=\"style-css-av-404vmuo-d8336cf47a88314a80867e68e8c4f333\">\n#top .flex_column.av-404vmuo-d8336cf47a88314a80867e68e8c4f333{\nmargin-top:0px;\nmargin-bottom:-50px;\n}\n.flex_column.av-404vmuo-d8336cf47a88314a80867e68e8c4f333{\nborder-radius:0px 0px 0px 0px;\npadding:0px 0px 0px 0px;\nbackground-color:f6f6f6;\n}\n.responsive #top #wrap_all .flex_column.av-404vmuo-d8336cf47a88314a80867e68e8c4f333{\nmargin-top:0px;\nmargin-bottom:-50px;\n}\n<\/style>\n<div  class='flex_column av-404vmuo-d8336cf47a88314a80867e68e8c4f333 av_one_half  avia-builder-el-11  el_after_av_one_half  el_before_av_hr  flex_column_div av-zero-column-padding  '     ><style type=\"text\/css\" data-created_by=\"avia_inline_auto\" id=\"style-css-av-llayi6nd-f53b78f28296c209e2d5e56ea90ba239\">\n.avia-image-container.av-llayi6nd-f53b78f28296c209e2d5e56ea90ba239 img.avia_image{\nbox-shadow:none;\n}\n.avia-image-container.av-llayi6nd-f53b78f28296c209e2d5e56ea90ba239 .av-image-caption-overlay-center{\ncolor:#ffffff;\n}\n<\/style>\n<div  class='avia-image-container av-llayi6nd-f53b78f28296c209e2d5e56ea90ba239 av-styling- avia-align-left  avia-builder-el-12  avia-builder-el-no-sibling '   itemprop=\"image\" itemscope=\"itemscope\" itemtype=\"https:\/\/schema.org\/ImageObject\" ><div class=\"avia-image-container-inner\"><div class=\"avia-image-overlay-wrap\"><a href=\"https:\/\/www.prokol.com\/wp-content\/uploads\/Lagentekening_piepschuim_4laags-kopieren_tpcoat-25-1030x954.png\" data-srcset=\"https:\/\/www.prokol.com\/wp-content\/uploads\/Lagentekening_piepschuim_4laags-kopieren_tpcoat-25-1030x954.png 1030w, https:\/\/www.prokol.com\/wp-content\/uploads\/Lagentekening_piepschuim_4laags-kopieren_tpcoat-25-300x278.png 300w, https:\/\/www.prokol.com\/wp-content\/uploads\/Lagentekening_piepschuim_4laags-kopieren_tpcoat-25-768x711.png 768w, https:\/\/www.prokol.com\/wp-content\/uploads\/Lagentekening_piepschuim_4laags-kopieren_tpcoat-25-1536x1422.png 1536w, https:\/\/www.prokol.com\/wp-content\/uploads\/Lagentekening_piepschuim_4laags-kopieren_tpcoat-25-2048x1896.png 2048w, https:\/\/www.prokol.com\/wp-content\/uploads\/Lagentekening_piepschuim_4laags-kopieren_tpcoat-25-1500x1389.png 1500w, https:\/\/www.prokol.com\/wp-content\/uploads\/Lagentekening_piepschuim_4laags-kopieren_tpcoat-25-705x653.png 705w, https:\/\/www.prokol.com\/wp-content\/uploads\/Lagentekening_piepschuim_4laags-kopieren_tpcoat-25-450x417.png 450w, https:\/\/www.prokol.com\/wp-content\/uploads\/Lagentekening_piepschuim_4laags-kopieren_tpcoat-25-24x22.png 24w, https:\/\/www.prokol.com\/wp-content\/uploads\/Lagentekening_piepschuim_4laags-kopieren_tpcoat-25-36x33.png 36w, https:\/\/www.prokol.com\/wp-content\/uploads\/Lagentekening_piepschuim_4laags-kopieren_tpcoat-25-48x44.png 48w, https:\/\/www.prokol.com\/wp-content\/uploads\/Lagentekening_piepschuim_4laags-kopieren_tpcoat-25-600x556.png 600w\" data-sizes=\"(max-width: 1030px) 100vw, 1030px\" class='avia_image'  ><img decoding=\"async\" fetchpriority=\"high\" class='wp-image-23753 avia-img-lazy-loading-not-23753 avia_image ' src=\"https:\/\/www.prokol.com\/wp-content\/uploads\/Lagentekening_piepschuim_4laags-kopieren_tpcoat-25-300x278.png\" alt='' title=''  height=\"278\" width=\"300\"  itemprop=\"thumbnailUrl\" srcset=\"https:\/\/www.prokol.com\/wp-content\/uploads\/Lagentekening_piepschuim_4laags-kopieren_tpcoat-25-300x278.png 300w, https:\/\/www.prokol.com\/wp-content\/uploads\/Lagentekening_piepschuim_4laags-kopieren_tpcoat-25-1030x954.png 1030w, https:\/\/www.prokol.com\/wp-content\/uploads\/Lagentekening_piepschuim_4laags-kopieren_tpcoat-25-768x711.png 768w, https:\/\/www.prokol.com\/wp-content\/uploads\/Lagentekening_piepschuim_4laags-kopieren_tpcoat-25-1536x1422.png 1536w, https:\/\/www.prokol.com\/wp-content\/uploads\/Lagentekening_piepschuim_4laags-kopieren_tpcoat-25-2048x1896.png 2048w, https:\/\/www.prokol.com\/wp-content\/uploads\/Lagentekening_piepschuim_4laags-kopieren_tpcoat-25-1500x1389.png 1500w, https:\/\/www.prokol.com\/wp-content\/uploads\/Lagentekening_piepschuim_4laags-kopieren_tpcoat-25-705x653.png 705w, https:\/\/www.prokol.com\/wp-content\/uploads\/Lagentekening_piepschuim_4laags-kopieren_tpcoat-25-450x417.png 450w, https:\/\/www.prokol.com\/wp-content\/uploads\/Lagentekening_piepschuim_4laags-kopieren_tpcoat-25-24x22.png 24w, https:\/\/www.prokol.com\/wp-content\/uploads\/Lagentekening_piepschuim_4laags-kopieren_tpcoat-25-36x33.png 36w, https:\/\/www.prokol.com\/wp-content\/uploads\/Lagentekening_piepschuim_4laags-kopieren_tpcoat-25-48x44.png 48w, https:\/\/www.prokol.com\/wp-content\/uploads\/Lagentekening_piepschuim_4laags-kopieren_tpcoat-25-600x556.png 600w\" sizes=\"(max-width: 300px) 100vw, 300px\" \/><\/a><\/div><\/div><\/div><\/div><div  class='hr av-3avsv9s-619da46f93126587d68ea28ff3b807ac hr-full  avia-builder-el-13  el_after_av_one_half  el_before_av_one_half  hr-no-shadow'><span class='hr-inner '><span class=\"hr-inner-style\"><\/span><\/span><\/div>\n\n<style type=\"text\/css\" data-created_by=\"avia_inline_auto\" id=\"style-css-av-2uvau7k-383ae409ac917a25e6f537a3dd3ff374\">\n#top .flex_column.av-2uvau7k-383ae409ac917a25e6f537a3dd3ff374{\nmargin-top:-50px;\nmargin-bottom:0px;\n}\n.flex_column.av-2uvau7k-383ae409ac917a25e6f537a3dd3ff374{\nborder-radius:0px 0px 0px 0px;\npadding:0px 0px 0px 0px;\nbackground-color:#f6f6f6;\n}\n.responsive #top #wrap_all .flex_column.av-2uvau7k-383ae409ac917a25e6f537a3dd3ff374{\nmargin-top:-50px;\nmargin-bottom:0px;\n}\n<\/style>\n<div  class='flex_column av-2uvau7k-383ae409ac917a25e6f537a3dd3ff374 av_one_half  avia-builder-el-14  el_after_av_hr  el_before_av_one_half  first flex_column_div av-zero-column-padding  '     ><section  class='av_textblock_section av-llayf1lo-3cb183a869b826997db66140da731882 '   itemscope=\"itemscope\" itemtype=\"https:\/\/schema.org\/CreativeWork\" ><div class='avia_textblock'  itemprop=\"text\" ><p><b>Hauptmerkmale<\/b><\/p>\n<ul>\n<li>L\u00f6sungsmittelfrei<\/li>\n<li>Schlagfest<\/li>\n<\/ul>\n<\/div><\/section><\/div>\n<style type=\"text\/css\" data-created_by=\"avia_inline_auto\" id=\"style-css-av-2qesdio-259cf930492ab9a2520a1c68bacf5dde\">\n#top .flex_column.av-2qesdio-259cf930492ab9a2520a1c68bacf5dde{\nmargin-top:-50px;\nmargin-bottom:0px;\n}\n.flex_column.av-2qesdio-259cf930492ab9a2520a1c68bacf5dde{\nborder-radius:0px 0px 0px 0px;\npadding:0px 0px 0px 0px;\nbackground-color:#f6f6f6;\n}\n.responsive #top #wrap_all .flex_column.av-2qesdio-259cf930492ab9a2520a1c68bacf5dde{\nmargin-top:-50px;\nmargin-bottom:0px;\n}\n<\/style>\n<div  class='flex_column av-2qesdio-259cf930492ab9a2520a1c68bacf5dde av_one_half  avia-builder-el-16  el_after_av_one_half  avia-builder-el-last  flex_column_div av-zero-column-padding  '     ><section  class='av_textblock_section av-llayhvtc-8f4de59f295d2edc7982299c55585090 '   itemscope=\"itemscope\" itemtype=\"https:\/\/schema.org\/CreativeWork\" ><div class='avia_textblock'  itemprop=\"text\" ><p><b>Einige Anwendungen<\/b><\/p>\n<ul>\n<li>D\u00e4cher<\/li>\n<li>Tanks au\u00dfen<\/li>\n<\/ul>\n<\/div><\/section><\/div><\/div><\/div><\/div><!-- close content main div --><\/div><\/div><div id='after_section_2'  class='main_color av_default_container_wrap container_wrap fullsize'  ><div class='container av-section-cont-open' ><div class='template-page content  av-content-full alpha units'><div class='post-entry post-entry-type-page post-entry-23782'><div class='entry-content-wrapper clearfix'>\n<style type=\"text\/css\" data-created_by=\"avia_inline_auto\" id=\"style-css-av-271fcnk-203e06b10f30f915e57b39636b606a57\">\n.flex_column.av-271fcnk-203e06b10f30f915e57b39636b606a57{\nborder-radius:0px 0px 0px 0px;\npadding:0px 0px 0px 0px;\n}\n<\/style>\n<div  class='flex_column av-271fcnk-203e06b10f30f915e57b39636b606a57 av_one_full  avia-builder-el-18  el_after_av_section  el_before_av_hr  avia-builder-el-first  first flex_column_div av-zero-column-padding  '     ><section  class='av_textblock_section av-1ov1to0-6550799e928b4cc2a1e84178d4a92343 '   itemscope=\"itemscope\" itemtype=\"https:\/\/schema.org\/CreativeWork\" ><div class='avia_textblock'  itemprop=\"text\" ><h5>Verwendung des Produkts<\/h5>\n<p>Konsultieren Sie vor der Anwendung dieses Systems die entsprechenden Produkt- und Informationsbl\u00e4tter und wenden Sie sich ggf. an Ihren technischen Berater.<\/p>\n<p>Die angegebenen Verbrauchswerte sind Richtwerte und basieren auf glatten, ebenen Untergr\u00fcnden. Der tats\u00e4chliche Verbrauch h\u00e4ngt von der Arbeitsmethode, der Rauheit und der Saugf\u00e4higkeit des Untergrunds ab.<\/p>\n<p>Aus den Angaben auf diesem Blatt k\u00f6nnen keine Rechte abgeleitet werden.<\/p>\n<\/div><\/section><\/div><\/p>\n<div  class='hr av-19porjk-214604c92bdd80bdf2f863fdfc0343f4 hr-default  avia-builder-el-20  el_after_av_one_full  el_before_av_textblock '><span class='hr-inner '><span class=\"hr-inner-style\"><\/span><\/span><\/div>\n<section  class='av_textblock_section av-r7rff4-faf1f39b7a086a255f1fa239a8f6b6be '   itemscope=\"itemscope\" itemtype=\"https:\/\/schema.org\/CreativeWork\" ><div class='avia_textblock'  itemprop=\"text\" ><p>\u25ba <a href=\"https:\/\/www.prokol.com\/wp-content\/uploads\/Systemblatt-PA-HS-PU-136-T-35-DE.pdf\" target=\"_blank\" rel=\"noopener\">Download als PDF-systemblatt<\/a><\/p>\n<p>\u25ba <a href=\"https:\/\/www.prokol.com\/de\/?page_id=19223\">Lesen Sie mehr \u00fcber\u00a0Hotspray<\/a><\/p>\n<\/div><\/section>\n","protected":false},"excerpt":{"rendered":"<p>F\u00fcr die Verarbeitung von gespritzten Polyurethan-Isolierungen.<\/p>\n","protected":false},"author":3,"featured_media":23753,"parent":0,"menu_order":0,"comment_status":"closed","ping_status":"closed","template":"","meta":{"inline_featured_image":false,"footnotes":""},"tags":[],"class_list":["post-23782","page","type-page","status-publish","has-post-thumbnail","hentry","eigenschap-losungsmittelfrei","eigenschap-schlagfest","materiaal-polyurea-de","toepassing-dacher-und-dachgarten","toepassing-tanks-de"],"yoast_head":"<!-- This site is optimized with the Yoast SEO plugin v27.2 - https:\/\/yoast.com\/product\/yoast-seo-wordpress\/ -->\n<title>Rocathaan | PA-HS PU 136-T 35 - Prokol Protective Coatings<\/title>\n<meta name=\"robots\" content=\"index, follow, max-snippet:-1, max-image-preview:large, max-video-preview:-1\" \/>\n<link rel=\"canonical\" href=\"https:\/\/www.prokol.com\/de\/rocathaan-pa-hs-pu-136-t-35\/\" \/>\n<meta property=\"og:locale\" content=\"de_DE\" \/>\n<meta property=\"og:type\" content=\"article\" \/>\n<meta property=\"og:title\" content=\"Rocathaan | PA-HS PU 136-T 35 - Prokol Protective Coatings\" \/>\n<meta property=\"og:description\" content=\"F\u00fcr die Verarbeitung von gespritzten Polyurethan-Isolierungen.\" \/>\n<meta property=\"og:url\" content=\"https:\/\/www.prokol.com\/de\/rocathaan-pa-hs-pu-136-t-35\/\" \/>\n<meta property=\"og:site_name\" content=\"Prokol Protective Coatings\" \/>\n<meta property=\"article:modified_time\" content=\"2023-08-15T12:10:10+00:00\" \/>\n<meta property=\"og:image\" content=\"https:\/\/www.prokol.com\/wp-content\/uploads\/Lagentekening_piepschuim_4laags-kopieren_tpcoat-25.png\" \/>\n\t<meta property=\"og:image:width\" content=\"2700\" \/>\n\t<meta property=\"og:image:height\" content=\"2500\" \/>\n\t<meta property=\"og:image:type\" content=\"image\/png\" \/>\n<meta name=\"twitter:card\" content=\"summary_large_image\" \/>\n<meta name=\"twitter:label1\" content=\"Gesch\u00e4tzte Lesezeit\" \/>\n\t<meta name=\"twitter:data1\" content=\"12\u00a0Minuten\" \/>\n<script type=\"application\/ld+json\" class=\"yoast-schema-graph\">{\"@context\":\"https:\/\/schema.org\",\"@graph\":[{\"@type\":\"WebPage\",\"@id\":\"https:\/\/www.prokol.com\/de\/rocathaan-pa-hs-pu-136-t-35\/\",\"url\":\"https:\/\/www.prokol.com\/de\/rocathaan-pa-hs-pu-136-t-35\/\",\"name\":\"Rocathaan | PA-HS PU 136-T 35 - Prokol Protective Coatings\",\"isPartOf\":{\"@id\":\"https:\/\/www.prokol.com\/de\/#website\"},\"primaryImageOfPage\":{\"@id\":\"https:\/\/www.prokol.com\/de\/rocathaan-pa-hs-pu-136-t-35\/#primaryimage\"},\"image\":{\"@id\":\"https:\/\/www.prokol.com\/de\/rocathaan-pa-hs-pu-136-t-35\/#primaryimage\"},\"thumbnailUrl\":\"https:\/\/www.prokol.com\/wp-content\/uploads\/Lagentekening_piepschuim_4laags-kopieren_tpcoat-25.png\",\"datePublished\":\"2023-08-15T09:07:58+00:00\",\"dateModified\":\"2023-08-15T12:10:10+00:00\",\"breadcrumb\":{\"@id\":\"https:\/\/www.prokol.com\/de\/rocathaan-pa-hs-pu-136-t-35\/#breadcrumb\"},\"inLanguage\":\"de\",\"potentialAction\":[{\"@type\":\"ReadAction\",\"target\":[\"https:\/\/www.prokol.com\/de\/rocathaan-pa-hs-pu-136-t-35\/\"]}]},{\"@type\":\"ImageObject\",\"inLanguage\":\"de\",\"@id\":\"https:\/\/www.prokol.com\/de\/rocathaan-pa-hs-pu-136-t-35\/#primaryimage\",\"url\":\"https:\/\/www.prokol.com\/wp-content\/uploads\/Lagentekening_piepschuim_4laags-kopieren_tpcoat-25.png\",\"contentUrl\":\"https:\/\/www.prokol.com\/wp-content\/uploads\/Lagentekening_piepschuim_4laags-kopieren_tpcoat-25.png\",\"width\":2700,\"height\":2500,\"caption\":\"-\"},{\"@type\":\"BreadcrumbList\",\"@id\":\"https:\/\/www.prokol.com\/de\/rocathaan-pa-hs-pu-136-t-35\/#breadcrumb\",\"itemListElement\":[{\"@type\":\"ListItem\",\"position\":1,\"name\":\"Home\",\"item\":\"https:\/\/www.prokol.com\/de\/prokol-home-de\/\"},{\"@type\":\"ListItem\",\"position\":2,\"name\":\"Rocathaan | PA-HS PU 136-T 35\"}]},{\"@type\":\"WebSite\",\"@id\":\"https:\/\/www.prokol.com\/de\/#website\",\"url\":\"https:\/\/www.prokol.com\/de\/\",\"name\":\"Prokol Protective Coatings\",\"description\":\"POLYUREA HOTSPRAY, GIETVLOEREN EN PARKEERGARAGE COATINGS, VLOEIBARE NAADLOZE KUNSTSTOFFEN\",\"potentialAction\":[{\"@type\":\"SearchAction\",\"target\":{\"@type\":\"EntryPoint\",\"urlTemplate\":\"https:\/\/www.prokol.com\/de\/?s={search_term_string}\"},\"query-input\":{\"@type\":\"PropertyValueSpecification\",\"valueRequired\":true,\"valueName\":\"search_term_string\"}}],\"inLanguage\":\"de\"}]}<\/script>\n<!-- \/ Yoast SEO plugin. -->","yoast_head_json":{"title":"Rocathaan | PA-HS PU 136-T 35 - Prokol Protective Coatings","robots":{"index":"index","follow":"follow","max-snippet":"max-snippet:-1","max-image-preview":"max-image-preview:large","max-video-preview":"max-video-preview:-1"},"canonical":"https:\/\/www.prokol.com\/de\/rocathaan-pa-hs-pu-136-t-35\/","og_locale":"de_DE","og_type":"article","og_title":"Rocathaan | PA-HS PU 136-T 35 - Prokol Protective Coatings","og_description":"F\u00fcr die Verarbeitung von gespritzten Polyurethan-Isolierungen.","og_url":"https:\/\/www.prokol.com\/de\/rocathaan-pa-hs-pu-136-t-35\/","og_site_name":"Prokol Protective Coatings","article_modified_time":"2023-08-15T12:10:10+00:00","og_image":[{"width":2700,"height":2500,"url":"https:\/\/www.prokol.com\/wp-content\/uploads\/Lagentekening_piepschuim_4laags-kopieren_tpcoat-25.png","type":"image\/png"}],"twitter_card":"summary_large_image","twitter_misc":{"Gesch\u00e4tzte Lesezeit":"12\u00a0Minuten"},"schema":{"@context":"https:\/\/schema.org","@graph":[{"@type":"WebPage","@id":"https:\/\/www.prokol.com\/de\/rocathaan-pa-hs-pu-136-t-35\/","url":"https:\/\/www.prokol.com\/de\/rocathaan-pa-hs-pu-136-t-35\/","name":"Rocathaan | PA-HS PU 136-T 35 - Prokol Protective Coatings","isPartOf":{"@id":"https:\/\/www.prokol.com\/de\/#website"},"primaryImageOfPage":{"@id":"https:\/\/www.prokol.com\/de\/rocathaan-pa-hs-pu-136-t-35\/#primaryimage"},"image":{"@id":"https:\/\/www.prokol.com\/de\/rocathaan-pa-hs-pu-136-t-35\/#primaryimage"},"thumbnailUrl":"https:\/\/www.prokol.com\/wp-content\/uploads\/Lagentekening_piepschuim_4laags-kopieren_tpcoat-25.png","datePublished":"2023-08-15T09:07:58+00:00","dateModified":"2023-08-15T12:10:10+00:00","breadcrumb":{"@id":"https:\/\/www.prokol.com\/de\/rocathaan-pa-hs-pu-136-t-35\/#breadcrumb"},"inLanguage":"de","potentialAction":[{"@type":"ReadAction","target":["https:\/\/www.prokol.com\/de\/rocathaan-pa-hs-pu-136-t-35\/"]}]},{"@type":"ImageObject","inLanguage":"de","@id":"https:\/\/www.prokol.com\/de\/rocathaan-pa-hs-pu-136-t-35\/#primaryimage","url":"https:\/\/www.prokol.com\/wp-content\/uploads\/Lagentekening_piepschuim_4laags-kopieren_tpcoat-25.png","contentUrl":"https:\/\/www.prokol.com\/wp-content\/uploads\/Lagentekening_piepschuim_4laags-kopieren_tpcoat-25.png","width":2700,"height":2500,"caption":"-"},{"@type":"BreadcrumbList","@id":"https:\/\/www.prokol.com\/de\/rocathaan-pa-hs-pu-136-t-35\/#breadcrumb","itemListElement":[{"@type":"ListItem","position":1,"name":"Home","item":"https:\/\/www.prokol.com\/de\/prokol-home-de\/"},{"@type":"ListItem","position":2,"name":"Rocathaan | PA-HS PU 136-T 35"}]},{"@type":"WebSite","@id":"https:\/\/www.prokol.com\/de\/#website","url":"https:\/\/www.prokol.com\/de\/","name":"Prokol Protective Coatings","description":"POLYUREA HOTSPRAY, GIETVLOEREN EN PARKEERGARAGE COATINGS, VLOEIBARE NAADLOZE KUNSTSTOFFEN","potentialAction":[{"@type":"SearchAction","target":{"@type":"EntryPoint","urlTemplate":"https:\/\/www.prokol.com\/de\/?s={search_term_string}"},"query-input":{"@type":"PropertyValueSpecification","valueRequired":true,"valueName":"search_term_string"}}],"inLanguage":"de"}]}},"_links":{"self":[{"href":"https:\/\/www.prokol.com\/de\/wp-json\/wp\/v2\/pages\/23782","targetHints":{"allow":["GET"]}}],"collection":[{"href":"https:\/\/www.prokol.com\/de\/wp-json\/wp\/v2\/pages"}],"about":[{"href":"https:\/\/www.prokol.com\/de\/wp-json\/wp\/v2\/types\/page"}],"author":[{"embeddable":true,"href":"https:\/\/www.prokol.com\/de\/wp-json\/wp\/v2\/users\/3"}],"replies":[{"embeddable":true,"href":"https:\/\/www.prokol.com\/de\/wp-json\/wp\/v2\/comments?post=23782"}],"version-history":[{"count":3,"href":"https:\/\/www.prokol.com\/de\/wp-json\/wp\/v2\/pages\/23782\/revisions"}],"predecessor-version":[{"id":23816,"href":"https:\/\/www.prokol.com\/de\/wp-json\/wp\/v2\/pages\/23782\/revisions\/23816"}],"wp:featuredmedia":[{"embeddable":true,"href":"https:\/\/www.prokol.com\/de\/wp-json\/wp\/v2\/media\/23753"}],"wp:attachment":[{"href":"https:\/\/www.prokol.com\/de\/wp-json\/wp\/v2\/media?parent=23782"}],"wp:term":[{"taxonomy":"post_tag","embeddable":true,"href":"https:\/\/www.prokol.com\/de\/wp-json\/wp\/v2\/tags?post=23782"}],"curies":[{"name":"wp","href":"https:\/\/api.w.org\/{rel}","templated":true}]}}