{"id":27187,"date":"2024-10-08T16:15:59","date_gmt":"2024-10-08T14:15:59","guid":{"rendered":"https:\/\/www.prokol.com\/systemblaetter\/rocathaan-proroof-pa-fr-geo\/"},"modified":"2024-10-08T16:16:00","modified_gmt":"2024-10-08T14:16:00","slug":"rocathaan-proroof-pa-fr-geo","status":"publish","type":"page","link":"https:\/\/www.prokol.com\/de\/systemblaetter\/rocathaan-proroof-pa-fr-geo\/","title":{"rendered":"Rocathaan | ProRoof PA-FR GEO"},"content":{"rendered":"\n<style type=\"text\/css\" data-created_by=\"avia_inline_auto\" id=\"style-css-av-74gntqt-eb755105fa22a7f0cc474d87a485ab65\">\n.avia-section.av-74gntqt-eb755105fa22a7f0cc474d87a485ab65{\nbackground-color:#df4c23;\nbackground-image:unset;\n}\n.avia-section.av-74gntqt-eb755105fa22a7f0cc474d87a485ab65 .av-section-color-overlay{\nopacity:1;\nbackground-image:url(https:\/\/www.prokol.com\/wp-content\/uploads\/Overlay_grijs-1.png);\nbackground-repeat:repeat;\n}\n<\/style>\n<div id='av_section_1'  class='avia-section av-74gntqt-eb755105fa22a7f0cc474d87a485ab65 main_color avia-section-default avia-no-border-styling  avia-builder-el-0  el_before_av_three_fifth  avia-builder-el-first  avia-bg-style-fixed av-section-color-overlay-active av-minimum-height av-minimum-height-custom av-height-custom  container_wrap fullsize'   data-av_minimum_height_px='100'><div class=\"av-section-color-overlay-wrap\"><div class=\"av-section-color-overlay\"><\/div><div class='container av-section-cont-open' style='height:100px'><main  role=\"main\" itemprop=\"mainContentOfPage\"  class='template-page content  av-content-full alpha units'><div class='post-entry post-entry-type-page post-entry-27187'><div class='entry-content-wrapper clearfix'>\n\n<style type=\"text\/css\" data-created_by=\"avia_inline_auto\" id=\"style-css-av-6igr60l-b084bd8a507b0a3b831389d214647e44\">\n#top .hr.av-6igr60l-b084bd8a507b0a3b831389d214647e44{\nmargin-top:30px;\nmargin-bottom:0px;\n}\n.hr.av-6igr60l-b084bd8a507b0a3b831389d214647e44 .hr-inner{\nwidth:20px;\nborder-color:#df4c23;\n}\n<\/style>\n<div  class='hr av-6igr60l-b084bd8a507b0a3b831389d214647e44 hr-custom  avia-builder-el-1  el_before_av_heading  avia-builder-el-first  hr-left hr-icon-no'><span class='hr-inner inner-border-av-border-fat'><span class=\"hr-inner-style\"><\/span><\/span><\/div>\n\n<style type=\"text\/css\" data-created_by=\"avia_inline_auto\" id=\"style-css-av-m14yqm1q-09c83809ce05201b90f85e1a5a265d13\">\n#top .av-special-heading.av-m14yqm1q-09c83809ce05201b90f85e1a5a265d13{\npadding-bottom:10px;\ncolor:#ffffff;\n}\nbody .av-special-heading.av-m14yqm1q-09c83809ce05201b90f85e1a5a265d13 .av-special-heading-tag .heading-char{\nfont-size:25px;\n}\n.av-special-heading.av-m14yqm1q-09c83809ce05201b90f85e1a5a265d13 .special-heading-inner-border{\nborder-color:#ffffff;\n}\n.av-special-heading.av-m14yqm1q-09c83809ce05201b90f85e1a5a265d13 .av-subheading{\nfont-size:15px;\n}\n<\/style>\n<div  class='av-special-heading av-m14yqm1q-09c83809ce05201b90f85e1a5a265d13 av-special-heading-h1 custom-color-heading blockquote modern-quote  avia-builder-el-2  el_after_av_hr  avia-builder-el-last  av-linked-heading'><h1 class='av-special-heading-tag'  itemprop=\"headline\"  >Rocathaan | ProRoof PA-FR GEO<\/h1><div class=\"special-heading-border\"><div class=\"special-heading-inner-border\"><\/div><\/div><\/div>\n<\/div><\/div><\/main><!-- close content main element --><\/div><\/div><\/div><div id='after_section_1'  class='main_color av_default_container_wrap container_wrap fullsize'  ><div class='container av-section-cont-open' ><div class='template-page content  av-content-full alpha units'><div class='post-entry post-entry-type-page post-entry-27187'><div class='entry-content-wrapper clearfix'>\n\n<style type=\"text\/css\" data-created_by=\"avia_inline_auto\" id=\"style-css-av-mfccs5-10d5eccdf5e29a56b329e3c83bb74d3f\">\n.flex_column.av-mfccs5-10d5eccdf5e29a56b329e3c83bb74d3f{\nborder-radius:0px 0px 0px 0px;\npadding:0px 0px 0px 0px;\n}\n<\/style>\n<div  class='flex_column av-mfccs5-10d5eccdf5e29a56b329e3c83bb74d3f av_three_fifth  avia-builder-el-3  el_after_av_section  el_before_av_one_fifth  avia-builder-el-first  first flex_column_div av-zero-column-padding  '     ><section  class='av_textblock_section av-m14yrm0j-645d94086381fbd0532231cb7ebb7e97 '   itemscope=\"itemscope\" itemtype=\"https:\/\/schema.org\/CreativeWork\" ><div class='avia_textblock'  itemprop=\"text\" ><h5>Beschreibung<\/h5>\n<p>Nahtlose Dachabdichtung auf Basis von Hotspray f\u00fcr alte und neue D\u00e4cher.<\/p>\n<\/div><\/section><\/div>\n<style type=\"text\/css\" data-created_by=\"avia_inline_auto\" id=\"style-css-av-k5ljf9-fc26eae8f795b45c6c32ae25d3d7a50b\">\n.flex_column.av-k5ljf9-fc26eae8f795b45c6c32ae25d3d7a50b{\nborder-radius:0px 0px 0px 0px;\npadding:0px 0px 0px 0px;\n}\n<\/style>\n<div  class='flex_column av-k5ljf9-fc26eae8f795b45c6c32ae25d3d7a50b av_one_fifth  avia-builder-el-5  el_after_av_three_fifth  el_before_av_section  avia-builder-el-last  flex_column_div av-zero-column-padding  '     ><div  class='avia-button-wrap av-5ec0ph1-854615e759ad366727c6dc23fb16af4f-wrap avia-button-center  avia-builder-el-6  avia-builder-el-no-sibling '><a href='https:\/\/www.prokol.com\/de\/systemblaetter\/'  class='avia-button av-5ec0ph1-854615e759ad366727c6dc23fb16af4f avia-icon_select-no avia-size-large avia-position-center avia-color-dark'  ><span class='avia_iconbox_title' >Zur\u00fcck zu Filter <\/span><\/a><\/div><\/div><\/p>\n<\/div><\/div><\/div><!-- close content main div --><\/div><\/div>\n<style type=\"text\/css\" data-created_by=\"avia_inline_auto\" id=\"style-css-av-4tzetlh-957a64f7601c43355420f0fa524023f6\">\n.avia-section.av-4tzetlh-957a64f7601c43355420f0fa524023f6{\nbackground-color:#f6f6f6;\nbackground-image:unset;\nmargin-top:-30px;\nmargin-bottom:-30px;\n}\n<\/style>\n<div id='av_section_2'  class='avia-section av-4tzetlh-957a64f7601c43355420f0fa524023f6 main_color avia-section-default avia-shadow  avia-builder-el-7  el_after_av_one_fifth  el_before_av_one_full  avia-bg-style-scroll container_wrap fullsize'  ><div class='container av-section-cont-open' ><div class='template-page content  av-content-full alpha units'><div class='post-entry post-entry-type-page post-entry-27187'><div class='entry-content-wrapper clearfix'>\n\n<style type=\"text\/css\" data-created_by=\"avia_inline_auto\" id=\"style-css-av-4hpn6qd-29269c452107a39a05f8f58db2230eff\">\n#top .flex_column.av-4hpn6qd-29269c452107a39a05f8f58db2230eff{\nmargin-top:0px;\nmargin-bottom:-50px;\n}\n.flex_column.av-4hpn6qd-29269c452107a39a05f8f58db2230eff{\nborder-radius:0px 0px 0px 0px;\npadding:0px 0px 0px 0px;\n}\n.responsive #top #wrap_all .flex_column.av-4hpn6qd-29269c452107a39a05f8f58db2230eff{\nmargin-top:0px;\nmargin-bottom:-50px;\n}\n<\/style>\n<div  class='flex_column av-4hpn6qd-29269c452107a39a05f8f58db2230eff av_one_half  avia-builder-el-8  el_before_av_one_half  avia-builder-el-first  first flex_column_div av-zero-column-padding  '     ><p>\n<style type=\"text\/css\" data-created_by=\"avia_inline_auto\" id=\"style-css-av-3stq3md-2912b9d75819a761e2e6fe7b555f96a9\">\n#top .hr.hr-invisible.av-3stq3md-2912b9d75819a761e2e6fe7b555f96a9{\nheight:25px;\n}\n<\/style>\n<div  class='hr av-3stq3md-2912b9d75819a761e2e6fe7b555f96a9 hr-invisible  avia-builder-el-9  el_before_av_textblock  avia-builder-el-first '><span class='hr-inner '><span class=\"hr-inner-style\"><\/span><\/span><\/div><br \/>\n<section  class='av_textblock_section av-m14yshyz-02ef2d5530f8060039e797efdf12e1d0 '   itemscope=\"itemscope\" itemtype=\"https:\/\/schema.org\/CreativeWork\" ><div class='avia_textblock'  itemprop=\"text\" ><p><strong>Beispiel f\u00fcr das System<\/strong><\/p>\n<ul>\n<li>Bereiten Sie den Untergrund richtig vor<\/li>\n<li>Geotextil (mechanisch) auf dem Untergrund befestigt.<\/li>\n<li>Rocathaan Hotspray PA 260-FR (\u00b1 2,5 kg\/m\u00b2\/Schicht)<\/li>\n<\/ul>\n\n<\/div><\/section><\/p><\/div>\n<style type=\"text\/css\" data-created_by=\"avia_inline_auto\" id=\"style-css-av-3h3b1x1-7f536583cdb1b0b789968bc7c62db306\">\n#top .flex_column.av-3h3b1x1-7f536583cdb1b0b789968bc7c62db306{\nmargin-top:0px;\nmargin-bottom:-50px;\n}\n.flex_column.av-3h3b1x1-7f536583cdb1b0b789968bc7c62db306{\nborder-radius:0px 0px 0px 0px;\npadding:0px 0px 0px 0px;\nbackground-color:f6f6f6;\n}\n.responsive #top #wrap_all .flex_column.av-3h3b1x1-7f536583cdb1b0b789968bc7c62db306{\nmargin-top:0px;\nmargin-bottom:-50px;\n}\n<\/style>\n<div  class='flex_column av-3h3b1x1-7f536583cdb1b0b789968bc7c62db306 av_one_half  avia-builder-el-11  el_after_av_one_half  el_before_av_hr  flex_column_div av-zero-column-padding  '     ><style type=\"text\/css\" data-created_by=\"avia_inline_auto\" id=\"style-css-av-m14yuouk-8a330df850b9d68ff423796d2235b884\">\n.avia-image-container.av-m14yuouk-8a330df850b9d68ff423796d2235b884 img.avia_image{\nbox-shadow:none;\n}\n.avia-image-container.av-m14yuouk-8a330df850b9d68ff423796d2235b884 .av-image-caption-overlay-center{\ncolor:#ffffff;\n}\n<\/style>\n<div  class='avia-image-container av-m14yuouk-8a330df850b9d68ff423796d2235b884 av-styling- avia-align-left  avia-builder-el-12  avia-builder-el-no-sibling '   itemprop=\"image\" itemscope=\"itemscope\" itemtype=\"https:\/\/schema.org\/ImageObject\" ><div class=\"avia-image-container-inner\"><div class=\"avia-image-overlay-wrap\"><a href=\"https:\/\/www.prokol.com\/wp-content\/uploads\/Proroof-PA-FR-GEO-1-1030x940.png\" data-srcset=\"https:\/\/www.prokol.com\/wp-content\/uploads\/Proroof-PA-FR-GEO-1-1030x940.png 1030w, https:\/\/www.prokol.com\/wp-content\/uploads\/Proroof-PA-FR-GEO-1-300x274.png 300w, https:\/\/www.prokol.com\/wp-content\/uploads\/Proroof-PA-FR-GEO-1-768x701.png 768w, https:\/\/www.prokol.com\/wp-content\/uploads\/Proroof-PA-FR-GEO-1-1536x1402.png 1536w, https:\/\/www.prokol.com\/wp-content\/uploads\/Proroof-PA-FR-GEO-1-2048x1869.png 2048w, https:\/\/www.prokol.com\/wp-content\/uploads\/Proroof-PA-FR-GEO-1-1500x1369.png 1500w, https:\/\/www.prokol.com\/wp-content\/uploads\/Proroof-PA-FR-GEO-1-705x644.png 705w, https:\/\/www.prokol.com\/wp-content\/uploads\/Proroof-PA-FR-GEO-1-450x411.png 450w, https:\/\/www.prokol.com\/wp-content\/uploads\/Proroof-PA-FR-GEO-1-24x22.png 24w, https:\/\/www.prokol.com\/wp-content\/uploads\/Proroof-PA-FR-GEO-1-36x33.png 36w, https:\/\/www.prokol.com\/wp-content\/uploads\/Proroof-PA-FR-GEO-1-48x44.png 48w, https:\/\/www.prokol.com\/wp-content\/uploads\/Proroof-PA-FR-GEO-1-600x548.png 600w\" data-sizes=\"(max-width: 1030px) 100vw, 1030px\" class='avia_image'  aria-label='Proroof PA-FR GEO'><img decoding=\"async\" fetchpriority=\"high\" class='wp-image-27135 avia-img-lazy-loading-not-27135 avia_image ' src=\"https:\/\/www.prokol.com\/wp-content\/uploads\/Proroof-PA-FR-GEO-1-300x274.png\" alt='' title='Proroof PA-FR GEO'  height=\"274\" width=\"300\"  itemprop=\"thumbnailUrl\" srcset=\"https:\/\/www.prokol.com\/wp-content\/uploads\/Proroof-PA-FR-GEO-1-300x274.png 300w, https:\/\/www.prokol.com\/wp-content\/uploads\/Proroof-PA-FR-GEO-1-1030x940.png 1030w, https:\/\/www.prokol.com\/wp-content\/uploads\/Proroof-PA-FR-GEO-1-768x701.png 768w, https:\/\/www.prokol.com\/wp-content\/uploads\/Proroof-PA-FR-GEO-1-1536x1402.png 1536w, https:\/\/www.prokol.com\/wp-content\/uploads\/Proroof-PA-FR-GEO-1-2048x1869.png 2048w, https:\/\/www.prokol.com\/wp-content\/uploads\/Proroof-PA-FR-GEO-1-1500x1369.png 1500w, https:\/\/www.prokol.com\/wp-content\/uploads\/Proroof-PA-FR-GEO-1-705x644.png 705w, https:\/\/www.prokol.com\/wp-content\/uploads\/Proroof-PA-FR-GEO-1-450x411.png 450w, https:\/\/www.prokol.com\/wp-content\/uploads\/Proroof-PA-FR-GEO-1-24x22.png 24w, https:\/\/www.prokol.com\/wp-content\/uploads\/Proroof-PA-FR-GEO-1-36x33.png 36w, https:\/\/www.prokol.com\/wp-content\/uploads\/Proroof-PA-FR-GEO-1-48x44.png 48w, https:\/\/www.prokol.com\/wp-content\/uploads\/Proroof-PA-FR-GEO-1-600x548.png 600w\" sizes=\"(max-width: 300px) 100vw, 300px\" \/><\/a><\/div><\/div><\/div><\/div><div  class='hr av-34yllp1-7f1d827012beb3836cb455675013804d hr-full  avia-builder-el-13  el_after_av_one_half  el_before_av_one_half  hr-no-shadow'><span class='hr-inner '><span class=\"hr-inner-style\"><\/span><\/span><\/div>\n\n<style type=\"text\/css\" data-created_by=\"avia_inline_auto\" id=\"style-css-av-2jj440l-72aa7ff3d716105a86446c78efcb8fe9\">\n#top .flex_column.av-2jj440l-72aa7ff3d716105a86446c78efcb8fe9{\nmargin-top:-50px;\nmargin-bottom:0px;\n}\n.flex_column.av-2jj440l-72aa7ff3d716105a86446c78efcb8fe9{\nborder-radius:0px 0px 0px 0px;\npadding:0px 0px 0px 0px;\nbackground-color:#f6f6f6;\n}\n.responsive #top #wrap_all .flex_column.av-2jj440l-72aa7ff3d716105a86446c78efcb8fe9{\nmargin-top:-50px;\nmargin-bottom:0px;\n}\n<\/style>\n<div  class='flex_column av-2jj440l-72aa7ff3d716105a86446c78efcb8fe9 av_one_half  avia-builder-el-14  el_after_av_hr  el_before_av_one_half  first flex_column_div av-zero-column-padding  '     ><section  class='av_textblock_section av-m14ysujs-ee86dcc218e110a30ac5179634d74f07 '   itemscope=\"itemscope\" itemtype=\"https:\/\/schema.org\/CreativeWork\" ><div class='avia_textblock'  itemprop=\"text\" ><p><strong>Hauptmerkmale<\/strong><\/p>\n<ul>\n<li>Wasserdicht<\/li>\n<li>Dauerhaft elastisch<\/li>\n<li>Riss\u00fcberbr\u00fcckend<\/li>\n<li>Best\u00e4ndig gegen Temperaturschwankungen<\/li>\n<\/ul>\n<\/div><\/section><\/div>\n<style type=\"text\/css\" data-created_by=\"avia_inline_auto\" id=\"style-css-av-22s25dh-9d74ab2eac1b695d3b7eeeaed53c09e7\">\n#top .flex_column.av-22s25dh-9d74ab2eac1b695d3b7eeeaed53c09e7{\nmargin-top:-50px;\nmargin-bottom:0px;\n}\n.flex_column.av-22s25dh-9d74ab2eac1b695d3b7eeeaed53c09e7{\nborder-radius:0px 0px 0px 0px;\npadding:0px 0px 0px 0px;\nbackground-color:#f6f6f6;\n}\n.responsive #top #wrap_all .flex_column.av-22s25dh-9d74ab2eac1b695d3b7eeeaed53c09e7{\nmargin-top:-50px;\nmargin-bottom:0px;\n}\n<\/style>\n<div  class='flex_column av-22s25dh-9d74ab2eac1b695d3b7eeeaed53c09e7 av_one_half  avia-builder-el-16  el_after_av_one_half  avia-builder-el-last  flex_column_div av-zero-column-padding  '     ><section  class='av_textblock_section av-m14yt6ue-3ffb7e7d9f8352ec1180bcc41e4a960e '   itemscope=\"itemscope\" itemtype=\"https:\/\/schema.org\/CreativeWork\" ><div class='avia_textblock'  itemprop=\"text\" ><p><strong>Einige Anwendungen<\/strong><\/p>\n<ul>\n<li>D\u00e4cher<\/li>\n<li>D\u00e4cherg\u00e4rten<\/li>\n<\/ul>\n<\/div><\/section><\/div><\/div><\/div><\/div><!-- close content main div --><\/div><\/div><div id='after_section_2'  class='main_color av_default_container_wrap container_wrap fullsize'  ><div class='container av-section-cont-open' ><div class='template-page content  av-content-full alpha units'><div class='post-entry post-entry-type-page post-entry-27187'><div class='entry-content-wrapper clearfix'>\n<style type=\"text\/css\" data-created_by=\"avia_inline_auto\" id=\"style-css-av-1fvgsj9-6aec36e7a3eba50fc3d31905e0990996\">\n.flex_column.av-1fvgsj9-6aec36e7a3eba50fc3d31905e0990996{\nborder-radius:0px 0px 0px 0px;\npadding:0px 0px 0px 0px;\n}\n<\/style>\n<div  class='flex_column av-1fvgsj9-6aec36e7a3eba50fc3d31905e0990996 av_one_full  avia-builder-el-18  el_after_av_section  el_before_av_hr  avia-builder-el-first  first flex_column_div av-zero-column-padding  '     ><section  class='av_textblock_section av-1b1usj9-c8936e0e11572816781de40146724bad '   itemscope=\"itemscope\" itemtype=\"https:\/\/schema.org\/CreativeWork\" ><div class='avia_textblock'  itemprop=\"text\" ><h5>Verwendung des Produkts<\/h5>\n<p>Konsultieren Sie vor der Anwendung dieses Systems die entsprechenden Produkt- und Informationsbl\u00e4tter und wenden Sie sich ggf. an Ihren technischen Berater.<\/p>\n<p>Die angegebenen Verbrauchswerte sind Richtwerte und basieren auf glatten, ebenen Untergr\u00fcnden. Der tats\u00e4chliche Verbrauch h\u00e4ngt von der Arbeitsmethode, der Rauheit und der Saugf\u00e4higkeit des Untergrunds ab.<\/p>\n<p>Aus den Angaben auf diesem Blatt k\u00f6nnen keine Rechte abgeleitet werden.<\/p>\n<\/div><\/section><\/div><\/p>\n<div  class='hr av-2z6ldh-597c4d167b92ae0925ef7f72bf005ac8 hr-default  avia-builder-el-20  el_after_av_one_full  el_before_av_textblock '><span class='hr-inner '><span class=\"hr-inner-style\"><\/span><\/span><\/div>\n<section  class='av_textblock_section av-m14yu6sg-e483c7a98cc8b62c8079b3c04ed4c1a6 '   itemscope=\"itemscope\" itemtype=\"https:\/\/schema.org\/CreativeWork\" ><div class='avia_textblock'  itemprop=\"text\" ><p>\u25ba <a href=\"https:\/\/www.prokol.com\/wp-content\/uploads\/Systemblatt-ProRoof-PA-FR-GEO-DE.pdf\" target=\"_blank\" rel=\"noopener\">Download als PDF-systemblatt<\/a><\/p>\n<p>\u25ba <a href=\"https:\/\/www.prokol.com\/de\/?page_id=19223\">Lesen Sie mehr \u00fcber\u00a0Hotspray<\/a><\/p>\n<\/div><\/section>\n","protected":false},"excerpt":{"rendered":"<p>Nahtlose Dachabdichtung auf Basis von Hotspray f\u00fcr alte und neue D\u00e4cher.<\/p>\n","protected":false},"author":3,"featured_media":27135,"parent":19240,"menu_order":0,"comment_status":"closed","ping_status":"closed","template":"","meta":{"inline_featured_image":false,"footnotes":""},"tags":[],"class_list":["post-27187","page","type-page","status-publish","has-post-thumbnail","hentry","eigenschap-elastisch-de","eigenschap-hitzetolerant","eigenschap-nahtlos","eigenschap-rissuberbruckend","eigenschap-wasserfest","materiaal-polyurea-de","toepassing-dacher-und-dachgarten"],"yoast_head":"<!-- This site is optimized with the Yoast SEO plugin v27.2 - https:\/\/yoast.com\/product\/yoast-seo-wordpress\/ -->\n<title>Rocathaan | ProRoof PA-FR GEO - Prokol Protective Coatings<\/title>\n<meta name=\"robots\" content=\"index, follow, max-snippet:-1, max-image-preview:large, max-video-preview:-1\" \/>\n<link rel=\"canonical\" href=\"https:\/\/www.prokol.com\/de\/systemblaetter\/rocathaan-proroof-pa-fr-geo\/\" \/>\n<meta property=\"og:locale\" content=\"de_DE\" \/>\n<meta property=\"og:type\" content=\"article\" \/>\n<meta property=\"og:title\" content=\"Rocathaan | ProRoof PA-FR GEO - Prokol Protective Coatings\" \/>\n<meta property=\"og:description\" content=\"Nahtlose Dachabdichtung auf Basis von Hotspray f\u00fcr alte und neue D\u00e4cher.\" \/>\n<meta property=\"og:url\" content=\"https:\/\/www.prokol.com\/de\/systemblaetter\/rocathaan-proroof-pa-fr-geo\/\" \/>\n<meta property=\"og:site_name\" content=\"Prokol Protective Coatings\" \/>\n<meta property=\"article:modified_time\" content=\"2024-10-08T14:16:00+00:00\" \/>\n<meta property=\"og:image\" content=\"https:\/\/www.prokol.com\/wp-content\/uploads\/Proroof-PA-FR-GEO-1-1030x940.png\" \/>\n\t<meta property=\"og:image:width\" content=\"1030\" \/>\n\t<meta property=\"og:image:height\" content=\"940\" \/>\n\t<meta property=\"og:image:type\" content=\"image\/png\" \/>\n<meta name=\"twitter:card\" content=\"summary_large_image\" \/>\n<meta name=\"twitter:label1\" content=\"Gesch\u00e4tzte Lesezeit\" \/>\n\t<meta name=\"twitter:data1\" content=\"14\u00a0Minuten\" \/>\n<script type=\"application\/ld+json\" class=\"yoast-schema-graph\">{\"@context\":\"https:\/\/schema.org\",\"@graph\":[{\"@type\":\"WebPage\",\"@id\":\"https:\/\/www.prokol.com\/de\/systemblaetter\/rocathaan-proroof-pa-fr-geo\/\",\"url\":\"https:\/\/www.prokol.com\/de\/systemblaetter\/rocathaan-proroof-pa-fr-geo\/\",\"name\":\"Rocathaan | ProRoof PA-FR GEO - Prokol Protective Coatings\",\"isPartOf\":{\"@id\":\"https:\/\/www.prokol.com\/de\/#website\"},\"primaryImageOfPage\":{\"@id\":\"https:\/\/www.prokol.com\/de\/systemblaetter\/rocathaan-proroof-pa-fr-geo\/#primaryimage\"},\"image\":{\"@id\":\"https:\/\/www.prokol.com\/de\/systemblaetter\/rocathaan-proroof-pa-fr-geo\/#primaryimage\"},\"thumbnailUrl\":\"https:\/\/www.prokol.com\/wp-content\/uploads\/Proroof-PA-FR-GEO-1.png\",\"datePublished\":\"2024-10-08T14:15:59+00:00\",\"dateModified\":\"2024-10-08T14:16:00+00:00\",\"breadcrumb\":{\"@id\":\"https:\/\/www.prokol.com\/de\/systemblaetter\/rocathaan-proroof-pa-fr-geo\/#breadcrumb\"},\"inLanguage\":\"de\",\"potentialAction\":[{\"@type\":\"ReadAction\",\"target\":[\"https:\/\/www.prokol.com\/de\/systemblaetter\/rocathaan-proroof-pa-fr-geo\/\"]}]},{\"@type\":\"ImageObject\",\"inLanguage\":\"de\",\"@id\":\"https:\/\/www.prokol.com\/de\/systemblaetter\/rocathaan-proroof-pa-fr-geo\/#primaryimage\",\"url\":\"https:\/\/www.prokol.com\/wp-content\/uploads\/Proroof-PA-FR-GEO-1.png\",\"contentUrl\":\"https:\/\/www.prokol.com\/wp-content\/uploads\/Proroof-PA-FR-GEO-1.png\",\"width\":2717,\"height\":2480},{\"@type\":\"BreadcrumbList\",\"@id\":\"https:\/\/www.prokol.com\/de\/systemblaetter\/rocathaan-proroof-pa-fr-geo\/#breadcrumb\",\"itemListElement\":[{\"@type\":\"ListItem\",\"position\":1,\"name\":\"Home\",\"item\":\"https:\/\/www.prokol.com\/de\/prokol-home-de\/\"},{\"@type\":\"ListItem\",\"position\":2,\"name\":\"Systembl\u00e4tter\",\"item\":\"https:\/\/www.prokol.com\/de\/systemblaetter\/\"},{\"@type\":\"ListItem\",\"position\":3,\"name\":\"Rocathaan | ProRoof PA-FR GEO\"}]},{\"@type\":\"WebSite\",\"@id\":\"https:\/\/www.prokol.com\/de\/#website\",\"url\":\"https:\/\/www.prokol.com\/de\/\",\"name\":\"Prokol Protective Coatings\",\"description\":\"POLYUREA HOTSPRAY, GIETVLOEREN EN PARKEERGARAGE COATINGS, VLOEIBARE NAADLOZE KUNSTSTOFFEN\",\"potentialAction\":[{\"@type\":\"SearchAction\",\"target\":{\"@type\":\"EntryPoint\",\"urlTemplate\":\"https:\/\/www.prokol.com\/de\/?s={search_term_string}\"},\"query-input\":{\"@type\":\"PropertyValueSpecification\",\"valueRequired\":true,\"valueName\":\"search_term_string\"}}],\"inLanguage\":\"de\"}]}<\/script>\n<!-- \/ Yoast SEO plugin. -->","yoast_head_json":{"title":"Rocathaan | ProRoof PA-FR GEO - Prokol Protective Coatings","robots":{"index":"index","follow":"follow","max-snippet":"max-snippet:-1","max-image-preview":"max-image-preview:large","max-video-preview":"max-video-preview:-1"},"canonical":"https:\/\/www.prokol.com\/de\/systemblaetter\/rocathaan-proroof-pa-fr-geo\/","og_locale":"de_DE","og_type":"article","og_title":"Rocathaan | ProRoof PA-FR GEO - Prokol Protective Coatings","og_description":"Nahtlose Dachabdichtung auf Basis von Hotspray f\u00fcr alte und neue D\u00e4cher.","og_url":"https:\/\/www.prokol.com\/de\/systemblaetter\/rocathaan-proroof-pa-fr-geo\/","og_site_name":"Prokol Protective Coatings","article_modified_time":"2024-10-08T14:16:00+00:00","og_image":[{"width":1030,"height":940,"url":"https:\/\/www.prokol.com\/wp-content\/uploads\/Proroof-PA-FR-GEO-1-1030x940.png","type":"image\/png"}],"twitter_card":"summary_large_image","twitter_misc":{"Gesch\u00e4tzte Lesezeit":"14\u00a0Minuten"},"schema":{"@context":"https:\/\/schema.org","@graph":[{"@type":"WebPage","@id":"https:\/\/www.prokol.com\/de\/systemblaetter\/rocathaan-proroof-pa-fr-geo\/","url":"https:\/\/www.prokol.com\/de\/systemblaetter\/rocathaan-proroof-pa-fr-geo\/","name":"Rocathaan | ProRoof PA-FR GEO - Prokol Protective Coatings","isPartOf":{"@id":"https:\/\/www.prokol.com\/de\/#website"},"primaryImageOfPage":{"@id":"https:\/\/www.prokol.com\/de\/systemblaetter\/rocathaan-proroof-pa-fr-geo\/#primaryimage"},"image":{"@id":"https:\/\/www.prokol.com\/de\/systemblaetter\/rocathaan-proroof-pa-fr-geo\/#primaryimage"},"thumbnailUrl":"https:\/\/www.prokol.com\/wp-content\/uploads\/Proroof-PA-FR-GEO-1.png","datePublished":"2024-10-08T14:15:59+00:00","dateModified":"2024-10-08T14:16:00+00:00","breadcrumb":{"@id":"https:\/\/www.prokol.com\/de\/systemblaetter\/rocathaan-proroof-pa-fr-geo\/#breadcrumb"},"inLanguage":"de","potentialAction":[{"@type":"ReadAction","target":["https:\/\/www.prokol.com\/de\/systemblaetter\/rocathaan-proroof-pa-fr-geo\/"]}]},{"@type":"ImageObject","inLanguage":"de","@id":"https:\/\/www.prokol.com\/de\/systemblaetter\/rocathaan-proroof-pa-fr-geo\/#primaryimage","url":"https:\/\/www.prokol.com\/wp-content\/uploads\/Proroof-PA-FR-GEO-1.png","contentUrl":"https:\/\/www.prokol.com\/wp-content\/uploads\/Proroof-PA-FR-GEO-1.png","width":2717,"height":2480},{"@type":"BreadcrumbList","@id":"https:\/\/www.prokol.com\/de\/systemblaetter\/rocathaan-proroof-pa-fr-geo\/#breadcrumb","itemListElement":[{"@type":"ListItem","position":1,"name":"Home","item":"https:\/\/www.prokol.com\/de\/prokol-home-de\/"},{"@type":"ListItem","position":2,"name":"Systembl\u00e4tter","item":"https:\/\/www.prokol.com\/de\/systemblaetter\/"},{"@type":"ListItem","position":3,"name":"Rocathaan | ProRoof PA-FR GEO"}]},{"@type":"WebSite","@id":"https:\/\/www.prokol.com\/de\/#website","url":"https:\/\/www.prokol.com\/de\/","name":"Prokol Protective Coatings","description":"POLYUREA HOTSPRAY, GIETVLOEREN EN PARKEERGARAGE COATINGS, VLOEIBARE NAADLOZE KUNSTSTOFFEN","potentialAction":[{"@type":"SearchAction","target":{"@type":"EntryPoint","urlTemplate":"https:\/\/www.prokol.com\/de\/?s={search_term_string}"},"query-input":{"@type":"PropertyValueSpecification","valueRequired":true,"valueName":"search_term_string"}}],"inLanguage":"de"}]}},"_links":{"self":[{"href":"https:\/\/www.prokol.com\/de\/wp-json\/wp\/v2\/pages\/27187","targetHints":{"allow":["GET"]}}],"collection":[{"href":"https:\/\/www.prokol.com\/de\/wp-json\/wp\/v2\/pages"}],"about":[{"href":"https:\/\/www.prokol.com\/de\/wp-json\/wp\/v2\/types\/page"}],"author":[{"embeddable":true,"href":"https:\/\/www.prokol.com\/de\/wp-json\/wp\/v2\/users\/3"}],"replies":[{"embeddable":true,"href":"https:\/\/www.prokol.com\/de\/wp-json\/wp\/v2\/comments?post=27187"}],"version-history":[{"count":2,"href":"https:\/\/www.prokol.com\/de\/wp-json\/wp\/v2\/pages\/27187\/revisions"}],"predecessor-version":[{"id":27189,"href":"https:\/\/www.prokol.com\/de\/wp-json\/wp\/v2\/pages\/27187\/revisions\/27189"}],"up":[{"embeddable":true,"href":"https:\/\/www.prokol.com\/de\/wp-json\/wp\/v2\/pages\/19240"}],"wp:featuredmedia":[{"embeddable":true,"href":"https:\/\/www.prokol.com\/de\/wp-json\/wp\/v2\/media\/27135"}],"wp:attachment":[{"href":"https:\/\/www.prokol.com\/de\/wp-json\/wp\/v2\/media?parent=27187"}],"wp:term":[{"taxonomy":"post_tag","embeddable":true,"href":"https:\/\/www.prokol.com\/de\/wp-json\/wp\/v2\/tags?post=27187"}],"curies":[{"name":"wp","href":"https:\/\/api.w.org\/{rel}","templated":true}]}}