{"id":27196,"date":"2024-10-08T16:23:18","date_gmt":"2024-10-08T14:23:18","guid":{"rendered":"https:\/\/www.prokol.com\/systemblaetter\/gummi-silikon-proflect-weisse-dachbeschichtung\/"},"modified":"2025-10-14T08:47:09","modified_gmt":"2025-10-14T06:47:09","slug":"silikon-proflect-roofing","status":"publish","type":"page","link":"https:\/\/www.prokol.com\/de\/systemblaetter\/silikon-proflect-roofing\/","title":{"rendered":"Silikon | ProFlect Roofing"},"content":{"rendered":"\n<style type=\"text\/css\" data-created_by=\"avia_inline_auto\" id=\"style-css-av-7ny4qo2-e32f046195f13f5db31b203dc3cf6672\">\n.avia-section.av-7ny4qo2-e32f046195f13f5db31b203dc3cf6672{\nbackground-color:#df4c23;\nbackground-image:unset;\n}\n.avia-section.av-7ny4qo2-e32f046195f13f5db31b203dc3cf6672 .av-section-color-overlay{\nopacity:1;\nbackground-image:url(https:\/\/www.prokol.com\/wp-content\/uploads\/Overlay_grijs-1.png);\nbackground-repeat:repeat;\n}\n<\/style>\n<div id='av_section_1'  class='avia-section av-7ny4qo2-e32f046195f13f5db31b203dc3cf6672 main_color avia-section-default avia-no-border-styling  avia-builder-el-0  el_before_av_three_fifth  avia-builder-el-first  avia-bg-style-fixed av-section-color-overlay-active av-minimum-height av-minimum-height-custom av-height-custom  container_wrap fullsize'   data-av_minimum_height_px='100'><div class=\"av-section-color-overlay-wrap\"><div class=\"av-section-color-overlay\"><\/div><div class='container av-section-cont-open' style='height:100px'><main  role=\"main\" itemprop=\"mainContentOfPage\"  class='template-page content  av-content-full alpha units'><div class='post-entry post-entry-type-page post-entry-27196'><div class='entry-content-wrapper clearfix'>\n\n<style type=\"text\/css\" data-created_by=\"avia_inline_auto\" id=\"style-css-av-72r1gma-c467fd032c314c56673117205479c1a3\">\n#top .hr.av-72r1gma-c467fd032c314c56673117205479c1a3{\nmargin-top:30px;\nmargin-bottom:0px;\n}\n.hr.av-72r1gma-c467fd032c314c56673117205479c1a3 .hr-inner{\nwidth:20px;\nborder-color:#df4c23;\n}\n<\/style>\n<div  class='hr av-72r1gma-c467fd032c314c56673117205479c1a3 hr-custom  avia-builder-el-1  el_before_av_heading  avia-builder-el-first  hr-left hr-icon-no'><span class='hr-inner inner-border-av-border-fat'><span class=\"hr-inner-style\"><\/span><\/span><\/div>\n\n<style type=\"text\/css\" data-created_by=\"avia_inline_auto\" id=\"style-css-av-m14xz8z9-acdfd2357bfcda4adacda931a8c146e5\">\n#top .av-special-heading.av-m14xz8z9-acdfd2357bfcda4adacda931a8c146e5{\npadding-bottom:10px;\ncolor:#ffffff;\n}\nbody .av-special-heading.av-m14xz8z9-acdfd2357bfcda4adacda931a8c146e5 .av-special-heading-tag .heading-char{\nfont-size:25px;\n}\n.av-special-heading.av-m14xz8z9-acdfd2357bfcda4adacda931a8c146e5 .special-heading-inner-border{\nborder-color:#ffffff;\n}\n.av-special-heading.av-m14xz8z9-acdfd2357bfcda4adacda931a8c146e5 .av-subheading{\nfont-size:15px;\n}\n<\/style>\n<div  class='av-special-heading av-m14xz8z9-acdfd2357bfcda4adacda931a8c146e5 av-special-heading-h1 custom-color-heading blockquote modern-quote  avia-builder-el-2  el_after_av_hr  avia-builder-el-last  av-linked-heading'><h1 class='av-special-heading-tag'  itemprop=\"headline\"  >Silikon | ProFlect Roofing<\/h1><div class=\"special-heading-border\"><div class=\"special-heading-inner-border\"><\/div><\/div><\/div>\n<\/div><\/div><\/main><!-- close content main element --><\/div><\/div><\/div><div id='after_section_1'  class='main_color av_default_container_wrap container_wrap fullsize'  ><div class='container av-section-cont-open' ><div class='template-page content  av-content-full alpha units'><div class='post-entry post-entry-type-page post-entry-27196'><div class='entry-content-wrapper clearfix'>\n<style type=\"text\/css\" data-created_by=\"avia_inline_auto\" id=\"style-css-av-6w1frc2-8d189e4a04c086a6c9b3d313206c134a\">\n.flex_column.av-6w1frc2-8d189e4a04c086a6c9b3d313206c134a{\nborder-radius:0px 0px 0px 0px;\npadding:0px 0px 0px 0px;\n}\n<\/style>\n<div  class='flex_column av-6w1frc2-8d189e4a04c086a6c9b3d313206c134a av_three_fifth  avia-builder-el-3  el_after_av_section  el_before_av_one_fifth  avia-builder-el-first  first flex_column_div av-zero-column-padding  '     ><section  class='av_textblock_section av-m14y11p8-79bd71a19106235f0e74d911ce787820 '   itemscope=\"itemscope\" itemtype=\"https:\/\/schema.org\/CreativeWork\" ><div class='avia_textblock'  itemprop=\"text\" ><h5>Beschreibung<\/h5>\n<p>Reflektierende wei\u00dfe Dachbeschichtung, bei der die Temperatur des Daches und damit automatisch die Innentemperatur niedrig bleibt.<\/p>\n<\/div><\/section><\/div><\/p>\n\n<style type=\"text\/css\" data-created_by=\"avia_inline_auto\" id=\"style-css-av-65hkblu-2f1283d4c80045e780fe0f0ab7877f20\">\n.flex_column.av-65hkblu-2f1283d4c80045e780fe0f0ab7877f20{\nborder-radius:0px 0px 0px 0px;\npadding:0px 0px 0px 0px;\n}\n<\/style>\n<div  class='flex_column av-65hkblu-2f1283d4c80045e780fe0f0ab7877f20 av_one_fifth  avia-builder-el-5  el_after_av_three_fifth  el_before_av_section  avia-builder-el-last  flex_column_div av-zero-column-padding  '     ><div  class='avia-button-wrap av-5qldc76-dddc821ce2f1387341166cfb73454442-wrap avia-button-center  avia-builder-el-6  avia-builder-el-no-sibling '><a href='https:\/\/www.prokol.com\/de\/systemblaetter\/'  class='avia-button av-5qldc76-dddc821ce2f1387341166cfb73454442 avia-icon_select-no avia-size-large avia-position-center avia-color-dark'  ><span class='avia_iconbox_title' >Zur\u00fcck zu Filter <\/span><\/a><\/div><\/div>\n<\/div><\/div><\/div><!-- close content main div --><\/div><\/div>\n<style type=\"text\/css\" data-created_by=\"avia_inline_auto\" id=\"style-css-av-5hanfwi-ef15c6dd57e48867d6edc7e05709ea1f\">\n.avia-section.av-5hanfwi-ef15c6dd57e48867d6edc7e05709ea1f{\nbackground-color:#f6f6f6;\nbackground-image:unset;\nmargin-top:-30px;\nmargin-bottom:-30px;\n}\n<\/style>\n<div id='av_section_2'  class='avia-section av-5hanfwi-ef15c6dd57e48867d6edc7e05709ea1f main_color avia-section-default avia-shadow  avia-builder-el-7  el_after_av_one_fifth  el_before_av_one_full  avia-bg-style-scroll container_wrap fullsize'  ><div class='container av-section-cont-open' ><div class='template-page content  av-content-full alpha units'><div class='post-entry post-entry-type-page post-entry-27196'><div class='entry-content-wrapper clearfix'>\n\n<style type=\"text\/css\" data-created_by=\"avia_inline_auto\" id=\"style-css-av-4v0mew2-c55cb2f889d00dfac19de7182d16fca3\">\n#top .flex_column.av-4v0mew2-c55cb2f889d00dfac19de7182d16fca3{\nmargin-top:0px;\nmargin-bottom:-50px;\n}\n.flex_column.av-4v0mew2-c55cb2f889d00dfac19de7182d16fca3{\nborder-radius:0px 0px 0px 0px;\npadding:0px 0px 0px 0px;\n}\n.responsive #top #wrap_all .flex_column.av-4v0mew2-c55cb2f889d00dfac19de7182d16fca3{\nmargin-top:0px;\nmargin-bottom:-50px;\n}\n<\/style>\n<div  class='flex_column av-4v0mew2-c55cb2f889d00dfac19de7182d16fca3 av_one_half  avia-builder-el-8  el_before_av_one_half  avia-builder-el-first  first flex_column_div av-zero-column-padding  '     ><p>\n<style type=\"text\/css\" data-created_by=\"avia_inline_auto\" id=\"style-css-av-f8ld9e-92eaffabe0cc0562fb0511fe36be3029\">\n#top .hr.hr-invisible.av-f8ld9e-92eaffabe0cc0562fb0511fe36be3029{\nheight:25px;\n}\n<\/style>\n<div  class='hr av-f8ld9e-92eaffabe0cc0562fb0511fe36be3029 hr-invisible  avia-builder-el-9  el_before_av_textblock  avia-builder-el-first '><span class='hr-inner '><span class=\"hr-inner-style\"><\/span><\/span><\/div><br \/>\n<section  class='av_textblock_section av-m14y2gxp-eec6b0bd93b83ceddec1bb726dcb9abe '   itemscope=\"itemscope\" itemtype=\"https:\/\/schema.org\/CreativeWork\" ><div class='avia_textblock'  itemprop=\"text\" ><h5>Beispiel f\u00fcr das System<\/h5>\n<ol>\n<li>Bereiten Sie den Untergrund richtig vor<\/li>\n<li>Eine erste Schicht ProFlect Roofing (\u00b1 0,40 kg\/m\u00b2\/Schicht)<\/li>\n<li>Eine zweite Schicht ProFlect Roofing (\u00b1 0,40 kg\/m\u00b2\/Schicht)<\/li>\n<li>Solarpanelen (optional)<\/li>\n<\/ol>\n<\/div><\/section><\/p><\/div>\n<style type=\"text\/css\" data-created_by=\"avia_inline_auto\" id=\"style-css-av-42h2dxe-cc5e224ae34be76adf4e177ef061abed\">\n#top .flex_column.av-42h2dxe-cc5e224ae34be76adf4e177ef061abed{\nmargin-top:0px;\nmargin-bottom:-50px;\n}\n.flex_column.av-42h2dxe-cc5e224ae34be76adf4e177ef061abed{\nborder-radius:0px 0px 0px 0px;\npadding:0px 0px 0px 0px;\nbackground-color:f6f6f6;\n}\n.responsive #top #wrap_all .flex_column.av-42h2dxe-cc5e224ae34be76adf4e177ef061abed{\nmargin-top:0px;\nmargin-bottom:-50px;\n}\n<\/style>\n<div  class='flex_column av-42h2dxe-cc5e224ae34be76adf4e177ef061abed av_one_half  avia-builder-el-11  el_after_av_one_half  el_before_av_hr  flex_column_div av-zero-column-padding  '     ><style type=\"text\/css\" data-created_by=\"avia_inline_auto\" id=\"style-css-av-c0bete-eb9160acdcf019df2971c34b12aea140\">\n.avia-image-container.av-c0bete-eb9160acdcf019df2971c34b12aea140 img.avia_image{\nbox-shadow:none;\n}\n.avia-image-container.av-c0bete-eb9160acdcf019df2971c34b12aea140 .av-image-caption-overlay-center{\ncolor:#ffffff;\n}\n<\/style>\n<div  class='avia-image-container av-c0bete-eb9160acdcf019df2971c34b12aea140 av-styling- avia-align-left  avia-builder-el-12  avia-builder-el-no-sibling '   itemprop=\"image\" itemscope=\"itemscope\" itemtype=\"https:\/\/schema.org\/ImageObject\" ><div class=\"avia-image-container-inner\"><div class=\"avia-image-overlay-wrap\"><a href=\"https:\/\/www.prokol.com\/wp-content\/uploads\/ProFlect_zonnepaneel-2-1030x940.png\" data-srcset=\"https:\/\/www.prokol.com\/wp-content\/uploads\/ProFlect_zonnepaneel-2-1030x940.png 1030w, https:\/\/www.prokol.com\/wp-content\/uploads\/ProFlect_zonnepaneel-2-300x274.png 300w, https:\/\/www.prokol.com\/wp-content\/uploads\/ProFlect_zonnepaneel-2-768x701.png 768w, https:\/\/www.prokol.com\/wp-content\/uploads\/ProFlect_zonnepaneel-2-1536x1402.png 1536w, https:\/\/www.prokol.com\/wp-content\/uploads\/ProFlect_zonnepaneel-2-2048x1869.png 2048w, https:\/\/www.prokol.com\/wp-content\/uploads\/ProFlect_zonnepaneel-2-1500x1369.png 1500w, https:\/\/www.prokol.com\/wp-content\/uploads\/ProFlect_zonnepaneel-2-705x644.png 705w, https:\/\/www.prokol.com\/wp-content\/uploads\/ProFlect_zonnepaneel-2-450x411.png 450w, https:\/\/www.prokol.com\/wp-content\/uploads\/ProFlect_zonnepaneel-2-24x22.png 24w, https:\/\/www.prokol.com\/wp-content\/uploads\/ProFlect_zonnepaneel-2-36x33.png 36w, https:\/\/www.prokol.com\/wp-content\/uploads\/ProFlect_zonnepaneel-2-48x44.png 48w, https:\/\/www.prokol.com\/wp-content\/uploads\/ProFlect_zonnepaneel-2-600x548.png 600w\" data-sizes=\"(max-width: 1030px) 100vw, 1030px\" class='avia_image'  aria-label='ProFlect_zonnepaneel'><img decoding=\"async\" fetchpriority=\"high\" class='wp-image-27154 avia-img-lazy-loading-not-27154 avia_image ' src=\"https:\/\/www.prokol.com\/wp-content\/uploads\/ProFlect_zonnepaneel-2-300x274.png\" alt='' title='ProFlect_zonnepaneel'  height=\"274\" width=\"300\"  itemprop=\"thumbnailUrl\" srcset=\"https:\/\/www.prokol.com\/wp-content\/uploads\/ProFlect_zonnepaneel-2-300x274.png 300w, https:\/\/www.prokol.com\/wp-content\/uploads\/ProFlect_zonnepaneel-2-1030x940.png 1030w, https:\/\/www.prokol.com\/wp-content\/uploads\/ProFlect_zonnepaneel-2-768x701.png 768w, https:\/\/www.prokol.com\/wp-content\/uploads\/ProFlect_zonnepaneel-2-1536x1402.png 1536w, https:\/\/www.prokol.com\/wp-content\/uploads\/ProFlect_zonnepaneel-2-2048x1869.png 2048w, https:\/\/www.prokol.com\/wp-content\/uploads\/ProFlect_zonnepaneel-2-1500x1369.png 1500w, https:\/\/www.prokol.com\/wp-content\/uploads\/ProFlect_zonnepaneel-2-705x644.png 705w, https:\/\/www.prokol.com\/wp-content\/uploads\/ProFlect_zonnepaneel-2-450x411.png 450w, https:\/\/www.prokol.com\/wp-content\/uploads\/ProFlect_zonnepaneel-2-24x22.png 24w, https:\/\/www.prokol.com\/wp-content\/uploads\/ProFlect_zonnepaneel-2-36x33.png 36w, https:\/\/www.prokol.com\/wp-content\/uploads\/ProFlect_zonnepaneel-2-48x44.png 48w, https:\/\/www.prokol.com\/wp-content\/uploads\/ProFlect_zonnepaneel-2-600x548.png 600w\" sizes=\"(max-width: 300px) 100vw, 300px\" \/><\/a><\/div><\/div><\/div><\/div><div  class='hr av-31bz3k2-dbba8573677de925125564ee01a7c463 hr-full  avia-builder-el-13  el_after_av_one_half  el_before_av_one_half  hr-no-shadow'><span class='hr-inner '><span class=\"hr-inner-style\"><\/span><\/span><\/div>\n\n<style type=\"text\/css\" data-created_by=\"avia_inline_auto\" id=\"style-css-av-2mq778i-c5c31e2593974666043aa0aeb53f23a8\">\n#top .flex_column.av-2mq778i-c5c31e2593974666043aa0aeb53f23a8{\nmargin-top:-50px;\nmargin-bottom:0px;\n}\n.flex_column.av-2mq778i-c5c31e2593974666043aa0aeb53f23a8{\nborder-radius:0px 0px 0px 0px;\npadding:0px 0px 0px 0px;\nbackground-color:#f6f6f6;\n}\n.responsive #top #wrap_all .flex_column.av-2mq778i-c5c31e2593974666043aa0aeb53f23a8{\nmargin-top:-50px;\nmargin-bottom:0px;\n}\n<\/style>\n<div  class='flex_column av-2mq778i-c5c31e2593974666043aa0aeb53f23a8 av_one_half  avia-builder-el-14  el_after_av_hr  el_before_av_one_half  first flex_column_div av-zero-column-padding  '     ><section  class='av_textblock_section av-m14y32u5-f7b116a80e4bc5659bb5ac065e9dd868 '   itemscope=\"itemscope\" itemtype=\"https:\/\/schema.org\/CreativeWork\" ><div class='avia_textblock'  itemprop=\"text\" ><p><strong>Hauptmerkmale<\/strong><\/p>\n<ul>\n<li>Reflektierend<\/li>\n<li>Dauerhaft elastisch<\/li>\n<li>Verl\u00e4ngert die Lebensdauer des bestehenden Daches<\/li>\n<\/ul>\n<\/div><\/section><\/div>\n<style type=\"text\/css\" data-created_by=\"avia_inline_auto\" id=\"style-css-av-1w8cmyq-a37f8b8219c85c6d1837e31d93b14c35\">\n#top .flex_column.av-1w8cmyq-a37f8b8219c85c6d1837e31d93b14c35{\nmargin-top:-50px;\nmargin-bottom:0px;\n}\n.flex_column.av-1w8cmyq-a37f8b8219c85c6d1837e31d93b14c35{\nborder-radius:0px 0px 0px 0px;\npadding:0px 0px 0px 0px;\nbackground-color:#f6f6f6;\n}\n.responsive #top #wrap_all .flex_column.av-1w8cmyq-a37f8b8219c85c6d1837e31d93b14c35{\nmargin-top:-50px;\nmargin-bottom:0px;\n}\n<\/style>\n<div  class='flex_column av-1w8cmyq-a37f8b8219c85c6d1837e31d93b14c35 av_one_half  avia-builder-el-16  el_after_av_one_half  avia-builder-el-last  flex_column_div av-zero-column-padding  '     ><section  class='av_textblock_section av-m14y390u-9a2203597df35ef5e9a0ee2c91733bd4 '   itemscope=\"itemscope\" itemtype=\"https:\/\/schema.org\/CreativeWork\" ><div class='avia_textblock'  itemprop=\"text\" ><p><strong>Einige Anwendungen<\/strong><\/p>\n<ul>\n<li>D\u00e4cher<\/li>\n<li>Unter Solarpanelen<\/li>\n<\/ul>\n<\/div><\/section><\/div><\/div><\/div><\/div><!-- close content main div --><\/div><\/div><div id='after_section_2'  class='main_color av_default_container_wrap container_wrap fullsize'  ><div class='container av-section-cont-open' ><div class='template-page content  av-content-full alpha units'><div class='post-entry post-entry-type-page post-entry-27196'><div class='entry-content-wrapper clearfix'>\n<style type=\"text\/css\" data-created_by=\"avia_inline_auto\" id=\"style-css-av-1owf6hu-e08f86f701325aa37be4c20c29bf96f9\">\n.flex_column.av-1owf6hu-e08f86f701325aa37be4c20c29bf96f9{\nborder-radius:0px 0px 0px 0px;\npadding:0px 0px 0px 0px;\n}\n<\/style>\n<div  class='flex_column av-1owf6hu-e08f86f701325aa37be4c20c29bf96f9 av_one_full  avia-builder-el-18  el_after_av_section  el_before_av_hr  avia-builder-el-first  first flex_column_div av-zero-column-padding  '     ><section  class='av_textblock_section av-zecroi-2af88d100786f1301c9bd54ac6305b35 '   itemscope=\"itemscope\" itemtype=\"https:\/\/schema.org\/CreativeWork\" ><div class='avia_textblock'  itemprop=\"text\" ><h5>Verwendung des Produkts<\/h5>\n<p>Konsultieren Sie vor der Anwendung dieses Systems die entsprechenden Produkt- und Informationsbl\u00e4tter und wenden Sie sich ggf. an Ihren technischen Berater.<\/p>\n<p>Die angegebenen Verbrauchswerte sind Richtwerte und basieren auf glatten, ebenen Untergr\u00fcnden. Der tats\u00e4chliche Verbrauch h\u00e4ngt von der Arbeitsmethode, der Rauheit und der Saugf\u00e4higkeit des Untergrunds ab.<\/p>\n<p>Aus den Angaben auf diesem Blatt k\u00f6nnen keine Rechte abgeleitet werden.<\/p>\n<\/div><\/section><\/div><\/p>\n<div  class='hr av-qizusi-257901806c3c5ba7d0b13b97c7a9ed84 hr-default  avia-builder-el-20  el_after_av_one_full  el_before_av_textblock '><span class='hr-inner '><span class=\"hr-inner-style\"><\/span><\/span><\/div>\n<section  class='av_textblock_section av-m14y3k4d-e00da92a270f3b8aa53c29afec9836b6 '   itemscope=\"itemscope\" itemtype=\"https:\/\/schema.org\/CreativeWork\" ><div class='avia_textblock'  itemprop=\"text\" ><p>\u25ba <a href=\"https:\/\/www.prokol.com\/wp-content\/uploads\/Systemblatt-ProFlect-Weise-Dachbeschichtung-DE.pdf\" target=\"_blank\" rel=\"noopener\">Download als PDF-systemblatt<\/a><\/p>\n<\/div><\/section>\n","protected":false},"excerpt":{"rendered":"<p>Reflektierende wei\u00dfe Dachbeschichtung<\/p>\n","protected":false},"author":3,"featured_media":27154,"parent":19240,"menu_order":0,"comment_status":"closed","ping_status":"closed","template":"","meta":{"inline_featured_image":false,"footnotes":""},"tags":[],"class_list":["post-27196","page","type-page","status-publish","has-post-thumbnail","hentry","eigenschap-elastisch-de","eigenschap-reflektierend","materiaal-silikon","toepassing-dacher-und-dachgarten","toepassing-energie-de"],"yoast_head":"<!-- This site is optimized with the Yoast SEO plugin v27.2 - https:\/\/yoast.com\/product\/yoast-seo-wordpress\/ -->\n<title>Silikon | ProFlect Roofing - Prokol Protective Coatings<\/title>\n<meta name=\"robots\" content=\"index, follow, max-snippet:-1, max-image-preview:large, max-video-preview:-1\" \/>\n<link rel=\"canonical\" href=\"https:\/\/www.prokol.com\/de\/systemblaetter\/silikon-proflect-roofing\/\" \/>\n<meta property=\"og:locale\" content=\"de_DE\" \/>\n<meta property=\"og:type\" content=\"article\" \/>\n<meta property=\"og:title\" content=\"Silikon | ProFlect Roofing - Prokol Protective Coatings\" \/>\n<meta property=\"og:description\" content=\"Reflektierende wei\u00dfe Dachbeschichtung\" \/>\n<meta property=\"og:url\" content=\"https:\/\/www.prokol.com\/de\/systemblaetter\/silikon-proflect-roofing\/\" \/>\n<meta property=\"og:site_name\" content=\"Prokol Protective Coatings\" \/>\n<meta property=\"article:modified_time\" content=\"2025-10-14T06:47:09+00:00\" \/>\n<meta property=\"og:image\" content=\"https:\/\/www.prokol.com\/wp-content\/uploads\/ProFlect_zonnepaneel-2-1030x940.png\" \/>\n\t<meta property=\"og:image:width\" content=\"1030\" \/>\n\t<meta property=\"og:image:height\" content=\"940\" \/>\n\t<meta property=\"og:image:type\" content=\"image\/png\" \/>\n<meta name=\"twitter:card\" content=\"summary_large_image\" \/>\n<meta name=\"twitter:label1\" content=\"Gesch\u00e4tzte Lesezeit\" \/>\n\t<meta name=\"twitter:data1\" content=\"14\u00a0Minuten\" \/>\n<script type=\"application\/ld+json\" class=\"yoast-schema-graph\">{\"@context\":\"https:\/\/schema.org\",\"@graph\":[{\"@type\":\"WebPage\",\"@id\":\"https:\/\/www.prokol.com\/de\/systemblaetter\/silikon-proflect-roofing\/\",\"url\":\"https:\/\/www.prokol.com\/de\/systemblaetter\/silikon-proflect-roofing\/\",\"name\":\"Silikon | ProFlect Roofing - Prokol Protective Coatings\",\"isPartOf\":{\"@id\":\"https:\/\/www.prokol.com\/de\/#website\"},\"primaryImageOfPage\":{\"@id\":\"https:\/\/www.prokol.com\/de\/systemblaetter\/silikon-proflect-roofing\/#primaryimage\"},\"image\":{\"@id\":\"https:\/\/www.prokol.com\/de\/systemblaetter\/silikon-proflect-roofing\/#primaryimage\"},\"thumbnailUrl\":\"https:\/\/www.prokol.com\/wp-content\/uploads\/ProFlect_zonnepaneel-2.png\",\"datePublished\":\"2024-10-08T14:23:18+00:00\",\"dateModified\":\"2025-10-14T06:47:09+00:00\",\"breadcrumb\":{\"@id\":\"https:\/\/www.prokol.com\/de\/systemblaetter\/silikon-proflect-roofing\/#breadcrumb\"},\"inLanguage\":\"de\",\"potentialAction\":[{\"@type\":\"ReadAction\",\"target\":[\"https:\/\/www.prokol.com\/de\/systemblaetter\/silikon-proflect-roofing\/\"]}]},{\"@type\":\"ImageObject\",\"inLanguage\":\"de\",\"@id\":\"https:\/\/www.prokol.com\/de\/systemblaetter\/silikon-proflect-roofing\/#primaryimage\",\"url\":\"https:\/\/www.prokol.com\/wp-content\/uploads\/ProFlect_zonnepaneel-2.png\",\"contentUrl\":\"https:\/\/www.prokol.com\/wp-content\/uploads\/ProFlect_zonnepaneel-2.png\",\"width\":2717,\"height\":2480},{\"@type\":\"BreadcrumbList\",\"@id\":\"https:\/\/www.prokol.com\/de\/systemblaetter\/silikon-proflect-roofing\/#breadcrumb\",\"itemListElement\":[{\"@type\":\"ListItem\",\"position\":1,\"name\":\"Home\",\"item\":\"https:\/\/www.prokol.com\/de\/prokol-home-de\/\"},{\"@type\":\"ListItem\",\"position\":2,\"name\":\"Systembl\u00e4tter\",\"item\":\"https:\/\/www.prokol.com\/de\/systemblaetter\/\"},{\"@type\":\"ListItem\",\"position\":3,\"name\":\"Silikon | ProFlect Roofing\"}]},{\"@type\":\"WebSite\",\"@id\":\"https:\/\/www.prokol.com\/de\/#website\",\"url\":\"https:\/\/www.prokol.com\/de\/\",\"name\":\"Prokol Protective Coatings\",\"description\":\"POLYUREA HOTSPRAY, GIETVLOEREN EN PARKEERGARAGE COATINGS, VLOEIBARE NAADLOZE KUNSTSTOFFEN\",\"potentialAction\":[{\"@type\":\"SearchAction\",\"target\":{\"@type\":\"EntryPoint\",\"urlTemplate\":\"https:\/\/www.prokol.com\/de\/?s={search_term_string}\"},\"query-input\":{\"@type\":\"PropertyValueSpecification\",\"valueRequired\":true,\"valueName\":\"search_term_string\"}}],\"inLanguage\":\"de\"}]}<\/script>\n<!-- \/ Yoast SEO plugin. -->","yoast_head_json":{"title":"Silikon | ProFlect Roofing - Prokol Protective Coatings","robots":{"index":"index","follow":"follow","max-snippet":"max-snippet:-1","max-image-preview":"max-image-preview:large","max-video-preview":"max-video-preview:-1"},"canonical":"https:\/\/www.prokol.com\/de\/systemblaetter\/silikon-proflect-roofing\/","og_locale":"de_DE","og_type":"article","og_title":"Silikon | ProFlect Roofing - Prokol Protective Coatings","og_description":"Reflektierende wei\u00dfe Dachbeschichtung","og_url":"https:\/\/www.prokol.com\/de\/systemblaetter\/silikon-proflect-roofing\/","og_site_name":"Prokol Protective Coatings","article_modified_time":"2025-10-14T06:47:09+00:00","og_image":[{"width":1030,"height":940,"url":"https:\/\/www.prokol.com\/wp-content\/uploads\/ProFlect_zonnepaneel-2-1030x940.png","type":"image\/png"}],"twitter_card":"summary_large_image","twitter_misc":{"Gesch\u00e4tzte Lesezeit":"14\u00a0Minuten"},"schema":{"@context":"https:\/\/schema.org","@graph":[{"@type":"WebPage","@id":"https:\/\/www.prokol.com\/de\/systemblaetter\/silikon-proflect-roofing\/","url":"https:\/\/www.prokol.com\/de\/systemblaetter\/silikon-proflect-roofing\/","name":"Silikon | ProFlect Roofing - Prokol Protective Coatings","isPartOf":{"@id":"https:\/\/www.prokol.com\/de\/#website"},"primaryImageOfPage":{"@id":"https:\/\/www.prokol.com\/de\/systemblaetter\/silikon-proflect-roofing\/#primaryimage"},"image":{"@id":"https:\/\/www.prokol.com\/de\/systemblaetter\/silikon-proflect-roofing\/#primaryimage"},"thumbnailUrl":"https:\/\/www.prokol.com\/wp-content\/uploads\/ProFlect_zonnepaneel-2.png","datePublished":"2024-10-08T14:23:18+00:00","dateModified":"2025-10-14T06:47:09+00:00","breadcrumb":{"@id":"https:\/\/www.prokol.com\/de\/systemblaetter\/silikon-proflect-roofing\/#breadcrumb"},"inLanguage":"de","potentialAction":[{"@type":"ReadAction","target":["https:\/\/www.prokol.com\/de\/systemblaetter\/silikon-proflect-roofing\/"]}]},{"@type":"ImageObject","inLanguage":"de","@id":"https:\/\/www.prokol.com\/de\/systemblaetter\/silikon-proflect-roofing\/#primaryimage","url":"https:\/\/www.prokol.com\/wp-content\/uploads\/ProFlect_zonnepaneel-2.png","contentUrl":"https:\/\/www.prokol.com\/wp-content\/uploads\/ProFlect_zonnepaneel-2.png","width":2717,"height":2480},{"@type":"BreadcrumbList","@id":"https:\/\/www.prokol.com\/de\/systemblaetter\/silikon-proflect-roofing\/#breadcrumb","itemListElement":[{"@type":"ListItem","position":1,"name":"Home","item":"https:\/\/www.prokol.com\/de\/prokol-home-de\/"},{"@type":"ListItem","position":2,"name":"Systembl\u00e4tter","item":"https:\/\/www.prokol.com\/de\/systemblaetter\/"},{"@type":"ListItem","position":3,"name":"Silikon | ProFlect Roofing"}]},{"@type":"WebSite","@id":"https:\/\/www.prokol.com\/de\/#website","url":"https:\/\/www.prokol.com\/de\/","name":"Prokol Protective Coatings","description":"POLYUREA HOTSPRAY, GIETVLOEREN EN PARKEERGARAGE COATINGS, VLOEIBARE NAADLOZE KUNSTSTOFFEN","potentialAction":[{"@type":"SearchAction","target":{"@type":"EntryPoint","urlTemplate":"https:\/\/www.prokol.com\/de\/?s={search_term_string}"},"query-input":{"@type":"PropertyValueSpecification","valueRequired":true,"valueName":"search_term_string"}}],"inLanguage":"de"}]}},"_links":{"self":[{"href":"https:\/\/www.prokol.com\/de\/wp-json\/wp\/v2\/pages\/27196","targetHints":{"allow":["GET"]}}],"collection":[{"href":"https:\/\/www.prokol.com\/de\/wp-json\/wp\/v2\/pages"}],"about":[{"href":"https:\/\/www.prokol.com\/de\/wp-json\/wp\/v2\/types\/page"}],"author":[{"embeddable":true,"href":"https:\/\/www.prokol.com\/de\/wp-json\/wp\/v2\/users\/3"}],"replies":[{"embeddable":true,"href":"https:\/\/www.prokol.com\/de\/wp-json\/wp\/v2\/comments?post=27196"}],"version-history":[{"count":5,"href":"https:\/\/www.prokol.com\/de\/wp-json\/wp\/v2\/pages\/27196\/revisions"}],"predecessor-version":[{"id":28448,"href":"https:\/\/www.prokol.com\/de\/wp-json\/wp\/v2\/pages\/27196\/revisions\/28448"}],"up":[{"embeddable":true,"href":"https:\/\/www.prokol.com\/de\/wp-json\/wp\/v2\/pages\/19240"}],"wp:featuredmedia":[{"embeddable":true,"href":"https:\/\/www.prokol.com\/de\/wp-json\/wp\/v2\/media\/27154"}],"wp:attachment":[{"href":"https:\/\/www.prokol.com\/de\/wp-json\/wp\/v2\/media?parent=27196"}],"wp:term":[{"taxonomy":"post_tag","embeddable":true,"href":"https:\/\/www.prokol.com\/de\/wp-json\/wp\/v2\/tags?post=27196"}],"curies":[{"name":"wp","href":"https:\/\/api.w.org\/{rel}","templated":true}]}}